{"id":7075,"date":"2024-07-12T21:16:52","date_gmt":"2024-07-12T21:16:52","guid":{"rendered":"https:\/\/lapistaciclabili.it\/?post_type=product&#038;p=7075"},"modified":"2024-10-31T09:27:23","modified_gmt":"2024-10-31T15:27:23","slug":"canalizador-kayak-reflejante","status":"publish","type":"product","link":"https:\/\/lapistaciclabili.it\/es\/producto\/canalizador-kayak-reflejante\/","title":{"rendered":"Canalizador Kayak Reflejante"},"content":{"rendered":"<p style=\"font-weight: 400;\">Descubre el Canalizador Kayak, la soluci\u00f3n avanzada para una se\u00f1alizaci\u00f3n y delimitaci\u00f3n\u00a0 efectiva y segura en las ciclov\u00edas.<\/p>\n<p style=\"font-weight: 400;\">Nuestro canalizador kayak est\u00e1 dise\u00f1ado espec\u00edficamente para canalizar el flujo ciclista y mantener la seguridad en carriles confinados para ciclov\u00edas. Su objetivo es separar el tr\u00e1fico vehicular de las zonas ciclistas para mantener protegidos a los usuarios.<\/p>\n<p style=\"font-weight: 400;\">Fabricados en polietileno, ofrecen una resistencia como ning\u00fan otro. Disponible en colores verde o amarillo, con protecci\u00f3n UV que asegura una amplia durabilidad al desgaste por condiciones clim\u00e1ticas extremas; lo que, a su vez, garantiza que no se despintar\u00e1.<\/p>\n<p style=\"font-weight: 400;\">Con alta resistencia a atropellamientos y un dise\u00f1o antiderrapante, nuestros canalizadores protegen tanto a veh\u00edculos como a ciclistas. Los bordes redondeados y sin aristas aseguran que no exista riesgo de da\u00f1os a neum\u00e1ticos de bicicletas.<\/p>\n<p style=\"font-weight: 400;\">El canalizador Kayak cuenta con dos \u00e1reas de reflejantes, que mejoran la visibilidad y garantizan una se\u00f1alizaci\u00f3n clara y efectiva en cualquier entorno, su objetivo es guiar al ciclista en la direcci\u00f3n correcta.<\/p>\n<p style=\"font-weight: 400;\">Su instalaci\u00f3n es pr\u00e1ctica y econ\u00f3mica: cuenta con cuatro pernos que se enroscan al dispositivo lo que facilita su instalaci\u00f3n.<\/p>\n<p style=\"font-weight: 400;\">Este dispositivo tiene el tama\u00f1o ideal para delimitar ciclov\u00edas. Su tama\u00f1o impide el paso de veh\u00edculos motorizados en este espacio, mientras que no resulta invasivo para los ciclistas ni para el entorno urbano.<\/p>\n<p style=\"font-weight: 400;\">Este canalizador entrega una llamativa vista sin dejar de lado la seguridad que proporciona. Revisa el resto de nuestro <a href=\"https:\/\/lapistaciclabili.it\/productos-ciclovias\/\">cat\u00e1logo<\/a> y conoce todas las opciones disponibles para ti.<\/p>\n<p>Implementa el <strong>Canalizador Kayak<\/strong> y contribuye a la construcci\u00f3n de <a href=\"https:\/\/multisenal.com.mx\/blog\/infraestructura-y-equipamiento-ciclista-que-es\/\">caminos ciclistas<\/a> m\u00e1s seguros.<\/p>\n<p style=\"font-weight: 400;\"><strong>Medidas:<\/strong><\/p>\n<ul>\n<li>Largo: 70.0 cm<\/li>\n<li>Ancho: 20.0 cm.<\/li>\n<li>Altura: 6.8 cm.<\/li>\n<li>Colores: Verde, amarillo o negro.<\/li>\n<\/ul>\n","protected":false},"excerpt":{"rendered":"<p><strong>Nombre del Producto: Canalizador Kayak 700<\/strong><\/p>\n<p><strong>C\u00f3digo: CA-YAK-700R<\/strong><\/p>\n<table>\n<tbody>\n<tr>\n<td style=\"text-align: center;\"><strong>ESPA\u00d1OL<\/strong><\/td>\n<td style=\"text-align: center;\"><strong>INGL\u00c9S<\/strong><\/td>\n<td style=\"text-align: center;\"><strong>MODELO 3D<\/strong><\/td>\n<\/tr>\n<tr>\n<td><a href=\"https:\/\/multisenal.com.mx\/FichasTecnicas\/Canalizador-Kayak-CA-YAK-700R-ES.pdf\"><img decoding=\"async\" class=\"wp-image-5524 aligncenter\" src=\"https:\/\/lapistaciclabili.it\/wp-content\/uploads\/2024\/06\/img-pdf-ciclopistas.webp\" alt=\"\" width=\"49\" height=\"49\" \/><\/a><\/td>\n<td><a href=\"https:\/\/multisenal.com.mx\/FichasTecnicas\/Canalizador-Kayak-CA-YAK-700R-EN.pdf\"><img decoding=\"async\" class=\"wp-image-5524 aligncenter\" src=\"https:\/\/lapistaciclabili.it\/wp-content\/uploads\/2024\/06\/img-pdf-ciclopistas.webp\" alt=\"\" width=\"49\" height=\"49\" \/><\/a><\/td>\n<td><a href=\"https:\/\/lapistaciclabili.it\/renders\/canalizador-kayak-modelo-360\/\"><img decoding=\"async\" class=\"wp-image-5524 aligncenter\" src=\"https:\/\/lapistaciclabili.it\/wp-content\/uploads\/2024\/06\/img-modelo3D.webp\" alt=\"\" width=\"49\" height=\"49\" \/><\/a><\/td>\n<\/tr>\n<\/tbody>\n<\/table>\n","protected":false},"featured_media":7078,"comment_status":"open","ping_status":"closed","template":"","meta":[],"product_cat":[25,43],"product_tag":[],"class_list":{"0":"post-7075","1":"product","2":"type-product","3":"status-publish","4":"has-post-thumbnail","6":"product_cat-canalizadores","7":"product_cat-ciclopistas","9":"first","10":"instock","11":"shipping-taxable","12":"product-type-simple"},"yoast_head":"<!-- This site is optimized with the Yoast SEO Premium plugin v22.3 (Yoast SEO v23.0) - https:\/\/yoast.com\/wordpress\/plugins\/seo\/ -->\n<title>Canalizador Kayak Reflejante - lapistaciclabili.it<\/title>\n<meta name=\"description\" content=\"El canalizador Kayak representa una de las mejores opciones para delimitar ciclov\u00edas. Dise\u00f1o compacto y alta efectividad en todo momento.\" \/>\n<meta name=\"robots\" content=\"index, follow, max-snippet:-1, max-image-preview:large, max-video-preview:-1\" \/>\n<link rel=\"canonical\" href=\"https:\/\/lapistaciclabili.it\/es\/producto\/canalizador-kayak-reflejante\/\" \/>\n<meta property=\"og:locale\" content=\"es_ES\" \/>\n<meta property=\"og:type\" content=\"article\" \/>\n<meta property=\"og:title\" content=\"Canalizador Kayak Reflejante\" \/>\n<meta property=\"og:description\" content=\"El canalizador Kayak representa una de las mejores opciones para delimitar ciclov\u00edas. Dise\u00f1o compacto y alta efectividad en todo momento.\" \/>\n<meta property=\"og:url\" content=\"https:\/\/lapistaciclabili.it\/producto\/canalizador-kayak-reflejante\/\" \/>\n<meta property=\"og:site_name\" content=\"lapistaciclabili.it\" \/>\n<meta property=\"article:publisher\" content=\"https:\/\/www.facebook.com\/multisenal\/\" \/>\n<meta property=\"article:modified_time\" content=\"2024-10-31T15:27:23+00:00\" \/>\n<meta property=\"og:image\" content=\"https:\/\/lapistaciclabili.it\/wp-content\/uploads\/2024\/07\/Kayak-Reflejante-p.webp\" \/>\n\t<meta property=\"og:image:width\" content=\"1200\" \/>\n\t<meta property=\"og:image:height\" content=\"1200\" \/>\n\t<meta property=\"og:image:type\" content=\"image\/webp\" \/>\n<meta name=\"twitter:card\" content=\"summary_large_image\" \/>\n<meta name=\"twitter:site\" content=\"@multisenal\" \/>\n<meta name=\"twitter:label1\" content=\"Tiempo de lectura\" \/>\n\t<meta name=\"twitter:data1\" content=\"2 minutos\" \/>\n<script type=\"application\/ld+json\" class=\"yoast-schema-graph\">{\"@context\":\"https:\/\/schema.org\",\"@graph\":[{\"@type\":\"WebPage\",\"@id\":\"https:\/\/lapistaciclabili.it\/producto\/canalizador-kayak-reflejante\/\",\"url\":\"https:\/\/lapistaciclabili.it\/producto\/canalizador-kayak-reflejante\/\",\"name\":\"Canalizador Kayak Reflejante - lapistaciclabili.it\",\"isPartOf\":{\"@id\":\"https:\/\/lapistaciclabili.it\/#website\"},\"primaryImageOfPage\":{\"@id\":\"https:\/\/lapistaciclabili.it\/producto\/canalizador-kayak-reflejante\/#primaryimage\"},\"image\":{\"@id\":\"https:\/\/lapistaciclabili.it\/producto\/canalizador-kayak-reflejante\/#primaryimage\"},\"thumbnailUrl\":\"https:\/\/lapistaciclabili.it\/wp-content\/uploads\/2024\/07\/Kayak-Reflejante-p.webp\",\"datePublished\":\"2024-07-12T21:16:52+00:00\",\"dateModified\":\"2024-10-31T15:27:23+00:00\",\"description\":\"El canalizador Kayak representa una de las mejores opciones para delimitar ciclov\u00edas. Dise\u00f1o compacto y alta efectividad en todo momento.\",\"breadcrumb\":{\"@id\":\"https:\/\/lapistaciclabili.it\/producto\/canalizador-kayak-reflejante\/#breadcrumb\"},\"inLanguage\":\"es\",\"potentialAction\":[{\"@type\":\"ReadAction\",\"target\":[\"https:\/\/lapistaciclabili.it\/producto\/canalizador-kayak-reflejante\/\"]}]},{\"@type\":\"ImageObject\",\"inLanguage\":\"es\",\"@id\":\"https:\/\/lapistaciclabili.it\/producto\/canalizador-kayak-reflejante\/#primaryimage\",\"url\":\"https:\/\/lapistaciclabili.it\/wp-content\/uploads\/2024\/07\/Kayak-Reflejante-p.webp\",\"contentUrl\":\"https:\/\/lapistaciclabili.it\/wp-content\/uploads\/2024\/07\/Kayak-Reflejante-p.webp\",\"width\":1200,\"height\":1200},{\"@type\":\"BreadcrumbList\",\"@id\":\"https:\/\/lapistaciclabili.it\/producto\/canalizador-kayak-reflejante\/#breadcrumb\",\"itemListElement\":[{\"@type\":\"ListItem\",\"position\":1,\"name\":\"Inicio\",\"item\":\"https:\/\/lapistaciclabili.it\/\"},{\"@type\":\"ListItem\",\"position\":2,\"name\":\"Tienda\",\"item\":\"https:\/\/lapistaciclabili.it\/tienda\/\"},{\"@type\":\"ListItem\",\"position\":3,\"name\":\"Canalizador Kayak Reflejante\"}]},{\"@type\":\"WebSite\",\"@id\":\"https:\/\/lapistaciclabili.it\/#website\",\"url\":\"https:\/\/lapistaciclabili.it\/\",\"name\":\"lapistaciclabili.it\",\"description\":\"\",\"publisher\":{\"@id\":\"https:\/\/lapistaciclabili.it\/#organization\"},\"potentialAction\":[{\"@type\":\"SearchAction\",\"target\":{\"@type\":\"EntryPoint\",\"urlTemplate\":\"https:\/\/lapistaciclabili.it\/?s={search_term_string}\"},\"query-input\":\"required name=search_term_string\"}],\"inLanguage\":\"es\"},{\"@type\":\"Organization\",\"@id\":\"https:\/\/lapistaciclabili.it\/#organization\",\"name\":\"lapistaciclabili.it\",\"url\":\"https:\/\/lapistaciclabili.it\/\",\"logo\":{\"@type\":\"ImageObject\",\"inLanguage\":\"es\",\"@id\":\"https:\/\/lapistaciclabili.it\/#\/schema\/logo\/image\/\",\"url\":\"https:\/\/lapistaciclabili.it\/wp-content\/uploads\/2024\/06\/lapistaciclabili.it_-1.png\",\"contentUrl\":\"https:\/\/lapistaciclabili.it\/wp-content\/uploads\/2024\/06\/lapistaciclabili.it_-1.png\",\"width\":768,\"height\":220,\"caption\":\"lapistaciclabili.it\"},\"image\":{\"@id\":\"https:\/\/lapistaciclabili.it\/#\/schema\/logo\/image\/\"},\"sameAs\":[\"https:\/\/www.facebook.com\/multisenal\/\",\"https:\/\/x.com\/multisenal\",\"https:\/\/www.instagram.com\/multisenalmx\/\",\"https:\/\/www.linkedin.com\/company\/multisenalmexico\/\",\"https:\/\/www.youtube.com\/@multisenaloficial\"]}]}<\/script>\n<!-- \/ Yoast SEO Premium plugin. -->","yoast_head_json":{"title":"Canalizador Kayak Reflejante - lapistaciclabili.it","description":"El canalizador Kayak representa una de las mejores opciones para delimitar ciclov\u00edas. Dise\u00f1o compacto y alta efectividad en todo momento.","robots":{"index":"index","follow":"follow","max-snippet":"max-snippet:-1","max-image-preview":"max-image-preview:large","max-video-preview":"max-video-preview:-1"},"canonical":"https:\/\/lapistaciclabili.it\/es\/producto\/canalizador-kayak-reflejante\/","og_locale":"es_ES","og_type":"article","og_title":"Canalizador Kayak Reflejante","og_description":"El canalizador Kayak representa una de las mejores opciones para delimitar ciclov\u00edas. Dise\u00f1o compacto y alta efectividad en todo momento.","og_url":"https:\/\/lapistaciclabili.it\/producto\/canalizador-kayak-reflejante\/","og_site_name":"lapistaciclabili.it","article_publisher":"https:\/\/www.facebook.com\/multisenal\/","article_modified_time":"2024-10-31T15:27:23+00:00","og_image":[{"width":1200,"height":1200,"url":"https:\/\/lapistaciclabili.it\/wp-content\/uploads\/2024\/07\/Kayak-Reflejante-p.webp","type":"image\/webp"}],"twitter_card":"summary_large_image","twitter_site":"@multisenal","twitter_misc":{"Tiempo de lectura":"2 minutos"},"schema":{"@context":"https:\/\/schema.org","@graph":[{"@type":"WebPage","@id":"https:\/\/lapistaciclabili.it\/producto\/canalizador-kayak-reflejante\/","url":"https:\/\/lapistaciclabili.it\/producto\/canalizador-kayak-reflejante\/","name":"Canalizador Kayak Reflejante - lapistaciclabili.it","isPartOf":{"@id":"https:\/\/lapistaciclabili.it\/#website"},"primaryImageOfPage":{"@id":"https:\/\/lapistaciclabili.it\/producto\/canalizador-kayak-reflejante\/#primaryimage"},"image":{"@id":"https:\/\/lapistaciclabili.it\/producto\/canalizador-kayak-reflejante\/#primaryimage"},"thumbnailUrl":"https:\/\/lapistaciclabili.it\/wp-content\/uploads\/2024\/07\/Kayak-Reflejante-p.webp","datePublished":"2024-07-12T21:16:52+00:00","dateModified":"2024-10-31T15:27:23+00:00","description":"El canalizador Kayak representa una de las mejores opciones para delimitar ciclov\u00edas. Dise\u00f1o compacto y alta efectividad en todo momento.","breadcrumb":{"@id":"https:\/\/lapistaciclabili.it\/producto\/canalizador-kayak-reflejante\/#breadcrumb"},"inLanguage":"es","potentialAction":[{"@type":"ReadAction","target":["https:\/\/lapistaciclabili.it\/producto\/canalizador-kayak-reflejante\/"]}]},{"@type":"ImageObject","inLanguage":"es","@id":"https:\/\/lapistaciclabili.it\/producto\/canalizador-kayak-reflejante\/#primaryimage","url":"https:\/\/lapistaciclabili.it\/wp-content\/uploads\/2024\/07\/Kayak-Reflejante-p.webp","contentUrl":"https:\/\/lapistaciclabili.it\/wp-content\/uploads\/2024\/07\/Kayak-Reflejante-p.webp","width":1200,"height":1200},{"@type":"BreadcrumbList","@id":"https:\/\/lapistaciclabili.it\/producto\/canalizador-kayak-reflejante\/#breadcrumb","itemListElement":[{"@type":"ListItem","position":1,"name":"Inicio","item":"https:\/\/lapistaciclabili.it\/"},{"@type":"ListItem","position":2,"name":"Tienda","item":"https:\/\/lapistaciclabili.it\/tienda\/"},{"@type":"ListItem","position":3,"name":"Canalizador Kayak Reflejante"}]},{"@type":"WebSite","@id":"https:\/\/lapistaciclabili.it\/#website","url":"https:\/\/lapistaciclabili.it\/","name":"lapistaciclabili.it","description":"","publisher":{"@id":"https:\/\/lapistaciclabili.it\/#organization"},"potentialAction":[{"@type":"SearchAction","target":{"@type":"EntryPoint","urlTemplate":"https:\/\/lapistaciclabili.it\/?s={search_term_string}"},"query-input":"required name=search_term_string"}],"inLanguage":"es"},{"@type":"Organization","@id":"https:\/\/lapistaciclabili.it\/#organization","name":"lapistaciclabili.it","url":"https:\/\/lapistaciclabili.it\/","logo":{"@type":"ImageObject","inLanguage":"es","@id":"https:\/\/lapistaciclabili.it\/#\/schema\/logo\/image\/","url":"https:\/\/lapistaciclabili.it\/wp-content\/uploads\/2024\/06\/lapistaciclabili.it_-1.png","contentUrl":"https:\/\/lapistaciclabili.it\/wp-content\/uploads\/2024\/06\/lapistaciclabili.it_-1.png","width":768,"height":220,"caption":"lapistaciclabili.it"},"image":{"@id":"https:\/\/lapistaciclabili.it\/#\/schema\/logo\/image\/"},"sameAs":["https:\/\/www.facebook.com\/multisenal\/","https:\/\/x.com\/multisenal","https:\/\/www.instagram.com\/multisenalmx\/","https:\/\/www.linkedin.com\/company\/multisenalmexico\/","https:\/\/www.youtube.com\/@multisenaloficial"]}]}},"_links":{"self":[{"href":"https:\/\/lapistaciclabili.it\/es\/wp-json\/wp\/v2\/product\/7075","targetHints":{"allow":["GET"]}}],"collection":[{"href":"https:\/\/lapistaciclabili.it\/es\/wp-json\/wp\/v2\/product"}],"about":[{"href":"https:\/\/lapistaciclabili.it\/es\/wp-json\/wp\/v2\/types\/product"}],"replies":[{"embeddable":true,"href":"https:\/\/lapistaciclabili.it\/es\/wp-json\/wp\/v2\/comments?post=7075"}],"wp:featuredmedia":[{"embeddable":true,"href":"https:\/\/lapistaciclabili.it\/es\/wp-json\/wp\/v2\/media\/7078"}],"wp:attachment":[{"href":"https:\/\/lapistaciclabili.it\/es\/wp-json\/wp\/v2\/media?parent=7075"}],"wp:term":[{"taxonomy":"product_cat","embeddable":true,"href":"https:\/\/lapistaciclabili.it\/es\/wp-json\/wp\/v2\/product_cat?post=7075"},{"taxonomy":"product_tag","embeddable":true,"href":"https:\/\/lapistaciclabili.it\/es\/wp-json\/wp\/v2\/product_tag?post=7075"}],"curies":[{"name":"wp","href":"https:\/\/api.w.org\/{rel}","templated":true}]}}