{"id":6277,"date":"2024-06-29T21:00:38","date_gmt":"2024-06-29T21:00:38","guid":{"rendered":"https:\/\/lapistaciclabili.it\/?post_type=product&#038;p=6277"},"modified":"2024-08-15T23:32:23","modified_gmt":"2024-08-15T23:32:23","slug":"boya-solar-soterrada","status":"publish","type":"product","link":"https:\/\/lapistaciclabili.it\/es\/producto\/boya-solar-soterrada\/","title":{"rendered":"Boya Solar Soterrada"},"content":{"rendered":"<p style=\"font-weight: 400;\">Descubre la revoluci\u00f3n en ciclopistas con una nueva manera de iluminar y canalizar ciclov\u00edas con la nueva Boya Solar Soterrada, dise\u00f1ada para garantizar tu seguridad en carriles ciclistas y las <a href=\"https:\/\/normas.imt.mx\/normativa\/N-CMT-5-04-13.pdf\">v\u00edas p\u00fablicas<\/a>.<\/p>\n<p style=\"font-weight: 400;\">Con un cuerpo indeformable y resistente a la abrasi\u00f3n, la Boya Solar Soterrada est\u00e1 construida para durar, manteniendo su integridad ante golpes e impactos severos. Su alta visibilidad, tanto de d\u00eda como de noche, gracias a su tama\u00f1o y colores brillantes, asegura que siempre ser\u00e1 visible para los conductores de bicicletas, mejorando la seguridad en cualquier condici\u00f3n clim\u00e1tica, de d\u00eda o de noche.<\/p>\n<p style=\"font-weight: 400;\">Fabricadas con materiales de primera calidad, como ABS amarillo y policarbonato transparente, estas boyas se adaptan perfectamente a cualquier tipo de pavimento, proporcionando una instalaci\u00f3n sencilla y eficiente con pegamento ep\u00f3xico.<\/p>\n<p style=\"font-weight: 400;\">Su esfera incolora y transparente maximiza la reflexi\u00f3n de la luz, garantizando una visibilidad \u00f3ptima desde cualquier \u00e1ngulo de observaci\u00f3n.<\/p>\n<p style=\"font-weight: 400;\">Equipadas con la m\u00e1s avanzada tecnolog\u00eda de iluminaci\u00f3n, las Boyas Solares Soterradas son alimentadas por una celda solar, emitiendo luz intermitente en color rojo.<\/p>\n<p style=\"font-weight: 400;\">Entre sus caracter\u00edsticas m\u00e1s destacadas, est\u00e1 su sistema de sincronizaci\u00f3n JVM, lo que permite que su sistema de iluminaci\u00f3n intermitente se sincronice con otras boyas. De esta manera, todas emitir\u00e1n su destello al mismo tiempo, otorgando una mejor gu\u00eda al ciclista.<\/p>\n<p style=\"font-weight: 400;\">\u00a1No esperes m\u00e1s para mejorar la seguridad en tus proyectos viales! Conf\u00eda en la Boya Solar Soterrada para una se\u00f1alizaci\u00f3n efectiva y confiable.<\/p>\n<p style=\"font-weight: 400;\">Eleva el est\u00e1ndar de seguridad vial con tecnolog\u00eda que marca la diferencia. Revisa el <a href=\"https:\/\/lapistaciclabili.it\/productos-ciclovias\/\">cat\u00e1logo<\/a> con todos nuestros productos viales destinados a ciclopistas.<\/p>\n<p style=\"font-weight: 400;\"><strong>Medidas:<\/strong><\/p>\n<p>Di\u00e1metro: 10.0 cm.<br \/>\nAlto: 5.3 cm.<br \/>\nColor: amarillo.<\/p>\n","protected":false},"excerpt":{"rendered":"<p><strong>Nombre del producto: Boya solar soterrada<\/strong><\/p>\n<p><strong>C\u00f3digo: BA-101<\/strong><\/p>\n<table>\n<tbody>\n<tr>\n<td style=\"text-align: center;\"><strong>ESPA\u00d1OL<\/strong><\/td>\n<td style=\"text-align: center;\"><strong>INGL\u00c9S<\/strong><\/td>\n<\/tr>\n<tr>\n<td><a href=\"https:\/\/multisenal.com.mx\/FichasTecnicas\/Boya-BA-101-SOLAR-ES.pdf\"><img decoding=\"async\" class=\"wp-image-5524 aligncenter\" src=\"https:\/\/lapistaciclabili.it\/wp-content\/uploads\/2024\/06\/img-pdf-ciclopistas.webp\" alt=\"\" width=\"49\" height=\"49\" \/><\/a><\/td>\n<td><a href=\"https:\/\/multisenal.com.mx\/FichasTecnicas\/BOYA-BA101-EN.pdf\"><img decoding=\"async\" class=\"wp-image-5524 aligncenter\" src=\"https:\/\/lapistaciclabili.it\/wp-content\/uploads\/2024\/06\/img-pdf-ciclopistas.webp\" alt=\"\" width=\"49\" height=\"49\" \/><\/a><\/td>\n<\/tr>\n<\/tbody>\n<\/table>\n","protected":false},"featured_media":10179,"comment_status":"open","ping_status":"closed","template":"","meta":[],"product_cat":[63],"product_tag":[],"class_list":{"0":"post-6277","1":"product","2":"type-product","3":"status-publish","4":"has-post-thumbnail","6":"product_cat-boyas","8":"first","9":"instock","10":"shipping-taxable","11":"product-type-simple"},"yoast_head":"<!-- This site is optimized with the Yoast SEO Premium plugin v22.3 (Yoast SEO v23.0) - https:\/\/yoast.com\/wordpress\/plugins\/seo\/ -->\n<title>Boya Solar Soterrada - lapistaciclabili.it<\/title>\n<meta name=\"description\" content=\"La Boya Solar Soterrada emite un amplio destello de luz led sincronizable con otros dispositivos. Excelente gu\u00eda para automovilistas y ciclistas\" \/>\n<meta name=\"robots\" content=\"index, follow, max-snippet:-1, max-image-preview:large, max-video-preview:-1\" \/>\n<link rel=\"canonical\" href=\"https:\/\/lapistaciclabili.it\/es\/producto\/boya-solar-soterrada\/\" \/>\n<meta property=\"og:locale\" content=\"es_ES\" \/>\n<meta property=\"og:type\" content=\"article\" \/>\n<meta property=\"og:title\" content=\"Boya Solar Soterrada\" \/>\n<meta property=\"og:description\" content=\"La Boya Solar Soterrada emite un amplio destello de luz led sincronizable con otros dispositivos. Excelente gu\u00eda para automovilistas y ciclistas\" \/>\n<meta property=\"og:url\" content=\"https:\/\/lapistaciclabili.it\/producto\/boya-solar-soterrada\/\" \/>\n<meta property=\"og:site_name\" content=\"lapistaciclabili.it\" \/>\n<meta property=\"article:publisher\" content=\"https:\/\/www.facebook.com\/multisenal\/\" \/>\n<meta property=\"article:modified_time\" content=\"2024-08-15T23:32:23+00:00\" \/>\n<meta property=\"og:image\" content=\"https:\/\/lapistaciclabili.it\/wp-content\/uploads\/2024\/06\/Boya-Solar-Soterrada.webp\" \/>\n\t<meta property=\"og:image:width\" content=\"1200\" \/>\n\t<meta property=\"og:image:height\" content=\"1200\" \/>\n\t<meta property=\"og:image:type\" content=\"image\/webp\" \/>\n<meta name=\"twitter:card\" content=\"summary_large_image\" \/>\n<meta name=\"twitter:site\" content=\"@multisenal\" \/>\n<meta name=\"twitter:label1\" content=\"Tiempo de lectura\" \/>\n\t<meta name=\"twitter:data1\" content=\"2 minutos\" \/>\n<script type=\"application\/ld+json\" class=\"yoast-schema-graph\">{\"@context\":\"https:\/\/schema.org\",\"@graph\":[{\"@type\":\"WebPage\",\"@id\":\"https:\/\/lapistaciclabili.it\/producto\/boya-solar-soterrada\/\",\"url\":\"https:\/\/lapistaciclabili.it\/producto\/boya-solar-soterrada\/\",\"name\":\"Boya Solar Soterrada - lapistaciclabili.it\",\"isPartOf\":{\"@id\":\"https:\/\/lapistaciclabili.it\/#website\"},\"primaryImageOfPage\":{\"@id\":\"https:\/\/lapistaciclabili.it\/producto\/boya-solar-soterrada\/#primaryimage\"},\"image\":{\"@id\":\"https:\/\/lapistaciclabili.it\/producto\/boya-solar-soterrada\/#primaryimage\"},\"thumbnailUrl\":\"https:\/\/lapistaciclabili.it\/wp-content\/uploads\/2024\/06\/Boya-Solar-Soterrada.webp\",\"datePublished\":\"2024-06-29T21:00:38+00:00\",\"dateModified\":\"2024-08-15T23:32:23+00:00\",\"description\":\"La Boya Solar Soterrada emite un amplio destello de luz led sincronizable con otros dispositivos. Excelente gu\u00eda para automovilistas y ciclistas\",\"breadcrumb\":{\"@id\":\"https:\/\/lapistaciclabili.it\/producto\/boya-solar-soterrada\/#breadcrumb\"},\"inLanguage\":\"es\",\"potentialAction\":[{\"@type\":\"ReadAction\",\"target\":[\"https:\/\/lapistaciclabili.it\/producto\/boya-solar-soterrada\/\"]}]},{\"@type\":\"ImageObject\",\"inLanguage\":\"es\",\"@id\":\"https:\/\/lapistaciclabili.it\/producto\/boya-solar-soterrada\/#primaryimage\",\"url\":\"https:\/\/lapistaciclabili.it\/wp-content\/uploads\/2024\/06\/Boya-Solar-Soterrada.webp\",\"contentUrl\":\"https:\/\/lapistaciclabili.it\/wp-content\/uploads\/2024\/06\/Boya-Solar-Soterrada.webp\",\"width\":1200,\"height\":1200},{\"@type\":\"BreadcrumbList\",\"@id\":\"https:\/\/lapistaciclabili.it\/producto\/boya-solar-soterrada\/#breadcrumb\",\"itemListElement\":[{\"@type\":\"ListItem\",\"position\":1,\"name\":\"Inicio\",\"item\":\"https:\/\/lapistaciclabili.it\/\"},{\"@type\":\"ListItem\",\"position\":2,\"name\":\"Tienda\",\"item\":\"https:\/\/lapistaciclabili.it\/tienda\/\"},{\"@type\":\"ListItem\",\"position\":3,\"name\":\"Boya Solar Soterrada\"}]},{\"@type\":\"WebSite\",\"@id\":\"https:\/\/lapistaciclabili.it\/#website\",\"url\":\"https:\/\/lapistaciclabili.it\/\",\"name\":\"lapistaciclabili.it\",\"description\":\"\",\"publisher\":{\"@id\":\"https:\/\/lapistaciclabili.it\/#organization\"},\"potentialAction\":[{\"@type\":\"SearchAction\",\"target\":{\"@type\":\"EntryPoint\",\"urlTemplate\":\"https:\/\/lapistaciclabili.it\/?s={search_term_string}\"},\"query-input\":\"required name=search_term_string\"}],\"inLanguage\":\"es\"},{\"@type\":\"Organization\",\"@id\":\"https:\/\/lapistaciclabili.it\/#organization\",\"name\":\"lapistaciclabili.it\",\"url\":\"https:\/\/lapistaciclabili.it\/\",\"logo\":{\"@type\":\"ImageObject\",\"inLanguage\":\"es\",\"@id\":\"https:\/\/lapistaciclabili.it\/#\/schema\/logo\/image\/\",\"url\":\"https:\/\/lapistaciclabili.it\/wp-content\/uploads\/2024\/06\/lapistaciclabili.it_-1.png\",\"contentUrl\":\"https:\/\/lapistaciclabili.it\/wp-content\/uploads\/2024\/06\/lapistaciclabili.it_-1.png\",\"width\":768,\"height\":220,\"caption\":\"lapistaciclabili.it\"},\"image\":{\"@id\":\"https:\/\/lapistaciclabili.it\/#\/schema\/logo\/image\/\"},\"sameAs\":[\"https:\/\/www.facebook.com\/multisenal\/\",\"https:\/\/x.com\/multisenal\",\"https:\/\/www.instagram.com\/multisenalmx\/\",\"https:\/\/www.linkedin.com\/company\/multisenalmexico\/\",\"https:\/\/www.youtube.com\/@multisenaloficial\"]}]}<\/script>\n<!-- \/ Yoast SEO Premium plugin. -->","yoast_head_json":{"title":"Boya Solar Soterrada - lapistaciclabili.it","description":"La Boya Solar Soterrada emite un amplio destello de luz led sincronizable con otros dispositivos. Excelente gu\u00eda para automovilistas y ciclistas","robots":{"index":"index","follow":"follow","max-snippet":"max-snippet:-1","max-image-preview":"max-image-preview:large","max-video-preview":"max-video-preview:-1"},"canonical":"https:\/\/lapistaciclabili.it\/es\/producto\/boya-solar-soterrada\/","og_locale":"es_ES","og_type":"article","og_title":"Boya Solar Soterrada","og_description":"La Boya Solar Soterrada emite un amplio destello de luz led sincronizable con otros dispositivos. Excelente gu\u00eda para automovilistas y ciclistas","og_url":"https:\/\/lapistaciclabili.it\/producto\/boya-solar-soterrada\/","og_site_name":"lapistaciclabili.it","article_publisher":"https:\/\/www.facebook.com\/multisenal\/","article_modified_time":"2024-08-15T23:32:23+00:00","og_image":[{"width":1200,"height":1200,"url":"https:\/\/lapistaciclabili.it\/wp-content\/uploads\/2024\/06\/Boya-Solar-Soterrada.webp","type":"image\/webp"}],"twitter_card":"summary_large_image","twitter_site":"@multisenal","twitter_misc":{"Tiempo de lectura":"2 minutos"},"schema":{"@context":"https:\/\/schema.org","@graph":[{"@type":"WebPage","@id":"https:\/\/lapistaciclabili.it\/producto\/boya-solar-soterrada\/","url":"https:\/\/lapistaciclabili.it\/producto\/boya-solar-soterrada\/","name":"Boya Solar Soterrada - lapistaciclabili.it","isPartOf":{"@id":"https:\/\/lapistaciclabili.it\/#website"},"primaryImageOfPage":{"@id":"https:\/\/lapistaciclabili.it\/producto\/boya-solar-soterrada\/#primaryimage"},"image":{"@id":"https:\/\/lapistaciclabili.it\/producto\/boya-solar-soterrada\/#primaryimage"},"thumbnailUrl":"https:\/\/lapistaciclabili.it\/wp-content\/uploads\/2024\/06\/Boya-Solar-Soterrada.webp","datePublished":"2024-06-29T21:00:38+00:00","dateModified":"2024-08-15T23:32:23+00:00","description":"La Boya Solar Soterrada emite un amplio destello de luz led sincronizable con otros dispositivos. Excelente gu\u00eda para automovilistas y ciclistas","breadcrumb":{"@id":"https:\/\/lapistaciclabili.it\/producto\/boya-solar-soterrada\/#breadcrumb"},"inLanguage":"es","potentialAction":[{"@type":"ReadAction","target":["https:\/\/lapistaciclabili.it\/producto\/boya-solar-soterrada\/"]}]},{"@type":"ImageObject","inLanguage":"es","@id":"https:\/\/lapistaciclabili.it\/producto\/boya-solar-soterrada\/#primaryimage","url":"https:\/\/lapistaciclabili.it\/wp-content\/uploads\/2024\/06\/Boya-Solar-Soterrada.webp","contentUrl":"https:\/\/lapistaciclabili.it\/wp-content\/uploads\/2024\/06\/Boya-Solar-Soterrada.webp","width":1200,"height":1200},{"@type":"BreadcrumbList","@id":"https:\/\/lapistaciclabili.it\/producto\/boya-solar-soterrada\/#breadcrumb","itemListElement":[{"@type":"ListItem","position":1,"name":"Inicio","item":"https:\/\/lapistaciclabili.it\/"},{"@type":"ListItem","position":2,"name":"Tienda","item":"https:\/\/lapistaciclabili.it\/tienda\/"},{"@type":"ListItem","position":3,"name":"Boya Solar Soterrada"}]},{"@type":"WebSite","@id":"https:\/\/lapistaciclabili.it\/#website","url":"https:\/\/lapistaciclabili.it\/","name":"lapistaciclabili.it","description":"","publisher":{"@id":"https:\/\/lapistaciclabili.it\/#organization"},"potentialAction":[{"@type":"SearchAction","target":{"@type":"EntryPoint","urlTemplate":"https:\/\/lapistaciclabili.it\/?s={search_term_string}"},"query-input":"required name=search_term_string"}],"inLanguage":"es"},{"@type":"Organization","@id":"https:\/\/lapistaciclabili.it\/#organization","name":"lapistaciclabili.it","url":"https:\/\/lapistaciclabili.it\/","logo":{"@type":"ImageObject","inLanguage":"es","@id":"https:\/\/lapistaciclabili.it\/#\/schema\/logo\/image\/","url":"https:\/\/lapistaciclabili.it\/wp-content\/uploads\/2024\/06\/lapistaciclabili.it_-1.png","contentUrl":"https:\/\/lapistaciclabili.it\/wp-content\/uploads\/2024\/06\/lapistaciclabili.it_-1.png","width":768,"height":220,"caption":"lapistaciclabili.it"},"image":{"@id":"https:\/\/lapistaciclabili.it\/#\/schema\/logo\/image\/"},"sameAs":["https:\/\/www.facebook.com\/multisenal\/","https:\/\/x.com\/multisenal","https:\/\/www.instagram.com\/multisenalmx\/","https:\/\/www.linkedin.com\/company\/multisenalmexico\/","https:\/\/www.youtube.com\/@multisenaloficial"]}]}},"_links":{"self":[{"href":"https:\/\/lapistaciclabili.it\/es\/wp-json\/wp\/v2\/product\/6277","targetHints":{"allow":["GET"]}}],"collection":[{"href":"https:\/\/lapistaciclabili.it\/es\/wp-json\/wp\/v2\/product"}],"about":[{"href":"https:\/\/lapistaciclabili.it\/es\/wp-json\/wp\/v2\/types\/product"}],"replies":[{"embeddable":true,"href":"https:\/\/lapistaciclabili.it\/es\/wp-json\/wp\/v2\/comments?post=6277"}],"wp:featuredmedia":[{"embeddable":true,"href":"https:\/\/lapistaciclabili.it\/es\/wp-json\/wp\/v2\/media\/10179"}],"wp:attachment":[{"href":"https:\/\/lapistaciclabili.it\/es\/wp-json\/wp\/v2\/media?parent=6277"}],"wp:term":[{"taxonomy":"product_cat","embeddable":true,"href":"https:\/\/lapistaciclabili.it\/es\/wp-json\/wp\/v2\/product_cat?post=6277"},{"taxonomy":"product_tag","embeddable":true,"href":"https:\/\/lapistaciclabili.it\/es\/wp-json\/wp\/v2\/product_tag?post=6277"}],"curies":[{"name":"wp","href":"https:\/\/api.w.org\/{rel}","templated":true}]}}