{"id":6273,"date":"2024-06-29T20:00:22","date_gmt":"2024-06-29T20:00:22","guid":{"rendered":"https:\/\/lapistaciclabili.it\/?post_type=product&#038;p=6273"},"modified":"2024-08-15T23:25:00","modified_gmt":"2024-08-15T23:25:00","slug":"boya-multivista-solar","status":"publish","type":"product","link":"https:\/\/lapistaciclabili.it\/es\/producto\/boya-multivista-solar\/","title":{"rendered":"Boya Multivista Solar"},"content":{"rendered":"<p style=\"font-weight: 400;\">Descubre la innovaci\u00f3n en se\u00f1alizaci\u00f3n vial ciclista con la Boya Multivista Solar, tu aliada para optimizar la seguridad y fluidez en calles y avenidas urbanas que albergan ciclopistas.<\/p>\n<p style=\"font-weight: 400;\">Dise\u00f1ada para delimitar carriles de circulaci\u00f3n, \u00e1reas restringidas y reducir la velocidad de los veh\u00edculos, esta boya es imprescindible para demarcar las ciclopistas construidas en estas zonas. Proporciona mayor seguridad a los ciclistas y a los usuarios de veh\u00edculos no motorizados, tales como <a href=\"https:\/\/lapistaciclabili.it\/sin-categorizar\/patines-e-bikes-no-pueden-circular-en-avenidas-si-en-ciclovia\/\">e-bikes o scooters el\u00e9ctricos<\/a>.<\/p>\n<p style=\"font-weight: 400;\">Con su robusto cuerpo de ABS, resistente a la deformaci\u00f3n y los impactos, la Boya Multivista Solar garantiza una durabilidad excepcional en cualquier condici\u00f3n clim\u00e1tica.<\/p>\n<p style=\"font-weight: 400;\">Su dise\u00f1o incluye una esfera de iluminada con LEDs de \u00faltima generaci\u00f3n, que aseguran una visibilidad \u00f3ptima tanto de d\u00eda como de noche. Esto la convierte en una opci\u00f3n ideal para marcar carriles exclusivos para uso ciclista y <a href=\"https:\/\/lapistaciclabili.it\/productos-ciclovias\/\">separarlos del tr\u00e1nsito vehicular<\/a>.<\/p>\n<p style=\"font-weight: 400;\">La misma esfera est\u00e1 protegida por dos costillas laterales, teniendo mayor portecci\u00f3n contra los impactos o cargas pesadas.<\/p>\n<p style=\"font-weight: 400;\">La instalaci\u00f3n es r\u00e1pida y f\u00e1cil, adaptable a cualquier tipo de pavimento plano gracias a sus cuatro orificios de instalaci\u00f3n est\u00e1ndar de 1\/4&#8243;. Adem\u00e1s, no requiere mantenimiento y conserva su color original indefinidamente, proporcionando una soluci\u00f3n rentable a largo plazo.<\/p>\n<p style=\"font-weight: 400;\">Equipada con un sistema de iluminaci\u00f3n solar avanzado, la Boya Multivista Solar incorpora una celda solar que alimentan LEDs ultrabrillantes en color rojo, ofreciendo opciones de luz intermitente seg\u00fan las necesidades espec\u00edficas.<\/p>\n<p style=\"font-weight: 400;\">Conf\u00eda en la Boya Vial para una se\u00f1alizaci\u00f3n eficiente y confiable que marca la diferencia en cada ruta ciclista.<\/p>\n<p style=\"font-weight: 400;\">Mejora la seguridad de la <a href=\"https:\/\/multisenal.com.mx\/blog\/infraestructura-y-equipamiento-ciclista-que-es\/\">infraestructura ciclista<\/a> en tu ciudad y optimiza el tr\u00e1nsito con tecnolog\u00eda de punta dise\u00f1ada para proteger a todos los usuarios de la v\u00eda.<\/p>\n<p style=\"font-weight: 400;\"><strong>Medidas:<\/strong><\/p>\n<p>Largo: 19.4 cm.<br \/>\nAncho: 19.4 cm.<br \/>\nAlto: 7.5 cm<br \/>\nColor: amarillo.<br \/>\nLuz: \u00e1mbar<\/p>\n","protected":false},"excerpt":{"rendered":"<p><strong>Nombre del producto: Boya multivista solar<\/strong><\/p>\n<p><strong>C\u00f3digo: ERC-194-SOLAR<\/strong><\/p>\n<table>\n<tbody>\n<tr>\n<td style=\"text-align: center;\"><strong>ESPA\u00d1OL<\/strong><\/td>\n<td style=\"text-align: center;\"><strong>INGL\u00c9S<\/strong><\/td>\n<\/tr>\n<tr>\n<td><a href=\"https:\/\/multisenal.com.mx\/FichasTecnicas\/Boya-ERC-194-S-ES.pdf\"><img decoding=\"async\" class=\"wp-image-5524 aligncenter\" src=\"https:\/\/lapistaciclabili.it\/wp-content\/uploads\/2024\/06\/img-pdf-ciclopistas.webp\" alt=\"\" width=\"49\" height=\"49\" \/><\/a><\/td>\n<td><a href=\"https:\/\/multisenal.com.mx\/FichasTecnicas\/Boya-ERC-194-S-EN.pdf\"><img decoding=\"async\" class=\"wp-image-5524 aligncenter\" src=\"https:\/\/lapistaciclabili.it\/wp-content\/uploads\/2024\/06\/img-pdf-ciclopistas.webp\" alt=\"\" width=\"49\" height=\"49\" \/><\/a><\/td>\n<\/tr>\n<\/tbody>\n<\/table>\n","protected":false},"featured_media":10181,"comment_status":"open","ping_status":"closed","template":"","meta":[],"product_cat":[63],"product_tag":[],"class_list":{"0":"post-6273","1":"product","2":"type-product","3":"status-publish","4":"has-post-thumbnail","6":"product_cat-boyas","8":"first","9":"instock","10":"shipping-taxable","11":"product-type-simple"},"yoast_head":"<!-- This site is optimized with the Yoast SEO Premium plugin v22.3 (Yoast SEO v23.0) - https:\/\/yoast.com\/wordpress\/plugins\/seo\/ -->\n<title>Boya Multivista Solar - lapistaciclabili.it<\/title>\n<meta name=\"description\" content=\"La Boya Multivista Solar cuenta con tecnolog\u00eda LED MSD de \u00faltima generaci\u00f3n y sistema de sincronizaci\u00f3n JVM. Perfecta para ciclov\u00edas.\" \/>\n<meta name=\"robots\" content=\"index, follow, max-snippet:-1, max-image-preview:large, max-video-preview:-1\" \/>\n<link rel=\"canonical\" href=\"https:\/\/lapistaciclabili.it\/es\/producto\/boya-multivista-solar\/\" \/>\n<meta property=\"og:locale\" content=\"es_ES\" \/>\n<meta property=\"og:type\" content=\"article\" \/>\n<meta property=\"og:title\" content=\"Boya Multivista Solar\" \/>\n<meta property=\"og:description\" content=\"La Boya Multivista Solar cuenta con tecnolog\u00eda LED MSD de \u00faltima generaci\u00f3n y sistema de sincronizaci\u00f3n JVM. Perfecta para ciclov\u00edas.\" \/>\n<meta property=\"og:url\" content=\"https:\/\/lapistaciclabili.it\/producto\/boya-multivista-solar\/\" \/>\n<meta property=\"og:site_name\" content=\"lapistaciclabili.it\" \/>\n<meta property=\"article:publisher\" content=\"https:\/\/www.facebook.com\/multisenal\/\" \/>\n<meta property=\"article:modified_time\" content=\"2024-08-15T23:25:00+00:00\" \/>\n<meta property=\"og:image\" content=\"https:\/\/lapistaciclabili.it\/wp-content\/uploads\/2024\/06\/Boya-Multivista-Solar.webp\" \/>\n\t<meta property=\"og:image:width\" content=\"1200\" \/>\n\t<meta property=\"og:image:height\" content=\"1200\" \/>\n\t<meta property=\"og:image:type\" content=\"image\/webp\" \/>\n<meta name=\"twitter:card\" content=\"summary_large_image\" \/>\n<meta name=\"twitter:site\" content=\"@multisenal\" \/>\n<meta name=\"twitter:label1\" content=\"Tiempo de lectura\" \/>\n\t<meta name=\"twitter:data1\" content=\"2 minutos\" \/>\n<script type=\"application\/ld+json\" class=\"yoast-schema-graph\">{\"@context\":\"https:\/\/schema.org\",\"@graph\":[{\"@type\":\"WebPage\",\"@id\":\"https:\/\/lapistaciclabili.it\/producto\/boya-multivista-solar\/\",\"url\":\"https:\/\/lapistaciclabili.it\/producto\/boya-multivista-solar\/\",\"name\":\"Boya Multivista Solar - lapistaciclabili.it\",\"isPartOf\":{\"@id\":\"https:\/\/lapistaciclabili.it\/#website\"},\"primaryImageOfPage\":{\"@id\":\"https:\/\/lapistaciclabili.it\/producto\/boya-multivista-solar\/#primaryimage\"},\"image\":{\"@id\":\"https:\/\/lapistaciclabili.it\/producto\/boya-multivista-solar\/#primaryimage\"},\"thumbnailUrl\":\"https:\/\/lapistaciclabili.it\/wp-content\/uploads\/2024\/06\/Boya-Multivista-Solar.webp\",\"datePublished\":\"2024-06-29T20:00:22+00:00\",\"dateModified\":\"2024-08-15T23:25:00+00:00\",\"description\":\"La Boya Multivista Solar cuenta con tecnolog\u00eda LED MSD de \u00faltima generaci\u00f3n y sistema de sincronizaci\u00f3n JVM. Perfecta para ciclov\u00edas.\",\"breadcrumb\":{\"@id\":\"https:\/\/lapistaciclabili.it\/producto\/boya-multivista-solar\/#breadcrumb\"},\"inLanguage\":\"es\",\"potentialAction\":[{\"@type\":\"ReadAction\",\"target\":[\"https:\/\/lapistaciclabili.it\/producto\/boya-multivista-solar\/\"]}]},{\"@type\":\"ImageObject\",\"inLanguage\":\"es\",\"@id\":\"https:\/\/lapistaciclabili.it\/producto\/boya-multivista-solar\/#primaryimage\",\"url\":\"https:\/\/lapistaciclabili.it\/wp-content\/uploads\/2024\/06\/Boya-Multivista-Solar.webp\",\"contentUrl\":\"https:\/\/lapistaciclabili.it\/wp-content\/uploads\/2024\/06\/Boya-Multivista-Solar.webp\",\"width\":1200,\"height\":1200},{\"@type\":\"BreadcrumbList\",\"@id\":\"https:\/\/lapistaciclabili.it\/producto\/boya-multivista-solar\/#breadcrumb\",\"itemListElement\":[{\"@type\":\"ListItem\",\"position\":1,\"name\":\"Inicio\",\"item\":\"https:\/\/lapistaciclabili.it\/\"},{\"@type\":\"ListItem\",\"position\":2,\"name\":\"Tienda\",\"item\":\"https:\/\/lapistaciclabili.it\/tienda\/\"},{\"@type\":\"ListItem\",\"position\":3,\"name\":\"Boya Multivista Solar\"}]},{\"@type\":\"WebSite\",\"@id\":\"https:\/\/lapistaciclabili.it\/#website\",\"url\":\"https:\/\/lapistaciclabili.it\/\",\"name\":\"lapistaciclabili.it\",\"description\":\"\",\"publisher\":{\"@id\":\"https:\/\/lapistaciclabili.it\/#organization\"},\"potentialAction\":[{\"@type\":\"SearchAction\",\"target\":{\"@type\":\"EntryPoint\",\"urlTemplate\":\"https:\/\/lapistaciclabili.it\/?s={search_term_string}\"},\"query-input\":\"required name=search_term_string\"}],\"inLanguage\":\"es\"},{\"@type\":\"Organization\",\"@id\":\"https:\/\/lapistaciclabili.it\/#organization\",\"name\":\"lapistaciclabili.it\",\"url\":\"https:\/\/lapistaciclabili.it\/\",\"logo\":{\"@type\":\"ImageObject\",\"inLanguage\":\"es\",\"@id\":\"https:\/\/lapistaciclabili.it\/#\/schema\/logo\/image\/\",\"url\":\"https:\/\/lapistaciclabili.it\/wp-content\/uploads\/2024\/06\/lapistaciclabili.it_-1.png\",\"contentUrl\":\"https:\/\/lapistaciclabili.it\/wp-content\/uploads\/2024\/06\/lapistaciclabili.it_-1.png\",\"width\":768,\"height\":220,\"caption\":\"lapistaciclabili.it\"},\"image\":{\"@id\":\"https:\/\/lapistaciclabili.it\/#\/schema\/logo\/image\/\"},\"sameAs\":[\"https:\/\/www.facebook.com\/multisenal\/\",\"https:\/\/x.com\/multisenal\",\"https:\/\/www.instagram.com\/multisenalmx\/\",\"https:\/\/www.linkedin.com\/company\/multisenalmexico\/\",\"https:\/\/www.youtube.com\/@multisenaloficial\"]}]}<\/script>\n<!-- \/ Yoast SEO Premium plugin. -->","yoast_head_json":{"title":"Boya Multivista Solar - lapistaciclabili.it","description":"La Boya Multivista Solar cuenta con tecnolog\u00eda LED MSD de \u00faltima generaci\u00f3n y sistema de sincronizaci\u00f3n JVM. Perfecta para ciclov\u00edas.","robots":{"index":"index","follow":"follow","max-snippet":"max-snippet:-1","max-image-preview":"max-image-preview:large","max-video-preview":"max-video-preview:-1"},"canonical":"https:\/\/lapistaciclabili.it\/es\/producto\/boya-multivista-solar\/","og_locale":"es_ES","og_type":"article","og_title":"Boya Multivista Solar","og_description":"La Boya Multivista Solar cuenta con tecnolog\u00eda LED MSD de \u00faltima generaci\u00f3n y sistema de sincronizaci\u00f3n JVM. Perfecta para ciclov\u00edas.","og_url":"https:\/\/lapistaciclabili.it\/producto\/boya-multivista-solar\/","og_site_name":"lapistaciclabili.it","article_publisher":"https:\/\/www.facebook.com\/multisenal\/","article_modified_time":"2024-08-15T23:25:00+00:00","og_image":[{"width":1200,"height":1200,"url":"https:\/\/lapistaciclabili.it\/wp-content\/uploads\/2024\/06\/Boya-Multivista-Solar.webp","type":"image\/webp"}],"twitter_card":"summary_large_image","twitter_site":"@multisenal","twitter_misc":{"Tiempo de lectura":"2 minutos"},"schema":{"@context":"https:\/\/schema.org","@graph":[{"@type":"WebPage","@id":"https:\/\/lapistaciclabili.it\/producto\/boya-multivista-solar\/","url":"https:\/\/lapistaciclabili.it\/producto\/boya-multivista-solar\/","name":"Boya Multivista Solar - lapistaciclabili.it","isPartOf":{"@id":"https:\/\/lapistaciclabili.it\/#website"},"primaryImageOfPage":{"@id":"https:\/\/lapistaciclabili.it\/producto\/boya-multivista-solar\/#primaryimage"},"image":{"@id":"https:\/\/lapistaciclabili.it\/producto\/boya-multivista-solar\/#primaryimage"},"thumbnailUrl":"https:\/\/lapistaciclabili.it\/wp-content\/uploads\/2024\/06\/Boya-Multivista-Solar.webp","datePublished":"2024-06-29T20:00:22+00:00","dateModified":"2024-08-15T23:25:00+00:00","description":"La Boya Multivista Solar cuenta con tecnolog\u00eda LED MSD de \u00faltima generaci\u00f3n y sistema de sincronizaci\u00f3n JVM. Perfecta para ciclov\u00edas.","breadcrumb":{"@id":"https:\/\/lapistaciclabili.it\/producto\/boya-multivista-solar\/#breadcrumb"},"inLanguage":"es","potentialAction":[{"@type":"ReadAction","target":["https:\/\/lapistaciclabili.it\/producto\/boya-multivista-solar\/"]}]},{"@type":"ImageObject","inLanguage":"es","@id":"https:\/\/lapistaciclabili.it\/producto\/boya-multivista-solar\/#primaryimage","url":"https:\/\/lapistaciclabili.it\/wp-content\/uploads\/2024\/06\/Boya-Multivista-Solar.webp","contentUrl":"https:\/\/lapistaciclabili.it\/wp-content\/uploads\/2024\/06\/Boya-Multivista-Solar.webp","width":1200,"height":1200},{"@type":"BreadcrumbList","@id":"https:\/\/lapistaciclabili.it\/producto\/boya-multivista-solar\/#breadcrumb","itemListElement":[{"@type":"ListItem","position":1,"name":"Inicio","item":"https:\/\/lapistaciclabili.it\/"},{"@type":"ListItem","position":2,"name":"Tienda","item":"https:\/\/lapistaciclabili.it\/tienda\/"},{"@type":"ListItem","position":3,"name":"Boya Multivista Solar"}]},{"@type":"WebSite","@id":"https:\/\/lapistaciclabili.it\/#website","url":"https:\/\/lapistaciclabili.it\/","name":"lapistaciclabili.it","description":"","publisher":{"@id":"https:\/\/lapistaciclabili.it\/#organization"},"potentialAction":[{"@type":"SearchAction","target":{"@type":"EntryPoint","urlTemplate":"https:\/\/lapistaciclabili.it\/?s={search_term_string}"},"query-input":"required name=search_term_string"}],"inLanguage":"es"},{"@type":"Organization","@id":"https:\/\/lapistaciclabili.it\/#organization","name":"lapistaciclabili.it","url":"https:\/\/lapistaciclabili.it\/","logo":{"@type":"ImageObject","inLanguage":"es","@id":"https:\/\/lapistaciclabili.it\/#\/schema\/logo\/image\/","url":"https:\/\/lapistaciclabili.it\/wp-content\/uploads\/2024\/06\/lapistaciclabili.it_-1.png","contentUrl":"https:\/\/lapistaciclabili.it\/wp-content\/uploads\/2024\/06\/lapistaciclabili.it_-1.png","width":768,"height":220,"caption":"lapistaciclabili.it"},"image":{"@id":"https:\/\/lapistaciclabili.it\/#\/schema\/logo\/image\/"},"sameAs":["https:\/\/www.facebook.com\/multisenal\/","https:\/\/x.com\/multisenal","https:\/\/www.instagram.com\/multisenalmx\/","https:\/\/www.linkedin.com\/company\/multisenalmexico\/","https:\/\/www.youtube.com\/@multisenaloficial"]}]}},"_links":{"self":[{"href":"https:\/\/lapistaciclabili.it\/es\/wp-json\/wp\/v2\/product\/6273","targetHints":{"allow":["GET"]}}],"collection":[{"href":"https:\/\/lapistaciclabili.it\/es\/wp-json\/wp\/v2\/product"}],"about":[{"href":"https:\/\/lapistaciclabili.it\/es\/wp-json\/wp\/v2\/types\/product"}],"replies":[{"embeddable":true,"href":"https:\/\/lapistaciclabili.it\/es\/wp-json\/wp\/v2\/comments?post=6273"}],"wp:featuredmedia":[{"embeddable":true,"href":"https:\/\/lapistaciclabili.it\/es\/wp-json\/wp\/v2\/media\/10181"}],"wp:attachment":[{"href":"https:\/\/lapistaciclabili.it\/es\/wp-json\/wp\/v2\/media?parent=6273"}],"wp:term":[{"taxonomy":"product_cat","embeddable":true,"href":"https:\/\/lapistaciclabili.it\/es\/wp-json\/wp\/v2\/product_cat?post=6273"},{"taxonomy":"product_tag","embeddable":true,"href":"https:\/\/lapistaciclabili.it\/es\/wp-json\/wp\/v2\/product_tag?post=6273"}],"curies":[{"name":"wp","href":"https:\/\/api.w.org\/{rel}","templated":true}]}}