{"id":6269,"date":"2024-06-29T17:00:29","date_gmt":"2024-06-29T17:00:29","guid":{"rendered":"https:\/\/lapistaciclabili.it\/?post_type=product&#038;p=6269"},"modified":"2024-08-15T23:20:36","modified_gmt":"2024-08-15T23:20:36","slug":"boya-de-aluminio-180-solar","status":"publish","type":"product","link":"https:\/\/lapistaciclabili.it\/es\/producto\/boya-de-aluminio-180-solar\/","title":{"rendered":"Boya de Aluminio 180 Solar"},"content":{"rendered":"<p style=\"font-weight: 400;\">Descubre la innovaci\u00f3n definitiva en seguridad ciclista con la Boya de aluminio 180 solar. Dise\u00f1ada para ser tu aliada en las condiciones m\u00e1s adversas, esta boya redefine los est\u00e1ndares de seguridad en las <a href=\"https:\/\/lapistaciclabili.it\/productos-ciclovias\/\">ciclov\u00edas m\u00e1s modernas<\/a>.<\/p>\n<p style=\"font-weight: 400;\">Imagina un dispositivo resistente y duradero, capaz de destacar incluso en situaciones de poca visibilidad. Fabricada con acero inoxidable pulido al alto brillo, esta boya no solo es un ejemplo de ingenier\u00eda robusta, sino tambi\u00e9n de elegancia y funcionalidad. Su dise\u00f1o elegante y sin aristas minimiza el riesgo de da\u00f1os por impactos, asegurando una larga vida \u00fatil incluso en entornos exigentes.<\/p>\n<p style=\"font-weight: 400;\">La eficiencia de la Boya de aluminio 180 solar radica en su avanzado sistema de iluminaci\u00f3n LED. Equipada con dos LEDs de alta intensidad de color rojo, esta boya destella con potencia, alertando a conductores y peatones de la presencia cercana de alguna <a href=\"https:\/\/multisenal.com.mx\/blog\/infraestructura-y-equipamiento-ciclista-que-es\/\">infraestructura ciclista.<\/a><\/p>\n<p style=\"font-weight: 400;\">Adem\u00e1s, su esfera de cristal transparente garantiza una dispersi\u00f3n uniforme de la luz, maximizando su visibilidad en todas direcciones.<\/p>\n<p style=\"font-weight: 400;\">Lo mejor de todo es su sistema de alimentaci\u00f3n solar autorecargable. Gracias a una celda fotovoltaica con circuito inteligente ON\/OFF, la boya se activa autom\u00e1ticamente al anochecer y se apaga al amanecer, maximizando su eficiencia energ\u00e9tica.<\/p>\n<p style=\"font-weight: 400;\">Por si fuera poco, su sistema JVM consigue que la luz parpadeante de varias boyas juntas se sincronice. As\u00ed, se garantiza una mejor y m\u00e1s c\u00f3moda visibilidad.<\/p>\n<p style=\"font-weight: 400;\">No comprometas la seguridad en las ciclopistas y otros espacios exclusivos para ciclistas. Con esta boya, aseguras un tr\u00e1nsito eficiente en todo momento.<\/p>\n<p style=\"font-weight: 400;\">Descubre la tranquilidad de contar con la \u00faltima tecnolog\u00eda en seguridad vial. \u00a1No esperes m\u00e1s para mejorar la visibilidad tanto en el d\u00eda como en la noche!<\/p>\n<p style=\"font-weight: 400;\"><strong>Medidas:<\/strong><\/p>\n<p>Di\u00e1metro: 13.0 cm.<br \/>\nAlto: 4.5 cm.<br \/>\nLeds: rojo o \u00e1mbar<\/p>\n","protected":false},"excerpt":{"rendered":"<p><strong>Nombre del producto: Baya de aluminio 180 solar<\/strong><\/p>\n<p><strong>C\u00f3digo: BA-180-SOLAR<\/strong><\/p>\n<table>\n<tbody>\n<tr>\n<td style=\"text-align: center;\"><strong>ESPA\u00d1OL<\/strong><\/td>\n<td style=\"text-align: center;\"><strong>INGL\u00c9S<\/strong><\/td>\n<\/tr>\n<tr>\n<td><a href=\"https:\/\/multisenal.com.mx\/FichasTecnicas\/BoyaSolar-BA180-ES.pdf\"><img decoding=\"async\" class=\"wp-image-5524 aligncenter\" src=\"https:\/\/lapistaciclabili.it\/wp-content\/uploads\/2024\/06\/img-pdf-ciclopistas.webp\" alt=\"\" width=\"49\" height=\"49\" \/><\/a><\/td>\n<td><a href=\"https:\/\/multisenal.com.mx\/FichasTecnicas\/BoyaSolar-BA180-EN.pdf\"><img decoding=\"async\" class=\"wp-image-5524 aligncenter\" src=\"https:\/\/lapistaciclabili.it\/wp-content\/uploads\/2024\/06\/img-pdf-ciclopistas.webp\" alt=\"\" width=\"49\" height=\"49\" \/><\/a><\/td>\n<\/tr>\n<\/tbody>\n<\/table>\n","protected":false},"featured_media":10185,"comment_status":"open","ping_status":"closed","template":"","meta":[],"product_cat":[63],"product_tag":[],"class_list":{"0":"post-6269","1":"product","2":"type-product","3":"status-publish","4":"has-post-thumbnail","6":"product_cat-boyas","8":"first","9":"instock","10":"shipping-taxable","11":"product-type-simple"},"yoast_head":"<!-- This site is optimized with the Yoast SEO Premium plugin v22.3 (Yoast SEO v23.0) - https:\/\/yoast.com\/wordpress\/plugins\/seo\/ -->\n<title>Boya de Aluminio 180 Solar - lapistaciclabili.it<\/title>\n<meta name=\"description\" content=\"La Boya de aluminio 180 solar emite un destello de luz ideal para delimitar ciclov\u00edas. Fuerza, dise\u00f1o, elegancia y resistencia en un mismo producto.\" \/>\n<meta name=\"robots\" content=\"index, follow, max-snippet:-1, max-image-preview:large, max-video-preview:-1\" \/>\n<link rel=\"canonical\" href=\"https:\/\/lapistaciclabili.it\/es\/producto\/boya-de-aluminio-180-solar\/\" \/>\n<meta property=\"og:locale\" content=\"es_ES\" \/>\n<meta property=\"og:type\" content=\"article\" \/>\n<meta property=\"og:title\" content=\"Boya de Aluminio 180 Solar\" \/>\n<meta property=\"og:description\" content=\"La Boya de aluminio 180 solar emite un destello de luz ideal para delimitar ciclov\u00edas. Fuerza, dise\u00f1o, elegancia y resistencia en un mismo producto.\" \/>\n<meta property=\"og:url\" content=\"https:\/\/lapistaciclabili.it\/producto\/boya-de-aluminio-180-solar\/\" \/>\n<meta property=\"og:site_name\" content=\"lapistaciclabili.it\" \/>\n<meta property=\"article:publisher\" content=\"https:\/\/www.facebook.com\/multisenal\/\" \/>\n<meta property=\"article:modified_time\" content=\"2024-08-15T23:20:36+00:00\" \/>\n<meta property=\"og:image\" content=\"https:\/\/lapistaciclabili.it\/wp-content\/uploads\/2024\/06\/Boya-Aluminio-180-Solar.webp\" \/>\n\t<meta property=\"og:image:width\" content=\"1200\" \/>\n\t<meta property=\"og:image:height\" content=\"1200\" \/>\n\t<meta property=\"og:image:type\" content=\"image\/webp\" \/>\n<meta name=\"twitter:card\" content=\"summary_large_image\" \/>\n<meta name=\"twitter:site\" content=\"@multisenal\" \/>\n<meta name=\"twitter:label1\" content=\"Tiempo de lectura\" \/>\n\t<meta name=\"twitter:data1\" content=\"2 minutos\" \/>\n<script type=\"application\/ld+json\" class=\"yoast-schema-graph\">{\"@context\":\"https:\/\/schema.org\",\"@graph\":[{\"@type\":\"WebPage\",\"@id\":\"https:\/\/lapistaciclabili.it\/producto\/boya-de-aluminio-180-solar\/\",\"url\":\"https:\/\/lapistaciclabili.it\/producto\/boya-de-aluminio-180-solar\/\",\"name\":\"Boya de Aluminio 180 Solar - lapistaciclabili.it\",\"isPartOf\":{\"@id\":\"https:\/\/lapistaciclabili.it\/#website\"},\"primaryImageOfPage\":{\"@id\":\"https:\/\/lapistaciclabili.it\/producto\/boya-de-aluminio-180-solar\/#primaryimage\"},\"image\":{\"@id\":\"https:\/\/lapistaciclabili.it\/producto\/boya-de-aluminio-180-solar\/#primaryimage\"},\"thumbnailUrl\":\"https:\/\/lapistaciclabili.it\/wp-content\/uploads\/2024\/06\/Boya-Aluminio-180-Solar.webp\",\"datePublished\":\"2024-06-29T17:00:29+00:00\",\"dateModified\":\"2024-08-15T23:20:36+00:00\",\"description\":\"La Boya de aluminio 180 solar emite un destello de luz ideal para delimitar ciclov\u00edas. Fuerza, dise\u00f1o, elegancia y resistencia en un mismo producto.\",\"breadcrumb\":{\"@id\":\"https:\/\/lapistaciclabili.it\/producto\/boya-de-aluminio-180-solar\/#breadcrumb\"},\"inLanguage\":\"es\",\"potentialAction\":[{\"@type\":\"ReadAction\",\"target\":[\"https:\/\/lapistaciclabili.it\/producto\/boya-de-aluminio-180-solar\/\"]}]},{\"@type\":\"ImageObject\",\"inLanguage\":\"es\",\"@id\":\"https:\/\/lapistaciclabili.it\/producto\/boya-de-aluminio-180-solar\/#primaryimage\",\"url\":\"https:\/\/lapistaciclabili.it\/wp-content\/uploads\/2024\/06\/Boya-Aluminio-180-Solar.webp\",\"contentUrl\":\"https:\/\/lapistaciclabili.it\/wp-content\/uploads\/2024\/06\/Boya-Aluminio-180-Solar.webp\",\"width\":1200,\"height\":1200},{\"@type\":\"BreadcrumbList\",\"@id\":\"https:\/\/lapistaciclabili.it\/producto\/boya-de-aluminio-180-solar\/#breadcrumb\",\"itemListElement\":[{\"@type\":\"ListItem\",\"position\":1,\"name\":\"Inicio\",\"item\":\"https:\/\/lapistaciclabili.it\/\"},{\"@type\":\"ListItem\",\"position\":2,\"name\":\"Tienda\",\"item\":\"https:\/\/lapistaciclabili.it\/tienda\/\"},{\"@type\":\"ListItem\",\"position\":3,\"name\":\"Boya de Aluminio 180 Solar\"}]},{\"@type\":\"WebSite\",\"@id\":\"https:\/\/lapistaciclabili.it\/#website\",\"url\":\"https:\/\/lapistaciclabili.it\/\",\"name\":\"lapistaciclabili.it\",\"description\":\"\",\"publisher\":{\"@id\":\"https:\/\/lapistaciclabili.it\/#organization\"},\"potentialAction\":[{\"@type\":\"SearchAction\",\"target\":{\"@type\":\"EntryPoint\",\"urlTemplate\":\"https:\/\/lapistaciclabili.it\/?s={search_term_string}\"},\"query-input\":\"required name=search_term_string\"}],\"inLanguage\":\"es\"},{\"@type\":\"Organization\",\"@id\":\"https:\/\/lapistaciclabili.it\/#organization\",\"name\":\"lapistaciclabili.it\",\"url\":\"https:\/\/lapistaciclabili.it\/\",\"logo\":{\"@type\":\"ImageObject\",\"inLanguage\":\"es\",\"@id\":\"https:\/\/lapistaciclabili.it\/#\/schema\/logo\/image\/\",\"url\":\"https:\/\/lapistaciclabili.it\/wp-content\/uploads\/2024\/06\/lapistaciclabili.it_-1.png\",\"contentUrl\":\"https:\/\/lapistaciclabili.it\/wp-content\/uploads\/2024\/06\/lapistaciclabili.it_-1.png\",\"width\":768,\"height\":220,\"caption\":\"lapistaciclabili.it\"},\"image\":{\"@id\":\"https:\/\/lapistaciclabili.it\/#\/schema\/logo\/image\/\"},\"sameAs\":[\"https:\/\/www.facebook.com\/multisenal\/\",\"https:\/\/x.com\/multisenal\",\"https:\/\/www.instagram.com\/multisenalmx\/\",\"https:\/\/www.linkedin.com\/company\/multisenalmexico\/\",\"https:\/\/www.youtube.com\/@multisenaloficial\"]}]}<\/script>\n<!-- \/ Yoast SEO Premium plugin. -->","yoast_head_json":{"title":"Boya de Aluminio 180 Solar - lapistaciclabili.it","description":"La Boya de aluminio 180 solar emite un destello de luz ideal para delimitar ciclov\u00edas. Fuerza, dise\u00f1o, elegancia y resistencia en un mismo producto.","robots":{"index":"index","follow":"follow","max-snippet":"max-snippet:-1","max-image-preview":"max-image-preview:large","max-video-preview":"max-video-preview:-1"},"canonical":"https:\/\/lapistaciclabili.it\/es\/producto\/boya-de-aluminio-180-solar\/","og_locale":"es_ES","og_type":"article","og_title":"Boya de Aluminio 180 Solar","og_description":"La Boya de aluminio 180 solar emite un destello de luz ideal para delimitar ciclov\u00edas. Fuerza, dise\u00f1o, elegancia y resistencia en un mismo producto.","og_url":"https:\/\/lapistaciclabili.it\/producto\/boya-de-aluminio-180-solar\/","og_site_name":"lapistaciclabili.it","article_publisher":"https:\/\/www.facebook.com\/multisenal\/","article_modified_time":"2024-08-15T23:20:36+00:00","og_image":[{"width":1200,"height":1200,"url":"https:\/\/lapistaciclabili.it\/wp-content\/uploads\/2024\/06\/Boya-Aluminio-180-Solar.webp","type":"image\/webp"}],"twitter_card":"summary_large_image","twitter_site":"@multisenal","twitter_misc":{"Tiempo de lectura":"2 minutos"},"schema":{"@context":"https:\/\/schema.org","@graph":[{"@type":"WebPage","@id":"https:\/\/lapistaciclabili.it\/producto\/boya-de-aluminio-180-solar\/","url":"https:\/\/lapistaciclabili.it\/producto\/boya-de-aluminio-180-solar\/","name":"Boya de Aluminio 180 Solar - lapistaciclabili.it","isPartOf":{"@id":"https:\/\/lapistaciclabili.it\/#website"},"primaryImageOfPage":{"@id":"https:\/\/lapistaciclabili.it\/producto\/boya-de-aluminio-180-solar\/#primaryimage"},"image":{"@id":"https:\/\/lapistaciclabili.it\/producto\/boya-de-aluminio-180-solar\/#primaryimage"},"thumbnailUrl":"https:\/\/lapistaciclabili.it\/wp-content\/uploads\/2024\/06\/Boya-Aluminio-180-Solar.webp","datePublished":"2024-06-29T17:00:29+00:00","dateModified":"2024-08-15T23:20:36+00:00","description":"La Boya de aluminio 180 solar emite un destello de luz ideal para delimitar ciclov\u00edas. Fuerza, dise\u00f1o, elegancia y resistencia en un mismo producto.","breadcrumb":{"@id":"https:\/\/lapistaciclabili.it\/producto\/boya-de-aluminio-180-solar\/#breadcrumb"},"inLanguage":"es","potentialAction":[{"@type":"ReadAction","target":["https:\/\/lapistaciclabili.it\/producto\/boya-de-aluminio-180-solar\/"]}]},{"@type":"ImageObject","inLanguage":"es","@id":"https:\/\/lapistaciclabili.it\/producto\/boya-de-aluminio-180-solar\/#primaryimage","url":"https:\/\/lapistaciclabili.it\/wp-content\/uploads\/2024\/06\/Boya-Aluminio-180-Solar.webp","contentUrl":"https:\/\/lapistaciclabili.it\/wp-content\/uploads\/2024\/06\/Boya-Aluminio-180-Solar.webp","width":1200,"height":1200},{"@type":"BreadcrumbList","@id":"https:\/\/lapistaciclabili.it\/producto\/boya-de-aluminio-180-solar\/#breadcrumb","itemListElement":[{"@type":"ListItem","position":1,"name":"Inicio","item":"https:\/\/lapistaciclabili.it\/"},{"@type":"ListItem","position":2,"name":"Tienda","item":"https:\/\/lapistaciclabili.it\/tienda\/"},{"@type":"ListItem","position":3,"name":"Boya de Aluminio 180 Solar"}]},{"@type":"WebSite","@id":"https:\/\/lapistaciclabili.it\/#website","url":"https:\/\/lapistaciclabili.it\/","name":"lapistaciclabili.it","description":"","publisher":{"@id":"https:\/\/lapistaciclabili.it\/#organization"},"potentialAction":[{"@type":"SearchAction","target":{"@type":"EntryPoint","urlTemplate":"https:\/\/lapistaciclabili.it\/?s={search_term_string}"},"query-input":"required name=search_term_string"}],"inLanguage":"es"},{"@type":"Organization","@id":"https:\/\/lapistaciclabili.it\/#organization","name":"lapistaciclabili.it","url":"https:\/\/lapistaciclabili.it\/","logo":{"@type":"ImageObject","inLanguage":"es","@id":"https:\/\/lapistaciclabili.it\/#\/schema\/logo\/image\/","url":"https:\/\/lapistaciclabili.it\/wp-content\/uploads\/2024\/06\/lapistaciclabili.it_-1.png","contentUrl":"https:\/\/lapistaciclabili.it\/wp-content\/uploads\/2024\/06\/lapistaciclabili.it_-1.png","width":768,"height":220,"caption":"lapistaciclabili.it"},"image":{"@id":"https:\/\/lapistaciclabili.it\/#\/schema\/logo\/image\/"},"sameAs":["https:\/\/www.facebook.com\/multisenal\/","https:\/\/x.com\/multisenal","https:\/\/www.instagram.com\/multisenalmx\/","https:\/\/www.linkedin.com\/company\/multisenalmexico\/","https:\/\/www.youtube.com\/@multisenaloficial"]}]}},"_links":{"self":[{"href":"https:\/\/lapistaciclabili.it\/es\/wp-json\/wp\/v2\/product\/6269","targetHints":{"allow":["GET"]}}],"collection":[{"href":"https:\/\/lapistaciclabili.it\/es\/wp-json\/wp\/v2\/product"}],"about":[{"href":"https:\/\/lapistaciclabili.it\/es\/wp-json\/wp\/v2\/types\/product"}],"replies":[{"embeddable":true,"href":"https:\/\/lapistaciclabili.it\/es\/wp-json\/wp\/v2\/comments?post=6269"}],"wp:featuredmedia":[{"embeddable":true,"href":"https:\/\/lapistaciclabili.it\/es\/wp-json\/wp\/v2\/media\/10185"}],"wp:attachment":[{"href":"https:\/\/lapistaciclabili.it\/es\/wp-json\/wp\/v2\/media?parent=6269"}],"wp:term":[{"taxonomy":"product_cat","embeddable":true,"href":"https:\/\/lapistaciclabili.it\/es\/wp-json\/wp\/v2\/product_cat?post=6269"},{"taxonomy":"product_tag","embeddable":true,"href":"https:\/\/lapistaciclabili.it\/es\/wp-json\/wp\/v2\/product_tag?post=6269"}],"curies":[{"name":"wp","href":"https:\/\/api.w.org\/{rel}","templated":true}]}}