{"id":5664,"date":"2024-06-10T19:10:10","date_gmt":"2024-06-10T19:10:10","guid":{"rendered":"https:\/\/lapistaciclabili.it\/?post_type=product&#038;p=5664"},"modified":"2024-08-15T21:54:46","modified_gmt":"2024-08-15T21:54:46","slug":"ojo-de-gato-vial","status":"publish","type":"product","link":"https:\/\/lapistaciclabili.it\/es\/producto\/ojo-de-gato-vial\/","title":{"rendered":"Ojo de gato vial"},"content":{"rendered":"<p style=\"font-weight: 400;\">El Ojo de gato vial es la perfecta soluci\u00f3n para dotar a las <a href=\"https:\/\/multisenal.com.mx\/blog\/ciclovia-emergente-que-es\/\">ciclov\u00edas<\/a> de un toque sutil y elegante que delimite correctamente los carriles exlcusivos.<\/p>\n<p style=\"font-weight: 400;\"><strong>Se trata de un marcador vial innovador que ofrece:<\/strong><\/p>\n<ul>\n<li style=\"font-weight: 400;\">Visibilidad superior:\u00a0Gracias a sus esferas reflejantes de acr\u00edlico metalizadas,\u00a0el Ojo de gato vial ofrece una visibilidad excepcional incluso en condiciones de poca luz o lluvia.<\/li>\n<li style=\"font-weight: 400;\">Durabilidad extrema:\u00a0Fabricado en ABS de alta resistencia y con protecci\u00f3n UV,\u00a0resiste el paso de todo tipo de veh\u00edculos,\u00a0desde bicicletas hasta camiones de remolque,\u00a0sin romperse ni perder su forma.<\/li>\n<li style=\"font-weight: 400;\">Econom\u00eda y eficiencia:\u00a0No requiere mantenimiento ni pintura adicional.<\/li>\n<li style=\"font-weight: 400;\">Versatilidad:\u00a0Disponible en una amplia gama de colores (amarillo,\u00a0blanco,\u00a0azul,\u00a0rojo o verde) y con opciones de una o dos caras reflejantes,\u00a0el Ojo de gato vial se adapta a cualquier necesidad de se\u00f1alizaci\u00f3n vial.<\/li>\n<li style=\"font-weight: 400;\">Facilidad de instalaci\u00f3n:\u00a0Su dise\u00f1o simple y liviano permite una instalaci\u00f3n r\u00e1pida y sencilla sin necesidad de herramientas especiales.<\/li>\n<li style=\"font-weight: 400;\">Seguridad vial:\u00a0mejora la <a href=\"https:\/\/lapistaciclabili.it\/productos-ciclovias\/\">seguridad vial<\/a> al guiar a los ciclistas de manera clara y precisa, reduciendo el riesgo de accidentes.<\/li>\n<\/ul>\n<p style=\"font-weight: 400;\"><strong>Ideal para:<\/strong><\/p>\n<ul>\n<li style=\"font-weight: 400;\">Delimitar carriles de ciclov\u00edas: Uno o doble sentido.<\/li>\n<li style=\"font-weight: 400;\">Canalizar el tr\u00e1fico ciclista: En estacionamientos, zonas peatonales, cruces y \u00e1reas de maniobras.<\/li>\n<li style=\"font-weight: 400;\">Reducci\u00f3n de velocidad, cambio de direcci\u00f3n, etc.<\/li>\n<li style=\"font-weight: 400;\">Proteger a los usuarios de bicicletas: Delimitando zonas peatonales y pasos seguros.<\/li>\n<\/ul>\n<p style=\"font-weight: 400;\"><strong>Caracter\u00edsticas principales:<\/strong><\/p>\n<ul>\n<li style=\"font-weight: 400;\">Fabricados en ABS:\u00a0De alta resistencia y con protecci\u00f3n UV.<\/li>\n<li style=\"font-weight: 400;\">5 esferas reflejantes de acr\u00edlico metalizadas:\u00a0Para una visibilidad excepcional.<\/li>\n<li style=\"font-weight: 400;\">Opciones de una o dos caras reflejantes: Para adaptarse a cualquier tipo de ciclov\u00edas.<\/li>\n<li style=\"font-weight: 400;\">Resisten el paso de todo tipo de veh\u00edculos:\u00a0Desde bicicletas hasta camiones de remolque.<\/li>\n<li style=\"font-weight: 400;\">F\u00e1ciles de instalar:\u00a0Sin necesidad de herramientas especiales.<\/li>\n<li style=\"font-weight: 400;\">No requieren mantenimiento:\u00a0Una vez instalados,\u00a0no requieren pintura ni cuidados adicionales.<\/li>\n<\/ul>\n<p style=\"font-weight: 400;\"><strong>Medidas:<\/strong><\/p>\n<p>Di\u00e1metro: 10.0 cm.<br \/>\nAlto: 2.0 cm.<br \/>\nReflejante: Esferas de acr\u00edlico<br \/>\nEsferas reflejantes: blanco, \u00e1mbar, rojo, azul o verde.<\/p>\n","protected":false},"excerpt":{"rendered":"<p><strong>Nombre del producto: Bot\u00f3n Multivista<\/strong><\/p>\n<p><strong>C\u00f3digo: BT-MUL<\/strong><\/p>\n<table>\n<tbody>\n<tr>\n<td style=\"text-align: center;\"><strong>ESPA\u00d1OL<\/strong><\/td>\n<td style=\"text-align: center;\"><strong>INGL\u00c9S<\/strong><\/td>\n<td style=\"text-align: center;\"><strong>MODELO 3D<\/strong><\/td>\n<\/tr>\n<tr>\n<td><a href=\"https:\/\/multisenal.com.mx\/FichasTecnicas\/Boton-Vial-BT-MUL-ES.pdf\"><img decoding=\"async\" class=\"wp-image-5524 aligncenter\" src=\"https:\/\/lapistaciclabili.it\/wp-content\/uploads\/2024\/06\/img-pdf-ciclopistas.webp\" alt=\"\" width=\"49\" height=\"49\" \/><\/a><\/td>\n<td><a href=\"https:\/\/multisenal.com.mx\/FichasTecnicas\/Boton-Vial-BT-MUL-EN.pdf\"><img decoding=\"async\" class=\"wp-image-5524 aligncenter\" src=\"https:\/\/lapistaciclabili.it\/wp-content\/uploads\/2024\/06\/img-pdf-ciclopistas.webp\" alt=\"\" width=\"49\" height=\"49\" \/><\/a><\/td>\n<td><a href=\"https:\/\/lapistaciclabili.it\/renders\/boton-multivista-modelo-360\/\"><img decoding=\"async\" class=\"wp-image-5524 aligncenter\" src=\"https:\/\/lapistaciclabili.it\/wp-content\/uploads\/2024\/06\/img-modelo3D.webp\" alt=\"\" width=\"49\" height=\"49\" \/><\/a><\/td>\n<\/tr>\n<\/tbody>\n<\/table>\n","protected":false},"featured_media":4917,"comment_status":"open","ping_status":"closed","template":"","meta":[],"product_cat":[47],"product_tag":[],"class_list":{"0":"post-5664","1":"product","2":"type-product","3":"status-publish","4":"has-post-thumbnail","6":"product_cat-botones","8":"first","9":"instock","10":"shipping-taxable","11":"product-type-simple"},"yoast_head":"<!-- This site is optimized with the Yoast SEO Premium plugin v22.3 (Yoast SEO v23.0) - https:\/\/yoast.com\/wordpress\/plugins\/seo\/ -->\n<title>Ojo de gato vial - lapistaciclabili.it<\/title>\n<meta name=\"description\" content=\"El Ojo de gato vial es el dispositivo vial para delimitar carriles de forma sutil y elegante. No requiere de mantenimiento tras su instalaci\u00f3n.\" \/>\n<meta name=\"robots\" content=\"index, follow, max-snippet:-1, max-image-preview:large, max-video-preview:-1\" \/>\n<link rel=\"canonical\" href=\"https:\/\/lapistaciclabili.it\/es\/producto\/ojo-de-gato-vial\/\" \/>\n<meta property=\"og:locale\" content=\"es_ES\" \/>\n<meta property=\"og:type\" content=\"article\" \/>\n<meta property=\"og:title\" content=\"Ojo de gato vial\" \/>\n<meta property=\"og:description\" content=\"El Ojo de gato vial es el dispositivo vial para delimitar carriles de forma sutil y elegante. No requiere de mantenimiento tras su instalaci\u00f3n.\" \/>\n<meta property=\"og:url\" content=\"https:\/\/lapistaciclabili.it\/producto\/ojo-de-gato-vial\/\" \/>\n<meta property=\"og:site_name\" content=\"lapistaciclabili.it\" \/>\n<meta property=\"article:publisher\" content=\"https:\/\/www.facebook.com\/multisenal\/\" \/>\n<meta property=\"article:modified_time\" content=\"2024-08-15T21:54:46+00:00\" \/>\n<meta property=\"og:image\" content=\"https:\/\/lapistaciclabili.it\/wp-content\/uploads\/2023\/02\/Boton-Multivista.webp\" \/>\n\t<meta property=\"og:image:width\" content=\"1200\" \/>\n\t<meta property=\"og:image:height\" content=\"1200\" \/>\n\t<meta property=\"og:image:type\" content=\"image\/webp\" \/>\n<meta name=\"twitter:card\" content=\"summary_large_image\" \/>\n<meta name=\"twitter:site\" content=\"@multisenal\" \/>\n<meta name=\"twitter:label1\" content=\"Tiempo de lectura\" \/>\n\t<meta name=\"twitter:data1\" content=\"2 minutos\" \/>\n<script type=\"application\/ld+json\" class=\"yoast-schema-graph\">{\"@context\":\"https:\/\/schema.org\",\"@graph\":[{\"@type\":\"WebPage\",\"@id\":\"https:\/\/lapistaciclabili.it\/producto\/ojo-de-gato-vial\/\",\"url\":\"https:\/\/lapistaciclabili.it\/producto\/ojo-de-gato-vial\/\",\"name\":\"Ojo de gato vial - lapistaciclabili.it\",\"isPartOf\":{\"@id\":\"https:\/\/lapistaciclabili.it\/#website\"},\"primaryImageOfPage\":{\"@id\":\"https:\/\/lapistaciclabili.it\/producto\/ojo-de-gato-vial\/#primaryimage\"},\"image\":{\"@id\":\"https:\/\/lapistaciclabili.it\/producto\/ojo-de-gato-vial\/#primaryimage\"},\"thumbnailUrl\":\"https:\/\/lapistaciclabili.it\/wp-content\/uploads\/2023\/02\/Boton-Multivista.webp\",\"datePublished\":\"2024-06-10T19:10:10+00:00\",\"dateModified\":\"2024-08-15T21:54:46+00:00\",\"description\":\"El Ojo de gato vial es el dispositivo vial para delimitar carriles de forma sutil y elegante. No requiere de mantenimiento tras su instalaci\u00f3n.\",\"breadcrumb\":{\"@id\":\"https:\/\/lapistaciclabili.it\/producto\/ojo-de-gato-vial\/#breadcrumb\"},\"inLanguage\":\"es\",\"potentialAction\":[{\"@type\":\"ReadAction\",\"target\":[\"https:\/\/lapistaciclabili.it\/producto\/ojo-de-gato-vial\/\"]}]},{\"@type\":\"ImageObject\",\"inLanguage\":\"es\",\"@id\":\"https:\/\/lapistaciclabili.it\/producto\/ojo-de-gato-vial\/#primaryimage\",\"url\":\"https:\/\/lapistaciclabili.it\/wp-content\/uploads\/2023\/02\/Boton-Multivista.webp\",\"contentUrl\":\"https:\/\/lapistaciclabili.it\/wp-content\/uploads\/2023\/02\/Boton-Multivista.webp\",\"width\":1200,\"height\":1200,\"caption\":\"El Ojo de gato vial es el dispositivo vial para delimitar carriles de forma sutil y elegante. No requiere de mantenimiento tras su instalaci\u00f3n.\"},{\"@type\":\"BreadcrumbList\",\"@id\":\"https:\/\/lapistaciclabili.it\/producto\/ojo-de-gato-vial\/#breadcrumb\",\"itemListElement\":[{\"@type\":\"ListItem\",\"position\":1,\"name\":\"Inicio\",\"item\":\"https:\/\/lapistaciclabili.it\/\"},{\"@type\":\"ListItem\",\"position\":2,\"name\":\"Tienda\",\"item\":\"https:\/\/lapistaciclabili.it\/tienda\/\"},{\"@type\":\"ListItem\",\"position\":3,\"name\":\"Ojo de gato vial\"}]},{\"@type\":\"WebSite\",\"@id\":\"https:\/\/lapistaciclabili.it\/#website\",\"url\":\"https:\/\/lapistaciclabili.it\/\",\"name\":\"lapistaciclabili.it\",\"description\":\"\",\"publisher\":{\"@id\":\"https:\/\/lapistaciclabili.it\/#organization\"},\"potentialAction\":[{\"@type\":\"SearchAction\",\"target\":{\"@type\":\"EntryPoint\",\"urlTemplate\":\"https:\/\/lapistaciclabili.it\/?s={search_term_string}\"},\"query-input\":\"required name=search_term_string\"}],\"inLanguage\":\"es\"},{\"@type\":\"Organization\",\"@id\":\"https:\/\/lapistaciclabili.it\/#organization\",\"name\":\"lapistaciclabili.it\",\"url\":\"https:\/\/lapistaciclabili.it\/\",\"logo\":{\"@type\":\"ImageObject\",\"inLanguage\":\"es\",\"@id\":\"https:\/\/lapistaciclabili.it\/#\/schema\/logo\/image\/\",\"url\":\"https:\/\/lapistaciclabili.it\/wp-content\/uploads\/2024\/06\/lapistaciclabili.it_-1.png\",\"contentUrl\":\"https:\/\/lapistaciclabili.it\/wp-content\/uploads\/2024\/06\/lapistaciclabili.it_-1.png\",\"width\":768,\"height\":220,\"caption\":\"lapistaciclabili.it\"},\"image\":{\"@id\":\"https:\/\/lapistaciclabili.it\/#\/schema\/logo\/image\/\"},\"sameAs\":[\"https:\/\/www.facebook.com\/multisenal\/\",\"https:\/\/x.com\/multisenal\",\"https:\/\/www.instagram.com\/multisenalmx\/\",\"https:\/\/www.linkedin.com\/company\/multisenalmexico\/\",\"https:\/\/www.youtube.com\/@multisenaloficial\"]}]}<\/script>\n<!-- \/ Yoast SEO Premium plugin. -->","yoast_head_json":{"title":"Ojo de gato vial - lapistaciclabili.it","description":"El Ojo de gato vial es el dispositivo vial para delimitar carriles de forma sutil y elegante. No requiere de mantenimiento tras su instalaci\u00f3n.","robots":{"index":"index","follow":"follow","max-snippet":"max-snippet:-1","max-image-preview":"max-image-preview:large","max-video-preview":"max-video-preview:-1"},"canonical":"https:\/\/lapistaciclabili.it\/es\/producto\/ojo-de-gato-vial\/","og_locale":"es_ES","og_type":"article","og_title":"Ojo de gato vial","og_description":"El Ojo de gato vial es el dispositivo vial para delimitar carriles de forma sutil y elegante. No requiere de mantenimiento tras su instalaci\u00f3n.","og_url":"https:\/\/lapistaciclabili.it\/producto\/ojo-de-gato-vial\/","og_site_name":"lapistaciclabili.it","article_publisher":"https:\/\/www.facebook.com\/multisenal\/","article_modified_time":"2024-08-15T21:54:46+00:00","og_image":[{"width":1200,"height":1200,"url":"https:\/\/lapistaciclabili.it\/wp-content\/uploads\/2023\/02\/Boton-Multivista.webp","type":"image\/webp"}],"twitter_card":"summary_large_image","twitter_site":"@multisenal","twitter_misc":{"Tiempo de lectura":"2 minutos"},"schema":{"@context":"https:\/\/schema.org","@graph":[{"@type":"WebPage","@id":"https:\/\/lapistaciclabili.it\/producto\/ojo-de-gato-vial\/","url":"https:\/\/lapistaciclabili.it\/producto\/ojo-de-gato-vial\/","name":"Ojo de gato vial - lapistaciclabili.it","isPartOf":{"@id":"https:\/\/lapistaciclabili.it\/#website"},"primaryImageOfPage":{"@id":"https:\/\/lapistaciclabili.it\/producto\/ojo-de-gato-vial\/#primaryimage"},"image":{"@id":"https:\/\/lapistaciclabili.it\/producto\/ojo-de-gato-vial\/#primaryimage"},"thumbnailUrl":"https:\/\/lapistaciclabili.it\/wp-content\/uploads\/2023\/02\/Boton-Multivista.webp","datePublished":"2024-06-10T19:10:10+00:00","dateModified":"2024-08-15T21:54:46+00:00","description":"El Ojo de gato vial es el dispositivo vial para delimitar carriles de forma sutil y elegante. No requiere de mantenimiento tras su instalaci\u00f3n.","breadcrumb":{"@id":"https:\/\/lapistaciclabili.it\/producto\/ojo-de-gato-vial\/#breadcrumb"},"inLanguage":"es","potentialAction":[{"@type":"ReadAction","target":["https:\/\/lapistaciclabili.it\/producto\/ojo-de-gato-vial\/"]}]},{"@type":"ImageObject","inLanguage":"es","@id":"https:\/\/lapistaciclabili.it\/producto\/ojo-de-gato-vial\/#primaryimage","url":"https:\/\/lapistaciclabili.it\/wp-content\/uploads\/2023\/02\/Boton-Multivista.webp","contentUrl":"https:\/\/lapistaciclabili.it\/wp-content\/uploads\/2023\/02\/Boton-Multivista.webp","width":1200,"height":1200,"caption":"El Ojo de gato vial es el dispositivo vial para delimitar carriles de forma sutil y elegante. No requiere de mantenimiento tras su instalaci\u00f3n."},{"@type":"BreadcrumbList","@id":"https:\/\/lapistaciclabili.it\/producto\/ojo-de-gato-vial\/#breadcrumb","itemListElement":[{"@type":"ListItem","position":1,"name":"Inicio","item":"https:\/\/lapistaciclabili.it\/"},{"@type":"ListItem","position":2,"name":"Tienda","item":"https:\/\/lapistaciclabili.it\/tienda\/"},{"@type":"ListItem","position":3,"name":"Ojo de gato vial"}]},{"@type":"WebSite","@id":"https:\/\/lapistaciclabili.it\/#website","url":"https:\/\/lapistaciclabili.it\/","name":"lapistaciclabili.it","description":"","publisher":{"@id":"https:\/\/lapistaciclabili.it\/#organization"},"potentialAction":[{"@type":"SearchAction","target":{"@type":"EntryPoint","urlTemplate":"https:\/\/lapistaciclabili.it\/?s={search_term_string}"},"query-input":"required name=search_term_string"}],"inLanguage":"es"},{"@type":"Organization","@id":"https:\/\/lapistaciclabili.it\/#organization","name":"lapistaciclabili.it","url":"https:\/\/lapistaciclabili.it\/","logo":{"@type":"ImageObject","inLanguage":"es","@id":"https:\/\/lapistaciclabili.it\/#\/schema\/logo\/image\/","url":"https:\/\/lapistaciclabili.it\/wp-content\/uploads\/2024\/06\/lapistaciclabili.it_-1.png","contentUrl":"https:\/\/lapistaciclabili.it\/wp-content\/uploads\/2024\/06\/lapistaciclabili.it_-1.png","width":768,"height":220,"caption":"lapistaciclabili.it"},"image":{"@id":"https:\/\/lapistaciclabili.it\/#\/schema\/logo\/image\/"},"sameAs":["https:\/\/www.facebook.com\/multisenal\/","https:\/\/x.com\/multisenal","https:\/\/www.instagram.com\/multisenalmx\/","https:\/\/www.linkedin.com\/company\/multisenalmexico\/","https:\/\/www.youtube.com\/@multisenaloficial"]}]}},"_links":{"self":[{"href":"https:\/\/lapistaciclabili.it\/es\/wp-json\/wp\/v2\/product\/5664","targetHints":{"allow":["GET"]}}],"collection":[{"href":"https:\/\/lapistaciclabili.it\/es\/wp-json\/wp\/v2\/product"}],"about":[{"href":"https:\/\/lapistaciclabili.it\/es\/wp-json\/wp\/v2\/types\/product"}],"replies":[{"embeddable":true,"href":"https:\/\/lapistaciclabili.it\/es\/wp-json\/wp\/v2\/comments?post=5664"}],"wp:featuredmedia":[{"embeddable":true,"href":"https:\/\/lapistaciclabili.it\/es\/wp-json\/wp\/v2\/media\/4917"}],"wp:attachment":[{"href":"https:\/\/lapistaciclabili.it\/es\/wp-json\/wp\/v2\/media?parent=5664"}],"wp:term":[{"taxonomy":"product_cat","embeddable":true,"href":"https:\/\/lapistaciclabili.it\/es\/wp-json\/wp\/v2\/product_cat?post=5664"},{"taxonomy":"product_tag","embeddable":true,"href":"https:\/\/lapistaciclabili.it\/es\/wp-json\/wp\/v2\/product_tag?post=5664"}],"curies":[{"name":"wp","href":"https:\/\/api.w.org\/{rel}","templated":true}]}}