{"id":5660,"date":"2024-06-17T20:25:07","date_gmt":"2024-06-17T20:25:07","guid":{"rendered":"https:\/\/lapistaciclabili.it\/?post_type=product&#038;p=5660"},"modified":"2024-08-16T19:04:52","modified_gmt":"2024-08-16T19:04:52","slug":"canalizador-bumerang","status":"publish","type":"product","link":"https:\/\/lapistaciclabili.it\/es\/producto\/canalizador-bumerang\/","title":{"rendered":"Canalizador Bumerang"},"content":{"rendered":"<p style=\"font-weight: 400;\">\u00a1Ordena el caos vial de forma efectiva con el canalizador Bumerang! Separador vial de polietileno reciclado y de alta resistencia, la soluci\u00f3n ideal para canalizar ciclov\u00edas y separarlas del flujo vehicular de manera eficiente y segura.<\/p>\n<p style=\"font-weight: 400;\">Mejora la fluidez del tr\u00e1fico, reduce la congesti\u00f3n y los accidentes. Evita que los autom\u00f3viles invadan los carriles exclusivos para ciclistas.<\/p>\n<p style=\"font-weight: 400;\">Protege a los usuarios de las ciclov\u00edas, los peatonales y a los conductores al delimitar carriles y zonas restringidas, previniendo accidentes y creando un entorno vial m\u00e1s seguro para todos.<\/p>\n<p style=\"font-weight: 400;\">Adem\u00e1s, la gran resistencia y el bajo mantenimiento de este dispositivo minimizan sus costos a largo plazo.<\/p>\n<p style=\"font-weight: 400;\">El canalizador Bumerang est\u00e1 dise\u00f1ado para mantener el orden en las calles y proteger a todos los usuarios de la v\u00eda.<\/p>\n<p style=\"font-weight: 400;\"><strong>Versatilidad para todas tus necesidades:<\/strong><\/p>\n<ul>\n<li style=\"font-weight: 400;\">Confina carriles exclusivos: Crea carriles exclusivos para ciclov\u00edas, transporte p\u00fablico o contraflujo.<\/li>\n<li style=\"font-weight: 400;\">Delimita zonas restringidas: Separa \u00e1reas peatonales, zonas de trabajo o zonas de emergencia, evitando el acceso vehicular.<\/li>\n<li style=\"font-weight: 400;\">Canaliza el flujo vehicular:\u00a0Gu\u00eda a los conductores de manera clara y segura,\u00a0previniendo accidentes y congestiones.<\/li>\n<li style=\"font-weight: 400;\">Caracter\u00edsticas excepcionales: Fabricado en una sola pieza de polietileno de media densidad 100% reciclado. Resistente,\u00a0duradero y ecol\u00f3gico.<\/li>\n<li style=\"font-weight: 400;\">Colores vibrantes con protecci\u00f3n UV:\u00a0Disponible en amarillo o verde,\u00a0con alta visibilidad incluso en condiciones de poca luz.<\/li>\n<li style=\"font-weight: 400;\">Pr\u00e1cticamente irrompible:\u00a0Soporta impactos y colisiones con veh\u00edculos,\u00a0garantizando una larga vida \u00fatil.<\/li>\n<li style=\"font-weight: 400;\">Resistente a la intemperie: No requiere mantenimiento, soportando condiciones clim\u00e1ticas extremas.<\/li>\n<li style=\"font-weight: 400;\">F\u00e1cil instalaci\u00f3n: Se instala r\u00e1pidamente sobre concreto o asfalto con taquetes, clavos o tornillos.<\/li>\n<li style=\"font-weight: 400;\">Alta visibilidad:\u00a0Cuenta con 5 cavidades para alojar reflejantes de alta intensidad,\u00a0aumentando la visibilidad nocturna.<\/li>\n<li style=\"font-weight: 400;\">Dise\u00f1o seguro: Bordes redondeados sin aristas filosas, previniendo lesiones.<\/li>\n<\/ul>\n<p>Revisa nuestro <a href=\"https:\/\/lapistaciclabili.it\/productos-ciclovias\/\">cat\u00e1logo<\/a> con todos los productos para <a href=\"https:\/\/multisenal.com\/blog\/ciclopistas-2\/las-mejores-ciclovias-del-mundo\/\">infraestructura ciclista<\/a> que tenemos para ti.<\/p>\n<p style=\"font-weight: 400;\"><strong>Medidas:<\/strong><\/p>\n<p>Largo: 50.0 cm<br \/>\nAncho: 36.9 cm.<br \/>\nAlto: 10.0 cm.<\/p>\n<p>Color: Amarillo.<br \/>\nReflejante: Blanco.<\/p>\n","protected":false},"excerpt":{"rendered":"<p><strong>Nombre del producto: Canalizador Bumerang<\/strong><\/p>\n<p><strong>C\u00f3digo: C-BG-50-10<\/strong><\/p>\n<table>\n<tbody>\n<tr>\n<td style=\"text-align: center;\"><strong>ESPA\u00d1OL<\/strong><\/td>\n<td style=\"text-align: center;\"><strong>INGL\u00c9S<\/strong><\/td>\n<td style=\"text-align: center;\"><strong>MODELO 3D<\/strong><\/td>\n<\/tr>\n<tr>\n<td><a href=\"https:\/\/multisenal.com.mx\/FichasTecnicas\/Canalizador-C-BG-50-10-ES.pdf\"><img decoding=\"async\" class=\"wp-image-5524 aligncenter\" src=\"https:\/\/lapistaciclabili.it\/wp-content\/uploads\/2024\/06\/img-pdf-ciclopistas.webp\" alt=\"\" width=\"49\" height=\"49\" \/><\/a><\/td>\n<td><a href=\"https:\/\/multisenal.com.mx\/FichasTecnicas\/Canalizador-C-BG-50-10-EN.pdf\"><img decoding=\"async\" class=\"wp-image-5524 aligncenter\" src=\"https:\/\/lapistaciclabili.it\/wp-content\/uploads\/2024\/06\/img-pdf-ciclopistas.webp\" alt=\"\" width=\"49\" height=\"49\" \/><\/a><\/td>\n<td><a href=\"https:\/\/lapistaciclabili.it\/renders\/bumerang-modelo-360\/\"><img decoding=\"async\" class=\"wp-image-5524 aligncenter\" src=\"https:\/\/lapistaciclabili.it\/wp-content\/uploads\/2024\/06\/img-modelo3D.webp\" alt=\"\" width=\"49\" height=\"49\" \/><\/a><\/td>\n<\/tr>\n<\/tbody>\n<\/table>\n","protected":false},"featured_media":4571,"comment_status":"open","ping_status":"closed","template":"","meta":[],"product_cat":[25],"product_tag":[],"class_list":{"0":"post-5660","1":"product","2":"type-product","3":"status-publish","4":"has-post-thumbnail","6":"product_cat-canalizadores","8":"first","9":"instock","10":"shipping-taxable","11":"product-type-simple"},"yoast_head":"<!-- This site is optimized with the Yoast SEO Premium plugin v22.3 (Yoast SEO v23.0) - https:\/\/yoast.com\/wordpress\/plugins\/seo\/ -->\n<title>Canalizador Bumerang - lapistaciclabili.it<\/title>\n<meta name=\"description\" content=\"El canalizador Bumerang es perfecto para canalizar el flujo vehicular al mismo tiempo que delimita y protege \u00e1reas exclusivas de peatones y ciclistas\" \/>\n<meta name=\"robots\" content=\"index, follow, max-snippet:-1, max-image-preview:large, max-video-preview:-1\" \/>\n<link rel=\"canonical\" href=\"https:\/\/lapistaciclabili.it\/es\/en\/?post_type=product&p=6328\" \/>\n<meta property=\"og:locale\" content=\"es_ES\" \/>\n<meta property=\"og:type\" content=\"article\" \/>\n<meta property=\"og:title\" content=\"Canalizador Bumerang\" \/>\n<meta property=\"og:description\" content=\"El canalizador Bumerang es perfecto para canalizar el flujo vehicular al mismo tiempo que delimita y protege \u00e1reas exclusivas de peatones y ciclistas\" \/>\n<meta property=\"og:url\" content=\"https:\/\/lapistaciclabili.it\/en\/?post_type=product&amp;p=6328\" \/>\n<meta property=\"og:site_name\" content=\"lapistaciclabili.it\" \/>\n<meta property=\"article:publisher\" content=\"https:\/\/www.facebook.com\/multisenal\/\" \/>\n<meta property=\"article:modified_time\" content=\"2024-08-16T19:04:52+00:00\" \/>\n<meta property=\"og:image\" content=\"https:\/\/lapistaciclabili.it\/wp-content\/uploads\/2024\/06\/Bumerang.webp\" \/>\n\t<meta property=\"og:image:width\" content=\"1200\" \/>\n\t<meta property=\"og:image:height\" content=\"1200\" \/>\n\t<meta property=\"og:image:type\" content=\"image\/webp\" \/>\n<meta name=\"twitter:card\" content=\"summary_large_image\" \/>\n<meta name=\"twitter:site\" content=\"@multisenal\" \/>\n<meta name=\"twitter:label1\" content=\"Tiempo de lectura\" \/>\n\t<meta name=\"twitter:data1\" content=\"2 minutos\" \/>\n<script type=\"application\/ld+json\" class=\"yoast-schema-graph\">{\"@context\":\"https:\/\/schema.org\",\"@graph\":[{\"@type\":\"WebPage\",\"@id\":\"https:\/\/lapistaciclabili.it\/en\/?post_type=product&p=6328\",\"url\":\"https:\/\/lapistaciclabili.it\/en\/?post_type=product&p=6328\",\"name\":\"Canalizador Bumerang - lapistaciclabili.it\",\"isPartOf\":{\"@id\":\"https:\/\/lapistaciclabili.it\/#website\"},\"primaryImageOfPage\":{\"@id\":\"https:\/\/lapistaciclabili.it\/en\/?post_type=product&p=6328#primaryimage\"},\"image\":{\"@id\":\"https:\/\/lapistaciclabili.it\/en\/?post_type=product&p=6328#primaryimage\"},\"thumbnailUrl\":\"https:\/\/lapistaciclabili.it\/wp-content\/uploads\/2024\/06\/Bumerang.webp\",\"datePublished\":\"2024-06-17T20:25:07+00:00\",\"dateModified\":\"2024-08-16T19:04:52+00:00\",\"description\":\"El canalizador Bumerang es perfecto para canalizar el flujo vehicular al mismo tiempo que delimita y protege \u00e1reas exclusivas de peatones y ciclistas\",\"breadcrumb\":{\"@id\":\"https:\/\/lapistaciclabili.it\/en\/?post_type=product&p=6328#breadcrumb\"},\"inLanguage\":\"es\",\"potentialAction\":[{\"@type\":\"ReadAction\",\"target\":[\"https:\/\/lapistaciclabili.it\/en\/?post_type=product&p=6328\"]}]},{\"@type\":\"ImageObject\",\"inLanguage\":\"es\",\"@id\":\"https:\/\/lapistaciclabili.it\/en\/?post_type=product&p=6328#primaryimage\",\"url\":\"https:\/\/lapistaciclabili.it\/wp-content\/uploads\/2024\/06\/Bumerang.webp\",\"contentUrl\":\"https:\/\/lapistaciclabili.it\/wp-content\/uploads\/2024\/06\/Bumerang.webp\",\"width\":1200,\"height\":1200,\"caption\":\"El canalizador Bumerang es perfecto para canalizar el flujo vehicular al mismo tiempo que delimita y protege \u00e1reas exclusivas de peatones y ciclistas\"},{\"@type\":\"BreadcrumbList\",\"@id\":\"https:\/\/lapistaciclabili.it\/en\/?post_type=product&p=6328#breadcrumb\",\"itemListElement\":[{\"@type\":\"ListItem\",\"position\":1,\"name\":\"Inicio\",\"item\":\"https:\/\/lapistaciclabili.it\/\"},{\"@type\":\"ListItem\",\"position\":2,\"name\":\"Tienda\",\"item\":\"https:\/\/lapistaciclabili.it\/tienda\/\"},{\"@type\":\"ListItem\",\"position\":3,\"name\":\"Canalizador Bumerang\"}]},{\"@type\":\"WebSite\",\"@id\":\"https:\/\/lapistaciclabili.it\/#website\",\"url\":\"https:\/\/lapistaciclabili.it\/\",\"name\":\"lapistaciclabili.it\",\"description\":\"\",\"publisher\":{\"@id\":\"https:\/\/lapistaciclabili.it\/#organization\"},\"potentialAction\":[{\"@type\":\"SearchAction\",\"target\":{\"@type\":\"EntryPoint\",\"urlTemplate\":\"https:\/\/lapistaciclabili.it\/?s={search_term_string}\"},\"query-input\":\"required name=search_term_string\"}],\"inLanguage\":\"es\"},{\"@type\":\"Organization\",\"@id\":\"https:\/\/lapistaciclabili.it\/#organization\",\"name\":\"lapistaciclabili.it\",\"url\":\"https:\/\/lapistaciclabili.it\/\",\"logo\":{\"@type\":\"ImageObject\",\"inLanguage\":\"es\",\"@id\":\"https:\/\/lapistaciclabili.it\/#\/schema\/logo\/image\/\",\"url\":\"https:\/\/lapistaciclabili.it\/wp-content\/uploads\/2024\/06\/lapistaciclabili.it_-1.png\",\"contentUrl\":\"https:\/\/lapistaciclabili.it\/wp-content\/uploads\/2024\/06\/lapistaciclabili.it_-1.png\",\"width\":768,\"height\":220,\"caption\":\"lapistaciclabili.it\"},\"image\":{\"@id\":\"https:\/\/lapistaciclabili.it\/#\/schema\/logo\/image\/\"},\"sameAs\":[\"https:\/\/www.facebook.com\/multisenal\/\",\"https:\/\/x.com\/multisenal\",\"https:\/\/www.instagram.com\/multisenalmx\/\",\"https:\/\/www.linkedin.com\/company\/multisenalmexico\/\",\"https:\/\/www.youtube.com\/@multisenaloficial\"]}]}<\/script>\n<!-- \/ Yoast SEO Premium plugin. -->","yoast_head_json":{"title":"Canalizador Bumerang - lapistaciclabili.it","description":"El canalizador Bumerang es perfecto para canalizar el flujo vehicular al mismo tiempo que delimita y protege \u00e1reas exclusivas de peatones y ciclistas","robots":{"index":"index","follow":"follow","max-snippet":"max-snippet:-1","max-image-preview":"max-image-preview:large","max-video-preview":"max-video-preview:-1"},"canonical":"https:\/\/lapistaciclabili.it\/es\/en\/?post_type=product&p=6328","og_locale":"es_ES","og_type":"article","og_title":"Canalizador Bumerang","og_description":"El canalizador Bumerang es perfecto para canalizar el flujo vehicular al mismo tiempo que delimita y protege \u00e1reas exclusivas de peatones y ciclistas","og_url":"https:\/\/lapistaciclabili.it\/en\/?post_type=product&p=6328","og_site_name":"lapistaciclabili.it","article_publisher":"https:\/\/www.facebook.com\/multisenal\/","article_modified_time":"2024-08-16T19:04:52+00:00","og_image":[{"width":1200,"height":1200,"url":"https:\/\/lapistaciclabili.it\/wp-content\/uploads\/2024\/06\/Bumerang.webp","type":"image\/webp"}],"twitter_card":"summary_large_image","twitter_site":"@multisenal","twitter_misc":{"Tiempo de lectura":"2 minutos"},"schema":{"@context":"https:\/\/schema.org","@graph":[{"@type":"WebPage","@id":"https:\/\/lapistaciclabili.it\/en\/?post_type=product&p=6328","url":"https:\/\/lapistaciclabili.it\/en\/?post_type=product&p=6328","name":"Canalizador Bumerang - lapistaciclabili.it","isPartOf":{"@id":"https:\/\/lapistaciclabili.it\/#website"},"primaryImageOfPage":{"@id":"https:\/\/lapistaciclabili.it\/en\/?post_type=product&p=6328#primaryimage"},"image":{"@id":"https:\/\/lapistaciclabili.it\/en\/?post_type=product&p=6328#primaryimage"},"thumbnailUrl":"https:\/\/lapistaciclabili.it\/wp-content\/uploads\/2024\/06\/Bumerang.webp","datePublished":"2024-06-17T20:25:07+00:00","dateModified":"2024-08-16T19:04:52+00:00","description":"El canalizador Bumerang es perfecto para canalizar el flujo vehicular al mismo tiempo que delimita y protege \u00e1reas exclusivas de peatones y ciclistas","breadcrumb":{"@id":"https:\/\/lapistaciclabili.it\/en\/?post_type=product&p=6328#breadcrumb"},"inLanguage":"es","potentialAction":[{"@type":"ReadAction","target":["https:\/\/lapistaciclabili.it\/en\/?post_type=product&p=6328"]}]},{"@type":"ImageObject","inLanguage":"es","@id":"https:\/\/lapistaciclabili.it\/en\/?post_type=product&p=6328#primaryimage","url":"https:\/\/lapistaciclabili.it\/wp-content\/uploads\/2024\/06\/Bumerang.webp","contentUrl":"https:\/\/lapistaciclabili.it\/wp-content\/uploads\/2024\/06\/Bumerang.webp","width":1200,"height":1200,"caption":"El canalizador Bumerang es perfecto para canalizar el flujo vehicular al mismo tiempo que delimita y protege \u00e1reas exclusivas de peatones y ciclistas"},{"@type":"BreadcrumbList","@id":"https:\/\/lapistaciclabili.it\/en\/?post_type=product&p=6328#breadcrumb","itemListElement":[{"@type":"ListItem","position":1,"name":"Inicio","item":"https:\/\/lapistaciclabili.it\/"},{"@type":"ListItem","position":2,"name":"Tienda","item":"https:\/\/lapistaciclabili.it\/tienda\/"},{"@type":"ListItem","position":3,"name":"Canalizador Bumerang"}]},{"@type":"WebSite","@id":"https:\/\/lapistaciclabili.it\/#website","url":"https:\/\/lapistaciclabili.it\/","name":"lapistaciclabili.it","description":"","publisher":{"@id":"https:\/\/lapistaciclabili.it\/#organization"},"potentialAction":[{"@type":"SearchAction","target":{"@type":"EntryPoint","urlTemplate":"https:\/\/lapistaciclabili.it\/?s={search_term_string}"},"query-input":"required name=search_term_string"}],"inLanguage":"es"},{"@type":"Organization","@id":"https:\/\/lapistaciclabili.it\/#organization","name":"lapistaciclabili.it","url":"https:\/\/lapistaciclabili.it\/","logo":{"@type":"ImageObject","inLanguage":"es","@id":"https:\/\/lapistaciclabili.it\/#\/schema\/logo\/image\/","url":"https:\/\/lapistaciclabili.it\/wp-content\/uploads\/2024\/06\/lapistaciclabili.it_-1.png","contentUrl":"https:\/\/lapistaciclabili.it\/wp-content\/uploads\/2024\/06\/lapistaciclabili.it_-1.png","width":768,"height":220,"caption":"lapistaciclabili.it"},"image":{"@id":"https:\/\/lapistaciclabili.it\/#\/schema\/logo\/image\/"},"sameAs":["https:\/\/www.facebook.com\/multisenal\/","https:\/\/x.com\/multisenal","https:\/\/www.instagram.com\/multisenalmx\/","https:\/\/www.linkedin.com\/company\/multisenalmexico\/","https:\/\/www.youtube.com\/@multisenaloficial"]}]}},"_links":{"self":[{"href":"https:\/\/lapistaciclabili.it\/es\/wp-json\/wp\/v2\/product\/5660","targetHints":{"allow":["GET"]}}],"collection":[{"href":"https:\/\/lapistaciclabili.it\/es\/wp-json\/wp\/v2\/product"}],"about":[{"href":"https:\/\/lapistaciclabili.it\/es\/wp-json\/wp\/v2\/types\/product"}],"replies":[{"embeddable":true,"href":"https:\/\/lapistaciclabili.it\/es\/wp-json\/wp\/v2\/comments?post=5660"}],"wp:featuredmedia":[{"embeddable":true,"href":"https:\/\/lapistaciclabili.it\/es\/wp-json\/wp\/v2\/media\/4571"}],"wp:attachment":[{"href":"https:\/\/lapistaciclabili.it\/es\/wp-json\/wp\/v2\/media?parent=5660"}],"wp:term":[{"taxonomy":"product_cat","embeddable":true,"href":"https:\/\/lapistaciclabili.it\/es\/wp-json\/wp\/v2\/product_cat?post=5660"},{"taxonomy":"product_tag","embeddable":true,"href":"https:\/\/lapistaciclabili.it\/es\/wp-json\/wp\/v2\/product_tag?post=5660"}],"curies":[{"name":"wp","href":"https:\/\/api.w.org\/{rel}","templated":true}]}}