{"id":4615,"date":"2024-06-30T23:19:27","date_gmt":"2024-06-30T23:19:27","guid":{"rendered":"https:\/\/lapistaciclabili.it\/?post_type=product&#038;p=4615"},"modified":"2024-08-16T23:15:23","modified_gmt":"2024-08-16T23:15:23","slug":"poste-abatible-con-base","status":"publish","type":"product","link":"https:\/\/lapistaciclabili.it\/es\/producto\/poste-abatible-con-base\/","title":{"rendered":"Poste Abatible con Base"},"content":{"rendered":"<p>El poste abatible con base es un dispositivo de se\u00f1alizaci\u00f3n ciclista que demarca, delimita o gu\u00eda el tr\u00e1nsito espec\u00edficamente en canalizaci\u00f3n de ciclov\u00edas y bifurcaciones.<\/p>\n<p>Es ideal para proteger el camino del ciclista. Al indicarle al automovilista el inicio de una ciclov\u00eda, un carril bici o cualquier espacio exclusivo para ciclistas. Proporciona una mayor seguridad en la prevenci\u00f3n de accidentes.<\/p>\n<p>El poste abatible con base Ecoflex125 es la soluci\u00f3n definitiva para la se\u00f1alizaci\u00f3n vial din\u00e1mica y segura en ciclov\u00edas, estacionamientos y \u00e1reas de tr\u00e1fico intenso. Dise\u00f1ado para demarcar, delimitar y guiar de manera efectiva la circulaci\u00f3n de las bicis, este dispositivo es esencial para proteger el camino del ciclista y mejorar la seguridad en entornos urbanos.<\/p>\n<p style=\"font-weight: 400;\"><strong>Caracter\u00edsticas Destacadas:<\/strong><\/p>\n<ul>\n<li>Material avanzado: Fabricado en poliflexy\u00ae, ofrece rigidez estructural y la capacidad \u00fanica de regenerarse tras impactos, asegurando una larga durabilidad y resistencia.<\/li>\n<li>Amplia gama de colores: Disponible en amarillo, naranja, verde, azul, blanco y negro, para una integraci\u00f3n visual efectiva en cualquier entorno.<\/li>\n<li>Reflectividad superior: Equipado con 4 cintas reflectivas que garantizan una excelente visibilidad, incluso en condiciones de poca luz.<\/li>\n<li>Construcci\u00f3n robusta: El cuerpo r\u00edgido sin tapones adicionales minimiza el riesgo de desprendimientos y asegura una estructura s\u00f3lida y confiable.<\/li>\n<li>Base reforzada: Incorpora cartabones en la base del mismo material para proporcionar soporte adicional y estabilidad.<\/li>\n<li>Disponible con base pesada opcional para portabilidad y estabilidad adicional en condiciones ventosas.<\/li>\n<li>Manejo pr\u00e1ctico: Base en polietileno negro con manija integrada para facilitar su transporte y reubicaci\u00f3n.<\/li>\n<\/ul>\n<p>Descubre <a href=\"https:\/\/lapistaciclabili.it\/productos-ciclovias\/\">todos los productos<\/a> que tenemos especiales para su implementaci\u00f3n en <a href=\"https:\/\/multisenal.com.mx\/blog\/infraestructura-y-equipamiento-ciclista-que-es\/\">infraestructura ciclista<\/a>.<\/p>\n<p style=\"font-weight: 400;\"><strong>Medidas:<\/strong><\/p>\n<p>Total:<\/p>\n<p>Altura: 125.0 cm<br \/>\n\u00f8 sup. 9.0 cm.<br \/>\n\u00f8 base 21.5 cm<\/p>\n<p>Base: 40.0 x 46.0 x 4.0 cm de alto.<\/p>\n","protected":false},"excerpt":{"rendered":"<p><strong>Nombre del producto: HITO ECOFLEX\u00ae 125<\/strong><\/p>\n<p><strong>C\u00f3digo: ECOFLEX-125<\/strong><\/p>\n<table>\n<tbody>\n<tr>\n<td style=\"text-align: center;\"><strong>ESPA\u00d1OL<\/strong><\/td>\n<td style=\"text-align: center;\"><strong>INGL\u00c9S<\/strong><\/td>\n<\/tr>\n<tr>\n<td><a href=\"https:\/\/multisenal.com.mx\/FichasTecnicas\/Hito-ECOFLEX-125-ES.pdf\"><img decoding=\"async\" class=\"wp-image-5524 aligncenter\" src=\"https:\/\/lapistaciclabili.it\/wp-content\/uploads\/2024\/06\/img-pdf-ciclopistas.webp\" alt=\"\" width=\"49\" height=\"49\" \/><\/a><\/td>\n<td><a href=\"https:\/\/multisenal.com.mx\/FichasTecnicas\/Hito-ECOFLEX-125-EN.pdf\"><img decoding=\"async\" class=\"wp-image-5524 aligncenter\" src=\"https:\/\/lapistaciclabili.it\/wp-content\/uploads\/2024\/06\/img-pdf-ciclopistas.webp\" alt=\"\" width=\"49\" height=\"49\" \/><\/a><\/td>\n<\/tr>\n<\/tbody>\n<\/table>\n","protected":false},"featured_media":4666,"comment_status":"open","ping_status":"closed","template":"","meta":[],"product_cat":[40],"product_tag":[],"class_list":{"0":"post-4615","1":"product","2":"type-product","3":"status-publish","4":"has-post-thumbnail","6":"product_cat-hitos-viales","8":"first","9":"instock","10":"shipping-taxable","11":"product-type-simple"},"yoast_head":"<!-- This site is optimized with the Yoast SEO Premium plugin v22.3 (Yoast SEO v23.0) - https:\/\/yoast.com\/wordpress\/plugins\/seo\/ -->\n<title>Poste Abatible con Base - lapistaciclabili.it<\/title>\n<meta name=\"description\" content=\"El poste abatible con base ayuda en la se\u00f1alizaci\u00f3n vial para demarcar, delimitar o canalizar de una forma m\u00e1s visible las ciclov\u00edas y bifurcaciones.\" \/>\n<meta name=\"robots\" content=\"index, follow, max-snippet:-1, max-image-preview:large, max-video-preview:-1\" \/>\n<link rel=\"canonical\" href=\"https:\/\/lapistaciclabili.it\/es\/producto\/poste-abatible-con-base\/\" \/>\n<meta property=\"og:locale\" content=\"es_ES\" \/>\n<meta property=\"og:type\" content=\"article\" \/>\n<meta property=\"og:title\" content=\"Poste Abatible con Base\" \/>\n<meta property=\"og:description\" content=\"El poste abatible con base ayuda en la se\u00f1alizaci\u00f3n vial para demarcar, delimitar o canalizar de una forma m\u00e1s visible las ciclov\u00edas y bifurcaciones.\" \/>\n<meta property=\"og:url\" content=\"https:\/\/lapistaciclabili.it\/producto\/poste-abatible-con-base\/\" \/>\n<meta property=\"og:site_name\" content=\"lapistaciclabili.it\" \/>\n<meta property=\"article:publisher\" content=\"https:\/\/www.facebook.com\/multisenal\/\" \/>\n<meta property=\"article:modified_time\" content=\"2024-08-16T23:15:23+00:00\" \/>\n<meta property=\"og:image\" content=\"https:\/\/lapistaciclabili.it\/wp-content\/uploads\/2024\/06\/Poste-125-Base.webp\" \/>\n\t<meta property=\"og:image:width\" content=\"1200\" \/>\n\t<meta property=\"og:image:height\" content=\"1200\" \/>\n\t<meta property=\"og:image:type\" content=\"image\/webp\" \/>\n<meta name=\"twitter:card\" content=\"summary_large_image\" \/>\n<meta name=\"twitter:site\" content=\"@multisenal\" \/>\n<meta name=\"twitter:label1\" content=\"Tiempo de lectura\" \/>\n\t<meta name=\"twitter:data1\" content=\"2 minutos\" \/>\n<script type=\"application\/ld+json\" class=\"yoast-schema-graph\">{\"@context\":\"https:\/\/schema.org\",\"@graph\":[{\"@type\":\"WebPage\",\"@id\":\"https:\/\/lapistaciclabili.it\/producto\/poste-abatible-con-base\/\",\"url\":\"https:\/\/lapistaciclabili.it\/producto\/poste-abatible-con-base\/\",\"name\":\"Poste Abatible con Base - lapistaciclabili.it\",\"isPartOf\":{\"@id\":\"https:\/\/lapistaciclabili.it\/#website\"},\"primaryImageOfPage\":{\"@id\":\"https:\/\/lapistaciclabili.it\/producto\/poste-abatible-con-base\/#primaryimage\"},\"image\":{\"@id\":\"https:\/\/lapistaciclabili.it\/producto\/poste-abatible-con-base\/#primaryimage\"},\"thumbnailUrl\":\"https:\/\/lapistaciclabili.it\/wp-content\/uploads\/2024\/06\/Poste-125-Base.webp\",\"datePublished\":\"2024-06-30T23:19:27+00:00\",\"dateModified\":\"2024-08-16T23:15:23+00:00\",\"description\":\"El poste abatible con base ayuda en la se\u00f1alizaci\u00f3n vial para demarcar, delimitar o canalizar de una forma m\u00e1s visible las ciclov\u00edas y bifurcaciones.\",\"breadcrumb\":{\"@id\":\"https:\/\/lapistaciclabili.it\/producto\/poste-abatible-con-base\/#breadcrumb\"},\"inLanguage\":\"es\",\"potentialAction\":[{\"@type\":\"ReadAction\",\"target\":[\"https:\/\/lapistaciclabili.it\/producto\/poste-abatible-con-base\/\"]}]},{\"@type\":\"ImageObject\",\"inLanguage\":\"es\",\"@id\":\"https:\/\/lapistaciclabili.it\/producto\/poste-abatible-con-base\/#primaryimage\",\"url\":\"https:\/\/lapistaciclabili.it\/wp-content\/uploads\/2024\/06\/Poste-125-Base.webp\",\"contentUrl\":\"https:\/\/lapistaciclabili.it\/wp-content\/uploads\/2024\/06\/Poste-125-Base.webp\",\"width\":1200,\"height\":1200,\"caption\":\"El poste abatible con base ayuda en la se\u00f1alizaci\u00f3n vial para demarcar, delimitar o canalizar de una forma m\u00e1s visible las ciclov\u00edas y bifurcaciones.\"},{\"@type\":\"BreadcrumbList\",\"@id\":\"https:\/\/lapistaciclabili.it\/producto\/poste-abatible-con-base\/#breadcrumb\",\"itemListElement\":[{\"@type\":\"ListItem\",\"position\":1,\"name\":\"Inicio\",\"item\":\"https:\/\/lapistaciclabili.it\/\"},{\"@type\":\"ListItem\",\"position\":2,\"name\":\"Tienda\",\"item\":\"https:\/\/lapistaciclabili.it\/tienda\/\"},{\"@type\":\"ListItem\",\"position\":3,\"name\":\"Poste Abatible con Base\"}]},{\"@type\":\"WebSite\",\"@id\":\"https:\/\/lapistaciclabili.it\/#website\",\"url\":\"https:\/\/lapistaciclabili.it\/\",\"name\":\"lapistaciclabili.it\",\"description\":\"\",\"publisher\":{\"@id\":\"https:\/\/lapistaciclabili.it\/#organization\"},\"potentialAction\":[{\"@type\":\"SearchAction\",\"target\":{\"@type\":\"EntryPoint\",\"urlTemplate\":\"https:\/\/lapistaciclabili.it\/?s={search_term_string}\"},\"query-input\":\"required name=search_term_string\"}],\"inLanguage\":\"es\"},{\"@type\":\"Organization\",\"@id\":\"https:\/\/lapistaciclabili.it\/#organization\",\"name\":\"lapistaciclabili.it\",\"url\":\"https:\/\/lapistaciclabili.it\/\",\"logo\":{\"@type\":\"ImageObject\",\"inLanguage\":\"es\",\"@id\":\"https:\/\/lapistaciclabili.it\/#\/schema\/logo\/image\/\",\"url\":\"https:\/\/lapistaciclabili.it\/wp-content\/uploads\/2024\/06\/lapistaciclabili.it_-1.png\",\"contentUrl\":\"https:\/\/lapistaciclabili.it\/wp-content\/uploads\/2024\/06\/lapistaciclabili.it_-1.png\",\"width\":768,\"height\":220,\"caption\":\"lapistaciclabili.it\"},\"image\":{\"@id\":\"https:\/\/lapistaciclabili.it\/#\/schema\/logo\/image\/\"},\"sameAs\":[\"https:\/\/www.facebook.com\/multisenal\/\",\"https:\/\/x.com\/multisenal\",\"https:\/\/www.instagram.com\/multisenalmx\/\",\"https:\/\/www.linkedin.com\/company\/multisenalmexico\/\",\"https:\/\/www.youtube.com\/@multisenaloficial\"]}]}<\/script>\n<!-- \/ Yoast SEO Premium plugin. -->","yoast_head_json":{"title":"Poste Abatible con Base - lapistaciclabili.it","description":"El poste abatible con base ayuda en la se\u00f1alizaci\u00f3n vial para demarcar, delimitar o canalizar de una forma m\u00e1s visible las ciclov\u00edas y bifurcaciones.","robots":{"index":"index","follow":"follow","max-snippet":"max-snippet:-1","max-image-preview":"max-image-preview:large","max-video-preview":"max-video-preview:-1"},"canonical":"https:\/\/lapistaciclabili.it\/es\/producto\/poste-abatible-con-base\/","og_locale":"es_ES","og_type":"article","og_title":"Poste Abatible con Base","og_description":"El poste abatible con base ayuda en la se\u00f1alizaci\u00f3n vial para demarcar, delimitar o canalizar de una forma m\u00e1s visible las ciclov\u00edas y bifurcaciones.","og_url":"https:\/\/lapistaciclabili.it\/producto\/poste-abatible-con-base\/","og_site_name":"lapistaciclabili.it","article_publisher":"https:\/\/www.facebook.com\/multisenal\/","article_modified_time":"2024-08-16T23:15:23+00:00","og_image":[{"width":1200,"height":1200,"url":"https:\/\/lapistaciclabili.it\/wp-content\/uploads\/2024\/06\/Poste-125-Base.webp","type":"image\/webp"}],"twitter_card":"summary_large_image","twitter_site":"@multisenal","twitter_misc":{"Tiempo de lectura":"2 minutos"},"schema":{"@context":"https:\/\/schema.org","@graph":[{"@type":"WebPage","@id":"https:\/\/lapistaciclabili.it\/producto\/poste-abatible-con-base\/","url":"https:\/\/lapistaciclabili.it\/producto\/poste-abatible-con-base\/","name":"Poste Abatible con Base - lapistaciclabili.it","isPartOf":{"@id":"https:\/\/lapistaciclabili.it\/#website"},"primaryImageOfPage":{"@id":"https:\/\/lapistaciclabili.it\/producto\/poste-abatible-con-base\/#primaryimage"},"image":{"@id":"https:\/\/lapistaciclabili.it\/producto\/poste-abatible-con-base\/#primaryimage"},"thumbnailUrl":"https:\/\/lapistaciclabili.it\/wp-content\/uploads\/2024\/06\/Poste-125-Base.webp","datePublished":"2024-06-30T23:19:27+00:00","dateModified":"2024-08-16T23:15:23+00:00","description":"El poste abatible con base ayuda en la se\u00f1alizaci\u00f3n vial para demarcar, delimitar o canalizar de una forma m\u00e1s visible las ciclov\u00edas y bifurcaciones.","breadcrumb":{"@id":"https:\/\/lapistaciclabili.it\/producto\/poste-abatible-con-base\/#breadcrumb"},"inLanguage":"es","potentialAction":[{"@type":"ReadAction","target":["https:\/\/lapistaciclabili.it\/producto\/poste-abatible-con-base\/"]}]},{"@type":"ImageObject","inLanguage":"es","@id":"https:\/\/lapistaciclabili.it\/producto\/poste-abatible-con-base\/#primaryimage","url":"https:\/\/lapistaciclabili.it\/wp-content\/uploads\/2024\/06\/Poste-125-Base.webp","contentUrl":"https:\/\/lapistaciclabili.it\/wp-content\/uploads\/2024\/06\/Poste-125-Base.webp","width":1200,"height":1200,"caption":"El poste abatible con base ayuda en la se\u00f1alizaci\u00f3n vial para demarcar, delimitar o canalizar de una forma m\u00e1s visible las ciclov\u00edas y bifurcaciones."},{"@type":"BreadcrumbList","@id":"https:\/\/lapistaciclabili.it\/producto\/poste-abatible-con-base\/#breadcrumb","itemListElement":[{"@type":"ListItem","position":1,"name":"Inicio","item":"https:\/\/lapistaciclabili.it\/"},{"@type":"ListItem","position":2,"name":"Tienda","item":"https:\/\/lapistaciclabili.it\/tienda\/"},{"@type":"ListItem","position":3,"name":"Poste Abatible con Base"}]},{"@type":"WebSite","@id":"https:\/\/lapistaciclabili.it\/#website","url":"https:\/\/lapistaciclabili.it\/","name":"lapistaciclabili.it","description":"","publisher":{"@id":"https:\/\/lapistaciclabili.it\/#organization"},"potentialAction":[{"@type":"SearchAction","target":{"@type":"EntryPoint","urlTemplate":"https:\/\/lapistaciclabili.it\/?s={search_term_string}"},"query-input":"required name=search_term_string"}],"inLanguage":"es"},{"@type":"Organization","@id":"https:\/\/lapistaciclabili.it\/#organization","name":"lapistaciclabili.it","url":"https:\/\/lapistaciclabili.it\/","logo":{"@type":"ImageObject","inLanguage":"es","@id":"https:\/\/lapistaciclabili.it\/#\/schema\/logo\/image\/","url":"https:\/\/lapistaciclabili.it\/wp-content\/uploads\/2024\/06\/lapistaciclabili.it_-1.png","contentUrl":"https:\/\/lapistaciclabili.it\/wp-content\/uploads\/2024\/06\/lapistaciclabili.it_-1.png","width":768,"height":220,"caption":"lapistaciclabili.it"},"image":{"@id":"https:\/\/lapistaciclabili.it\/#\/schema\/logo\/image\/"},"sameAs":["https:\/\/www.facebook.com\/multisenal\/","https:\/\/x.com\/multisenal","https:\/\/www.instagram.com\/multisenalmx\/","https:\/\/www.linkedin.com\/company\/multisenalmexico\/","https:\/\/www.youtube.com\/@multisenaloficial"]}]}},"_links":{"self":[{"href":"https:\/\/lapistaciclabili.it\/es\/wp-json\/wp\/v2\/product\/4615","targetHints":{"allow":["GET"]}}],"collection":[{"href":"https:\/\/lapistaciclabili.it\/es\/wp-json\/wp\/v2\/product"}],"about":[{"href":"https:\/\/lapistaciclabili.it\/es\/wp-json\/wp\/v2\/types\/product"}],"replies":[{"embeddable":true,"href":"https:\/\/lapistaciclabili.it\/es\/wp-json\/wp\/v2\/comments?post=4615"}],"wp:featuredmedia":[{"embeddable":true,"href":"https:\/\/lapistaciclabili.it\/es\/wp-json\/wp\/v2\/media\/4666"}],"wp:attachment":[{"href":"https:\/\/lapistaciclabili.it\/es\/wp-json\/wp\/v2\/media?parent=4615"}],"wp:term":[{"taxonomy":"product_cat","embeddable":true,"href":"https:\/\/lapistaciclabili.it\/es\/wp-json\/wp\/v2\/product_cat?post=4615"},{"taxonomy":"product_tag","embeddable":true,"href":"https:\/\/lapistaciclabili.it\/es\/wp-json\/wp\/v2\/product_tag?post=4615"}],"curies":[{"name":"wp","href":"https:\/\/api.w.org\/{rel}","templated":true}]}}