{"id":4611,"date":"2024-06-30T23:07:03","date_gmt":"2024-06-30T23:07:03","guid":{"rendered":"https:\/\/lapistaciclabili.it\/?post_type=product&#038;p=4611"},"modified":"2024-08-16T23:29:43","modified_gmt":"2024-08-16T23:29:43","slug":"paleta-abatible-para-ciclovias","status":"publish","type":"product","link":"https:\/\/lapistaciclabili.it\/es\/producto\/paleta-abatible-para-ciclovias\/","title":{"rendered":"Paleta Abatible para Ciclov\u00edas"},"content":{"rendered":"<p style=\"font-weight: 400;\">Optimiza la gesti\u00f3n del tr\u00e1nsito en ciclov\u00edas y \u00e1reas ciclistas con la paleta abatible para ciclov\u00edas Ecoflex125, dise\u00f1ada para demarcar y delimitar de manera efectiva el espacio vial. Este dispositivo innovador no solo mejora la seguridad, sino que tambi\u00e9n facilita la organizaci\u00f3n y flujo ordenado de las biciletas en entornos urbanos y \u00e1reas de alta afluencia.<\/p>\n<p style=\"font-weight: 400;\">Su dise\u00f1o robusto y vistoso le brinda una excelente visibilidad para delimitar \u00e1reas exclusivas para la circulaci\u00f3n de bicis. Es esencial para marcar el inicio de ciclov\u00edas, bicisendas o cualquier tipo de carriles ciclistas. Informa la medida total de la ciclov\u00eda o el kil\u00f3metro en el que se encuentra el ciclista.<\/p>\n<p style=\"font-weight: 400;\"><strong>Caracter\u00edsticas Destacadas:<\/strong><\/p>\n<ul>\n<li style=\"font-weight: 400;\">Construcci\u00f3n robusta: Fabricado en poliflexy\u00ae para garantizar rigidez estructural y la capacidad \u00fanica de regenerarse tras impactos.<\/li>\n<li style=\"font-weight: 400;\">Variedad de colores: Disponible en amarillo, naranja, verde, azul, blanco y negro, para una se\u00f1alizaci\u00f3n visualmente efectiva en cualquier entorno.<\/li>\n<li style=\"font-weight: 400;\">Reflectividad superior: Equipado con 4 cintas reflectivas que garantizan una visibilidad \u00f3ptima incluso en condiciones de baja luminosidad.<\/li>\n<li>Rotulo reflejante: estampado que puede ser personalizado con un mensaje a transmitir: inicio o final de ciclov\u00eda, cruce de peatones o bicis, etc.<\/li>\n<li style=\"font-weight: 400;\">Dise\u00f1o r\u00edgido: Cuerpo elaborado en una sola pieza sin tapones adicionales, reduciendo el riesgo de desprendimientos y asegurando una estructura s\u00f3lida y confiable.<\/li>\n<li style=\"font-weight: 400;\">Base reforzada: Incorpora cartabones en la base del mismo material para proporcionar un soporte robusto y estabilidad adicional ante impactos.<\/li>\n<li style=\"font-weight: 400;\">Instalaci\u00f3n f\u00e1cil y segura: Base con 3 barrenos que facilitan una instalaci\u00f3n r\u00e1pida y segura con 3 tornillos y taquetes extralargos.<\/li>\n<\/ul>\n<p style=\"font-weight: 400;\">Eleva la seguridad y eficiencia en la se\u00f1alizaci\u00f3n de ciclov\u00edas con la paleta abatible para ciclov\u00edas Ecoflex125. Descubre el cat\u00e1logo completo con los <a href=\"https:\/\/lapistaciclabili.it\/productos-ciclovias\/\">dispositivos viales<\/a> con los que podr\u00e1s tener una mejor <a href=\"https:\/\/multisenal.com.mx\/blog\/infraestructura-y-equipamiento-ciclista-que-es\/\">infraestructura ciclista<\/a>.<\/p>\n<p style=\"font-weight: 400;\"><strong>Medidas:<\/strong><\/p>\n<p>Total:<\/p>\n<p>Altura: 125.0 cm<br \/>\n\u00f8 sup. 9.0 cm.<br \/>\n\u00f8 base 21.5 cm<\/p>\n<p>Base: 40.0 x 46.0 x 4.0 cm de alto.<\/p>\n","protected":false},"excerpt":{"rendered":"<p><strong>Nombre del producto: HITO ECOFLEX\u00ae 125<\/strong><\/p>\n<p><strong>C\u00f3digo: ECOFLEX-125<\/strong><\/p>\n<p>&nbsp;<\/p>\n<table>\n<tbody>\n<tr>\n<td style=\"text-align: center;\"><strong>ESPA\u00d1OL<\/strong><\/td>\n<td style=\"text-align: center;\"><strong>INGL\u00c9S<\/strong><\/td>\n<\/tr>\n<tr>\n<td><a href=\"https:\/\/multisenal.com.mx\/FichasTecnicas\/Hito-ECOFLEX-125-ES.pdf\"><img decoding=\"async\" class=\"wp-image-5524 aligncenter\" src=\"https:\/\/lapistaciclabili.it\/wp-content\/uploads\/2024\/06\/img-pdf-ciclopistas.webp\" alt=\"\" width=\"49\" height=\"49\" \/><\/a><\/td>\n<td><a href=\"https:\/\/multisenal.com.mx\/FichasTecnicas\/Hito-ECOFLEX-125-EN.pdf\"><img decoding=\"async\" class=\"wp-image-5524 aligncenter\" src=\"https:\/\/lapistaciclabili.it\/wp-content\/uploads\/2024\/06\/img-pdf-ciclopistas.webp\" alt=\"\" width=\"49\" height=\"49\" \/><\/a><\/td>\n<\/tr>\n<\/tbody>\n<\/table>\n","protected":false},"featured_media":4664,"comment_status":"open","ping_status":"closed","template":"","meta":[],"product_cat":[40],"product_tag":[],"class_list":{"0":"post-4611","1":"product","2":"type-product","3":"status-publish","4":"has-post-thumbnail","6":"product_cat-hitos-viales","8":"first","9":"instock","10":"shipping-taxable","11":"product-type-simple"},"yoast_head":"<!-- This site is optimized with the Yoast SEO Premium plugin v22.3 (Yoast SEO v23.0) - https:\/\/yoast.com\/wordpress\/plugins\/seo\/ -->\n<title>Paleta Abatible para Ciclov\u00edas - lapistaciclabili.it<\/title>\n<meta name=\"description\" content=\"La Paleta abatible para ciclo\u00edvas es ideal para demarcar ciclov\u00edas. Capaz de volver a su forma original en caso de que pase sobre \u00e9l un veh\u00edculo.\" \/>\n<meta name=\"robots\" content=\"index, follow, max-snippet:-1, max-image-preview:large, max-video-preview:-1\" \/>\n<link rel=\"canonical\" href=\"https:\/\/lapistaciclabili.it\/es\/producto\/paleta-abatible-para-ciclovias\/\" \/>\n<meta property=\"og:locale\" content=\"es_ES\" \/>\n<meta property=\"og:type\" content=\"article\" \/>\n<meta property=\"og:title\" content=\"Paleta Abatible para Ciclov\u00edas\" \/>\n<meta property=\"og:description\" content=\"La Paleta abatible para ciclo\u00edvas es ideal para demarcar ciclov\u00edas. Capaz de volver a su forma original en caso de que pase sobre \u00e9l un veh\u00edculo.\" \/>\n<meta property=\"og:url\" content=\"https:\/\/lapistaciclabili.it\/producto\/paleta-abatible-para-ciclovias\/\" \/>\n<meta property=\"og:site_name\" content=\"lapistaciclabili.it\" \/>\n<meta property=\"article:publisher\" content=\"https:\/\/www.facebook.com\/multisenal\/\" \/>\n<meta property=\"article:modified_time\" content=\"2024-08-16T23:29:43+00:00\" \/>\n<meta property=\"og:image\" content=\"https:\/\/lapistaciclabili.it\/wp-content\/uploads\/2024\/06\/Paleta-Abatible-125.webp\" \/>\n\t<meta property=\"og:image:width\" content=\"1200\" \/>\n\t<meta property=\"og:image:height\" content=\"1200\" \/>\n\t<meta property=\"og:image:type\" content=\"image\/webp\" \/>\n<meta name=\"twitter:card\" content=\"summary_large_image\" \/>\n<meta name=\"twitter:site\" content=\"@multisenal\" \/>\n<meta name=\"twitter:label1\" content=\"Tiempo de lectura\" \/>\n\t<meta name=\"twitter:data1\" content=\"2 minutos\" \/>\n<script type=\"application\/ld+json\" class=\"yoast-schema-graph\">{\"@context\":\"https:\/\/schema.org\",\"@graph\":[{\"@type\":\"WebPage\",\"@id\":\"https:\/\/lapistaciclabili.it\/producto\/paleta-abatible-para-ciclovias\/\",\"url\":\"https:\/\/lapistaciclabili.it\/producto\/paleta-abatible-para-ciclovias\/\",\"name\":\"Paleta Abatible para Ciclov\u00edas - lapistaciclabili.it\",\"isPartOf\":{\"@id\":\"https:\/\/lapistaciclabili.it\/#website\"},\"primaryImageOfPage\":{\"@id\":\"https:\/\/lapistaciclabili.it\/producto\/paleta-abatible-para-ciclovias\/#primaryimage\"},\"image\":{\"@id\":\"https:\/\/lapistaciclabili.it\/producto\/paleta-abatible-para-ciclovias\/#primaryimage\"},\"thumbnailUrl\":\"https:\/\/lapistaciclabili.it\/wp-content\/uploads\/2024\/06\/Paleta-Abatible-125.webp\",\"datePublished\":\"2024-06-30T23:07:03+00:00\",\"dateModified\":\"2024-08-16T23:29:43+00:00\",\"description\":\"La Paleta abatible para ciclo\u00edvas es ideal para demarcar ciclov\u00edas. Capaz de volver a su forma original en caso de que pase sobre \u00e9l un veh\u00edculo.\",\"breadcrumb\":{\"@id\":\"https:\/\/lapistaciclabili.it\/producto\/paleta-abatible-para-ciclovias\/#breadcrumb\"},\"inLanguage\":\"es\",\"potentialAction\":[{\"@type\":\"ReadAction\",\"target\":[\"https:\/\/lapistaciclabili.it\/producto\/paleta-abatible-para-ciclovias\/\"]}]},{\"@type\":\"ImageObject\",\"inLanguage\":\"es\",\"@id\":\"https:\/\/lapistaciclabili.it\/producto\/paleta-abatible-para-ciclovias\/#primaryimage\",\"url\":\"https:\/\/lapistaciclabili.it\/wp-content\/uploads\/2024\/06\/Paleta-Abatible-125.webp\",\"contentUrl\":\"https:\/\/lapistaciclabili.it\/wp-content\/uploads\/2024\/06\/Paleta-Abatible-125.webp\",\"width\":1200,\"height\":1200,\"caption\":\"La Paleta abatible para ciclo\u00edvas es ideal para demarcar ciclov\u00edas. Capaz de volver a su forma original en caso de que pase sobre \u00e9l un veh\u00edculo.\"},{\"@type\":\"BreadcrumbList\",\"@id\":\"https:\/\/lapistaciclabili.it\/producto\/paleta-abatible-para-ciclovias\/#breadcrumb\",\"itemListElement\":[{\"@type\":\"ListItem\",\"position\":1,\"name\":\"Inicio\",\"item\":\"https:\/\/lapistaciclabili.it\/\"},{\"@type\":\"ListItem\",\"position\":2,\"name\":\"Tienda\",\"item\":\"https:\/\/lapistaciclabili.it\/tienda\/\"},{\"@type\":\"ListItem\",\"position\":3,\"name\":\"Paleta Abatible para Ciclov\u00edas\"}]},{\"@type\":\"WebSite\",\"@id\":\"https:\/\/lapistaciclabili.it\/#website\",\"url\":\"https:\/\/lapistaciclabili.it\/\",\"name\":\"lapistaciclabili.it\",\"description\":\"\",\"publisher\":{\"@id\":\"https:\/\/lapistaciclabili.it\/#organization\"},\"potentialAction\":[{\"@type\":\"SearchAction\",\"target\":{\"@type\":\"EntryPoint\",\"urlTemplate\":\"https:\/\/lapistaciclabili.it\/?s={search_term_string}\"},\"query-input\":\"required name=search_term_string\"}],\"inLanguage\":\"es\"},{\"@type\":\"Organization\",\"@id\":\"https:\/\/lapistaciclabili.it\/#organization\",\"name\":\"lapistaciclabili.it\",\"url\":\"https:\/\/lapistaciclabili.it\/\",\"logo\":{\"@type\":\"ImageObject\",\"inLanguage\":\"es\",\"@id\":\"https:\/\/lapistaciclabili.it\/#\/schema\/logo\/image\/\",\"url\":\"https:\/\/lapistaciclabili.it\/wp-content\/uploads\/2024\/06\/lapistaciclabili.it_-1.png\",\"contentUrl\":\"https:\/\/lapistaciclabili.it\/wp-content\/uploads\/2024\/06\/lapistaciclabili.it_-1.png\",\"width\":768,\"height\":220,\"caption\":\"lapistaciclabili.it\"},\"image\":{\"@id\":\"https:\/\/lapistaciclabili.it\/#\/schema\/logo\/image\/\"},\"sameAs\":[\"https:\/\/www.facebook.com\/multisenal\/\",\"https:\/\/x.com\/multisenal\",\"https:\/\/www.instagram.com\/multisenalmx\/\",\"https:\/\/www.linkedin.com\/company\/multisenalmexico\/\",\"https:\/\/www.youtube.com\/@multisenaloficial\"]}]}<\/script>\n<!-- \/ Yoast SEO Premium plugin. -->","yoast_head_json":{"title":"Paleta Abatible para Ciclov\u00edas - lapistaciclabili.it","description":"La Paleta abatible para ciclo\u00edvas es ideal para demarcar ciclov\u00edas. Capaz de volver a su forma original en caso de que pase sobre \u00e9l un veh\u00edculo.","robots":{"index":"index","follow":"follow","max-snippet":"max-snippet:-1","max-image-preview":"max-image-preview:large","max-video-preview":"max-video-preview:-1"},"canonical":"https:\/\/lapistaciclabili.it\/es\/producto\/paleta-abatible-para-ciclovias\/","og_locale":"es_ES","og_type":"article","og_title":"Paleta Abatible para Ciclov\u00edas","og_description":"La Paleta abatible para ciclo\u00edvas es ideal para demarcar ciclov\u00edas. Capaz de volver a su forma original en caso de que pase sobre \u00e9l un veh\u00edculo.","og_url":"https:\/\/lapistaciclabili.it\/producto\/paleta-abatible-para-ciclovias\/","og_site_name":"lapistaciclabili.it","article_publisher":"https:\/\/www.facebook.com\/multisenal\/","article_modified_time":"2024-08-16T23:29:43+00:00","og_image":[{"width":1200,"height":1200,"url":"https:\/\/lapistaciclabili.it\/wp-content\/uploads\/2024\/06\/Paleta-Abatible-125.webp","type":"image\/webp"}],"twitter_card":"summary_large_image","twitter_site":"@multisenal","twitter_misc":{"Tiempo de lectura":"2 minutos"},"schema":{"@context":"https:\/\/schema.org","@graph":[{"@type":"WebPage","@id":"https:\/\/lapistaciclabili.it\/producto\/paleta-abatible-para-ciclovias\/","url":"https:\/\/lapistaciclabili.it\/producto\/paleta-abatible-para-ciclovias\/","name":"Paleta Abatible para Ciclov\u00edas - lapistaciclabili.it","isPartOf":{"@id":"https:\/\/lapistaciclabili.it\/#website"},"primaryImageOfPage":{"@id":"https:\/\/lapistaciclabili.it\/producto\/paleta-abatible-para-ciclovias\/#primaryimage"},"image":{"@id":"https:\/\/lapistaciclabili.it\/producto\/paleta-abatible-para-ciclovias\/#primaryimage"},"thumbnailUrl":"https:\/\/lapistaciclabili.it\/wp-content\/uploads\/2024\/06\/Paleta-Abatible-125.webp","datePublished":"2024-06-30T23:07:03+00:00","dateModified":"2024-08-16T23:29:43+00:00","description":"La Paleta abatible para ciclo\u00edvas es ideal para demarcar ciclov\u00edas. Capaz de volver a su forma original en caso de que pase sobre \u00e9l un veh\u00edculo.","breadcrumb":{"@id":"https:\/\/lapistaciclabili.it\/producto\/paleta-abatible-para-ciclovias\/#breadcrumb"},"inLanguage":"es","potentialAction":[{"@type":"ReadAction","target":["https:\/\/lapistaciclabili.it\/producto\/paleta-abatible-para-ciclovias\/"]}]},{"@type":"ImageObject","inLanguage":"es","@id":"https:\/\/lapistaciclabili.it\/producto\/paleta-abatible-para-ciclovias\/#primaryimage","url":"https:\/\/lapistaciclabili.it\/wp-content\/uploads\/2024\/06\/Paleta-Abatible-125.webp","contentUrl":"https:\/\/lapistaciclabili.it\/wp-content\/uploads\/2024\/06\/Paleta-Abatible-125.webp","width":1200,"height":1200,"caption":"La Paleta abatible para ciclo\u00edvas es ideal para demarcar ciclov\u00edas. Capaz de volver a su forma original en caso de que pase sobre \u00e9l un veh\u00edculo."},{"@type":"BreadcrumbList","@id":"https:\/\/lapistaciclabili.it\/producto\/paleta-abatible-para-ciclovias\/#breadcrumb","itemListElement":[{"@type":"ListItem","position":1,"name":"Inicio","item":"https:\/\/lapistaciclabili.it\/"},{"@type":"ListItem","position":2,"name":"Tienda","item":"https:\/\/lapistaciclabili.it\/tienda\/"},{"@type":"ListItem","position":3,"name":"Paleta Abatible para Ciclov\u00edas"}]},{"@type":"WebSite","@id":"https:\/\/lapistaciclabili.it\/#website","url":"https:\/\/lapistaciclabili.it\/","name":"lapistaciclabili.it","description":"","publisher":{"@id":"https:\/\/lapistaciclabili.it\/#organization"},"potentialAction":[{"@type":"SearchAction","target":{"@type":"EntryPoint","urlTemplate":"https:\/\/lapistaciclabili.it\/?s={search_term_string}"},"query-input":"required name=search_term_string"}],"inLanguage":"es"},{"@type":"Organization","@id":"https:\/\/lapistaciclabili.it\/#organization","name":"lapistaciclabili.it","url":"https:\/\/lapistaciclabili.it\/","logo":{"@type":"ImageObject","inLanguage":"es","@id":"https:\/\/lapistaciclabili.it\/#\/schema\/logo\/image\/","url":"https:\/\/lapistaciclabili.it\/wp-content\/uploads\/2024\/06\/lapistaciclabili.it_-1.png","contentUrl":"https:\/\/lapistaciclabili.it\/wp-content\/uploads\/2024\/06\/lapistaciclabili.it_-1.png","width":768,"height":220,"caption":"lapistaciclabili.it"},"image":{"@id":"https:\/\/lapistaciclabili.it\/#\/schema\/logo\/image\/"},"sameAs":["https:\/\/www.facebook.com\/multisenal\/","https:\/\/x.com\/multisenal","https:\/\/www.instagram.com\/multisenalmx\/","https:\/\/www.linkedin.com\/company\/multisenalmexico\/","https:\/\/www.youtube.com\/@multisenaloficial"]}]}},"_links":{"self":[{"href":"https:\/\/lapistaciclabili.it\/es\/wp-json\/wp\/v2\/product\/4611","targetHints":{"allow":["GET"]}}],"collection":[{"href":"https:\/\/lapistaciclabili.it\/es\/wp-json\/wp\/v2\/product"}],"about":[{"href":"https:\/\/lapistaciclabili.it\/es\/wp-json\/wp\/v2\/types\/product"}],"replies":[{"embeddable":true,"href":"https:\/\/lapistaciclabili.it\/es\/wp-json\/wp\/v2\/comments?post=4611"}],"wp:featuredmedia":[{"embeddable":true,"href":"https:\/\/lapistaciclabili.it\/es\/wp-json\/wp\/v2\/media\/4664"}],"wp:attachment":[{"href":"https:\/\/lapistaciclabili.it\/es\/wp-json\/wp\/v2\/media?parent=4611"}],"wp:term":[{"taxonomy":"product_cat","embeddable":true,"href":"https:\/\/lapistaciclabili.it\/es\/wp-json\/wp\/v2\/product_cat?post=4611"},{"taxonomy":"product_tag","embeddable":true,"href":"https:\/\/lapistaciclabili.it\/es\/wp-json\/wp\/v2\/product_tag?post=4611"}],"curies":[{"name":"wp","href":"https:\/\/api.w.org\/{rel}","templated":true}]}}