{"id":4606,"date":"2024-06-17T20:24:00","date_gmt":"2024-06-17T20:24:00","guid":{"rendered":"https:\/\/lapistaciclabili.it\/?post_type=product&#038;p=4606"},"modified":"2024-08-15T23:10:15","modified_gmt":"2024-08-15T23:10:15","slug":"baliza-brio-1000-plus","status":"publish","type":"product","link":"https:\/\/lapistaciclabili.it\/es\/producto\/baliza-brio-1000-plus\/","title":{"rendered":"Baliza Br\u00edo 1000 Plus"},"content":{"rendered":"<p style=\"font-weight: 400;\">Protege y se\u00f1aliza espacios exclusivos con la Baliza Brio 1000 Plus. Id\u00f3nea para colocarse en ciclov\u00edas y delimitar \u00e1reas espec\u00edficas de las mismas. Su forma, propiedades y estilo la convierten en una \u00fatil herramienta para se\u00f1alizar tramos como el final o inicio de los carriles exclusivos ciclistas.<\/p>\n<p style=\"font-weight: 400;\">Las balizas son postes se\u00f1alizadores flexibles que se utilizan para indicar zonas de riesgo o delimitar \u00e1reas espec\u00edficas. Son elementos esenciales para la seguridad vial y la prevenci\u00f3n de accidentes.<\/p>\n<p style=\"font-weight: 400;\">La Baliza Brio 1000 Plus tiene m\u00faltiples aplicaciones,\u00a0entre las que destacan:<\/p>\n<ul>\n<li style=\"font-weight: 400;\">Evitar que los veh\u00edculos invadan zonas peligrosas o prohibidas para ellos, tales como las ciclov\u00edas.<\/li>\n<li style=\"font-weight: 400;\">Delimitar zonas reservadas, como estacionamientos, \u00e1reas de construcci\u00f3n o tramos particulares en las ciclopistas.<\/li>\n<li style=\"font-weight: 400;\">Se\u00f1ala obst\u00e1culos o zonas de riesgo.<\/li>\n<li style=\"font-weight: 400;\">Gu\u00eda el tr\u00e1fico y lo mantiene al margen de la infraestructura ciclista.<\/li>\n<li style=\"font-weight: 400;\">Crea pasos peatonales seguros.<\/li>\n<\/ul>\n<p style=\"font-weight: 400;\"><strong>Caracter\u00edsticas:<\/strong><\/p>\n<ul>\n<li style=\"font-weight: 400;\">La Baliza Brio 1000 Plus es 100% flexibles.\u00a0Resistentes al impacto de los veh\u00edculos,\u00a0incluso a velocidades de hasta 50 km\/h.<\/li>\n<li style=\"font-weight: 400;\">Retorno autom\u00e1tico:\u00a0Vuelven a su posici\u00f3n vertical y forma original despu\u00e9s de ser atropelladas.<\/li>\n<li style=\"font-weight: 400;\">Base robusta:\u00a0Fabricada con pl\u00e1stico de nueva generaci\u00f3n que soporta hasta 25 mil atropellamientos.<\/li>\n<li style=\"font-weight: 400;\">Dise\u00f1o de una sola pieza:\u00a0Sin tapones extra que puedan desprenderse.<\/li>\n<li style=\"font-weight: 400;\">Material seguro:\u00a0Elaboradas en POLIFLEXY PLUS\u00ae,\u00a0un material suave y flexible que no da\u00f1a los veh\u00edculos.<\/li>\n<li style=\"font-weight: 400;\">Alta visibilidad:\u00a0Incluyen dos anillos de reflejante prism\u00e1tico protegidos con aros del mismo cuerpo para garantizar la durabilidad del \u00e1rea brillante.<\/li>\n<li style=\"font-weight: 400;\">F\u00e1cil instalaci\u00f3n:\u00a0Se anclan al suelo de forma segura mediante 4 tornillos,\u00a04 rondanas planas y 4 taquetes extralargos.<\/li>\n<li style=\"font-weight: 400;\">La Baliza Brio 1000 Plus es una inversi\u00f3n en seguridad ciclista y urbana que te permitir\u00e1 proteger tu espacio y prevenir accidentes.<\/li>\n<\/ul>\n<p style=\"font-weight: 400;\"><strong>Medidas:<\/strong><\/p>\n<ul>\n<li>Alto: 100.0 cm<\/li>\n<li>Di\u00e1metro cuerpo: 10.6 cm<\/li>\n<li>Di\u00e1metro Base 18.0 cm<\/li>\n<li>Color: Negro<\/li>\n<li>Color reflejante: Blanco<\/li>\n<\/ul>\n<p>Revisa el <a href=\"https:\/\/lapistaciclabili.it\/productos-ciclovias\/\">cat\u00e1logo completo<\/a> con todos los dispositivos de se\u00f1alizaci\u00f3n ciclista que tenemos para ti. Contribuye con la construcci\u00f3n de m\u00e1s y mejor <a href=\"https:\/\/multisenal.com.mx\/blog\/infraestructura-y-equipamiento-ciclista-que-es\/\">infraestructura ciclista<\/a>.<\/p>\n","protected":false},"excerpt":{"rendered":"<p><strong>Nombre del producto: Baliza Br\u00edo 1000 Plus<\/strong><\/p>\n<p><strong>C\u00f3digo: BBRIO-1000 Plus<\/strong><\/p>\n<table>\n<tbody>\n<tr>\n<td style=\"text-align: center;\"><strong>ESPA\u00d1OL<\/strong><\/td>\n<td style=\"text-align: center;\"><strong>INGL\u00c9S<\/strong><\/td>\n<\/tr>\n<tr>\n<td><a href=\"https:\/\/multisenal.com.mx\/FichasTecnicas\/Baliza-BBRIO-1000-PLUS-ES.pdf\"><img decoding=\"async\" class=\"wp-image-5524 aligncenter\" src=\"https:\/\/lapistaciclabili.it\/wp-content\/uploads\/2024\/06\/img-pdf-ciclopistas.webp\" alt=\"\" width=\"49\" height=\"49\" \/><\/a><\/td>\n<td><a href=\"https:\/\/multisenal.com.mx\/FichasTecnicas\/Baliza-BBRIO-1000-PLUS-EN.pdf\"><img decoding=\"async\" class=\"wp-image-5524 aligncenter\" src=\"https:\/\/lapistaciclabili.it\/wp-content\/uploads\/2024\/06\/img-pdf-ciclopistas.webp\" alt=\"\" width=\"49\" height=\"49\" \/><\/a><\/td>\n<\/tr>\n<\/tbody>\n<\/table>\n","protected":false},"featured_media":4607,"comment_status":"open","ping_status":"closed","template":"","meta":[],"product_cat":[20],"product_tag":[],"class_list":{"0":"post-4606","1":"product","2":"type-product","3":"status-publish","4":"has-post-thumbnail","6":"product_cat-balizamiento","8":"first","9":"instock","10":"shipping-taxable","11":"product-type-simple"},"yoast_head":"<!-- This site is optimized with the Yoast SEO Premium plugin v22.3 (Yoast SEO v23.0) - https:\/\/yoast.com\/wordpress\/plugins\/seo\/ -->\n<title>Baliza Br\u00edo 1000 Plus - lapistaciclabili.it<\/title>\n<meta name=\"description\" content=\"La baliza Brio 1000 Plus otorga gran resistencia y flexibilidad para delimitar y separar espacios exclusivos, tales como ciclov\u00edas.\" \/>\n<meta name=\"robots\" content=\"index, follow, max-snippet:-1, max-image-preview:large, max-video-preview:-1\" \/>\n<link rel=\"canonical\" href=\"https:\/\/lapistaciclabili.it\/es\/producto\/baliza-brio-1000-plus\/\" \/>\n<meta property=\"og:locale\" content=\"es_ES\" \/>\n<meta property=\"og:type\" content=\"article\" \/>\n<meta property=\"og:title\" content=\"Baliza Br\u00edo 1000 Plus\" \/>\n<meta property=\"og:description\" content=\"La baliza Brio 1000 Plus otorga gran resistencia y flexibilidad para delimitar y separar espacios exclusivos, tales como ciclov\u00edas.\" \/>\n<meta property=\"og:url\" content=\"https:\/\/lapistaciclabili.it\/producto\/baliza-brio-1000-plus\/\" \/>\n<meta property=\"og:site_name\" content=\"lapistaciclabili.it\" \/>\n<meta property=\"article:publisher\" content=\"https:\/\/www.facebook.com\/multisenal\/\" \/>\n<meta property=\"article:modified_time\" content=\"2024-08-15T23:10:15+00:00\" \/>\n<meta property=\"og:image\" content=\"https:\/\/lapistaciclabili.it\/wp-content\/uploads\/2024\/06\/BRIO-1000-PLUS.webp\" \/>\n\t<meta property=\"og:image:width\" content=\"1200\" \/>\n\t<meta property=\"og:image:height\" content=\"1200\" \/>\n\t<meta property=\"og:image:type\" content=\"image\/webp\" \/>\n<meta name=\"twitter:card\" content=\"summary_large_image\" \/>\n<meta name=\"twitter:site\" content=\"@multisenal\" \/>\n<meta name=\"twitter:label1\" content=\"Tiempo de lectura\" \/>\n\t<meta name=\"twitter:data1\" content=\"2 minutos\" \/>\n<script type=\"application\/ld+json\" class=\"yoast-schema-graph\">{\"@context\":\"https:\/\/schema.org\",\"@graph\":[{\"@type\":\"WebPage\",\"@id\":\"https:\/\/lapistaciclabili.it\/producto\/baliza-brio-1000-plus\/\",\"url\":\"https:\/\/lapistaciclabili.it\/producto\/baliza-brio-1000-plus\/\",\"name\":\"Baliza Br\u00edo 1000 Plus - lapistaciclabili.it\",\"isPartOf\":{\"@id\":\"https:\/\/lapistaciclabili.it\/#website\"},\"primaryImageOfPage\":{\"@id\":\"https:\/\/lapistaciclabili.it\/producto\/baliza-brio-1000-plus\/#primaryimage\"},\"image\":{\"@id\":\"https:\/\/lapistaciclabili.it\/producto\/baliza-brio-1000-plus\/#primaryimage\"},\"thumbnailUrl\":\"https:\/\/lapistaciclabili.it\/wp-content\/uploads\/2024\/06\/BRIO-1000-PLUS.webp\",\"datePublished\":\"2024-06-17T20:24:00+00:00\",\"dateModified\":\"2024-08-15T23:10:15+00:00\",\"description\":\"La baliza Brio 1000 Plus otorga gran resistencia y flexibilidad para delimitar y separar espacios exclusivos, tales como ciclov\u00edas.\",\"breadcrumb\":{\"@id\":\"https:\/\/lapistaciclabili.it\/producto\/baliza-brio-1000-plus\/#breadcrumb\"},\"inLanguage\":\"es\",\"potentialAction\":[{\"@type\":\"ReadAction\",\"target\":[\"https:\/\/lapistaciclabili.it\/producto\/baliza-brio-1000-plus\/\"]}]},{\"@type\":\"ImageObject\",\"inLanguage\":\"es\",\"@id\":\"https:\/\/lapistaciclabili.it\/producto\/baliza-brio-1000-plus\/#primaryimage\",\"url\":\"https:\/\/lapistaciclabili.it\/wp-content\/uploads\/2024\/06\/BRIO-1000-PLUS.webp\",\"contentUrl\":\"https:\/\/lapistaciclabili.it\/wp-content\/uploads\/2024\/06\/BRIO-1000-PLUS.webp\",\"width\":1200,\"height\":1200,\"caption\":\"La baliza Brio 1000 Plus otorga gran resistencia y flexibilidad para delimitar y separar espacios exclusivos, tales como ciclov\u00edas.\"},{\"@type\":\"BreadcrumbList\",\"@id\":\"https:\/\/lapistaciclabili.it\/producto\/baliza-brio-1000-plus\/#breadcrumb\",\"itemListElement\":[{\"@type\":\"ListItem\",\"position\":1,\"name\":\"Inicio\",\"item\":\"https:\/\/lapistaciclabili.it\/\"},{\"@type\":\"ListItem\",\"position\":2,\"name\":\"Tienda\",\"item\":\"https:\/\/lapistaciclabili.it\/tienda\/\"},{\"@type\":\"ListItem\",\"position\":3,\"name\":\"Baliza Br\u00edo 1000 Plus\"}]},{\"@type\":\"WebSite\",\"@id\":\"https:\/\/lapistaciclabili.it\/#website\",\"url\":\"https:\/\/lapistaciclabili.it\/\",\"name\":\"lapistaciclabili.it\",\"description\":\"\",\"publisher\":{\"@id\":\"https:\/\/lapistaciclabili.it\/#organization\"},\"potentialAction\":[{\"@type\":\"SearchAction\",\"target\":{\"@type\":\"EntryPoint\",\"urlTemplate\":\"https:\/\/lapistaciclabili.it\/?s={search_term_string}\"},\"query-input\":\"required name=search_term_string\"}],\"inLanguage\":\"es\"},{\"@type\":\"Organization\",\"@id\":\"https:\/\/lapistaciclabili.it\/#organization\",\"name\":\"lapistaciclabili.it\",\"url\":\"https:\/\/lapistaciclabili.it\/\",\"logo\":{\"@type\":\"ImageObject\",\"inLanguage\":\"es\",\"@id\":\"https:\/\/lapistaciclabili.it\/#\/schema\/logo\/image\/\",\"url\":\"https:\/\/lapistaciclabili.it\/wp-content\/uploads\/2024\/06\/lapistaciclabili.it_-1.png\",\"contentUrl\":\"https:\/\/lapistaciclabili.it\/wp-content\/uploads\/2024\/06\/lapistaciclabili.it_-1.png\",\"width\":768,\"height\":220,\"caption\":\"lapistaciclabili.it\"},\"image\":{\"@id\":\"https:\/\/lapistaciclabili.it\/#\/schema\/logo\/image\/\"},\"sameAs\":[\"https:\/\/www.facebook.com\/multisenal\/\",\"https:\/\/x.com\/multisenal\",\"https:\/\/www.instagram.com\/multisenalmx\/\",\"https:\/\/www.linkedin.com\/company\/multisenalmexico\/\",\"https:\/\/www.youtube.com\/@multisenaloficial\"]}]}<\/script>\n<!-- \/ Yoast SEO Premium plugin. -->","yoast_head_json":{"title":"Baliza Br\u00edo 1000 Plus - lapistaciclabili.it","description":"La baliza Brio 1000 Plus otorga gran resistencia y flexibilidad para delimitar y separar espacios exclusivos, tales como ciclov\u00edas.","robots":{"index":"index","follow":"follow","max-snippet":"max-snippet:-1","max-image-preview":"max-image-preview:large","max-video-preview":"max-video-preview:-1"},"canonical":"https:\/\/lapistaciclabili.it\/es\/producto\/baliza-brio-1000-plus\/","og_locale":"es_ES","og_type":"article","og_title":"Baliza Br\u00edo 1000 Plus","og_description":"La baliza Brio 1000 Plus otorga gran resistencia y flexibilidad para delimitar y separar espacios exclusivos, tales como ciclov\u00edas.","og_url":"https:\/\/lapistaciclabili.it\/producto\/baliza-brio-1000-plus\/","og_site_name":"lapistaciclabili.it","article_publisher":"https:\/\/www.facebook.com\/multisenal\/","article_modified_time":"2024-08-15T23:10:15+00:00","og_image":[{"width":1200,"height":1200,"url":"https:\/\/lapistaciclabili.it\/wp-content\/uploads\/2024\/06\/BRIO-1000-PLUS.webp","type":"image\/webp"}],"twitter_card":"summary_large_image","twitter_site":"@multisenal","twitter_misc":{"Tiempo de lectura":"2 minutos"},"schema":{"@context":"https:\/\/schema.org","@graph":[{"@type":"WebPage","@id":"https:\/\/lapistaciclabili.it\/producto\/baliza-brio-1000-plus\/","url":"https:\/\/lapistaciclabili.it\/producto\/baliza-brio-1000-plus\/","name":"Baliza Br\u00edo 1000 Plus - lapistaciclabili.it","isPartOf":{"@id":"https:\/\/lapistaciclabili.it\/#website"},"primaryImageOfPage":{"@id":"https:\/\/lapistaciclabili.it\/producto\/baliza-brio-1000-plus\/#primaryimage"},"image":{"@id":"https:\/\/lapistaciclabili.it\/producto\/baliza-brio-1000-plus\/#primaryimage"},"thumbnailUrl":"https:\/\/lapistaciclabili.it\/wp-content\/uploads\/2024\/06\/BRIO-1000-PLUS.webp","datePublished":"2024-06-17T20:24:00+00:00","dateModified":"2024-08-15T23:10:15+00:00","description":"La baliza Brio 1000 Plus otorga gran resistencia y flexibilidad para delimitar y separar espacios exclusivos, tales como ciclov\u00edas.","breadcrumb":{"@id":"https:\/\/lapistaciclabili.it\/producto\/baliza-brio-1000-plus\/#breadcrumb"},"inLanguage":"es","potentialAction":[{"@type":"ReadAction","target":["https:\/\/lapistaciclabili.it\/producto\/baliza-brio-1000-plus\/"]}]},{"@type":"ImageObject","inLanguage":"es","@id":"https:\/\/lapistaciclabili.it\/producto\/baliza-brio-1000-plus\/#primaryimage","url":"https:\/\/lapistaciclabili.it\/wp-content\/uploads\/2024\/06\/BRIO-1000-PLUS.webp","contentUrl":"https:\/\/lapistaciclabili.it\/wp-content\/uploads\/2024\/06\/BRIO-1000-PLUS.webp","width":1200,"height":1200,"caption":"La baliza Brio 1000 Plus otorga gran resistencia y flexibilidad para delimitar y separar espacios exclusivos, tales como ciclov\u00edas."},{"@type":"BreadcrumbList","@id":"https:\/\/lapistaciclabili.it\/producto\/baliza-brio-1000-plus\/#breadcrumb","itemListElement":[{"@type":"ListItem","position":1,"name":"Inicio","item":"https:\/\/lapistaciclabili.it\/"},{"@type":"ListItem","position":2,"name":"Tienda","item":"https:\/\/lapistaciclabili.it\/tienda\/"},{"@type":"ListItem","position":3,"name":"Baliza Br\u00edo 1000 Plus"}]},{"@type":"WebSite","@id":"https:\/\/lapistaciclabili.it\/#website","url":"https:\/\/lapistaciclabili.it\/","name":"lapistaciclabili.it","description":"","publisher":{"@id":"https:\/\/lapistaciclabili.it\/#organization"},"potentialAction":[{"@type":"SearchAction","target":{"@type":"EntryPoint","urlTemplate":"https:\/\/lapistaciclabili.it\/?s={search_term_string}"},"query-input":"required name=search_term_string"}],"inLanguage":"es"},{"@type":"Organization","@id":"https:\/\/lapistaciclabili.it\/#organization","name":"lapistaciclabili.it","url":"https:\/\/lapistaciclabili.it\/","logo":{"@type":"ImageObject","inLanguage":"es","@id":"https:\/\/lapistaciclabili.it\/#\/schema\/logo\/image\/","url":"https:\/\/lapistaciclabili.it\/wp-content\/uploads\/2024\/06\/lapistaciclabili.it_-1.png","contentUrl":"https:\/\/lapistaciclabili.it\/wp-content\/uploads\/2024\/06\/lapistaciclabili.it_-1.png","width":768,"height":220,"caption":"lapistaciclabili.it"},"image":{"@id":"https:\/\/lapistaciclabili.it\/#\/schema\/logo\/image\/"},"sameAs":["https:\/\/www.facebook.com\/multisenal\/","https:\/\/x.com\/multisenal","https:\/\/www.instagram.com\/multisenalmx\/","https:\/\/www.linkedin.com\/company\/multisenalmexico\/","https:\/\/www.youtube.com\/@multisenaloficial"]}]}},"_links":{"self":[{"href":"https:\/\/lapistaciclabili.it\/es\/wp-json\/wp\/v2\/product\/4606","targetHints":{"allow":["GET"]}}],"collection":[{"href":"https:\/\/lapistaciclabili.it\/es\/wp-json\/wp\/v2\/product"}],"about":[{"href":"https:\/\/lapistaciclabili.it\/es\/wp-json\/wp\/v2\/types\/product"}],"replies":[{"embeddable":true,"href":"https:\/\/lapistaciclabili.it\/es\/wp-json\/wp\/v2\/comments?post=4606"}],"wp:featuredmedia":[{"embeddable":true,"href":"https:\/\/lapistaciclabili.it\/es\/wp-json\/wp\/v2\/media\/4607"}],"wp:attachment":[{"href":"https:\/\/lapistaciclabili.it\/es\/wp-json\/wp\/v2\/media?parent=4606"}],"wp:term":[{"taxonomy":"product_cat","embeddable":true,"href":"https:\/\/lapistaciclabili.it\/es\/wp-json\/wp\/v2\/product_cat?post=4606"},{"taxonomy":"product_tag","embeddable":true,"href":"https:\/\/lapistaciclabili.it\/es\/wp-json\/wp\/v2\/product_tag?post=4606"}],"curies":[{"name":"wp","href":"https:\/\/api.w.org\/{rel}","templated":true}]}}