{"id":4604,"date":"2024-06-17T20:44:19","date_gmt":"2024-06-17T20:44:19","guid":{"rendered":"https:\/\/lapistaciclabili.it\/?post_type=product&#038;p=4604"},"modified":"2024-08-16T18:59:32","modified_gmt":"2024-08-16T18:59:32","slug":"baliza-solar-destellante","status":"publish","type":"product","link":"https:\/\/lapistaciclabili.it\/es\/producto\/baliza-solar-destellante\/","title":{"rendered":"Baliza Solar Destellante"},"content":{"rendered":"<p style=\"font-weight: 400;\">\u00a1Protege zona exclusivas ciclistas con la Baliza Solar Destellante! Mant\u00e9n la <a href=\"https:\/\/www.dof.gob.mx\/nota_detalle.php?codigo=5708455&amp;fecha=14\/11\/2023\">seguridad vial<\/a> y delimita ciclov\u00edas y otras \u00e1reas espec\u00edficas con estos dispositivos que soportan cualquier impacto.<\/p>\n<p style=\"font-weight: 400;\">Dise\u00f1adas para resistir los golpes m\u00e1s severos, estas balizas proteger\u00e1n dichos espacios de manera inquebrantable.<\/p>\n<p style=\"font-weight: 400;\"><strong>Caracter\u00edsticas excepcionales:<\/strong><\/p>\n<p style=\"font-weight: 400;\">Resistencia inigualable:\u00a0Fabricadas con materiales de \u00faltima generaci\u00f3n,\u00a0soportan hasta 25.000 atropellamientos imprudenciales de veh\u00edculos menores a 5 toneladas.<\/p>\n<p style=\"font-weight: 400;\">Recuperabilidad inmediata: Tras un impacto, la Baliza Solar Destellante regresa a su posici\u00f3n vertical y forma original.<\/p>\n<p style=\"font-weight: 400;\">Seguridad para todos:\u00a0Elaboradas en polietileno,\u00a0un material que no causa da\u00f1os a los veh\u00edculos en caso de colisi\u00f3n.<\/p>\n<p style=\"font-weight: 400;\">Visibilidad garantizada: Cuenta con dos anillos de reflejante prism\u00e1tico protegidos por aros del mismo cuerpo, asegurando una alta visibilidad nocturna.<\/p>\n<p style=\"font-weight: 400;\">Iluminaci\u00f3n aut\u00f3noma: LEDs parpadeantes con encendido y apagado autom\u00e1tico, proporciona una se\u00f1alizaci\u00f3n clara y visible durante la noche.<\/p>\n<p style=\"font-weight: 400;\">Energ\u00eda solar eficiente:\u00a0Alimentada por una celda solar fotovoltaica y una bater\u00eda recargable,\u00a0la baliza funciona de manera aut\u00f3noma sin necesidad de conexi\u00f3n a la red el\u00e9ctrica.<\/p>\n<p style=\"font-weight: 400;\">Instalaci\u00f3n sencilla:\u00a0Se fija al piso de forma segura mediante 4 tornillos,\u00a04 rondanas planas y 4 taquetes extralargos (no incluidos).<\/p>\n<p style=\"font-weight: 400;\"><strong>Aplicaciones:<\/strong><\/p>\n<p style=\"font-weight: 400;\">Ideal para delimitar o canalizar ciclov\u00edas, carriles exclusivos y pasos peatonales.<\/p>\n<p style=\"font-weight: 400;\">Se\u00f1ala \u00e1reas de peligro o zonas prohibidas para el acceso vehicular.<\/p>\n<p style=\"font-weight: 400;\"><strong>Beneficios:<\/strong><\/p>\n<p style=\"font-weight: 400;\">Mejora la seguridad vial:\u00a0Reduce el riesgo de accidentes protegiendo a conductores,\u00a0ciclistas y peatones.<\/p>\n<p style=\"font-weight: 400;\">Soluci\u00f3n duradera y econ\u00f3mica: Fabricada con materiales resistentes y de bajo mantenimiento, es una inversi\u00f3n a largo plazo.<\/p>\n<p style=\"font-weight: 400;\">Funcionamiento aut\u00f3nomo:\u00a0No requiere conexi\u00f3n a la red el\u00e9ctrica,\u00a0lo que la hace ideal para zonas remotas o con acceso limitado a la energ\u00eda.<\/p>\n<p style=\"font-weight: 400;\"><strong>Medidas:<\/strong><\/p>\n<ul>\n<li>Altura: 105 cm<\/li>\n<li>\u00f8 sup. 10.8 cm.<br \/>\n\u00f8 base 18.0 cm<\/li>\n<li>Color de reflejante: 2 anillos Blanco o \u00e1mbar.<\/li>\n<\/ul>\n<p>Mira el <a href=\"https:\/\/lapistaciclabili.it\/productos-ciclovias\/\">cat\u00e1logo<\/a> completo. Encuentra los productos necesarios para la delimitaci\u00f3n de las ciclopistas.<\/p>\n","protected":false},"excerpt":{"rendered":"<p><strong>Nombre del producto: Baliza Br\u00edo Solar<\/strong><\/p>\n<p><strong>C\u00f3digo: BBRIO-1000-Solar<\/strong><\/p>\n<table>\n<tbody>\n<tr>\n<td style=\"text-align: center;\"><strong>ESPA\u00d1OL<\/strong><\/td>\n<td style=\"text-align: center;\"><strong>INGL\u00c9S<\/strong><\/td>\n<td style=\"text-align: center;\"><strong>MODELO 3D<\/strong><\/td>\n<\/tr>\n<tr>\n<td><a href=\"https:\/\/multisenal.com.mx\/FichasTecnicas\/Baliza-Brio-1000-SOLAR-ES.pdf\"><img decoding=\"async\" class=\"wp-image-5524 aligncenter\" src=\"https:\/\/lapistaciclabili.it\/wp-content\/uploads\/2024\/06\/img-pdf-ciclopistas.webp\" alt=\"\" width=\"49\" height=\"49\" \/><\/a><\/td>\n<td><a href=\"https:\/\/multisenal.com.mx\/FichasTecnicas\/Baliza-Brio-1000-SOLAR-EN.pdf\"><img decoding=\"async\" class=\"wp-image-5524 aligncenter\" src=\"https:\/\/lapistaciclabili.it\/wp-content\/uploads\/2024\/06\/img-pdf-ciclopistas.webp\" alt=\"\" width=\"49\" height=\"49\" \/><\/a><\/td>\n<td><a href=\"https:\/\/lapistaciclabili.it\/renders\/baliza-brio-1000-solar-modelo-360\/\"><img decoding=\"async\" class=\"wp-image-5524 aligncenter\" src=\"https:\/\/lapistaciclabili.it\/wp-content\/uploads\/2024\/06\/img-modelo3D.webp\" alt=\"\" width=\"49\" height=\"49\" \/><\/a><\/td>\n<\/tr>\n<\/tbody>\n<\/table>\n","protected":false},"featured_media":4605,"comment_status":"open","ping_status":"closed","template":"","meta":[],"product_cat":[20,26],"product_tag":[],"class_list":{"0":"post-4604","1":"product","2":"type-product","3":"status-publish","4":"has-post-thumbnail","6":"product_cat-balizamiento","7":"product_cat-productos-solares","9":"first","10":"instock","11":"shipping-taxable","12":"product-type-simple"},"yoast_head":"<!-- This site is optimized with the Yoast SEO Premium plugin v22.3 (Yoast SEO v23.0) - https:\/\/yoast.com\/wordpress\/plugins\/seo\/ -->\n<title>Baliza Solar Destellante - lapistaciclabili.it<\/title>\n<meta name=\"description\" content=\"La Baliza Solar Destellante es ideal para delimitar zonas exclusivas. Con una bater\u00eda con duraci\u00f3n de hasta 60 horas para zonas de poca luz.\" \/>\n<meta name=\"robots\" content=\"index, follow, max-snippet:-1, max-image-preview:large, max-video-preview:-1\" \/>\n<link rel=\"canonical\" href=\"https:\/\/lapistaciclabili.it\/es\/producto\/baliza-solar-destellante\/\" \/>\n<meta property=\"og:locale\" content=\"es_ES\" \/>\n<meta property=\"og:type\" content=\"article\" \/>\n<meta property=\"og:title\" content=\"Baliza Solar Destellante\" \/>\n<meta property=\"og:description\" content=\"La Baliza Solar Destellante es ideal para delimitar zonas exclusivas. Con una bater\u00eda con duraci\u00f3n de hasta 60 horas para zonas de poca luz.\" \/>\n<meta property=\"og:url\" content=\"https:\/\/lapistaciclabili.it\/producto\/baliza-solar-destellante\/\" \/>\n<meta property=\"og:site_name\" content=\"lapistaciclabili.it\" \/>\n<meta property=\"article:publisher\" content=\"https:\/\/www.facebook.com\/multisenal\/\" \/>\n<meta property=\"article:modified_time\" content=\"2024-08-16T18:59:32+00:00\" \/>\n<meta property=\"og:image\" content=\"https:\/\/lapistaciclabili.it\/wp-content\/uploads\/2024\/06\/Baliza-BBRIO-1000-Solar.webp\" \/>\n\t<meta property=\"og:image:width\" content=\"1200\" \/>\n\t<meta property=\"og:image:height\" content=\"1200\" \/>\n\t<meta property=\"og:image:type\" content=\"image\/webp\" \/>\n<meta name=\"twitter:card\" content=\"summary_large_image\" \/>\n<meta name=\"twitter:site\" content=\"@multisenal\" \/>\n<meta name=\"twitter:label1\" content=\"Tiempo de lectura\" \/>\n\t<meta name=\"twitter:data1\" content=\"2 minutos\" \/>\n<script type=\"application\/ld+json\" class=\"yoast-schema-graph\">{\"@context\":\"https:\/\/schema.org\",\"@graph\":[{\"@type\":\"WebPage\",\"@id\":\"https:\/\/lapistaciclabili.it\/producto\/baliza-solar-destellante\/\",\"url\":\"https:\/\/lapistaciclabili.it\/producto\/baliza-solar-destellante\/\",\"name\":\"Baliza Solar Destellante - lapistaciclabili.it\",\"isPartOf\":{\"@id\":\"https:\/\/lapistaciclabili.it\/#website\"},\"primaryImageOfPage\":{\"@id\":\"https:\/\/lapistaciclabili.it\/producto\/baliza-solar-destellante\/#primaryimage\"},\"image\":{\"@id\":\"https:\/\/lapistaciclabili.it\/producto\/baliza-solar-destellante\/#primaryimage\"},\"thumbnailUrl\":\"https:\/\/lapistaciclabili.it\/wp-content\/uploads\/2024\/06\/Baliza-BBRIO-1000-Solar.webp\",\"datePublished\":\"2024-06-17T20:44:19+00:00\",\"dateModified\":\"2024-08-16T18:59:32+00:00\",\"description\":\"La Baliza Solar Destellante es ideal para delimitar zonas exclusivas. Con una bater\u00eda con duraci\u00f3n de hasta 60 horas para zonas de poca luz.\",\"breadcrumb\":{\"@id\":\"https:\/\/lapistaciclabili.it\/producto\/baliza-solar-destellante\/#breadcrumb\"},\"inLanguage\":\"es\",\"potentialAction\":[{\"@type\":\"ReadAction\",\"target\":[\"https:\/\/lapistaciclabili.it\/producto\/baliza-solar-destellante\/\"]}]},{\"@type\":\"ImageObject\",\"inLanguage\":\"es\",\"@id\":\"https:\/\/lapistaciclabili.it\/producto\/baliza-solar-destellante\/#primaryimage\",\"url\":\"https:\/\/lapistaciclabili.it\/wp-content\/uploads\/2024\/06\/Baliza-BBRIO-1000-Solar.webp\",\"contentUrl\":\"https:\/\/lapistaciclabili.it\/wp-content\/uploads\/2024\/06\/Baliza-BBRIO-1000-Solar.webp\",\"width\":1200,\"height\":1200,\"caption\":\"La Baliza Solar Destellante es ideal para delimitar zonas exclusivas. Con una bater\u00eda con duraci\u00f3n de hasta 60 horas para zonas de poca luz.\"},{\"@type\":\"BreadcrumbList\",\"@id\":\"https:\/\/lapistaciclabili.it\/producto\/baliza-solar-destellante\/#breadcrumb\",\"itemListElement\":[{\"@type\":\"ListItem\",\"position\":1,\"name\":\"Inicio\",\"item\":\"https:\/\/lapistaciclabili.it\/\"},{\"@type\":\"ListItem\",\"position\":2,\"name\":\"Tienda\",\"item\":\"https:\/\/lapistaciclabili.it\/tienda\/\"},{\"@type\":\"ListItem\",\"position\":3,\"name\":\"Baliza Solar Destellante\"}]},{\"@type\":\"WebSite\",\"@id\":\"https:\/\/lapistaciclabili.it\/#website\",\"url\":\"https:\/\/lapistaciclabili.it\/\",\"name\":\"lapistaciclabili.it\",\"description\":\"\",\"publisher\":{\"@id\":\"https:\/\/lapistaciclabili.it\/#organization\"},\"potentialAction\":[{\"@type\":\"SearchAction\",\"target\":{\"@type\":\"EntryPoint\",\"urlTemplate\":\"https:\/\/lapistaciclabili.it\/?s={search_term_string}\"},\"query-input\":\"required name=search_term_string\"}],\"inLanguage\":\"es\"},{\"@type\":\"Organization\",\"@id\":\"https:\/\/lapistaciclabili.it\/#organization\",\"name\":\"lapistaciclabili.it\",\"url\":\"https:\/\/lapistaciclabili.it\/\",\"logo\":{\"@type\":\"ImageObject\",\"inLanguage\":\"es\",\"@id\":\"https:\/\/lapistaciclabili.it\/#\/schema\/logo\/image\/\",\"url\":\"https:\/\/lapistaciclabili.it\/wp-content\/uploads\/2024\/06\/lapistaciclabili.it_-1.png\",\"contentUrl\":\"https:\/\/lapistaciclabili.it\/wp-content\/uploads\/2024\/06\/lapistaciclabili.it_-1.png\",\"width\":768,\"height\":220,\"caption\":\"lapistaciclabili.it\"},\"image\":{\"@id\":\"https:\/\/lapistaciclabili.it\/#\/schema\/logo\/image\/\"},\"sameAs\":[\"https:\/\/www.facebook.com\/multisenal\/\",\"https:\/\/x.com\/multisenal\",\"https:\/\/www.instagram.com\/multisenalmx\/\",\"https:\/\/www.linkedin.com\/company\/multisenalmexico\/\",\"https:\/\/www.youtube.com\/@multisenaloficial\"]}]}<\/script>\n<!-- \/ Yoast SEO Premium plugin. -->","yoast_head_json":{"title":"Baliza Solar Destellante - lapistaciclabili.it","description":"La Baliza Solar Destellante es ideal para delimitar zonas exclusivas. Con una bater\u00eda con duraci\u00f3n de hasta 60 horas para zonas de poca luz.","robots":{"index":"index","follow":"follow","max-snippet":"max-snippet:-1","max-image-preview":"max-image-preview:large","max-video-preview":"max-video-preview:-1"},"canonical":"https:\/\/lapistaciclabili.it\/es\/producto\/baliza-solar-destellante\/","og_locale":"es_ES","og_type":"article","og_title":"Baliza Solar Destellante","og_description":"La Baliza Solar Destellante es ideal para delimitar zonas exclusivas. Con una bater\u00eda con duraci\u00f3n de hasta 60 horas para zonas de poca luz.","og_url":"https:\/\/lapistaciclabili.it\/producto\/baliza-solar-destellante\/","og_site_name":"lapistaciclabili.it","article_publisher":"https:\/\/www.facebook.com\/multisenal\/","article_modified_time":"2024-08-16T18:59:32+00:00","og_image":[{"width":1200,"height":1200,"url":"https:\/\/lapistaciclabili.it\/wp-content\/uploads\/2024\/06\/Baliza-BBRIO-1000-Solar.webp","type":"image\/webp"}],"twitter_card":"summary_large_image","twitter_site":"@multisenal","twitter_misc":{"Tiempo de lectura":"2 minutos"},"schema":{"@context":"https:\/\/schema.org","@graph":[{"@type":"WebPage","@id":"https:\/\/lapistaciclabili.it\/producto\/baliza-solar-destellante\/","url":"https:\/\/lapistaciclabili.it\/producto\/baliza-solar-destellante\/","name":"Baliza Solar Destellante - lapistaciclabili.it","isPartOf":{"@id":"https:\/\/lapistaciclabili.it\/#website"},"primaryImageOfPage":{"@id":"https:\/\/lapistaciclabili.it\/producto\/baliza-solar-destellante\/#primaryimage"},"image":{"@id":"https:\/\/lapistaciclabili.it\/producto\/baliza-solar-destellante\/#primaryimage"},"thumbnailUrl":"https:\/\/lapistaciclabili.it\/wp-content\/uploads\/2024\/06\/Baliza-BBRIO-1000-Solar.webp","datePublished":"2024-06-17T20:44:19+00:00","dateModified":"2024-08-16T18:59:32+00:00","description":"La Baliza Solar Destellante es ideal para delimitar zonas exclusivas. Con una bater\u00eda con duraci\u00f3n de hasta 60 horas para zonas de poca luz.","breadcrumb":{"@id":"https:\/\/lapistaciclabili.it\/producto\/baliza-solar-destellante\/#breadcrumb"},"inLanguage":"es","potentialAction":[{"@type":"ReadAction","target":["https:\/\/lapistaciclabili.it\/producto\/baliza-solar-destellante\/"]}]},{"@type":"ImageObject","inLanguage":"es","@id":"https:\/\/lapistaciclabili.it\/producto\/baliza-solar-destellante\/#primaryimage","url":"https:\/\/lapistaciclabili.it\/wp-content\/uploads\/2024\/06\/Baliza-BBRIO-1000-Solar.webp","contentUrl":"https:\/\/lapistaciclabili.it\/wp-content\/uploads\/2024\/06\/Baliza-BBRIO-1000-Solar.webp","width":1200,"height":1200,"caption":"La Baliza Solar Destellante es ideal para delimitar zonas exclusivas. Con una bater\u00eda con duraci\u00f3n de hasta 60 horas para zonas de poca luz."},{"@type":"BreadcrumbList","@id":"https:\/\/lapistaciclabili.it\/producto\/baliza-solar-destellante\/#breadcrumb","itemListElement":[{"@type":"ListItem","position":1,"name":"Inicio","item":"https:\/\/lapistaciclabili.it\/"},{"@type":"ListItem","position":2,"name":"Tienda","item":"https:\/\/lapistaciclabili.it\/tienda\/"},{"@type":"ListItem","position":3,"name":"Baliza Solar Destellante"}]},{"@type":"WebSite","@id":"https:\/\/lapistaciclabili.it\/#website","url":"https:\/\/lapistaciclabili.it\/","name":"lapistaciclabili.it","description":"","publisher":{"@id":"https:\/\/lapistaciclabili.it\/#organization"},"potentialAction":[{"@type":"SearchAction","target":{"@type":"EntryPoint","urlTemplate":"https:\/\/lapistaciclabili.it\/?s={search_term_string}"},"query-input":"required name=search_term_string"}],"inLanguage":"es"},{"@type":"Organization","@id":"https:\/\/lapistaciclabili.it\/#organization","name":"lapistaciclabili.it","url":"https:\/\/lapistaciclabili.it\/","logo":{"@type":"ImageObject","inLanguage":"es","@id":"https:\/\/lapistaciclabili.it\/#\/schema\/logo\/image\/","url":"https:\/\/lapistaciclabili.it\/wp-content\/uploads\/2024\/06\/lapistaciclabili.it_-1.png","contentUrl":"https:\/\/lapistaciclabili.it\/wp-content\/uploads\/2024\/06\/lapistaciclabili.it_-1.png","width":768,"height":220,"caption":"lapistaciclabili.it"},"image":{"@id":"https:\/\/lapistaciclabili.it\/#\/schema\/logo\/image\/"},"sameAs":["https:\/\/www.facebook.com\/multisenal\/","https:\/\/x.com\/multisenal","https:\/\/www.instagram.com\/multisenalmx\/","https:\/\/www.linkedin.com\/company\/multisenalmexico\/","https:\/\/www.youtube.com\/@multisenaloficial"]}]}},"_links":{"self":[{"href":"https:\/\/lapistaciclabili.it\/es\/wp-json\/wp\/v2\/product\/4604","targetHints":{"allow":["GET"]}}],"collection":[{"href":"https:\/\/lapistaciclabili.it\/es\/wp-json\/wp\/v2\/product"}],"about":[{"href":"https:\/\/lapistaciclabili.it\/es\/wp-json\/wp\/v2\/types\/product"}],"replies":[{"embeddable":true,"href":"https:\/\/lapistaciclabili.it\/es\/wp-json\/wp\/v2\/comments?post=4604"}],"wp:featuredmedia":[{"embeddable":true,"href":"https:\/\/lapistaciclabili.it\/es\/wp-json\/wp\/v2\/media\/4605"}],"wp:attachment":[{"href":"https:\/\/lapistaciclabili.it\/es\/wp-json\/wp\/v2\/media?parent=4604"}],"wp:term":[{"taxonomy":"product_cat","embeddable":true,"href":"https:\/\/lapistaciclabili.it\/es\/wp-json\/wp\/v2\/product_cat?post=4604"},{"taxonomy":"product_tag","embeddable":true,"href":"https:\/\/lapistaciclabili.it\/es\/wp-json\/wp\/v2\/product_tag?post=4604"}],"curies":[{"name":"wp","href":"https:\/\/api.w.org\/{rel}","templated":true}]}}