{"id":4593,"date":"2024-06-17T21:16:32","date_gmt":"2024-06-17T21:16:32","guid":{"rendered":"https:\/\/lapistaciclabili.it\/?post_type=product&#038;p=4593"},"modified":"2024-08-20T14:12:28","modified_gmt":"2024-08-20T14:12:28","slug":"balizas-viales","status":"publish","type":"product","link":"https:\/\/lapistaciclabili.it\/es\/producto\/balizas-viales\/","title":{"rendered":"Balizas Viales"},"content":{"rendered":"<p style=\"font-weight: 400;\">Proteja a los usuarios de las ciclov\u00edas y delimite estos carriles exclusivos con las Balizas viales, una soluci\u00f3n econ\u00f3mica y vers\u00e1til en las calles.<\/p>\n<p style=\"font-weight: 400;\">Las balizas viales son herramientas esenciales para la seguridad vial,\u00a0utilizadas para indicar situaciones de riesgo, delimitar zonas espec\u00edficas y evitar que los veh\u00edculos invadan \u00e1reas prohibidas, como <a href=\"https:\/\/multisenal.com\/blog\/las-mejores-ciclovias-del-mundo\/\">ciclov\u00edas<\/a>.<\/p>\n<p style=\"font-weight: 400;\">Fabricadas con materiales de alta calidad y dise\u00f1adas para una m\u00e1xima durabilidad,\u00a0nuestras balizas ofrecen una soluci\u00f3n econ\u00f3mica y eficaz para diversas aplicaciones.<\/p>\n<p style=\"font-weight: 400;\"><strong>Caracter\u00edsticas destacadas:<\/strong><\/p>\n<p style=\"font-weight: 400;\">Visibilidad \u00f3ptima: La altura ideal de la baliza garantiza que sea visible a distancia par\u00e9alos ciclistas y dem\u00e1s conductores, incluso en condiciones de poca luz gracias a sus tres anillos reflejantes.<\/p>\n<p style=\"font-weight: 400;\">Versatilidad y facilidad de uso:\u00a0El dise\u00f1o porta-cinta y el remate para un f\u00e1cil agarre permiten manipular y mover la baliza a cualquier lugar sin esfuerzo.\u00a0Adem\u00e1s,\u00a0cuenta con un orificio para colocar una cadena o una l\u00e1mpara.<\/p>\n<p style=\"font-weight: 400;\">Uso temporal o permanente: La baliza puede utilizarse como se\u00f1alizaci\u00f3n temporal o provisional, y tambi\u00e9n puede fijarse al suelo para una instalaci\u00f3n permanente. Esta caracter\u00edstica es \u00fatil para delimitar ciclopistas.<\/p>\n<p style=\"font-weight: 400;\">Construcci\u00f3n robusta:\u00a0Fabricadas en polietileno de alta densidad en una sola pieza,\u00a0las balizas viales son resistentes a impactos y condiciones clim\u00e1ticas extremas.\u00a0Adem\u00e1s, su base de polietileno de baja densidad con mango incorporado facilita su maniobrabilidad.<\/p>\n<p style=\"font-weight: 400;\">Resistencia a la intemperie:\u00a0La protecci\u00f3n UV y la resistencia a cambios extremos de temperatura garantizan la durabilidad de la baliza en cualquier entorno.<\/p>\n<p style=\"font-weight: 400;\">Disponible en colores azul y naranja (otros colores bajo demanda),\u00a0la baliza atrae la atenci\u00f3n de los conductores y peatones.<\/p>\n<p style=\"font-weight: 400;\"><strong>Aplicaciones:<\/strong><\/p>\n<ul>\n<li style=\"font-weight: 400;\">Ciclov\u00edas<\/li>\n<li style=\"font-weight: 400;\">Desviaciones<\/li>\n<li style=\"font-weight: 400;\">Estacionamientos<\/li>\n<li style=\"font-weight: 400;\">Zonas restringidas<\/li>\n<li style=\"font-weight: 400;\">Eventos especiales<\/li>\n<li style=\"font-weight: 400;\">Pasos peatonales<\/li>\n<\/ul>\n<p>&nbsp;<\/p>\n<p>Altura total: 122.0 cm<br \/>\n\u00f8 sup. 10.5 cm.<br \/>\nBase hexagonal 40.0 x 46.0 cm<\/p>\n<p>Revisa el cat\u00e1logo completo con nuestros productos viales, especiales para confinar y se\u00f1alizar <a href=\"https:\/\/lapistaciclabili.it\/productos-ciclovias\/\">ciclov\u00edas<\/a>. Protege a ciclistas y peatones delimitando las \u00e1reas exclusivas para ellos en la calles.<\/p>\n","protected":false},"excerpt":{"rendered":"<p><strong>Nombre del producto: Hito 122<\/strong><\/p>\n<p><strong>C\u00f3digo: IT-122<\/strong><\/p>\n<table>\n<tbody>\n<tr>\n<td style=\"text-align: center;\"><strong>ESPA\u00d1OL<\/strong><\/td>\n<td style=\"text-align: center;\"><strong>INGL\u00c9S<\/strong><\/td>\n<td style=\"text-align: center;\"><strong>MODELO 3D<\/strong><\/td>\n<\/tr>\n<tr>\n<td><a href=\"https:\/\/multisenal.com.mx\/FichasTecnicas\/Hito-122-ES.pdf\"><img decoding=\"async\" class=\"wp-image-5524 aligncenter\" src=\"https:\/\/lapistaciclabili.it\/wp-content\/uploads\/2024\/06\/img-pdf-ciclopistas.webp\" alt=\"\" width=\"49\" height=\"49\" \/><\/a><\/td>\n<td><a href=\"https:\/\/multisenal.com.mx\/FichasTecnicas\/Hito-122-EN.pdf\"><img decoding=\"async\" class=\"wp-image-5524 aligncenter\" src=\"https:\/\/lapistaciclabili.it\/wp-content\/uploads\/2024\/06\/img-pdf-ciclopistas.webp\" alt=\"\" width=\"49\" height=\"49\" \/><\/a><\/td>\n<td><a href=\"https:\/\/lapistaciclabili.it\/renders\/hito-122-modelo-360\/\"><img decoding=\"async\" class=\"wp-image-5524 aligncenter\" src=\"https:\/\/lapistaciclabili.it\/wp-content\/uploads\/2024\/06\/img-modelo3D.webp\" alt=\"\" width=\"49\" height=\"49\" \/><\/a><\/td>\n<\/tr>\n<\/tbody>\n<\/table>\n","protected":false},"featured_media":4594,"comment_status":"open","ping_status":"closed","template":"","meta":[],"product_cat":[40],"product_tag":[],"class_list":{"0":"post-4593","1":"product","2":"type-product","3":"status-publish","4":"has-post-thumbnail","6":"product_cat-hitos-viales","8":"first","9":"instock","10":"shipping-taxable","11":"product-type-simple"},"yoast_head":"<!-- This site is optimized with the Yoast SEO Premium plugin v22.3 (Yoast SEO v23.0) - https:\/\/yoast.com\/wordpress\/plugins\/seo\/ -->\n<title>Balizas Viales - lapistaciclabili.it<\/title>\n<meta name=\"description\" content=\"Por su altura ideal, resistencia y propiedades reflejantes, las balizas viales son id\u00f3neas para delimitar \u00e1reas exclusivas en las calles, como ciclopistas.\" \/>\n<meta name=\"robots\" content=\"index, follow, max-snippet:-1, max-image-preview:large, max-video-preview:-1\" \/>\n<link rel=\"canonical\" href=\"https:\/\/lapistaciclabili.it\/es\/producto\/balizas-viales\/\" \/>\n<meta property=\"og:locale\" content=\"es_ES\" \/>\n<meta property=\"og:type\" content=\"article\" \/>\n<meta property=\"og:title\" content=\"Balizas Viales\" \/>\n<meta property=\"og:description\" content=\"Por su altura ideal, resistencia y propiedades reflejantes, las balizas viales son id\u00f3neas para delimitar \u00e1reas exclusivas en las calles, como ciclopistas.\" \/>\n<meta property=\"og:url\" content=\"https:\/\/lapistaciclabili.it\/producto\/balizas-viales\/\" \/>\n<meta property=\"og:site_name\" content=\"lapistaciclabili.it\" \/>\n<meta property=\"article:publisher\" content=\"https:\/\/www.facebook.com\/multisenal\/\" \/>\n<meta property=\"article:modified_time\" content=\"2024-08-20T14:12:28+00:00\" \/>\n<meta property=\"og:image\" content=\"https:\/\/lapistaciclabili.it\/wp-content\/uploads\/2024\/06\/Hito-Vial-122.webp\" \/>\n\t<meta property=\"og:image:width\" content=\"1200\" \/>\n\t<meta property=\"og:image:height\" content=\"1200\" \/>\n\t<meta property=\"og:image:type\" content=\"image\/webp\" \/>\n<meta name=\"twitter:card\" content=\"summary_large_image\" \/>\n<meta name=\"twitter:site\" content=\"@multisenal\" \/>\n<meta name=\"twitter:label1\" content=\"Tiempo de lectura\" \/>\n\t<meta name=\"twitter:data1\" content=\"2 minutos\" \/>\n<script type=\"application\/ld+json\" class=\"yoast-schema-graph\">{\"@context\":\"https:\/\/schema.org\",\"@graph\":[{\"@type\":\"WebPage\",\"@id\":\"https:\/\/lapistaciclabili.it\/producto\/balizas-viales\/\",\"url\":\"https:\/\/lapistaciclabili.it\/producto\/balizas-viales\/\",\"name\":\"Balizas Viales - lapistaciclabili.it\",\"isPartOf\":{\"@id\":\"https:\/\/lapistaciclabili.it\/#website\"},\"primaryImageOfPage\":{\"@id\":\"https:\/\/lapistaciclabili.it\/producto\/balizas-viales\/#primaryimage\"},\"image\":{\"@id\":\"https:\/\/lapistaciclabili.it\/producto\/balizas-viales\/#primaryimage\"},\"thumbnailUrl\":\"https:\/\/lapistaciclabili.it\/wp-content\/uploads\/2024\/06\/Hito-Vial-122.webp\",\"datePublished\":\"2024-06-17T21:16:32+00:00\",\"dateModified\":\"2024-08-20T14:12:28+00:00\",\"description\":\"Por su altura ideal, resistencia y propiedades reflejantes, las balizas viales son id\u00f3neas para delimitar \u00e1reas exclusivas en las calles, como ciclopistas.\",\"breadcrumb\":{\"@id\":\"https:\/\/lapistaciclabili.it\/producto\/balizas-viales\/#breadcrumb\"},\"inLanguage\":\"es\",\"potentialAction\":[{\"@type\":\"ReadAction\",\"target\":[\"https:\/\/lapistaciclabili.it\/producto\/balizas-viales\/\"]}]},{\"@type\":\"ImageObject\",\"inLanguage\":\"es\",\"@id\":\"https:\/\/lapistaciclabili.it\/producto\/balizas-viales\/#primaryimage\",\"url\":\"https:\/\/lapistaciclabili.it\/wp-content\/uploads\/2024\/06\/Hito-Vial-122.webp\",\"contentUrl\":\"https:\/\/lapistaciclabili.it\/wp-content\/uploads\/2024\/06\/Hito-Vial-122.webp\",\"width\":1200,\"height\":1200,\"caption\":\"Por su altura ideal, resistencia y propiedades reflejantes, las balizas viales son id\u00f3neas para delimitar \u00e1reas exclusivas en las calles, como ciclopistas.\"},{\"@type\":\"BreadcrumbList\",\"@id\":\"https:\/\/lapistaciclabili.it\/producto\/balizas-viales\/#breadcrumb\",\"itemListElement\":[{\"@type\":\"ListItem\",\"position\":1,\"name\":\"Inicio\",\"item\":\"https:\/\/lapistaciclabili.it\/\"},{\"@type\":\"ListItem\",\"position\":2,\"name\":\"Tienda\",\"item\":\"https:\/\/lapistaciclabili.it\/tienda\/\"},{\"@type\":\"ListItem\",\"position\":3,\"name\":\"Balizas Viales\"}]},{\"@type\":\"WebSite\",\"@id\":\"https:\/\/lapistaciclabili.it\/#website\",\"url\":\"https:\/\/lapistaciclabili.it\/\",\"name\":\"lapistaciclabili.it\",\"description\":\"\",\"publisher\":{\"@id\":\"https:\/\/lapistaciclabili.it\/#organization\"},\"potentialAction\":[{\"@type\":\"SearchAction\",\"target\":{\"@type\":\"EntryPoint\",\"urlTemplate\":\"https:\/\/lapistaciclabili.it\/?s={search_term_string}\"},\"query-input\":\"required name=search_term_string\"}],\"inLanguage\":\"es\"},{\"@type\":\"Organization\",\"@id\":\"https:\/\/lapistaciclabili.it\/#organization\",\"name\":\"lapistaciclabili.it\",\"url\":\"https:\/\/lapistaciclabili.it\/\",\"logo\":{\"@type\":\"ImageObject\",\"inLanguage\":\"es\",\"@id\":\"https:\/\/lapistaciclabili.it\/#\/schema\/logo\/image\/\",\"url\":\"https:\/\/lapistaciclabili.it\/wp-content\/uploads\/2024\/06\/lapistaciclabili.it_-1.png\",\"contentUrl\":\"https:\/\/lapistaciclabili.it\/wp-content\/uploads\/2024\/06\/lapistaciclabili.it_-1.png\",\"width\":768,\"height\":220,\"caption\":\"lapistaciclabili.it\"},\"image\":{\"@id\":\"https:\/\/lapistaciclabili.it\/#\/schema\/logo\/image\/\"},\"sameAs\":[\"https:\/\/www.facebook.com\/multisenal\/\",\"https:\/\/x.com\/multisenal\",\"https:\/\/www.instagram.com\/multisenalmx\/\",\"https:\/\/www.linkedin.com\/company\/multisenalmexico\/\",\"https:\/\/www.youtube.com\/@multisenaloficial\"]}]}<\/script>\n<!-- \/ Yoast SEO Premium plugin. -->","yoast_head_json":{"title":"Balizas Viales - lapistaciclabili.it","description":"Por su altura ideal, resistencia y propiedades reflejantes, las balizas viales son id\u00f3neas para delimitar \u00e1reas exclusivas en las calles, como ciclopistas.","robots":{"index":"index","follow":"follow","max-snippet":"max-snippet:-1","max-image-preview":"max-image-preview:large","max-video-preview":"max-video-preview:-1"},"canonical":"https:\/\/lapistaciclabili.it\/es\/producto\/balizas-viales\/","og_locale":"es_ES","og_type":"article","og_title":"Balizas Viales","og_description":"Por su altura ideal, resistencia y propiedades reflejantes, las balizas viales son id\u00f3neas para delimitar \u00e1reas exclusivas en las calles, como ciclopistas.","og_url":"https:\/\/lapistaciclabili.it\/producto\/balizas-viales\/","og_site_name":"lapistaciclabili.it","article_publisher":"https:\/\/www.facebook.com\/multisenal\/","article_modified_time":"2024-08-20T14:12:28+00:00","og_image":[{"width":1200,"height":1200,"url":"https:\/\/lapistaciclabili.it\/wp-content\/uploads\/2024\/06\/Hito-Vial-122.webp","type":"image\/webp"}],"twitter_card":"summary_large_image","twitter_site":"@multisenal","twitter_misc":{"Tiempo de lectura":"2 minutos"},"schema":{"@context":"https:\/\/schema.org","@graph":[{"@type":"WebPage","@id":"https:\/\/lapistaciclabili.it\/producto\/balizas-viales\/","url":"https:\/\/lapistaciclabili.it\/producto\/balizas-viales\/","name":"Balizas Viales - lapistaciclabili.it","isPartOf":{"@id":"https:\/\/lapistaciclabili.it\/#website"},"primaryImageOfPage":{"@id":"https:\/\/lapistaciclabili.it\/producto\/balizas-viales\/#primaryimage"},"image":{"@id":"https:\/\/lapistaciclabili.it\/producto\/balizas-viales\/#primaryimage"},"thumbnailUrl":"https:\/\/lapistaciclabili.it\/wp-content\/uploads\/2024\/06\/Hito-Vial-122.webp","datePublished":"2024-06-17T21:16:32+00:00","dateModified":"2024-08-20T14:12:28+00:00","description":"Por su altura ideal, resistencia y propiedades reflejantes, las balizas viales son id\u00f3neas para delimitar \u00e1reas exclusivas en las calles, como ciclopistas.","breadcrumb":{"@id":"https:\/\/lapistaciclabili.it\/producto\/balizas-viales\/#breadcrumb"},"inLanguage":"es","potentialAction":[{"@type":"ReadAction","target":["https:\/\/lapistaciclabili.it\/producto\/balizas-viales\/"]}]},{"@type":"ImageObject","inLanguage":"es","@id":"https:\/\/lapistaciclabili.it\/producto\/balizas-viales\/#primaryimage","url":"https:\/\/lapistaciclabili.it\/wp-content\/uploads\/2024\/06\/Hito-Vial-122.webp","contentUrl":"https:\/\/lapistaciclabili.it\/wp-content\/uploads\/2024\/06\/Hito-Vial-122.webp","width":1200,"height":1200,"caption":"Por su altura ideal, resistencia y propiedades reflejantes, las balizas viales son id\u00f3neas para delimitar \u00e1reas exclusivas en las calles, como ciclopistas."},{"@type":"BreadcrumbList","@id":"https:\/\/lapistaciclabili.it\/producto\/balizas-viales\/#breadcrumb","itemListElement":[{"@type":"ListItem","position":1,"name":"Inicio","item":"https:\/\/lapistaciclabili.it\/"},{"@type":"ListItem","position":2,"name":"Tienda","item":"https:\/\/lapistaciclabili.it\/tienda\/"},{"@type":"ListItem","position":3,"name":"Balizas Viales"}]},{"@type":"WebSite","@id":"https:\/\/lapistaciclabili.it\/#website","url":"https:\/\/lapistaciclabili.it\/","name":"lapistaciclabili.it","description":"","publisher":{"@id":"https:\/\/lapistaciclabili.it\/#organization"},"potentialAction":[{"@type":"SearchAction","target":{"@type":"EntryPoint","urlTemplate":"https:\/\/lapistaciclabili.it\/?s={search_term_string}"},"query-input":"required name=search_term_string"}],"inLanguage":"es"},{"@type":"Organization","@id":"https:\/\/lapistaciclabili.it\/#organization","name":"lapistaciclabili.it","url":"https:\/\/lapistaciclabili.it\/","logo":{"@type":"ImageObject","inLanguage":"es","@id":"https:\/\/lapistaciclabili.it\/#\/schema\/logo\/image\/","url":"https:\/\/lapistaciclabili.it\/wp-content\/uploads\/2024\/06\/lapistaciclabili.it_-1.png","contentUrl":"https:\/\/lapistaciclabili.it\/wp-content\/uploads\/2024\/06\/lapistaciclabili.it_-1.png","width":768,"height":220,"caption":"lapistaciclabili.it"},"image":{"@id":"https:\/\/lapistaciclabili.it\/#\/schema\/logo\/image\/"},"sameAs":["https:\/\/www.facebook.com\/multisenal\/","https:\/\/x.com\/multisenal","https:\/\/www.instagram.com\/multisenalmx\/","https:\/\/www.linkedin.com\/company\/multisenalmexico\/","https:\/\/www.youtube.com\/@multisenaloficial"]}]}},"_links":{"self":[{"href":"https:\/\/lapistaciclabili.it\/es\/wp-json\/wp\/v2\/product\/4593","targetHints":{"allow":["GET"]}}],"collection":[{"href":"https:\/\/lapistaciclabili.it\/es\/wp-json\/wp\/v2\/product"}],"about":[{"href":"https:\/\/lapistaciclabili.it\/es\/wp-json\/wp\/v2\/types\/product"}],"replies":[{"embeddable":true,"href":"https:\/\/lapistaciclabili.it\/es\/wp-json\/wp\/v2\/comments?post=4593"}],"wp:featuredmedia":[{"embeddable":true,"href":"https:\/\/lapistaciclabili.it\/es\/wp-json\/wp\/v2\/media\/4594"}],"wp:attachment":[{"href":"https:\/\/lapistaciclabili.it\/es\/wp-json\/wp\/v2\/media?parent=4593"}],"wp:term":[{"taxonomy":"product_cat","embeddable":true,"href":"https:\/\/lapistaciclabili.it\/es\/wp-json\/wp\/v2\/product_cat?post=4593"},{"taxonomy":"product_tag","embeddable":true,"href":"https:\/\/lapistaciclabili.it\/es\/wp-json\/wp\/v2\/product_tag?post=4593"}],"curies":[{"name":"wp","href":"https:\/\/api.w.org\/{rel}","templated":true}]}}