{"id":4590,"date":"2024-06-30T23:06:53","date_gmt":"2024-06-30T23:06:53","guid":{"rendered":"https:\/\/lapistaciclabili.it\/?post_type=product&#038;p=4590"},"modified":"2024-08-16T23:32:55","modified_gmt":"2024-08-16T23:32:55","slug":"poste-abatible","status":"publish","type":"product","link":"https:\/\/lapistaciclabili.it\/es\/producto\/poste-abatible\/","title":{"rendered":"Poste Abatible"},"content":{"rendered":"<p style=\"font-weight: 400;\">El Poste abatible Hito Ecoflex125, fabricado con tecnolog\u00eda innovadora en poliflexy\u00ae, proporciona una rigidez excepcional para mantenerse firme en cualquier situaci\u00f3n. Ideal para demarcar, delimitar y canalizar ciclov\u00edas. Col\u00f3calo al inicio, a la mitad o al final de estos carriles exclusivismo en el tramo que m\u00e1s se requiera.<\/p>\n<p style=\"font-weight: 400;\">Su instalaci\u00f3n permitir\u00e1 hacer saber a conductores y ciclistas la existencia de una ciclopista. De esta forma se crea un entorno m\u00e1s seguro para todos los conductores.<\/p>\n<p style=\"font-weight: 400;\">La capacidad \u00fanica del poste abatible de regenerarse tras impactos, asegura que siempre est\u00e9 listo para volver a su posici\u00f3n inicial, garantizando una se\u00f1alizaci\u00f3n confiable y duradera.<\/p>\n<p style=\"font-weight: 400;\"><strong>Caracter\u00edsticas destacadas:<\/strong><\/p>\n<ul>\n<li style=\"font-weight: 400;\">Colores brillantes para visibilidad: Disponible en amarillo, naranja, verde, azul, blanco y negro, asegurando alta visibilidad y adaptabilidad a cualquier entorno.<\/li>\n<li style=\"font-weight: 400;\">Reflectividad superior: Equipado con 4 cintas reflectivas que aseguran una visibilidad \u00f3ptima incluso en condiciones de poca luz, proporcionando seguridad las 24 horas del d\u00eda.<\/li>\n<li style=\"font-weight: 400;\">Construcci\u00f3n robusta: Elaborado en una sola pieza, sin tapones adicionales, evitando desprendimientos y asegurando una estructura s\u00f3lida y duradera.<\/li>\n<li style=\"font-weight: 400;\">Base reforzada para estabilidad: Dise\u00f1ada con cartabones del mismo material para un soporte extra al ser arrollado, garantizando estabilidad y resistencia.<\/li>\n<li style=\"font-weight: 400;\">F\u00e1cil instalaci\u00f3n: Con 3 barrenos para una instalaci\u00f3n r\u00e1pida y segura con 3 tornillos y taquetes extra largos, proporcionando una fijaci\u00f3n bastante s\u00f3lida.<\/li>\n<li style=\"font-weight: 400;\">Opci\u00f3n port\u00e1til y manejable: Disponible en este modelo y tambi\u00e9n en sus m\u00faltiples variantes, como lo es <a href=\"https:\/\/lapistaciclabili.it\/producto\/poste-abatible-con-base\/\">con base pesada<\/a> y con <a href=\"https:\/\/lapistaciclabili.it\/producto\/poste-con-mensaje-informativo\/\">paleta con mensaje informativo.<\/a><\/li>\n<li style=\"font-weight: 400;\">Fabricados en polietileno negro, de f\u00e1cil transporte y reubicaci\u00f3n, seg\u00fan las necesidades.<\/li>\n<\/ul>\n<p style=\"font-weight: 400;\">El Hito Ecoflex125 no solo cumple con los est\u00e1ndares m\u00e1s exigentes en seguridad vial, sino que tambi\u00e9n redefine la se\u00f1alizaci\u00f3n con su dise\u00f1o innovador y su funcionalidad avanzada. Perfecto para cualquier proyecto que requiera m\u00e1xima visibilidad, resistencia y facilidad de manejo.<\/p>\n<p style=\"font-weight: 400;\">Visita nuestro <a href=\"https:\/\/lapistaciclabili.it\/productos-ciclovias\/\">cat\u00e1logo<\/a> para conocer m\u00e1s productos que te ayudar\u00e1n a mejorar la seguridad en tus proyectos de <a href=\"https:\/\/multisenal.com.mx\/blog\/infraestructura-y-equipamiento-ciclista-que-es\/\">infraestructura ciclista<\/a>.<\/p>\n<p style=\"font-weight: 400;\"><strong>Medidas:<\/strong><\/p>\n<p>Total:<\/p>\n<p>Altura: 125.0 cm<br \/>\n\u00f8 sup. 9.0 cm.<br \/>\n\u00f8 base 21.5 cm<\/p>\n<p>Base: 40.0 x 46.0 x 4.0 cm de alto.<\/p>\n","protected":false},"excerpt":{"rendered":"<p><strong>Nombre del producto: HITO ECOFLEX\u00ae 125<\/strong><\/p>\n<p><strong>C\u00f3digo: ECOFLEX-125<\/strong><\/p>\n<table>\n<tbody>\n<tr>\n<td style=\"text-align: center;\"><strong>ESPA\u00d1OL<\/strong><\/td>\n<td style=\"text-align: center;\"><strong>INGL\u00c9S<\/strong><\/td>\n<\/tr>\n<tr>\n<td><a href=\"https:\/\/multisenal.com.mx\/FichasTecnicas\/Hito-ECOFLEX-125-ES.pdf\"><img decoding=\"async\" class=\"wp-image-5524 aligncenter\" src=\"https:\/\/lapistaciclabili.it\/wp-content\/uploads\/2024\/06\/img-pdf-ciclopistas.webp\" alt=\"\" width=\"49\" height=\"49\" \/><\/a><\/td>\n<td><a href=\"https:\/\/multisenal.com.mx\/FichasTecnicas\/Hito-ECOFLEX-125-EN.pdf\"><img decoding=\"async\" class=\"wp-image-5524 aligncenter\" src=\"https:\/\/lapistaciclabili.it\/wp-content\/uploads\/2024\/06\/img-pdf-ciclopistas.webp\" alt=\"\" width=\"49\" height=\"49\" \/><\/a><\/td>\n<\/tr>\n<\/tbody>\n<\/table>\n","protected":false},"featured_media":4591,"comment_status":"open","ping_status":"closed","template":"","meta":[],"product_cat":[40],"product_tag":[],"class_list":{"0":"post-4590","1":"product","2":"type-product","3":"status-publish","4":"has-post-thumbnail","6":"product_cat-hitos-viales","8":"first","9":"instock","10":"shipping-taxable","11":"product-type-simple"},"yoast_head":"<!-- This site is optimized with the Yoast SEO Premium plugin v22.3 (Yoast SEO v23.0) - https:\/\/yoast.com\/wordpress\/plugins\/seo\/ -->\n<title>Poste Abatible - lapistaciclabili.it<\/title>\n<meta name=\"description\" content=\"El poste abatible es perfecto para se\u00f1alizar y canalizar ciclov\u00edas. Sus propiedades flexibles lo hacen resistente a los impactos.\" \/>\n<meta name=\"robots\" content=\"index, follow, max-snippet:-1, max-image-preview:large, max-video-preview:-1\" \/>\n<link rel=\"canonical\" href=\"https:\/\/lapistaciclabili.it\/es\/producto\/poste-abatible\/\" \/>\n<meta property=\"og:locale\" content=\"es_ES\" \/>\n<meta property=\"og:type\" content=\"article\" \/>\n<meta property=\"og:title\" content=\"Poste Abatible\" \/>\n<meta property=\"og:description\" content=\"El poste abatible es perfecto para se\u00f1alizar y canalizar ciclov\u00edas. Sus propiedades flexibles lo hacen resistente a los impactos.\" \/>\n<meta property=\"og:url\" content=\"https:\/\/lapistaciclabili.it\/producto\/poste-abatible\/\" \/>\n<meta property=\"og:site_name\" content=\"lapistaciclabili.it\" \/>\n<meta property=\"article:publisher\" content=\"https:\/\/www.facebook.com\/multisenal\/\" \/>\n<meta property=\"article:modified_time\" content=\"2024-08-16T23:32:55+00:00\" \/>\n<meta property=\"og:image\" content=\"https:\/\/lapistaciclabili.it\/wp-content\/uploads\/2024\/06\/ECOFLEX-125.webp\" \/>\n\t<meta property=\"og:image:width\" content=\"1200\" \/>\n\t<meta property=\"og:image:height\" content=\"1200\" \/>\n\t<meta property=\"og:image:type\" content=\"image\/webp\" \/>\n<meta name=\"twitter:card\" content=\"summary_large_image\" \/>\n<meta name=\"twitter:site\" content=\"@multisenal\" \/>\n<meta name=\"twitter:label1\" content=\"Tiempo de lectura\" \/>\n\t<meta name=\"twitter:data1\" content=\"2 minutos\" \/>\n<script type=\"application\/ld+json\" class=\"yoast-schema-graph\">{\"@context\":\"https:\/\/schema.org\",\"@graph\":[{\"@type\":\"WebPage\",\"@id\":\"https:\/\/lapistaciclabili.it\/producto\/poste-abatible\/\",\"url\":\"https:\/\/lapistaciclabili.it\/producto\/poste-abatible\/\",\"name\":\"Poste Abatible - lapistaciclabili.it\",\"isPartOf\":{\"@id\":\"https:\/\/lapistaciclabili.it\/#website\"},\"primaryImageOfPage\":{\"@id\":\"https:\/\/lapistaciclabili.it\/producto\/poste-abatible\/#primaryimage\"},\"image\":{\"@id\":\"https:\/\/lapistaciclabili.it\/producto\/poste-abatible\/#primaryimage\"},\"thumbnailUrl\":\"https:\/\/lapistaciclabili.it\/wp-content\/uploads\/2024\/06\/ECOFLEX-125.webp\",\"datePublished\":\"2024-06-30T23:06:53+00:00\",\"dateModified\":\"2024-08-16T23:32:55+00:00\",\"description\":\"El poste abatible es perfecto para se\u00f1alizar y canalizar ciclov\u00edas. Sus propiedades flexibles lo hacen resistente a los impactos.\",\"breadcrumb\":{\"@id\":\"https:\/\/lapistaciclabili.it\/producto\/poste-abatible\/#breadcrumb\"},\"inLanguage\":\"es\",\"potentialAction\":[{\"@type\":\"ReadAction\",\"target\":[\"https:\/\/lapistaciclabili.it\/producto\/poste-abatible\/\"]}]},{\"@type\":\"ImageObject\",\"inLanguage\":\"es\",\"@id\":\"https:\/\/lapistaciclabili.it\/producto\/poste-abatible\/#primaryimage\",\"url\":\"https:\/\/lapistaciclabili.it\/wp-content\/uploads\/2024\/06\/ECOFLEX-125.webp\",\"contentUrl\":\"https:\/\/lapistaciclabili.it\/wp-content\/uploads\/2024\/06\/ECOFLEX-125.webp\",\"width\":1200,\"height\":1200,\"caption\":\"El poste abatible es perfecto para se\u00f1alizar y canalizar ciclov\u00edas. Sus propiedades flexibles lo hacen resistente a los impactos.\"},{\"@type\":\"BreadcrumbList\",\"@id\":\"https:\/\/lapistaciclabili.it\/producto\/poste-abatible\/#breadcrumb\",\"itemListElement\":[{\"@type\":\"ListItem\",\"position\":1,\"name\":\"Inicio\",\"item\":\"https:\/\/lapistaciclabili.it\/\"},{\"@type\":\"ListItem\",\"position\":2,\"name\":\"Tienda\",\"item\":\"https:\/\/lapistaciclabili.it\/tienda\/\"},{\"@type\":\"ListItem\",\"position\":3,\"name\":\"Poste Abatible\"}]},{\"@type\":\"WebSite\",\"@id\":\"https:\/\/lapistaciclabili.it\/#website\",\"url\":\"https:\/\/lapistaciclabili.it\/\",\"name\":\"lapistaciclabili.it\",\"description\":\"\",\"publisher\":{\"@id\":\"https:\/\/lapistaciclabili.it\/#organization\"},\"potentialAction\":[{\"@type\":\"SearchAction\",\"target\":{\"@type\":\"EntryPoint\",\"urlTemplate\":\"https:\/\/lapistaciclabili.it\/?s={search_term_string}\"},\"query-input\":\"required name=search_term_string\"}],\"inLanguage\":\"es\"},{\"@type\":\"Organization\",\"@id\":\"https:\/\/lapistaciclabili.it\/#organization\",\"name\":\"lapistaciclabili.it\",\"url\":\"https:\/\/lapistaciclabili.it\/\",\"logo\":{\"@type\":\"ImageObject\",\"inLanguage\":\"es\",\"@id\":\"https:\/\/lapistaciclabili.it\/#\/schema\/logo\/image\/\",\"url\":\"https:\/\/lapistaciclabili.it\/wp-content\/uploads\/2024\/06\/lapistaciclabili.it_-1.png\",\"contentUrl\":\"https:\/\/lapistaciclabili.it\/wp-content\/uploads\/2024\/06\/lapistaciclabili.it_-1.png\",\"width\":768,\"height\":220,\"caption\":\"lapistaciclabili.it\"},\"image\":{\"@id\":\"https:\/\/lapistaciclabili.it\/#\/schema\/logo\/image\/\"},\"sameAs\":[\"https:\/\/www.facebook.com\/multisenal\/\",\"https:\/\/x.com\/multisenal\",\"https:\/\/www.instagram.com\/multisenalmx\/\",\"https:\/\/www.linkedin.com\/company\/multisenalmexico\/\",\"https:\/\/www.youtube.com\/@multisenaloficial\"]}]}<\/script>\n<!-- \/ Yoast SEO Premium plugin. -->","yoast_head_json":{"title":"Poste Abatible - lapistaciclabili.it","description":"El poste abatible es perfecto para se\u00f1alizar y canalizar ciclov\u00edas. Sus propiedades flexibles lo hacen resistente a los impactos.","robots":{"index":"index","follow":"follow","max-snippet":"max-snippet:-1","max-image-preview":"max-image-preview:large","max-video-preview":"max-video-preview:-1"},"canonical":"https:\/\/lapistaciclabili.it\/es\/producto\/poste-abatible\/","og_locale":"es_ES","og_type":"article","og_title":"Poste Abatible","og_description":"El poste abatible es perfecto para se\u00f1alizar y canalizar ciclov\u00edas. Sus propiedades flexibles lo hacen resistente a los impactos.","og_url":"https:\/\/lapistaciclabili.it\/producto\/poste-abatible\/","og_site_name":"lapistaciclabili.it","article_publisher":"https:\/\/www.facebook.com\/multisenal\/","article_modified_time":"2024-08-16T23:32:55+00:00","og_image":[{"width":1200,"height":1200,"url":"https:\/\/lapistaciclabili.it\/wp-content\/uploads\/2024\/06\/ECOFLEX-125.webp","type":"image\/webp"}],"twitter_card":"summary_large_image","twitter_site":"@multisenal","twitter_misc":{"Tiempo de lectura":"2 minutos"},"schema":{"@context":"https:\/\/schema.org","@graph":[{"@type":"WebPage","@id":"https:\/\/lapistaciclabili.it\/producto\/poste-abatible\/","url":"https:\/\/lapistaciclabili.it\/producto\/poste-abatible\/","name":"Poste Abatible - lapistaciclabili.it","isPartOf":{"@id":"https:\/\/lapistaciclabili.it\/#website"},"primaryImageOfPage":{"@id":"https:\/\/lapistaciclabili.it\/producto\/poste-abatible\/#primaryimage"},"image":{"@id":"https:\/\/lapistaciclabili.it\/producto\/poste-abatible\/#primaryimage"},"thumbnailUrl":"https:\/\/lapistaciclabili.it\/wp-content\/uploads\/2024\/06\/ECOFLEX-125.webp","datePublished":"2024-06-30T23:06:53+00:00","dateModified":"2024-08-16T23:32:55+00:00","description":"El poste abatible es perfecto para se\u00f1alizar y canalizar ciclov\u00edas. Sus propiedades flexibles lo hacen resistente a los impactos.","breadcrumb":{"@id":"https:\/\/lapistaciclabili.it\/producto\/poste-abatible\/#breadcrumb"},"inLanguage":"es","potentialAction":[{"@type":"ReadAction","target":["https:\/\/lapistaciclabili.it\/producto\/poste-abatible\/"]}]},{"@type":"ImageObject","inLanguage":"es","@id":"https:\/\/lapistaciclabili.it\/producto\/poste-abatible\/#primaryimage","url":"https:\/\/lapistaciclabili.it\/wp-content\/uploads\/2024\/06\/ECOFLEX-125.webp","contentUrl":"https:\/\/lapistaciclabili.it\/wp-content\/uploads\/2024\/06\/ECOFLEX-125.webp","width":1200,"height":1200,"caption":"El poste abatible es perfecto para se\u00f1alizar y canalizar ciclov\u00edas. Sus propiedades flexibles lo hacen resistente a los impactos."},{"@type":"BreadcrumbList","@id":"https:\/\/lapistaciclabili.it\/producto\/poste-abatible\/#breadcrumb","itemListElement":[{"@type":"ListItem","position":1,"name":"Inicio","item":"https:\/\/lapistaciclabili.it\/"},{"@type":"ListItem","position":2,"name":"Tienda","item":"https:\/\/lapistaciclabili.it\/tienda\/"},{"@type":"ListItem","position":3,"name":"Poste Abatible"}]},{"@type":"WebSite","@id":"https:\/\/lapistaciclabili.it\/#website","url":"https:\/\/lapistaciclabili.it\/","name":"lapistaciclabili.it","description":"","publisher":{"@id":"https:\/\/lapistaciclabili.it\/#organization"},"potentialAction":[{"@type":"SearchAction","target":{"@type":"EntryPoint","urlTemplate":"https:\/\/lapistaciclabili.it\/?s={search_term_string}"},"query-input":"required name=search_term_string"}],"inLanguage":"es"},{"@type":"Organization","@id":"https:\/\/lapistaciclabili.it\/#organization","name":"lapistaciclabili.it","url":"https:\/\/lapistaciclabili.it\/","logo":{"@type":"ImageObject","inLanguage":"es","@id":"https:\/\/lapistaciclabili.it\/#\/schema\/logo\/image\/","url":"https:\/\/lapistaciclabili.it\/wp-content\/uploads\/2024\/06\/lapistaciclabili.it_-1.png","contentUrl":"https:\/\/lapistaciclabili.it\/wp-content\/uploads\/2024\/06\/lapistaciclabili.it_-1.png","width":768,"height":220,"caption":"lapistaciclabili.it"},"image":{"@id":"https:\/\/lapistaciclabili.it\/#\/schema\/logo\/image\/"},"sameAs":["https:\/\/www.facebook.com\/multisenal\/","https:\/\/x.com\/multisenal","https:\/\/www.instagram.com\/multisenalmx\/","https:\/\/www.linkedin.com\/company\/multisenalmexico\/","https:\/\/www.youtube.com\/@multisenaloficial"]}]}},"_links":{"self":[{"href":"https:\/\/lapistaciclabili.it\/es\/wp-json\/wp\/v2\/product\/4590","targetHints":{"allow":["GET"]}}],"collection":[{"href":"https:\/\/lapistaciclabili.it\/es\/wp-json\/wp\/v2\/product"}],"about":[{"href":"https:\/\/lapistaciclabili.it\/es\/wp-json\/wp\/v2\/types\/product"}],"replies":[{"embeddable":true,"href":"https:\/\/lapistaciclabili.it\/es\/wp-json\/wp\/v2\/comments?post=4590"}],"wp:featuredmedia":[{"embeddable":true,"href":"https:\/\/lapistaciclabili.it\/es\/wp-json\/wp\/v2\/media\/4591"}],"wp:attachment":[{"href":"https:\/\/lapistaciclabili.it\/es\/wp-json\/wp\/v2\/media?parent=4590"}],"wp:term":[{"taxonomy":"product_cat","embeddable":true,"href":"https:\/\/lapistaciclabili.it\/es\/wp-json\/wp\/v2\/product_cat?post=4590"},{"taxonomy":"product_tag","embeddable":true,"href":"https:\/\/lapistaciclabili.it\/es\/wp-json\/wp\/v2\/product_tag?post=4590"}],"curies":[{"name":"wp","href":"https:\/\/api.w.org\/{rel}","templated":true}]}}