{"id":4576,"date":"2024-06-17T21:18:05","date_gmt":"2024-06-17T21:18:05","guid":{"rendered":"https:\/\/lapistaciclabili.it\/?post_type=product&#038;p=4576"},"modified":"2024-08-16T23:56:28","modified_gmt":"2024-08-16T23:56:28","slug":"bolardo-solar","status":"publish","type":"product","link":"https:\/\/lapistaciclabili.it\/es\/producto\/bolardo-solar\/","title":{"rendered":"Bolardo Solar"},"content":{"rendered":"<p style=\"font-weight: 400;\">Introduce seguridad y elegancia con nuestro bolardo solar, la soluci\u00f3n definitiva para tu ciudad y resguardar ciclopistas.<\/p>\n<p style=\"font-weight: 400;\">Estos <a href=\"https:\/\/lapistaciclabili.it\/producto\/bolardo-urbano\/\">bolardos<\/a> no solo embellecen el entorno urbano, sino que tambi\u00e9n ofrecen una protecci\u00f3n robusta en las ciclovias contra impactos vehiculares. Dise\u00f1ados para disminuir la velocidad de manera efectiva y detener por completo los veh\u00edculos en caso de colisi\u00f3n, son esenciales en cualquier v\u00eda ciclista.<\/p>\n<p style=\"font-weight: 400;\">El bolardo solar es ideal para delimitar \u00e1reas con precisi\u00f3n, evitando que los veh\u00edculos invadan aceras o zonas peatonales, incluso tramos espec\u00edficos de <a href=\"https:\/\/multisenal.com.mx\/blog\/infraestructura-y-equipamiento-ciclista-que-es\/\">ciclov\u00edas<\/a>.<\/p>\n<p style=\"font-weight: 400;\">Nuestros bolardos son un recurso resistente, elegante y protector. Si lo que se busca es crear una barrera efectiva en una zona determinada, se recomienda la instalaci\u00f3n de varios de ellos en filas. A mayor n\u00famero de bolardos, m\u00e1s ser\u00e1 la resistencia.<\/p>\n<p style=\"font-weight: 400;\">Adem\u00e1s de su robustez, el bolardo solar destaca por su iluminaci\u00f3n LED de \u00faltima generaci\u00f3n.<\/p>\n<p style=\"font-weight: 400;\">Los LEDs ultra brillantes est\u00e1n sincronizados entre s\u00ed para garantizar una visibilidad perfecta en todo momento. Si un LED falla, los dem\u00e1s contin\u00faan operando sin interrupciones gracias a su dise\u00f1o inteligente.<\/p>\n<p style=\"font-weight: 400;\">Fabricados en TPU de alta resistencia, los bolardos ofrecen una durabilidad excepcional, con protecci\u00f3n UV, resistencia a la humedad y a cambios clim\u00e1ticos extremos. Su cuerpo negro con cintas reflectantes en \u00e1mbar o blanco aseguran que sean visibles tanto de d\u00eda como de noche.<\/p>\n<p style=\"font-weight: 400;\">Su instalaci\u00f3n es sencilla y por ahogamiento, con una base dise\u00f1ada para una fijaci\u00f3n s\u00f3lida y duradera. Cada detalle est\u00e1 pensado para maximizar la seguridad y la est\u00e9tica urbana.<\/p>\n<p style=\"font-weight: 400;\">Elige nuestro bolardo solar y transforma tu ciudad en un lugar m\u00e1s seguro.<\/p>\n<p>Revis el men\u00fa <a href=\"https:\/\/lapistaciclabili.it\/productos-ciclovias\/\">completo<\/a> con este y otros dispositivos.<\/p>\n<p style=\"font-weight: 400;\"><strong>Medidas:<\/strong><\/p>\n<ul>\n<li>Di\u00e1metro: \u00d8 16.8 cm<\/li>\n<li>Altura total: 110.0 cm.<\/li>\n<li>Altura funcional: 90.0 cm.<\/li>\n<li>Reflejante: Color \u00e1mbar o blanco<\/li>\n<li>Leds: 8 Leds color \u00e1mbar, blanco o<br \/>\nrojo<\/li>\n<\/ul>\n<p>&nbsp;<\/p>\n","protected":false},"excerpt":{"rendered":"<p><strong>Nombre: Bolardo de vida 110<\/strong><\/p>\n<p><strong>C\u00f3digo: BO-VDA-110<\/strong><\/p>\n<table>\n<tbody>\n<tr>\n<td style=\"text-align: center;\"><strong>ESPA\u00d1OL<\/strong><\/td>\n<td style=\"text-align: center;\"><strong>INGL\u00c9S<\/strong><\/td>\n<td style=\"text-align: center;\"><strong>MODELO 3D<\/strong><\/td>\n<\/tr>\n<tr>\n<td><a href=\"https:\/\/multisenal.com.mx\/FichasTecnicas\/Bolardo-Solar-BOVD110-ES.pdf\"><img decoding=\"async\" class=\"wp-image-5524 aligncenter\" src=\"https:\/\/lapistaciclabili.it\/wp-content\/uploads\/2024\/06\/img-pdf-ciclopistas.webp\" alt=\"\" width=\"49\" height=\"49\" \/><\/a><\/td>\n<td><a href=\"https:\/\/multisenal.com.mx\/FichasTecnicas\/Bolardo-Solar-BOVD110-EN.pdf\"><img decoding=\"async\" class=\"wp-image-5524 aligncenter\" src=\"https:\/\/lapistaciclabili.it\/wp-content\/uploads\/2024\/06\/img-pdf-ciclopistas.webp\" alt=\"\" width=\"49\" height=\"49\" \/><\/a><\/td>\n<td><a href=\"https:\/\/lapistaciclabili.it\/renders\/bolardo-vida-solar-modelo-360\/\"><img decoding=\"async\" class=\"wp-image-5524 aligncenter\" src=\"https:\/\/lapistaciclabili.it\/wp-content\/uploads\/2024\/06\/img-modelo3D.webp\" alt=\"\" width=\"49\" height=\"49\" \/><\/a><\/td>\n<\/tr>\n<\/tbody>\n<\/table>\n","protected":false},"featured_media":4577,"comment_status":"open","ping_status":"closed","template":"","meta":[],"product_cat":[41],"product_tag":[],"class_list":{"0":"post-4576","1":"product","2":"type-product","3":"status-publish","4":"has-post-thumbnail","6":"product_cat-bolardos","8":"first","9":"instock","10":"shipping-taxable","11":"product-type-simple"},"yoast_head":"<!-- This site is optimized with the Yoast SEO Premium plugin v22.3 (Yoast SEO v23.0) - https:\/\/yoast.com\/wordpress\/plugins\/seo\/ -->\n<title>Bolardo Solar - lapistaciclabili.it<\/title>\n<meta name=\"description\" content=\"El bolardo solar es un elegante dispositivo vial que, adem\u00e1s de ser llamativo, otorga una gran resistencia al momento de proteger espacios.\" \/>\n<meta name=\"robots\" content=\"index, follow, max-snippet:-1, max-image-preview:large, max-video-preview:-1\" \/>\n<link rel=\"canonical\" href=\"https:\/\/lapistaciclabili.it\/es\/producto\/bolardo-solar\/\" \/>\n<meta property=\"og:locale\" content=\"es_ES\" \/>\n<meta property=\"og:type\" content=\"article\" \/>\n<meta property=\"og:title\" content=\"Bolardo Solar\" \/>\n<meta property=\"og:description\" content=\"El bolardo solar es un elegante dispositivo vial que, adem\u00e1s de ser llamativo, otorga una gran resistencia al momento de proteger espacios.\" \/>\n<meta property=\"og:url\" content=\"https:\/\/lapistaciclabili.it\/producto\/bolardo-solar\/\" \/>\n<meta property=\"og:site_name\" content=\"lapistaciclabili.it\" \/>\n<meta property=\"article:publisher\" content=\"https:\/\/www.facebook.com\/multisenal\/\" \/>\n<meta property=\"article:modified_time\" content=\"2024-08-16T23:56:28+00:00\" \/>\n<meta property=\"og:image\" content=\"https:\/\/lapistaciclabili.it\/wp-content\/uploads\/2024\/06\/Bolardo-BO-VDA-110-S.webp\" \/>\n\t<meta property=\"og:image:width\" content=\"1200\" \/>\n\t<meta property=\"og:image:height\" content=\"1200\" \/>\n\t<meta property=\"og:image:type\" content=\"image\/webp\" \/>\n<meta name=\"twitter:card\" content=\"summary_large_image\" \/>\n<meta name=\"twitter:site\" content=\"@multisenal\" \/>\n<meta name=\"twitter:label1\" content=\"Tiempo de lectura\" \/>\n\t<meta name=\"twitter:data1\" content=\"2 minutos\" \/>\n<script type=\"application\/ld+json\" class=\"yoast-schema-graph\">{\"@context\":\"https:\/\/schema.org\",\"@graph\":[{\"@type\":\"WebPage\",\"@id\":\"https:\/\/lapistaciclabili.it\/producto\/bolardo-solar\/\",\"url\":\"https:\/\/lapistaciclabili.it\/producto\/bolardo-solar\/\",\"name\":\"Bolardo Solar - lapistaciclabili.it\",\"isPartOf\":{\"@id\":\"https:\/\/lapistaciclabili.it\/#website\"},\"primaryImageOfPage\":{\"@id\":\"https:\/\/lapistaciclabili.it\/producto\/bolardo-solar\/#primaryimage\"},\"image\":{\"@id\":\"https:\/\/lapistaciclabili.it\/producto\/bolardo-solar\/#primaryimage\"},\"thumbnailUrl\":\"https:\/\/lapistaciclabili.it\/wp-content\/uploads\/2024\/06\/Bolardo-BO-VDA-110-S.webp\",\"datePublished\":\"2024-06-17T21:18:05+00:00\",\"dateModified\":\"2024-08-16T23:56:28+00:00\",\"description\":\"El bolardo solar es un elegante dispositivo vial que, adem\u00e1s de ser llamativo, otorga una gran resistencia al momento de proteger espacios.\",\"breadcrumb\":{\"@id\":\"https:\/\/lapistaciclabili.it\/producto\/bolardo-solar\/#breadcrumb\"},\"inLanguage\":\"es\",\"potentialAction\":[{\"@type\":\"ReadAction\",\"target\":[\"https:\/\/lapistaciclabili.it\/producto\/bolardo-solar\/\"]}]},{\"@type\":\"ImageObject\",\"inLanguage\":\"es\",\"@id\":\"https:\/\/lapistaciclabili.it\/producto\/bolardo-solar\/#primaryimage\",\"url\":\"https:\/\/lapistaciclabili.it\/wp-content\/uploads\/2024\/06\/Bolardo-BO-VDA-110-S.webp\",\"contentUrl\":\"https:\/\/lapistaciclabili.it\/wp-content\/uploads\/2024\/06\/Bolardo-BO-VDA-110-S.webp\",\"width\":1200,\"height\":1200,\"caption\":\"El bolardo solar es un elegante dispositivo vial que, adem\u00e1s de ser llamativo, otorga una gran resistencia al momento de proteger espacios.\"},{\"@type\":\"BreadcrumbList\",\"@id\":\"https:\/\/lapistaciclabili.it\/producto\/bolardo-solar\/#breadcrumb\",\"itemListElement\":[{\"@type\":\"ListItem\",\"position\":1,\"name\":\"Inicio\",\"item\":\"https:\/\/lapistaciclabili.it\/\"},{\"@type\":\"ListItem\",\"position\":2,\"name\":\"Tienda\",\"item\":\"https:\/\/lapistaciclabili.it\/tienda\/\"},{\"@type\":\"ListItem\",\"position\":3,\"name\":\"Bolardo Solar\"}]},{\"@type\":\"WebSite\",\"@id\":\"https:\/\/lapistaciclabili.it\/#website\",\"url\":\"https:\/\/lapistaciclabili.it\/\",\"name\":\"lapistaciclabili.it\",\"description\":\"\",\"publisher\":{\"@id\":\"https:\/\/lapistaciclabili.it\/#organization\"},\"potentialAction\":[{\"@type\":\"SearchAction\",\"target\":{\"@type\":\"EntryPoint\",\"urlTemplate\":\"https:\/\/lapistaciclabili.it\/?s={search_term_string}\"},\"query-input\":\"required name=search_term_string\"}],\"inLanguage\":\"es\"},{\"@type\":\"Organization\",\"@id\":\"https:\/\/lapistaciclabili.it\/#organization\",\"name\":\"lapistaciclabili.it\",\"url\":\"https:\/\/lapistaciclabili.it\/\",\"logo\":{\"@type\":\"ImageObject\",\"inLanguage\":\"es\",\"@id\":\"https:\/\/lapistaciclabili.it\/#\/schema\/logo\/image\/\",\"url\":\"https:\/\/lapistaciclabili.it\/wp-content\/uploads\/2024\/06\/lapistaciclabili.it_-1.png\",\"contentUrl\":\"https:\/\/lapistaciclabili.it\/wp-content\/uploads\/2024\/06\/lapistaciclabili.it_-1.png\",\"width\":768,\"height\":220,\"caption\":\"lapistaciclabili.it\"},\"image\":{\"@id\":\"https:\/\/lapistaciclabili.it\/#\/schema\/logo\/image\/\"},\"sameAs\":[\"https:\/\/www.facebook.com\/multisenal\/\",\"https:\/\/x.com\/multisenal\",\"https:\/\/www.instagram.com\/multisenalmx\/\",\"https:\/\/www.linkedin.com\/company\/multisenalmexico\/\",\"https:\/\/www.youtube.com\/@multisenaloficial\"]}]}<\/script>\n<!-- \/ Yoast SEO Premium plugin. -->","yoast_head_json":{"title":"Bolardo Solar - lapistaciclabili.it","description":"El bolardo solar es un elegante dispositivo vial que, adem\u00e1s de ser llamativo, otorga una gran resistencia al momento de proteger espacios.","robots":{"index":"index","follow":"follow","max-snippet":"max-snippet:-1","max-image-preview":"max-image-preview:large","max-video-preview":"max-video-preview:-1"},"canonical":"https:\/\/lapistaciclabili.it\/es\/producto\/bolardo-solar\/","og_locale":"es_ES","og_type":"article","og_title":"Bolardo Solar","og_description":"El bolardo solar es un elegante dispositivo vial que, adem\u00e1s de ser llamativo, otorga una gran resistencia al momento de proteger espacios.","og_url":"https:\/\/lapistaciclabili.it\/producto\/bolardo-solar\/","og_site_name":"lapistaciclabili.it","article_publisher":"https:\/\/www.facebook.com\/multisenal\/","article_modified_time":"2024-08-16T23:56:28+00:00","og_image":[{"width":1200,"height":1200,"url":"https:\/\/lapistaciclabili.it\/wp-content\/uploads\/2024\/06\/Bolardo-BO-VDA-110-S.webp","type":"image\/webp"}],"twitter_card":"summary_large_image","twitter_site":"@multisenal","twitter_misc":{"Tiempo de lectura":"2 minutos"},"schema":{"@context":"https:\/\/schema.org","@graph":[{"@type":"WebPage","@id":"https:\/\/lapistaciclabili.it\/producto\/bolardo-solar\/","url":"https:\/\/lapistaciclabili.it\/producto\/bolardo-solar\/","name":"Bolardo Solar - lapistaciclabili.it","isPartOf":{"@id":"https:\/\/lapistaciclabili.it\/#website"},"primaryImageOfPage":{"@id":"https:\/\/lapistaciclabili.it\/producto\/bolardo-solar\/#primaryimage"},"image":{"@id":"https:\/\/lapistaciclabili.it\/producto\/bolardo-solar\/#primaryimage"},"thumbnailUrl":"https:\/\/lapistaciclabili.it\/wp-content\/uploads\/2024\/06\/Bolardo-BO-VDA-110-S.webp","datePublished":"2024-06-17T21:18:05+00:00","dateModified":"2024-08-16T23:56:28+00:00","description":"El bolardo solar es un elegante dispositivo vial que, adem\u00e1s de ser llamativo, otorga una gran resistencia al momento de proteger espacios.","breadcrumb":{"@id":"https:\/\/lapistaciclabili.it\/producto\/bolardo-solar\/#breadcrumb"},"inLanguage":"es","potentialAction":[{"@type":"ReadAction","target":["https:\/\/lapistaciclabili.it\/producto\/bolardo-solar\/"]}]},{"@type":"ImageObject","inLanguage":"es","@id":"https:\/\/lapistaciclabili.it\/producto\/bolardo-solar\/#primaryimage","url":"https:\/\/lapistaciclabili.it\/wp-content\/uploads\/2024\/06\/Bolardo-BO-VDA-110-S.webp","contentUrl":"https:\/\/lapistaciclabili.it\/wp-content\/uploads\/2024\/06\/Bolardo-BO-VDA-110-S.webp","width":1200,"height":1200,"caption":"El bolardo solar es un elegante dispositivo vial que, adem\u00e1s de ser llamativo, otorga una gran resistencia al momento de proteger espacios."},{"@type":"BreadcrumbList","@id":"https:\/\/lapistaciclabili.it\/producto\/bolardo-solar\/#breadcrumb","itemListElement":[{"@type":"ListItem","position":1,"name":"Inicio","item":"https:\/\/lapistaciclabili.it\/"},{"@type":"ListItem","position":2,"name":"Tienda","item":"https:\/\/lapistaciclabili.it\/tienda\/"},{"@type":"ListItem","position":3,"name":"Bolardo Solar"}]},{"@type":"WebSite","@id":"https:\/\/lapistaciclabili.it\/#website","url":"https:\/\/lapistaciclabili.it\/","name":"lapistaciclabili.it","description":"","publisher":{"@id":"https:\/\/lapistaciclabili.it\/#organization"},"potentialAction":[{"@type":"SearchAction","target":{"@type":"EntryPoint","urlTemplate":"https:\/\/lapistaciclabili.it\/?s={search_term_string}"},"query-input":"required name=search_term_string"}],"inLanguage":"es"},{"@type":"Organization","@id":"https:\/\/lapistaciclabili.it\/#organization","name":"lapistaciclabili.it","url":"https:\/\/lapistaciclabili.it\/","logo":{"@type":"ImageObject","inLanguage":"es","@id":"https:\/\/lapistaciclabili.it\/#\/schema\/logo\/image\/","url":"https:\/\/lapistaciclabili.it\/wp-content\/uploads\/2024\/06\/lapistaciclabili.it_-1.png","contentUrl":"https:\/\/lapistaciclabili.it\/wp-content\/uploads\/2024\/06\/lapistaciclabili.it_-1.png","width":768,"height":220,"caption":"lapistaciclabili.it"},"image":{"@id":"https:\/\/lapistaciclabili.it\/#\/schema\/logo\/image\/"},"sameAs":["https:\/\/www.facebook.com\/multisenal\/","https:\/\/x.com\/multisenal","https:\/\/www.instagram.com\/multisenalmx\/","https:\/\/www.linkedin.com\/company\/multisenalmexico\/","https:\/\/www.youtube.com\/@multisenaloficial"]}]}},"_links":{"self":[{"href":"https:\/\/lapistaciclabili.it\/es\/wp-json\/wp\/v2\/product\/4576","targetHints":{"allow":["GET"]}}],"collection":[{"href":"https:\/\/lapistaciclabili.it\/es\/wp-json\/wp\/v2\/product"}],"about":[{"href":"https:\/\/lapistaciclabili.it\/es\/wp-json\/wp\/v2\/types\/product"}],"replies":[{"embeddable":true,"href":"https:\/\/lapistaciclabili.it\/es\/wp-json\/wp\/v2\/comments?post=4576"}],"wp:featuredmedia":[{"embeddable":true,"href":"https:\/\/lapistaciclabili.it\/es\/wp-json\/wp\/v2\/media\/4577"}],"wp:attachment":[{"href":"https:\/\/lapistaciclabili.it\/es\/wp-json\/wp\/v2\/media?parent=4576"}],"wp:term":[{"taxonomy":"product_cat","embeddable":true,"href":"https:\/\/lapistaciclabili.it\/es\/wp-json\/wp\/v2\/product_cat?post=4576"},{"taxonomy":"product_tag","embeddable":true,"href":"https:\/\/lapistaciclabili.it\/es\/wp-json\/wp\/v2\/product_tag?post=4576"}],"curies":[{"name":"wp","href":"https:\/\/api.w.org\/{rel}","templated":true}]}}