{"id":4574,"date":"2024-06-17T21:20:35","date_gmt":"2024-06-17T21:20:35","guid":{"rendered":"https:\/\/lapistaciclabili.it\/?post_type=product&#038;p=4574"},"modified":"2024-08-15T23:17:03","modified_gmt":"2024-08-15T23:17:03","slug":"bolardo-urbano","status":"publish","type":"product","link":"https:\/\/lapistaciclabili.it\/es\/producto\/bolardo-urbano\/","title":{"rendered":"Bolardo Urbano"},"content":{"rendered":"<p style=\"font-weight: 400;\">Descubre el bolardo urbano, tu mejor aliado en seguridad vial y dise\u00f1o urbano para ciclopistas.<\/p>\n<p style=\"font-weight: 400;\">El bolardo urbano no solo embellece tu ciudad, sino que tambi\u00e9n funciona como una barrera robusta contra impactos, garantizando la seguridad de los ciclistas en las ciclov\u00edas.<\/p>\n<p style=\"font-weight: 400;\">Dise\u00f1ados para reducir la velocidad de los veh\u00edculos hasta detenerlos por completo en caso de colisi\u00f3n, son ideales para proteger \u00e1reas peatonales y evitar el acceso indebido a aceras. Col\u00f3calos en las inmediaciones de las ciclov\u00edas para brindar una mayor protecci\u00f3n a los ciclistas.<\/p>\n<p style=\"font-weight: 400;\">Sugerido principalmente en hilera impidiendo que los coches se coloquen en las aceras o para que no accedan en una zona peatonal.<\/p>\n<p style=\"font-weight: 400;\">Fabricados con materiales de alta resistencia como el TPU y el poliflexy\u00ae, nuestros bolardos son duraderos y soportan el uso diario sin perder su integridad.<\/p>\n<p style=\"font-weight: 400;\">Disponibles en elegantes colores negro y amarillo, con cintas reflectantes en varios tonos para una visibilidad \u00f3ptima, incluso en condiciones de poca luz.<\/p>\n<p style=\"font-weight: 400;\">Gracias a que cuenta con protecci\u00f3n UV, este bolardo urbano es resistente a las abrasiones del clima por humedad y al calor debido a los cambios extremos de temperatura, asegurando su fiabilidad a largo plazo.<\/p>\n<p style=\"font-weight: 400;\">Instalaci\u00f3n sencilla por ahogamiento, con opciones para reforzar su interior y barrenos en la base, haci\u00e9ndolo a\u00fan m\u00e1s resistente a los impactos y garantizando una fijaci\u00f3n robusta y duradera.<\/p>\n<p style=\"font-weight: 400;\">Bolardo abatible, resistencia a m\u00faltiples atropellamientos no intencionados.<\/p>\n<p style=\"font-weight: 400;\">Cuida la integridad de peatones y ciclistas. Elige nuestros bolardos urbanos y marca la diferencia. \u00a1Protecci\u00f3n y estilo para tus calles e <a href=\"https:\/\/multisenal.com.mx\/blog\/infraestructura-y-equipamiento-ciclista-que-es\/\">infraestructura ciclista<\/a>, siempre con nosotros!<\/p>\n<p>Revisa el resto de nuestro <a href=\"https:\/\/lapistaciclabili.it\/productos-ciclovias\/\">cat\u00e1logo<\/a> con los dispositivos necesarios para una mejor se\u00f1alizaci\u00f3n vial y ciclista. Proporciona la seguridad necesaria en calles y bicisendas<\/p>\n<p style=\"font-weight: 400;\"><strong>Medidas:<\/strong><\/p>\n<p>Di\u00e1metro: 16.8 cm<br \/>\nAltura del Bolardo: 110 cm<br \/>\nAlt con Esqueleto: 122 cm<br \/>\nAltura Funcional: 90 cm<\/p>\n","protected":false},"excerpt":{"rendered":"<p><strong>Nombre: Bolardo de vida 110<\/strong><\/p>\n<p><strong>C\u00f3digo: BO-VDA-110<\/strong><\/p>\n<table>\n<tbody>\n<tr>\n<td style=\"text-align: center;\"><strong>ESPA\u00d1OL<\/strong><\/td>\n<td style=\"text-align: center;\"><strong>INGL\u00c9S<\/strong><\/td>\n<\/tr>\n<tr>\n<td><a href=\"https:\/\/multisenal.com.mx\/FichasTecnicas\/Bolardo-BO-VDA-110-ES.pdf\"><img decoding=\"async\" class=\"wp-image-5524 aligncenter\" src=\"https:\/\/lapistaciclabili.it\/wp-content\/uploads\/2024\/06\/img-pdf-ciclopistas.webp\" alt=\"\" width=\"49\" height=\"49\" \/><\/a><\/td>\n<td><a href=\"https:\/\/multisenal.com.mx\/FichasTecnicas\/Bolardo-BO-VDA-110-EN.pdf\"><img decoding=\"async\" class=\"wp-image-5524 aligncenter\" src=\"https:\/\/lapistaciclabili.it\/wp-content\/uploads\/2024\/06\/img-pdf-ciclopistas.webp\" alt=\"\" width=\"49\" height=\"49\" \/><\/a><\/td>\n<\/tr>\n<\/tbody>\n<\/table>\n","protected":false},"featured_media":4575,"comment_status":"open","ping_status":"closed","template":"","meta":[],"product_cat":[41],"product_tag":[],"class_list":{"0":"post-4574","1":"product","2":"type-product","3":"status-publish","4":"has-post-thumbnail","6":"product_cat-bolardos","8":"first","9":"instock","10":"shipping-taxable","11":"product-type-simple"},"yoast_head":"<!-- This site is optimized with the Yoast SEO Premium plugin v22.3 (Yoast SEO v23.0) - https:\/\/yoast.com\/wordpress\/plugins\/seo\/ -->\n<title>Bolardo Urbano - lapistaciclabili.it<\/title>\n<meta name=\"description\" content=\"El \u00a0bolardo urbano cuenta con la resistencia para detener totalmente a los autos en caso de choque. Mejora la protecci\u00f3n en calles y ciclopistas\" \/>\n<meta name=\"robots\" content=\"index, follow, max-snippet:-1, max-image-preview:large, max-video-preview:-1\" \/>\n<link rel=\"canonical\" href=\"https:\/\/lapistaciclabili.it\/es\/producto\/bolardo-urbano\/\" \/>\n<meta property=\"og:locale\" content=\"es_ES\" \/>\n<meta property=\"og:type\" content=\"article\" \/>\n<meta property=\"og:title\" content=\"Bolardo Urbano\" \/>\n<meta property=\"og:description\" content=\"El \u00a0bolardo urbano cuenta con la resistencia para detener totalmente a los autos en caso de choque. Mejora la protecci\u00f3n en calles y ciclopistas\" \/>\n<meta property=\"og:url\" content=\"https:\/\/lapistaciclabili.it\/producto\/bolardo-urbano\/\" \/>\n<meta property=\"og:site_name\" content=\"lapistaciclabili.it\" \/>\n<meta property=\"article:publisher\" content=\"https:\/\/www.facebook.com\/multisenal\/\" \/>\n<meta property=\"article:modified_time\" content=\"2024-08-15T23:17:03+00:00\" \/>\n<meta property=\"og:image\" content=\"https:\/\/lapistaciclabili.it\/wp-content\/uploads\/2024\/06\/Bolardo-BO-VDA-110.webp\" \/>\n\t<meta property=\"og:image:width\" content=\"1200\" \/>\n\t<meta property=\"og:image:height\" content=\"1200\" \/>\n\t<meta property=\"og:image:type\" content=\"image\/webp\" \/>\n<meta name=\"twitter:card\" content=\"summary_large_image\" \/>\n<meta name=\"twitter:site\" content=\"@multisenal\" \/>\n<meta name=\"twitter:label1\" content=\"Tiempo de lectura\" \/>\n\t<meta name=\"twitter:data1\" content=\"2 minutos\" \/>\n<script type=\"application\/ld+json\" class=\"yoast-schema-graph\">{\"@context\":\"https:\/\/schema.org\",\"@graph\":[{\"@type\":\"WebPage\",\"@id\":\"https:\/\/lapistaciclabili.it\/producto\/bolardo-urbano\/\",\"url\":\"https:\/\/lapistaciclabili.it\/producto\/bolardo-urbano\/\",\"name\":\"Bolardo Urbano - lapistaciclabili.it\",\"isPartOf\":{\"@id\":\"https:\/\/lapistaciclabili.it\/#website\"},\"primaryImageOfPage\":{\"@id\":\"https:\/\/lapistaciclabili.it\/producto\/bolardo-urbano\/#primaryimage\"},\"image\":{\"@id\":\"https:\/\/lapistaciclabili.it\/producto\/bolardo-urbano\/#primaryimage\"},\"thumbnailUrl\":\"https:\/\/lapistaciclabili.it\/wp-content\/uploads\/2024\/06\/Bolardo-BO-VDA-110.webp\",\"datePublished\":\"2024-06-17T21:20:35+00:00\",\"dateModified\":\"2024-08-15T23:17:03+00:00\",\"description\":\"El \u00a0bolardo urbano cuenta con la resistencia para detener totalmente a los autos en caso de choque. Mejora la protecci\u00f3n en calles y ciclopistas\",\"breadcrumb\":{\"@id\":\"https:\/\/lapistaciclabili.it\/producto\/bolardo-urbano\/#breadcrumb\"},\"inLanguage\":\"es\",\"potentialAction\":[{\"@type\":\"ReadAction\",\"target\":[\"https:\/\/lapistaciclabili.it\/producto\/bolardo-urbano\/\"]}]},{\"@type\":\"ImageObject\",\"inLanguage\":\"es\",\"@id\":\"https:\/\/lapistaciclabili.it\/producto\/bolardo-urbano\/#primaryimage\",\"url\":\"https:\/\/lapistaciclabili.it\/wp-content\/uploads\/2024\/06\/Bolardo-BO-VDA-110.webp\",\"contentUrl\":\"https:\/\/lapistaciclabili.it\/wp-content\/uploads\/2024\/06\/Bolardo-BO-VDA-110.webp\",\"width\":1200,\"height\":1200,\"caption\":\"El \u00a0bolardo urbano cuenta con la resistencia para detener totalmente a los autos en caso de choque. Mejora la protecci\u00f3n en calles y ciclopistas\"},{\"@type\":\"BreadcrumbList\",\"@id\":\"https:\/\/lapistaciclabili.it\/producto\/bolardo-urbano\/#breadcrumb\",\"itemListElement\":[{\"@type\":\"ListItem\",\"position\":1,\"name\":\"Inicio\",\"item\":\"https:\/\/lapistaciclabili.it\/\"},{\"@type\":\"ListItem\",\"position\":2,\"name\":\"Tienda\",\"item\":\"https:\/\/lapistaciclabili.it\/tienda\/\"},{\"@type\":\"ListItem\",\"position\":3,\"name\":\"Bolardo Urbano\"}]},{\"@type\":\"WebSite\",\"@id\":\"https:\/\/lapistaciclabili.it\/#website\",\"url\":\"https:\/\/lapistaciclabili.it\/\",\"name\":\"lapistaciclabili.it\",\"description\":\"\",\"publisher\":{\"@id\":\"https:\/\/lapistaciclabili.it\/#organization\"},\"potentialAction\":[{\"@type\":\"SearchAction\",\"target\":{\"@type\":\"EntryPoint\",\"urlTemplate\":\"https:\/\/lapistaciclabili.it\/?s={search_term_string}\"},\"query-input\":\"required name=search_term_string\"}],\"inLanguage\":\"es\"},{\"@type\":\"Organization\",\"@id\":\"https:\/\/lapistaciclabili.it\/#organization\",\"name\":\"lapistaciclabili.it\",\"url\":\"https:\/\/lapistaciclabili.it\/\",\"logo\":{\"@type\":\"ImageObject\",\"inLanguage\":\"es\",\"@id\":\"https:\/\/lapistaciclabili.it\/#\/schema\/logo\/image\/\",\"url\":\"https:\/\/lapistaciclabili.it\/wp-content\/uploads\/2024\/06\/lapistaciclabili.it_-1.png\",\"contentUrl\":\"https:\/\/lapistaciclabili.it\/wp-content\/uploads\/2024\/06\/lapistaciclabili.it_-1.png\",\"width\":768,\"height\":220,\"caption\":\"lapistaciclabili.it\"},\"image\":{\"@id\":\"https:\/\/lapistaciclabili.it\/#\/schema\/logo\/image\/\"},\"sameAs\":[\"https:\/\/www.facebook.com\/multisenal\/\",\"https:\/\/x.com\/multisenal\",\"https:\/\/www.instagram.com\/multisenalmx\/\",\"https:\/\/www.linkedin.com\/company\/multisenalmexico\/\",\"https:\/\/www.youtube.com\/@multisenaloficial\"]}]}<\/script>\n<!-- \/ Yoast SEO Premium plugin. -->","yoast_head_json":{"title":"Bolardo Urbano - lapistaciclabili.it","description":"El \u00a0bolardo urbano cuenta con la resistencia para detener totalmente a los autos en caso de choque. Mejora la protecci\u00f3n en calles y ciclopistas","robots":{"index":"index","follow":"follow","max-snippet":"max-snippet:-1","max-image-preview":"max-image-preview:large","max-video-preview":"max-video-preview:-1"},"canonical":"https:\/\/lapistaciclabili.it\/es\/producto\/bolardo-urbano\/","og_locale":"es_ES","og_type":"article","og_title":"Bolardo Urbano","og_description":"El \u00a0bolardo urbano cuenta con la resistencia para detener totalmente a los autos en caso de choque. Mejora la protecci\u00f3n en calles y ciclopistas","og_url":"https:\/\/lapistaciclabili.it\/producto\/bolardo-urbano\/","og_site_name":"lapistaciclabili.it","article_publisher":"https:\/\/www.facebook.com\/multisenal\/","article_modified_time":"2024-08-15T23:17:03+00:00","og_image":[{"width":1200,"height":1200,"url":"https:\/\/lapistaciclabili.it\/wp-content\/uploads\/2024\/06\/Bolardo-BO-VDA-110.webp","type":"image\/webp"}],"twitter_card":"summary_large_image","twitter_site":"@multisenal","twitter_misc":{"Tiempo de lectura":"2 minutos"},"schema":{"@context":"https:\/\/schema.org","@graph":[{"@type":"WebPage","@id":"https:\/\/lapistaciclabili.it\/producto\/bolardo-urbano\/","url":"https:\/\/lapistaciclabili.it\/producto\/bolardo-urbano\/","name":"Bolardo Urbano - lapistaciclabili.it","isPartOf":{"@id":"https:\/\/lapistaciclabili.it\/#website"},"primaryImageOfPage":{"@id":"https:\/\/lapistaciclabili.it\/producto\/bolardo-urbano\/#primaryimage"},"image":{"@id":"https:\/\/lapistaciclabili.it\/producto\/bolardo-urbano\/#primaryimage"},"thumbnailUrl":"https:\/\/lapistaciclabili.it\/wp-content\/uploads\/2024\/06\/Bolardo-BO-VDA-110.webp","datePublished":"2024-06-17T21:20:35+00:00","dateModified":"2024-08-15T23:17:03+00:00","description":"El \u00a0bolardo urbano cuenta con la resistencia para detener totalmente a los autos en caso de choque. Mejora la protecci\u00f3n en calles y ciclopistas","breadcrumb":{"@id":"https:\/\/lapistaciclabili.it\/producto\/bolardo-urbano\/#breadcrumb"},"inLanguage":"es","potentialAction":[{"@type":"ReadAction","target":["https:\/\/lapistaciclabili.it\/producto\/bolardo-urbano\/"]}]},{"@type":"ImageObject","inLanguage":"es","@id":"https:\/\/lapistaciclabili.it\/producto\/bolardo-urbano\/#primaryimage","url":"https:\/\/lapistaciclabili.it\/wp-content\/uploads\/2024\/06\/Bolardo-BO-VDA-110.webp","contentUrl":"https:\/\/lapistaciclabili.it\/wp-content\/uploads\/2024\/06\/Bolardo-BO-VDA-110.webp","width":1200,"height":1200,"caption":"El \u00a0bolardo urbano cuenta con la resistencia para detener totalmente a los autos en caso de choque. Mejora la protecci\u00f3n en calles y ciclopistas"},{"@type":"BreadcrumbList","@id":"https:\/\/lapistaciclabili.it\/producto\/bolardo-urbano\/#breadcrumb","itemListElement":[{"@type":"ListItem","position":1,"name":"Inicio","item":"https:\/\/lapistaciclabili.it\/"},{"@type":"ListItem","position":2,"name":"Tienda","item":"https:\/\/lapistaciclabili.it\/tienda\/"},{"@type":"ListItem","position":3,"name":"Bolardo Urbano"}]},{"@type":"WebSite","@id":"https:\/\/lapistaciclabili.it\/#website","url":"https:\/\/lapistaciclabili.it\/","name":"lapistaciclabili.it","description":"","publisher":{"@id":"https:\/\/lapistaciclabili.it\/#organization"},"potentialAction":[{"@type":"SearchAction","target":{"@type":"EntryPoint","urlTemplate":"https:\/\/lapistaciclabili.it\/?s={search_term_string}"},"query-input":"required name=search_term_string"}],"inLanguage":"es"},{"@type":"Organization","@id":"https:\/\/lapistaciclabili.it\/#organization","name":"lapistaciclabili.it","url":"https:\/\/lapistaciclabili.it\/","logo":{"@type":"ImageObject","inLanguage":"es","@id":"https:\/\/lapistaciclabili.it\/#\/schema\/logo\/image\/","url":"https:\/\/lapistaciclabili.it\/wp-content\/uploads\/2024\/06\/lapistaciclabili.it_-1.png","contentUrl":"https:\/\/lapistaciclabili.it\/wp-content\/uploads\/2024\/06\/lapistaciclabili.it_-1.png","width":768,"height":220,"caption":"lapistaciclabili.it"},"image":{"@id":"https:\/\/lapistaciclabili.it\/#\/schema\/logo\/image\/"},"sameAs":["https:\/\/www.facebook.com\/multisenal\/","https:\/\/x.com\/multisenal","https:\/\/www.instagram.com\/multisenalmx\/","https:\/\/www.linkedin.com\/company\/multisenalmexico\/","https:\/\/www.youtube.com\/@multisenaloficial"]}]}},"_links":{"self":[{"href":"https:\/\/lapistaciclabili.it\/es\/wp-json\/wp\/v2\/product\/4574","targetHints":{"allow":["GET"]}}],"collection":[{"href":"https:\/\/lapistaciclabili.it\/es\/wp-json\/wp\/v2\/product"}],"about":[{"href":"https:\/\/lapistaciclabili.it\/es\/wp-json\/wp\/v2\/types\/product"}],"replies":[{"embeddable":true,"href":"https:\/\/lapistaciclabili.it\/es\/wp-json\/wp\/v2\/comments?post=4574"}],"wp:featuredmedia":[{"embeddable":true,"href":"https:\/\/lapistaciclabili.it\/es\/wp-json\/wp\/v2\/media\/4575"}],"wp:attachment":[{"href":"https:\/\/lapistaciclabili.it\/es\/wp-json\/wp\/v2\/media?parent=4574"}],"wp:term":[{"taxonomy":"product_cat","embeddable":true,"href":"https:\/\/lapistaciclabili.it\/es\/wp-json\/wp\/v2\/product_cat?post=4574"},{"taxonomy":"product_tag","embeddable":true,"href":"https:\/\/lapistaciclabili.it\/es\/wp-json\/wp\/v2\/product_tag?post=4574"}],"curies":[{"name":"wp","href":"https:\/\/api.w.org\/{rel}","templated":true}]}}