{"id":4564,"date":"2024-06-29T19:00:04","date_gmt":"2024-06-29T19:00:04","guid":{"rendered":"https:\/\/lapistaciclabili.it\/?post_type=product&#038;p=4564"},"modified":"2024-10-31T09:38:34","modified_gmt":"2024-10-31T15:38:34","slug":"canalizador-kayak","status":"publish","type":"product","link":"https:\/\/lapistaciclabili.it\/es\/producto\/canalizador-kayak\/","title":{"rendered":"Canalizador Kayak"},"content":{"rendered":"<p style=\"font-weight: 400;\">Descubre el Canalizador Kayak, la soluci\u00f3n avanzada para una se\u00f1alizaci\u00f3n efectiva y segura en las ciclov\u00edas.<\/p>\n<p style=\"font-weight: 400;\">Nuestro canalizador kayak est\u00e1 dise\u00f1ado espec\u00edficamente para canalizar el flujo ciclista y mantener la seguridad en carriles confinados para ellos. Su objetivo es separar el tr\u00e1fico vehicular de las zonas ciclistas para mantener protegidos a los usuarios.<\/p>\n<p style=\"font-weight: 400;\">Fabricados en ABS de una sola pieza, ofrecen una resistencia como ning\u00fan otro. Disponible en color verde o amarillo, con protecci\u00f3n UV que asegura una amplia durabilidad al desgaste por condiciones clim\u00e1ticas extremas; lo que, a su vez, garantiza que no se despintar\u00e1.<\/p>\n<p style=\"font-weight: 400;\">Con alta resistencia a colisiones y un dise\u00f1o antiderrapante, nuestros canalizadores protegen tanto a veh\u00edculos como a ciclistas. Los bordes redondeados y sin aristas aseguran que no haya riesgo de da\u00f1os a los neum\u00e1ticos, mientras que su relieve direccional gu\u00eda su correcta instalaci\u00f3n en todo momento.<\/p>\n<p style=\"font-weight: 400;\">Adem\u00e1s, el canalizador Kayak cuenta con una esfera solar de cristal, equipada con LEDs de \u00faltima generaci\u00f3n, en colores blanco, rojo y azul, garantizando una se\u00f1alizaci\u00f3n clara y efectiva en cualquier entorno.<\/p>\n<p style=\"font-weight: 400;\">Lo mejor de todo es que es pr\u00e1ctico y econ\u00f3mico: cuenta con cuatro puntos de anclaje integrados y la capacidad \u00fanica de almacenar sus propios pernos, lo que facilita su instalaci\u00f3n y reduce costos de transporte y almacenamiento.<\/p>\n<p style=\"font-weight: 400;\">Este dispositivo tiene el tama\u00f1o ideal para delimitar ciclov\u00edas. Su tama\u00f1o impide el paso de veh\u00edculos motorizados en este espacio, mientras que no resulta invasivo para los ciclistas ni para el entorno urbano.<\/p>\n<p style=\"font-weight: 400;\">Este canalizador entrega una llamativa vista sin dejar de lado la seguridad que proporciona. Revisa el resto de nuestro <a href=\"https:\/\/lapistaciclabili.it\/productos-ciclovias\/\">cat\u00e1logo<\/a> y conoce todas las opciones disponibles para ti.<\/p>\n<p>Implementa el <strong>Canalizador Kayak<\/strong>\u00a0y crea <a href=\"https:\/\/multisenal.com.mx\/blog\/infraestructura-y-equipamiento-ciclista-que-es\/\">caminos ciclistas<\/a> m\u00e1s seguros.<\/p>\n<p style=\"font-weight: 400;\"><strong>Medidas:<\/strong><\/p>\n<ul>\n<li>Largo: 70.0 cm<\/li>\n<li>Ancho: 20.0 cm.<\/li>\n<li>Altura: 6.8 cm.<\/li>\n<li>Colores: Verde, amarillo o negro.<\/li>\n<li>Iluminaci\u00f3n: Esfera iluminada con leds color rojo, \u00e1mbar,<\/li>\n<\/ul>\n","protected":false},"excerpt":{"rendered":"<p><strong>Nombre del producto: Canalizador Kayak<\/strong><\/p>\n<p><strong>C\u00f3digo del producto: CA-YAK-700V<\/strong><\/p>\n<table>\n<tbody>\n<tr>\n<td style=\"text-align: center;\"><strong>ESPA\u00d1OL<\/strong><\/td>\n<td style=\"text-align: center;\"><strong>INGL\u00c9S<\/strong><\/td>\n<td style=\"text-align: center;\"><strong>MODELO 3D<\/strong><\/td>\n<\/tr>\n<tr>\n<td><a href=\"https:\/\/multisenal.com\/wp-content\/uploads\/2024\/05\/PS-CAN-KAYAK-ES.pdf\"><img decoding=\"async\" class=\"wp-image-5524 aligncenter\" src=\"https:\/\/lapistaciclabili.it\/wp-content\/uploads\/2024\/06\/img-pdf-ciclopistas.webp\" alt=\"\" width=\"49\" height=\"49\" \/><\/a><\/td>\n<td><a href=\"https:\/\/multisenal.com\/wp-content\/uploads\/2024\/05\/PS-CAN-KAYAK-EN.pdf\"><img decoding=\"async\" class=\"wp-image-5524 aligncenter\" src=\"https:\/\/lapistaciclabili.it\/wp-content\/uploads\/2024\/06\/img-pdf-ciclopistas.webp\" alt=\"\" width=\"49\" height=\"49\" \/><\/a><\/td>\n<td><a href=\"https:\/\/lapistaciclabili.it\/renders\/canalizador-kayak-modelo-360\/\"><img decoding=\"async\" class=\"wp-image-5524 aligncenter\" src=\"https:\/\/lapistaciclabili.it\/wp-content\/uploads\/2024\/06\/img-modelo3D.webp\" alt=\"\" width=\"49\" height=\"49\" \/><\/a><\/td>\n<\/tr>\n<\/tbody>\n<\/table>\n","protected":false},"featured_media":7981,"comment_status":"open","ping_status":"closed","template":"","meta":[],"product_cat":[25],"product_tag":[],"class_list":{"0":"post-4564","1":"product","2":"type-product","3":"status-publish","4":"has-post-thumbnail","6":"product_cat-canalizadores","8":"first","9":"instock","10":"shipping-taxable","11":"product-type-simple"},"yoast_head":"<!-- This site is optimized with the Yoast SEO Premium plugin v22.3 (Yoast SEO v23.0) - https:\/\/yoast.com\/wordpress\/plugins\/seo\/ -->\n<title>Canalizador Kayak - lapistaciclabili.it<\/title>\n<meta name=\"description\" content=\"El canalizador Kayak representa una de las mejores opciones para delimitar ciclov\u00edas. Dise\u00f1o compacto y alta efectividad en todo momento.\" \/>\n<meta name=\"robots\" content=\"index, follow, max-snippet:-1, max-image-preview:large, max-video-preview:-1\" \/>\n<link rel=\"canonical\" href=\"https:\/\/lapistaciclabili.it\/es\/producto\/canalizador-kayak\/\" \/>\n<meta property=\"og:locale\" content=\"es_ES\" \/>\n<meta property=\"og:type\" content=\"article\" \/>\n<meta property=\"og:title\" content=\"Canalizador Kayak\" \/>\n<meta property=\"og:description\" content=\"El canalizador Kayak representa una de las mejores opciones para delimitar ciclov\u00edas. Dise\u00f1o compacto y alta efectividad en todo momento.\" \/>\n<meta property=\"og:url\" content=\"https:\/\/lapistaciclabili.it\/producto\/canalizador-kayak\/\" \/>\n<meta property=\"og:site_name\" content=\"lapistaciclabili.it\" \/>\n<meta property=\"article:publisher\" content=\"https:\/\/www.facebook.com\/multisenal\/\" \/>\n<meta property=\"article:modified_time\" content=\"2024-10-31T15:38:34+00:00\" \/>\n<meta property=\"og:image\" content=\"https:\/\/lapistaciclabili.it\/wp-content\/uploads\/2024\/06\/Canalizador-Kayak-v2025.webp\" \/>\n\t<meta property=\"og:image:width\" content=\"1200\" \/>\n\t<meta property=\"og:image:height\" content=\"1200\" \/>\n\t<meta property=\"og:image:type\" content=\"image\/webp\" \/>\n<meta name=\"twitter:card\" content=\"summary_large_image\" \/>\n<meta name=\"twitter:site\" content=\"@multisenal\" \/>\n<meta name=\"twitter:label1\" content=\"Tiempo de lectura\" \/>\n\t<meta name=\"twitter:data1\" content=\"2 minutos\" \/>\n<script type=\"application\/ld+json\" class=\"yoast-schema-graph\">{\"@context\":\"https:\/\/schema.org\",\"@graph\":[{\"@type\":\"WebPage\",\"@id\":\"https:\/\/lapistaciclabili.it\/producto\/canalizador-kayak\/\",\"url\":\"https:\/\/lapistaciclabili.it\/producto\/canalizador-kayak\/\",\"name\":\"Canalizador Kayak - lapistaciclabili.it\",\"isPartOf\":{\"@id\":\"https:\/\/lapistaciclabili.it\/#website\"},\"primaryImageOfPage\":{\"@id\":\"https:\/\/lapistaciclabili.it\/producto\/canalizador-kayak\/#primaryimage\"},\"image\":{\"@id\":\"https:\/\/lapistaciclabili.it\/producto\/canalizador-kayak\/#primaryimage\"},\"thumbnailUrl\":\"https:\/\/lapistaciclabili.it\/wp-content\/uploads\/2024\/06\/Canalizador-Kayak-v2025.webp\",\"datePublished\":\"2024-06-29T19:00:04+00:00\",\"dateModified\":\"2024-10-31T15:38:34+00:00\",\"description\":\"El canalizador Kayak representa una de las mejores opciones para delimitar ciclov\u00edas. Dise\u00f1o compacto y alta efectividad en todo momento.\",\"breadcrumb\":{\"@id\":\"https:\/\/lapistaciclabili.it\/producto\/canalizador-kayak\/#breadcrumb\"},\"inLanguage\":\"es\",\"potentialAction\":[{\"@type\":\"ReadAction\",\"target\":[\"https:\/\/lapistaciclabili.it\/producto\/canalizador-kayak\/\"]}]},{\"@type\":\"ImageObject\",\"inLanguage\":\"es\",\"@id\":\"https:\/\/lapistaciclabili.it\/producto\/canalizador-kayak\/#primaryimage\",\"url\":\"https:\/\/lapistaciclabili.it\/wp-content\/uploads\/2024\/06\/Canalizador-Kayak-v2025.webp\",\"contentUrl\":\"https:\/\/lapistaciclabili.it\/wp-content\/uploads\/2024\/06\/Canalizador-Kayak-v2025.webp\",\"width\":1200,\"height\":1200},{\"@type\":\"BreadcrumbList\",\"@id\":\"https:\/\/lapistaciclabili.it\/producto\/canalizador-kayak\/#breadcrumb\",\"itemListElement\":[{\"@type\":\"ListItem\",\"position\":1,\"name\":\"Inicio\",\"item\":\"https:\/\/lapistaciclabili.it\/\"},{\"@type\":\"ListItem\",\"position\":2,\"name\":\"Tienda\",\"item\":\"https:\/\/lapistaciclabili.it\/tienda\/\"},{\"@type\":\"ListItem\",\"position\":3,\"name\":\"Canalizador Kayak\"}]},{\"@type\":\"WebSite\",\"@id\":\"https:\/\/lapistaciclabili.it\/#website\",\"url\":\"https:\/\/lapistaciclabili.it\/\",\"name\":\"lapistaciclabili.it\",\"description\":\"\",\"publisher\":{\"@id\":\"https:\/\/lapistaciclabili.it\/#organization\"},\"potentialAction\":[{\"@type\":\"SearchAction\",\"target\":{\"@type\":\"EntryPoint\",\"urlTemplate\":\"https:\/\/lapistaciclabili.it\/?s={search_term_string}\"},\"query-input\":\"required name=search_term_string\"}],\"inLanguage\":\"es\"},{\"@type\":\"Organization\",\"@id\":\"https:\/\/lapistaciclabili.it\/#organization\",\"name\":\"lapistaciclabili.it\",\"url\":\"https:\/\/lapistaciclabili.it\/\",\"logo\":{\"@type\":\"ImageObject\",\"inLanguage\":\"es\",\"@id\":\"https:\/\/lapistaciclabili.it\/#\/schema\/logo\/image\/\",\"url\":\"https:\/\/lapistaciclabili.it\/wp-content\/uploads\/2024\/06\/lapistaciclabili.it_-1.png\",\"contentUrl\":\"https:\/\/lapistaciclabili.it\/wp-content\/uploads\/2024\/06\/lapistaciclabili.it_-1.png\",\"width\":768,\"height\":220,\"caption\":\"lapistaciclabili.it\"},\"image\":{\"@id\":\"https:\/\/lapistaciclabili.it\/#\/schema\/logo\/image\/\"},\"sameAs\":[\"https:\/\/www.facebook.com\/multisenal\/\",\"https:\/\/x.com\/multisenal\",\"https:\/\/www.instagram.com\/multisenalmx\/\",\"https:\/\/www.linkedin.com\/company\/multisenalmexico\/\",\"https:\/\/www.youtube.com\/@multisenaloficial\"]}]}<\/script>\n<!-- \/ Yoast SEO Premium plugin. -->","yoast_head_json":{"title":"Canalizador Kayak - lapistaciclabili.it","description":"El canalizador Kayak representa una de las mejores opciones para delimitar ciclov\u00edas. Dise\u00f1o compacto y alta efectividad en todo momento.","robots":{"index":"index","follow":"follow","max-snippet":"max-snippet:-1","max-image-preview":"max-image-preview:large","max-video-preview":"max-video-preview:-1"},"canonical":"https:\/\/lapistaciclabili.it\/es\/producto\/canalizador-kayak\/","og_locale":"es_ES","og_type":"article","og_title":"Canalizador Kayak","og_description":"El canalizador Kayak representa una de las mejores opciones para delimitar ciclov\u00edas. Dise\u00f1o compacto y alta efectividad en todo momento.","og_url":"https:\/\/lapistaciclabili.it\/producto\/canalizador-kayak\/","og_site_name":"lapistaciclabili.it","article_publisher":"https:\/\/www.facebook.com\/multisenal\/","article_modified_time":"2024-10-31T15:38:34+00:00","og_image":[{"width":1200,"height":1200,"url":"https:\/\/lapistaciclabili.it\/wp-content\/uploads\/2024\/06\/Canalizador-Kayak-v2025.webp","type":"image\/webp"}],"twitter_card":"summary_large_image","twitter_site":"@multisenal","twitter_misc":{"Tiempo de lectura":"2 minutos"},"schema":{"@context":"https:\/\/schema.org","@graph":[{"@type":"WebPage","@id":"https:\/\/lapistaciclabili.it\/producto\/canalizador-kayak\/","url":"https:\/\/lapistaciclabili.it\/producto\/canalizador-kayak\/","name":"Canalizador Kayak - lapistaciclabili.it","isPartOf":{"@id":"https:\/\/lapistaciclabili.it\/#website"},"primaryImageOfPage":{"@id":"https:\/\/lapistaciclabili.it\/producto\/canalizador-kayak\/#primaryimage"},"image":{"@id":"https:\/\/lapistaciclabili.it\/producto\/canalizador-kayak\/#primaryimage"},"thumbnailUrl":"https:\/\/lapistaciclabili.it\/wp-content\/uploads\/2024\/06\/Canalizador-Kayak-v2025.webp","datePublished":"2024-06-29T19:00:04+00:00","dateModified":"2024-10-31T15:38:34+00:00","description":"El canalizador Kayak representa una de las mejores opciones para delimitar ciclov\u00edas. Dise\u00f1o compacto y alta efectividad en todo momento.","breadcrumb":{"@id":"https:\/\/lapistaciclabili.it\/producto\/canalizador-kayak\/#breadcrumb"},"inLanguage":"es","potentialAction":[{"@type":"ReadAction","target":["https:\/\/lapistaciclabili.it\/producto\/canalizador-kayak\/"]}]},{"@type":"ImageObject","inLanguage":"es","@id":"https:\/\/lapistaciclabili.it\/producto\/canalizador-kayak\/#primaryimage","url":"https:\/\/lapistaciclabili.it\/wp-content\/uploads\/2024\/06\/Canalizador-Kayak-v2025.webp","contentUrl":"https:\/\/lapistaciclabili.it\/wp-content\/uploads\/2024\/06\/Canalizador-Kayak-v2025.webp","width":1200,"height":1200},{"@type":"BreadcrumbList","@id":"https:\/\/lapistaciclabili.it\/producto\/canalizador-kayak\/#breadcrumb","itemListElement":[{"@type":"ListItem","position":1,"name":"Inicio","item":"https:\/\/lapistaciclabili.it\/"},{"@type":"ListItem","position":2,"name":"Tienda","item":"https:\/\/lapistaciclabili.it\/tienda\/"},{"@type":"ListItem","position":3,"name":"Canalizador Kayak"}]},{"@type":"WebSite","@id":"https:\/\/lapistaciclabili.it\/#website","url":"https:\/\/lapistaciclabili.it\/","name":"lapistaciclabili.it","description":"","publisher":{"@id":"https:\/\/lapistaciclabili.it\/#organization"},"potentialAction":[{"@type":"SearchAction","target":{"@type":"EntryPoint","urlTemplate":"https:\/\/lapistaciclabili.it\/?s={search_term_string}"},"query-input":"required name=search_term_string"}],"inLanguage":"es"},{"@type":"Organization","@id":"https:\/\/lapistaciclabili.it\/#organization","name":"lapistaciclabili.it","url":"https:\/\/lapistaciclabili.it\/","logo":{"@type":"ImageObject","inLanguage":"es","@id":"https:\/\/lapistaciclabili.it\/#\/schema\/logo\/image\/","url":"https:\/\/lapistaciclabili.it\/wp-content\/uploads\/2024\/06\/lapistaciclabili.it_-1.png","contentUrl":"https:\/\/lapistaciclabili.it\/wp-content\/uploads\/2024\/06\/lapistaciclabili.it_-1.png","width":768,"height":220,"caption":"lapistaciclabili.it"},"image":{"@id":"https:\/\/lapistaciclabili.it\/#\/schema\/logo\/image\/"},"sameAs":["https:\/\/www.facebook.com\/multisenal\/","https:\/\/x.com\/multisenal","https:\/\/www.instagram.com\/multisenalmx\/","https:\/\/www.linkedin.com\/company\/multisenalmexico\/","https:\/\/www.youtube.com\/@multisenaloficial"]}]}},"_links":{"self":[{"href":"https:\/\/lapistaciclabili.it\/es\/wp-json\/wp\/v2\/product\/4564","targetHints":{"allow":["GET"]}}],"collection":[{"href":"https:\/\/lapistaciclabili.it\/es\/wp-json\/wp\/v2\/product"}],"about":[{"href":"https:\/\/lapistaciclabili.it\/es\/wp-json\/wp\/v2\/types\/product"}],"replies":[{"embeddable":true,"href":"https:\/\/lapistaciclabili.it\/es\/wp-json\/wp\/v2\/comments?post=4564"}],"wp:featuredmedia":[{"embeddable":true,"href":"https:\/\/lapistaciclabili.it\/es\/wp-json\/wp\/v2\/media\/7981"}],"wp:attachment":[{"href":"https:\/\/lapistaciclabili.it\/es\/wp-json\/wp\/v2\/media?parent=4564"}],"wp:term":[{"taxonomy":"product_cat","embeddable":true,"href":"https:\/\/lapistaciclabili.it\/es\/wp-json\/wp\/v2\/product_cat?post=4564"},{"taxonomy":"product_tag","embeddable":true,"href":"https:\/\/lapistaciclabili.it\/es\/wp-json\/wp\/v2\/product_tag?post=4564"}],"curies":[{"name":"wp","href":"https:\/\/api.w.org\/{rel}","templated":true}]}}