{"id":4561,"date":"2024-06-29T18:00:00","date_gmt":"2024-06-29T18:00:00","guid":{"rendered":"https:\/\/lapistaciclabili.it\/?post_type=product&#038;p=4561"},"modified":"2024-08-16T23:40:16","modified_gmt":"2024-08-16T23:40:16","slug":"canalizador-bumerang-solar","status":"publish","type":"product","link":"https:\/\/lapistaciclabili.it\/es\/producto\/canalizador-bumerang-solar\/","title":{"rendered":"Canalizador Bumerang Solar"},"content":{"rendered":"<p style=\"font-weight: 400;\">El Canalizador Bumerang Solar es un dispositivo de se\u00f1alizaci\u00f3n dise\u00f1ado para canalizar el flujo vial evitando que los veh\u00edculos invadan otros carriles o ciclov\u00edas.<\/p>\n<p style=\"font-weight: 400;\">El canalizador tiene m\u00faltiples aplicaciones, como confinar v\u00edas exclusivas de ciclopistas o de l\u00edneas de transporte p\u00fablico, as\u00ed como separar carriles. Su objetivo es mantener separado el flujo vehicular del ciclista en zonas espec\u00edficas.<\/p>\n<p style=\"font-weight: 400;\">El canalizador Bumerang Solar es una de las mejores opciones para delimitar ciclopistas y mantener seguros a sus usuarios. De esta manera, los ciclistas pueden tener una conducci\u00f3n m\u00e1s tranquila.<\/p>\n<p style=\"font-weight: 400;\">Fabricado con polietileno de media densidad 100% reciclado, nuestros canalizadores son la opci\u00f3n superior para contener el flujo ciclista de manera segura y eficiente. Disponibles en vibrantes colores verde o amarillo, con protecci\u00f3n UV que asegura una larga vida \u00fatil sin decoloraci\u00f3n. Cuenta con una esfera de cristal que le proporciona mayor visibilidad al irradiar destellos en color blanco, rojo y azul.<\/p>\n<p style=\"font-weight: 400;\">Nuestros canalizadores son pr\u00e1cticamente irrompibles gracias a su alta resistencia a las colisiones, proporcionando una barrera fiable para evitar invasiones de carriles. Equipados con 6 puntos de anclaje para una fijaci\u00f3n segura al suelo, se instalan f\u00e1cilmente con anclas de acero o taquetes con tornillos extra largos.<\/p>\n<p style=\"font-weight: 400;\">Pensados para una m\u00e1xima visibilidad, cada canalizador cuenta con 5 cavidades estrat\u00e9gicamente ubicadas para reflejantes, optimizando su visibilidad tanto de d\u00eda como de noche.<\/p>\n<p style=\"font-weight: 400;\">No comprometas la seguridad vial. Elige el Canalizador Bumerang Solar y asegura un tr\u00e1nsito ciclista fluido y seguro.<\/p>\n<p style=\"font-weight: 400;\">\u00a1Revisa nuestro <a href=\"https:\/\/lapistaciclabili.it\/productos-ciclovias\/\">cat\u00e1logo<\/a> y descubre c\u00f3mo podemos optimizar la se\u00f1alizaci\u00f3n e <a href=\"https:\/\/multisenal.com.mx\/blog\/infraestructura-y-equipamiento-ciclista-que-es\/\">infraestructura ciclista<\/a>!<\/p>\n<p style=\"font-weight: 400;\"><strong>Medidas del canalizador Bumerang solar:<\/strong><\/p>\n<ul>\n<li>Largo: 50.0 cm<\/li>\n<li>Ancho: 36.9 cm<\/li>\n<li>Alto: 10.0 cm<\/li>\n<li>Color: Verde o Amarillo<\/li>\n<li>Reflejante: blanco, \u00e1mbar, rojo o rosa<\/li>\n<\/ul>\n","protected":false},"excerpt":{"rendered":"<p><strong>Nombre del Producto: Canalizador Bumerang Solar<\/strong><\/p>\n<p><strong>C\u00f3digo: C-BG-10-S<\/strong><\/p>\n<table>\n<tbody>\n<tr>\n<td style=\"text-align: center;\"><strong>ESPA\u00d1OL<\/strong><\/td>\n<td style=\"text-align: center;\"><strong>INGL\u00c9S<\/strong><\/td>\n<td style=\"text-align: center;\"><strong>MODELO 3D<\/strong><\/td>\n<\/tr>\n<tr>\n<td><a href=\"https:\/\/multisenal.com.mx\/FichasTecnicas\/Canalizador-Bumerang-Solar-ES.pdf\"><img decoding=\"async\" class=\"wp-image-5524 aligncenter\" src=\"https:\/\/lapistaciclabili.it\/wp-content\/uploads\/2024\/06\/img-pdf-ciclopistas.webp\" alt=\"\" width=\"49\" height=\"49\" \/><\/a><\/td>\n<td><a href=\"https:\/\/multisenal.com.mx\/FichasTecnicas\/Canalizador-Bumerang-Solar-EN.pdf\"><img decoding=\"async\" class=\"wp-image-5524 aligncenter\" src=\"https:\/\/lapistaciclabili.it\/wp-content\/uploads\/2024\/06\/img-pdf-ciclopistas.webp\" alt=\"\" width=\"49\" height=\"49\" \/><\/a><\/td>\n<td><a href=\"https:\/\/lapistaciclabili.it\/renders\/bumerang-solar-modelo-360\/\"><img decoding=\"async\" class=\"wp-image-5524 aligncenter\" src=\"https:\/\/lapistaciclabili.it\/wp-content\/uploads\/2024\/06\/img-modelo3D.webp\" alt=\"\" width=\"49\" height=\"49\" \/><\/a><\/td>\n<\/tr>\n<\/tbody>\n<\/table>\n","protected":false},"featured_media":7985,"comment_status":"open","ping_status":"closed","template":"","meta":[],"product_cat":[25,26],"product_tag":[],"class_list":{"0":"post-4561","1":"product","2":"type-product","3":"status-publish","4":"has-post-thumbnail","6":"product_cat-canalizadores","7":"product_cat-productos-solares","9":"first","10":"instock","11":"shipping-taxable","12":"product-type-simple"},"yoast_head":"<!-- This site is optimized with the Yoast SEO Premium plugin v22.3 (Yoast SEO v23.0) - https:\/\/yoast.com\/wordpress\/plugins\/seo\/ -->\n<title>Canalizador Bumerang Solar - lapistaciclabili.it<\/title>\n<meta name=\"description\" content=\"El canalizador bumerang solar es la herramienta vial ideal para delimitar ciclopistas y mantener seguros a los usuarios en su camino.\" \/>\n<meta name=\"robots\" content=\"index, follow, max-snippet:-1, max-image-preview:large, max-video-preview:-1\" \/>\n<link rel=\"canonical\" href=\"https:\/\/lapistaciclabili.it\/es\/producto\/canalizador-bumerang-solar\/\" \/>\n<meta property=\"og:locale\" content=\"es_ES\" \/>\n<meta property=\"og:type\" content=\"article\" \/>\n<meta property=\"og:title\" content=\"Canalizador Bumerang Solar\" \/>\n<meta property=\"og:description\" content=\"El canalizador bumerang solar es la herramienta vial ideal para delimitar ciclopistas y mantener seguros a los usuarios en su camino.\" \/>\n<meta property=\"og:url\" content=\"https:\/\/lapistaciclabili.it\/producto\/canalizador-bumerang-solar\/\" \/>\n<meta property=\"og:site_name\" content=\"lapistaciclabili.it\" \/>\n<meta property=\"article:publisher\" content=\"https:\/\/www.facebook.com\/multisenal\/\" \/>\n<meta property=\"article:modified_time\" content=\"2024-08-16T23:40:16+00:00\" \/>\n<meta property=\"og:image\" content=\"https:\/\/lapistaciclabili.it\/wp-content\/uploads\/2024\/06\/Canalizador-Bumerang-v2024.webp\" \/>\n\t<meta property=\"og:image:width\" content=\"1200\" \/>\n\t<meta property=\"og:image:height\" content=\"1200\" \/>\n\t<meta property=\"og:image:type\" content=\"image\/webp\" \/>\n<meta name=\"twitter:card\" content=\"summary_large_image\" \/>\n<meta name=\"twitter:site\" content=\"@multisenal\" \/>\n<meta name=\"twitter:label1\" content=\"Tiempo de lectura\" \/>\n\t<meta name=\"twitter:data1\" content=\"2 minutos\" \/>\n<script type=\"application\/ld+json\" class=\"yoast-schema-graph\">{\"@context\":\"https:\/\/schema.org\",\"@graph\":[{\"@type\":\"WebPage\",\"@id\":\"https:\/\/lapistaciclabili.it\/producto\/canalizador-bumerang-solar\/\",\"url\":\"https:\/\/lapistaciclabili.it\/producto\/canalizador-bumerang-solar\/\",\"name\":\"Canalizador Bumerang Solar - lapistaciclabili.it\",\"isPartOf\":{\"@id\":\"https:\/\/lapistaciclabili.it\/#website\"},\"primaryImageOfPage\":{\"@id\":\"https:\/\/lapistaciclabili.it\/producto\/canalizador-bumerang-solar\/#primaryimage\"},\"image\":{\"@id\":\"https:\/\/lapistaciclabili.it\/producto\/canalizador-bumerang-solar\/#primaryimage\"},\"thumbnailUrl\":\"https:\/\/lapistaciclabili.it\/wp-content\/uploads\/2024\/06\/Canalizador-Bumerang-v2024.webp\",\"datePublished\":\"2024-06-29T18:00:00+00:00\",\"dateModified\":\"2024-08-16T23:40:16+00:00\",\"description\":\"El canalizador bumerang solar es la herramienta vial ideal para delimitar ciclopistas y mantener seguros a los usuarios en su camino.\",\"breadcrumb\":{\"@id\":\"https:\/\/lapistaciclabili.it\/producto\/canalizador-bumerang-solar\/#breadcrumb\"},\"inLanguage\":\"es\",\"potentialAction\":[{\"@type\":\"ReadAction\",\"target\":[\"https:\/\/lapistaciclabili.it\/producto\/canalizador-bumerang-solar\/\"]}]},{\"@type\":\"ImageObject\",\"inLanguage\":\"es\",\"@id\":\"https:\/\/lapistaciclabili.it\/producto\/canalizador-bumerang-solar\/#primaryimage\",\"url\":\"https:\/\/lapistaciclabili.it\/wp-content\/uploads\/2024\/06\/Canalizador-Bumerang-v2024.webp\",\"contentUrl\":\"https:\/\/lapistaciclabili.it\/wp-content\/uploads\/2024\/06\/Canalizador-Bumerang-v2024.webp\",\"width\":1200,\"height\":1200},{\"@type\":\"BreadcrumbList\",\"@id\":\"https:\/\/lapistaciclabili.it\/producto\/canalizador-bumerang-solar\/#breadcrumb\",\"itemListElement\":[{\"@type\":\"ListItem\",\"position\":1,\"name\":\"Inicio\",\"item\":\"https:\/\/lapistaciclabili.it\/\"},{\"@type\":\"ListItem\",\"position\":2,\"name\":\"Tienda\",\"item\":\"https:\/\/lapistaciclabili.it\/tienda\/\"},{\"@type\":\"ListItem\",\"position\":3,\"name\":\"Canalizador Bumerang Solar\"}]},{\"@type\":\"WebSite\",\"@id\":\"https:\/\/lapistaciclabili.it\/#website\",\"url\":\"https:\/\/lapistaciclabili.it\/\",\"name\":\"lapistaciclabili.it\",\"description\":\"\",\"publisher\":{\"@id\":\"https:\/\/lapistaciclabili.it\/#organization\"},\"potentialAction\":[{\"@type\":\"SearchAction\",\"target\":{\"@type\":\"EntryPoint\",\"urlTemplate\":\"https:\/\/lapistaciclabili.it\/?s={search_term_string}\"},\"query-input\":\"required name=search_term_string\"}],\"inLanguage\":\"es\"},{\"@type\":\"Organization\",\"@id\":\"https:\/\/lapistaciclabili.it\/#organization\",\"name\":\"lapistaciclabili.it\",\"url\":\"https:\/\/lapistaciclabili.it\/\",\"logo\":{\"@type\":\"ImageObject\",\"inLanguage\":\"es\",\"@id\":\"https:\/\/lapistaciclabili.it\/#\/schema\/logo\/image\/\",\"url\":\"https:\/\/lapistaciclabili.it\/wp-content\/uploads\/2024\/06\/lapistaciclabili.it_-1.png\",\"contentUrl\":\"https:\/\/lapistaciclabili.it\/wp-content\/uploads\/2024\/06\/lapistaciclabili.it_-1.png\",\"width\":768,\"height\":220,\"caption\":\"lapistaciclabili.it\"},\"image\":{\"@id\":\"https:\/\/lapistaciclabili.it\/#\/schema\/logo\/image\/\"},\"sameAs\":[\"https:\/\/www.facebook.com\/multisenal\/\",\"https:\/\/x.com\/multisenal\",\"https:\/\/www.instagram.com\/multisenalmx\/\",\"https:\/\/www.linkedin.com\/company\/multisenalmexico\/\",\"https:\/\/www.youtube.com\/@multisenaloficial\"]}]}<\/script>\n<!-- \/ Yoast SEO Premium plugin. -->","yoast_head_json":{"title":"Canalizador Bumerang Solar - lapistaciclabili.it","description":"El canalizador bumerang solar es la herramienta vial ideal para delimitar ciclopistas y mantener seguros a los usuarios en su camino.","robots":{"index":"index","follow":"follow","max-snippet":"max-snippet:-1","max-image-preview":"max-image-preview:large","max-video-preview":"max-video-preview:-1"},"canonical":"https:\/\/lapistaciclabili.it\/es\/producto\/canalizador-bumerang-solar\/","og_locale":"es_ES","og_type":"article","og_title":"Canalizador Bumerang Solar","og_description":"El canalizador bumerang solar es la herramienta vial ideal para delimitar ciclopistas y mantener seguros a los usuarios en su camino.","og_url":"https:\/\/lapistaciclabili.it\/producto\/canalizador-bumerang-solar\/","og_site_name":"lapistaciclabili.it","article_publisher":"https:\/\/www.facebook.com\/multisenal\/","article_modified_time":"2024-08-16T23:40:16+00:00","og_image":[{"width":1200,"height":1200,"url":"https:\/\/lapistaciclabili.it\/wp-content\/uploads\/2024\/06\/Canalizador-Bumerang-v2024.webp","type":"image\/webp"}],"twitter_card":"summary_large_image","twitter_site":"@multisenal","twitter_misc":{"Tiempo de lectura":"2 minutos"},"schema":{"@context":"https:\/\/schema.org","@graph":[{"@type":"WebPage","@id":"https:\/\/lapistaciclabili.it\/producto\/canalizador-bumerang-solar\/","url":"https:\/\/lapistaciclabili.it\/producto\/canalizador-bumerang-solar\/","name":"Canalizador Bumerang Solar - lapistaciclabili.it","isPartOf":{"@id":"https:\/\/lapistaciclabili.it\/#website"},"primaryImageOfPage":{"@id":"https:\/\/lapistaciclabili.it\/producto\/canalizador-bumerang-solar\/#primaryimage"},"image":{"@id":"https:\/\/lapistaciclabili.it\/producto\/canalizador-bumerang-solar\/#primaryimage"},"thumbnailUrl":"https:\/\/lapistaciclabili.it\/wp-content\/uploads\/2024\/06\/Canalizador-Bumerang-v2024.webp","datePublished":"2024-06-29T18:00:00+00:00","dateModified":"2024-08-16T23:40:16+00:00","description":"El canalizador bumerang solar es la herramienta vial ideal para delimitar ciclopistas y mantener seguros a los usuarios en su camino.","breadcrumb":{"@id":"https:\/\/lapistaciclabili.it\/producto\/canalizador-bumerang-solar\/#breadcrumb"},"inLanguage":"es","potentialAction":[{"@type":"ReadAction","target":["https:\/\/lapistaciclabili.it\/producto\/canalizador-bumerang-solar\/"]}]},{"@type":"ImageObject","inLanguage":"es","@id":"https:\/\/lapistaciclabili.it\/producto\/canalizador-bumerang-solar\/#primaryimage","url":"https:\/\/lapistaciclabili.it\/wp-content\/uploads\/2024\/06\/Canalizador-Bumerang-v2024.webp","contentUrl":"https:\/\/lapistaciclabili.it\/wp-content\/uploads\/2024\/06\/Canalizador-Bumerang-v2024.webp","width":1200,"height":1200},{"@type":"BreadcrumbList","@id":"https:\/\/lapistaciclabili.it\/producto\/canalizador-bumerang-solar\/#breadcrumb","itemListElement":[{"@type":"ListItem","position":1,"name":"Inicio","item":"https:\/\/lapistaciclabili.it\/"},{"@type":"ListItem","position":2,"name":"Tienda","item":"https:\/\/lapistaciclabili.it\/tienda\/"},{"@type":"ListItem","position":3,"name":"Canalizador Bumerang Solar"}]},{"@type":"WebSite","@id":"https:\/\/lapistaciclabili.it\/#website","url":"https:\/\/lapistaciclabili.it\/","name":"lapistaciclabili.it","description":"","publisher":{"@id":"https:\/\/lapistaciclabili.it\/#organization"},"potentialAction":[{"@type":"SearchAction","target":{"@type":"EntryPoint","urlTemplate":"https:\/\/lapistaciclabili.it\/?s={search_term_string}"},"query-input":"required name=search_term_string"}],"inLanguage":"es"},{"@type":"Organization","@id":"https:\/\/lapistaciclabili.it\/#organization","name":"lapistaciclabili.it","url":"https:\/\/lapistaciclabili.it\/","logo":{"@type":"ImageObject","inLanguage":"es","@id":"https:\/\/lapistaciclabili.it\/#\/schema\/logo\/image\/","url":"https:\/\/lapistaciclabili.it\/wp-content\/uploads\/2024\/06\/lapistaciclabili.it_-1.png","contentUrl":"https:\/\/lapistaciclabili.it\/wp-content\/uploads\/2024\/06\/lapistaciclabili.it_-1.png","width":768,"height":220,"caption":"lapistaciclabili.it"},"image":{"@id":"https:\/\/lapistaciclabili.it\/#\/schema\/logo\/image\/"},"sameAs":["https:\/\/www.facebook.com\/multisenal\/","https:\/\/x.com\/multisenal","https:\/\/www.instagram.com\/multisenalmx\/","https:\/\/www.linkedin.com\/company\/multisenalmexico\/","https:\/\/www.youtube.com\/@multisenaloficial"]}]}},"_links":{"self":[{"href":"https:\/\/lapistaciclabili.it\/es\/wp-json\/wp\/v2\/product\/4561","targetHints":{"allow":["GET"]}}],"collection":[{"href":"https:\/\/lapistaciclabili.it\/es\/wp-json\/wp\/v2\/product"}],"about":[{"href":"https:\/\/lapistaciclabili.it\/es\/wp-json\/wp\/v2\/types\/product"}],"replies":[{"embeddable":true,"href":"https:\/\/lapistaciclabili.it\/es\/wp-json\/wp\/v2\/comments?post=4561"}],"wp:featuredmedia":[{"embeddable":true,"href":"https:\/\/lapistaciclabili.it\/es\/wp-json\/wp\/v2\/media\/7985"}],"wp:attachment":[{"href":"https:\/\/lapistaciclabili.it\/es\/wp-json\/wp\/v2\/media?parent=4561"}],"wp:term":[{"taxonomy":"product_cat","embeddable":true,"href":"https:\/\/lapistaciclabili.it\/es\/wp-json\/wp\/v2\/product_cat?post=4561"},{"taxonomy":"product_tag","embeddable":true,"href":"https:\/\/lapistaciclabili.it\/es\/wp-json\/wp\/v2\/product_tag?post=4561"}],"curies":[{"name":"wp","href":"https:\/\/api.w.org\/{rel}","templated":true}]}}