{"id":4557,"date":"2024-06-30T23:36:56","date_gmt":"2024-06-30T23:36:56","guid":{"rendered":"https:\/\/lapistaciclabili.it\/?post_type=product&#038;p=4557"},"modified":"2024-08-26T22:10:53","modified_gmt":"2024-08-26T22:10:53","slug":"paleta-informativa-con-gancho-para-ciclistas","status":"publish","type":"product","link":"https:\/\/lapistaciclabili.it\/es\/producto\/paleta-informativa-con-gancho-para-ciclistas\/","title":{"rendered":"Paleta Informativa con Gancho"},"content":{"rendered":"<p style=\"font-weight: 400;\">Transforma la gesti\u00f3n de tr\u00e1fico y circulaci\u00f3n de ciclistas con nuestra paleta informativa con gancho hexagonal multifuncional, dise\u00f1ada para adaptarse a cualquier entorno con facilidad y eficiencia. Este innovador elemento, con forma de paleta hexagonal de doble vista, se convierte en tu aliado indispensable para regular la circulaci\u00f3n ciclista, permitir el paso seguro de peatones y asegurar la organizaci\u00f3n en rodadas masivas.<\/p>\n<p style=\"font-weight: 400;\"><strong>Caracter\u00edsticas destacadas:<\/strong><\/p>\n<p style=\"font-weight: 400;\">&#8211; Dise\u00f1o vers\u00e1til: Configurable para dos vistas distintas seg\u00fan las necesidades espec\u00edficas.<\/p>\n<p style=\"font-weight: 400;\">&#8211; Material de alta resistencia: Fabricado en polietileno de alta densidad en vibrantes colores amarillo o naranja, resistente a los elementos y con protecci\u00f3n UV para una larga vida \u00fatil.<\/p>\n<p style=\"font-weight: 400;\">&#8211; F\u00e1cil instalaci\u00f3n y movilidad: Equipado con un gancho ajustable que se adapta perfectamente a hitos o trafitambos, permitiendo una instalaci\u00f3n r\u00e1pida y segura.<\/p>\n<p style=\"font-weight: 400;\">&#8211; Pr\u00e1ctico y manejable: Su dise\u00f1o incluye un porta-cinta y un remate para facilitar su agarre y traslado a diferentes ubicaciones.<\/p>\n<p style=\"font-weight: 400;\">&#8211; Estabilidad mejorada: Base de polietileno de baja densidad en negro que optimiza la estabilidad, con una manija incorporada para una manipulaci\u00f3n sencilla.<\/p>\n<p style=\"font-weight: 400;\">&#8211; Sin necesidad de mantenimiento: Producto durable que no requiere mantenimiento, garantizando eficiencia continua.<\/p>\n<p style=\"font-weight: 400;\">&#8211; Aplicaciones vers\u00e1tiles: Ideal para indicar a los ciclistas el sentido de la circulaci\u00f3n que deben seguir. Puede colocarse al inicio de una ciclov\u00eda, en entradas y salidas o cualquier otro lugar donde el paso de los ciclistas sea constante.<\/p>\n<p style=\"font-weight: 400;\">La Paleta Informativa con Gancho es la soluci\u00f3n integral para cualquier situaci\u00f3n de control de tr\u00e1fico. Descubre c\u00f3mo este producto puede transformar la gesti\u00f3n de la circulaci\u00f3n ciclista. Indica la direcci\u00f3n correcta que las bicis deben seguir en espacios que requieren control de tr\u00e1fico.<\/p>\n<p>Conoce todos los <a href=\"https:\/\/lapistaciclabili.it\/productos-ciclovias\/\">dispositivos<\/a> que tenemos disponibles para crear <a href=\"https:\/\/multisenal.com.mx\/blog\/infraestructura-y-equipamiento-ciclista-que-es\/\">caminos ciclistas<\/a> m\u00e1s seguros. Proporciona seguridad a usuarios de bicis y peatones.<\/p>\n<p style=\"font-weight: 400;\"><strong>Medidas:<\/strong><\/p>\n<p>Largo: 34.5 cm<br \/>\nAncho: 4.2 cm<br \/>\nAlto hexagonal: 30.5 cm<br \/>\nAltura total con hito: 159.0 cm<\/p>\n","protected":false},"excerpt":{"rendered":"<p><strong>Nombre del producto: Paleta Alto Siga Gancho<\/strong><\/p>\n<p><strong>C\u00f3digo: PPS-30 G<\/strong><\/p>\n<table>\n<tbody>\n<tr>\n<td style=\"text-align: center;\"><strong>ESPA\u00d1OL<\/strong><\/td>\n<td style=\"text-align: center;\"><strong>INGL\u00c9S<\/strong><\/td>\n<td style=\"text-align: center;\"><strong>MODELO 3D<\/strong><\/td>\n<\/tr>\n<tr>\n<td><a href=\"https:\/\/multisenal.com.mx\/FichasTecnicas\/Paleta-HEXA-30-ES.pdf\"><img decoding=\"async\" class=\"wp-image-5524 aligncenter\" src=\"https:\/\/lapistaciclabili.it\/wp-content\/uploads\/2024\/06\/img-pdf-ciclopistas.webp\" alt=\"\" width=\"49\" height=\"49\" \/><\/a><\/td>\n<td><a href=\"https:\/\/multisenal.com.mx\/FichasTecnicas\/Paleta-HEXA-30-EN.pdf\"><img decoding=\"async\" class=\"wp-image-5524 aligncenter\" src=\"https:\/\/lapistaciclabili.it\/wp-content\/uploads\/2024\/06\/img-pdf-ciclopistas.webp\" alt=\"\" width=\"49\" height=\"49\" \/><\/a><\/td>\n<td><a href=\"https:\/\/lapistaciclabili.it\/renders\/paleta-informativa-gancho-modelo-360\/\"><img decoding=\"async\" class=\"wp-image-5524 aligncenter\" src=\"https:\/\/lapistaciclabili.it\/wp-content\/uploads\/2024\/06\/img-modelo3D.webp\" alt=\"\" width=\"49\" height=\"49\" \/><\/a><\/td>\n<\/tr>\n<\/tbody>\n<\/table>\n","protected":false},"featured_media":4668,"comment_status":"open","ping_status":"closed","template":"","meta":[],"product_cat":[39],"product_tag":[],"class_list":{"0":"post-4557","1":"product","2":"type-product","3":"status-publish","4":"has-post-thumbnail","6":"product_cat-paletas-viales","8":"first","9":"instock","10":"shipping-taxable","11":"product-type-simple"},"yoast_head":"<!-- This site is optimized with the Yoast SEO Premium plugin v22.3 (Yoast SEO v23.0) - https:\/\/yoast.com\/wordpress\/plugins\/seo\/ -->\n<title>Paleta Informativa con Gancho - lapistaciclabili.it<\/title>\n<meta name=\"description\" content=\"Paleta informativa con gancho. Ideal para dirigir el camino de ciclistas y colocarla al inicio de ciclov\u00edas, entradas de plazas comerciales, etc.\" \/>\n<meta name=\"robots\" content=\"index, follow, max-snippet:-1, max-image-preview:large, max-video-preview:-1\" \/>\n<link rel=\"canonical\" href=\"https:\/\/lapistaciclabili.it\/es\/producto\/paleta-informativa-con-gancho-para-ciclistas\/\" \/>\n<meta property=\"og:locale\" content=\"es_ES\" \/>\n<meta property=\"og:type\" content=\"article\" \/>\n<meta property=\"og:title\" content=\"Paleta Informativa con Gancho\" \/>\n<meta property=\"og:description\" content=\"Paleta informativa con gancho. Ideal para dirigir el camino de ciclistas y colocarla al inicio de ciclov\u00edas, entradas de plazas comerciales, etc.\" \/>\n<meta property=\"og:url\" content=\"https:\/\/lapistaciclabili.it\/producto\/paleta-informativa-con-gancho-para-ciclistas\/\" \/>\n<meta property=\"og:site_name\" content=\"lapistaciclabili.it\" \/>\n<meta property=\"article:publisher\" content=\"https:\/\/www.facebook.com\/multisenal\/\" \/>\n<meta property=\"article:modified_time\" content=\"2024-08-26T22:10:53+00:00\" \/>\n<meta property=\"og:image\" content=\"https:\/\/lapistaciclabili.it\/wp-content\/uploads\/2024\/06\/Paleta-Inf-G.webp\" \/>\n\t<meta property=\"og:image:width\" content=\"1200\" \/>\n\t<meta property=\"og:image:height\" content=\"1200\" \/>\n\t<meta property=\"og:image:type\" content=\"image\/webp\" \/>\n<meta name=\"twitter:card\" content=\"summary_large_image\" \/>\n<meta name=\"twitter:site\" content=\"@multisenal\" \/>\n<meta name=\"twitter:label1\" content=\"Tiempo de lectura\" \/>\n\t<meta name=\"twitter:data1\" content=\"2 minutos\" \/>\n<script type=\"application\/ld+json\" class=\"yoast-schema-graph\">{\"@context\":\"https:\/\/schema.org\",\"@graph\":[{\"@type\":\"WebPage\",\"@id\":\"https:\/\/lapistaciclabili.it\/producto\/paleta-informativa-con-gancho-para-ciclistas\/\",\"url\":\"https:\/\/lapistaciclabili.it\/producto\/paleta-informativa-con-gancho-para-ciclistas\/\",\"name\":\"Paleta Informativa con Gancho - lapistaciclabili.it\",\"isPartOf\":{\"@id\":\"https:\/\/lapistaciclabili.it\/#website\"},\"primaryImageOfPage\":{\"@id\":\"https:\/\/lapistaciclabili.it\/producto\/paleta-informativa-con-gancho-para-ciclistas\/#primaryimage\"},\"image\":{\"@id\":\"https:\/\/lapistaciclabili.it\/producto\/paleta-informativa-con-gancho-para-ciclistas\/#primaryimage\"},\"thumbnailUrl\":\"https:\/\/lapistaciclabili.it\/wp-content\/uploads\/2024\/06\/Paleta-Inf-G.webp\",\"datePublished\":\"2024-06-30T23:36:56+00:00\",\"dateModified\":\"2024-08-26T22:10:53+00:00\",\"description\":\"Paleta informativa con gancho. Ideal para dirigir el camino de ciclistas y colocarla al inicio de ciclov\u00edas, entradas de plazas comerciales, etc.\",\"breadcrumb\":{\"@id\":\"https:\/\/lapistaciclabili.it\/producto\/paleta-informativa-con-gancho-para-ciclistas\/#breadcrumb\"},\"inLanguage\":\"es\",\"potentialAction\":[{\"@type\":\"ReadAction\",\"target\":[\"https:\/\/lapistaciclabili.it\/producto\/paleta-informativa-con-gancho-para-ciclistas\/\"]}]},{\"@type\":\"ImageObject\",\"inLanguage\":\"es\",\"@id\":\"https:\/\/lapistaciclabili.it\/producto\/paleta-informativa-con-gancho-para-ciclistas\/#primaryimage\",\"url\":\"https:\/\/lapistaciclabili.it\/wp-content\/uploads\/2024\/06\/Paleta-Inf-G.webp\",\"contentUrl\":\"https:\/\/lapistaciclabili.it\/wp-content\/uploads\/2024\/06\/Paleta-Inf-G.webp\",\"width\":1200,\"height\":1200,\"caption\":\"Paleta informativa con gancho. Ideal para dirigir el camino de ciclistas\"},{\"@type\":\"BreadcrumbList\",\"@id\":\"https:\/\/lapistaciclabili.it\/producto\/paleta-informativa-con-gancho-para-ciclistas\/#breadcrumb\",\"itemListElement\":[{\"@type\":\"ListItem\",\"position\":1,\"name\":\"Inicio\",\"item\":\"https:\/\/lapistaciclabili.it\/\"},{\"@type\":\"ListItem\",\"position\":2,\"name\":\"Tienda\",\"item\":\"https:\/\/lapistaciclabili.it\/tienda\/\"},{\"@type\":\"ListItem\",\"position\":3,\"name\":\"Paleta Informativa con Gancho\"}]},{\"@type\":\"WebSite\",\"@id\":\"https:\/\/lapistaciclabili.it\/#website\",\"url\":\"https:\/\/lapistaciclabili.it\/\",\"name\":\"lapistaciclabili.it\",\"description\":\"\",\"publisher\":{\"@id\":\"https:\/\/lapistaciclabili.it\/#organization\"},\"potentialAction\":[{\"@type\":\"SearchAction\",\"target\":{\"@type\":\"EntryPoint\",\"urlTemplate\":\"https:\/\/lapistaciclabili.it\/?s={search_term_string}\"},\"query-input\":\"required name=search_term_string\"}],\"inLanguage\":\"es\"},{\"@type\":\"Organization\",\"@id\":\"https:\/\/lapistaciclabili.it\/#organization\",\"name\":\"lapistaciclabili.it\",\"url\":\"https:\/\/lapistaciclabili.it\/\",\"logo\":{\"@type\":\"ImageObject\",\"inLanguage\":\"es\",\"@id\":\"https:\/\/lapistaciclabili.it\/#\/schema\/logo\/image\/\",\"url\":\"https:\/\/lapistaciclabili.it\/wp-content\/uploads\/2024\/06\/lapistaciclabili.it_-1.png\",\"contentUrl\":\"https:\/\/lapistaciclabili.it\/wp-content\/uploads\/2024\/06\/lapistaciclabili.it_-1.png\",\"width\":768,\"height\":220,\"caption\":\"lapistaciclabili.it\"},\"image\":{\"@id\":\"https:\/\/lapistaciclabili.it\/#\/schema\/logo\/image\/\"},\"sameAs\":[\"https:\/\/www.facebook.com\/multisenal\/\",\"https:\/\/x.com\/multisenal\",\"https:\/\/www.instagram.com\/multisenalmx\/\",\"https:\/\/www.linkedin.com\/company\/multisenalmexico\/\",\"https:\/\/www.youtube.com\/@multisenaloficial\"]}]}<\/script>\n<!-- \/ Yoast SEO Premium plugin. -->","yoast_head_json":{"title":"Paleta Informativa con Gancho - lapistaciclabili.it","description":"Paleta informativa con gancho. Ideal para dirigir el camino de ciclistas y colocarla al inicio de ciclov\u00edas, entradas de plazas comerciales, etc.","robots":{"index":"index","follow":"follow","max-snippet":"max-snippet:-1","max-image-preview":"max-image-preview:large","max-video-preview":"max-video-preview:-1"},"canonical":"https:\/\/lapistaciclabili.it\/es\/producto\/paleta-informativa-con-gancho-para-ciclistas\/","og_locale":"es_ES","og_type":"article","og_title":"Paleta Informativa con Gancho","og_description":"Paleta informativa con gancho. Ideal para dirigir el camino de ciclistas y colocarla al inicio de ciclov\u00edas, entradas de plazas comerciales, etc.","og_url":"https:\/\/lapistaciclabili.it\/producto\/paleta-informativa-con-gancho-para-ciclistas\/","og_site_name":"lapistaciclabili.it","article_publisher":"https:\/\/www.facebook.com\/multisenal\/","article_modified_time":"2024-08-26T22:10:53+00:00","og_image":[{"width":1200,"height":1200,"url":"https:\/\/lapistaciclabili.it\/wp-content\/uploads\/2024\/06\/Paleta-Inf-G.webp","type":"image\/webp"}],"twitter_card":"summary_large_image","twitter_site":"@multisenal","twitter_misc":{"Tiempo de lectura":"2 minutos"},"schema":{"@context":"https:\/\/schema.org","@graph":[{"@type":"WebPage","@id":"https:\/\/lapistaciclabili.it\/producto\/paleta-informativa-con-gancho-para-ciclistas\/","url":"https:\/\/lapistaciclabili.it\/producto\/paleta-informativa-con-gancho-para-ciclistas\/","name":"Paleta Informativa con Gancho - lapistaciclabili.it","isPartOf":{"@id":"https:\/\/lapistaciclabili.it\/#website"},"primaryImageOfPage":{"@id":"https:\/\/lapistaciclabili.it\/producto\/paleta-informativa-con-gancho-para-ciclistas\/#primaryimage"},"image":{"@id":"https:\/\/lapistaciclabili.it\/producto\/paleta-informativa-con-gancho-para-ciclistas\/#primaryimage"},"thumbnailUrl":"https:\/\/lapistaciclabili.it\/wp-content\/uploads\/2024\/06\/Paleta-Inf-G.webp","datePublished":"2024-06-30T23:36:56+00:00","dateModified":"2024-08-26T22:10:53+00:00","description":"Paleta informativa con gancho. Ideal para dirigir el camino de ciclistas y colocarla al inicio de ciclov\u00edas, entradas de plazas comerciales, etc.","breadcrumb":{"@id":"https:\/\/lapistaciclabili.it\/producto\/paleta-informativa-con-gancho-para-ciclistas\/#breadcrumb"},"inLanguage":"es","potentialAction":[{"@type":"ReadAction","target":["https:\/\/lapistaciclabili.it\/producto\/paleta-informativa-con-gancho-para-ciclistas\/"]}]},{"@type":"ImageObject","inLanguage":"es","@id":"https:\/\/lapistaciclabili.it\/producto\/paleta-informativa-con-gancho-para-ciclistas\/#primaryimage","url":"https:\/\/lapistaciclabili.it\/wp-content\/uploads\/2024\/06\/Paleta-Inf-G.webp","contentUrl":"https:\/\/lapistaciclabili.it\/wp-content\/uploads\/2024\/06\/Paleta-Inf-G.webp","width":1200,"height":1200,"caption":"Paleta informativa con gancho. Ideal para dirigir el camino de ciclistas"},{"@type":"BreadcrumbList","@id":"https:\/\/lapistaciclabili.it\/producto\/paleta-informativa-con-gancho-para-ciclistas\/#breadcrumb","itemListElement":[{"@type":"ListItem","position":1,"name":"Inicio","item":"https:\/\/lapistaciclabili.it\/"},{"@type":"ListItem","position":2,"name":"Tienda","item":"https:\/\/lapistaciclabili.it\/tienda\/"},{"@type":"ListItem","position":3,"name":"Paleta Informativa con Gancho"}]},{"@type":"WebSite","@id":"https:\/\/lapistaciclabili.it\/#website","url":"https:\/\/lapistaciclabili.it\/","name":"lapistaciclabili.it","description":"","publisher":{"@id":"https:\/\/lapistaciclabili.it\/#organization"},"potentialAction":[{"@type":"SearchAction","target":{"@type":"EntryPoint","urlTemplate":"https:\/\/lapistaciclabili.it\/?s={search_term_string}"},"query-input":"required name=search_term_string"}],"inLanguage":"es"},{"@type":"Organization","@id":"https:\/\/lapistaciclabili.it\/#organization","name":"lapistaciclabili.it","url":"https:\/\/lapistaciclabili.it\/","logo":{"@type":"ImageObject","inLanguage":"es","@id":"https:\/\/lapistaciclabili.it\/#\/schema\/logo\/image\/","url":"https:\/\/lapistaciclabili.it\/wp-content\/uploads\/2024\/06\/lapistaciclabili.it_-1.png","contentUrl":"https:\/\/lapistaciclabili.it\/wp-content\/uploads\/2024\/06\/lapistaciclabili.it_-1.png","width":768,"height":220,"caption":"lapistaciclabili.it"},"image":{"@id":"https:\/\/lapistaciclabili.it\/#\/schema\/logo\/image\/"},"sameAs":["https:\/\/www.facebook.com\/multisenal\/","https:\/\/x.com\/multisenal","https:\/\/www.instagram.com\/multisenalmx\/","https:\/\/www.linkedin.com\/company\/multisenalmexico\/","https:\/\/www.youtube.com\/@multisenaloficial"]}]}},"_links":{"self":[{"href":"https:\/\/lapistaciclabili.it\/es\/wp-json\/wp\/v2\/product\/4557","targetHints":{"allow":["GET"]}}],"collection":[{"href":"https:\/\/lapistaciclabili.it\/es\/wp-json\/wp\/v2\/product"}],"about":[{"href":"https:\/\/lapistaciclabili.it\/es\/wp-json\/wp\/v2\/types\/product"}],"replies":[{"embeddable":true,"href":"https:\/\/lapistaciclabili.it\/es\/wp-json\/wp\/v2\/comments?post=4557"}],"wp:featuredmedia":[{"embeddable":true,"href":"https:\/\/lapistaciclabili.it\/es\/wp-json\/wp\/v2\/media\/4668"}],"wp:attachment":[{"href":"https:\/\/lapistaciclabili.it\/es\/wp-json\/wp\/v2\/media?parent=4557"}],"wp:term":[{"taxonomy":"product_cat","embeddable":true,"href":"https:\/\/lapistaciclabili.it\/es\/wp-json\/wp\/v2\/product_cat?post=4557"},{"taxonomy":"product_tag","embeddable":true,"href":"https:\/\/lapistaciclabili.it\/es\/wp-json\/wp\/v2\/product_tag?post=4557"}],"curies":[{"name":"wp","href":"https:\/\/api.w.org\/{rel}","templated":true}]}}