{"id":4553,"date":"2024-06-30T23:33:27","date_gmt":"2024-06-30T23:33:27","guid":{"rendered":"https:\/\/lapistaciclabili.it\/?post_type=product&#038;p=4553"},"modified":"2024-08-07T15:56:11","modified_gmt":"2024-08-07T15:56:11","slug":"paleta-informativa-para-ciclistas","status":"publish","type":"product","link":"https:\/\/lapistaciclabili.it\/es\/producto\/paleta-informativa-para-ciclistas\/","title":{"rendered":"Paleta informativa para ciclistas"},"content":{"rendered":"<p style=\"font-weight: 400;\">Dirige el flujo de las bicicletas con nuestra paleta informativa para ciclistas, dise\u00f1ada para proporcionar un control manual preciso en cualquier entorno. Este vers\u00e1til dispositivo garantiza una gesti\u00f3n eficiente y segura del tr\u00e1nsito.<\/p>\n<p style=\"font-weight: 400;\">Dise\u00f1ada especialmente para ayudar a los ciclistas en sus recorridos. Util\u00edzala para un mejor control en rodadas masivas. Indica manualmente a los conductores de bici el momento en que pueden avanzar o deben detenerse.<\/p>\n<p style=\"font-weight: 400;\"><strong>Caracter\u00edsticas Clave:<\/strong><\/p>\n<p style=\"font-weight: 400;\">Versatilidad en el Control: Ideal para dirigir la circulaci\u00f3n de las bicis en pasos peatonales.<\/p>\n<p style=\"font-weight: 400;\">Aplicaciones diversas: Perfecta para ciclopistas, carriles bus-bici. bicisendas, vel\u00f3dromos, entradas y salidas de parques y zonas deportivas.<\/p>\n<p style=\"font-weight: 400;\">F\u00e1cil de manipular:\u00a0Pr\u00e1ctica y ergon\u00f3mica, dise\u00f1ada para un manejo c\u00f3modo y eficiente.<\/p>\n<p style=\"font-weight: 400;\">Doble mensaje:\u00a0Permite mostrar mensajes diferentes en cada una de sus dos caras, adapt\u00e1ndose a las necesidades espec\u00edficas del proyecto.<\/p>\n<p style=\"font-weight: 400;\">Montaje sencillo: Mango vers\u00e1til para uso manual y posibilidad de montaje en un <a href=\"https:\/\/multisenal.com.mx\/productos-viales\/banderero\/\">robot banderero<\/a>.<\/p>\n<p style=\"font-weight: 400;\">Construcci\u00f3n duradera:\u00a0Fabricada en polietileno soplado en una sola pieza, en llamativos colores amarillo o naranja, con protecci\u00f3n contra rayos UV para una larga duraci\u00f3n.<\/p>\n<p style=\"font-weight: 400;\">Sin mantenimiento:\u00a0No requiere mantenimiento, asegurando un funcionamiento confiable sin preocupaciones.<\/p>\n<p style=\"font-weight: 400;\">Optimiza la seguridad y organizaci\u00f3n en tus proyectos con nuestra paleta informativa para ciclistas, la elecci\u00f3n ideal para quienes buscan eficiencia y fiabilidad en el control de tr\u00e1fico. Descubre c\u00f3mo este producto puede mejorar la gesti\u00f3n en tus actividades cotidianas y eventos especiales.<\/p>\n<p>Descubre la gran <a href=\"https:\/\/lapistaciclabili.it\/productos-ciclovias\/\">variedad de art\u00edculos<\/a> que tenemos para ayudarte a crear un <a href=\"https:\/\/multisenal.com.mx\/blog\/infraestructura-y-equipamiento-ciclista-que-es\/\">camino ciclista<\/a> m\u00e1s seguro en todos los entornos. Util\u00edzalos en zonas especiales como carriles exclusivos o ciclov\u00edas recreativas.<\/p>\n<p style=\"font-weight: 400;\"><strong><br \/>\nMedidas<\/strong><\/p>\n<p>Largo: 34.5 cm<br \/>\nAncho: 4.2 cm<br \/>\nAlto hexagonal: 30.5 cm<br \/>\nAltura total con hito: 159.0 cm<\/p>\n","protected":false},"excerpt":{"rendered":"<p><strong>Nombre del producto: Paleta alto siga<\/strong><\/p>\n<p><strong>C\u00f3digo: PPS-30<\/strong><\/p>\n<table>\n<tbody>\n<tr>\n<td style=\"text-align: center;\"><strong>ESPA\u00d1OL<\/strong><\/td>\n<td style=\"text-align: center;\"><strong>INGL\u00c9S<\/strong><\/td>\n<td style=\"text-align: center;\"><strong>MODELO 3D<\/strong><\/td>\n<\/tr>\n<tr>\n<td><a href=\"https:\/\/multisenal.com.mx\/FichasTecnicas\/Paleta-PPS-30-ES.pdf\"><img decoding=\"async\" class=\"wp-image-5524 aligncenter\" src=\"https:\/\/lapistaciclabili.it\/wp-content\/uploads\/2024\/06\/img-pdf-ciclopistas.webp\" alt=\"\" width=\"49\" height=\"49\" \/><\/a><\/td>\n<td><a href=\"https:\/\/multisenal.com.mx\/FichasTecnicas\/Paleta-PPS-30-EN.pdf\"><img decoding=\"async\" class=\"wp-image-5524 aligncenter\" src=\"https:\/\/lapistaciclabili.it\/wp-content\/uploads\/2024\/06\/img-pdf-ciclopistas.webp\" alt=\"\" width=\"49\" height=\"49\" \/><\/a><\/td>\n<td><a href=\"https:\/\/lapistaciclabili.it\/renders\/paleta-informativa-modelo-360\/\"><img decoding=\"async\" class=\"wp-image-5524 aligncenter\" src=\"https:\/\/lapistaciclabili.it\/wp-content\/uploads\/2024\/06\/img-modelo3D.webp\" alt=\"\" width=\"49\" height=\"49\" \/><\/a><\/td>\n<\/tr>\n<\/tbody>\n<\/table>\n","protected":false},"featured_media":4667,"comment_status":"open","ping_status":"closed","template":"","meta":[],"product_cat":[39],"product_tag":[],"class_list":{"0":"post-4553","1":"product","2":"type-product","3":"status-publish","4":"has-post-thumbnail","6":"product_cat-paletas-viales","8":"first","9":"instock","10":"shipping-taxable","11":"product-type-simple"},"yoast_head":"<!-- This site is optimized with the Yoast SEO Premium plugin v22.3 (Yoast SEO v23.0) - https:\/\/yoast.com\/wordpress\/plugins\/seo\/ -->\n<title>Paleta informativa para ciclistas - lapistaciclabili.it<\/title>\n<meta name=\"description\" content=\"Paleta informativa para ciclistas es ideal para dirigir el flujo vehicular, peatonal y ciclista de forma manual y precisa en cualquier entorno.\" \/>\n<meta name=\"robots\" content=\"index, follow, max-snippet:-1, max-image-preview:large, max-video-preview:-1\" \/>\n<link rel=\"canonical\" href=\"https:\/\/lapistaciclabili.it\/es\/producto\/paleta-informativa-para-ciclistas\/\" \/>\n<meta property=\"og:locale\" content=\"es_ES\" \/>\n<meta property=\"og:type\" content=\"article\" \/>\n<meta property=\"og:title\" content=\"Paleta informativa para ciclistas\" \/>\n<meta property=\"og:description\" content=\"Paleta informativa para ciclistas es ideal para dirigir el flujo vehicular, peatonal y ciclista de forma manual y precisa en cualquier entorno.\" \/>\n<meta property=\"og:url\" content=\"https:\/\/lapistaciclabili.it\/producto\/paleta-informativa-para-ciclistas\/\" \/>\n<meta property=\"og:site_name\" content=\"lapistaciclabili.it\" \/>\n<meta property=\"article:publisher\" content=\"https:\/\/www.facebook.com\/multisenal\/\" \/>\n<meta property=\"article:modified_time\" content=\"2024-08-07T15:56:11+00:00\" \/>\n<meta property=\"og:image\" content=\"https:\/\/lapistaciclabili.it\/wp-content\/uploads\/2024\/06\/Paleta-Inf.webp\" \/>\n\t<meta property=\"og:image:width\" content=\"1200\" \/>\n\t<meta property=\"og:image:height\" content=\"1200\" \/>\n\t<meta property=\"og:image:type\" content=\"image\/webp\" \/>\n<meta name=\"twitter:card\" content=\"summary_large_image\" \/>\n<meta name=\"twitter:site\" content=\"@multisenal\" \/>\n<meta name=\"twitter:label1\" content=\"Tiempo de lectura\" \/>\n\t<meta name=\"twitter:data1\" content=\"2 minutos\" \/>\n<script type=\"application\/ld+json\" class=\"yoast-schema-graph\">{\"@context\":\"https:\/\/schema.org\",\"@graph\":[{\"@type\":\"WebPage\",\"@id\":\"https:\/\/lapistaciclabili.it\/producto\/paleta-informativa-para-ciclistas\/\",\"url\":\"https:\/\/lapistaciclabili.it\/producto\/paleta-informativa-para-ciclistas\/\",\"name\":\"Paleta informativa para ciclistas - lapistaciclabili.it\",\"isPartOf\":{\"@id\":\"https:\/\/lapistaciclabili.it\/#website\"},\"primaryImageOfPage\":{\"@id\":\"https:\/\/lapistaciclabili.it\/producto\/paleta-informativa-para-ciclistas\/#primaryimage\"},\"image\":{\"@id\":\"https:\/\/lapistaciclabili.it\/producto\/paleta-informativa-para-ciclistas\/#primaryimage\"},\"thumbnailUrl\":\"https:\/\/lapistaciclabili.it\/wp-content\/uploads\/2024\/06\/Paleta-Inf.webp\",\"datePublished\":\"2024-06-30T23:33:27+00:00\",\"dateModified\":\"2024-08-07T15:56:11+00:00\",\"description\":\"Paleta informativa para ciclistas es ideal para dirigir el flujo vehicular, peatonal y ciclista de forma manual y precisa en cualquier entorno.\",\"breadcrumb\":{\"@id\":\"https:\/\/lapistaciclabili.it\/producto\/paleta-informativa-para-ciclistas\/#breadcrumb\"},\"inLanguage\":\"es\",\"potentialAction\":[{\"@type\":\"ReadAction\",\"target\":[\"https:\/\/lapistaciclabili.it\/producto\/paleta-informativa-para-ciclistas\/\"]}]},{\"@type\":\"ImageObject\",\"inLanguage\":\"es\",\"@id\":\"https:\/\/lapistaciclabili.it\/producto\/paleta-informativa-para-ciclistas\/#primaryimage\",\"url\":\"https:\/\/lapistaciclabili.it\/wp-content\/uploads\/2024\/06\/Paleta-Inf.webp\",\"contentUrl\":\"https:\/\/lapistaciclabili.it\/wp-content\/uploads\/2024\/06\/Paleta-Inf.webp\",\"width\":1200,\"height\":1200,\"caption\":\"Paleta informativa para cilcistas es ideal para dirigir el flujo vehicular, peatonal y ciclista de forma manual y precisa en cualquier entorno.\"},{\"@type\":\"BreadcrumbList\",\"@id\":\"https:\/\/lapistaciclabili.it\/producto\/paleta-informativa-para-ciclistas\/#breadcrumb\",\"itemListElement\":[{\"@type\":\"ListItem\",\"position\":1,\"name\":\"Inicio\",\"item\":\"https:\/\/lapistaciclabili.it\/\"},{\"@type\":\"ListItem\",\"position\":2,\"name\":\"Tienda\",\"item\":\"https:\/\/lapistaciclabili.it\/tienda\/\"},{\"@type\":\"ListItem\",\"position\":3,\"name\":\"Paleta informativa para ciclistas\"}]},{\"@type\":\"WebSite\",\"@id\":\"https:\/\/lapistaciclabili.it\/#website\",\"url\":\"https:\/\/lapistaciclabili.it\/\",\"name\":\"lapistaciclabili.it\",\"description\":\"\",\"publisher\":{\"@id\":\"https:\/\/lapistaciclabili.it\/#organization\"},\"potentialAction\":[{\"@type\":\"SearchAction\",\"target\":{\"@type\":\"EntryPoint\",\"urlTemplate\":\"https:\/\/lapistaciclabili.it\/?s={search_term_string}\"},\"query-input\":\"required name=search_term_string\"}],\"inLanguage\":\"es\"},{\"@type\":\"Organization\",\"@id\":\"https:\/\/lapistaciclabili.it\/#organization\",\"name\":\"lapistaciclabili.it\",\"url\":\"https:\/\/lapistaciclabili.it\/\",\"logo\":{\"@type\":\"ImageObject\",\"inLanguage\":\"es\",\"@id\":\"https:\/\/lapistaciclabili.it\/#\/schema\/logo\/image\/\",\"url\":\"https:\/\/lapistaciclabili.it\/wp-content\/uploads\/2024\/06\/lapistaciclabili.it_-1.png\",\"contentUrl\":\"https:\/\/lapistaciclabili.it\/wp-content\/uploads\/2024\/06\/lapistaciclabili.it_-1.png\",\"width\":768,\"height\":220,\"caption\":\"lapistaciclabili.it\"},\"image\":{\"@id\":\"https:\/\/lapistaciclabili.it\/#\/schema\/logo\/image\/\"},\"sameAs\":[\"https:\/\/www.facebook.com\/multisenal\/\",\"https:\/\/x.com\/multisenal\",\"https:\/\/www.instagram.com\/multisenalmx\/\",\"https:\/\/www.linkedin.com\/company\/multisenalmexico\/\",\"https:\/\/www.youtube.com\/@multisenaloficial\"]}]}<\/script>\n<!-- \/ Yoast SEO Premium plugin. -->","yoast_head_json":{"title":"Paleta informativa para ciclistas - lapistaciclabili.it","description":"Paleta informativa para ciclistas es ideal para dirigir el flujo vehicular, peatonal y ciclista de forma manual y precisa en cualquier entorno.","robots":{"index":"index","follow":"follow","max-snippet":"max-snippet:-1","max-image-preview":"max-image-preview:large","max-video-preview":"max-video-preview:-1"},"canonical":"https:\/\/lapistaciclabili.it\/es\/producto\/paleta-informativa-para-ciclistas\/","og_locale":"es_ES","og_type":"article","og_title":"Paleta informativa para ciclistas","og_description":"Paleta informativa para ciclistas es ideal para dirigir el flujo vehicular, peatonal y ciclista de forma manual y precisa en cualquier entorno.","og_url":"https:\/\/lapistaciclabili.it\/producto\/paleta-informativa-para-ciclistas\/","og_site_name":"lapistaciclabili.it","article_publisher":"https:\/\/www.facebook.com\/multisenal\/","article_modified_time":"2024-08-07T15:56:11+00:00","og_image":[{"width":1200,"height":1200,"url":"https:\/\/lapistaciclabili.it\/wp-content\/uploads\/2024\/06\/Paleta-Inf.webp","type":"image\/webp"}],"twitter_card":"summary_large_image","twitter_site":"@multisenal","twitter_misc":{"Tiempo de lectura":"2 minutos"},"schema":{"@context":"https:\/\/schema.org","@graph":[{"@type":"WebPage","@id":"https:\/\/lapistaciclabili.it\/producto\/paleta-informativa-para-ciclistas\/","url":"https:\/\/lapistaciclabili.it\/producto\/paleta-informativa-para-ciclistas\/","name":"Paleta informativa para ciclistas - lapistaciclabili.it","isPartOf":{"@id":"https:\/\/lapistaciclabili.it\/#website"},"primaryImageOfPage":{"@id":"https:\/\/lapistaciclabili.it\/producto\/paleta-informativa-para-ciclistas\/#primaryimage"},"image":{"@id":"https:\/\/lapistaciclabili.it\/producto\/paleta-informativa-para-ciclistas\/#primaryimage"},"thumbnailUrl":"https:\/\/lapistaciclabili.it\/wp-content\/uploads\/2024\/06\/Paleta-Inf.webp","datePublished":"2024-06-30T23:33:27+00:00","dateModified":"2024-08-07T15:56:11+00:00","description":"Paleta informativa para ciclistas es ideal para dirigir el flujo vehicular, peatonal y ciclista de forma manual y precisa en cualquier entorno.","breadcrumb":{"@id":"https:\/\/lapistaciclabili.it\/producto\/paleta-informativa-para-ciclistas\/#breadcrumb"},"inLanguage":"es","potentialAction":[{"@type":"ReadAction","target":["https:\/\/lapistaciclabili.it\/producto\/paleta-informativa-para-ciclistas\/"]}]},{"@type":"ImageObject","inLanguage":"es","@id":"https:\/\/lapistaciclabili.it\/producto\/paleta-informativa-para-ciclistas\/#primaryimage","url":"https:\/\/lapistaciclabili.it\/wp-content\/uploads\/2024\/06\/Paleta-Inf.webp","contentUrl":"https:\/\/lapistaciclabili.it\/wp-content\/uploads\/2024\/06\/Paleta-Inf.webp","width":1200,"height":1200,"caption":"Paleta informativa para cilcistas es ideal para dirigir el flujo vehicular, peatonal y ciclista de forma manual y precisa en cualquier entorno."},{"@type":"BreadcrumbList","@id":"https:\/\/lapistaciclabili.it\/producto\/paleta-informativa-para-ciclistas\/#breadcrumb","itemListElement":[{"@type":"ListItem","position":1,"name":"Inicio","item":"https:\/\/lapistaciclabili.it\/"},{"@type":"ListItem","position":2,"name":"Tienda","item":"https:\/\/lapistaciclabili.it\/tienda\/"},{"@type":"ListItem","position":3,"name":"Paleta informativa para ciclistas"}]},{"@type":"WebSite","@id":"https:\/\/lapistaciclabili.it\/#website","url":"https:\/\/lapistaciclabili.it\/","name":"lapistaciclabili.it","description":"","publisher":{"@id":"https:\/\/lapistaciclabili.it\/#organization"},"potentialAction":[{"@type":"SearchAction","target":{"@type":"EntryPoint","urlTemplate":"https:\/\/lapistaciclabili.it\/?s={search_term_string}"},"query-input":"required name=search_term_string"}],"inLanguage":"es"},{"@type":"Organization","@id":"https:\/\/lapistaciclabili.it\/#organization","name":"lapistaciclabili.it","url":"https:\/\/lapistaciclabili.it\/","logo":{"@type":"ImageObject","inLanguage":"es","@id":"https:\/\/lapistaciclabili.it\/#\/schema\/logo\/image\/","url":"https:\/\/lapistaciclabili.it\/wp-content\/uploads\/2024\/06\/lapistaciclabili.it_-1.png","contentUrl":"https:\/\/lapistaciclabili.it\/wp-content\/uploads\/2024\/06\/lapistaciclabili.it_-1.png","width":768,"height":220,"caption":"lapistaciclabili.it"},"image":{"@id":"https:\/\/lapistaciclabili.it\/#\/schema\/logo\/image\/"},"sameAs":["https:\/\/www.facebook.com\/multisenal\/","https:\/\/x.com\/multisenal","https:\/\/www.instagram.com\/multisenalmx\/","https:\/\/www.linkedin.com\/company\/multisenalmexico\/","https:\/\/www.youtube.com\/@multisenaloficial"]}]}},"_links":{"self":[{"href":"https:\/\/lapistaciclabili.it\/es\/wp-json\/wp\/v2\/product\/4553","targetHints":{"allow":["GET"]}}],"collection":[{"href":"https:\/\/lapistaciclabili.it\/es\/wp-json\/wp\/v2\/product"}],"about":[{"href":"https:\/\/lapistaciclabili.it\/es\/wp-json\/wp\/v2\/types\/product"}],"replies":[{"embeddable":true,"href":"https:\/\/lapistaciclabili.it\/es\/wp-json\/wp\/v2\/comments?post=4553"}],"wp:featuredmedia":[{"embeddable":true,"href":"https:\/\/lapistaciclabili.it\/es\/wp-json\/wp\/v2\/media\/4667"}],"wp:attachment":[{"href":"https:\/\/lapistaciclabili.it\/es\/wp-json\/wp\/v2\/media?parent=4553"}],"wp:term":[{"taxonomy":"product_cat","embeddable":true,"href":"https:\/\/lapistaciclabili.it\/es\/wp-json\/wp\/v2\/product_cat?post=4553"},{"taxonomy":"product_tag","embeddable":true,"href":"https:\/\/lapistaciclabili.it\/es\/wp-json\/wp\/v2\/product_tag?post=4553"}],"curies":[{"name":"wp","href":"https:\/\/api.w.org\/{rel}","templated":true}]}}