{"id":3787,"date":"2024-06-17T20:02:32","date_gmt":"2024-06-17T20:02:32","guid":{"rendered":"https:\/\/lapistaciclabili.it\/?post_type=product&#038;p=3787"},"modified":"2024-08-16T19:12:30","modified_gmt":"2024-08-16T19:12:30","slug":"baliza-brio-105","status":"publish","type":"product","link":"https:\/\/lapistaciclabili.it\/es\/producto\/baliza-brio-105\/","title":{"rendered":"Baliza Br\u00edo 105"},"content":{"rendered":"<p>Baliza Br\u00edo 105 solar led, su funci\u00f3n principal es se\u00f1alizar y evitar que los veh\u00edculos invadan las ciclov\u00edas; sirven como delimitantes viales de seguridad ciclista.<\/p>\n<p>Esta baliza es un se\u00f1alamiento vial en forma de poste conformado por pl\u00e1stico formulado que conforma la visi\u00f3n perfecta de carriles de ciclopistas.<\/p>\n<div class=\"page\" title=\"Page 1\">\n<div class=\"section\">\n<div class=\"layoutArea\">\n<div class=\"column\">\n<p>La Baliza Br\u00edo 105 solar se pueden utilizar para alinear, delimitar o enfilar zonas reservadas para los conductores de bicicletas.<\/p>\n<p>Este tipo de balizas se debe colocar principalmente en hileras, de manera que impida que los coches se coloquen en las aceras o para que no invadan ciclov\u00edas.<\/p>\n<p style=\"font-weight: 400;\"><strong>Medidas:<\/strong><\/p>\n<ul>\n<li>Total: Altura: 105 cm, Base \u00f818 cm superior \u00f8 6cm.<\/li>\n<li>Reflejante: Anillo de 6 x 18 cm.<\/li>\n<li>Color de reflejante: Blanco o \u00e1mbar.<\/li>\n<li>Peso: 1.040 kg<\/li>\n<\/ul>\n<\/div>\n<\/div>\n<\/div>\n<\/div>\n<p style=\"font-weight: 400;\"><strong>Caracter\u00edsticas<\/strong><\/p>\n<ul>\n<li>Resistentes al impacto de los vehi\u0301culos.<\/li>\n<li>Vuelve a su postura original, despue\u0301s del impacto, recuperando su posicio\u0301n vertical.<\/li>\n<li>Fabricado en pla\u0301stico de alta resistencia; material que no causa dan\u0303o en los autos.<\/li>\n<li>Soporta atropellamientos imprudenciales.<\/li>\n<li>Color de linea; amarillo, blanco, verdeo azul; de gran visibilidad.<\/li>\n<li>2 anillos de reflejante prisma\u0301tico, ayudando a la visibilidad durante la noche.<\/li>\n<li>F\u00e1cil colocacio\u0301n o reposicio\u0301n.<\/li>\n<li>Un anclaje seguro al piso mediante 4 tornillos, 4 rondanas planas de 3\/8&#8243; y 4 taquetes extralarge, dandole mayorseguridad(noincluidos)<\/li>\n<li>Colores: ambar, rojo, verde, azul y blanco.<\/li>\n<\/ul>\n<p>&nbsp;<\/p>\n<p>Consulta el <strong><a href=\"https:\/\/lapistaciclabili.it\/productos-ciclovias\/\">cat\u00e1logo completo<\/a> <\/strong>con todos los dispositivos viales que tenemos para ti. Proporciona una mayor seguridad al ciclista y al peat\u00f3n con estos dispositivos para complementar la <strong><a href=\"https:\/\/multisenal.com.mx\/blog\/infraestructura-y-equipamiento-ciclista-que-es\/\">infraestructura ciclista<\/a><\/strong> de tu ciudad. Ayuda a crear caminos seguros para todos.<\/p>\n<p><a href=\"https:\/\/multisenal.com.mx\/balizas\/\"><img fetchpriority=\"high\" decoding=\"async\" class=\"aligncenter wp-image-5174 \" title=\"BALIZA BRIO - 105 SOLAR\" src=\"https:\/\/multisenal.com.mx\/wp-content\/uploads\/2022\/01\/bbrio-105-2.jpg\" alt=\"BALIZA BRIO - 105 SOLAR\" width=\"871\" height=\"429\" \/><\/a><\/p>\n<p>&nbsp;<\/p>\n","protected":false},"excerpt":{"rendered":"<p><strong>Nombre del producto: Baliza Br\u00edo 105<\/strong><\/p>\n<p><strong>C\u00f3digo: BBRIO-105<\/strong><\/p>\n<table>\n<tbody>\n<tr>\n<td style=\"text-align: center;\"><strong>ESPA\u00d1OL<\/strong><\/td>\n<td style=\"text-align: center;\"><strong>INGL\u00c9S<\/strong><\/td>\n<td style=\"text-align: center;\"><strong>MODELO 3D<\/strong><\/td>\n<\/tr>\n<tr>\n<td><a href=\"https:\/\/multisenal.com.mx\/FichasTecnicas\/Baliza-BBRIO-105-ES.pdf\"><img decoding=\"async\" class=\"wp-image-5524 aligncenter\" src=\"https:\/\/lapistaciclabili.it\/wp-content\/uploads\/2024\/06\/img-pdf-ciclopistas.webp\" alt=\"\" width=\"49\" height=\"49\" \/><\/a><\/td>\n<td><a href=\"https:\/\/multisenal.com.mx\/FichasTecnicas\/Baliza-BBRIO-105-EN.pdf\"><img decoding=\"async\" class=\"wp-image-5524 aligncenter\" src=\"https:\/\/lapistaciclabili.it\/wp-content\/uploads\/2024\/06\/img-pdf-ciclopistas.webp\" alt=\"\" width=\"49\" height=\"49\" \/><\/a><\/td>\n<td><a href=\"https:\/\/lapistaciclabili.it\/renders\/baliza-brio-105-modelo-360\/\"><img decoding=\"async\" class=\"wp-image-5524 aligncenter\" src=\"https:\/\/lapistaciclabili.it\/wp-content\/uploads\/2024\/06\/img-modelo3D.webp\" alt=\"\" width=\"49\" height=\"49\" \/><\/a><\/td>\n<\/tr>\n<\/tbody>\n<\/table>\n","protected":false},"featured_media":4670,"comment_status":"open","ping_status":"closed","template":"","meta":[],"product_cat":[20],"product_tag":[],"class_list":{"0":"post-3787","1":"product","2":"type-product","3":"status-publish","4":"has-post-thumbnail","6":"product_cat-balizamiento","8":"first","9":"instock","10":"shipping-taxable","11":"product-type-simple"},"yoast_head":"<!-- This site is optimized with the Yoast SEO Premium plugin v22.3 (Yoast SEO v23.0) - https:\/\/yoast.com\/wordpress\/plugins\/seo\/ -->\n<title>Baliza Br\u00edo 105 - lapistaciclabili.it<\/title>\n<meta name=\"description\" content=\"La Baliza Br\u00edo 105 evita que los veh\u00edculos invadan zonas prohibidas, tales como ciclovias. Incluso, ayudan a crear pasos peatonales.\" \/>\n<meta name=\"robots\" content=\"index, follow, max-snippet:-1, max-image-preview:large, max-video-preview:-1\" \/>\n<link rel=\"canonical\" href=\"https:\/\/lapistaciclabili.it\/es\/en\/?post_type=product&p=6329\" \/>\n<meta property=\"og:locale\" content=\"es_ES\" \/>\n<meta property=\"og:type\" content=\"article\" \/>\n<meta property=\"og:title\" content=\"Baliza Br\u00edo 105\" \/>\n<meta property=\"og:description\" content=\"La Baliza Br\u00edo 105 evita que los veh\u00edculos invadan zonas prohibidas, tales como ciclovias. Incluso, ayudan a crear pasos peatonales.\" \/>\n<meta property=\"og:url\" content=\"https:\/\/lapistaciclabili.it\/en\/?post_type=product&amp;p=6329\" \/>\n<meta property=\"og:site_name\" content=\"lapistaciclabili.it\" \/>\n<meta property=\"article:publisher\" content=\"https:\/\/www.facebook.com\/multisenal\/\" \/>\n<meta property=\"article:modified_time\" content=\"2024-08-16T19:12:30+00:00\" \/>\n<meta property=\"og:image\" content=\"https:\/\/lapistaciclabili.it\/wp-content\/uploads\/2024\/06\/Brio-105.webp\" \/>\n\t<meta property=\"og:image:width\" content=\"1200\" \/>\n\t<meta property=\"og:image:height\" content=\"1200\" \/>\n\t<meta property=\"og:image:type\" content=\"image\/webp\" \/>\n<meta name=\"twitter:card\" content=\"summary_large_image\" \/>\n<meta name=\"twitter:site\" content=\"@multisenal\" \/>\n<meta name=\"twitter:label1\" content=\"Tiempo de lectura\" \/>\n\t<meta name=\"twitter:data1\" content=\"2 minutos\" \/>\n<script type=\"application\/ld+json\" class=\"yoast-schema-graph\">{\"@context\":\"https:\/\/schema.org\",\"@graph\":[{\"@type\":\"WebPage\",\"@id\":\"https:\/\/lapistaciclabili.it\/en\/?post_type=product&p=6329\",\"url\":\"https:\/\/lapistaciclabili.it\/en\/?post_type=product&p=6329\",\"name\":\"Baliza Br\u00edo 105 - lapistaciclabili.it\",\"isPartOf\":{\"@id\":\"https:\/\/lapistaciclabili.it\/#website\"},\"primaryImageOfPage\":{\"@id\":\"https:\/\/lapistaciclabili.it\/en\/?post_type=product&p=6329#primaryimage\"},\"image\":{\"@id\":\"https:\/\/lapistaciclabili.it\/en\/?post_type=product&p=6329#primaryimage\"},\"thumbnailUrl\":\"https:\/\/lapistaciclabili.it\/wp-content\/uploads\/2024\/06\/Brio-105.webp\",\"datePublished\":\"2024-06-17T20:02:32+00:00\",\"dateModified\":\"2024-08-16T19:12:30+00:00\",\"description\":\"La Baliza Br\u00edo 105 evita que los veh\u00edculos invadan zonas prohibidas, tales como ciclovias. Incluso, ayudan a crear pasos peatonales.\",\"breadcrumb\":{\"@id\":\"https:\/\/lapistaciclabili.it\/en\/?post_type=product&p=6329#breadcrumb\"},\"inLanguage\":\"es\",\"potentialAction\":[{\"@type\":\"ReadAction\",\"target\":[\"https:\/\/lapistaciclabili.it\/en\/?post_type=product&p=6329\"]}]},{\"@type\":\"ImageObject\",\"inLanguage\":\"es\",\"@id\":\"https:\/\/lapistaciclabili.it\/en\/?post_type=product&p=6329#primaryimage\",\"url\":\"https:\/\/lapistaciclabili.it\/wp-content\/uploads\/2024\/06\/Brio-105.webp\",\"contentUrl\":\"https:\/\/lapistaciclabili.it\/wp-content\/uploads\/2024\/06\/Brio-105.webp\",\"width\":1200,\"height\":1200},{\"@type\":\"BreadcrumbList\",\"@id\":\"https:\/\/lapistaciclabili.it\/en\/?post_type=product&p=6329#breadcrumb\",\"itemListElement\":[{\"@type\":\"ListItem\",\"position\":1,\"name\":\"Inicio\",\"item\":\"https:\/\/lapistaciclabili.it\/\"},{\"@type\":\"ListItem\",\"position\":2,\"name\":\"Tienda\",\"item\":\"https:\/\/lapistaciclabili.it\/tienda\/\"},{\"@type\":\"ListItem\",\"position\":3,\"name\":\"Baliza Br\u00edo 105\"}]},{\"@type\":\"WebSite\",\"@id\":\"https:\/\/lapistaciclabili.it\/#website\",\"url\":\"https:\/\/lapistaciclabili.it\/\",\"name\":\"lapistaciclabili.it\",\"description\":\"\",\"publisher\":{\"@id\":\"https:\/\/lapistaciclabili.it\/#organization\"},\"potentialAction\":[{\"@type\":\"SearchAction\",\"target\":{\"@type\":\"EntryPoint\",\"urlTemplate\":\"https:\/\/lapistaciclabili.it\/?s={search_term_string}\"},\"query-input\":\"required name=search_term_string\"}],\"inLanguage\":\"es\"},{\"@type\":\"Organization\",\"@id\":\"https:\/\/lapistaciclabili.it\/#organization\",\"name\":\"lapistaciclabili.it\",\"url\":\"https:\/\/lapistaciclabili.it\/\",\"logo\":{\"@type\":\"ImageObject\",\"inLanguage\":\"es\",\"@id\":\"https:\/\/lapistaciclabili.it\/#\/schema\/logo\/image\/\",\"url\":\"https:\/\/lapistaciclabili.it\/wp-content\/uploads\/2024\/06\/lapistaciclabili.it_-1.png\",\"contentUrl\":\"https:\/\/lapistaciclabili.it\/wp-content\/uploads\/2024\/06\/lapistaciclabili.it_-1.png\",\"width\":768,\"height\":220,\"caption\":\"lapistaciclabili.it\"},\"image\":{\"@id\":\"https:\/\/lapistaciclabili.it\/#\/schema\/logo\/image\/\"},\"sameAs\":[\"https:\/\/www.facebook.com\/multisenal\/\",\"https:\/\/x.com\/multisenal\",\"https:\/\/www.instagram.com\/multisenalmx\/\",\"https:\/\/www.linkedin.com\/company\/multisenalmexico\/\",\"https:\/\/www.youtube.com\/@multisenaloficial\"]}]}<\/script>\n<!-- \/ Yoast SEO Premium plugin. -->","yoast_head_json":{"title":"Baliza Br\u00edo 105 - lapistaciclabili.it","description":"La Baliza Br\u00edo 105 evita que los veh\u00edculos invadan zonas prohibidas, tales como ciclovias. Incluso, ayudan a crear pasos peatonales.","robots":{"index":"index","follow":"follow","max-snippet":"max-snippet:-1","max-image-preview":"max-image-preview:large","max-video-preview":"max-video-preview:-1"},"canonical":"https:\/\/lapistaciclabili.it\/es\/en\/?post_type=product&p=6329","og_locale":"es_ES","og_type":"article","og_title":"Baliza Br\u00edo 105","og_description":"La Baliza Br\u00edo 105 evita que los veh\u00edculos invadan zonas prohibidas, tales como ciclovias. Incluso, ayudan a crear pasos peatonales.","og_url":"https:\/\/lapistaciclabili.it\/en\/?post_type=product&p=6329","og_site_name":"lapistaciclabili.it","article_publisher":"https:\/\/www.facebook.com\/multisenal\/","article_modified_time":"2024-08-16T19:12:30+00:00","og_image":[{"width":1200,"height":1200,"url":"https:\/\/lapistaciclabili.it\/wp-content\/uploads\/2024\/06\/Brio-105.webp","type":"image\/webp"}],"twitter_card":"summary_large_image","twitter_site":"@multisenal","twitter_misc":{"Tiempo de lectura":"2 minutos"},"schema":{"@context":"https:\/\/schema.org","@graph":[{"@type":"WebPage","@id":"https:\/\/lapistaciclabili.it\/en\/?post_type=product&p=6329","url":"https:\/\/lapistaciclabili.it\/en\/?post_type=product&p=6329","name":"Baliza Br\u00edo 105 - lapistaciclabili.it","isPartOf":{"@id":"https:\/\/lapistaciclabili.it\/#website"},"primaryImageOfPage":{"@id":"https:\/\/lapistaciclabili.it\/en\/?post_type=product&p=6329#primaryimage"},"image":{"@id":"https:\/\/lapistaciclabili.it\/en\/?post_type=product&p=6329#primaryimage"},"thumbnailUrl":"https:\/\/lapistaciclabili.it\/wp-content\/uploads\/2024\/06\/Brio-105.webp","datePublished":"2024-06-17T20:02:32+00:00","dateModified":"2024-08-16T19:12:30+00:00","description":"La Baliza Br\u00edo 105 evita que los veh\u00edculos invadan zonas prohibidas, tales como ciclovias. Incluso, ayudan a crear pasos peatonales.","breadcrumb":{"@id":"https:\/\/lapistaciclabili.it\/en\/?post_type=product&p=6329#breadcrumb"},"inLanguage":"es","potentialAction":[{"@type":"ReadAction","target":["https:\/\/lapistaciclabili.it\/en\/?post_type=product&p=6329"]}]},{"@type":"ImageObject","inLanguage":"es","@id":"https:\/\/lapistaciclabili.it\/en\/?post_type=product&p=6329#primaryimage","url":"https:\/\/lapistaciclabili.it\/wp-content\/uploads\/2024\/06\/Brio-105.webp","contentUrl":"https:\/\/lapistaciclabili.it\/wp-content\/uploads\/2024\/06\/Brio-105.webp","width":1200,"height":1200},{"@type":"BreadcrumbList","@id":"https:\/\/lapistaciclabili.it\/en\/?post_type=product&p=6329#breadcrumb","itemListElement":[{"@type":"ListItem","position":1,"name":"Inicio","item":"https:\/\/lapistaciclabili.it\/"},{"@type":"ListItem","position":2,"name":"Tienda","item":"https:\/\/lapistaciclabili.it\/tienda\/"},{"@type":"ListItem","position":3,"name":"Baliza Br\u00edo 105"}]},{"@type":"WebSite","@id":"https:\/\/lapistaciclabili.it\/#website","url":"https:\/\/lapistaciclabili.it\/","name":"lapistaciclabili.it","description":"","publisher":{"@id":"https:\/\/lapistaciclabili.it\/#organization"},"potentialAction":[{"@type":"SearchAction","target":{"@type":"EntryPoint","urlTemplate":"https:\/\/lapistaciclabili.it\/?s={search_term_string}"},"query-input":"required name=search_term_string"}],"inLanguage":"es"},{"@type":"Organization","@id":"https:\/\/lapistaciclabili.it\/#organization","name":"lapistaciclabili.it","url":"https:\/\/lapistaciclabili.it\/","logo":{"@type":"ImageObject","inLanguage":"es","@id":"https:\/\/lapistaciclabili.it\/#\/schema\/logo\/image\/","url":"https:\/\/lapistaciclabili.it\/wp-content\/uploads\/2024\/06\/lapistaciclabili.it_-1.png","contentUrl":"https:\/\/lapistaciclabili.it\/wp-content\/uploads\/2024\/06\/lapistaciclabili.it_-1.png","width":768,"height":220,"caption":"lapistaciclabili.it"},"image":{"@id":"https:\/\/lapistaciclabili.it\/#\/schema\/logo\/image\/"},"sameAs":["https:\/\/www.facebook.com\/multisenal\/","https:\/\/x.com\/multisenal","https:\/\/www.instagram.com\/multisenalmx\/","https:\/\/www.linkedin.com\/company\/multisenalmexico\/","https:\/\/www.youtube.com\/@multisenaloficial"]}]}},"_links":{"self":[{"href":"https:\/\/lapistaciclabili.it\/es\/wp-json\/wp\/v2\/product\/3787","targetHints":{"allow":["GET"]}}],"collection":[{"href":"https:\/\/lapistaciclabili.it\/es\/wp-json\/wp\/v2\/product"}],"about":[{"href":"https:\/\/lapistaciclabili.it\/es\/wp-json\/wp\/v2\/types\/product"}],"replies":[{"embeddable":true,"href":"https:\/\/lapistaciclabili.it\/es\/wp-json\/wp\/v2\/comments?post=3787"}],"wp:featuredmedia":[{"embeddable":true,"href":"https:\/\/lapistaciclabili.it\/es\/wp-json\/wp\/v2\/media\/4670"}],"wp:attachment":[{"href":"https:\/\/lapistaciclabili.it\/es\/wp-json\/wp\/v2\/media?parent=3787"}],"wp:term":[{"taxonomy":"product_cat","embeddable":true,"href":"https:\/\/lapistaciclabili.it\/es\/wp-json\/wp\/v2\/product_cat?post=3787"},{"taxonomy":"product_tag","embeddable":true,"href":"https:\/\/lapistaciclabili.it\/es\/wp-json\/wp\/v2\/product_tag?post=3787"}],"curies":[{"name":"wp","href":"https:\/\/api.w.org\/{rel}","templated":true}]}}