{"id":3781,"date":"2024-06-30T22:30:08","date_gmt":"2024-06-30T22:30:08","guid":{"rendered":"https:\/\/lapistaciclabili.it\/?post_type=product&#038;p=3781"},"modified":"2024-08-16T23:44:00","modified_gmt":"2024-08-16T23:44:00","slug":"canalizador-vial-forte","status":"publish","type":"product","link":"https:\/\/lapistaciclabili.it\/es\/producto\/canalizador-vial-forte\/","title":{"rendered":"Canalizador vial Forte"},"content":{"rendered":"<p>Canalizador vial Forte es un dispositivo canalizador, que cuenta con 5 a\u0301reas reflejantes y una altura que incrementa su visibilidad en cualquier ciclov\u00eda.<\/p>\n<p>Se utiliza como demarcador de carriles especiales, como por ejemplo ciclopistas, carriles de metrob\u00fas o troleb\u00fas, etc. Su objetivo es mantener separado el tr\u00e1nsito vehicular del ciclista.<\/p>\n<p>Son parte de los sen\u0303alamientos viales de tipo horizontal, que se colocan sobre el pavimento y sirven para delimitar ciclopistas, entre otras funciones; son muy u\u0301tiles y pra\u0301cticos, ya que llaman la atencio\u0301n del conductor al contar con elementos reflejantes.<\/p>\n<p>Las caras del canalizador vial Forte reflejan muy bien la luz de los faros de los vehi\u0301culos que se acercan; adema\u0301s, son elementos resistentes para sus funcio\u0301n.<\/p>\n<p style=\"font-weight: 400;\"><strong>Dise\u00f1o<\/strong><\/p>\n<p>Disen\u0303ado con una franja frontal la cual:<\/p>\n<ul>\n<li>Esta adicionada con reflejante color amarillo, blanco o rojo.<\/li>\n<li>Cuenta con 2 barrenos para su posible instalacio\u0301n, fa\u0301ciles de colocar y remover; con 2 anclas de acero de 7\/16\u201d X 16 cm+ resina ep\u00f3xica (no incluidos).<\/li>\n<\/ul>\n<\/div>\n<p style=\"font-weight: 400;\"><strong>Caracter\u00edsticas<\/strong><\/p>\n<div class=\"page\" title=\"Page 1\">\n<div class=\"section\">\n<div class=\"layoutArea\">\n<div class=\"column\">\n<div class=\"page\" title=\"Page 1\">\n<ul>\n<li class=\"section\">El canalizador vial Forte tiene un dise\u00f1o piramidal elaborado en una sola pieza.<\/li>\n<li class=\"section\">Su composicio\u0301n a base de polietileno de media densidad, ofrece mejor desempen\u0303o de resistencia.<\/li>\n<li class=\"section\">Disponible en color verde y amarillo.<\/li>\n<li class=\"section\">Proteccio\u0301n a rayos UV, resistencia a la humedad, corrosio\u0301n y cambios clima\u0301ticos.<\/li>\n<li class=\"section\">Su altura y curvas son ideales de modo que no dan\u0303a los neuma\u0301ticos y no afecta la circulacio\u0301n de los vehi\u0301culos, pero disuade y canaliza perfectamente.<\/li>\n<li class=\"section\">Un par de reflejantes; rojo\/blanco, en los extremos an\u0303adiendo mayor visibilidad durante la noche. En estos casos, <strong>el reflejante color amarillo indica que se circula en la direcci\u00f3n correcta de la ciclopista, el color rojo indica que se circula en sentido contrario<\/strong>.<\/li>\n<li class=\"section\">Adem\u00e1s de que el cuerpo cuenta con altos relieves ayudando a que las bicicletas no resbalen al rozar el canalizador.<\/li>\n<li class=\"section\">Fa\u0301cil de instalar.<\/li>\n<li class=\"section\">Cuenta con 2 barrenos para sujecio\u0301n con anclas (no incluidas).<\/li>\n<li class=\"section\">Tiene la opcio\u0301n de llevar el logotipo institucional en la parte lateral.<\/li>\n<\/ul>\n<p style=\"font-weight: 400;\"><strong>Medidas:<\/strong><\/p>\n<div class=\"page\" title=\"Page 2\">\n<div class=\"section\">\n<div class=\"layoutArea\">\n<div class=\"column\">\n<p>Largo: 42.0 cm<br \/>\nTotal Ancho: 15.0 cm<br \/>\nAlto: 8.0 cm<br \/>\nReflejante Blanco.<\/p>\n<p><a href=\"https:\/\/topes.com.mx\/\">Conoce nuestra p\u00e1gina web especializada<\/a> y nuestro <a href=\"https:\/\/lapistaciclabili.it\/productos-ciclovias\/\">cat\u00e1logo completo.<\/a><\/p>\n","protected":false},"excerpt":{"rendered":"<p><strong>Nombre del producto: Canalizador Forte<\/strong><\/p>\n<p><strong>C\u00f3digo: CAN-FORTE<\/strong><\/p>\n<table>\n<tbody>\n<tr>\n<td style=\"text-align: center;\"><strong>ESPA\u00d1OL<\/strong><\/td>\n<td style=\"text-align: center;\"><strong>INGL\u00c9S<\/strong><\/td>\n<td style=\"text-align: center;\"><strong>MODELO 3D<\/strong><\/td>\n<\/tr>\n<tr>\n<td><a href=\"https:\/\/multisenal.com.mx\/FichasTecnicas\/Canalizador-CAN-FORTE-ES.pdf\"><img decoding=\"async\" class=\"wp-image-5524 aligncenter\" src=\"https:\/\/lapistaciclabili.it\/wp-content\/uploads\/2024\/06\/img-pdf-ciclopistas.webp\" alt=\"\" width=\"49\" height=\"49\" \/><\/a><\/td>\n<td><a href=\"https:\/\/multisenal.com.mx\/FichasTecnicas\/Canalizador-CAN-FORTE-EN.pdf\"><img decoding=\"async\" class=\"wp-image-5524 aligncenter\" src=\"https:\/\/lapistaciclabili.it\/wp-content\/uploads\/2024\/06\/img-pdf-ciclopistas.webp\" alt=\"\" width=\"49\" height=\"49\" \/><\/a><\/td>\n<td><a href=\"https:\/\/lapistaciclabili.it\/renders\/canalizador-forte-modelo-360\/\"><img decoding=\"async\" class=\"wp-image-5524 aligncenter\" src=\"https:\/\/lapistaciclabili.it\/wp-content\/uploads\/2024\/06\/img-modelo3D.webp\" alt=\"\" width=\"49\" height=\"49\" \/><\/a><\/td>\n<\/tr>\n<\/tbody>\n<\/table>\n","protected":false},"featured_media":10585,"comment_status":"open","ping_status":"closed","template":"","meta":[],"product_cat":[21,25],"product_tag":[],"class_list":{"0":"post-3781","1":"product","2":"type-product","3":"status-publish","4":"has-post-thumbnail","6":"product_cat-delimitadores-viales","7":"product_cat-canalizadores","9":"first","10":"instock","11":"shipping-taxable","12":"product-type-simple"},"yoast_head":"<!-- This site is optimized with the Yoast SEO Premium plugin v22.3 (Yoast SEO v23.0) - https:\/\/yoast.com\/wordpress\/plugins\/seo\/ -->\n<title>Canalizador vial Forte - lapistaciclabili.it<\/title>\n<meta name=\"description\" content=\"El canalizador vial Forte, sirve especialmente para delimitar \u00e1reas como ciclov\u00edas o carriles exclusivos gracias a su visibilidad y resistencia\" \/>\n<meta name=\"robots\" content=\"index, follow, max-snippet:-1, max-image-preview:large, max-video-preview:-1\" \/>\n<link rel=\"canonical\" href=\"https:\/\/lapistaciclabili.it\/es\/en\/?post_type=product&p=6303\" \/>\n<meta property=\"og:locale\" content=\"es_ES\" \/>\n<meta property=\"og:type\" content=\"article\" \/>\n<meta property=\"og:title\" content=\"Canalizador vial Forte\" \/>\n<meta property=\"og:description\" content=\"El canalizador vial Forte, sirve especialmente para delimitar \u00e1reas como ciclov\u00edas o carriles exclusivos gracias a su visibilidad y resistencia\" \/>\n<meta property=\"og:url\" content=\"https:\/\/lapistaciclabili.it\/en\/?post_type=product&amp;p=6303\" \/>\n<meta property=\"og:site_name\" content=\"lapistaciclabili.it\" \/>\n<meta property=\"article:publisher\" content=\"https:\/\/www.facebook.com\/multisenal\/\" \/>\n<meta property=\"article:modified_time\" content=\"2024-08-16T23:44:00+00:00\" \/>\n<meta property=\"og:image\" content=\"https:\/\/lapistaciclabili.it\/wp-content\/uploads\/2024\/06\/Canalizador-Forte-1.webp\" \/>\n\t<meta property=\"og:image:width\" content=\"1200\" \/>\n\t<meta property=\"og:image:height\" content=\"1200\" \/>\n\t<meta property=\"og:image:type\" content=\"image\/webp\" \/>\n<meta name=\"twitter:card\" content=\"summary_large_image\" \/>\n<meta name=\"twitter:site\" content=\"@multisenal\" \/>\n<meta name=\"twitter:label1\" content=\"Tiempo de lectura\" \/>\n\t<meta name=\"twitter:data1\" content=\"2 minutos\" \/>\n<script type=\"application\/ld+json\" class=\"yoast-schema-graph\">{\"@context\":\"https:\/\/schema.org\",\"@graph\":[{\"@type\":\"WebPage\",\"@id\":\"https:\/\/lapistaciclabili.it\/en\/?post_type=product&p=6303\",\"url\":\"https:\/\/lapistaciclabili.it\/en\/?post_type=product&p=6303\",\"name\":\"Canalizador vial Forte - lapistaciclabili.it\",\"isPartOf\":{\"@id\":\"https:\/\/lapistaciclabili.it\/#website\"},\"primaryImageOfPage\":{\"@id\":\"https:\/\/lapistaciclabili.it\/en\/?post_type=product&p=6303#primaryimage\"},\"image\":{\"@id\":\"https:\/\/lapistaciclabili.it\/en\/?post_type=product&p=6303#primaryimage\"},\"thumbnailUrl\":\"https:\/\/lapistaciclabili.it\/wp-content\/uploads\/2024\/06\/Canalizador-Forte-1.webp\",\"datePublished\":\"2024-06-30T22:30:08+00:00\",\"dateModified\":\"2024-08-16T23:44:00+00:00\",\"description\":\"El canalizador vial Forte, sirve especialmente para delimitar \u00e1reas como ciclov\u00edas o carriles exclusivos gracias a su visibilidad y resistencia\",\"breadcrumb\":{\"@id\":\"https:\/\/lapistaciclabili.it\/en\/?post_type=product&p=6303#breadcrumb\"},\"inLanguage\":\"es\",\"potentialAction\":[{\"@type\":\"ReadAction\",\"target\":[\"https:\/\/lapistaciclabili.it\/en\/?post_type=product&p=6303\"]}]},{\"@type\":\"ImageObject\",\"inLanguage\":\"es\",\"@id\":\"https:\/\/lapistaciclabili.it\/en\/?post_type=product&p=6303#primaryimage\",\"url\":\"https:\/\/lapistaciclabili.it\/wp-content\/uploads\/2024\/06\/Canalizador-Forte-1.webp\",\"contentUrl\":\"https:\/\/lapistaciclabili.it\/wp-content\/uploads\/2024\/06\/Canalizador-Forte-1.webp\",\"width\":1200,\"height\":1200},{\"@type\":\"BreadcrumbList\",\"@id\":\"https:\/\/lapistaciclabili.it\/en\/?post_type=product&p=6303#breadcrumb\",\"itemListElement\":[{\"@type\":\"ListItem\",\"position\":1,\"name\":\"Inicio\",\"item\":\"https:\/\/lapistaciclabili.it\/\"},{\"@type\":\"ListItem\",\"position\":2,\"name\":\"Tienda\",\"item\":\"https:\/\/lapistaciclabili.it\/tienda\/\"},{\"@type\":\"ListItem\",\"position\":3,\"name\":\"Canalizador vial Forte\"}]},{\"@type\":\"WebSite\",\"@id\":\"https:\/\/lapistaciclabili.it\/#website\",\"url\":\"https:\/\/lapistaciclabili.it\/\",\"name\":\"lapistaciclabili.it\",\"description\":\"\",\"publisher\":{\"@id\":\"https:\/\/lapistaciclabili.it\/#organization\"},\"potentialAction\":[{\"@type\":\"SearchAction\",\"target\":{\"@type\":\"EntryPoint\",\"urlTemplate\":\"https:\/\/lapistaciclabili.it\/?s={search_term_string}\"},\"query-input\":\"required name=search_term_string\"}],\"inLanguage\":\"es\"},{\"@type\":\"Organization\",\"@id\":\"https:\/\/lapistaciclabili.it\/#organization\",\"name\":\"lapistaciclabili.it\",\"url\":\"https:\/\/lapistaciclabili.it\/\",\"logo\":{\"@type\":\"ImageObject\",\"inLanguage\":\"es\",\"@id\":\"https:\/\/lapistaciclabili.it\/#\/schema\/logo\/image\/\",\"url\":\"https:\/\/lapistaciclabili.it\/wp-content\/uploads\/2024\/06\/lapistaciclabili.it_-1.png\",\"contentUrl\":\"https:\/\/lapistaciclabili.it\/wp-content\/uploads\/2024\/06\/lapistaciclabili.it_-1.png\",\"width\":768,\"height\":220,\"caption\":\"lapistaciclabili.it\"},\"image\":{\"@id\":\"https:\/\/lapistaciclabili.it\/#\/schema\/logo\/image\/\"},\"sameAs\":[\"https:\/\/www.facebook.com\/multisenal\/\",\"https:\/\/x.com\/multisenal\",\"https:\/\/www.instagram.com\/multisenalmx\/\",\"https:\/\/www.linkedin.com\/company\/multisenalmexico\/\",\"https:\/\/www.youtube.com\/@multisenaloficial\"]}]}<\/script>\n<!-- \/ Yoast SEO Premium plugin. -->","yoast_head_json":{"title":"Canalizador vial Forte - lapistaciclabili.it","description":"El canalizador vial Forte, sirve especialmente para delimitar \u00e1reas como ciclov\u00edas o carriles exclusivos gracias a su visibilidad y resistencia","robots":{"index":"index","follow":"follow","max-snippet":"max-snippet:-1","max-image-preview":"max-image-preview:large","max-video-preview":"max-video-preview:-1"},"canonical":"https:\/\/lapistaciclabili.it\/es\/en\/?post_type=product&p=6303","og_locale":"es_ES","og_type":"article","og_title":"Canalizador vial Forte","og_description":"El canalizador vial Forte, sirve especialmente para delimitar \u00e1reas como ciclov\u00edas o carriles exclusivos gracias a su visibilidad y resistencia","og_url":"https:\/\/lapistaciclabili.it\/en\/?post_type=product&p=6303","og_site_name":"lapistaciclabili.it","article_publisher":"https:\/\/www.facebook.com\/multisenal\/","article_modified_time":"2024-08-16T23:44:00+00:00","og_image":[{"width":1200,"height":1200,"url":"https:\/\/lapistaciclabili.it\/wp-content\/uploads\/2024\/06\/Canalizador-Forte-1.webp","type":"image\/webp"}],"twitter_card":"summary_large_image","twitter_site":"@multisenal","twitter_misc":{"Tiempo de lectura":"2 minutos"},"schema":{"@context":"https:\/\/schema.org","@graph":[{"@type":"WebPage","@id":"https:\/\/lapistaciclabili.it\/en\/?post_type=product&p=6303","url":"https:\/\/lapistaciclabili.it\/en\/?post_type=product&p=6303","name":"Canalizador vial Forte - lapistaciclabili.it","isPartOf":{"@id":"https:\/\/lapistaciclabili.it\/#website"},"primaryImageOfPage":{"@id":"https:\/\/lapistaciclabili.it\/en\/?post_type=product&p=6303#primaryimage"},"image":{"@id":"https:\/\/lapistaciclabili.it\/en\/?post_type=product&p=6303#primaryimage"},"thumbnailUrl":"https:\/\/lapistaciclabili.it\/wp-content\/uploads\/2024\/06\/Canalizador-Forte-1.webp","datePublished":"2024-06-30T22:30:08+00:00","dateModified":"2024-08-16T23:44:00+00:00","description":"El canalizador vial Forte, sirve especialmente para delimitar \u00e1reas como ciclov\u00edas o carriles exclusivos gracias a su visibilidad y resistencia","breadcrumb":{"@id":"https:\/\/lapistaciclabili.it\/en\/?post_type=product&p=6303#breadcrumb"},"inLanguage":"es","potentialAction":[{"@type":"ReadAction","target":["https:\/\/lapistaciclabili.it\/en\/?post_type=product&p=6303"]}]},{"@type":"ImageObject","inLanguage":"es","@id":"https:\/\/lapistaciclabili.it\/en\/?post_type=product&p=6303#primaryimage","url":"https:\/\/lapistaciclabili.it\/wp-content\/uploads\/2024\/06\/Canalizador-Forte-1.webp","contentUrl":"https:\/\/lapistaciclabili.it\/wp-content\/uploads\/2024\/06\/Canalizador-Forte-1.webp","width":1200,"height":1200},{"@type":"BreadcrumbList","@id":"https:\/\/lapistaciclabili.it\/en\/?post_type=product&p=6303#breadcrumb","itemListElement":[{"@type":"ListItem","position":1,"name":"Inicio","item":"https:\/\/lapistaciclabili.it\/"},{"@type":"ListItem","position":2,"name":"Tienda","item":"https:\/\/lapistaciclabili.it\/tienda\/"},{"@type":"ListItem","position":3,"name":"Canalizador vial Forte"}]},{"@type":"WebSite","@id":"https:\/\/lapistaciclabili.it\/#website","url":"https:\/\/lapistaciclabili.it\/","name":"lapistaciclabili.it","description":"","publisher":{"@id":"https:\/\/lapistaciclabili.it\/#organization"},"potentialAction":[{"@type":"SearchAction","target":{"@type":"EntryPoint","urlTemplate":"https:\/\/lapistaciclabili.it\/?s={search_term_string}"},"query-input":"required name=search_term_string"}],"inLanguage":"es"},{"@type":"Organization","@id":"https:\/\/lapistaciclabili.it\/#organization","name":"lapistaciclabili.it","url":"https:\/\/lapistaciclabili.it\/","logo":{"@type":"ImageObject","inLanguage":"es","@id":"https:\/\/lapistaciclabili.it\/#\/schema\/logo\/image\/","url":"https:\/\/lapistaciclabili.it\/wp-content\/uploads\/2024\/06\/lapistaciclabili.it_-1.png","contentUrl":"https:\/\/lapistaciclabili.it\/wp-content\/uploads\/2024\/06\/lapistaciclabili.it_-1.png","width":768,"height":220,"caption":"lapistaciclabili.it"},"image":{"@id":"https:\/\/lapistaciclabili.it\/#\/schema\/logo\/image\/"},"sameAs":["https:\/\/www.facebook.com\/multisenal\/","https:\/\/x.com\/multisenal","https:\/\/www.instagram.com\/multisenalmx\/","https:\/\/www.linkedin.com\/company\/multisenalmexico\/","https:\/\/www.youtube.com\/@multisenaloficial"]}]}},"_links":{"self":[{"href":"https:\/\/lapistaciclabili.it\/es\/wp-json\/wp\/v2\/product\/3781","targetHints":{"allow":["GET"]}}],"collection":[{"href":"https:\/\/lapistaciclabili.it\/es\/wp-json\/wp\/v2\/product"}],"about":[{"href":"https:\/\/lapistaciclabili.it\/es\/wp-json\/wp\/v2\/types\/product"}],"replies":[{"embeddable":true,"href":"https:\/\/lapistaciclabili.it\/es\/wp-json\/wp\/v2\/comments?post=3781"}],"wp:featuredmedia":[{"embeddable":true,"href":"https:\/\/lapistaciclabili.it\/es\/wp-json\/wp\/v2\/media\/10585"}],"wp:attachment":[{"href":"https:\/\/lapistaciclabili.it\/es\/wp-json\/wp\/v2\/media?parent=3781"}],"wp:term":[{"taxonomy":"product_cat","embeddable":true,"href":"https:\/\/lapistaciclabili.it\/es\/wp-json\/wp\/v2\/product_cat?post=3781"},{"taxonomy":"product_tag","embeddable":true,"href":"https:\/\/lapistaciclabili.it\/es\/wp-json\/wp\/v2\/product_tag?post=3781"}],"curies":[{"name":"wp","href":"https:\/\/api.w.org\/{rel}","templated":true}]}}