{"id":3780,"date":"2024-06-17T20:48:08","date_gmt":"2024-06-17T20:48:08","guid":{"rendered":"https:\/\/lapistaciclabili.it\/?post_type=product&#038;p=3780"},"modified":"2024-08-20T14:11:26","modified_gmt":"2024-08-20T14:11:26","slug":"hito-solar-hito-defender-80","status":"publish","type":"product","link":"https:\/\/lapistaciclabili.it\/es\/producto\/hito-solar-hito-defender-80\/","title":{"rendered":"Hito Solar &#8211; Hito Defender 80"},"content":{"rendered":"<p style=\"text-align: left;\">El Hito Solar &#8211; Hito Defender 80, es la mejor opci\u00f3n para delimitar ciclov\u00edas de una forma vistosa y llamativa. Funcional tanto de d\u00eda como de noche gracias a su cuerpo resistente y su alta luminosidad.<\/p>\n<p><img fetchpriority=\"high\" decoding=\"async\" class=\"alignleft wp-image-7079 size-medium\" src=\"https:\/\/multisenal.com.mx\/wp-content\/uploads\/2022\/05\/disply-it-80SolarColores-300x180.png\" alt=\"publicidad-hito-solar\" width=\"300\" height=\"180\" \/>Creado por <a href=\"https:\/\/www.multisenal.com.mx\">Multise\u00f1al S.A de C.V<\/a>, este dispositivo solar est\u00e1 pensado para funcionar como un\u00a0 eficaz se\u00f1alamiento preventivo, al igual que permanente.<\/p>\n<p>Con su implementaci\u00f3n, las ciclopistas aseguran estar totalmente iluminadas gracias a la tecnolog\u00eda solar de este Hito. Cuenta con un sistema inteligente que le permite recargarse durante el d\u00eda por medio de una celda solar,\u00a0 permitiendo que sus leds ultrabrillantes se enciendan de forma autom\u00e1tica al caer la noche.<\/p>\n<p>Gracias a la luz que irradian sus leds ultrabrillantes, el Hito Solar &#8211; Hito Defender 80<b> <\/b>delimita de forma clara y visible los carriles ciclistas. Esto le brinda la seguridad a sus usuarios de circular por un tramo totalmente visibles ante los automovilistas.<\/p>\n<p>De esta manera, el cuerpo del Hito funciona como un excelente delimitador durante el d\u00eda, mientras que en la noche, la iluminaci\u00f3n del mismo sirve como una se\u00f1al bastante llamativa.<\/p>\n<p><img decoding=\"async\" class=\"alignright wp-image-7129 size-medium\" src=\"https:\/\/multisenal.com.mx\/wp-content\/uploads\/2022\/05\/Hito80-1-300x180.png\" alt=\"Hito-solar-diferentes-colores\" width=\"300\" height=\"180\" \/>Al estar construido en Poliflexy, es amigable con peatones y veh\u00edculos. Este material altamente flexible no provoca da\u00f1o alguno si, por accidente, se choca contra \u00e9l. No obstante, a pesar de contar con gran flexibilidad, tambi\u00e9n es altamente resistente a los impactos.<\/p>\n<p>Al estar disponible en colores amarillo, rojo, azul, blanco y verde, el Hito Solar puede adaptarse a diversos entornos. Combina el color que creas adecuado en la zona indicada. Realiza una mezcla de los mismos para una vista m\u00e1s llamativa, seg\u00fan convenga.<\/p>\n<p>El Hito Solar &#8211; Hito Defender 80 es \u00fatil para advertir desviaciones o bifurcaciones en el camino ciclista. Los usuarios de bicicleta pueden circular por sus carriles exclusivos con la gu\u00eda y visibilidad necesaria gracias a este dispositivo.<\/p>\n<p>Opiniones de ciclistas indican que la seguridad vial aumenta gracias a que, con estos dispositivos,\u00a0 los conductores de autom\u00f3viles no invaden el carril ciclista. Puedes conocer sus testimonios en el siguiente video:<\/p>\n<p><iframe title=\"YouTube video player\" src=\"https:\/\/www.youtube.com\/embed\/eKog4yfeai0\" width=\"560\" height=\"315\" frameborder=\"0\" allowfullscreen=\"allowfullscreen\"><\/iframe><\/p>\n<p>Te invitamos a conocer el <a href=\"https:\/\/lapistaciclabili.it\/productos-ciclovias\/\">cat\u00e1logo completo<\/a> con nuestros dispositivos viales exclusivos para ciclov\u00edas.<\/p>\n<p>&nbsp;<\/p>\n","protected":false},"excerpt":{"rendered":"<p><strong>Nombre del producto: Hito Solar \u2013 Hito Defender 80<\/strong><\/p>\n<p><strong>C\u00f3digo: IT-80<\/strong><\/p>\n<table>\n<tbody>\n<tr>\n<td style=\"text-align: center;\"><strong>ESPA\u00d1OL<\/strong><\/td>\n<td style=\"text-align: center;\"><strong>INGL\u00c9S<\/strong><\/td>\n<td style=\"text-align: center;\"><strong>MODELO 3D<\/strong><\/td>\n<\/tr>\n<tr>\n<td><a href=\"https:\/\/multisenal.com.mx\/FichasTecnicas\/Hito-80-ES.pdf\"><img decoding=\"async\" class=\"wp-image-5524 aligncenter\" src=\"https:\/\/lapistaciclabili.it\/wp-content\/uploads\/2024\/06\/img-pdf-ciclopistas.webp\" alt=\"\" width=\"49\" height=\"49\" \/><\/a><\/td>\n<td><a href=\"https:\/\/multisenal.com.mx\/FichasTecnicas\/Bollard-HIT-80-EN.pdf\"><img decoding=\"async\" class=\"wp-image-5524 aligncenter\" src=\"https:\/\/lapistaciclabili.it\/wp-content\/uploads\/2024\/06\/img-pdf-ciclopistas.webp\" alt=\"\" width=\"49\" height=\"49\" \/><\/a><\/td>\n<td><a href=\"https:\/\/lapistaciclabili.it\/renders\/hito-80-solar-modelo-360\/\"><img loading=\"lazy\" decoding=\"async\" class=\"wp-image-5524 aligncenter\" src=\"https:\/\/lapistaciclabili.it\/wp-content\/uploads\/2024\/06\/img-modelo3D.webp\" alt=\"\" width=\"49\" height=\"49\" \/><\/a><\/td>\n<\/tr>\n<\/tbody>\n<\/table>\n","protected":false},"featured_media":3812,"comment_status":"open","ping_status":"closed","template":"","meta":[],"product_cat":[23,20],"product_tag":[],"class_list":{"0":"post-3780","1":"product","2":"type-product","3":"status-publish","4":"has-post-thumbnail","6":"product_cat-ciclopista-solar","7":"product_cat-balizamiento","9":"first","10":"instock","11":"shipping-taxable","12":"product-type-simple"},"yoast_head":"<!-- This site is optimized with the Yoast SEO Premium plugin v22.3 (Yoast SEO v23.0) - https:\/\/yoast.com\/wordpress\/plugins\/seo\/ -->\n<title>Hito Solar - Hito Defender 80 - lapistaciclabili.it<\/title>\n<meta name=\"description\" content=\"El Hito Solar - Hito Defender 80 est\u00e1 dise\u00f1ado para delimitar e iluminar ciclov\u00edas durante la noche. Seguridad e innovaci\u00f3n en un mismo producto\" \/>\n<meta name=\"robots\" content=\"index, follow, max-snippet:-1, max-image-preview:large, max-video-preview:-1\" \/>\n<link rel=\"canonical\" href=\"https:\/\/lapistaciclabili.it\/es\/producto\/hito-solar-hito-defender-80\/\" \/>\n<meta property=\"og:locale\" content=\"es_ES\" \/>\n<meta property=\"og:type\" content=\"article\" \/>\n<meta property=\"og:title\" content=\"Hito Solar - Hito Defender 80\" \/>\n<meta property=\"og:description\" content=\"El Hito Solar - Hito Defender 80 est\u00e1 dise\u00f1ado para delimitar e iluminar ciclov\u00edas durante la noche. Seguridad e innovaci\u00f3n en un mismo producto\" \/>\n<meta property=\"og:url\" content=\"https:\/\/lapistaciclabili.it\/producto\/hito-solar-hito-defender-80\/\" \/>\n<meta property=\"og:site_name\" content=\"lapistaciclabili.it\" \/>\n<meta property=\"article:publisher\" content=\"https:\/\/www.facebook.com\/multisenal\/\" \/>\n<meta property=\"article:modified_time\" content=\"2024-08-20T14:11:26+00:00\" \/>\n<meta property=\"og:image\" content=\"https:\/\/lapistaciclabili.it\/wp-content\/uploads\/2024\/06\/Producto-Ciclopistas-17.webp\" \/>\n\t<meta property=\"og:image:width\" content=\"1200\" \/>\n\t<meta property=\"og:image:height\" content=\"1200\" \/>\n\t<meta property=\"og:image:type\" content=\"image\/webp\" \/>\n<meta name=\"twitter:card\" content=\"summary_large_image\" \/>\n<meta name=\"twitter:site\" content=\"@multisenal\" \/>\n<meta name=\"twitter:label1\" content=\"Tiempo de lectura\" \/>\n\t<meta name=\"twitter:data1\" content=\"3 minutos\" \/>\n<script type=\"application\/ld+json\" class=\"yoast-schema-graph\">{\"@context\":\"https:\/\/schema.org\",\"@graph\":[{\"@type\":\"WebPage\",\"@id\":\"https:\/\/lapistaciclabili.it\/producto\/hito-solar-hito-defender-80\/\",\"url\":\"https:\/\/lapistaciclabili.it\/producto\/hito-solar-hito-defender-80\/\",\"name\":\"Hito Solar - Hito Defender 80 - lapistaciclabili.it\",\"isPartOf\":{\"@id\":\"https:\/\/lapistaciclabili.it\/#website\"},\"primaryImageOfPage\":{\"@id\":\"https:\/\/lapistaciclabili.it\/producto\/hito-solar-hito-defender-80\/#primaryimage\"},\"image\":{\"@id\":\"https:\/\/lapistaciclabili.it\/producto\/hito-solar-hito-defender-80\/#primaryimage\"},\"thumbnailUrl\":\"https:\/\/lapistaciclabili.it\/wp-content\/uploads\/2024\/06\/Producto-Ciclopistas-17.webp\",\"datePublished\":\"2024-06-17T20:48:08+00:00\",\"dateModified\":\"2024-08-20T14:11:26+00:00\",\"description\":\"El Hito Solar - Hito Defender 80 est\u00e1 dise\u00f1ado para delimitar e iluminar ciclov\u00edas durante la noche. Seguridad e innovaci\u00f3n en un mismo producto\",\"breadcrumb\":{\"@id\":\"https:\/\/lapistaciclabili.it\/producto\/hito-solar-hito-defender-80\/#breadcrumb\"},\"inLanguage\":\"es\",\"potentialAction\":[{\"@type\":\"ReadAction\",\"target\":[\"https:\/\/lapistaciclabili.it\/producto\/hito-solar-hito-defender-80\/\"]}]},{\"@type\":\"ImageObject\",\"inLanguage\":\"es\",\"@id\":\"https:\/\/lapistaciclabili.it\/producto\/hito-solar-hito-defender-80\/#primaryimage\",\"url\":\"https:\/\/lapistaciclabili.it\/wp-content\/uploads\/2024\/06\/Producto-Ciclopistas-17.webp\",\"contentUrl\":\"https:\/\/lapistaciclabili.it\/wp-content\/uploads\/2024\/06\/Producto-Ciclopistas-17.webp\",\"width\":1200,\"height\":1200},{\"@type\":\"BreadcrumbList\",\"@id\":\"https:\/\/lapistaciclabili.it\/producto\/hito-solar-hito-defender-80\/#breadcrumb\",\"itemListElement\":[{\"@type\":\"ListItem\",\"position\":1,\"name\":\"Inicio\",\"item\":\"https:\/\/lapistaciclabili.it\/\"},{\"@type\":\"ListItem\",\"position\":2,\"name\":\"Tienda\",\"item\":\"https:\/\/lapistaciclabili.it\/tienda\/\"},{\"@type\":\"ListItem\",\"position\":3,\"name\":\"Hito Solar &#8211; Hito Defender 80\"}]},{\"@type\":\"WebSite\",\"@id\":\"https:\/\/lapistaciclabili.it\/#website\",\"url\":\"https:\/\/lapistaciclabili.it\/\",\"name\":\"lapistaciclabili.it\",\"description\":\"\",\"publisher\":{\"@id\":\"https:\/\/lapistaciclabili.it\/#organization\"},\"potentialAction\":[{\"@type\":\"SearchAction\",\"target\":{\"@type\":\"EntryPoint\",\"urlTemplate\":\"https:\/\/lapistaciclabili.it\/?s={search_term_string}\"},\"query-input\":\"required name=search_term_string\"}],\"inLanguage\":\"es\"},{\"@type\":\"Organization\",\"@id\":\"https:\/\/lapistaciclabili.it\/#organization\",\"name\":\"lapistaciclabili.it\",\"url\":\"https:\/\/lapistaciclabili.it\/\",\"logo\":{\"@type\":\"ImageObject\",\"inLanguage\":\"es\",\"@id\":\"https:\/\/lapistaciclabili.it\/#\/schema\/logo\/image\/\",\"url\":\"https:\/\/lapistaciclabili.it\/wp-content\/uploads\/2024\/06\/lapistaciclabili.it_-1.png\",\"contentUrl\":\"https:\/\/lapistaciclabili.it\/wp-content\/uploads\/2024\/06\/lapistaciclabili.it_-1.png\",\"width\":768,\"height\":220,\"caption\":\"lapistaciclabili.it\"},\"image\":{\"@id\":\"https:\/\/lapistaciclabili.it\/#\/schema\/logo\/image\/\"},\"sameAs\":[\"https:\/\/www.facebook.com\/multisenal\/\",\"https:\/\/x.com\/multisenal\",\"https:\/\/www.instagram.com\/multisenalmx\/\",\"https:\/\/www.linkedin.com\/company\/multisenalmexico\/\",\"https:\/\/www.youtube.com\/@multisenaloficial\"]}]}<\/script>\n<!-- \/ Yoast SEO Premium plugin. -->","yoast_head_json":{"title":"Hito Solar - Hito Defender 80 - lapistaciclabili.it","description":"El Hito Solar - Hito Defender 80 est\u00e1 dise\u00f1ado para delimitar e iluminar ciclov\u00edas durante la noche. Seguridad e innovaci\u00f3n en un mismo producto","robots":{"index":"index","follow":"follow","max-snippet":"max-snippet:-1","max-image-preview":"max-image-preview:large","max-video-preview":"max-video-preview:-1"},"canonical":"https:\/\/lapistaciclabili.it\/es\/producto\/hito-solar-hito-defender-80\/","og_locale":"es_ES","og_type":"article","og_title":"Hito Solar - Hito Defender 80","og_description":"El Hito Solar - Hito Defender 80 est\u00e1 dise\u00f1ado para delimitar e iluminar ciclov\u00edas durante la noche. Seguridad e innovaci\u00f3n en un mismo producto","og_url":"https:\/\/lapistaciclabili.it\/producto\/hito-solar-hito-defender-80\/","og_site_name":"lapistaciclabili.it","article_publisher":"https:\/\/www.facebook.com\/multisenal\/","article_modified_time":"2024-08-20T14:11:26+00:00","og_image":[{"width":1200,"height":1200,"url":"https:\/\/lapistaciclabili.it\/wp-content\/uploads\/2024\/06\/Producto-Ciclopistas-17.webp","type":"image\/webp"}],"twitter_card":"summary_large_image","twitter_site":"@multisenal","twitter_misc":{"Tiempo de lectura":"3 minutos"},"schema":{"@context":"https:\/\/schema.org","@graph":[{"@type":"WebPage","@id":"https:\/\/lapistaciclabili.it\/producto\/hito-solar-hito-defender-80\/","url":"https:\/\/lapistaciclabili.it\/producto\/hito-solar-hito-defender-80\/","name":"Hito Solar - Hito Defender 80 - lapistaciclabili.it","isPartOf":{"@id":"https:\/\/lapistaciclabili.it\/#website"},"primaryImageOfPage":{"@id":"https:\/\/lapistaciclabili.it\/producto\/hito-solar-hito-defender-80\/#primaryimage"},"image":{"@id":"https:\/\/lapistaciclabili.it\/producto\/hito-solar-hito-defender-80\/#primaryimage"},"thumbnailUrl":"https:\/\/lapistaciclabili.it\/wp-content\/uploads\/2024\/06\/Producto-Ciclopistas-17.webp","datePublished":"2024-06-17T20:48:08+00:00","dateModified":"2024-08-20T14:11:26+00:00","description":"El Hito Solar - Hito Defender 80 est\u00e1 dise\u00f1ado para delimitar e iluminar ciclov\u00edas durante la noche. Seguridad e innovaci\u00f3n en un mismo producto","breadcrumb":{"@id":"https:\/\/lapistaciclabili.it\/producto\/hito-solar-hito-defender-80\/#breadcrumb"},"inLanguage":"es","potentialAction":[{"@type":"ReadAction","target":["https:\/\/lapistaciclabili.it\/producto\/hito-solar-hito-defender-80\/"]}]},{"@type":"ImageObject","inLanguage":"es","@id":"https:\/\/lapistaciclabili.it\/producto\/hito-solar-hito-defender-80\/#primaryimage","url":"https:\/\/lapistaciclabili.it\/wp-content\/uploads\/2024\/06\/Producto-Ciclopistas-17.webp","contentUrl":"https:\/\/lapistaciclabili.it\/wp-content\/uploads\/2024\/06\/Producto-Ciclopistas-17.webp","width":1200,"height":1200},{"@type":"BreadcrumbList","@id":"https:\/\/lapistaciclabili.it\/producto\/hito-solar-hito-defender-80\/#breadcrumb","itemListElement":[{"@type":"ListItem","position":1,"name":"Inicio","item":"https:\/\/lapistaciclabili.it\/"},{"@type":"ListItem","position":2,"name":"Tienda","item":"https:\/\/lapistaciclabili.it\/tienda\/"},{"@type":"ListItem","position":3,"name":"Hito Solar &#8211; Hito Defender 80"}]},{"@type":"WebSite","@id":"https:\/\/lapistaciclabili.it\/#website","url":"https:\/\/lapistaciclabili.it\/","name":"lapistaciclabili.it","description":"","publisher":{"@id":"https:\/\/lapistaciclabili.it\/#organization"},"potentialAction":[{"@type":"SearchAction","target":{"@type":"EntryPoint","urlTemplate":"https:\/\/lapistaciclabili.it\/?s={search_term_string}"},"query-input":"required name=search_term_string"}],"inLanguage":"es"},{"@type":"Organization","@id":"https:\/\/lapistaciclabili.it\/#organization","name":"lapistaciclabili.it","url":"https:\/\/lapistaciclabili.it\/","logo":{"@type":"ImageObject","inLanguage":"es","@id":"https:\/\/lapistaciclabili.it\/#\/schema\/logo\/image\/","url":"https:\/\/lapistaciclabili.it\/wp-content\/uploads\/2024\/06\/lapistaciclabili.it_-1.png","contentUrl":"https:\/\/lapistaciclabili.it\/wp-content\/uploads\/2024\/06\/lapistaciclabili.it_-1.png","width":768,"height":220,"caption":"lapistaciclabili.it"},"image":{"@id":"https:\/\/lapistaciclabili.it\/#\/schema\/logo\/image\/"},"sameAs":["https:\/\/www.facebook.com\/multisenal\/","https:\/\/x.com\/multisenal","https:\/\/www.instagram.com\/multisenalmx\/","https:\/\/www.linkedin.com\/company\/multisenalmexico\/","https:\/\/www.youtube.com\/@multisenaloficial"]}]}},"_links":{"self":[{"href":"https:\/\/lapistaciclabili.it\/es\/wp-json\/wp\/v2\/product\/3780","targetHints":{"allow":["GET"]}}],"collection":[{"href":"https:\/\/lapistaciclabili.it\/es\/wp-json\/wp\/v2\/product"}],"about":[{"href":"https:\/\/lapistaciclabili.it\/es\/wp-json\/wp\/v2\/types\/product"}],"replies":[{"embeddable":true,"href":"https:\/\/lapistaciclabili.it\/es\/wp-json\/wp\/v2\/comments?post=3780"}],"wp:featuredmedia":[{"embeddable":true,"href":"https:\/\/lapistaciclabili.it\/es\/wp-json\/wp\/v2\/media\/3812"}],"wp:attachment":[{"href":"https:\/\/lapistaciclabili.it\/es\/wp-json\/wp\/v2\/media?parent=3780"}],"wp:term":[{"taxonomy":"product_cat","embeddable":true,"href":"https:\/\/lapistaciclabili.it\/es\/wp-json\/wp\/v2\/product_cat?post=3780"},{"taxonomy":"product_tag","embeddable":true,"href":"https:\/\/lapistaciclabili.it\/es\/wp-json\/wp\/v2\/product_tag?post=3780"}],"curies":[{"name":"wp","href":"https:\/\/api.w.org\/{rel}","templated":true}]}}