{"id":3778,"date":"2024-06-10T19:22:08","date_gmt":"2024-06-10T19:22:08","guid":{"rendered":"https:\/\/lapistaciclabili.it\/?post_type=product&#038;p=3778"},"modified":"2024-08-15T23:58:25","modified_gmt":"2024-08-15T23:58:25","slug":"canalizador-81l","status":"publish","type":"product","link":"https:\/\/lapistaciclabili.it\/es\/producto\/canalizador-81l\/","title":{"rendered":"Canalizador 81L"},"content":{"rendered":"<p style=\"font-weight: 400;\">El canalizador 81L es un dispositivo vial especialmente dise\u00f1ado para la demarcaci\u00f3n y confinamiento de carriles ciclistas.<\/p>\n<p style=\"font-weight: 400;\"><strong>Caracter\u00edsticas clave:<\/strong><\/p>\n<p style=\"font-weight: 400;\">Material resistente: Fabricado en polietileno de media densidad en una sola pieza, con bordes redondeados que garantizan la seguridad de ciclistas y peatones.<\/p>\n<p style=\"font-weight: 400;\">Opciones de color: Disponible en amarillo, verde o negro, proporcionando flexibilidad para adaptarse a diferentes entornos y necesidades ciclistas.<\/p>\n<p style=\"font-weight: 400;\">Sistema de iluminaci\u00f3n solar: Equipado con un bot\u00f3n solar que maximiza su visibilidad a largas distancias.<\/p>\n<p style=\"font-weight: 400;\">Durabilidad y resistencia: Construido para soportar el paso de cualquier bicicleta o triciclo, garantizando una larga vida \u00fatil y minimizando costos de mantenimiento.<\/p>\n<p style=\"font-weight: 400;\">Facilidad de instalaci\u00f3n y reubicaci\u00f3n: Dise\u00f1ado con dos barrenos para una instalaci\u00f3n sencilla. Su dise\u00f1o permite apilarse f\u00e1cilmente, lo cual optimiza los costos de transporte y almacenamiento.<\/p>\n<p style=\"font-weight: 400;\">Alta visibilidad: Cuenta con reflectantes en ambos extremos y un lateral, asegurando su visibilidad desde cualquier \u00e1ngulo y mejorando la seguridad ciclista en condiciones de baja visibilidad.<\/p>\n<p style=\"font-weight: 400;\">El canalizador 81L es la elecci\u00f3n ideal para proyectos ciclistas que requieren una demarcaci\u00f3n clara y segura de carriles especiales, ofreciendo una combinaci\u00f3n \u00f3ptima de durabilidad, funcionalidad y facilidad de uso en entornos urbanos y viales.<\/p>\n<p style=\"font-weight: 400;\">Evita <a href=\"https:\/\/multisenal.com\/blog\/que-es-el-dooring-y-como-evitarlo\/\">accidentes<\/a> al no permitir que los autom\u00f3viles invadan los carriles exclusivos para ciclistas. Ayuda a los ciclistas a tener una mejor gu\u00eda en su manejo durante trayectos de poca visibilidad. Este canalizador ofrece una gran resistencia y visibilidad.<\/p>\n<p style=\"font-weight: 400;\">Esta herramienta cuenta con el tama\u00f1o perfecto para no ser invasivo sin olvidar su funci\u00f3n protectora.<\/p>\n<p style=\"font-weight: 400;\"><strong>Medidas<\/strong><\/p>\n<p>Largo: 81.0 cm<br \/>\nAncho: 16.0 cm<br \/>\nAlto: 9.0 cm<br \/>\nAlto con luz: 11.2 cm<\/p>\n<p>Reflejantes: \u00c1mbar, blanco o rojo<br \/>\nColor: Verde, negro o amarillo.<\/p>\n<p>&nbsp;<\/p>\n<p><img fetchpriority=\"high\" decoding=\"async\" class=\"aligncenter wp-image-5138 size-full\" src=\"https:\/\/multisenal.com.mx\/wp-content\/uploads\/2021\/11\/CAN-81L-2.jpg\" alt=\"CANALIZADOR 81L\" width=\"1203\" height=\"775\" \/><\/p>\n<p>&nbsp;<\/p>\n<h4><span style=\"color: #800080;\"><strong><a style=\"color: #800080;\" href=\"https:\/\/lapistaciclabili.it\/\" target=\"_blank\" rel=\"noopener\">\ud83d\udeb4\u200d\u2642\ufe0f CICLOPISTAS \ud83d\udeb4\u200d\u2640\ufe0f<\/a><\/strong><\/span><\/h4>\n<p>&nbsp;<\/p>\n","protected":false},"excerpt":{"rendered":"<p><strong>Nombre del producto: Canalizador 81L<\/strong><\/p>\n<p><strong>C\u00f3digo: CAN-81L<\/strong><\/p>\n<table>\n<tbody>\n<tr>\n<td style=\"text-align: center;\"><strong>ESPA\u00d1OL<\/strong><\/td>\n<td style=\"text-align: center;\"><strong>INGL\u00c9S<\/strong><\/td>\n<td style=\"text-align: center;\"><strong>MODELO 3D<\/strong><\/td>\n<\/tr>\n<tr>\n<td><a href=\"https:\/\/multisenal.com.mx\/FichasTecnicas\/Canalizador-CAN81L-ES.pdf\"><img decoding=\"async\" class=\"wp-image-5524 aligncenter\" src=\"https:\/\/lapistaciclabili.it\/wp-content\/uploads\/2024\/06\/img-pdf-ciclopistas.webp\" alt=\"\" width=\"49\" height=\"49\" \/><\/a><\/td>\n<td><a href=\"https:\/\/multisenal.com.mx\/FichasTecnicas\/Channeler-CAN-81L-EN.pdf\"><img decoding=\"async\" class=\"wp-image-5524 aligncenter\" src=\"https:\/\/lapistaciclabili.it\/wp-content\/uploads\/2024\/06\/img-pdf-ciclopistas.webp\" alt=\"\" width=\"49\" height=\"49\" \/><\/a><\/td>\n<td><a href=\"https:\/\/lapistaciclabili.it\/renders\/canalizador-81-con-luz-modelo-360\/\"><img decoding=\"async\" class=\"wp-image-5524 aligncenter\" src=\"https:\/\/lapistaciclabili.it\/wp-content\/uploads\/2024\/06\/img-modelo3D.webp\" alt=\"\" width=\"49\" height=\"49\" \/><\/a><\/td>\n<\/tr>\n<\/tbody>\n<\/table>\n","protected":false},"featured_media":3810,"comment_status":"open","ping_status":"closed","template":"","meta":[],"product_cat":[23,21],"product_tag":[],"class_list":{"0":"post-3778","1":"product","2":"type-product","3":"status-publish","4":"has-post-thumbnail","6":"product_cat-ciclopista-solar","7":"product_cat-delimitadores-viales","9":"first","10":"instock","11":"shipping-taxable","12":"product-type-simple"},"yoast_head":"<!-- This site is optimized with the Yoast SEO Premium plugin v22.3 (Yoast SEO v23.0) - https:\/\/yoast.com\/wordpress\/plugins\/seo\/ -->\n<title>Canalizador 81L - lapistaciclabili.it<\/title>\n<meta name=\"description\" content=\"El Canalizador 81L es la opci\u00f3n perfecta tanto para confinar carriles de ciclov\u00eda como carriles especiales. Resistente y de f\u00e1cil colocaci\u00f3n.\" \/>\n<meta name=\"robots\" content=\"index, follow, max-snippet:-1, max-image-preview:large, max-video-preview:-1\" \/>\n<link rel=\"canonical\" href=\"https:\/\/lapistaciclabili.it\/es\/producto\/canalizador-81l\/\" \/>\n<meta property=\"og:locale\" content=\"es_ES\" \/>\n<meta property=\"og:type\" content=\"article\" \/>\n<meta property=\"og:title\" content=\"Canalizador 81L\" \/>\n<meta property=\"og:description\" content=\"El Canalizador 81L es la opci\u00f3n perfecta tanto para confinar carriles de ciclov\u00eda como carriles especiales. Resistente y de f\u00e1cil colocaci\u00f3n.\" \/>\n<meta property=\"og:url\" content=\"https:\/\/lapistaciclabili.it\/producto\/canalizador-81l\/\" \/>\n<meta property=\"og:site_name\" content=\"lapistaciclabili.it\" \/>\n<meta property=\"article:publisher\" content=\"https:\/\/www.facebook.com\/multisenal\/\" \/>\n<meta property=\"article:modified_time\" content=\"2024-08-15T23:58:25+00:00\" \/>\n<meta property=\"og:image\" content=\"https:\/\/lapistaciclabili.it\/wp-content\/uploads\/2024\/06\/Producto-Ciclopistas-13.webp\" \/>\n\t<meta property=\"og:image:width\" content=\"1200\" \/>\n\t<meta property=\"og:image:height\" content=\"1200\" \/>\n\t<meta property=\"og:image:type\" content=\"image\/webp\" \/>\n<meta name=\"twitter:card\" content=\"summary_large_image\" \/>\n<meta name=\"twitter:site\" content=\"@multisenal\" \/>\n<meta name=\"twitter:label1\" content=\"Tiempo de lectura\" \/>\n\t<meta name=\"twitter:data1\" content=\"2 minutos\" \/>\n<script type=\"application\/ld+json\" class=\"yoast-schema-graph\">{\"@context\":\"https:\/\/schema.org\",\"@graph\":[{\"@type\":\"WebPage\",\"@id\":\"https:\/\/lapistaciclabili.it\/producto\/canalizador-81l\/\",\"url\":\"https:\/\/lapistaciclabili.it\/producto\/canalizador-81l\/\",\"name\":\"Canalizador 81L - lapistaciclabili.it\",\"isPartOf\":{\"@id\":\"https:\/\/lapistaciclabili.it\/#website\"},\"primaryImageOfPage\":{\"@id\":\"https:\/\/lapistaciclabili.it\/producto\/canalizador-81l\/#primaryimage\"},\"image\":{\"@id\":\"https:\/\/lapistaciclabili.it\/producto\/canalizador-81l\/#primaryimage\"},\"thumbnailUrl\":\"https:\/\/lapistaciclabili.it\/wp-content\/uploads\/2024\/06\/Producto-Ciclopistas-13.webp\",\"datePublished\":\"2024-06-10T19:22:08+00:00\",\"dateModified\":\"2024-08-15T23:58:25+00:00\",\"description\":\"El Canalizador 81L es la opci\u00f3n perfecta tanto para confinar carriles de ciclov\u00eda como carriles especiales. Resistente y de f\u00e1cil colocaci\u00f3n.\",\"breadcrumb\":{\"@id\":\"https:\/\/lapistaciclabili.it\/producto\/canalizador-81l\/#breadcrumb\"},\"inLanguage\":\"es\",\"potentialAction\":[{\"@type\":\"ReadAction\",\"target\":[\"https:\/\/lapistaciclabili.it\/producto\/canalizador-81l\/\"]}]},{\"@type\":\"ImageObject\",\"inLanguage\":\"es\",\"@id\":\"https:\/\/lapistaciclabili.it\/producto\/canalizador-81l\/#primaryimage\",\"url\":\"https:\/\/lapistaciclabili.it\/wp-content\/uploads\/2024\/06\/Producto-Ciclopistas-13.webp\",\"contentUrl\":\"https:\/\/lapistaciclabili.it\/wp-content\/uploads\/2024\/06\/Producto-Ciclopistas-13.webp\",\"width\":1200,\"height\":1200,\"caption\":\"El Canalizador 81L es la opci\u00f3n perfecta tanto para confinar carriles de ciclov\u00eda como carriles especiales. Resistente y de f\u00e1cil colocaci\u00f3n.\"},{\"@type\":\"BreadcrumbList\",\"@id\":\"https:\/\/lapistaciclabili.it\/producto\/canalizador-81l\/#breadcrumb\",\"itemListElement\":[{\"@type\":\"ListItem\",\"position\":1,\"name\":\"Inicio\",\"item\":\"https:\/\/lapistaciclabili.it\/\"},{\"@type\":\"ListItem\",\"position\":2,\"name\":\"Tienda\",\"item\":\"https:\/\/lapistaciclabili.it\/tienda\/\"},{\"@type\":\"ListItem\",\"position\":3,\"name\":\"Canalizador 81L\"}]},{\"@type\":\"WebSite\",\"@id\":\"https:\/\/lapistaciclabili.it\/#website\",\"url\":\"https:\/\/lapistaciclabili.it\/\",\"name\":\"lapistaciclabili.it\",\"description\":\"\",\"publisher\":{\"@id\":\"https:\/\/lapistaciclabili.it\/#organization\"},\"potentialAction\":[{\"@type\":\"SearchAction\",\"target\":{\"@type\":\"EntryPoint\",\"urlTemplate\":\"https:\/\/lapistaciclabili.it\/?s={search_term_string}\"},\"query-input\":\"required name=search_term_string\"}],\"inLanguage\":\"es\"},{\"@type\":\"Organization\",\"@id\":\"https:\/\/lapistaciclabili.it\/#organization\",\"name\":\"lapistaciclabili.it\",\"url\":\"https:\/\/lapistaciclabili.it\/\",\"logo\":{\"@type\":\"ImageObject\",\"inLanguage\":\"es\",\"@id\":\"https:\/\/lapistaciclabili.it\/#\/schema\/logo\/image\/\",\"url\":\"https:\/\/lapistaciclabili.it\/wp-content\/uploads\/2024\/06\/lapistaciclabili.it_-1.png\",\"contentUrl\":\"https:\/\/lapistaciclabili.it\/wp-content\/uploads\/2024\/06\/lapistaciclabili.it_-1.png\",\"width\":768,\"height\":220,\"caption\":\"lapistaciclabili.it\"},\"image\":{\"@id\":\"https:\/\/lapistaciclabili.it\/#\/schema\/logo\/image\/\"},\"sameAs\":[\"https:\/\/www.facebook.com\/multisenal\/\",\"https:\/\/x.com\/multisenal\",\"https:\/\/www.instagram.com\/multisenalmx\/\",\"https:\/\/www.linkedin.com\/company\/multisenalmexico\/\",\"https:\/\/www.youtube.com\/@multisenaloficial\"]}]}<\/script>\n<!-- \/ Yoast SEO Premium plugin. -->","yoast_head_json":{"title":"Canalizador 81L - lapistaciclabili.it","description":"El Canalizador 81L es la opci\u00f3n perfecta tanto para confinar carriles de ciclov\u00eda como carriles especiales. Resistente y de f\u00e1cil colocaci\u00f3n.","robots":{"index":"index","follow":"follow","max-snippet":"max-snippet:-1","max-image-preview":"max-image-preview:large","max-video-preview":"max-video-preview:-1"},"canonical":"https:\/\/lapistaciclabili.it\/es\/producto\/canalizador-81l\/","og_locale":"es_ES","og_type":"article","og_title":"Canalizador 81L","og_description":"El Canalizador 81L es la opci\u00f3n perfecta tanto para confinar carriles de ciclov\u00eda como carriles especiales. Resistente y de f\u00e1cil colocaci\u00f3n.","og_url":"https:\/\/lapistaciclabili.it\/producto\/canalizador-81l\/","og_site_name":"lapistaciclabili.it","article_publisher":"https:\/\/www.facebook.com\/multisenal\/","article_modified_time":"2024-08-15T23:58:25+00:00","og_image":[{"width":1200,"height":1200,"url":"https:\/\/lapistaciclabili.it\/wp-content\/uploads\/2024\/06\/Producto-Ciclopistas-13.webp","type":"image\/webp"}],"twitter_card":"summary_large_image","twitter_site":"@multisenal","twitter_misc":{"Tiempo de lectura":"2 minutos"},"schema":{"@context":"https:\/\/schema.org","@graph":[{"@type":"WebPage","@id":"https:\/\/lapistaciclabili.it\/producto\/canalizador-81l\/","url":"https:\/\/lapistaciclabili.it\/producto\/canalizador-81l\/","name":"Canalizador 81L - lapistaciclabili.it","isPartOf":{"@id":"https:\/\/lapistaciclabili.it\/#website"},"primaryImageOfPage":{"@id":"https:\/\/lapistaciclabili.it\/producto\/canalizador-81l\/#primaryimage"},"image":{"@id":"https:\/\/lapistaciclabili.it\/producto\/canalizador-81l\/#primaryimage"},"thumbnailUrl":"https:\/\/lapistaciclabili.it\/wp-content\/uploads\/2024\/06\/Producto-Ciclopistas-13.webp","datePublished":"2024-06-10T19:22:08+00:00","dateModified":"2024-08-15T23:58:25+00:00","description":"El Canalizador 81L es la opci\u00f3n perfecta tanto para confinar carriles de ciclov\u00eda como carriles especiales. Resistente y de f\u00e1cil colocaci\u00f3n.","breadcrumb":{"@id":"https:\/\/lapistaciclabili.it\/producto\/canalizador-81l\/#breadcrumb"},"inLanguage":"es","potentialAction":[{"@type":"ReadAction","target":["https:\/\/lapistaciclabili.it\/producto\/canalizador-81l\/"]}]},{"@type":"ImageObject","inLanguage":"es","@id":"https:\/\/lapistaciclabili.it\/producto\/canalizador-81l\/#primaryimage","url":"https:\/\/lapistaciclabili.it\/wp-content\/uploads\/2024\/06\/Producto-Ciclopistas-13.webp","contentUrl":"https:\/\/lapistaciclabili.it\/wp-content\/uploads\/2024\/06\/Producto-Ciclopistas-13.webp","width":1200,"height":1200,"caption":"El Canalizador 81L es la opci\u00f3n perfecta tanto para confinar carriles de ciclov\u00eda como carriles especiales. Resistente y de f\u00e1cil colocaci\u00f3n."},{"@type":"BreadcrumbList","@id":"https:\/\/lapistaciclabili.it\/producto\/canalizador-81l\/#breadcrumb","itemListElement":[{"@type":"ListItem","position":1,"name":"Inicio","item":"https:\/\/lapistaciclabili.it\/"},{"@type":"ListItem","position":2,"name":"Tienda","item":"https:\/\/lapistaciclabili.it\/tienda\/"},{"@type":"ListItem","position":3,"name":"Canalizador 81L"}]},{"@type":"WebSite","@id":"https:\/\/lapistaciclabili.it\/#website","url":"https:\/\/lapistaciclabili.it\/","name":"lapistaciclabili.it","description":"","publisher":{"@id":"https:\/\/lapistaciclabili.it\/#organization"},"potentialAction":[{"@type":"SearchAction","target":{"@type":"EntryPoint","urlTemplate":"https:\/\/lapistaciclabili.it\/?s={search_term_string}"},"query-input":"required name=search_term_string"}],"inLanguage":"es"},{"@type":"Organization","@id":"https:\/\/lapistaciclabili.it\/#organization","name":"lapistaciclabili.it","url":"https:\/\/lapistaciclabili.it\/","logo":{"@type":"ImageObject","inLanguage":"es","@id":"https:\/\/lapistaciclabili.it\/#\/schema\/logo\/image\/","url":"https:\/\/lapistaciclabili.it\/wp-content\/uploads\/2024\/06\/lapistaciclabili.it_-1.png","contentUrl":"https:\/\/lapistaciclabili.it\/wp-content\/uploads\/2024\/06\/lapistaciclabili.it_-1.png","width":768,"height":220,"caption":"lapistaciclabili.it"},"image":{"@id":"https:\/\/lapistaciclabili.it\/#\/schema\/logo\/image\/"},"sameAs":["https:\/\/www.facebook.com\/multisenal\/","https:\/\/x.com\/multisenal","https:\/\/www.instagram.com\/multisenalmx\/","https:\/\/www.linkedin.com\/company\/multisenalmexico\/","https:\/\/www.youtube.com\/@multisenaloficial"]}]}},"_links":{"self":[{"href":"https:\/\/lapistaciclabili.it\/es\/wp-json\/wp\/v2\/product\/3778","targetHints":{"allow":["GET"]}}],"collection":[{"href":"https:\/\/lapistaciclabili.it\/es\/wp-json\/wp\/v2\/product"}],"about":[{"href":"https:\/\/lapistaciclabili.it\/es\/wp-json\/wp\/v2\/types\/product"}],"replies":[{"embeddable":true,"href":"https:\/\/lapistaciclabili.it\/es\/wp-json\/wp\/v2\/comments?post=3778"}],"wp:featuredmedia":[{"embeddable":true,"href":"https:\/\/lapistaciclabili.it\/es\/wp-json\/wp\/v2\/media\/3810"}],"wp:attachment":[{"href":"https:\/\/lapistaciclabili.it\/es\/wp-json\/wp\/v2\/media?parent=3778"}],"wp:term":[{"taxonomy":"product_cat","embeddable":true,"href":"https:\/\/lapistaciclabili.it\/es\/wp-json\/wp\/v2\/product_cat?post=3778"},{"taxonomy":"product_tag","embeddable":true,"href":"https:\/\/lapistaciclabili.it\/es\/wp-json\/wp\/v2\/product_tag?post=3778"}],"curies":[{"name":"wp","href":"https:\/\/api.w.org\/{rel}","templated":true}]}}