{"id":3773,"date":"2024-06-17T21:10:44","date_gmt":"2024-06-17T21:10:44","guid":{"rendered":"https:\/\/lapistaciclabili.it\/?post_type=product&#038;p=3773"},"modified":"2024-08-20T14:12:20","modified_gmt":"2024-08-20T14:12:20","slug":"paleta-unix-poste-de-acero","status":"publish","type":"product","link":"https:\/\/lapistaciclabili.it\/es\/producto\/paleta-unix-poste-de-acero\/","title":{"rendered":"Paleta Unix Poste de Acero"},"content":{"rendered":"<p>Evita accidentes y confusiones con la Paleta Unix Poste de acero, una herramienta esencial para la seguridad vial, perfecta para delimitar zonas como ciclov\u00edas, prevenir accidentes y guiar a peatones y automovilistas.<\/p>\n<p style=\"font-weight: 400;\">Fabricada en polietileno de alta resistencia,\u00a0esta paleta soporta impactos y condiciones clim\u00e1ticas extremas,\u00a0garantizando una larga vida \u00fatil en cualquier entorno.<\/p>\n<p style=\"font-weight: 400;\"><strong>Caracter\u00edsticas destacadas:<\/strong><\/p>\n<p style=\"font-weight: 400;\">Visibilidad superior: Su dise\u00f1o llamativo y sus dimensiones generosas atraen la atenci\u00f3n de los conductores y ciclistas, previniendo choques y confusiones.<\/p>\n<p style=\"font-weight: 400;\">Comunicaci\u00f3n efectiva:\u00a0La se\u00f1alizaci\u00f3n clara y concisa de la Paleta Unix Poste de acero permite una r\u00e1pida interpretaci\u00f3n del peligro o advertencia,\u00a0minimizando riesgos.<\/p>\n<p style=\"font-weight: 400;\">Resistencia excepcional:\u00a0Fabricada en polietileno de alta densidad,\u00a0la paleta Unix soporta m\u00faltiples impactos, manteniendo su integridad incluso en condiciones de uso intensivo.<\/p>\n<p style=\"font-weight: 400;\">Versatilidad inigualable:\u00a0ofrece tres opciones de soporte para adaptarse a sus necesidades:<\/p>\n<ol>\n<li style=\"font-weight: 400;\">Base de ABS abatible:\u00a0Ideal para un uso temporal o flexible.<\/li>\n<li style=\"font-weight: 400;\">Base con lastre de arena:\u00a0Port\u00e1til y f\u00e1cil de transportar.<\/li>\n<li style=\"font-weight: 400;\">Poste de PTR de 2&#8243; ahogado:\u00a0Soluci\u00f3n permanente para una fijaci\u00f3n segura.<\/li>\n<\/ol>\n<p style=\"font-weight: 400;\">Personalizaci\u00f3n a su medida:\u00a0Los r\u00f3tulos de la Paleta Unix Poste de acero se pueden personalizar con mensajes,\u00a0s\u00edmbolos o im\u00e1genes espec\u00edficos para reforzar su mensaje y adaptarse a cualquier situaci\u00f3n.<\/p>\n<p style=\"font-weight: 400;\">Protecci\u00f3n contra los elementos:\u00a0est\u00e1 dise\u00f1ada para resistir los rayos UV,\u00a0la humedad y los cambios extremos de temperatura,\u00a0garantizando su funcionalidad en cualquier entorno.<\/p>\n<p style=\"font-weight: 400;\"><strong>Opciones adicionales para mayor seguridad:<\/strong><\/p>\n<p style=\"font-weight: 400;\">R\u00f3tulos personalizados en una o dos caras:\u00a0Refuerce su mensaje con informaci\u00f3n adicional o instrucciones espec\u00edficas.<\/p>\n<p style=\"font-weight: 400;\">Cuerpo completo con iluminaci\u00f3n LED:\u00a0Mejore la visibilidad de la paleta en condiciones de poca luz o durante la noche.<\/p>\n<p style=\"font-weight: 400;\">R\u00f3tulo circular con iluminaci\u00f3n LED:\u00a0Atraiga a\u00fan m\u00e1s la atenci\u00f3n con un halo de luz que rodea el mensaje.<\/p>\n<p>Revisa el <a href=\"https:\/\/lapistaciclabili.it\/productos-ciclovias\/\">cat\u00e1logo completo<\/a> con los productos viales que tenemos para ti. Crea mejores <a href=\"https:\/\/multisenal.com\/blog\/las-ciudades-mas-bike-friendly-del-mundo\/\">caminos ciclistas.<\/a><\/p>\n","protected":false},"excerpt":{"rendered":"<p><strong>Nombre del producto: Paleta Unix Poste de Acero<\/strong><\/p>\n<p><strong>C\u00f3digo: PIX-120<\/strong><\/p>\n<table>\n<tbody>\n<tr>\n<td style=\"text-align: center;\"><strong>ESPA\u00d1OL<\/strong><\/td>\n<td style=\"text-align: center;\"><strong>INGL\u00c9S<\/strong><\/td>\n<td style=\"text-align: center;\"><strong>MODELO 3D<\/strong><\/td>\n<\/tr>\n<tr>\n<td><a href=\"https:\/\/multisenal.com.mx\/FichasTecnicas\/Paleta-Unix-PIX-120-ES.pdf\"><img decoding=\"async\" class=\"wp-image-5524 aligncenter\" src=\"https:\/\/lapistaciclabili.it\/wp-content\/uploads\/2024\/06\/img-pdf-ciclopistas.webp\" alt=\"\" width=\"49\" height=\"49\" \/><\/a><\/td>\n<td><a href=\"https:\/\/multisenal.com.mx\/FichasTecnicas\/Paleta-Unix-PIX-120-EN.pdf\"><img decoding=\"async\" class=\"wp-image-5524 aligncenter\" src=\"https:\/\/lapistaciclabili.it\/wp-content\/uploads\/2024\/06\/img-pdf-ciclopistas.webp\" alt=\"\" width=\"49\" height=\"49\" \/><\/a><\/td>\n<td><a href=\"https:\/\/lapistaciclabili.it\/renders\/paleta-unix-poste-acero-modelo-360\/\"><img decoding=\"async\" class=\"wp-image-5524 aligncenter\" src=\"https:\/\/lapistaciclabili.it\/wp-content\/uploads\/2024\/06\/img-modelo3D.webp\" alt=\"\" width=\"49\" height=\"49\" \/><\/a><\/td>\n<\/tr>\n<\/tbody>\n<\/table>\n","protected":false},"featured_media":3809,"comment_status":"open","ping_status":"closed","template":"","meta":[],"product_cat":[24,39],"product_tag":[],"class_list":{"0":"post-3773","1":"product","2":"type-product","3":"status-publish","4":"has-post-thumbnail","6":"product_cat-senalamiento-ciclovia","7":"product_cat-paletas-viales","9":"first","10":"instock","11":"shipping-taxable","12":"product-type-simple"},"yoast_head":"<!-- This site is optimized with the Yoast SEO Premium plugin v22.3 (Yoast SEO v23.0) - https:\/\/yoast.com\/wordpress\/plugins\/seo\/ -->\n<title>Paleta Unix Poste de Acero - lapistaciclabili.it<\/title>\n<meta name=\"description\" content=\"La Paleta Unix Poste de acero se puede personalizar con el mensaje deseado para colocarse en zonas que se desee delimitar.\" \/>\n<meta name=\"robots\" content=\"index, follow, max-snippet:-1, max-image-preview:large, max-video-preview:-1\" \/>\n<link rel=\"canonical\" href=\"https:\/\/lapistaciclabili.it\/es\/producto\/paleta-unix-poste-de-acero\/\" \/>\n<meta property=\"og:locale\" content=\"es_ES\" \/>\n<meta property=\"og:type\" content=\"article\" \/>\n<meta property=\"og:title\" content=\"Paleta Unix Poste de Acero\" \/>\n<meta property=\"og:description\" content=\"La Paleta Unix Poste de acero se puede personalizar con el mensaje deseado para colocarse en zonas que se desee delimitar.\" \/>\n<meta property=\"og:url\" content=\"https:\/\/lapistaciclabili.it\/producto\/paleta-unix-poste-de-acero\/\" \/>\n<meta property=\"og:site_name\" content=\"lapistaciclabili.it\" \/>\n<meta property=\"article:publisher\" content=\"https:\/\/www.facebook.com\/multisenal\/\" \/>\n<meta property=\"article:modified_time\" content=\"2024-08-20T14:12:20+00:00\" \/>\n<meta property=\"og:image\" content=\"https:\/\/lapistaciclabili.it\/wp-content\/uploads\/2024\/06\/Producto-Ciclopistas-41.webp\" \/>\n\t<meta property=\"og:image:width\" content=\"1200\" \/>\n\t<meta property=\"og:image:height\" content=\"1200\" \/>\n\t<meta property=\"og:image:type\" content=\"image\/webp\" \/>\n<meta name=\"twitter:card\" content=\"summary_large_image\" \/>\n<meta name=\"twitter:site\" content=\"@multisenal\" \/>\n<meta name=\"twitter:label1\" content=\"Tiempo de lectura\" \/>\n\t<meta name=\"twitter:data1\" content=\"2 minutos\" \/>\n<script type=\"application\/ld+json\" class=\"yoast-schema-graph\">{\"@context\":\"https:\/\/schema.org\",\"@graph\":[{\"@type\":\"WebPage\",\"@id\":\"https:\/\/lapistaciclabili.it\/producto\/paleta-unix-poste-de-acero\/\",\"url\":\"https:\/\/lapistaciclabili.it\/producto\/paleta-unix-poste-de-acero\/\",\"name\":\"Paleta Unix Poste de Acero - lapistaciclabili.it\",\"isPartOf\":{\"@id\":\"https:\/\/lapistaciclabili.it\/#website\"},\"primaryImageOfPage\":{\"@id\":\"https:\/\/lapistaciclabili.it\/producto\/paleta-unix-poste-de-acero\/#primaryimage\"},\"image\":{\"@id\":\"https:\/\/lapistaciclabili.it\/producto\/paleta-unix-poste-de-acero\/#primaryimage\"},\"thumbnailUrl\":\"https:\/\/lapistaciclabili.it\/wp-content\/uploads\/2024\/06\/Producto-Ciclopistas-41.webp\",\"datePublished\":\"2024-06-17T21:10:44+00:00\",\"dateModified\":\"2024-08-20T14:12:20+00:00\",\"description\":\"La Paleta Unix Poste de acero se puede personalizar con el mensaje deseado para colocarse en zonas que se desee delimitar.\",\"breadcrumb\":{\"@id\":\"https:\/\/lapistaciclabili.it\/producto\/paleta-unix-poste-de-acero\/#breadcrumb\"},\"inLanguage\":\"es\",\"potentialAction\":[{\"@type\":\"ReadAction\",\"target\":[\"https:\/\/lapistaciclabili.it\/producto\/paleta-unix-poste-de-acero\/\"]}]},{\"@type\":\"ImageObject\",\"inLanguage\":\"es\",\"@id\":\"https:\/\/lapistaciclabili.it\/producto\/paleta-unix-poste-de-acero\/#primaryimage\",\"url\":\"https:\/\/lapistaciclabili.it\/wp-content\/uploads\/2024\/06\/Producto-Ciclopistas-41.webp\",\"contentUrl\":\"https:\/\/lapistaciclabili.it\/wp-content\/uploads\/2024\/06\/Producto-Ciclopistas-41.webp\",\"width\":1200,\"height\":1200,\"caption\":\"La Paleta Unix Poste de acero se puede personalizar con el mensaje deseado para colocarse en zonas que se desee delimitar.\"},{\"@type\":\"BreadcrumbList\",\"@id\":\"https:\/\/lapistaciclabili.it\/producto\/paleta-unix-poste-de-acero\/#breadcrumb\",\"itemListElement\":[{\"@type\":\"ListItem\",\"position\":1,\"name\":\"Inicio\",\"item\":\"https:\/\/lapistaciclabili.it\/\"},{\"@type\":\"ListItem\",\"position\":2,\"name\":\"Tienda\",\"item\":\"https:\/\/lapistaciclabili.it\/tienda\/\"},{\"@type\":\"ListItem\",\"position\":3,\"name\":\"Paleta Unix Poste de Acero\"}]},{\"@type\":\"WebSite\",\"@id\":\"https:\/\/lapistaciclabili.it\/#website\",\"url\":\"https:\/\/lapistaciclabili.it\/\",\"name\":\"lapistaciclabili.it\",\"description\":\"\",\"publisher\":{\"@id\":\"https:\/\/lapistaciclabili.it\/#organization\"},\"potentialAction\":[{\"@type\":\"SearchAction\",\"target\":{\"@type\":\"EntryPoint\",\"urlTemplate\":\"https:\/\/lapistaciclabili.it\/?s={search_term_string}\"},\"query-input\":\"required name=search_term_string\"}],\"inLanguage\":\"es\"},{\"@type\":\"Organization\",\"@id\":\"https:\/\/lapistaciclabili.it\/#organization\",\"name\":\"lapistaciclabili.it\",\"url\":\"https:\/\/lapistaciclabili.it\/\",\"logo\":{\"@type\":\"ImageObject\",\"inLanguage\":\"es\",\"@id\":\"https:\/\/lapistaciclabili.it\/#\/schema\/logo\/image\/\",\"url\":\"https:\/\/lapistaciclabili.it\/wp-content\/uploads\/2024\/06\/lapistaciclabili.it_-1.png\",\"contentUrl\":\"https:\/\/lapistaciclabili.it\/wp-content\/uploads\/2024\/06\/lapistaciclabili.it_-1.png\",\"width\":768,\"height\":220,\"caption\":\"lapistaciclabili.it\"},\"image\":{\"@id\":\"https:\/\/lapistaciclabili.it\/#\/schema\/logo\/image\/\"},\"sameAs\":[\"https:\/\/www.facebook.com\/multisenal\/\",\"https:\/\/x.com\/multisenal\",\"https:\/\/www.instagram.com\/multisenalmx\/\",\"https:\/\/www.linkedin.com\/company\/multisenalmexico\/\",\"https:\/\/www.youtube.com\/@multisenaloficial\"]}]}<\/script>\n<!-- \/ Yoast SEO Premium plugin. -->","yoast_head_json":{"title":"Paleta Unix Poste de Acero - lapistaciclabili.it","description":"La Paleta Unix Poste de acero se puede personalizar con el mensaje deseado para colocarse en zonas que se desee delimitar.","robots":{"index":"index","follow":"follow","max-snippet":"max-snippet:-1","max-image-preview":"max-image-preview:large","max-video-preview":"max-video-preview:-1"},"canonical":"https:\/\/lapistaciclabili.it\/es\/producto\/paleta-unix-poste-de-acero\/","og_locale":"es_ES","og_type":"article","og_title":"Paleta Unix Poste de Acero","og_description":"La Paleta Unix Poste de acero se puede personalizar con el mensaje deseado para colocarse en zonas que se desee delimitar.","og_url":"https:\/\/lapistaciclabili.it\/producto\/paleta-unix-poste-de-acero\/","og_site_name":"lapistaciclabili.it","article_publisher":"https:\/\/www.facebook.com\/multisenal\/","article_modified_time":"2024-08-20T14:12:20+00:00","og_image":[{"width":1200,"height":1200,"url":"https:\/\/lapistaciclabili.it\/wp-content\/uploads\/2024\/06\/Producto-Ciclopistas-41.webp","type":"image\/webp"}],"twitter_card":"summary_large_image","twitter_site":"@multisenal","twitter_misc":{"Tiempo de lectura":"2 minutos"},"schema":{"@context":"https:\/\/schema.org","@graph":[{"@type":"WebPage","@id":"https:\/\/lapistaciclabili.it\/producto\/paleta-unix-poste-de-acero\/","url":"https:\/\/lapistaciclabili.it\/producto\/paleta-unix-poste-de-acero\/","name":"Paleta Unix Poste de Acero - lapistaciclabili.it","isPartOf":{"@id":"https:\/\/lapistaciclabili.it\/#website"},"primaryImageOfPage":{"@id":"https:\/\/lapistaciclabili.it\/producto\/paleta-unix-poste-de-acero\/#primaryimage"},"image":{"@id":"https:\/\/lapistaciclabili.it\/producto\/paleta-unix-poste-de-acero\/#primaryimage"},"thumbnailUrl":"https:\/\/lapistaciclabili.it\/wp-content\/uploads\/2024\/06\/Producto-Ciclopistas-41.webp","datePublished":"2024-06-17T21:10:44+00:00","dateModified":"2024-08-20T14:12:20+00:00","description":"La Paleta Unix Poste de acero se puede personalizar con el mensaje deseado para colocarse en zonas que se desee delimitar.","breadcrumb":{"@id":"https:\/\/lapistaciclabili.it\/producto\/paleta-unix-poste-de-acero\/#breadcrumb"},"inLanguage":"es","potentialAction":[{"@type":"ReadAction","target":["https:\/\/lapistaciclabili.it\/producto\/paleta-unix-poste-de-acero\/"]}]},{"@type":"ImageObject","inLanguage":"es","@id":"https:\/\/lapistaciclabili.it\/producto\/paleta-unix-poste-de-acero\/#primaryimage","url":"https:\/\/lapistaciclabili.it\/wp-content\/uploads\/2024\/06\/Producto-Ciclopistas-41.webp","contentUrl":"https:\/\/lapistaciclabili.it\/wp-content\/uploads\/2024\/06\/Producto-Ciclopistas-41.webp","width":1200,"height":1200,"caption":"La Paleta Unix Poste de acero se puede personalizar con el mensaje deseado para colocarse en zonas que se desee delimitar."},{"@type":"BreadcrumbList","@id":"https:\/\/lapistaciclabili.it\/producto\/paleta-unix-poste-de-acero\/#breadcrumb","itemListElement":[{"@type":"ListItem","position":1,"name":"Inicio","item":"https:\/\/lapistaciclabili.it\/"},{"@type":"ListItem","position":2,"name":"Tienda","item":"https:\/\/lapistaciclabili.it\/tienda\/"},{"@type":"ListItem","position":3,"name":"Paleta Unix Poste de Acero"}]},{"@type":"WebSite","@id":"https:\/\/lapistaciclabili.it\/#website","url":"https:\/\/lapistaciclabili.it\/","name":"lapistaciclabili.it","description":"","publisher":{"@id":"https:\/\/lapistaciclabili.it\/#organization"},"potentialAction":[{"@type":"SearchAction","target":{"@type":"EntryPoint","urlTemplate":"https:\/\/lapistaciclabili.it\/?s={search_term_string}"},"query-input":"required name=search_term_string"}],"inLanguage":"es"},{"@type":"Organization","@id":"https:\/\/lapistaciclabili.it\/#organization","name":"lapistaciclabili.it","url":"https:\/\/lapistaciclabili.it\/","logo":{"@type":"ImageObject","inLanguage":"es","@id":"https:\/\/lapistaciclabili.it\/#\/schema\/logo\/image\/","url":"https:\/\/lapistaciclabili.it\/wp-content\/uploads\/2024\/06\/lapistaciclabili.it_-1.png","contentUrl":"https:\/\/lapistaciclabili.it\/wp-content\/uploads\/2024\/06\/lapistaciclabili.it_-1.png","width":768,"height":220,"caption":"lapistaciclabili.it"},"image":{"@id":"https:\/\/lapistaciclabili.it\/#\/schema\/logo\/image\/"},"sameAs":["https:\/\/www.facebook.com\/multisenal\/","https:\/\/x.com\/multisenal","https:\/\/www.instagram.com\/multisenalmx\/","https:\/\/www.linkedin.com\/company\/multisenalmexico\/","https:\/\/www.youtube.com\/@multisenaloficial"]}]}},"_links":{"self":[{"href":"https:\/\/lapistaciclabili.it\/es\/wp-json\/wp\/v2\/product\/3773","targetHints":{"allow":["GET"]}}],"collection":[{"href":"https:\/\/lapistaciclabili.it\/es\/wp-json\/wp\/v2\/product"}],"about":[{"href":"https:\/\/lapistaciclabili.it\/es\/wp-json\/wp\/v2\/types\/product"}],"replies":[{"embeddable":true,"href":"https:\/\/lapistaciclabili.it\/es\/wp-json\/wp\/v2\/comments?post=3773"}],"wp:featuredmedia":[{"embeddable":true,"href":"https:\/\/lapistaciclabili.it\/es\/wp-json\/wp\/v2\/media\/3809"}],"wp:attachment":[{"href":"https:\/\/lapistaciclabili.it\/es\/wp-json\/wp\/v2\/media?parent=3773"}],"wp:term":[{"taxonomy":"product_cat","embeddable":true,"href":"https:\/\/lapistaciclabili.it\/es\/wp-json\/wp\/v2\/product_cat?post=3773"},{"taxonomy":"product_tag","embeddable":true,"href":"https:\/\/lapistaciclabili.it\/es\/wp-json\/wp\/v2\/product_tag?post=3773"}],"curies":[{"name":"wp","href":"https:\/\/api.w.org\/{rel}","templated":true}]}}