{"id":3772,"date":"2024-06-17T21:05:44","date_gmt":"2024-06-17T21:05:44","guid":{"rendered":"https:\/\/lapistaciclabili.it\/?post_type=product&#038;p=3772"},"modified":"2024-08-08T14:23:34","modified_gmt":"2024-08-08T14:23:34","slug":"paleta-unix-base-tortuga","status":"publish","type":"product","link":"https:\/\/lapistaciclabili.it\/es\/producto\/paleta-unix-base-tortuga\/","title":{"rendered":"Paleta Unix Base Tortuga"},"content":{"rendered":"<p style=\"font-weight: 400;\">Evite accidentes y confusiones en las calles con la implementaci\u00f3n de la Paleta Unix Base Tortuga, una herramienta esencial para la seguridad vial. Delimita zonas como <a href=\"https:\/\/multisenal.com.mx\/blog\/que-hacer-si-un-auto-o-moto-invadiendo-ciclovia\/\">ciclov\u00edas<\/a>, previene accidentes y guia a peatones y automovilistas.<\/p>\n<p style=\"font-weight: 400;\">Fabricada en polietileno de alta resistencia y equipada con una base pesada con lastre,\u00a0la Paleta Unix Base Tortuga ofrece una combinaci\u00f3n \u00fanica de estabilidad,\u00a0portabilidad y efectividad.<\/p>\n<p style=\"font-weight: 400;\"><strong>Caracter\u00edsticas destacadas:<\/strong><\/p>\n<ul>\n<li style=\"font-weight: 400;\">Visibilidad superior: Su dise\u00f1o llamativo y sus dimensiones generosas atraen la atenci\u00f3n de los conductores, previniendo choques y confusiones\u00a0minimizando riesgos.<\/li>\n<li style=\"font-weight: 400;\">Resistencia excepcional:\u00a0Fabricada en polietileno de alta densidad,\u00a0la paleta Unix soporta m\u00faltiples impactos, manteniendo su integridad incluso en condiciones de uso intensivo.<\/li>\n<li style=\"font-weight: 400;\">Base robusta y port\u00e1til: La base pesada con lastre garantiza la estabilidad de la paleta, incluso en terrenos irregulares o con viento.<\/li>\n<li style=\"font-weight: 400;\">Versatilidad inigualable:\u00a0La Paleta Unix Base Tortuga ofrece tres opciones de soporte para adaptarse a sus necesidades:<\/li>\n<\/ul>\n<ol>\n<li>Base de ABS abatible:\u00a0Ideal para un uso temporal o flexible.<\/li>\n<li>Base con lastre de arena:\u00a0Port\u00e1til y f\u00e1cil de transportar.<\/li>\n<li>Poste de PTR de 2&#8243; ahogado: Soluci\u00f3n permanente para una fijaci\u00f3n segura.<\/li>\n<\/ol>\n<ul>\n<li>Personalizaci\u00f3n a su medida: Los r\u00f3tulos de la paleta se pueden personalizar con mensajes, s\u00edmbolos o im\u00e1genes espec\u00edficos y adaptarse a cualquier situaci\u00f3n.<\/li>\n<li>Protecci\u00f3n contra los elementos: La paleta Unix est\u00e1 dise\u00f1ada para resistir los rayos UV, la humedad y los cambios extremos de temperatura..<\/li>\n<\/ul>\n<p style=\"font-weight: 400;\"><strong>Opciones adicionales para mayor seguridad:<\/strong><\/p>\n<ul>\n<li style=\"font-weight: 400;\">R\u00f3tulos personalizados en una o dos caras:\u00a0Refuerce su mensaje con informaci\u00f3n adicional o instrucciones espec\u00edficas.<\/li>\n<li style=\"font-weight: 400;\">Cuerpo completo con iluminaci\u00f3n LED: Mejore la visibilidad de la paleta de d\u00eda o de noche.<\/li>\n<li style=\"font-weight: 400;\">R\u00f3tulo circular con iluminaci\u00f3n LED: Atraiga la atenci\u00f3n con un halo de luz que rodea el mensaje.<\/li>\n<li style=\"font-weight: 400;\">Disponible en color negro con protecci\u00f3n UV, resistencia a la humedad y a cambios extremos de temperatura.<\/li>\n<\/ul>\n<p>M\u00e1s productos <a href=\"https:\/\/lapistaciclabili.it\/productos-ciclovias\/\">aqu\u00ed<\/a>.<\/p>\n<p>&nbsp;<\/p>\n<p><img fetchpriority=\"high\" decoding=\"async\" class=\"aligncenter wp-image-4367 size-full\" src=\"https:\/\/multisenal.com.mx\/wp-content\/uploads\/2021\/08\/MONTALE-paleta-unix-bt.jpg\" alt=\"\" width=\"2362\" height=\"1329\" \/><\/p>\n<h4><\/h4>\n","protected":false},"excerpt":{"rendered":"<p><strong>Nombre del producto: Paleta Unix Base Tortuga<\/strong><\/p>\n<p><strong>C\u00f3digo: PIX-120<\/strong><\/p>\n<table>\n<tbody>\n<tr>\n<td style=\"text-align: center;\"><strong>ESPA\u00d1OL<\/strong><\/td>\n<td style=\"text-align: center;\"><strong>INGL\u00c9S<\/strong><\/td>\n<\/tr>\n<tr>\n<td><a href=\"https:\/\/multisenal.com.mx\/FichasTecnicas\/Paleta-Unix-PIX-120-ES.pdf\"><img decoding=\"async\" class=\"wp-image-5524 aligncenter\" src=\"https:\/\/lapistaciclabili.it\/wp-content\/uploads\/2024\/06\/img-pdf-ciclopistas.webp\" alt=\"\" width=\"49\" height=\"49\" \/><\/a><\/td>\n<td><a href=\"https:\/\/multisenal.com.mx\/FichasTecnicas\/Paleta-Unix-PIX-120-EN.pdf\"><img decoding=\"async\" class=\"wp-image-5524 aligncenter\" src=\"https:\/\/lapistaciclabili.it\/wp-content\/uploads\/2024\/06\/img-pdf-ciclopistas.webp\" alt=\"\" width=\"49\" height=\"49\" \/><\/a><\/td>\n<\/tr>\n<\/tbody>\n<\/table>\n","protected":false},"featured_media":3808,"comment_status":"open","ping_status":"closed","template":"","meta":[],"product_cat":[24,39],"product_tag":[],"class_list":{"0":"post-3772","1":"product","2":"type-product","3":"status-publish","4":"has-post-thumbnail","6":"product_cat-senalamiento-ciclovia","7":"product_cat-paletas-viales","9":"first","10":"instock","11":"shipping-taxable","12":"product-type-simple"},"yoast_head":"<!-- This site is optimized with the Yoast SEO Premium plugin v22.3 (Yoast SEO v23.0) - https:\/\/yoast.com\/wordpress\/plugins\/seo\/ -->\n<title>Paleta Unix Base Tortuga - lapistaciclabili.it<\/title>\n<meta name=\"description\" content=\"La Paleta Unix Base Tortuga cuenta con una enorme resistencia y visibilidad gracias a sus propiedades flexibles y luminosas. Ideal al se\u00f1alizar ciclov\u00edas\" \/>\n<meta name=\"robots\" content=\"index, follow, max-snippet:-1, max-image-preview:large, max-video-preview:-1\" \/>\n<link rel=\"canonical\" href=\"https:\/\/lapistaciclabili.it\/es\/producto\/paleta-unix-base-tortuga\/\" \/>\n<meta property=\"og:locale\" content=\"es_ES\" \/>\n<meta property=\"og:type\" content=\"article\" \/>\n<meta property=\"og:title\" content=\"Paleta Unix Base Tortuga\" \/>\n<meta property=\"og:description\" content=\"La Paleta Unix Base Tortuga cuenta con una enorme resistencia y visibilidad gracias a sus propiedades flexibles y luminosas. Ideal al se\u00f1alizar ciclov\u00edas\" \/>\n<meta property=\"og:url\" content=\"https:\/\/lapistaciclabili.it\/producto\/paleta-unix-base-tortuga\/\" \/>\n<meta property=\"og:site_name\" content=\"lapistaciclabili.it\" \/>\n<meta property=\"article:publisher\" content=\"https:\/\/www.facebook.com\/multisenal\/\" \/>\n<meta property=\"article:modified_time\" content=\"2024-08-08T14:23:34+00:00\" \/>\n<meta property=\"og:image\" content=\"https:\/\/lapistaciclabili.it\/wp-content\/uploads\/2024\/06\/Producto-Ciclopistas-39.webp\" \/>\n\t<meta property=\"og:image:width\" content=\"1200\" \/>\n\t<meta property=\"og:image:height\" content=\"1200\" \/>\n\t<meta property=\"og:image:type\" content=\"image\/webp\" \/>\n<meta name=\"twitter:card\" content=\"summary_large_image\" \/>\n<meta name=\"twitter:site\" content=\"@multisenal\" \/>\n<meta name=\"twitter:label1\" content=\"Tiempo de lectura\" \/>\n\t<meta name=\"twitter:data1\" content=\"2 minutos\" \/>\n<script type=\"application\/ld+json\" class=\"yoast-schema-graph\">{\"@context\":\"https:\/\/schema.org\",\"@graph\":[{\"@type\":\"WebPage\",\"@id\":\"https:\/\/lapistaciclabili.it\/producto\/paleta-unix-base-tortuga\/\",\"url\":\"https:\/\/lapistaciclabili.it\/producto\/paleta-unix-base-tortuga\/\",\"name\":\"Paleta Unix Base Tortuga - lapistaciclabili.it\",\"isPartOf\":{\"@id\":\"https:\/\/lapistaciclabili.it\/#website\"},\"primaryImageOfPage\":{\"@id\":\"https:\/\/lapistaciclabili.it\/producto\/paleta-unix-base-tortuga\/#primaryimage\"},\"image\":{\"@id\":\"https:\/\/lapistaciclabili.it\/producto\/paleta-unix-base-tortuga\/#primaryimage\"},\"thumbnailUrl\":\"https:\/\/lapistaciclabili.it\/wp-content\/uploads\/2024\/06\/Producto-Ciclopistas-39.webp\",\"datePublished\":\"2024-06-17T21:05:44+00:00\",\"dateModified\":\"2024-08-08T14:23:34+00:00\",\"description\":\"La Paleta Unix Base Tortuga cuenta con una enorme resistencia y visibilidad gracias a sus propiedades flexibles y luminosas. Ideal al se\u00f1alizar ciclov\u00edas\",\"breadcrumb\":{\"@id\":\"https:\/\/lapistaciclabili.it\/producto\/paleta-unix-base-tortuga\/#breadcrumb\"},\"inLanguage\":\"es\",\"potentialAction\":[{\"@type\":\"ReadAction\",\"target\":[\"https:\/\/lapistaciclabili.it\/producto\/paleta-unix-base-tortuga\/\"]}]},{\"@type\":\"ImageObject\",\"inLanguage\":\"es\",\"@id\":\"https:\/\/lapistaciclabili.it\/producto\/paleta-unix-base-tortuga\/#primaryimage\",\"url\":\"https:\/\/lapistaciclabili.it\/wp-content\/uploads\/2024\/06\/Producto-Ciclopistas-39.webp\",\"contentUrl\":\"https:\/\/lapistaciclabili.it\/wp-content\/uploads\/2024\/06\/Producto-Ciclopistas-39.webp\",\"width\":1200,\"height\":1200,\"caption\":\"La Paleta Unix Base Tortuga cuenta con una enorme resistencia y visibilidad gracias a sus propiedades flexibles y luminosas. Ideal al se\u00f1alizar ciclov\u00edas\"},{\"@type\":\"BreadcrumbList\",\"@id\":\"https:\/\/lapistaciclabili.it\/producto\/paleta-unix-base-tortuga\/#breadcrumb\",\"itemListElement\":[{\"@type\":\"ListItem\",\"position\":1,\"name\":\"Inicio\",\"item\":\"https:\/\/lapistaciclabili.it\/\"},{\"@type\":\"ListItem\",\"position\":2,\"name\":\"Tienda\",\"item\":\"https:\/\/lapistaciclabili.it\/tienda\/\"},{\"@type\":\"ListItem\",\"position\":3,\"name\":\"Paleta Unix Base Tortuga\"}]},{\"@type\":\"WebSite\",\"@id\":\"https:\/\/lapistaciclabili.it\/#website\",\"url\":\"https:\/\/lapistaciclabili.it\/\",\"name\":\"lapistaciclabili.it\",\"description\":\"\",\"publisher\":{\"@id\":\"https:\/\/lapistaciclabili.it\/#organization\"},\"potentialAction\":[{\"@type\":\"SearchAction\",\"target\":{\"@type\":\"EntryPoint\",\"urlTemplate\":\"https:\/\/lapistaciclabili.it\/?s={search_term_string}\"},\"query-input\":\"required name=search_term_string\"}],\"inLanguage\":\"es\"},{\"@type\":\"Organization\",\"@id\":\"https:\/\/lapistaciclabili.it\/#organization\",\"name\":\"lapistaciclabili.it\",\"url\":\"https:\/\/lapistaciclabili.it\/\",\"logo\":{\"@type\":\"ImageObject\",\"inLanguage\":\"es\",\"@id\":\"https:\/\/lapistaciclabili.it\/#\/schema\/logo\/image\/\",\"url\":\"https:\/\/lapistaciclabili.it\/wp-content\/uploads\/2024\/06\/lapistaciclabili.it_-1.png\",\"contentUrl\":\"https:\/\/lapistaciclabili.it\/wp-content\/uploads\/2024\/06\/lapistaciclabili.it_-1.png\",\"width\":768,\"height\":220,\"caption\":\"lapistaciclabili.it\"},\"image\":{\"@id\":\"https:\/\/lapistaciclabili.it\/#\/schema\/logo\/image\/\"},\"sameAs\":[\"https:\/\/www.facebook.com\/multisenal\/\",\"https:\/\/x.com\/multisenal\",\"https:\/\/www.instagram.com\/multisenalmx\/\",\"https:\/\/www.linkedin.com\/company\/multisenalmexico\/\",\"https:\/\/www.youtube.com\/@multisenaloficial\"]}]}<\/script>\n<!-- \/ Yoast SEO Premium plugin. -->","yoast_head_json":{"title":"Paleta Unix Base Tortuga - lapistaciclabili.it","description":"La Paleta Unix Base Tortuga cuenta con una enorme resistencia y visibilidad gracias a sus propiedades flexibles y luminosas. Ideal al se\u00f1alizar ciclov\u00edas","robots":{"index":"index","follow":"follow","max-snippet":"max-snippet:-1","max-image-preview":"max-image-preview:large","max-video-preview":"max-video-preview:-1"},"canonical":"https:\/\/lapistaciclabili.it\/es\/producto\/paleta-unix-base-tortuga\/","og_locale":"es_ES","og_type":"article","og_title":"Paleta Unix Base Tortuga","og_description":"La Paleta Unix Base Tortuga cuenta con una enorme resistencia y visibilidad gracias a sus propiedades flexibles y luminosas. Ideal al se\u00f1alizar ciclov\u00edas","og_url":"https:\/\/lapistaciclabili.it\/producto\/paleta-unix-base-tortuga\/","og_site_name":"lapistaciclabili.it","article_publisher":"https:\/\/www.facebook.com\/multisenal\/","article_modified_time":"2024-08-08T14:23:34+00:00","og_image":[{"width":1200,"height":1200,"url":"https:\/\/lapistaciclabili.it\/wp-content\/uploads\/2024\/06\/Producto-Ciclopistas-39.webp","type":"image\/webp"}],"twitter_card":"summary_large_image","twitter_site":"@multisenal","twitter_misc":{"Tiempo de lectura":"2 minutos"},"schema":{"@context":"https:\/\/schema.org","@graph":[{"@type":"WebPage","@id":"https:\/\/lapistaciclabili.it\/producto\/paleta-unix-base-tortuga\/","url":"https:\/\/lapistaciclabili.it\/producto\/paleta-unix-base-tortuga\/","name":"Paleta Unix Base Tortuga - lapistaciclabili.it","isPartOf":{"@id":"https:\/\/lapistaciclabili.it\/#website"},"primaryImageOfPage":{"@id":"https:\/\/lapistaciclabili.it\/producto\/paleta-unix-base-tortuga\/#primaryimage"},"image":{"@id":"https:\/\/lapistaciclabili.it\/producto\/paleta-unix-base-tortuga\/#primaryimage"},"thumbnailUrl":"https:\/\/lapistaciclabili.it\/wp-content\/uploads\/2024\/06\/Producto-Ciclopistas-39.webp","datePublished":"2024-06-17T21:05:44+00:00","dateModified":"2024-08-08T14:23:34+00:00","description":"La Paleta Unix Base Tortuga cuenta con una enorme resistencia y visibilidad gracias a sus propiedades flexibles y luminosas. Ideal al se\u00f1alizar ciclov\u00edas","breadcrumb":{"@id":"https:\/\/lapistaciclabili.it\/producto\/paleta-unix-base-tortuga\/#breadcrumb"},"inLanguage":"es","potentialAction":[{"@type":"ReadAction","target":["https:\/\/lapistaciclabili.it\/producto\/paleta-unix-base-tortuga\/"]}]},{"@type":"ImageObject","inLanguage":"es","@id":"https:\/\/lapistaciclabili.it\/producto\/paleta-unix-base-tortuga\/#primaryimage","url":"https:\/\/lapistaciclabili.it\/wp-content\/uploads\/2024\/06\/Producto-Ciclopistas-39.webp","contentUrl":"https:\/\/lapistaciclabili.it\/wp-content\/uploads\/2024\/06\/Producto-Ciclopistas-39.webp","width":1200,"height":1200,"caption":"La Paleta Unix Base Tortuga cuenta con una enorme resistencia y visibilidad gracias a sus propiedades flexibles y luminosas. Ideal al se\u00f1alizar ciclov\u00edas"},{"@type":"BreadcrumbList","@id":"https:\/\/lapistaciclabili.it\/producto\/paleta-unix-base-tortuga\/#breadcrumb","itemListElement":[{"@type":"ListItem","position":1,"name":"Inicio","item":"https:\/\/lapistaciclabili.it\/"},{"@type":"ListItem","position":2,"name":"Tienda","item":"https:\/\/lapistaciclabili.it\/tienda\/"},{"@type":"ListItem","position":3,"name":"Paleta Unix Base Tortuga"}]},{"@type":"WebSite","@id":"https:\/\/lapistaciclabili.it\/#website","url":"https:\/\/lapistaciclabili.it\/","name":"lapistaciclabili.it","description":"","publisher":{"@id":"https:\/\/lapistaciclabili.it\/#organization"},"potentialAction":[{"@type":"SearchAction","target":{"@type":"EntryPoint","urlTemplate":"https:\/\/lapistaciclabili.it\/?s={search_term_string}"},"query-input":"required name=search_term_string"}],"inLanguage":"es"},{"@type":"Organization","@id":"https:\/\/lapistaciclabili.it\/#organization","name":"lapistaciclabili.it","url":"https:\/\/lapistaciclabili.it\/","logo":{"@type":"ImageObject","inLanguage":"es","@id":"https:\/\/lapistaciclabili.it\/#\/schema\/logo\/image\/","url":"https:\/\/lapistaciclabili.it\/wp-content\/uploads\/2024\/06\/lapistaciclabili.it_-1.png","contentUrl":"https:\/\/lapistaciclabili.it\/wp-content\/uploads\/2024\/06\/lapistaciclabili.it_-1.png","width":768,"height":220,"caption":"lapistaciclabili.it"},"image":{"@id":"https:\/\/lapistaciclabili.it\/#\/schema\/logo\/image\/"},"sameAs":["https:\/\/www.facebook.com\/multisenal\/","https:\/\/x.com\/multisenal","https:\/\/www.instagram.com\/multisenalmx\/","https:\/\/www.linkedin.com\/company\/multisenalmexico\/","https:\/\/www.youtube.com\/@multisenaloficial"]}]}},"_links":{"self":[{"href":"https:\/\/lapistaciclabili.it\/es\/wp-json\/wp\/v2\/product\/3772","targetHints":{"allow":["GET"]}}],"collection":[{"href":"https:\/\/lapistaciclabili.it\/es\/wp-json\/wp\/v2\/product"}],"about":[{"href":"https:\/\/lapistaciclabili.it\/es\/wp-json\/wp\/v2\/types\/product"}],"replies":[{"embeddable":true,"href":"https:\/\/lapistaciclabili.it\/es\/wp-json\/wp\/v2\/comments?post=3772"}],"wp:featuredmedia":[{"embeddable":true,"href":"https:\/\/lapistaciclabili.it\/es\/wp-json\/wp\/v2\/media\/3808"}],"wp:attachment":[{"href":"https:\/\/lapistaciclabili.it\/es\/wp-json\/wp\/v2\/media?parent=3772"}],"wp:term":[{"taxonomy":"product_cat","embeddable":true,"href":"https:\/\/lapistaciclabili.it\/es\/wp-json\/wp\/v2\/product_cat?post=3772"},{"taxonomy":"product_tag","embeddable":true,"href":"https:\/\/lapistaciclabili.it\/es\/wp-json\/wp\/v2\/product_tag?post=3772"}],"curies":[{"name":"wp","href":"https:\/\/api.w.org\/{rel}","templated":true}]}}