{"id":3771,"date":"2024-06-17T21:00:44","date_gmt":"2024-06-17T21:00:44","guid":{"rendered":"https:\/\/lapistaciclabili.it\/?post_type=product&#038;p=3771"},"modified":"2024-08-08T14:34:00","modified_gmt":"2024-08-08T14:34:00","slug":"paleta-unix-base-abatible","status":"publish","type":"product","link":"https:\/\/lapistaciclabili.it\/es\/producto\/paleta-unix-base-abatible\/","title":{"rendered":"Paleta Unix Base Abatible"},"content":{"rendered":"<p style=\"font-weight: 400;\">Introduce seguridad y claridad con nuestra innovadora Paleta Unix Base Abatible, dise\u00f1ada para guiar y proteger a peatones y <a href=\"https:\/\/multisenal.com.mx\/blog\/que-hacer-si-un-auto-o-moto-invadiendo-ciclovia\/\">ciclistas<\/a> en todo momento.<\/p>\n<p style=\"font-weight: 400;\">Fabricada en polietileno resistente a impactos y con base de ABS abatible. Esta paleta es ideal para establecer l\u00edmites de manera efectiva y prevenir accidentes en las ciclov\u00edas.<\/p>\n<p style=\"font-weight: 400;\">Con opciones personalizadas como r\u00f3tulos en una o dos caras, iluminaci\u00f3n LED para m\u00e1xima visibilidad, y la versatilidad de 4 fotoceldas en las variantes con iluminaci\u00f3n, nuestra Paleta Unix Base Abatible no solo alerta sobre carriles o espacios exclusivos, sino que tambi\u00e9n destaca por su durabilidad y dise\u00f1o robusto.<\/p>\n<p style=\"font-weight: 400;\">Disponible en negro con protecci\u00f3n UV y resistencia a la humedad y temperaturas extremas, cada detalle de la paleta Unix est\u00e1 pensado para garantizar su eficacia y durabilidad en cualquier entorno urbano.<\/p>\n<p style=\"font-weight: 400;\">Ya sea con base abatible de ABS, base port\u00e1til con lastre de arena, o poste PTR de instalaci\u00f3n permanente, encontrar\u00e1s la opci\u00f3n ideal para tus necesidades de se\u00f1alizaci\u00f3n ciclista en cualquier lugar.<\/p>\n<p style=\"font-weight: 400;\">Conf\u00eda en esta paleta para una se\u00f1alizaci\u00f3n clara y segura que previene accidentes y asegura un tr\u00e1nsito m\u00e1s fluido. Eleva el est\u00e1ndar de seguridad en tus espacios con esta herramienta esencial para la gesti\u00f3n vial moderna.<\/p>\n<p style=\"font-weight: 400;\">La Paleta Unix Base Abatible es ideal para colocarla en ciclov\u00edas para indicar su presencia, inicio o final de la misma. Las propiedades lum\u00ednicas la hacen perfecta para guiar a los ciclistas durante la noche.<\/p>\n<p style=\"font-weight: 400;\">Las opciones con iluminaci\u00f3n led cuentan con una mica de acr\u00edlico y cofia superior. El dispositivo puede contener m\u00faltiples mensajes, lo que la hace extremadamente vers\u00e1til para comunicar instrucciones o anuncios en los lugares correctos.<\/p>\n<p>Revisa el <a href=\"https:\/\/lapistaciclabili.it\/productos-ciclovias\/\">cat\u00e1logo completo<\/a> de nuestros productos viales, ideales para se\u00f1alizar ciclopistas. Brinda una mayor seguridad a los ciclistas con estos dispositivos viales. Innovaci\u00f3n y elegancia en un mismo lugar.<\/p>\n<p>&nbsp;<\/p>\n<p><img fetchpriority=\"high\" decoding=\"async\" class=\"aligncenter wp-image-4363 \" src=\"https:\/\/multisenal.com.mx\/wp-content\/uploads\/2021\/08\/montaje-paleta-unix-a.jpg\" alt=\"\" width=\"497\" height=\"497\" \/><\/p>\n","protected":false},"excerpt":{"rendered":"<p><strong>Nombre del producto: Paleta Unix Base Abatible<\/strong><\/p>\n<p><strong>C\u00f3digo: PIX-120<\/strong><\/p>\n<table>\n<tbody>\n<tr>\n<td style=\"text-align: center;\"><strong>ESPA\u00d1OL<\/strong><\/td>\n<td style=\"text-align: center;\"><strong>INGL\u00c9S<\/strong><\/td>\n<td style=\"text-align: center;\"><strong>MODELO 3D<\/strong><\/td>\n<\/tr>\n<tr>\n<td><a href=\"https:\/\/multisenal.com.mx\/FichasTecnicas\/Paleta-Unix-PIX-120-ES.pdf\"><img decoding=\"async\" class=\"wp-image-5524 aligncenter\" src=\"https:\/\/lapistaciclabili.it\/wp-content\/uploads\/2024\/06\/img-pdf-ciclopistas.webp\" alt=\"\" width=\"49\" height=\"49\" \/><\/a><\/td>\n<td><a href=\"https:\/\/multisenal.com.mx\/FichasTecnicas\/Paleta-Unix-PIX-120-EN.pdf\"><img decoding=\"async\" class=\"wp-image-5524 aligncenter\" src=\"https:\/\/lapistaciclabili.it\/wp-content\/uploads\/2024\/06\/img-pdf-ciclopistas.webp\" alt=\"\" width=\"49\" height=\"49\" \/><\/a><\/td>\n<td><a href=\"https:\/\/lapistaciclabili.it\/renders\/paleta-unix-base-abatible-modelo-360\/\"><img decoding=\"async\" class=\"wp-image-5524 aligncenter\" src=\"https:\/\/lapistaciclabili.it\/wp-content\/uploads\/2024\/06\/img-modelo3D.webp\" alt=\"\" width=\"49\" height=\"49\" \/><\/a><\/td>\n<\/tr>\n<\/tbody>\n<\/table>\n","protected":false},"featured_media":3807,"comment_status":"open","ping_status":"closed","template":"","meta":[],"product_cat":[24,39],"product_tag":[],"class_list":{"0":"post-3771","1":"product","2":"type-product","3":"status-publish","4":"has-post-thumbnail","6":"product_cat-senalamiento-ciclovia","7":"product_cat-paletas-viales","9":"first","10":"instock","11":"shipping-taxable","12":"product-type-simple"},"yoast_head":"<!-- This site is optimized with the Yoast SEO Premium plugin v22.3 (Yoast SEO v23.0) - https:\/\/yoast.com\/wordpress\/plugins\/seo\/ -->\n<title>Paleta Unix Base Abatible - lapistaciclabili.it<\/title>\n<meta name=\"description\" content=\"La Paleta Unix Base Abatible es resistente a impactos. Perfecta para se\u00f1alizar el inicio o fin de una ciclov\u00eda. Cuenta con propiedades lum\u00ednicas.\" \/>\n<meta name=\"robots\" content=\"index, follow, max-snippet:-1, max-image-preview:large, max-video-preview:-1\" \/>\n<link rel=\"canonical\" href=\"https:\/\/lapistaciclabili.it\/es\/producto\/paleta-unix-base-abatible\/\" \/>\n<meta property=\"og:locale\" content=\"es_ES\" \/>\n<meta property=\"og:type\" content=\"article\" \/>\n<meta property=\"og:title\" content=\"Paleta Unix Base Abatible\" \/>\n<meta property=\"og:description\" content=\"La Paleta Unix Base Abatible es resistente a impactos. Perfecta para se\u00f1alizar el inicio o fin de una ciclov\u00eda. Cuenta con propiedades lum\u00ednicas.\" \/>\n<meta property=\"og:url\" content=\"https:\/\/lapistaciclabili.it\/producto\/paleta-unix-base-abatible\/\" \/>\n<meta property=\"og:site_name\" content=\"lapistaciclabili.it\" \/>\n<meta property=\"article:publisher\" content=\"https:\/\/www.facebook.com\/multisenal\/\" \/>\n<meta property=\"article:modified_time\" content=\"2024-08-08T14:34:00+00:00\" \/>\n<meta property=\"og:image\" content=\"https:\/\/lapistaciclabili.it\/wp-content\/uploads\/2024\/06\/Producto-Ciclopistas-40.webp\" \/>\n\t<meta property=\"og:image:width\" content=\"1200\" \/>\n\t<meta property=\"og:image:height\" content=\"1200\" \/>\n\t<meta property=\"og:image:type\" content=\"image\/webp\" \/>\n<meta name=\"twitter:card\" content=\"summary_large_image\" \/>\n<meta name=\"twitter:site\" content=\"@multisenal\" \/>\n<meta name=\"twitter:label1\" content=\"Tiempo de lectura\" \/>\n\t<meta name=\"twitter:data1\" content=\"2 minutos\" \/>\n<script type=\"application\/ld+json\" class=\"yoast-schema-graph\">{\"@context\":\"https:\/\/schema.org\",\"@graph\":[{\"@type\":\"WebPage\",\"@id\":\"https:\/\/lapistaciclabili.it\/producto\/paleta-unix-base-abatible\/\",\"url\":\"https:\/\/lapistaciclabili.it\/producto\/paleta-unix-base-abatible\/\",\"name\":\"Paleta Unix Base Abatible - lapistaciclabili.it\",\"isPartOf\":{\"@id\":\"https:\/\/lapistaciclabili.it\/#website\"},\"primaryImageOfPage\":{\"@id\":\"https:\/\/lapistaciclabili.it\/producto\/paleta-unix-base-abatible\/#primaryimage\"},\"image\":{\"@id\":\"https:\/\/lapistaciclabili.it\/producto\/paleta-unix-base-abatible\/#primaryimage\"},\"thumbnailUrl\":\"https:\/\/lapistaciclabili.it\/wp-content\/uploads\/2024\/06\/Producto-Ciclopistas-40.webp\",\"datePublished\":\"2024-06-17T21:00:44+00:00\",\"dateModified\":\"2024-08-08T14:34:00+00:00\",\"description\":\"La Paleta Unix Base Abatible es resistente a impactos. Perfecta para se\u00f1alizar el inicio o fin de una ciclov\u00eda. Cuenta con propiedades lum\u00ednicas.\",\"breadcrumb\":{\"@id\":\"https:\/\/lapistaciclabili.it\/producto\/paleta-unix-base-abatible\/#breadcrumb\"},\"inLanguage\":\"es\",\"potentialAction\":[{\"@type\":\"ReadAction\",\"target\":[\"https:\/\/lapistaciclabili.it\/producto\/paleta-unix-base-abatible\/\"]}]},{\"@type\":\"ImageObject\",\"inLanguage\":\"es\",\"@id\":\"https:\/\/lapistaciclabili.it\/producto\/paleta-unix-base-abatible\/#primaryimage\",\"url\":\"https:\/\/lapistaciclabili.it\/wp-content\/uploads\/2024\/06\/Producto-Ciclopistas-40.webp\",\"contentUrl\":\"https:\/\/lapistaciclabili.it\/wp-content\/uploads\/2024\/06\/Producto-Ciclopistas-40.webp\",\"width\":1200,\"height\":1200,\"caption\":\"La Paleta Unix Base Abatible es resistente a impactos. Perfecta para se\u00f1alizar el inicio o fin de una ciclov\u00eda. Cuenta con propiedades lum\u00ednicas.\"},{\"@type\":\"BreadcrumbList\",\"@id\":\"https:\/\/lapistaciclabili.it\/producto\/paleta-unix-base-abatible\/#breadcrumb\",\"itemListElement\":[{\"@type\":\"ListItem\",\"position\":1,\"name\":\"Inicio\",\"item\":\"https:\/\/lapistaciclabili.it\/\"},{\"@type\":\"ListItem\",\"position\":2,\"name\":\"Tienda\",\"item\":\"https:\/\/lapistaciclabili.it\/tienda\/\"},{\"@type\":\"ListItem\",\"position\":3,\"name\":\"Paleta Unix Base Abatible\"}]},{\"@type\":\"WebSite\",\"@id\":\"https:\/\/lapistaciclabili.it\/#website\",\"url\":\"https:\/\/lapistaciclabili.it\/\",\"name\":\"lapistaciclabili.it\",\"description\":\"\",\"publisher\":{\"@id\":\"https:\/\/lapistaciclabili.it\/#organization\"},\"potentialAction\":[{\"@type\":\"SearchAction\",\"target\":{\"@type\":\"EntryPoint\",\"urlTemplate\":\"https:\/\/lapistaciclabili.it\/?s={search_term_string}\"},\"query-input\":\"required name=search_term_string\"}],\"inLanguage\":\"es\"},{\"@type\":\"Organization\",\"@id\":\"https:\/\/lapistaciclabili.it\/#organization\",\"name\":\"lapistaciclabili.it\",\"url\":\"https:\/\/lapistaciclabili.it\/\",\"logo\":{\"@type\":\"ImageObject\",\"inLanguage\":\"es\",\"@id\":\"https:\/\/lapistaciclabili.it\/#\/schema\/logo\/image\/\",\"url\":\"https:\/\/lapistaciclabili.it\/wp-content\/uploads\/2024\/06\/lapistaciclabili.it_-1.png\",\"contentUrl\":\"https:\/\/lapistaciclabili.it\/wp-content\/uploads\/2024\/06\/lapistaciclabili.it_-1.png\",\"width\":768,\"height\":220,\"caption\":\"lapistaciclabili.it\"},\"image\":{\"@id\":\"https:\/\/lapistaciclabili.it\/#\/schema\/logo\/image\/\"},\"sameAs\":[\"https:\/\/www.facebook.com\/multisenal\/\",\"https:\/\/x.com\/multisenal\",\"https:\/\/www.instagram.com\/multisenalmx\/\",\"https:\/\/www.linkedin.com\/company\/multisenalmexico\/\",\"https:\/\/www.youtube.com\/@multisenaloficial\"]}]}<\/script>\n<!-- \/ Yoast SEO Premium plugin. -->","yoast_head_json":{"title":"Paleta Unix Base Abatible - lapistaciclabili.it","description":"La Paleta Unix Base Abatible es resistente a impactos. Perfecta para se\u00f1alizar el inicio o fin de una ciclov\u00eda. Cuenta con propiedades lum\u00ednicas.","robots":{"index":"index","follow":"follow","max-snippet":"max-snippet:-1","max-image-preview":"max-image-preview:large","max-video-preview":"max-video-preview:-1"},"canonical":"https:\/\/lapistaciclabili.it\/es\/producto\/paleta-unix-base-abatible\/","og_locale":"es_ES","og_type":"article","og_title":"Paleta Unix Base Abatible","og_description":"La Paleta Unix Base Abatible es resistente a impactos. Perfecta para se\u00f1alizar el inicio o fin de una ciclov\u00eda. Cuenta con propiedades lum\u00ednicas.","og_url":"https:\/\/lapistaciclabili.it\/producto\/paleta-unix-base-abatible\/","og_site_name":"lapistaciclabili.it","article_publisher":"https:\/\/www.facebook.com\/multisenal\/","article_modified_time":"2024-08-08T14:34:00+00:00","og_image":[{"width":1200,"height":1200,"url":"https:\/\/lapistaciclabili.it\/wp-content\/uploads\/2024\/06\/Producto-Ciclopistas-40.webp","type":"image\/webp"}],"twitter_card":"summary_large_image","twitter_site":"@multisenal","twitter_misc":{"Tiempo de lectura":"2 minutos"},"schema":{"@context":"https:\/\/schema.org","@graph":[{"@type":"WebPage","@id":"https:\/\/lapistaciclabili.it\/producto\/paleta-unix-base-abatible\/","url":"https:\/\/lapistaciclabili.it\/producto\/paleta-unix-base-abatible\/","name":"Paleta Unix Base Abatible - lapistaciclabili.it","isPartOf":{"@id":"https:\/\/lapistaciclabili.it\/#website"},"primaryImageOfPage":{"@id":"https:\/\/lapistaciclabili.it\/producto\/paleta-unix-base-abatible\/#primaryimage"},"image":{"@id":"https:\/\/lapistaciclabili.it\/producto\/paleta-unix-base-abatible\/#primaryimage"},"thumbnailUrl":"https:\/\/lapistaciclabili.it\/wp-content\/uploads\/2024\/06\/Producto-Ciclopistas-40.webp","datePublished":"2024-06-17T21:00:44+00:00","dateModified":"2024-08-08T14:34:00+00:00","description":"La Paleta Unix Base Abatible es resistente a impactos. Perfecta para se\u00f1alizar el inicio o fin de una ciclov\u00eda. Cuenta con propiedades lum\u00ednicas.","breadcrumb":{"@id":"https:\/\/lapistaciclabili.it\/producto\/paleta-unix-base-abatible\/#breadcrumb"},"inLanguage":"es","potentialAction":[{"@type":"ReadAction","target":["https:\/\/lapistaciclabili.it\/producto\/paleta-unix-base-abatible\/"]}]},{"@type":"ImageObject","inLanguage":"es","@id":"https:\/\/lapistaciclabili.it\/producto\/paleta-unix-base-abatible\/#primaryimage","url":"https:\/\/lapistaciclabili.it\/wp-content\/uploads\/2024\/06\/Producto-Ciclopistas-40.webp","contentUrl":"https:\/\/lapistaciclabili.it\/wp-content\/uploads\/2024\/06\/Producto-Ciclopistas-40.webp","width":1200,"height":1200,"caption":"La Paleta Unix Base Abatible es resistente a impactos. Perfecta para se\u00f1alizar el inicio o fin de una ciclov\u00eda. Cuenta con propiedades lum\u00ednicas."},{"@type":"BreadcrumbList","@id":"https:\/\/lapistaciclabili.it\/producto\/paleta-unix-base-abatible\/#breadcrumb","itemListElement":[{"@type":"ListItem","position":1,"name":"Inicio","item":"https:\/\/lapistaciclabili.it\/"},{"@type":"ListItem","position":2,"name":"Tienda","item":"https:\/\/lapistaciclabili.it\/tienda\/"},{"@type":"ListItem","position":3,"name":"Paleta Unix Base Abatible"}]},{"@type":"WebSite","@id":"https:\/\/lapistaciclabili.it\/#website","url":"https:\/\/lapistaciclabili.it\/","name":"lapistaciclabili.it","description":"","publisher":{"@id":"https:\/\/lapistaciclabili.it\/#organization"},"potentialAction":[{"@type":"SearchAction","target":{"@type":"EntryPoint","urlTemplate":"https:\/\/lapistaciclabili.it\/?s={search_term_string}"},"query-input":"required name=search_term_string"}],"inLanguage":"es"},{"@type":"Organization","@id":"https:\/\/lapistaciclabili.it\/#organization","name":"lapistaciclabili.it","url":"https:\/\/lapistaciclabili.it\/","logo":{"@type":"ImageObject","inLanguage":"es","@id":"https:\/\/lapistaciclabili.it\/#\/schema\/logo\/image\/","url":"https:\/\/lapistaciclabili.it\/wp-content\/uploads\/2024\/06\/lapistaciclabili.it_-1.png","contentUrl":"https:\/\/lapistaciclabili.it\/wp-content\/uploads\/2024\/06\/lapistaciclabili.it_-1.png","width":768,"height":220,"caption":"lapistaciclabili.it"},"image":{"@id":"https:\/\/lapistaciclabili.it\/#\/schema\/logo\/image\/"},"sameAs":["https:\/\/www.facebook.com\/multisenal\/","https:\/\/x.com\/multisenal","https:\/\/www.instagram.com\/multisenalmx\/","https:\/\/www.linkedin.com\/company\/multisenalmexico\/","https:\/\/www.youtube.com\/@multisenaloficial"]}]}},"_links":{"self":[{"href":"https:\/\/lapistaciclabili.it\/es\/wp-json\/wp\/v2\/product\/3771","targetHints":{"allow":["GET"]}}],"collection":[{"href":"https:\/\/lapistaciclabili.it\/es\/wp-json\/wp\/v2\/product"}],"about":[{"href":"https:\/\/lapistaciclabili.it\/es\/wp-json\/wp\/v2\/types\/product"}],"replies":[{"embeddable":true,"href":"https:\/\/lapistaciclabili.it\/es\/wp-json\/wp\/v2\/comments?post=3771"}],"wp:featuredmedia":[{"embeddable":true,"href":"https:\/\/lapistaciclabili.it\/es\/wp-json\/wp\/v2\/media\/3807"}],"wp:attachment":[{"href":"https:\/\/lapistaciclabili.it\/es\/wp-json\/wp\/v2\/media?parent=3771"}],"wp:term":[{"taxonomy":"product_cat","embeddable":true,"href":"https:\/\/lapistaciclabili.it\/es\/wp-json\/wp\/v2\/product_cat?post=3771"},{"taxonomy":"product_tag","embeddable":true,"href":"https:\/\/lapistaciclabili.it\/es\/wp-json\/wp\/v2\/product_tag?post=3771"}],"curies":[{"name":"wp","href":"https:\/\/api.w.org\/{rel}","templated":true}]}}