{"id":3770,"date":"2024-06-10T19:21:44","date_gmt":"2024-06-10T19:21:44","guid":{"rendered":"https:\/\/lapistaciclabili.it\/?post_type=product&#038;p=3770"},"modified":"2024-08-15T23:44:31","modified_gmt":"2024-08-15T23:44:31","slug":"vialetas-solares","status":"publish","type":"product","link":"https:\/\/lapistaciclabili.it\/es\/producto\/vialetas-solares\/","title":{"rendered":"Vialetas Solares"},"content":{"rendered":"<p style=\"font-weight: 400;\">Las Vialetas Solares son la elecci\u00f3n perfecta para garantizar la seguridad y visibilidad en cualquier <a href=\"https:\/\/multisenal.com.mx\/blog\/ciclovia-emergente-que-es\/\">ciclov\u00edas<\/a>, gracias a su innovador dise\u00f1o y tecnolog\u00eda avanzada.<\/p>\n<p style=\"font-weight: 400;\"><strong>Caracter\u00edsticas sobresalientes:<\/strong><\/p>\n<p style=\"font-weight: 400;\">Autosuficiencia energ\u00e9tica: Equipadas con paneles solares autorecargables, las Vialetas Solares iluminan el camino. Se recargan durante el d\u00eda y se encienden autom\u00e1ticamente al oscurecer, asegurando una visibilidad constante y confiable.<\/p>\n<p style=\"font-weight: 400;\">Dise\u00f1o funcional y est\u00e9tico: Su estructura piramidal truncada, en color \u00e1mbar, no solo proporciona elegancia al entorno, sino que tambi\u00e9n mejora significativamente la visibilidad del camino. Ideales para ciclopistas, bicisendas, carril bus-bici o cualquier tipo de carril ciclista, estas vialetas son indispensables para se\u00f1alizar y guiar a los usuarios de bicicletas de manera efectiva.<\/p>\n<p style=\"font-weight: 400;\">Robustez y durabilidad: Construidas en policarbonato cristalino de alta resistencia. Resistente a la fricci\u00f3n, abrasi\u00f3n e impactos, garantizan una larga vida \u00fatil, incluso en las condiciones m\u00e1s exigentes.<\/p>\n<p style=\"font-weight: 400;\">Alta visibilidad y eficiencia luminosa: Equipadas con LEDs ultrabrillantes en colores \u00e1mbar o rojo, ofrecen una intensidad luminosa. Su secuencia intermitente de luz maximiza la atenci\u00f3n de los conductores, mejorando la seguridad vial en cualquier condici\u00f3n clim\u00e1tica.<\/p>\n<p style=\"font-weight: 400;\">Versatilidad de aplicaci\u00f3n: Disponibles en configuraciones unidireccionales o bidireccionales, las vialetas pueden ser utilizadas para marcar un solo sentido o ambos sentidos de una ciclopista, adapt\u00e1ndose as\u00ed a diversas necesidades de se\u00f1alizaci\u00f3n.<\/p>\n<p style=\"font-weight: 400;\">Sistema inteligente JVM: Circuito electr\u00f3nico de alimentaci\u00f3n JVM, que sincroniza el parpadeo de los chevrones al mismo tiempo.<\/p>\n<p style=\"font-weight: 400;\"><strong>Especificaciones t\u00e9cnicas:<\/strong><\/p>\n<p style=\"font-weight: 400;\">&#8211; **Dimensiones:** Largo: 11.8 cm, Ancho: 11.8 cm, Alto: 2.4 cm<\/p>\n<p style=\"font-weight: 400;\">&#8211; **Colores de LEDs:** \u00c1mbar o Rojo<\/p>\n<p style=\"font-weight: 400;\">&#8211; **Vida \u00datil de LEDs:** Aproximadamente 100,000 horas<\/p>\n<p style=\"font-weight: 400;\">&#8211; **Capacidad de las Bater\u00edas:** 650 mA sin efecto de memoria<\/p>\n<p style=\"font-weight: 400;\">&#8211; **Eficiencia del Circuito:** Funciona hasta 36 horas con solo 7 horas de carga solar directa<\/p>\n<p style=\"font-weight: 400;\"><strong>Caracter\u00edsticas generales Vialeta Solaris:<\/strong><\/p>\n<div class=\"page\" title=\"Page 1\">\n<div class=\"section\">\n<div class=\"layoutArea\">\n<div class=\"column\">\n<ul>\n<li>Alta resistencia a la friccio\u0301n, abrasio\u0301n, golpes e impactos.<\/li>\n<li>Cuerpo sin aristas ni bordes punzocortantes.<\/li>\n<li>Ademas de ser gui\u0301a en las ciclov\u00edas; es de gran funcionalidad como reductor de velocidad.<\/li>\n<li>Mini panel solar auto-recargable.<\/li>\n<li>Sistema de encendido automatico.<\/li>\n<li>Incorpora en su disen\u0303o tecnologi\u0301a solar.<\/li>\n<li>Diodos emisores de luz intermitente de gran eficiencia.<\/li>\n<li>De gran visibilidad en cualquier condicio\u0301n clima\u0301tica.<\/li>\n<li>Puede ser una cara para marcar un solo sentido o dos caras; para marca doble sentido.<\/li>\n<li>Iluminaci\u00f3n a base de leds ultrabrillantes<\/li>\n<li>Fabricada en policarbonato cristalino de alta resistencia<\/li>\n<li>Vialeta autosuficiente ideal para canalizar carriles ciclistas en ciudad o carretera.<\/li>\n<\/ul>\n<p>&nbsp;<\/p>\n<p style=\"font-weight: 400;\"><strong>Especificaciones del sistema electr\u00f3nicas:<\/strong><\/p>\n<p>Mini panel solar de Silicio<\/p>\n<p>Encendido autom\u00e1tico al oscurecer<\/p>\n<p>Cantidad de leds: 1 a 5 en 1 o\u0301 2 caras (unidireccional o bidireccional).<\/p>\n<p>Bater\u00e1s de larga duraci\u00f3n recargables de:NK-MTH.<\/p>\n<p>Capacidad bateri\u0301as sin sufrir efecto de memoria: 650 mA.<\/p>\n<p>Secuencia intermitente de luz.<\/p>\n<p>Color del cuerpo: A\u0301mbar.<\/p>\n<p>Distancia aproximada de visibilidad del led: 300 metros.<\/p>\n<p>Conoce m\u00e1s productos exclusivos para ciclov\u00edas, <a href=\"https:\/\/lapistaciclabili.it\/productos-ciclovias\/\">aqu\u00ed<\/a>.<\/p>\n<figure id=\"attachment_5205\" aria-describedby=\"caption-attachment-5205\" style=\"width: 911px\" class=\"wp-caption aligncenter\"><img fetchpriority=\"high\" decoding=\"async\" class=\"wp-image-5205\" title=\"Vialetas Solares\" src=\"https:\/\/multisenal.com.mx\/wp-content\/uploads\/2019\/07\/SOLARIS-2.jpg\" alt=\"Vialetas Solares\" width=\"911\" height=\"469\" \/><figcaption id=\"caption-attachment-5205\" class=\"wp-caption-text\">Vialeta Solaris G-S12<\/figcaption><\/figure>\n<p>&nbsp;<\/p>\n","protected":false},"excerpt":{"rendered":"<p><strong>Nombre del producto: Vialeta Solaris<\/strong><\/p>\n<p><strong>C\u00f3digo: G-S12<\/strong><\/p>\n<table>\n<tbody>\n<tr>\n<td style=\"text-align: center;\"><strong>ESPA\u00d1OL<\/strong><\/td>\n<td style=\"text-align: center;\"><strong>INGL\u00c9S<\/strong><\/td>\n<td style=\"text-align: center;\"><strong>MODELO 3D<\/strong><\/td>\n<\/tr>\n<tr>\n<td><a href=\"https:\/\/multisenal.com.mx\/FichasTecnicas\/Vialeta-G-S12-ES.pdf\"><img decoding=\"async\" class=\"wp-image-5524 aligncenter\" src=\"https:\/\/lapistaciclabili.it\/wp-content\/uploads\/2024\/06\/img-pdf-ciclopistas.webp\" alt=\"\" width=\"49\" height=\"49\" \/><\/a><\/td>\n<td><a href=\"https:\/\/multisenal.com.mx\/FichasTecnicas\/Vialeta-G-S12-EN.pdf\"><img decoding=\"async\" class=\"wp-image-5524 aligncenter\" src=\"https:\/\/lapistaciclabili.it\/wp-content\/uploads\/2024\/06\/img-pdf-ciclopistas.webp\" alt=\"\" width=\"49\" height=\"49\" \/><\/a><\/td>\n<td><a href=\"https:\/\/lapistaciclabili.it\/renders\/vialeta-solaris-modelo-360\/\"><img decoding=\"async\" class=\"wp-image-5524 aligncenter\" src=\"https:\/\/lapistaciclabili.it\/wp-content\/uploads\/2024\/06\/img-modelo3D.webp\" alt=\"\" width=\"49\" height=\"49\" \/><\/a><\/td>\n<\/tr>\n<\/tbody>\n<\/table>\n","protected":false},"featured_media":3806,"comment_status":"open","ping_status":"closed","template":"","meta":[],"product_cat":[23],"product_tag":[],"class_list":{"0":"post-3770","1":"product","2":"type-product","3":"status-publish","4":"has-post-thumbnail","6":"product_cat-ciclopista-solar","8":"first","9":"instock","10":"shipping-taxable","11":"product-type-simple"},"yoast_head":"<!-- This site is optimized with the Yoast SEO Premium plugin v22.3 (Yoast SEO v23.0) - https:\/\/yoast.com\/wordpress\/plugins\/seo\/ -->\n<title>Vialetas Solares - lapistaciclabili.it<\/title>\n<meta name=\"description\" content=\"Las Vialetas Solares ayudan a delimitar carriles y ciclov\u00edas, con funci\u00f3n solar led y sistemas inteligente JVM para la sincronizaci\u00f3n del parpadeo\u00a0\" \/>\n<meta name=\"robots\" content=\"index, follow, max-snippet:-1, max-image-preview:large, max-video-preview:-1\" \/>\n<link rel=\"canonical\" href=\"https:\/\/lapistaciclabili.it\/es\/producto\/vialetas-solares\/\" \/>\n<meta property=\"og:locale\" content=\"es_ES\" \/>\n<meta property=\"og:type\" content=\"article\" \/>\n<meta property=\"og:title\" content=\"Vialetas Solares\" \/>\n<meta property=\"og:description\" content=\"Las Vialetas Solares ayudan a delimitar carriles y ciclov\u00edas, con funci\u00f3n solar led y sistemas inteligente JVM para la sincronizaci\u00f3n del parpadeo\u00a0\" \/>\n<meta property=\"og:url\" content=\"https:\/\/lapistaciclabili.it\/producto\/vialetas-solares\/\" \/>\n<meta property=\"og:site_name\" content=\"lapistaciclabili.it\" \/>\n<meta property=\"article:publisher\" content=\"https:\/\/www.facebook.com\/multisenal\/\" \/>\n<meta property=\"article:modified_time\" content=\"2024-08-15T23:44:31+00:00\" \/>\n<meta property=\"og:image\" content=\"https:\/\/lapistaciclabili.it\/wp-content\/uploads\/2024\/06\/Producto-Ciclopistas-37.webp\" \/>\n\t<meta property=\"og:image:width\" content=\"1200\" \/>\n\t<meta property=\"og:image:height\" content=\"1200\" \/>\n\t<meta property=\"og:image:type\" content=\"image\/webp\" \/>\n<meta name=\"twitter:card\" content=\"summary_large_image\" \/>\n<meta name=\"twitter:site\" content=\"@multisenal\" \/>\n<meta name=\"twitter:label1\" content=\"Tiempo de lectura\" \/>\n\t<meta name=\"twitter:data1\" content=\"3 minutos\" \/>\n<script type=\"application\/ld+json\" class=\"yoast-schema-graph\">{\"@context\":\"https:\/\/schema.org\",\"@graph\":[{\"@type\":\"WebPage\",\"@id\":\"https:\/\/lapistaciclabili.it\/producto\/vialetas-solares\/\",\"url\":\"https:\/\/lapistaciclabili.it\/producto\/vialetas-solares\/\",\"name\":\"Vialetas Solares - lapistaciclabili.it\",\"isPartOf\":{\"@id\":\"https:\/\/lapistaciclabili.it\/#website\"},\"primaryImageOfPage\":{\"@id\":\"https:\/\/lapistaciclabili.it\/producto\/vialetas-solares\/#primaryimage\"},\"image\":{\"@id\":\"https:\/\/lapistaciclabili.it\/producto\/vialetas-solares\/#primaryimage\"},\"thumbnailUrl\":\"https:\/\/lapistaciclabili.it\/wp-content\/uploads\/2024\/06\/Producto-Ciclopistas-37.webp\",\"datePublished\":\"2024-06-10T19:21:44+00:00\",\"dateModified\":\"2024-08-15T23:44:31+00:00\",\"description\":\"Las Vialetas Solares ayudan a delimitar carriles y ciclov\u00edas, con funci\u00f3n solar led y sistemas inteligente JVM para la sincronizaci\u00f3n del parpadeo\u00a0\",\"breadcrumb\":{\"@id\":\"https:\/\/lapistaciclabili.it\/producto\/vialetas-solares\/#breadcrumb\"},\"inLanguage\":\"es\",\"potentialAction\":[{\"@type\":\"ReadAction\",\"target\":[\"https:\/\/lapistaciclabili.it\/producto\/vialetas-solares\/\"]}]},{\"@type\":\"ImageObject\",\"inLanguage\":\"es\",\"@id\":\"https:\/\/lapistaciclabili.it\/producto\/vialetas-solares\/#primaryimage\",\"url\":\"https:\/\/lapistaciclabili.it\/wp-content\/uploads\/2024\/06\/Producto-Ciclopistas-37.webp\",\"contentUrl\":\"https:\/\/lapistaciclabili.it\/wp-content\/uploads\/2024\/06\/Producto-Ciclopistas-37.webp\",\"width\":1200,\"height\":1200,\"caption\":\"Las Vialetas Solares ayudan a delimitar carriles y ciclov\u00edas, con funci\u00f3n solar led y sistemas inteligente JVM para la sincronizaci\u00f3n del parpadeo\u00a0\"},{\"@type\":\"BreadcrumbList\",\"@id\":\"https:\/\/lapistaciclabili.it\/producto\/vialetas-solares\/#breadcrumb\",\"itemListElement\":[{\"@type\":\"ListItem\",\"position\":1,\"name\":\"Inicio\",\"item\":\"https:\/\/lapistaciclabili.it\/\"},{\"@type\":\"ListItem\",\"position\":2,\"name\":\"Tienda\",\"item\":\"https:\/\/lapistaciclabili.it\/tienda\/\"},{\"@type\":\"ListItem\",\"position\":3,\"name\":\"Vialetas Solares\"}]},{\"@type\":\"WebSite\",\"@id\":\"https:\/\/lapistaciclabili.it\/#website\",\"url\":\"https:\/\/lapistaciclabili.it\/\",\"name\":\"lapistaciclabili.it\",\"description\":\"\",\"publisher\":{\"@id\":\"https:\/\/lapistaciclabili.it\/#organization\"},\"potentialAction\":[{\"@type\":\"SearchAction\",\"target\":{\"@type\":\"EntryPoint\",\"urlTemplate\":\"https:\/\/lapistaciclabili.it\/?s={search_term_string}\"},\"query-input\":\"required name=search_term_string\"}],\"inLanguage\":\"es\"},{\"@type\":\"Organization\",\"@id\":\"https:\/\/lapistaciclabili.it\/#organization\",\"name\":\"lapistaciclabili.it\",\"url\":\"https:\/\/lapistaciclabili.it\/\",\"logo\":{\"@type\":\"ImageObject\",\"inLanguage\":\"es\",\"@id\":\"https:\/\/lapistaciclabili.it\/#\/schema\/logo\/image\/\",\"url\":\"https:\/\/lapistaciclabili.it\/wp-content\/uploads\/2024\/06\/lapistaciclabili.it_-1.png\",\"contentUrl\":\"https:\/\/lapistaciclabili.it\/wp-content\/uploads\/2024\/06\/lapistaciclabili.it_-1.png\",\"width\":768,\"height\":220,\"caption\":\"lapistaciclabili.it\"},\"image\":{\"@id\":\"https:\/\/lapistaciclabili.it\/#\/schema\/logo\/image\/\"},\"sameAs\":[\"https:\/\/www.facebook.com\/multisenal\/\",\"https:\/\/x.com\/multisenal\",\"https:\/\/www.instagram.com\/multisenalmx\/\",\"https:\/\/www.linkedin.com\/company\/multisenalmexico\/\",\"https:\/\/www.youtube.com\/@multisenaloficial\"]}]}<\/script>\n<!-- \/ Yoast SEO Premium plugin. -->","yoast_head_json":{"title":"Vialetas Solares - lapistaciclabili.it","description":"Las Vialetas Solares ayudan a delimitar carriles y ciclov\u00edas, con funci\u00f3n solar led y sistemas inteligente JVM para la sincronizaci\u00f3n del parpadeo\u00a0","robots":{"index":"index","follow":"follow","max-snippet":"max-snippet:-1","max-image-preview":"max-image-preview:large","max-video-preview":"max-video-preview:-1"},"canonical":"https:\/\/lapistaciclabili.it\/es\/producto\/vialetas-solares\/","og_locale":"es_ES","og_type":"article","og_title":"Vialetas Solares","og_description":"Las Vialetas Solares ayudan a delimitar carriles y ciclov\u00edas, con funci\u00f3n solar led y sistemas inteligente JVM para la sincronizaci\u00f3n del parpadeo\u00a0","og_url":"https:\/\/lapistaciclabili.it\/producto\/vialetas-solares\/","og_site_name":"lapistaciclabili.it","article_publisher":"https:\/\/www.facebook.com\/multisenal\/","article_modified_time":"2024-08-15T23:44:31+00:00","og_image":[{"width":1200,"height":1200,"url":"https:\/\/lapistaciclabili.it\/wp-content\/uploads\/2024\/06\/Producto-Ciclopistas-37.webp","type":"image\/webp"}],"twitter_card":"summary_large_image","twitter_site":"@multisenal","twitter_misc":{"Tiempo de lectura":"3 minutos"},"schema":{"@context":"https:\/\/schema.org","@graph":[{"@type":"WebPage","@id":"https:\/\/lapistaciclabili.it\/producto\/vialetas-solares\/","url":"https:\/\/lapistaciclabili.it\/producto\/vialetas-solares\/","name":"Vialetas Solares - lapistaciclabili.it","isPartOf":{"@id":"https:\/\/lapistaciclabili.it\/#website"},"primaryImageOfPage":{"@id":"https:\/\/lapistaciclabili.it\/producto\/vialetas-solares\/#primaryimage"},"image":{"@id":"https:\/\/lapistaciclabili.it\/producto\/vialetas-solares\/#primaryimage"},"thumbnailUrl":"https:\/\/lapistaciclabili.it\/wp-content\/uploads\/2024\/06\/Producto-Ciclopistas-37.webp","datePublished":"2024-06-10T19:21:44+00:00","dateModified":"2024-08-15T23:44:31+00:00","description":"Las Vialetas Solares ayudan a delimitar carriles y ciclov\u00edas, con funci\u00f3n solar led y sistemas inteligente JVM para la sincronizaci\u00f3n del parpadeo\u00a0","breadcrumb":{"@id":"https:\/\/lapistaciclabili.it\/producto\/vialetas-solares\/#breadcrumb"},"inLanguage":"es","potentialAction":[{"@type":"ReadAction","target":["https:\/\/lapistaciclabili.it\/producto\/vialetas-solares\/"]}]},{"@type":"ImageObject","inLanguage":"es","@id":"https:\/\/lapistaciclabili.it\/producto\/vialetas-solares\/#primaryimage","url":"https:\/\/lapistaciclabili.it\/wp-content\/uploads\/2024\/06\/Producto-Ciclopistas-37.webp","contentUrl":"https:\/\/lapistaciclabili.it\/wp-content\/uploads\/2024\/06\/Producto-Ciclopistas-37.webp","width":1200,"height":1200,"caption":"Las Vialetas Solares ayudan a delimitar carriles y ciclov\u00edas, con funci\u00f3n solar led y sistemas inteligente JVM para la sincronizaci\u00f3n del parpadeo\u00a0"},{"@type":"BreadcrumbList","@id":"https:\/\/lapistaciclabili.it\/producto\/vialetas-solares\/#breadcrumb","itemListElement":[{"@type":"ListItem","position":1,"name":"Inicio","item":"https:\/\/lapistaciclabili.it\/"},{"@type":"ListItem","position":2,"name":"Tienda","item":"https:\/\/lapistaciclabili.it\/tienda\/"},{"@type":"ListItem","position":3,"name":"Vialetas Solares"}]},{"@type":"WebSite","@id":"https:\/\/lapistaciclabili.it\/#website","url":"https:\/\/lapistaciclabili.it\/","name":"lapistaciclabili.it","description":"","publisher":{"@id":"https:\/\/lapistaciclabili.it\/#organization"},"potentialAction":[{"@type":"SearchAction","target":{"@type":"EntryPoint","urlTemplate":"https:\/\/lapistaciclabili.it\/?s={search_term_string}"},"query-input":"required name=search_term_string"}],"inLanguage":"es"},{"@type":"Organization","@id":"https:\/\/lapistaciclabili.it\/#organization","name":"lapistaciclabili.it","url":"https:\/\/lapistaciclabili.it\/","logo":{"@type":"ImageObject","inLanguage":"es","@id":"https:\/\/lapistaciclabili.it\/#\/schema\/logo\/image\/","url":"https:\/\/lapistaciclabili.it\/wp-content\/uploads\/2024\/06\/lapistaciclabili.it_-1.png","contentUrl":"https:\/\/lapistaciclabili.it\/wp-content\/uploads\/2024\/06\/lapistaciclabili.it_-1.png","width":768,"height":220,"caption":"lapistaciclabili.it"},"image":{"@id":"https:\/\/lapistaciclabili.it\/#\/schema\/logo\/image\/"},"sameAs":["https:\/\/www.facebook.com\/multisenal\/","https:\/\/x.com\/multisenal","https:\/\/www.instagram.com\/multisenalmx\/","https:\/\/www.linkedin.com\/company\/multisenalmexico\/","https:\/\/www.youtube.com\/@multisenaloficial"]}]}},"_links":{"self":[{"href":"https:\/\/lapistaciclabili.it\/es\/wp-json\/wp\/v2\/product\/3770","targetHints":{"allow":["GET"]}}],"collection":[{"href":"https:\/\/lapistaciclabili.it\/es\/wp-json\/wp\/v2\/product"}],"about":[{"href":"https:\/\/lapistaciclabili.it\/es\/wp-json\/wp\/v2\/types\/product"}],"replies":[{"embeddable":true,"href":"https:\/\/lapistaciclabili.it\/es\/wp-json\/wp\/v2\/comments?post=3770"}],"wp:featuredmedia":[{"embeddable":true,"href":"https:\/\/lapistaciclabili.it\/es\/wp-json\/wp\/v2\/media\/3806"}],"wp:attachment":[{"href":"https:\/\/lapistaciclabili.it\/es\/wp-json\/wp\/v2\/media?parent=3770"}],"wp:term":[{"taxonomy":"product_cat","embeddable":true,"href":"https:\/\/lapistaciclabili.it\/es\/wp-json\/wp\/v2\/product_cat?post=3770"},{"taxonomy":"product_tag","embeddable":true,"href":"https:\/\/lapistaciclabili.it\/es\/wp-json\/wp\/v2\/product_tag?post=3770"}],"curies":[{"name":"wp","href":"https:\/\/api.w.org\/{rel}","templated":true}]}}