{"id":3764,"date":"2024-06-17T20:46:20","date_gmt":"2024-06-17T20:46:20","guid":{"rendered":"https:\/\/lapistaciclabili.it\/?post_type=product&#038;p=3764"},"modified":"2024-08-16T17:19:52","modified_gmt":"2024-08-16T17:19:52","slug":"canalizador-lider-60","status":"publish","type":"product","link":"https:\/\/lapistaciclabili.it\/es\/producto\/canalizador-lider-60\/","title":{"rendered":"Canalizador L\u00edder 60"},"content":{"rendered":"<div class=\"page\" title=\"Page 1\">\n<div class=\"section\">\n<div class=\"layoutArea\">\n<div class=\"column\"><\/div>\n<\/div>\n<\/div>\n<\/div>\n<p>Optimiza la seguridad vial con el Canalizador L\u00edder 60, el <a href=\"https:\/\/lapistaciclabili.it\/productos-ciclovias\/\">se\u00f1alamiento horizontal<\/a> l\u00edder en su clase. Dise\u00f1ado para su colocaci\u00f3n sobre pavimento, este innovador dispositivo es ideal para canalizar carriles de uso exclusivo, tales como las <a href=\"https:\/\/multisenal.com.mx\/blog\/derechos-y-obligaciones-de-los-ciclistas-conoces-todas-las-reglas\/\">ciclov\u00edas<\/a>, garantizando una circulaci\u00f3n ordenada y segura para peatones y ciclistas.<\/p>\n<p style=\"font-weight: 400;\"><strong>Beneficios Destacados:<\/strong><\/p>\n<p>&#8211; <strong>Seguridad Prioritaria:<\/strong> En v\u00edas de alto tr\u00e1nsito, el Canalizador L\u00edder 60 ofrece una se\u00f1alizaci\u00f3n clara y eficiente, marcando de forma precisa zonas l\u00edmite y rutas de desv\u00edo. Esto asegura que el tr\u00e1nsito vehicular se mantenga separado del ciclista.<\/p>\n<p>&#8211; <strong>Adaptabilidad Superior:<\/strong> Su dise\u00f1o robusto y de f\u00e1cil instalaci\u00f3n permite una implementaci\u00f3n r\u00e1pida y efectiva en cualquier entorno urbano. Ideal para gestionar el tr\u00e1fico en \u00e1reas cr\u00edticas y asegurar una circulaci\u00f3n fluida sin comprometer la seguridad.<\/p>\n<p>&#8211; <strong>Versatilidad Avanzada:<\/strong> Perfecto para aplicaciones diversas, desde la delimitaci\u00f3n de carriles hasta la se\u00f1alizaci\u00f3n de \u00e1reas restringidas, el Canalizador L\u00edder 60 es la elecci\u00f3n definitiva para municipios, empresas y entidades gubernamentales comprometidas con la seguridad vial y la eficiencia del tr\u00e1nsito, incluida la de confinar ciclov\u00edas y hacerlas m\u00e1s seguras.<\/p>\n<p style=\"font-weight: 400;\"><strong>Caracter\u00edsticas generales<\/strong><\/p>\n<ul>\n<li>Excelente canalizador fabricado en polietileno, material que no causa ning\u00fan mal en los neum\u00e1ticos.<\/li>\n<li>Colores de linea; amarillo o verde de gran durabilidad.<\/li>\n<li>Protecci\u00f3n a rayos UV., aceite y cambios extremos de temperatura.<\/li>\n<li>En una sola pieza con material 100% reciclable.<\/li>\n<li>Dise\u00f1ado con franjas reflejantes laterales y en los extremos.<\/li>\n<li>El canalizador es un elemento de seguridad ideal para zonas restringidas o desv\u00edos; con sus 8 franjas reflejantes lo hace m\u00e1s eficiente de noche.<\/li>\n<li>F\u00e1ciles de instalar, transportar y apilar, posee un dise\u00f1o compacto y apilable que permite ahorrar espacio, adem\u00e1s es de peso ligero permitiendo instalaciones m\u00e1s f\u00e1ciles y seguras.<\/li>\n<li>Su cuerpo incluye dos barrenos para su f\u00e1cil instalaci\u00f3n con anclas (no incluidas).<\/li>\n<\/ul>\n<p style=\"font-weight: 400;\"><strong>Medidas:<\/strong><\/p>\n<p>Largo: 60.0 cms,<br \/>\nAncho: 14.0 cms y Alto: 9.0 cms.<br \/>\nReflejante: Laterales y costados<br \/>\nColor de reflejante: Blanco o \u00c1mbar<\/p>\n","protected":false},"excerpt":{"rendered":"<p><strong>Nombre del producto: Canalizador L\u00edder 60<\/strong><\/p>\n<p><strong>C\u00f3digo: CAN-L-60<\/strong><\/p>\n<table>\n<tbody>\n<tr>\n<td style=\"text-align: center;\"><strong>ESPA\u00d1OL<\/strong><\/td>\n<td style=\"text-align: center;\"><strong>INGL\u00c9S<\/strong><\/td>\n<td style=\"text-align: center;\"><strong>MODELO 3D<\/strong><\/td>\n<\/tr>\n<tr>\n<td><a href=\"https:\/\/multisenal.com.mx\/FichasTecnicas\/Canalizador-CANL60-ES.pdf\"><img decoding=\"async\" class=\"wp-image-5524 aligncenter\" src=\"https:\/\/lapistaciclabili.it\/wp-content\/uploads\/2024\/06\/img-pdf-ciclopistas.webp\" alt=\"\" width=\"49\" height=\"49\" \/><\/a><\/td>\n<td><a href=\"https:\/\/multisenal.com.mx\/FichasTecnicas\/Canalizador-CANL60-EN.pdf\"><img decoding=\"async\" class=\"wp-image-5524 aligncenter\" src=\"https:\/\/lapistaciclabili.it\/wp-content\/uploads\/2024\/06\/img-pdf-ciclopistas.webp\" alt=\"\" width=\"49\" height=\"49\" \/><\/a><\/td>\n<td><a href=\"https:\/\/lapistaciclabili.it\/renders\/canalizador-lider-60-modelo-360\/\"><img decoding=\"async\" class=\"wp-image-5524 aligncenter\" src=\"https:\/\/lapistaciclabili.it\/wp-content\/uploads\/2024\/06\/img-modelo3D.webp\" alt=\"\" width=\"49\" height=\"49\" \/><\/a><\/td>\n<\/tr>\n<\/tbody>\n<\/table>\n","protected":false},"featured_media":3804,"comment_status":"open","ping_status":"closed","template":"","meta":[],"product_cat":[21,25],"product_tag":[],"class_list":{"0":"post-3764","1":"product","2":"type-product","3":"status-publish","4":"has-post-thumbnail","6":"product_cat-delimitadores-viales","7":"product_cat-canalizadores","9":"first","10":"instock","11":"shipping-taxable","12":"product-type-simple"},"yoast_head":"<!-- This site is optimized with the Yoast SEO Premium plugin v22.3 (Yoast SEO v23.0) - https:\/\/yoast.com\/wordpress\/plugins\/seo\/ -->\n<title>Canalizador L\u00edder 60 - lapistaciclabili.it<\/title>\n<meta name=\"description\" content=\"El Canalizador L\u00edder 60 proporciona una soluci\u00f3n efectiva y confiable para delimitar carriles exclusivos, como ciclov\u00edas. Resistente y de alta visibilidad\" \/>\n<meta name=\"robots\" content=\"index, follow, max-snippet:-1, max-image-preview:large, max-video-preview:-1\" \/>\n<link rel=\"canonical\" href=\"https:\/\/lapistaciclabili.it\/es\/producto\/canalizador-lider-60\/\" \/>\n<meta property=\"og:locale\" content=\"es_ES\" \/>\n<meta property=\"og:type\" content=\"article\" \/>\n<meta property=\"og:title\" content=\"Canalizador L\u00edder 60\" \/>\n<meta property=\"og:description\" content=\"El Canalizador L\u00edder 60 proporciona una soluci\u00f3n efectiva y confiable para delimitar carriles exclusivos, como ciclov\u00edas. Resistente y de alta visibilidad\" \/>\n<meta property=\"og:url\" content=\"https:\/\/lapistaciclabili.it\/producto\/canalizador-lider-60\/\" \/>\n<meta property=\"og:site_name\" content=\"lapistaciclabili.it\" \/>\n<meta property=\"article:publisher\" content=\"https:\/\/www.facebook.com\/multisenal\/\" \/>\n<meta property=\"article:modified_time\" content=\"2024-08-16T17:19:52+00:00\" \/>\n<meta property=\"og:image\" content=\"https:\/\/lapistaciclabili.it\/wp-content\/uploads\/2024\/06\/Producto-Ciclopistas-10.webp\" \/>\n\t<meta property=\"og:image:width\" content=\"1200\" \/>\n\t<meta property=\"og:image:height\" content=\"1200\" \/>\n\t<meta property=\"og:image:type\" content=\"image\/webp\" \/>\n<meta name=\"twitter:card\" content=\"summary_large_image\" \/>\n<meta name=\"twitter:site\" content=\"@multisenal\" \/>\n<meta name=\"twitter:label1\" content=\"Tiempo de lectura\" \/>\n\t<meta name=\"twitter:data1\" content=\"2 minutos\" \/>\n<script type=\"application\/ld+json\" class=\"yoast-schema-graph\">{\"@context\":\"https:\/\/schema.org\",\"@graph\":[{\"@type\":\"WebPage\",\"@id\":\"https:\/\/lapistaciclabili.it\/producto\/canalizador-lider-60\/\",\"url\":\"https:\/\/lapistaciclabili.it\/producto\/canalizador-lider-60\/\",\"name\":\"Canalizador L\u00edder 60 - lapistaciclabili.it\",\"isPartOf\":{\"@id\":\"https:\/\/lapistaciclabili.it\/#website\"},\"primaryImageOfPage\":{\"@id\":\"https:\/\/lapistaciclabili.it\/producto\/canalizador-lider-60\/#primaryimage\"},\"image\":{\"@id\":\"https:\/\/lapistaciclabili.it\/producto\/canalizador-lider-60\/#primaryimage\"},\"thumbnailUrl\":\"https:\/\/lapistaciclabili.it\/wp-content\/uploads\/2024\/06\/Producto-Ciclopistas-10.webp\",\"datePublished\":\"2024-06-17T20:46:20+00:00\",\"dateModified\":\"2024-08-16T17:19:52+00:00\",\"description\":\"El Canalizador L\u00edder 60 proporciona una soluci\u00f3n efectiva y confiable para delimitar carriles exclusivos, como ciclov\u00edas. Resistente y de alta visibilidad\",\"breadcrumb\":{\"@id\":\"https:\/\/lapistaciclabili.it\/producto\/canalizador-lider-60\/#breadcrumb\"},\"inLanguage\":\"es\",\"potentialAction\":[{\"@type\":\"ReadAction\",\"target\":[\"https:\/\/lapistaciclabili.it\/producto\/canalizador-lider-60\/\"]}]},{\"@type\":\"ImageObject\",\"inLanguage\":\"es\",\"@id\":\"https:\/\/lapistaciclabili.it\/producto\/canalizador-lider-60\/#primaryimage\",\"url\":\"https:\/\/lapistaciclabili.it\/wp-content\/uploads\/2024\/06\/Producto-Ciclopistas-10.webp\",\"contentUrl\":\"https:\/\/lapistaciclabili.it\/wp-content\/uploads\/2024\/06\/Producto-Ciclopistas-10.webp\",\"width\":1200,\"height\":1200,\"caption\":\"El Canalizador L\u00edder 60 proporciona una soluci\u00f3n efectiva y confiable para delimitar carriles exclusivos, como ciclov\u00edas. Resistente y de alta visibilidad\"},{\"@type\":\"BreadcrumbList\",\"@id\":\"https:\/\/lapistaciclabili.it\/producto\/canalizador-lider-60\/#breadcrumb\",\"itemListElement\":[{\"@type\":\"ListItem\",\"position\":1,\"name\":\"Inicio\",\"item\":\"https:\/\/lapistaciclabili.it\/\"},{\"@type\":\"ListItem\",\"position\":2,\"name\":\"Tienda\",\"item\":\"https:\/\/lapistaciclabili.it\/tienda\/\"},{\"@type\":\"ListItem\",\"position\":3,\"name\":\"Canalizador L\u00edder 60\"}]},{\"@type\":\"WebSite\",\"@id\":\"https:\/\/lapistaciclabili.it\/#website\",\"url\":\"https:\/\/lapistaciclabili.it\/\",\"name\":\"lapistaciclabili.it\",\"description\":\"\",\"publisher\":{\"@id\":\"https:\/\/lapistaciclabili.it\/#organization\"},\"potentialAction\":[{\"@type\":\"SearchAction\",\"target\":{\"@type\":\"EntryPoint\",\"urlTemplate\":\"https:\/\/lapistaciclabili.it\/?s={search_term_string}\"},\"query-input\":\"required name=search_term_string\"}],\"inLanguage\":\"es\"},{\"@type\":\"Organization\",\"@id\":\"https:\/\/lapistaciclabili.it\/#organization\",\"name\":\"lapistaciclabili.it\",\"url\":\"https:\/\/lapistaciclabili.it\/\",\"logo\":{\"@type\":\"ImageObject\",\"inLanguage\":\"es\",\"@id\":\"https:\/\/lapistaciclabili.it\/#\/schema\/logo\/image\/\",\"url\":\"https:\/\/lapistaciclabili.it\/wp-content\/uploads\/2024\/06\/lapistaciclabili.it_-1.png\",\"contentUrl\":\"https:\/\/lapistaciclabili.it\/wp-content\/uploads\/2024\/06\/lapistaciclabili.it_-1.png\",\"width\":768,\"height\":220,\"caption\":\"lapistaciclabili.it\"},\"image\":{\"@id\":\"https:\/\/lapistaciclabili.it\/#\/schema\/logo\/image\/\"},\"sameAs\":[\"https:\/\/www.facebook.com\/multisenal\/\",\"https:\/\/x.com\/multisenal\",\"https:\/\/www.instagram.com\/multisenalmx\/\",\"https:\/\/www.linkedin.com\/company\/multisenalmexico\/\",\"https:\/\/www.youtube.com\/@multisenaloficial\"]}]}<\/script>\n<!-- \/ Yoast SEO Premium plugin. -->","yoast_head_json":{"title":"Canalizador L\u00edder 60 - lapistaciclabili.it","description":"El Canalizador L\u00edder 60 proporciona una soluci\u00f3n efectiva y confiable para delimitar carriles exclusivos, como ciclov\u00edas. Resistente y de alta visibilidad","robots":{"index":"index","follow":"follow","max-snippet":"max-snippet:-1","max-image-preview":"max-image-preview:large","max-video-preview":"max-video-preview:-1"},"canonical":"https:\/\/lapistaciclabili.it\/es\/producto\/canalizador-lider-60\/","og_locale":"es_ES","og_type":"article","og_title":"Canalizador L\u00edder 60","og_description":"El Canalizador L\u00edder 60 proporciona una soluci\u00f3n efectiva y confiable para delimitar carriles exclusivos, como ciclov\u00edas. Resistente y de alta visibilidad","og_url":"https:\/\/lapistaciclabili.it\/producto\/canalizador-lider-60\/","og_site_name":"lapistaciclabili.it","article_publisher":"https:\/\/www.facebook.com\/multisenal\/","article_modified_time":"2024-08-16T17:19:52+00:00","og_image":[{"width":1200,"height":1200,"url":"https:\/\/lapistaciclabili.it\/wp-content\/uploads\/2024\/06\/Producto-Ciclopistas-10.webp","type":"image\/webp"}],"twitter_card":"summary_large_image","twitter_site":"@multisenal","twitter_misc":{"Tiempo de lectura":"2 minutos"},"schema":{"@context":"https:\/\/schema.org","@graph":[{"@type":"WebPage","@id":"https:\/\/lapistaciclabili.it\/producto\/canalizador-lider-60\/","url":"https:\/\/lapistaciclabili.it\/producto\/canalizador-lider-60\/","name":"Canalizador L\u00edder 60 - lapistaciclabili.it","isPartOf":{"@id":"https:\/\/lapistaciclabili.it\/#website"},"primaryImageOfPage":{"@id":"https:\/\/lapistaciclabili.it\/producto\/canalizador-lider-60\/#primaryimage"},"image":{"@id":"https:\/\/lapistaciclabili.it\/producto\/canalizador-lider-60\/#primaryimage"},"thumbnailUrl":"https:\/\/lapistaciclabili.it\/wp-content\/uploads\/2024\/06\/Producto-Ciclopistas-10.webp","datePublished":"2024-06-17T20:46:20+00:00","dateModified":"2024-08-16T17:19:52+00:00","description":"El Canalizador L\u00edder 60 proporciona una soluci\u00f3n efectiva y confiable para delimitar carriles exclusivos, como ciclov\u00edas. Resistente y de alta visibilidad","breadcrumb":{"@id":"https:\/\/lapistaciclabili.it\/producto\/canalizador-lider-60\/#breadcrumb"},"inLanguage":"es","potentialAction":[{"@type":"ReadAction","target":["https:\/\/lapistaciclabili.it\/producto\/canalizador-lider-60\/"]}]},{"@type":"ImageObject","inLanguage":"es","@id":"https:\/\/lapistaciclabili.it\/producto\/canalizador-lider-60\/#primaryimage","url":"https:\/\/lapistaciclabili.it\/wp-content\/uploads\/2024\/06\/Producto-Ciclopistas-10.webp","contentUrl":"https:\/\/lapistaciclabili.it\/wp-content\/uploads\/2024\/06\/Producto-Ciclopistas-10.webp","width":1200,"height":1200,"caption":"El Canalizador L\u00edder 60 proporciona una soluci\u00f3n efectiva y confiable para delimitar carriles exclusivos, como ciclov\u00edas. Resistente y de alta visibilidad"},{"@type":"BreadcrumbList","@id":"https:\/\/lapistaciclabili.it\/producto\/canalizador-lider-60\/#breadcrumb","itemListElement":[{"@type":"ListItem","position":1,"name":"Inicio","item":"https:\/\/lapistaciclabili.it\/"},{"@type":"ListItem","position":2,"name":"Tienda","item":"https:\/\/lapistaciclabili.it\/tienda\/"},{"@type":"ListItem","position":3,"name":"Canalizador L\u00edder 60"}]},{"@type":"WebSite","@id":"https:\/\/lapistaciclabili.it\/#website","url":"https:\/\/lapistaciclabili.it\/","name":"lapistaciclabili.it","description":"","publisher":{"@id":"https:\/\/lapistaciclabili.it\/#organization"},"potentialAction":[{"@type":"SearchAction","target":{"@type":"EntryPoint","urlTemplate":"https:\/\/lapistaciclabili.it\/?s={search_term_string}"},"query-input":"required name=search_term_string"}],"inLanguage":"es"},{"@type":"Organization","@id":"https:\/\/lapistaciclabili.it\/#organization","name":"lapistaciclabili.it","url":"https:\/\/lapistaciclabili.it\/","logo":{"@type":"ImageObject","inLanguage":"es","@id":"https:\/\/lapistaciclabili.it\/#\/schema\/logo\/image\/","url":"https:\/\/lapistaciclabili.it\/wp-content\/uploads\/2024\/06\/lapistaciclabili.it_-1.png","contentUrl":"https:\/\/lapistaciclabili.it\/wp-content\/uploads\/2024\/06\/lapistaciclabili.it_-1.png","width":768,"height":220,"caption":"lapistaciclabili.it"},"image":{"@id":"https:\/\/lapistaciclabili.it\/#\/schema\/logo\/image\/"},"sameAs":["https:\/\/www.facebook.com\/multisenal\/","https:\/\/x.com\/multisenal","https:\/\/www.instagram.com\/multisenalmx\/","https:\/\/www.linkedin.com\/company\/multisenalmexico\/","https:\/\/www.youtube.com\/@multisenaloficial"]}]}},"_links":{"self":[{"href":"https:\/\/lapistaciclabili.it\/es\/wp-json\/wp\/v2\/product\/3764","targetHints":{"allow":["GET"]}}],"collection":[{"href":"https:\/\/lapistaciclabili.it\/es\/wp-json\/wp\/v2\/product"}],"about":[{"href":"https:\/\/lapistaciclabili.it\/es\/wp-json\/wp\/v2\/types\/product"}],"replies":[{"embeddable":true,"href":"https:\/\/lapistaciclabili.it\/es\/wp-json\/wp\/v2\/comments?post=3764"}],"wp:featuredmedia":[{"embeddable":true,"href":"https:\/\/lapistaciclabili.it\/es\/wp-json\/wp\/v2\/media\/3804"}],"wp:attachment":[{"href":"https:\/\/lapistaciclabili.it\/es\/wp-json\/wp\/v2\/media?parent=3764"}],"wp:term":[{"taxonomy":"product_cat","embeddable":true,"href":"https:\/\/lapistaciclabili.it\/es\/wp-json\/wp\/v2\/product_cat?post=3764"},{"taxonomy":"product_tag","embeddable":true,"href":"https:\/\/lapistaciclabili.it\/es\/wp-json\/wp\/v2\/product_tag?post=3764"}],"curies":[{"name":"wp","href":"https:\/\/api.w.org\/{rel}","templated":true}]}}