{"id":3762,"date":"2024-06-10T19:22:20","date_gmt":"2024-06-10T19:22:20","guid":{"rendered":"https:\/\/lapistaciclabili.it\/?post_type=product&#038;p=3762"},"modified":"2024-08-16T21:46:26","modified_gmt":"2024-08-16T21:46:26","slug":"canalizador-oruga","status":"publish","type":"product","link":"https:\/\/lapistaciclabili.it\/es\/producto\/canalizador-oruga\/","title":{"rendered":"Canalizador Oruga"},"content":{"rendered":"<p style=\"font-weight: 400;\">El canalizador oruga es un tope dise\u00f1ado especialmente para proporcionar completa visibilidad a los ciclistas y automovilistas debido a sus 4 \u00e1reas con reflejante por lado, colocadas en el \u00e1ngulo perfecto. Para emplearse como canalizador de ciclopistas.<\/p>\n<p style=\"font-weight: 400;\">De f\u00e1cil instalaci\u00f3n. Fabricado en polietileno de media densidad con UV para otorgar la mayor resistencia a los impactos o aplastamientos, as\u00ed como a los diversos climas.<\/p>\n<p style=\"font-weight: 400;\">Demarcador de carriles especiales. Ideal para delimitar o confinar carriles exclusivos para ciclistas. Se usan para prever el encauzamiento en las l\u00edneas de tr\u00e1nsito.<\/p>\n<p style=\"font-weight: 400;\">Su composici\u00f3n, a base de polietileno de media densidad, ofrece mejor desempe\u00f1o de resistencia y dilataci\u00f3n de sus materiales, aun en temperaturas extremas.<\/p>\n<p>Es resistente al paso de veh\u00edculos o neum\u00e1ticos de bicis sin recibir ni proporcionar ning\u00fan da\u00f1o. Cuenta con protecci\u00f3n a rayos UV, caracter\u00edstica que lo hace ideal para funcionar en las condiciones clim\u00e1ticas m\u00e1s adversas, desde las m\u00e1s calurosas hasta aquellas con lluvia.<\/p>\n<p style=\"font-weight: 400;\">Resistencia a la humedad, corrosi\u00f3n y cambios clim\u00e1ticos.<\/p>\n<p style=\"font-weight: 400;\">Elaborado en una sola pieza.\u00a0Dise\u00f1o de alta tecnolog\u00eda, tienen la forma de un tronco piramidal, por lo que tambi\u00e9n cuenta con la altura ideal para no da\u00f1ar los neum\u00e1ticos tanto de ciclistas como automovilistas. Al no contar con aristas, se evitan los riesgos de ponchaduras.<\/p>\n<p style=\"font-weight: 400;\">Adicionado con un par de reflejantes, uno en cada extremo, a\u00f1adiendo mayor visibilidad con los que ya tiene a los costados.<\/p>\n<p style=\"font-weight: 400;\">Color amarillo; d\u00e1ndole mayor visibilidad en cualquier momento del d\u00eda.<\/p>\n<p style=\"font-weight: 400;\">F\u00e1cil de instalar para su acoplamiento inmediato donde m\u00e1s se le requiera.<\/p>\n<p style=\"font-weight: 400;\"><strong>Medidas:<\/strong><\/p>\n<p>Largo: 60.0 cm.<br \/>\nAlto: 9.0 cm.<br \/>\nAncho: 18.5 cm.<\/p>\n<p><strong>Colores<\/strong>: Amarillo o verde.<br \/>\n<strong>Reflejante<\/strong>: Blanco<\/p>\n<p>El canalizador oruga es un <a href=\"https:\/\/lapistaciclabili.it\/productos-ciclovias\/\">dispositivo vial<\/a> que te ayudar\u00e1 a brindar mayor seguridad en las <a href=\"https:\/\/multisenal.com\/blog\/ciclopistas-2\/las-mejores-ciclovias-del-mundo\/\">ciclov\u00edas<\/a>, al mismo tiempo que delimitas carriles especiales. De alta reflectividad y resistencia.<\/p>\n","protected":false},"excerpt":{"rendered":"<p><strong>Nombre del producto: Canalizador Oruga<\/strong><\/p>\n<p><strong>C\u00f3digo: CN-OG-60<\/strong><\/p>\n<table>\n<tbody>\n<tr>\n<td style=\"text-align: center;\"><strong>ESPA\u00d1OL<\/strong><\/td>\n<td style=\"text-align: center;\"><strong>INGL\u00c9S<\/strong><\/td>\n<td style=\"text-align: center;\"><strong>MODELO 3D<\/strong><\/td>\n<\/tr>\n<tr>\n<td><a href=\"https:\/\/multisenal.com.mx\/FichasTecnicas\/Canalizador-CN-OG-60-ES.pdf\"><img decoding=\"async\" class=\"wp-image-5524 aligncenter\" src=\"https:\/\/lapistaciclabili.it\/wp-content\/uploads\/2024\/06\/img-pdf-ciclopistas.webp\" alt=\"\" width=\"49\" height=\"49\" \/><\/a><\/td>\n<td><a href=\"https:\/\/multisenal.com.mx\/FichasTecnicas\/Canalizador-CN-OG-60-EN.pdf\"><img decoding=\"async\" class=\"wp-image-5524 aligncenter\" src=\"https:\/\/lapistaciclabili.it\/wp-content\/uploads\/2024\/06\/img-pdf-ciclopistas.webp\" alt=\"\" width=\"49\" height=\"49\" \/><\/a><\/td>\n<td><a href=\"https:\/\/lapistaciclabili.it\/renders\/oruga-modelo-360\/\"><img decoding=\"async\" class=\"wp-image-5524 aligncenter\" src=\"https:\/\/lapistaciclabili.it\/wp-content\/uploads\/2024\/06\/img-modelo3D.webp\" alt=\"\" width=\"49\" height=\"49\" \/><\/a><\/td>\n<\/tr>\n<\/tbody>\n<\/table>\n","protected":false},"featured_media":3802,"comment_status":"open","ping_status":"closed","template":"","meta":[],"product_cat":[21,25],"product_tag":[],"class_list":{"0":"post-3762","1":"product","2":"type-product","3":"status-publish","4":"has-post-thumbnail","6":"product_cat-delimitadores-viales","7":"product_cat-canalizadores","9":"first","10":"instock","11":"shipping-taxable","12":"product-type-simple"},"yoast_head":"<!-- This site is optimized with the Yoast SEO Premium plugin v22.3 (Yoast SEO v23.0) - https:\/\/yoast.com\/wordpress\/plugins\/seo\/ -->\n<title>Canalizador Oruga - lapistaciclabili.it<\/title>\n<meta name=\"description\" content=\"El Canalizador Oruga ofrece la mejor protecci\u00f3n para delimitar carriles especiales y ciclov\u00edas gracias a sus diversas zonas reflejantes\" \/>\n<meta name=\"robots\" content=\"index, follow, max-snippet:-1, max-image-preview:large, max-video-preview:-1\" \/>\n<link rel=\"canonical\" href=\"https:\/\/lapistaciclabili.it\/es\/producto\/canalizador-oruga\/\" \/>\n<meta property=\"og:locale\" content=\"es_ES\" \/>\n<meta property=\"og:type\" content=\"article\" \/>\n<meta property=\"og:title\" content=\"Canalizador Oruga\" \/>\n<meta property=\"og:description\" content=\"El Canalizador Oruga ofrece la mejor protecci\u00f3n para delimitar carriles especiales y ciclov\u00edas gracias a sus diversas zonas reflejantes\" \/>\n<meta property=\"og:url\" content=\"https:\/\/lapistaciclabili.it\/producto\/canalizador-oruga\/\" \/>\n<meta property=\"og:site_name\" content=\"lapistaciclabili.it\" \/>\n<meta property=\"article:publisher\" content=\"https:\/\/www.facebook.com\/multisenal\/\" \/>\n<meta property=\"article:modified_time\" content=\"2024-08-16T21:46:26+00:00\" \/>\n<meta property=\"og:image\" content=\"https:\/\/lapistaciclabili.it\/wp-content\/uploads\/2024\/06\/Producto-Ciclopistas-22.webp\" \/>\n\t<meta property=\"og:image:width\" content=\"1200\" \/>\n\t<meta property=\"og:image:height\" content=\"1200\" \/>\n\t<meta property=\"og:image:type\" content=\"image\/webp\" \/>\n<meta name=\"twitter:card\" content=\"summary_large_image\" \/>\n<meta name=\"twitter:site\" content=\"@multisenal\" \/>\n<meta name=\"twitter:label1\" content=\"Tiempo de lectura\" \/>\n\t<meta name=\"twitter:data1\" content=\"2 minutos\" \/>\n<script type=\"application\/ld+json\" class=\"yoast-schema-graph\">{\"@context\":\"https:\/\/schema.org\",\"@graph\":[{\"@type\":\"WebPage\",\"@id\":\"https:\/\/lapistaciclabili.it\/producto\/canalizador-oruga\/\",\"url\":\"https:\/\/lapistaciclabili.it\/producto\/canalizador-oruga\/\",\"name\":\"Canalizador Oruga - lapistaciclabili.it\",\"isPartOf\":{\"@id\":\"https:\/\/lapistaciclabili.it\/#website\"},\"primaryImageOfPage\":{\"@id\":\"https:\/\/lapistaciclabili.it\/producto\/canalizador-oruga\/#primaryimage\"},\"image\":{\"@id\":\"https:\/\/lapistaciclabili.it\/producto\/canalizador-oruga\/#primaryimage\"},\"thumbnailUrl\":\"https:\/\/lapistaciclabili.it\/wp-content\/uploads\/2024\/06\/Producto-Ciclopistas-22.webp\",\"datePublished\":\"2024-06-10T19:22:20+00:00\",\"dateModified\":\"2024-08-16T21:46:26+00:00\",\"description\":\"El Canalizador Oruga ofrece la mejor protecci\u00f3n para delimitar carriles especiales y ciclov\u00edas gracias a sus diversas zonas reflejantes\",\"breadcrumb\":{\"@id\":\"https:\/\/lapistaciclabili.it\/producto\/canalizador-oruga\/#breadcrumb\"},\"inLanguage\":\"es\",\"potentialAction\":[{\"@type\":\"ReadAction\",\"target\":[\"https:\/\/lapistaciclabili.it\/producto\/canalizador-oruga\/\"]}]},{\"@type\":\"ImageObject\",\"inLanguage\":\"es\",\"@id\":\"https:\/\/lapistaciclabili.it\/producto\/canalizador-oruga\/#primaryimage\",\"url\":\"https:\/\/lapistaciclabili.it\/wp-content\/uploads\/2024\/06\/Producto-Ciclopistas-22.webp\",\"contentUrl\":\"https:\/\/lapistaciclabili.it\/wp-content\/uploads\/2024\/06\/Producto-Ciclopistas-22.webp\",\"width\":1200,\"height\":1200,\"caption\":\"El Canalizador Oruga ofrece la mejor protecci\u00f3n para delimitar carriles especiales y ciclov\u00edas gracias a sus diversas zonas reflejantes\"},{\"@type\":\"BreadcrumbList\",\"@id\":\"https:\/\/lapistaciclabili.it\/producto\/canalizador-oruga\/#breadcrumb\",\"itemListElement\":[{\"@type\":\"ListItem\",\"position\":1,\"name\":\"Inicio\",\"item\":\"https:\/\/lapistaciclabili.it\/\"},{\"@type\":\"ListItem\",\"position\":2,\"name\":\"Tienda\",\"item\":\"https:\/\/lapistaciclabili.it\/tienda\/\"},{\"@type\":\"ListItem\",\"position\":3,\"name\":\"Canalizador Oruga\"}]},{\"@type\":\"WebSite\",\"@id\":\"https:\/\/lapistaciclabili.it\/#website\",\"url\":\"https:\/\/lapistaciclabili.it\/\",\"name\":\"lapistaciclabili.it\",\"description\":\"\",\"publisher\":{\"@id\":\"https:\/\/lapistaciclabili.it\/#organization\"},\"potentialAction\":[{\"@type\":\"SearchAction\",\"target\":{\"@type\":\"EntryPoint\",\"urlTemplate\":\"https:\/\/lapistaciclabili.it\/?s={search_term_string}\"},\"query-input\":\"required name=search_term_string\"}],\"inLanguage\":\"es\"},{\"@type\":\"Organization\",\"@id\":\"https:\/\/lapistaciclabili.it\/#organization\",\"name\":\"lapistaciclabili.it\",\"url\":\"https:\/\/lapistaciclabili.it\/\",\"logo\":{\"@type\":\"ImageObject\",\"inLanguage\":\"es\",\"@id\":\"https:\/\/lapistaciclabili.it\/#\/schema\/logo\/image\/\",\"url\":\"https:\/\/lapistaciclabili.it\/wp-content\/uploads\/2024\/06\/lapistaciclabili.it_-1.png\",\"contentUrl\":\"https:\/\/lapistaciclabili.it\/wp-content\/uploads\/2024\/06\/lapistaciclabili.it_-1.png\",\"width\":768,\"height\":220,\"caption\":\"lapistaciclabili.it\"},\"image\":{\"@id\":\"https:\/\/lapistaciclabili.it\/#\/schema\/logo\/image\/\"},\"sameAs\":[\"https:\/\/www.facebook.com\/multisenal\/\",\"https:\/\/x.com\/multisenal\",\"https:\/\/www.instagram.com\/multisenalmx\/\",\"https:\/\/www.linkedin.com\/company\/multisenalmexico\/\",\"https:\/\/www.youtube.com\/@multisenaloficial\"]}]}<\/script>\n<!-- \/ Yoast SEO Premium plugin. -->","yoast_head_json":{"title":"Canalizador Oruga - lapistaciclabili.it","description":"El Canalizador Oruga ofrece la mejor protecci\u00f3n para delimitar carriles especiales y ciclov\u00edas gracias a sus diversas zonas reflejantes","robots":{"index":"index","follow":"follow","max-snippet":"max-snippet:-1","max-image-preview":"max-image-preview:large","max-video-preview":"max-video-preview:-1"},"canonical":"https:\/\/lapistaciclabili.it\/es\/producto\/canalizador-oruga\/","og_locale":"es_ES","og_type":"article","og_title":"Canalizador Oruga","og_description":"El Canalizador Oruga ofrece la mejor protecci\u00f3n para delimitar carriles especiales y ciclov\u00edas gracias a sus diversas zonas reflejantes","og_url":"https:\/\/lapistaciclabili.it\/producto\/canalizador-oruga\/","og_site_name":"lapistaciclabili.it","article_publisher":"https:\/\/www.facebook.com\/multisenal\/","article_modified_time":"2024-08-16T21:46:26+00:00","og_image":[{"width":1200,"height":1200,"url":"https:\/\/lapistaciclabili.it\/wp-content\/uploads\/2024\/06\/Producto-Ciclopistas-22.webp","type":"image\/webp"}],"twitter_card":"summary_large_image","twitter_site":"@multisenal","twitter_misc":{"Tiempo de lectura":"2 minutos"},"schema":{"@context":"https:\/\/schema.org","@graph":[{"@type":"WebPage","@id":"https:\/\/lapistaciclabili.it\/producto\/canalizador-oruga\/","url":"https:\/\/lapistaciclabili.it\/producto\/canalizador-oruga\/","name":"Canalizador Oruga - lapistaciclabili.it","isPartOf":{"@id":"https:\/\/lapistaciclabili.it\/#website"},"primaryImageOfPage":{"@id":"https:\/\/lapistaciclabili.it\/producto\/canalizador-oruga\/#primaryimage"},"image":{"@id":"https:\/\/lapistaciclabili.it\/producto\/canalizador-oruga\/#primaryimage"},"thumbnailUrl":"https:\/\/lapistaciclabili.it\/wp-content\/uploads\/2024\/06\/Producto-Ciclopistas-22.webp","datePublished":"2024-06-10T19:22:20+00:00","dateModified":"2024-08-16T21:46:26+00:00","description":"El Canalizador Oruga ofrece la mejor protecci\u00f3n para delimitar carriles especiales y ciclov\u00edas gracias a sus diversas zonas reflejantes","breadcrumb":{"@id":"https:\/\/lapistaciclabili.it\/producto\/canalizador-oruga\/#breadcrumb"},"inLanguage":"es","potentialAction":[{"@type":"ReadAction","target":["https:\/\/lapistaciclabili.it\/producto\/canalizador-oruga\/"]}]},{"@type":"ImageObject","inLanguage":"es","@id":"https:\/\/lapistaciclabili.it\/producto\/canalizador-oruga\/#primaryimage","url":"https:\/\/lapistaciclabili.it\/wp-content\/uploads\/2024\/06\/Producto-Ciclopistas-22.webp","contentUrl":"https:\/\/lapistaciclabili.it\/wp-content\/uploads\/2024\/06\/Producto-Ciclopistas-22.webp","width":1200,"height":1200,"caption":"El Canalizador Oruga ofrece la mejor protecci\u00f3n para delimitar carriles especiales y ciclov\u00edas gracias a sus diversas zonas reflejantes"},{"@type":"BreadcrumbList","@id":"https:\/\/lapistaciclabili.it\/producto\/canalizador-oruga\/#breadcrumb","itemListElement":[{"@type":"ListItem","position":1,"name":"Inicio","item":"https:\/\/lapistaciclabili.it\/"},{"@type":"ListItem","position":2,"name":"Tienda","item":"https:\/\/lapistaciclabili.it\/tienda\/"},{"@type":"ListItem","position":3,"name":"Canalizador Oruga"}]},{"@type":"WebSite","@id":"https:\/\/lapistaciclabili.it\/#website","url":"https:\/\/lapistaciclabili.it\/","name":"lapistaciclabili.it","description":"","publisher":{"@id":"https:\/\/lapistaciclabili.it\/#organization"},"potentialAction":[{"@type":"SearchAction","target":{"@type":"EntryPoint","urlTemplate":"https:\/\/lapistaciclabili.it\/?s={search_term_string}"},"query-input":"required name=search_term_string"}],"inLanguage":"es"},{"@type":"Organization","@id":"https:\/\/lapistaciclabili.it\/#organization","name":"lapistaciclabili.it","url":"https:\/\/lapistaciclabili.it\/","logo":{"@type":"ImageObject","inLanguage":"es","@id":"https:\/\/lapistaciclabili.it\/#\/schema\/logo\/image\/","url":"https:\/\/lapistaciclabili.it\/wp-content\/uploads\/2024\/06\/lapistaciclabili.it_-1.png","contentUrl":"https:\/\/lapistaciclabili.it\/wp-content\/uploads\/2024\/06\/lapistaciclabili.it_-1.png","width":768,"height":220,"caption":"lapistaciclabili.it"},"image":{"@id":"https:\/\/lapistaciclabili.it\/#\/schema\/logo\/image\/"},"sameAs":["https:\/\/www.facebook.com\/multisenal\/","https:\/\/x.com\/multisenal","https:\/\/www.instagram.com\/multisenalmx\/","https:\/\/www.linkedin.com\/company\/multisenalmexico\/","https:\/\/www.youtube.com\/@multisenaloficial"]}]}},"_links":{"self":[{"href":"https:\/\/lapistaciclabili.it\/es\/wp-json\/wp\/v2\/product\/3762","targetHints":{"allow":["GET"]}}],"collection":[{"href":"https:\/\/lapistaciclabili.it\/es\/wp-json\/wp\/v2\/product"}],"about":[{"href":"https:\/\/lapistaciclabili.it\/es\/wp-json\/wp\/v2\/types\/product"}],"replies":[{"embeddable":true,"href":"https:\/\/lapistaciclabili.it\/es\/wp-json\/wp\/v2\/comments?post=3762"}],"wp:featuredmedia":[{"embeddable":true,"href":"https:\/\/lapistaciclabili.it\/es\/wp-json\/wp\/v2\/media\/3802"}],"wp:attachment":[{"href":"https:\/\/lapistaciclabili.it\/es\/wp-json\/wp\/v2\/media?parent=3762"}],"wp:term":[{"taxonomy":"product_cat","embeddable":true,"href":"https:\/\/lapistaciclabili.it\/es\/wp-json\/wp\/v2\/product_cat?post=3762"},{"taxonomy":"product_tag","embeddable":true,"href":"https:\/\/lapistaciclabili.it\/es\/wp-json\/wp\/v2\/product_tag?post=3762"}],"curies":[{"name":"wp","href":"https:\/\/api.w.org\/{rel}","templated":true}]}}