{"id":3760,"date":"2024-06-17T22:23:20","date_gmt":"2024-06-17T22:23:20","guid":{"rendered":"https:\/\/lapistaciclabili.it\/?post_type=product&#038;p=3760"},"modified":"2024-10-31T15:17:30","modified_gmt":"2024-10-31T21:17:30","slug":"confibici-40","status":"publish","type":"product","link":"https:\/\/lapistaciclabili.it\/es\/producto\/confibici-40\/","title":{"rendered":"Confibici 40"},"content":{"rendered":"<p style=\"font-weight: 400;\">\u00a1Descubre nuestro Canalizador Confibici 40, la opci\u00f3n perfecta para la delimitaci\u00f3n de ciclov\u00edas!<\/p>\n<p style=\"font-weight: 400;\">Al instalarlo, asignas espacios seguros para ciclistas de forma f\u00e1cil, sencilla y econ\u00f3mica. Los canalizadores no solo gu\u00edan a los ciclistas de manera segura, sino que tambi\u00e9n aumentan la visibilidad de la ciclopista para los conductores en el d\u00eda y la noche, gracias a sus reflejantes estrat\u00e9gicamente colocados.<\/p>\n<p style=\"font-weight: 400;\"><strong>Caracter\u00edsticas destacadas:<\/strong><\/p>\n<ul>\n<li style=\"font-weight: 400;\">Fabricado en polietileno resistente a los rayos UV, el Canalizador Confibici 40 est\u00e1 moldeado en una sola pieza para m\u00e1xima durabilidad, en llamativo color amarillo para alta visibilidad.<\/li>\n<li style=\"font-weight: 400;\">Resistencia probada contra humedad, aceite y variaciones clim\u00e1ticas, garantizando su funcionalidad en cualquier entorno.<\/li>\n<li style=\"font-weight: 400;\">Dise\u00f1o con bordes redondeados que aseguran la seguridad de los ciclistas sin riesgo de da\u00f1os para sus bicicletas.<\/li>\n<li style=\"font-weight: 400;\">Rampa lateral con nervaduras antiderrapantes para evitar accidentes por maniobras bruscas. Si los neum\u00e1ticos de la bici llegan a pasar sobre el canalizador por accidente, evitar\u00e1 que el ciclista resbale.<\/li>\n<li style=\"font-weight: 400;\">Reflejantes en extremos y laterales con dise\u00f1o en alto relieve para protecci\u00f3n y visibilidad \u00f3ptima.<\/li>\n<li style=\"font-weight: 400;\">Opci\u00f3n de personalizaci\u00f3n con logotipo institucional para una identificaci\u00f3n clara y profesional.<\/li>\n<\/ul>\n<p style=\"font-weight: 400;\">Nuestros canalizadores y bolardos est\u00e1n dise\u00f1ados para adaptarse a las necesidades de tu ciudad, mejorando la seguridad ciclista y facilitando la movilidad de los usuarios.<\/p>\n<p style=\"font-weight: 400;\">En vialidades estrechas, combina el Canalizador Confibici 40 con su modelo <a href=\"https:\/\/lapistaciclabili.it\/producto\/confibici-25\/\">Confibici 25<\/a>, de dise\u00f1o similar y con las mismas propiedades, con la \u00fanica diferencia de que este \u00faltimo tiene 25 cm de ancho.<\/p>\n<p>Este dispositivo vial es una herramienta que no puede faltar en la <a href=\"https:\/\/multisenal.com.mx\/blog\/infraestructura-y-equipamiento-ciclista-que-es\/\">infraestructura ciclista<\/a> de cualquier ciudad. Se trata de las mejores herramientas para mantener a salvo al usuario de la bici en avenidas con alta afluencia de veh\u00edculos motorizados.<\/p>\n<h4><img fetchpriority=\"high\" decoding=\"async\" class=\"size-medium wp-image-5511 aligncenter\" src=\"https:\/\/lapistaciclabili.it\/wp-content\/uploads\/2024\/06\/img-confi40-300x225.webp\" alt=\"\" width=\"300\" height=\"225\" srcset=\"https:\/\/lapistaciclabili.it\/wp-content\/uploads\/2024\/06\/img-confi40-300x225.webp 300w, https:\/\/lapistaciclabili.it\/wp-content\/uploads\/2024\/06\/img-confi40-1024x767.webp 1024w, https:\/\/lapistaciclabili.it\/wp-content\/uploads\/2024\/06\/img-confi40-768x575.webp 768w, https:\/\/lapistaciclabili.it\/wp-content\/uploads\/2024\/06\/img-confi40-600x450.webp 600w, https:\/\/lapistaciclabili.it\/wp-content\/uploads\/2024\/06\/img-confi40.webp 1276w\" sizes=\"(max-width: 300px) 100vw, 300px\" \/><\/h4>\n<p>&nbsp;<\/p>\n","protected":false},"excerpt":{"rendered":"<p><strong>Nombre del Producto: Bolardo Confi-Bici 40<\/strong><\/p>\n<p><strong>C\u00f3digo: B-COBI-40<\/strong><\/p>\n<table>\n<tbody>\n<tr>\n<td style=\"text-align: center;\"><strong>ESPA\u00d1OL<\/strong><\/td>\n<td style=\"text-align: center;\"><strong>INGL\u00c9S<\/strong><\/td>\n<td style=\"text-align: center;\"><strong>MODELO 3D<\/strong><\/td>\n<\/tr>\n<tr>\n<td><a href=\"https:\/\/multisenal.com.mx\/FichasTecnicas\/Confi-Bici-B-COBI-40-ES.pdf\"><img decoding=\"async\" class=\"wp-image-5524 aligncenter\" src=\"https:\/\/lapistaciclabili.it\/wp-content\/uploads\/2024\/06\/img-pdf-ciclopistas.webp\" alt=\"\" width=\"49\" height=\"49\" \/><\/a><\/td>\n<td><a href=\"https:\/\/multisenal.com.mx\/FichasTecnicas\/Confi-Bici-B-COBI-40-EN.pdf\"><img decoding=\"async\" class=\"wp-image-5524 aligncenter\" src=\"https:\/\/lapistaciclabili.it\/wp-content\/uploads\/2024\/06\/img-pdf-ciclopistas.webp\" alt=\"\" width=\"49\" height=\"49\" \/><\/a><\/td>\n<td><a href=\"https:\/\/lapistaciclabili.it\/renders\/confibici-40-modelo-360\/\"><img decoding=\"async\" class=\"wp-image-5524 aligncenter\" src=\"https:\/\/lapistaciclabili.it\/wp-content\/uploads\/2024\/06\/img-modelo3D.webp\" alt=\"\" width=\"49\" height=\"49\" \/><\/a><\/td>\n<\/tr>\n<\/tbody>\n<\/table>\n","protected":false},"featured_media":12966,"comment_status":"open","ping_status":"closed","template":"","meta":[],"product_cat":[21,25],"product_tag":[],"class_list":{"0":"post-3760","1":"product","2":"type-product","3":"status-publish","4":"has-post-thumbnail","6":"product_cat-delimitadores-viales","7":"product_cat-canalizadores","9":"first","10":"instock","11":"shipping-taxable","12":"product-type-simple"},"yoast_head":"<!-- This site is optimized with the Yoast SEO Premium plugin v22.3 (Yoast SEO v23.0) - https:\/\/yoast.com\/wordpress\/plugins\/seo\/ -->\n<title>Confibici 40 - lapistaciclabili.it<\/title>\n<meta name=\"description\" content=\"El Confibici 40 es la mejor opci\u00f3n para delimitar ciclov\u00edas de manera f\u00edsica. La mejor opci\u00f3n en seguridad para el ciclista.\" \/>\n<meta name=\"robots\" content=\"index, follow, max-snippet:-1, max-image-preview:large, max-video-preview:-1\" \/>\n<link rel=\"canonical\" href=\"https:\/\/lapistaciclabili.it\/es\/producto\/confibici-40\/\" \/>\n<meta property=\"og:locale\" content=\"es_ES\" \/>\n<meta property=\"og:type\" content=\"article\" \/>\n<meta property=\"og:title\" content=\"Confibici 40\" \/>\n<meta property=\"og:description\" content=\"El Confibici 40 es la mejor opci\u00f3n para delimitar ciclov\u00edas de manera f\u00edsica. La mejor opci\u00f3n en seguridad para el ciclista.\" \/>\n<meta property=\"og:url\" content=\"https:\/\/lapistaciclabili.it\/es\/producto\/confibici-40\/\" \/>\n<meta property=\"og:site_name\" content=\"lapistaciclabili.it\" \/>\n<meta property=\"article:publisher\" content=\"https:\/\/www.facebook.com\/multisenal\/\" \/>\n<meta property=\"article:modified_time\" content=\"2024-10-31T21:17:30+00:00\" \/>\n<meta property=\"og:image\" content=\"https:\/\/lapistaciclabili.it\/wp-content\/uploads\/2024\/08\/canalizador-h7-40.webp\" \/>\n\t<meta property=\"og:image:width\" content=\"1200\" \/>\n\t<meta property=\"og:image:height\" content=\"1200\" \/>\n\t<meta property=\"og:image:type\" content=\"image\/webp\" \/>\n<meta name=\"twitter:card\" content=\"summary_large_image\" \/>\n<meta name=\"twitter:site\" content=\"@multisenal\" \/>\n<meta name=\"twitter:label1\" content=\"Tiempo de lectura\" \/>\n\t<meta name=\"twitter:data1\" content=\"2 minutos\" \/>\n<script type=\"application\/ld+json\" class=\"yoast-schema-graph\">{\"@context\":\"https:\/\/schema.org\",\"@graph\":[{\"@type\":\"WebPage\",\"@id\":\"https:\/\/lapistaciclabili.it\/es\/producto\/confibici-40\/\",\"url\":\"https:\/\/lapistaciclabili.it\/es\/producto\/confibici-40\/\",\"name\":\"Confibici 40 - lapistaciclabili.it\",\"isPartOf\":{\"@id\":\"https:\/\/lapistaciclabili.it\/#website\"},\"primaryImageOfPage\":{\"@id\":\"https:\/\/lapistaciclabili.it\/es\/producto\/confibici-40\/#primaryimage\"},\"image\":{\"@id\":\"https:\/\/lapistaciclabili.it\/es\/producto\/confibici-40\/#primaryimage\"},\"thumbnailUrl\":\"https:\/\/lapistaciclabili.it\/wp-content\/uploads\/2024\/08\/canalizador-h7-40.webp\",\"datePublished\":\"2024-06-17T22:23:20+00:00\",\"dateModified\":\"2024-10-31T21:17:30+00:00\",\"description\":\"El Confibici 40 es la mejor opci\u00f3n para delimitar ciclov\u00edas de manera f\u00edsica. La mejor opci\u00f3n en seguridad para el ciclista.\",\"breadcrumb\":{\"@id\":\"https:\/\/lapistaciclabili.it\/es\/producto\/confibici-40\/#breadcrumb\"},\"inLanguage\":\"es\",\"potentialAction\":[{\"@type\":\"ReadAction\",\"target\":[\"https:\/\/lapistaciclabili.it\/es\/producto\/confibici-40\/\"]}]},{\"@type\":\"ImageObject\",\"inLanguage\":\"es\",\"@id\":\"https:\/\/lapistaciclabili.it\/es\/producto\/confibici-40\/#primaryimage\",\"url\":\"https:\/\/lapistaciclabili.it\/wp-content\/uploads\/2024\/08\/canalizador-h7-40.webp\",\"contentUrl\":\"https:\/\/lapistaciclabili.it\/wp-content\/uploads\/2024\/08\/canalizador-h7-40.webp\",\"width\":1200,\"height\":1200},{\"@type\":\"BreadcrumbList\",\"@id\":\"https:\/\/lapistaciclabili.it\/es\/producto\/confibici-40\/#breadcrumb\",\"itemListElement\":[{\"@type\":\"ListItem\",\"position\":1,\"name\":\"Inicio\",\"item\":\"https:\/\/lapistaciclabili.it\/\"},{\"@type\":\"ListItem\",\"position\":2,\"name\":\"Tienda\",\"item\":\"https:\/\/lapistaciclabili.it\/tienda\/\"},{\"@type\":\"ListItem\",\"position\":3,\"name\":\"Confibici 40\"}]},{\"@type\":\"WebSite\",\"@id\":\"https:\/\/lapistaciclabili.it\/#website\",\"url\":\"https:\/\/lapistaciclabili.it\/\",\"name\":\"lapistaciclabili.it\",\"description\":\"\",\"publisher\":{\"@id\":\"https:\/\/lapistaciclabili.it\/#organization\"},\"potentialAction\":[{\"@type\":\"SearchAction\",\"target\":{\"@type\":\"EntryPoint\",\"urlTemplate\":\"https:\/\/lapistaciclabili.it\/?s={search_term_string}\"},\"query-input\":\"required name=search_term_string\"}],\"inLanguage\":\"es\"},{\"@type\":\"Organization\",\"@id\":\"https:\/\/lapistaciclabili.it\/#organization\",\"name\":\"lapistaciclabili.it\",\"url\":\"https:\/\/lapistaciclabili.it\/\",\"logo\":{\"@type\":\"ImageObject\",\"inLanguage\":\"es\",\"@id\":\"https:\/\/lapistaciclabili.it\/#\/schema\/logo\/image\/\",\"url\":\"https:\/\/lapistaciclabili.it\/wp-content\/uploads\/2024\/06\/lapistaciclabili.it_-1.png\",\"contentUrl\":\"https:\/\/lapistaciclabili.it\/wp-content\/uploads\/2024\/06\/lapistaciclabili.it_-1.png\",\"width\":768,\"height\":220,\"caption\":\"lapistaciclabili.it\"},\"image\":{\"@id\":\"https:\/\/lapistaciclabili.it\/#\/schema\/logo\/image\/\"},\"sameAs\":[\"https:\/\/www.facebook.com\/multisenal\/\",\"https:\/\/x.com\/multisenal\",\"https:\/\/www.instagram.com\/multisenalmx\/\",\"https:\/\/www.linkedin.com\/company\/multisenalmexico\/\",\"https:\/\/www.youtube.com\/@multisenaloficial\"]}]}<\/script>\n<!-- \/ Yoast SEO Premium plugin. -->","yoast_head_json":{"title":"Confibici 40 - lapistaciclabili.it","description":"El Confibici 40 es la mejor opci\u00f3n para delimitar ciclov\u00edas de manera f\u00edsica. La mejor opci\u00f3n en seguridad para el ciclista.","robots":{"index":"index","follow":"follow","max-snippet":"max-snippet:-1","max-image-preview":"max-image-preview:large","max-video-preview":"max-video-preview:-1"},"canonical":"https:\/\/lapistaciclabili.it\/es\/producto\/confibici-40\/","og_locale":"es_ES","og_type":"article","og_title":"Confibici 40","og_description":"El Confibici 40 es la mejor opci\u00f3n para delimitar ciclov\u00edas de manera f\u00edsica. La mejor opci\u00f3n en seguridad para el ciclista.","og_url":"https:\/\/lapistaciclabili.it\/es\/producto\/confibici-40\/","og_site_name":"lapistaciclabili.it","article_publisher":"https:\/\/www.facebook.com\/multisenal\/","article_modified_time":"2024-10-31T21:17:30+00:00","og_image":[{"width":1200,"height":1200,"url":"https:\/\/lapistaciclabili.it\/wp-content\/uploads\/2024\/08\/canalizador-h7-40.webp","type":"image\/webp"}],"twitter_card":"summary_large_image","twitter_site":"@multisenal","twitter_misc":{"Tiempo de lectura":"2 minutos"},"schema":{"@context":"https:\/\/schema.org","@graph":[{"@type":"WebPage","@id":"https:\/\/lapistaciclabili.it\/es\/producto\/confibici-40\/","url":"https:\/\/lapistaciclabili.it\/es\/producto\/confibici-40\/","name":"Confibici 40 - lapistaciclabili.it","isPartOf":{"@id":"https:\/\/lapistaciclabili.it\/#website"},"primaryImageOfPage":{"@id":"https:\/\/lapistaciclabili.it\/es\/producto\/confibici-40\/#primaryimage"},"image":{"@id":"https:\/\/lapistaciclabili.it\/es\/producto\/confibici-40\/#primaryimage"},"thumbnailUrl":"https:\/\/lapistaciclabili.it\/wp-content\/uploads\/2024\/08\/canalizador-h7-40.webp","datePublished":"2024-06-17T22:23:20+00:00","dateModified":"2024-10-31T21:17:30+00:00","description":"El Confibici 40 es la mejor opci\u00f3n para delimitar ciclov\u00edas de manera f\u00edsica. La mejor opci\u00f3n en seguridad para el ciclista.","breadcrumb":{"@id":"https:\/\/lapistaciclabili.it\/es\/producto\/confibici-40\/#breadcrumb"},"inLanguage":"es","potentialAction":[{"@type":"ReadAction","target":["https:\/\/lapistaciclabili.it\/es\/producto\/confibici-40\/"]}]},{"@type":"ImageObject","inLanguage":"es","@id":"https:\/\/lapistaciclabili.it\/es\/producto\/confibici-40\/#primaryimage","url":"https:\/\/lapistaciclabili.it\/wp-content\/uploads\/2024\/08\/canalizador-h7-40.webp","contentUrl":"https:\/\/lapistaciclabili.it\/wp-content\/uploads\/2024\/08\/canalizador-h7-40.webp","width":1200,"height":1200},{"@type":"BreadcrumbList","@id":"https:\/\/lapistaciclabili.it\/es\/producto\/confibici-40\/#breadcrumb","itemListElement":[{"@type":"ListItem","position":1,"name":"Inicio","item":"https:\/\/lapistaciclabili.it\/"},{"@type":"ListItem","position":2,"name":"Tienda","item":"https:\/\/lapistaciclabili.it\/tienda\/"},{"@type":"ListItem","position":3,"name":"Confibici 40"}]},{"@type":"WebSite","@id":"https:\/\/lapistaciclabili.it\/#website","url":"https:\/\/lapistaciclabili.it\/","name":"lapistaciclabili.it","description":"","publisher":{"@id":"https:\/\/lapistaciclabili.it\/#organization"},"potentialAction":[{"@type":"SearchAction","target":{"@type":"EntryPoint","urlTemplate":"https:\/\/lapistaciclabili.it\/?s={search_term_string}"},"query-input":"required name=search_term_string"}],"inLanguage":"es"},{"@type":"Organization","@id":"https:\/\/lapistaciclabili.it\/#organization","name":"lapistaciclabili.it","url":"https:\/\/lapistaciclabili.it\/","logo":{"@type":"ImageObject","inLanguage":"es","@id":"https:\/\/lapistaciclabili.it\/#\/schema\/logo\/image\/","url":"https:\/\/lapistaciclabili.it\/wp-content\/uploads\/2024\/06\/lapistaciclabili.it_-1.png","contentUrl":"https:\/\/lapistaciclabili.it\/wp-content\/uploads\/2024\/06\/lapistaciclabili.it_-1.png","width":768,"height":220,"caption":"lapistaciclabili.it"},"image":{"@id":"https:\/\/lapistaciclabili.it\/#\/schema\/logo\/image\/"},"sameAs":["https:\/\/www.facebook.com\/multisenal\/","https:\/\/x.com\/multisenal","https:\/\/www.instagram.com\/multisenalmx\/","https:\/\/www.linkedin.com\/company\/multisenalmexico\/","https:\/\/www.youtube.com\/@multisenaloficial"]}]}},"_links":{"self":[{"href":"https:\/\/lapistaciclabili.it\/es\/wp-json\/wp\/v2\/product\/3760","targetHints":{"allow":["GET"]}}],"collection":[{"href":"https:\/\/lapistaciclabili.it\/es\/wp-json\/wp\/v2\/product"}],"about":[{"href":"https:\/\/lapistaciclabili.it\/es\/wp-json\/wp\/v2\/types\/product"}],"replies":[{"embeddable":true,"href":"https:\/\/lapistaciclabili.it\/es\/wp-json\/wp\/v2\/comments?post=3760"}],"wp:featuredmedia":[{"embeddable":true,"href":"https:\/\/lapistaciclabili.it\/es\/wp-json\/wp\/v2\/media\/12966"}],"wp:attachment":[{"href":"https:\/\/lapistaciclabili.it\/es\/wp-json\/wp\/v2\/media?parent=3760"}],"wp:term":[{"taxonomy":"product_cat","embeddable":true,"href":"https:\/\/lapistaciclabili.it\/es\/wp-json\/wp\/v2\/product_cat?post=3760"},{"taxonomy":"product_tag","embeddable":true,"href":"https:\/\/lapistaciclabili.it\/es\/wp-json\/wp\/v2\/product_tag?post=3760"}],"curies":[{"name":"wp","href":"https:\/\/api.w.org\/{rel}","templated":true}]}}