{"id":3758,"date":"2024-06-29T15:00:20","date_gmt":"2024-06-29T15:00:20","guid":{"rendered":"https:\/\/lapistaciclabili.it\/?post_type=product&#038;p=3758"},"modified":"2024-07-10T15:00:40","modified_gmt":"2024-07-10T15:00:40","slug":"nomenclatura-para-ciclovia","status":"publish","type":"product","link":"https:\/\/lapistaciclabili.it\/es\/producto\/nomenclatura-para-ciclovia\/","title":{"rendered":"Nomenclatura para Ciclov\u00eda"},"content":{"rendered":"<p style=\"font-weight: 400;\">Transforma las ciclopistas con la Nomenclatura para ciclov\u00eda lum\u00ednica, la soluci\u00f3n definitiva para guiar a ciclistas con precisi\u00f3n y estilo.<\/p>\n<p style=\"font-weight: 400;\">Dise\u00f1ada para ofrecer visibilidad las 24 horas del d\u00eda, esta innovadora se\u00f1al\u00e9tica no solo informa, sino que tambi\u00e9n embellece y asegura cada trayecto.<\/p>\n<p style=\"font-weight: 400;\"><strong>Caracter\u00edsticas destacadas:<\/strong><\/p>\n<p style=\"font-weight: 400;\">La nomenclatura para ciclov\u00eda permite a los ciclistas navegar con seguridad y estilo gracias a sus caracter\u00edsticas visuales y tecnol\u00f3gicas.<\/p>\n<p style=\"font-weight: 400;\">No solo indica a los ciclistas datos como el nombre y la demarcaci\u00f3n de donde est\u00e1 situada la ciclov\u00eda,\u00a0sino que tambi\u00e9n\u00a0cuenta con diversas caracter\u00edsticas dependiendo su versi\u00f3n.<\/p>\n<ul>\n<li style=\"font-weight: 400;\">Luz el\u00e9ctrica: Ideal para una visibilidad \u00f3ptima por la noche.<\/li>\n<li style=\"font-weight: 400;\">Luz solar:\u00a0Aprovecha la energ\u00eda del sol para iluminar tu camino.<\/li>\n<li style=\"font-weight: 400;\">Normal:\u00a0Perfecta para zonas con buena iluminaci\u00f3n.<\/li>\n<\/ul>\n<p style=\"font-weight: 400;\">Las versiones con luz garantizan una mejor visibilidad durante la noche,\u00a0reduciendo el riesgo de accidentes. Mientras que su versi\u00f3n, como se\u00f1al sin luz, dota a las calles de un toque distinguido y elegante.<\/p>\n<p style=\"font-weight: 400;\">La nomenclatura para ciclov\u00eda gu\u00eda a los ciclistas sobre las entradas,\u00a0salidas y desv\u00edos de la ciclopista.<\/p>\n<p style=\"font-weight: 400;\">Es de f\u00e1cil instalaci\u00f3n gracias a que se monta en postes existentes o nuevos,\u00a0en las esquinas de las intersecciones.<\/p>\n<p style=\"font-weight: 400;\">Su frente curvo admite cualquier tipo de pel\u00edcula flexible para rotulaci\u00f3n en ambas caras.<\/p>\n<p style=\"font-weight: 400;\">Actualiza tu ciclov\u00eda hoy mismo y brinda a los ciclistas la informaci\u00f3n que necesitan para navegar con confianza.<\/p>\n<p style=\"font-weight: 400;\">Fabricada en pol\u00edmero RCB blanco resistente a los rayos UV y a la intemperie. No se oxida, ideal para cualquier entorno urbano.<\/p>\n<p style=\"font-weight: 400;\">Funcionalidad avanzada: Incorpora tecnolog\u00eda opcional de geolocalizaci\u00f3n mediante c\u00f3digo QR para emergencias, mejorando a\u00fan m\u00e1s la seguridad y el servicio p\u00fablico en \u00e1reas de alta afluencia peatonal.<\/p>\n<p>Complementa la <a href=\"https:\/\/multisenal.com.mx\/blog\/infraestructura-y-equipamiento-ciclista-que-es\/\">infraestructura ciclista<\/a> existente con este y otros productos viales. Revisa nuestro <a href=\"https:\/\/lapistaciclabili.it\/productos-ciclovias\/\">cat\u00e1logo<\/a> y conoce todas las herramientas con las que podr\u00e1s brindar una mayor y mejor seguridad en las calles<\/p>\n","protected":false},"excerpt":{"rendered":"<p><strong>Nombre: Nomenclatura para\u00a0<\/strong><b>Ciclov\u00eda<\/b><\/p>\n<p><strong>C\u00f3digo: NOM-770S<\/strong><\/p>\n<table>\n<tbody>\n<tr>\n<td style=\"text-align: center;\"><strong>ESPA\u00d1OL<\/strong><\/td>\n<td style=\"text-align: center;\"><strong>INGL\u00c9S<\/strong><\/td>\n<td style=\"text-align: center;\"><strong>MODELO 3D<\/strong><\/td>\n<\/tr>\n<tr>\n<td><a href=\"https:\/\/multisenal.com.mx\/FichasTecnicas\/Nomenclatura-770-SOLAR-ES.pdf\"><img decoding=\"async\" class=\"wp-image-5524 aligncenter\" src=\"https:\/\/lapistaciclabili.it\/wp-content\/uploads\/2024\/06\/img-pdf-ciclopistas.webp\" alt=\"\" width=\"49\" height=\"49\" \/><\/a><\/td>\n<td><a href=\"https:\/\/multisenal.com.mx\/FichasTecnicas\/Nomenclatura-770-SOLAR-EN.pdf\"><img decoding=\"async\" class=\"wp-image-5524 aligncenter\" src=\"https:\/\/lapistaciclabili.it\/wp-content\/uploads\/2024\/06\/img-pdf-ciclopistas.webp\" alt=\"\" width=\"49\" height=\"49\" \/><\/a><\/td>\n<td><a href=\"https:\/\/lapistaciclabili.it\/renders\/nomenclatura-770-solar-modelo-360\/\"><img decoding=\"async\" class=\"wp-image-5524 aligncenter\" src=\"https:\/\/lapistaciclabili.it\/wp-content\/uploads\/2024\/06\/img-modelo3D.webp\" alt=\"\" width=\"49\" height=\"49\" \/><\/a><\/td>\n<\/tr>\n<\/tbody>\n<\/table>\n","protected":false},"featured_media":3799,"comment_status":"open","ping_status":"closed","template":"","meta":[],"product_cat":[24],"product_tag":[],"class_list":{"0":"post-3758","1":"product","2":"type-product","3":"status-publish","4":"has-post-thumbnail","6":"product_cat-senalamiento-ciclovia","8":"first","9":"instock","10":"shipping-taxable","11":"product-type-simple"},"yoast_head":"<!-- This site is optimized with the Yoast SEO Premium plugin v22.3 (Yoast SEO v23.0) - https:\/\/yoast.com\/wordpress\/plugins\/seo\/ -->\n<title>Nomenclatura para Ciclov\u00eda - lapistaciclabili.it<\/title>\n<meta name=\"description\" content=\"La nomenclatura para ciclov\u00eda es una se\u00f1al luminosa ideal para ubicarse en caminos oscuros. Cuenta con opci\u00f3n a geolocalizaci\u00f3n por QR\" \/>\n<meta name=\"robots\" content=\"index, follow, max-snippet:-1, max-image-preview:large, max-video-preview:-1\" \/>\n<link rel=\"canonical\" href=\"https:\/\/lapistaciclabili.it\/es\/producto\/nomenclatura-para-ciclovia\/\" \/>\n<meta property=\"og:locale\" content=\"es_ES\" \/>\n<meta property=\"og:type\" content=\"article\" \/>\n<meta property=\"og:title\" content=\"Nomenclatura para Ciclov\u00eda\" \/>\n<meta property=\"og:description\" content=\"La nomenclatura para ciclov\u00eda es una se\u00f1al luminosa ideal para ubicarse en caminos oscuros. Cuenta con opci\u00f3n a geolocalizaci\u00f3n por QR\" \/>\n<meta property=\"og:url\" content=\"https:\/\/lapistaciclabili.it\/producto\/nomenclatura-para-ciclovia\/\" \/>\n<meta property=\"og:site_name\" content=\"lapistaciclabili.it\" \/>\n<meta property=\"article:publisher\" content=\"https:\/\/www.facebook.com\/multisenal\/\" \/>\n<meta property=\"article:modified_time\" content=\"2024-07-10T15:00:40+00:00\" \/>\n<meta property=\"og:image\" content=\"https:\/\/lapistaciclabili.it\/wp-content\/uploads\/2024\/06\/Producto-Ciclopistas-31.webp\" \/>\n\t<meta property=\"og:image:width\" content=\"1200\" \/>\n\t<meta property=\"og:image:height\" content=\"1200\" \/>\n\t<meta property=\"og:image:type\" content=\"image\/webp\" \/>\n<meta name=\"twitter:card\" content=\"summary_large_image\" \/>\n<meta name=\"twitter:site\" content=\"@multisenal\" \/>\n<meta name=\"twitter:label1\" content=\"Tiempo de lectura\" \/>\n\t<meta name=\"twitter:data1\" content=\"2 minutos\" \/>\n<script type=\"application\/ld+json\" class=\"yoast-schema-graph\">{\"@context\":\"https:\/\/schema.org\",\"@graph\":[{\"@type\":\"WebPage\",\"@id\":\"https:\/\/lapistaciclabili.it\/producto\/nomenclatura-para-ciclovia\/\",\"url\":\"https:\/\/lapistaciclabili.it\/producto\/nomenclatura-para-ciclovia\/\",\"name\":\"Nomenclatura para Ciclov\u00eda - lapistaciclabili.it\",\"isPartOf\":{\"@id\":\"https:\/\/lapistaciclabili.it\/#website\"},\"primaryImageOfPage\":{\"@id\":\"https:\/\/lapistaciclabili.it\/producto\/nomenclatura-para-ciclovia\/#primaryimage\"},\"image\":{\"@id\":\"https:\/\/lapistaciclabili.it\/producto\/nomenclatura-para-ciclovia\/#primaryimage\"},\"thumbnailUrl\":\"https:\/\/lapistaciclabili.it\/wp-content\/uploads\/2024\/06\/Producto-Ciclopistas-31.webp\",\"datePublished\":\"2024-06-29T15:00:20+00:00\",\"dateModified\":\"2024-07-10T15:00:40+00:00\",\"description\":\"La nomenclatura para ciclov\u00eda es una se\u00f1al luminosa ideal para ubicarse en caminos oscuros. Cuenta con opci\u00f3n a geolocalizaci\u00f3n por QR\",\"breadcrumb\":{\"@id\":\"https:\/\/lapistaciclabili.it\/producto\/nomenclatura-para-ciclovia\/#breadcrumb\"},\"inLanguage\":\"es\",\"potentialAction\":[{\"@type\":\"ReadAction\",\"target\":[\"https:\/\/lapistaciclabili.it\/producto\/nomenclatura-para-ciclovia\/\"]}]},{\"@type\":\"ImageObject\",\"inLanguage\":\"es\",\"@id\":\"https:\/\/lapistaciclabili.it\/producto\/nomenclatura-para-ciclovia\/#primaryimage\",\"url\":\"https:\/\/lapistaciclabili.it\/wp-content\/uploads\/2024\/06\/Producto-Ciclopistas-31.webp\",\"contentUrl\":\"https:\/\/lapistaciclabili.it\/wp-content\/uploads\/2024\/06\/Producto-Ciclopistas-31.webp\",\"width\":1200,\"height\":1200,\"caption\":\"La nomenclatura para ciclov\u00eda es una se\u00f1al luminosa ideal para ubicarse en caminos oscuros. Cuenta con opci\u00f3n a geolocalizaci\u00f3n por QR\"},{\"@type\":\"BreadcrumbList\",\"@id\":\"https:\/\/lapistaciclabili.it\/producto\/nomenclatura-para-ciclovia\/#breadcrumb\",\"itemListElement\":[{\"@type\":\"ListItem\",\"position\":1,\"name\":\"Inicio\",\"item\":\"https:\/\/lapistaciclabili.it\/\"},{\"@type\":\"ListItem\",\"position\":2,\"name\":\"Tienda\",\"item\":\"https:\/\/lapistaciclabili.it\/tienda\/\"},{\"@type\":\"ListItem\",\"position\":3,\"name\":\"Nomenclatura para Ciclov\u00eda\"}]},{\"@type\":\"WebSite\",\"@id\":\"https:\/\/lapistaciclabili.it\/#website\",\"url\":\"https:\/\/lapistaciclabili.it\/\",\"name\":\"lapistaciclabili.it\",\"description\":\"\",\"publisher\":{\"@id\":\"https:\/\/lapistaciclabili.it\/#organization\"},\"potentialAction\":[{\"@type\":\"SearchAction\",\"target\":{\"@type\":\"EntryPoint\",\"urlTemplate\":\"https:\/\/lapistaciclabili.it\/?s={search_term_string}\"},\"query-input\":\"required name=search_term_string\"}],\"inLanguage\":\"es\"},{\"@type\":\"Organization\",\"@id\":\"https:\/\/lapistaciclabili.it\/#organization\",\"name\":\"lapistaciclabili.it\",\"url\":\"https:\/\/lapistaciclabili.it\/\",\"logo\":{\"@type\":\"ImageObject\",\"inLanguage\":\"es\",\"@id\":\"https:\/\/lapistaciclabili.it\/#\/schema\/logo\/image\/\",\"url\":\"https:\/\/lapistaciclabili.it\/wp-content\/uploads\/2024\/06\/lapistaciclabili.it_-1.png\",\"contentUrl\":\"https:\/\/lapistaciclabili.it\/wp-content\/uploads\/2024\/06\/lapistaciclabili.it_-1.png\",\"width\":768,\"height\":220,\"caption\":\"lapistaciclabili.it\"},\"image\":{\"@id\":\"https:\/\/lapistaciclabili.it\/#\/schema\/logo\/image\/\"},\"sameAs\":[\"https:\/\/www.facebook.com\/multisenal\/\",\"https:\/\/x.com\/multisenal\",\"https:\/\/www.instagram.com\/multisenalmx\/\",\"https:\/\/www.linkedin.com\/company\/multisenalmexico\/\",\"https:\/\/www.youtube.com\/@multisenaloficial\"]}]}<\/script>\n<!-- \/ Yoast SEO Premium plugin. -->","yoast_head_json":{"title":"Nomenclatura para Ciclov\u00eda - lapistaciclabili.it","description":"La nomenclatura para ciclov\u00eda es una se\u00f1al luminosa ideal para ubicarse en caminos oscuros. Cuenta con opci\u00f3n a geolocalizaci\u00f3n por QR","robots":{"index":"index","follow":"follow","max-snippet":"max-snippet:-1","max-image-preview":"max-image-preview:large","max-video-preview":"max-video-preview:-1"},"canonical":"https:\/\/lapistaciclabili.it\/es\/producto\/nomenclatura-para-ciclovia\/","og_locale":"es_ES","og_type":"article","og_title":"Nomenclatura para Ciclov\u00eda","og_description":"La nomenclatura para ciclov\u00eda es una se\u00f1al luminosa ideal para ubicarse en caminos oscuros. Cuenta con opci\u00f3n a geolocalizaci\u00f3n por QR","og_url":"https:\/\/lapistaciclabili.it\/producto\/nomenclatura-para-ciclovia\/","og_site_name":"lapistaciclabili.it","article_publisher":"https:\/\/www.facebook.com\/multisenal\/","article_modified_time":"2024-07-10T15:00:40+00:00","og_image":[{"width":1200,"height":1200,"url":"https:\/\/lapistaciclabili.it\/wp-content\/uploads\/2024\/06\/Producto-Ciclopistas-31.webp","type":"image\/webp"}],"twitter_card":"summary_large_image","twitter_site":"@multisenal","twitter_misc":{"Tiempo de lectura":"2 minutos"},"schema":{"@context":"https:\/\/schema.org","@graph":[{"@type":"WebPage","@id":"https:\/\/lapistaciclabili.it\/producto\/nomenclatura-para-ciclovia\/","url":"https:\/\/lapistaciclabili.it\/producto\/nomenclatura-para-ciclovia\/","name":"Nomenclatura para Ciclov\u00eda - lapistaciclabili.it","isPartOf":{"@id":"https:\/\/lapistaciclabili.it\/#website"},"primaryImageOfPage":{"@id":"https:\/\/lapistaciclabili.it\/producto\/nomenclatura-para-ciclovia\/#primaryimage"},"image":{"@id":"https:\/\/lapistaciclabili.it\/producto\/nomenclatura-para-ciclovia\/#primaryimage"},"thumbnailUrl":"https:\/\/lapistaciclabili.it\/wp-content\/uploads\/2024\/06\/Producto-Ciclopistas-31.webp","datePublished":"2024-06-29T15:00:20+00:00","dateModified":"2024-07-10T15:00:40+00:00","description":"La nomenclatura para ciclov\u00eda es una se\u00f1al luminosa ideal para ubicarse en caminos oscuros. Cuenta con opci\u00f3n a geolocalizaci\u00f3n por QR","breadcrumb":{"@id":"https:\/\/lapistaciclabili.it\/producto\/nomenclatura-para-ciclovia\/#breadcrumb"},"inLanguage":"es","potentialAction":[{"@type":"ReadAction","target":["https:\/\/lapistaciclabili.it\/producto\/nomenclatura-para-ciclovia\/"]}]},{"@type":"ImageObject","inLanguage":"es","@id":"https:\/\/lapistaciclabili.it\/producto\/nomenclatura-para-ciclovia\/#primaryimage","url":"https:\/\/lapistaciclabili.it\/wp-content\/uploads\/2024\/06\/Producto-Ciclopistas-31.webp","contentUrl":"https:\/\/lapistaciclabili.it\/wp-content\/uploads\/2024\/06\/Producto-Ciclopistas-31.webp","width":1200,"height":1200,"caption":"La nomenclatura para ciclov\u00eda es una se\u00f1al luminosa ideal para ubicarse en caminos oscuros. Cuenta con opci\u00f3n a geolocalizaci\u00f3n por QR"},{"@type":"BreadcrumbList","@id":"https:\/\/lapistaciclabili.it\/producto\/nomenclatura-para-ciclovia\/#breadcrumb","itemListElement":[{"@type":"ListItem","position":1,"name":"Inicio","item":"https:\/\/lapistaciclabili.it\/"},{"@type":"ListItem","position":2,"name":"Tienda","item":"https:\/\/lapistaciclabili.it\/tienda\/"},{"@type":"ListItem","position":3,"name":"Nomenclatura para Ciclov\u00eda"}]},{"@type":"WebSite","@id":"https:\/\/lapistaciclabili.it\/#website","url":"https:\/\/lapistaciclabili.it\/","name":"lapistaciclabili.it","description":"","publisher":{"@id":"https:\/\/lapistaciclabili.it\/#organization"},"potentialAction":[{"@type":"SearchAction","target":{"@type":"EntryPoint","urlTemplate":"https:\/\/lapistaciclabili.it\/?s={search_term_string}"},"query-input":"required name=search_term_string"}],"inLanguage":"es"},{"@type":"Organization","@id":"https:\/\/lapistaciclabili.it\/#organization","name":"lapistaciclabili.it","url":"https:\/\/lapistaciclabili.it\/","logo":{"@type":"ImageObject","inLanguage":"es","@id":"https:\/\/lapistaciclabili.it\/#\/schema\/logo\/image\/","url":"https:\/\/lapistaciclabili.it\/wp-content\/uploads\/2024\/06\/lapistaciclabili.it_-1.png","contentUrl":"https:\/\/lapistaciclabili.it\/wp-content\/uploads\/2024\/06\/lapistaciclabili.it_-1.png","width":768,"height":220,"caption":"lapistaciclabili.it"},"image":{"@id":"https:\/\/lapistaciclabili.it\/#\/schema\/logo\/image\/"},"sameAs":["https:\/\/www.facebook.com\/multisenal\/","https:\/\/x.com\/multisenal","https:\/\/www.instagram.com\/multisenalmx\/","https:\/\/www.linkedin.com\/company\/multisenalmexico\/","https:\/\/www.youtube.com\/@multisenaloficial"]}]}},"_links":{"self":[{"href":"https:\/\/lapistaciclabili.it\/es\/wp-json\/wp\/v2\/product\/3758","targetHints":{"allow":["GET"]}}],"collection":[{"href":"https:\/\/lapistaciclabili.it\/es\/wp-json\/wp\/v2\/product"}],"about":[{"href":"https:\/\/lapistaciclabili.it\/es\/wp-json\/wp\/v2\/types\/product"}],"replies":[{"embeddable":true,"href":"https:\/\/lapistaciclabili.it\/es\/wp-json\/wp\/v2\/comments?post=3758"}],"wp:featuredmedia":[{"embeddable":true,"href":"https:\/\/lapistaciclabili.it\/es\/wp-json\/wp\/v2\/media\/3799"}],"wp:attachment":[{"href":"https:\/\/lapistaciclabili.it\/es\/wp-json\/wp\/v2\/media?parent=3758"}],"wp:term":[{"taxonomy":"product_cat","embeddable":true,"href":"https:\/\/lapistaciclabili.it\/es\/wp-json\/wp\/v2\/product_cat?post=3758"},{"taxonomy":"product_tag","embeddable":true,"href":"https:\/\/lapistaciclabili.it\/es\/wp-json\/wp\/v2\/product_tag?post=3758"}],"curies":[{"name":"wp","href":"https:\/\/api.w.org\/{rel}","templated":true}]}}