{"id":3757,"date":"2024-06-29T22:00:20","date_gmt":"2024-06-29T22:00:20","guid":{"rendered":"https:\/\/lapistaciclabili.it\/?post_type=product&#038;p=3757"},"modified":"2024-08-16T23:50:31","modified_gmt":"2024-08-16T23:50:31","slug":"nomenclatura-para-ciclopista","status":"publish","type":"product","link":"https:\/\/lapistaciclabili.it\/es\/producto\/nomenclatura-para-ciclopista\/","title":{"rendered":"Nomenclatura para Ciclopista"},"content":{"rendered":"<p style=\"font-weight: 400;\">Transforma las ciclopistas con la Nomenclatura para ciclopista lum\u00ednica, la soluci\u00f3n definitiva para guiar a ciclistas con precisi\u00f3n y estilo.<\/p>\n<p style=\"font-weight: 400;\">Dise\u00f1ada para ofrecer visibilidad las 24 horas del d\u00eda, esta innovadora se\u00f1al\u00e9tica no solo informa, sino que tambi\u00e9n embellece y asegura cada trayecto.<\/p>\n<p style=\"font-weight: 400;\"><strong>Caracter\u00edsticas destacadas:<\/strong><\/p>\n<p style=\"font-weight: 400;\">Visibilidad sin l\u00edmites: Disponible en versiones el\u00e9ctrica y solar. Tambi\u00e9n con opci\u00f3n a un dise\u00f1o reflejante para ser visible tanto en el d\u00eda como en la noche.<\/p>\n<p style=\"font-weight: 400;\">La Nomenclatura para ciclopista brinda m\u00e1xima visibilidad en todo momento, asegurando una experiencia segura para los ciclistas en horarios nocturnos, matutinos y diurnos.<\/p>\n<p style=\"font-weight: 400;\">Dise\u00f1o funcional y est\u00e9tico: Con su frente curvo adaptable a pel\u00edculas flexibles para rotulaci\u00f3n en ambas caras, ofrece versatilidad y durabilidad, garantizando una legibilidad clara durante al menos 5 a\u00f1os.<\/p>\n<p style=\"font-weight: 400;\">Resistencia incomparable: Fabricada en pol\u00edmero RCB blanco resistente a los rayos UV y a la intemperie, esta nomenclatura es durable y no se oxida, ideal para cualquier entorno urbano.<\/p>\n<p style=\"font-weight: 400;\">Instalaci\u00f3n sin complicaciones: Se adapta f\u00e1cilmente a postes propios o existentes con fleje de acero inoxidable, y ofrece opciones de poste tubular o PTR con acabados en pintura electrost\u00e1tica negra, con remates elegantes tipo diamante o piramidal. De no contar con la existencia de estos postes, la colocaci\u00f3n en los mismos es opcional, no afectando as\u00ed la colocaci\u00f3n de la nomenclatura.<\/p>\n<p style=\"font-weight: 400;\">Funcionalidad avanzada: Incorpora tecnolog\u00eda opcional de geolocalizaci\u00f3n mediante c\u00f3digo QR para emergencias, mejorando a\u00fan m\u00e1s la seguridad y el servicio p\u00fablico en \u00e1reas de alta afluencia peatonal.<\/p>\n<p style=\"font-weight: 400;\">Beneficios adicionales: Su dise\u00f1o ligero y 100% reciclable no solo reduce el impacto ambiental, sino que tambi\u00e9n garantiza una instalaci\u00f3n sencilla y mantenimiento m\u00ednimo a lo largo de su larga vida \u00fatil.<\/p>\n<p style=\"font-weight: 400;\">La Nomenclatura para ciclopistas no solo marca un lugar en el mapa, sino que tambi\u00e9n ilumina el camino hacia un futuro m\u00e1s seguro y est\u00e9tico en las calles.<\/p>\n<p>Esta se\u00f1al\u00e9tica es una forma innovadora de hacer visible una ciclopista. Adem\u00e1s de indicar la existencia de una, le otorga un toque de gran elegancia a las calles.<\/p>\n<p>Visita el <a href=\"https:\/\/lapistaciclabili.it\/productos-ciclovias\/\">cat\u00e1logo completo<\/a> con los dem\u00e1s dispositivos para <a href=\"https:\/\/multisenal.com.mx\/blog\/infraestructura-y-equipamiento-ciclista-que-es\/\">infraestructura ciclista<\/a>.<\/p>\n","protected":false},"excerpt":{"rendered":"<p><strong>Nombre: Nomenclatura 390 Solar<\/strong><\/p>\n<p><strong>C\u00f3digo: NOM-390S<\/strong><\/p>\n<table>\n<tbody>\n<tr>\n<td style=\"text-align: center;\"><strong>ESPA\u00d1OL<\/strong><\/td>\n<td style=\"text-align: center;\"><strong>INGL\u00c9S<\/strong><\/td>\n<td style=\"text-align: center;\"><strong>MODELO 3D<\/strong><\/td>\n<\/tr>\n<tr>\n<td><a href=\"https:\/\/multisenal.com.mx\/FichasTecnicas\/Nomenclatura-390-SOLAR-ES.pdf\"><img decoding=\"async\" class=\"wp-image-5524 aligncenter\" src=\"https:\/\/lapistaciclabili.it\/wp-content\/uploads\/2024\/06\/img-pdf-ciclopistas.webp\" alt=\"\" width=\"49\" height=\"49\" \/><\/a><\/td>\n<td><a href=\"https:\/\/multisenal.com.mx\/FichasTecnicas\/Nomenclatura-390-SOLAR-EN.pdf\"><img decoding=\"async\" class=\"wp-image-5524 aligncenter\" src=\"https:\/\/lapistaciclabili.it\/wp-content\/uploads\/2024\/06\/img-pdf-ciclopistas.webp\" alt=\"\" width=\"49\" height=\"49\" \/><\/a><\/td>\n<td><a href=\"https:\/\/lapistaciclabili.it\/renders\/nomenclatura-390-ns-modelo-360\/\"><img decoding=\"async\" class=\"wp-image-5524 aligncenter\" src=\"https:\/\/lapistaciclabili.it\/wp-content\/uploads\/2024\/06\/img-modelo3D.webp\" alt=\"\" width=\"49\" height=\"49\" \/><\/a><\/td>\n<\/tr>\n<\/tbody>\n<\/table>\n","protected":false},"featured_media":3798,"comment_status":"open","ping_status":"closed","template":"","meta":[],"product_cat":[24],"product_tag":[],"class_list":{"0":"post-3757","1":"product","2":"type-product","3":"status-publish","4":"has-post-thumbnail","6":"product_cat-senalamiento-ciclovia","8":"first","9":"instock","10":"shipping-taxable","11":"product-type-simple"},"yoast_head":"<!-- This site is optimized with the Yoast SEO Premium plugin v22.3 (Yoast SEO v23.0) - https:\/\/yoast.com\/wordpress\/plugins\/seo\/ -->\n<title>Nomenclatura para Ciclopista - lapistaciclabili.it<\/title>\n<meta name=\"description\" content=\"La nomenclatura para ciclopista es una se\u00f1alizaci\u00f3n elegante y tecnol\u00f3gica para guiar a los ciclistas en su camino. Cuenta con tecnolog\u00eda GPS.\" \/>\n<meta name=\"robots\" content=\"index, follow, max-snippet:-1, max-image-preview:large, max-video-preview:-1\" \/>\n<link rel=\"canonical\" href=\"https:\/\/lapistaciclabili.it\/es\/producto\/nomenclatura-para-ciclopista\/\" \/>\n<meta property=\"og:locale\" content=\"es_ES\" \/>\n<meta property=\"og:type\" content=\"article\" \/>\n<meta property=\"og:title\" content=\"Nomenclatura para Ciclopista\" \/>\n<meta property=\"og:description\" content=\"La nomenclatura para ciclopista es una se\u00f1alizaci\u00f3n elegante y tecnol\u00f3gica para guiar a los ciclistas en su camino. Cuenta con tecnolog\u00eda GPS.\" \/>\n<meta property=\"og:url\" content=\"https:\/\/lapistaciclabili.it\/producto\/nomenclatura-para-ciclopista\/\" \/>\n<meta property=\"og:site_name\" content=\"lapistaciclabili.it\" \/>\n<meta property=\"article:publisher\" content=\"https:\/\/www.facebook.com\/multisenal\/\" \/>\n<meta property=\"article:modified_time\" content=\"2024-08-16T23:50:31+00:00\" \/>\n<meta property=\"og:image\" content=\"https:\/\/lapistaciclabili.it\/wp-content\/uploads\/2024\/06\/Producto-Ciclopistas-30.webp\" \/>\n\t<meta property=\"og:image:width\" content=\"1200\" \/>\n\t<meta property=\"og:image:height\" content=\"1200\" \/>\n\t<meta property=\"og:image:type\" content=\"image\/webp\" \/>\n<meta name=\"twitter:card\" content=\"summary_large_image\" \/>\n<meta name=\"twitter:site\" content=\"@multisenal\" \/>\n<meta name=\"twitter:label1\" content=\"Tiempo de lectura\" \/>\n\t<meta name=\"twitter:data1\" content=\"2 minutos\" \/>\n<script type=\"application\/ld+json\" class=\"yoast-schema-graph\">{\"@context\":\"https:\/\/schema.org\",\"@graph\":[{\"@type\":\"WebPage\",\"@id\":\"https:\/\/lapistaciclabili.it\/producto\/nomenclatura-para-ciclopista\/\",\"url\":\"https:\/\/lapistaciclabili.it\/producto\/nomenclatura-para-ciclopista\/\",\"name\":\"Nomenclatura para Ciclopista - lapistaciclabili.it\",\"isPartOf\":{\"@id\":\"https:\/\/lapistaciclabili.it\/#website\"},\"primaryImageOfPage\":{\"@id\":\"https:\/\/lapistaciclabili.it\/producto\/nomenclatura-para-ciclopista\/#primaryimage\"},\"image\":{\"@id\":\"https:\/\/lapistaciclabili.it\/producto\/nomenclatura-para-ciclopista\/#primaryimage\"},\"thumbnailUrl\":\"https:\/\/lapistaciclabili.it\/wp-content\/uploads\/2024\/06\/Producto-Ciclopistas-30.webp\",\"datePublished\":\"2024-06-29T22:00:20+00:00\",\"dateModified\":\"2024-08-16T23:50:31+00:00\",\"description\":\"La nomenclatura para ciclopista es una se\u00f1alizaci\u00f3n elegante y tecnol\u00f3gica para guiar a los ciclistas en su camino. Cuenta con tecnolog\u00eda GPS.\",\"breadcrumb\":{\"@id\":\"https:\/\/lapistaciclabili.it\/producto\/nomenclatura-para-ciclopista\/#breadcrumb\"},\"inLanguage\":\"es\",\"potentialAction\":[{\"@type\":\"ReadAction\",\"target\":[\"https:\/\/lapistaciclabili.it\/producto\/nomenclatura-para-ciclopista\/\"]}]},{\"@type\":\"ImageObject\",\"inLanguage\":\"es\",\"@id\":\"https:\/\/lapistaciclabili.it\/producto\/nomenclatura-para-ciclopista\/#primaryimage\",\"url\":\"https:\/\/lapistaciclabili.it\/wp-content\/uploads\/2024\/06\/Producto-Ciclopistas-30.webp\",\"contentUrl\":\"https:\/\/lapistaciclabili.it\/wp-content\/uploads\/2024\/06\/Producto-Ciclopistas-30.webp\",\"width\":1200,\"height\":1200,\"caption\":\"La nomenclatura para ciclopista es una se\u00f1alizaci\u00f3n elegante y tecnol\u00f3gica para guiar a los ciclistas en su camino. Cuenta con tecnolog\u00eda GPS.\"},{\"@type\":\"BreadcrumbList\",\"@id\":\"https:\/\/lapistaciclabili.it\/producto\/nomenclatura-para-ciclopista\/#breadcrumb\",\"itemListElement\":[{\"@type\":\"ListItem\",\"position\":1,\"name\":\"Inicio\",\"item\":\"https:\/\/lapistaciclabili.it\/\"},{\"@type\":\"ListItem\",\"position\":2,\"name\":\"Tienda\",\"item\":\"https:\/\/lapistaciclabili.it\/tienda\/\"},{\"@type\":\"ListItem\",\"position\":3,\"name\":\"Nomenclatura para Ciclopista\"}]},{\"@type\":\"WebSite\",\"@id\":\"https:\/\/lapistaciclabili.it\/#website\",\"url\":\"https:\/\/lapistaciclabili.it\/\",\"name\":\"lapistaciclabili.it\",\"description\":\"\",\"publisher\":{\"@id\":\"https:\/\/lapistaciclabili.it\/#organization\"},\"potentialAction\":[{\"@type\":\"SearchAction\",\"target\":{\"@type\":\"EntryPoint\",\"urlTemplate\":\"https:\/\/lapistaciclabili.it\/?s={search_term_string}\"},\"query-input\":\"required name=search_term_string\"}],\"inLanguage\":\"es\"},{\"@type\":\"Organization\",\"@id\":\"https:\/\/lapistaciclabili.it\/#organization\",\"name\":\"lapistaciclabili.it\",\"url\":\"https:\/\/lapistaciclabili.it\/\",\"logo\":{\"@type\":\"ImageObject\",\"inLanguage\":\"es\",\"@id\":\"https:\/\/lapistaciclabili.it\/#\/schema\/logo\/image\/\",\"url\":\"https:\/\/lapistaciclabili.it\/wp-content\/uploads\/2024\/06\/lapistaciclabili.it_-1.png\",\"contentUrl\":\"https:\/\/lapistaciclabili.it\/wp-content\/uploads\/2024\/06\/lapistaciclabili.it_-1.png\",\"width\":768,\"height\":220,\"caption\":\"lapistaciclabili.it\"},\"image\":{\"@id\":\"https:\/\/lapistaciclabili.it\/#\/schema\/logo\/image\/\"},\"sameAs\":[\"https:\/\/www.facebook.com\/multisenal\/\",\"https:\/\/x.com\/multisenal\",\"https:\/\/www.instagram.com\/multisenalmx\/\",\"https:\/\/www.linkedin.com\/company\/multisenalmexico\/\",\"https:\/\/www.youtube.com\/@multisenaloficial\"]}]}<\/script>\n<!-- \/ Yoast SEO Premium plugin. -->","yoast_head_json":{"title":"Nomenclatura para Ciclopista - lapistaciclabili.it","description":"La nomenclatura para ciclopista es una se\u00f1alizaci\u00f3n elegante y tecnol\u00f3gica para guiar a los ciclistas en su camino. Cuenta con tecnolog\u00eda GPS.","robots":{"index":"index","follow":"follow","max-snippet":"max-snippet:-1","max-image-preview":"max-image-preview:large","max-video-preview":"max-video-preview:-1"},"canonical":"https:\/\/lapistaciclabili.it\/es\/producto\/nomenclatura-para-ciclopista\/","og_locale":"es_ES","og_type":"article","og_title":"Nomenclatura para Ciclopista","og_description":"La nomenclatura para ciclopista es una se\u00f1alizaci\u00f3n elegante y tecnol\u00f3gica para guiar a los ciclistas en su camino. Cuenta con tecnolog\u00eda GPS.","og_url":"https:\/\/lapistaciclabili.it\/producto\/nomenclatura-para-ciclopista\/","og_site_name":"lapistaciclabili.it","article_publisher":"https:\/\/www.facebook.com\/multisenal\/","article_modified_time":"2024-08-16T23:50:31+00:00","og_image":[{"width":1200,"height":1200,"url":"https:\/\/lapistaciclabili.it\/wp-content\/uploads\/2024\/06\/Producto-Ciclopistas-30.webp","type":"image\/webp"}],"twitter_card":"summary_large_image","twitter_site":"@multisenal","twitter_misc":{"Tiempo de lectura":"2 minutos"},"schema":{"@context":"https:\/\/schema.org","@graph":[{"@type":"WebPage","@id":"https:\/\/lapistaciclabili.it\/producto\/nomenclatura-para-ciclopista\/","url":"https:\/\/lapistaciclabili.it\/producto\/nomenclatura-para-ciclopista\/","name":"Nomenclatura para Ciclopista - lapistaciclabili.it","isPartOf":{"@id":"https:\/\/lapistaciclabili.it\/#website"},"primaryImageOfPage":{"@id":"https:\/\/lapistaciclabili.it\/producto\/nomenclatura-para-ciclopista\/#primaryimage"},"image":{"@id":"https:\/\/lapistaciclabili.it\/producto\/nomenclatura-para-ciclopista\/#primaryimage"},"thumbnailUrl":"https:\/\/lapistaciclabili.it\/wp-content\/uploads\/2024\/06\/Producto-Ciclopistas-30.webp","datePublished":"2024-06-29T22:00:20+00:00","dateModified":"2024-08-16T23:50:31+00:00","description":"La nomenclatura para ciclopista es una se\u00f1alizaci\u00f3n elegante y tecnol\u00f3gica para guiar a los ciclistas en su camino. Cuenta con tecnolog\u00eda GPS.","breadcrumb":{"@id":"https:\/\/lapistaciclabili.it\/producto\/nomenclatura-para-ciclopista\/#breadcrumb"},"inLanguage":"es","potentialAction":[{"@type":"ReadAction","target":["https:\/\/lapistaciclabili.it\/producto\/nomenclatura-para-ciclopista\/"]}]},{"@type":"ImageObject","inLanguage":"es","@id":"https:\/\/lapistaciclabili.it\/producto\/nomenclatura-para-ciclopista\/#primaryimage","url":"https:\/\/lapistaciclabili.it\/wp-content\/uploads\/2024\/06\/Producto-Ciclopistas-30.webp","contentUrl":"https:\/\/lapistaciclabili.it\/wp-content\/uploads\/2024\/06\/Producto-Ciclopistas-30.webp","width":1200,"height":1200,"caption":"La nomenclatura para ciclopista es una se\u00f1alizaci\u00f3n elegante y tecnol\u00f3gica para guiar a los ciclistas en su camino. Cuenta con tecnolog\u00eda GPS."},{"@type":"BreadcrumbList","@id":"https:\/\/lapistaciclabili.it\/producto\/nomenclatura-para-ciclopista\/#breadcrumb","itemListElement":[{"@type":"ListItem","position":1,"name":"Inicio","item":"https:\/\/lapistaciclabili.it\/"},{"@type":"ListItem","position":2,"name":"Tienda","item":"https:\/\/lapistaciclabili.it\/tienda\/"},{"@type":"ListItem","position":3,"name":"Nomenclatura para Ciclopista"}]},{"@type":"WebSite","@id":"https:\/\/lapistaciclabili.it\/#website","url":"https:\/\/lapistaciclabili.it\/","name":"lapistaciclabili.it","description":"","publisher":{"@id":"https:\/\/lapistaciclabili.it\/#organization"},"potentialAction":[{"@type":"SearchAction","target":{"@type":"EntryPoint","urlTemplate":"https:\/\/lapistaciclabili.it\/?s={search_term_string}"},"query-input":"required name=search_term_string"}],"inLanguage":"es"},{"@type":"Organization","@id":"https:\/\/lapistaciclabili.it\/#organization","name":"lapistaciclabili.it","url":"https:\/\/lapistaciclabili.it\/","logo":{"@type":"ImageObject","inLanguage":"es","@id":"https:\/\/lapistaciclabili.it\/#\/schema\/logo\/image\/","url":"https:\/\/lapistaciclabili.it\/wp-content\/uploads\/2024\/06\/lapistaciclabili.it_-1.png","contentUrl":"https:\/\/lapistaciclabili.it\/wp-content\/uploads\/2024\/06\/lapistaciclabili.it_-1.png","width":768,"height":220,"caption":"lapistaciclabili.it"},"image":{"@id":"https:\/\/lapistaciclabili.it\/#\/schema\/logo\/image\/"},"sameAs":["https:\/\/www.facebook.com\/multisenal\/","https:\/\/x.com\/multisenal","https:\/\/www.instagram.com\/multisenalmx\/","https:\/\/www.linkedin.com\/company\/multisenalmexico\/","https:\/\/www.youtube.com\/@multisenaloficial"]}]}},"_links":{"self":[{"href":"https:\/\/lapistaciclabili.it\/es\/wp-json\/wp\/v2\/product\/3757","targetHints":{"allow":["GET"]}}],"collection":[{"href":"https:\/\/lapistaciclabili.it\/es\/wp-json\/wp\/v2\/product"}],"about":[{"href":"https:\/\/lapistaciclabili.it\/es\/wp-json\/wp\/v2\/types\/product"}],"replies":[{"embeddable":true,"href":"https:\/\/lapistaciclabili.it\/es\/wp-json\/wp\/v2\/comments?post=3757"}],"wp:featuredmedia":[{"embeddable":true,"href":"https:\/\/lapistaciclabili.it\/es\/wp-json\/wp\/v2\/media\/3798"}],"wp:attachment":[{"href":"https:\/\/lapistaciclabili.it\/es\/wp-json\/wp\/v2\/media?parent=3757"}],"wp:term":[{"taxonomy":"product_cat","embeddable":true,"href":"https:\/\/lapistaciclabili.it\/es\/wp-json\/wp\/v2\/product_cat?post=3757"},{"taxonomy":"product_tag","embeddable":true,"href":"https:\/\/lapistaciclabili.it\/es\/wp-json\/wp\/v2\/product_tag?post=3757"}],"curies":[{"name":"wp","href":"https:\/\/api.w.org\/{rel}","templated":true}]}}