{"id":3756,"date":"2024-06-17T20:49:20","date_gmt":"2024-06-17T20:49:20","guid":{"rendered":"https:\/\/lapistaciclabili.it\/?post_type=product&#038;p=3756"},"modified":"2024-06-27T16:10:55","modified_gmt":"2024-06-27T16:10:55","slug":"vialeton-395","status":"publish","type":"product","link":"https:\/\/lapistaciclabili.it\/es\/producto\/vialeton-395\/","title":{"rendered":"Vialet\u00f3n 395"},"content":{"rendered":"<p style=\"font-weight: 400;\">Descubre el Vialet\u00f3n 395: Innovaci\u00f3n para la m\u00e1xima seguridad en ciclov\u00edas.<\/p>\n<p style=\"font-weight: 400;\">El Vialet\u00f3n 395 representa la \u00faltima palabra en tecnolog\u00eda avanzada, dise\u00f1ado espec\u00edficamente para mejorar la visibilidad en ciclov\u00edas. Su dise\u00f1o funcional y robusto garantiza una protecci\u00f3n sin igual para los ciclistas. No causa da\u00f1o alguno a los neum\u00e1ticos en caso de conducir sobre ellos.<\/p>\n<p style=\"font-weight: 400;\">\ud83d\udeb4\u200d\u2640\ufe0f<strong>Caracter\u00edsticas Destacadas:<\/strong><\/p>\n<ul>\n<li style=\"font-weight: 400;\">Visibilidad Superior: Equipado con dos reflejantes, uno en cada extremo, que maximizan la visibilidad para el ciclista, asegurando una protecci\u00f3n \u00f3ptima en condiciones de poca luz.<\/li>\n<li style=\"font-weight: 400;\">Dise\u00f1o Funcional: Sus medidas precisas (Largo: 39.5 cm, Alto: 23.5 cm, Alto Frontal: 8.5 cm, Alto Trasero: 5.5 cm) aseguran una colocaci\u00f3n efectiva y un perfil que resalta en cualquier entorno urbano.<\/li>\n<li style=\"font-weight: 400;\">Variedad de colores: Disponible en color amarillo est\u00e1ndar con opciones de reflejante blanco, \u00e1mbar y rojo para adaptarse a diferentes necesidades de se\u00f1alizaci\u00f3n y seguridad. Otros colores disponibles bajo pedidos m\u00ednimos de 200 unidades.<\/li>\n<\/ul>\n<p style=\"font-weight: 400;\">\ud83d\udeb4\u200d\u2640\ufe0f <strong>Beneficios Clave del Vialet\u00f3n 395:<\/strong><\/p>\n<ul>\n<li style=\"font-weight: 400;\">Seguridad Aumentada: Mejora significativamente la visibilidad del ciclista en ciclov\u00edas, asegurando una navegaci\u00f3n segura incluso en condiciones de poca luz.<\/li>\n<li style=\"font-weight: 400;\">Iluminaci\u00f3n Eficaz: Permite al ciclista visualizar claramente la direcci\u00f3n de la ciclov\u00eda, las condiciones del terreno y los posibles obst\u00e1culos, optimizando as\u00ed su experiencia de manejo.<\/li>\n<li style=\"font-weight: 400;\">El Vialet\u00f3n 395 es la elecci\u00f3n ideal para aquellos que buscan una soluci\u00f3n de alta tecnolog\u00eda y m\u00e1xima seguridad en ciclov\u00edas. Asegura tu camino con confianza y visibilidad con el Vialet\u00f3n 395.<\/li>\n<\/ul>\n<p>Revisa el <a href=\"https:\/\/lapistaciclabili.it\/productos-ciclovias\/\">cat\u00e1logo completo<\/a> con todos los dispositivos viales que tenemos para ti, exclusivos para crear una mejor <a href=\"https:\/\/multisenal.com.mx\/blog\/infraestructura-y-equipamiento-ciclista-que-es\/\">infraestructura ciclista<\/a>.<\/p>\n","protected":false},"excerpt":{"rendered":"<p><strong>Nombre del producto: Vialet\u00f3n 395<\/strong><\/p>\n<p><strong>C\u00f3digo: VI-COBI-L<\/strong><\/p>\n<table>\n<tbody>\n<tr>\n<td style=\"text-align: center;\"><strong>ESPA\u00d1OL<\/strong><\/td>\n<td style=\"text-align: center;\"><strong>INGL\u00c9S<\/strong><\/td>\n<td style=\"text-align: center;\"><strong>MODELO 3D<\/strong><\/td>\n<\/tr>\n<tr>\n<td><a href=\"https:\/\/multisenal.com.mx\/FichasTecnicas\/Canalizador-VI-COBI-L-ES.pdf\"><img decoding=\"async\" class=\"wp-image-5524 aligncenter\" src=\"https:\/\/lapistaciclabili.it\/wp-content\/uploads\/2024\/06\/img-pdf-ciclopistas.webp\" alt=\"\" width=\"49\" height=\"49\" \/><\/a><\/td>\n<td><a href=\"https:\/\/multisenal.com.mx\/FichasTecnicas\/Canalizador-VI-COBI-L-EN.pdf\"><img decoding=\"async\" class=\"wp-image-5524 aligncenter\" src=\"https:\/\/lapistaciclabili.it\/wp-content\/uploads\/2024\/06\/img-pdf-ciclopistas.webp\" alt=\"\" width=\"49\" height=\"49\" \/><\/a><\/td>\n<td><a href=\"https:\/\/lapistaciclabili.it\/renders\/vialeton-395\/\"><img decoding=\"async\" class=\"wp-image-5524 aligncenter\" src=\"https:\/\/lapistaciclabili.it\/wp-content\/uploads\/2024\/06\/img-modelo3D.webp\" alt=\"\" width=\"49\" height=\"49\" \/><\/a><\/td>\n<\/tr>\n<\/tbody>\n<\/table>\n","protected":false},"featured_media":3797,"comment_status":"closed","ping_status":"closed","template":"","meta":[],"product_cat":[23,21,25],"product_tag":[],"class_list":{"0":"post-3756","1":"product","2":"type-product","3":"status-publish","4":"has-post-thumbnail","6":"product_cat-ciclopista-solar","7":"product_cat-delimitadores-viales","8":"product_cat-canalizadores","10":"first","11":"instock","12":"shipping-taxable","13":"product-type-simple"},"yoast_head":"<!-- This site is optimized with the Yoast SEO Premium plugin v22.3 (Yoast SEO v23.0) - https:\/\/yoast.com\/wordpress\/plugins\/seo\/ -->\n<title>Vialet\u00f3n 395 - lapistaciclabili.it<\/title>\n<meta name=\"description\" content=\"El Vialet\u00f3n 395 proporciona una mejor visibilidad para el ciclista durante sus recorridos nocturnos en las ciclopistas, indicando la direcci\u00f3n de estas.\" \/>\n<meta name=\"robots\" content=\"index, follow, max-snippet:-1, max-image-preview:large, max-video-preview:-1\" \/>\n<link rel=\"canonical\" href=\"https:\/\/lapistaciclabili.it\/es\/producto\/vialeton-395\/\" \/>\n<meta property=\"og:locale\" content=\"es_ES\" \/>\n<meta property=\"og:type\" content=\"article\" \/>\n<meta property=\"og:title\" content=\"Vialet\u00f3n 395\" \/>\n<meta property=\"og:description\" content=\"El Vialet\u00f3n 395 proporciona una mejor visibilidad para el ciclista durante sus recorridos nocturnos en las ciclopistas, indicando la direcci\u00f3n de estas.\" \/>\n<meta property=\"og:url\" content=\"https:\/\/lapistaciclabili.it\/producto\/vialeton-395\/\" \/>\n<meta property=\"og:site_name\" content=\"lapistaciclabili.it\" \/>\n<meta property=\"article:publisher\" content=\"https:\/\/www.facebook.com\/multisenal\/\" \/>\n<meta property=\"article:modified_time\" content=\"2024-06-27T16:10:55+00:00\" \/>\n<meta property=\"og:image\" content=\"https:\/\/lapistaciclabili.it\/wp-content\/uploads\/2024\/06\/Producto-Ciclopistas-27.webp\" \/>\n\t<meta property=\"og:image:width\" content=\"1200\" \/>\n\t<meta property=\"og:image:height\" content=\"1200\" \/>\n\t<meta property=\"og:image:type\" content=\"image\/webp\" \/>\n<meta name=\"twitter:card\" content=\"summary_large_image\" \/>\n<meta name=\"twitter:site\" content=\"@multisenal\" \/>\n<meta name=\"twitter:label1\" content=\"Tiempo de lectura\" \/>\n\t<meta name=\"twitter:data1\" content=\"2 minutos\" \/>\n<script type=\"application\/ld+json\" class=\"yoast-schema-graph\">{\"@context\":\"https:\/\/schema.org\",\"@graph\":[{\"@type\":\"WebPage\",\"@id\":\"https:\/\/lapistaciclabili.it\/producto\/vialeton-395\/\",\"url\":\"https:\/\/lapistaciclabili.it\/producto\/vialeton-395\/\",\"name\":\"Vialet\u00f3n 395 - lapistaciclabili.it\",\"isPartOf\":{\"@id\":\"https:\/\/lapistaciclabili.it\/#website\"},\"primaryImageOfPage\":{\"@id\":\"https:\/\/lapistaciclabili.it\/producto\/vialeton-395\/#primaryimage\"},\"image\":{\"@id\":\"https:\/\/lapistaciclabili.it\/producto\/vialeton-395\/#primaryimage\"},\"thumbnailUrl\":\"https:\/\/lapistaciclabili.it\/wp-content\/uploads\/2024\/06\/Producto-Ciclopistas-27.webp\",\"datePublished\":\"2024-06-17T20:49:20+00:00\",\"dateModified\":\"2024-06-27T16:10:55+00:00\",\"description\":\"El Vialet\u00f3n 395 proporciona una mejor visibilidad para el ciclista durante sus recorridos nocturnos en las ciclopistas, indicando la direcci\u00f3n de estas.\",\"breadcrumb\":{\"@id\":\"https:\/\/lapistaciclabili.it\/producto\/vialeton-395\/#breadcrumb\"},\"inLanguage\":\"es\",\"potentialAction\":[{\"@type\":\"ReadAction\",\"target\":[\"https:\/\/lapistaciclabili.it\/producto\/vialeton-395\/\"]}]},{\"@type\":\"ImageObject\",\"inLanguage\":\"es\",\"@id\":\"https:\/\/lapistaciclabili.it\/producto\/vialeton-395\/#primaryimage\",\"url\":\"https:\/\/lapistaciclabili.it\/wp-content\/uploads\/2024\/06\/Producto-Ciclopistas-27.webp\",\"contentUrl\":\"https:\/\/lapistaciclabili.it\/wp-content\/uploads\/2024\/06\/Producto-Ciclopistas-27.webp\",\"width\":1200,\"height\":1200,\"caption\":\"El Vialet\u00f3n 395 proporciona una mejor visibilidad para el ciclista durante sus recorridos nocturnos en las ciclopistas, indicando la direcci\u00f3n de estas.\"},{\"@type\":\"BreadcrumbList\",\"@id\":\"https:\/\/lapistaciclabili.it\/producto\/vialeton-395\/#breadcrumb\",\"itemListElement\":[{\"@type\":\"ListItem\",\"position\":1,\"name\":\"Inicio\",\"item\":\"https:\/\/lapistaciclabili.it\/\"},{\"@type\":\"ListItem\",\"position\":2,\"name\":\"Tienda\",\"item\":\"https:\/\/lapistaciclabili.it\/tienda\/\"},{\"@type\":\"ListItem\",\"position\":3,\"name\":\"Vialet\u00f3n 395\"}]},{\"@type\":\"WebSite\",\"@id\":\"https:\/\/lapistaciclabili.it\/#website\",\"url\":\"https:\/\/lapistaciclabili.it\/\",\"name\":\"lapistaciclabili.it\",\"description\":\"\",\"publisher\":{\"@id\":\"https:\/\/lapistaciclabili.it\/#organization\"},\"potentialAction\":[{\"@type\":\"SearchAction\",\"target\":{\"@type\":\"EntryPoint\",\"urlTemplate\":\"https:\/\/lapistaciclabili.it\/?s={search_term_string}\"},\"query-input\":\"required name=search_term_string\"}],\"inLanguage\":\"es\"},{\"@type\":\"Organization\",\"@id\":\"https:\/\/lapistaciclabili.it\/#organization\",\"name\":\"lapistaciclabili.it\",\"url\":\"https:\/\/lapistaciclabili.it\/\",\"logo\":{\"@type\":\"ImageObject\",\"inLanguage\":\"es\",\"@id\":\"https:\/\/lapistaciclabili.it\/#\/schema\/logo\/image\/\",\"url\":\"https:\/\/lapistaciclabili.it\/wp-content\/uploads\/2024\/06\/lapistaciclabili.it_-1.png\",\"contentUrl\":\"https:\/\/lapistaciclabili.it\/wp-content\/uploads\/2024\/06\/lapistaciclabili.it_-1.png\",\"width\":768,\"height\":220,\"caption\":\"lapistaciclabili.it\"},\"image\":{\"@id\":\"https:\/\/lapistaciclabili.it\/#\/schema\/logo\/image\/\"},\"sameAs\":[\"https:\/\/www.facebook.com\/multisenal\/\",\"https:\/\/x.com\/multisenal\",\"https:\/\/www.instagram.com\/multisenalmx\/\",\"https:\/\/www.linkedin.com\/company\/multisenalmexico\/\",\"https:\/\/www.youtube.com\/@multisenaloficial\"]}]}<\/script>\n<!-- \/ Yoast SEO Premium plugin. -->","yoast_head_json":{"title":"Vialet\u00f3n 395 - lapistaciclabili.it","description":"El Vialet\u00f3n 395 proporciona una mejor visibilidad para el ciclista durante sus recorridos nocturnos en las ciclopistas, indicando la direcci\u00f3n de estas.","robots":{"index":"index","follow":"follow","max-snippet":"max-snippet:-1","max-image-preview":"max-image-preview:large","max-video-preview":"max-video-preview:-1"},"canonical":"https:\/\/lapistaciclabili.it\/es\/producto\/vialeton-395\/","og_locale":"es_ES","og_type":"article","og_title":"Vialet\u00f3n 395","og_description":"El Vialet\u00f3n 395 proporciona una mejor visibilidad para el ciclista durante sus recorridos nocturnos en las ciclopistas, indicando la direcci\u00f3n de estas.","og_url":"https:\/\/lapistaciclabili.it\/producto\/vialeton-395\/","og_site_name":"lapistaciclabili.it","article_publisher":"https:\/\/www.facebook.com\/multisenal\/","article_modified_time":"2024-06-27T16:10:55+00:00","og_image":[{"width":1200,"height":1200,"url":"https:\/\/lapistaciclabili.it\/wp-content\/uploads\/2024\/06\/Producto-Ciclopistas-27.webp","type":"image\/webp"}],"twitter_card":"summary_large_image","twitter_site":"@multisenal","twitter_misc":{"Tiempo de lectura":"2 minutos"},"schema":{"@context":"https:\/\/schema.org","@graph":[{"@type":"WebPage","@id":"https:\/\/lapistaciclabili.it\/producto\/vialeton-395\/","url":"https:\/\/lapistaciclabili.it\/producto\/vialeton-395\/","name":"Vialet\u00f3n 395 - lapistaciclabili.it","isPartOf":{"@id":"https:\/\/lapistaciclabili.it\/#website"},"primaryImageOfPage":{"@id":"https:\/\/lapistaciclabili.it\/producto\/vialeton-395\/#primaryimage"},"image":{"@id":"https:\/\/lapistaciclabili.it\/producto\/vialeton-395\/#primaryimage"},"thumbnailUrl":"https:\/\/lapistaciclabili.it\/wp-content\/uploads\/2024\/06\/Producto-Ciclopistas-27.webp","datePublished":"2024-06-17T20:49:20+00:00","dateModified":"2024-06-27T16:10:55+00:00","description":"El Vialet\u00f3n 395 proporciona una mejor visibilidad para el ciclista durante sus recorridos nocturnos en las ciclopistas, indicando la direcci\u00f3n de estas.","breadcrumb":{"@id":"https:\/\/lapistaciclabili.it\/producto\/vialeton-395\/#breadcrumb"},"inLanguage":"es","potentialAction":[{"@type":"ReadAction","target":["https:\/\/lapistaciclabili.it\/producto\/vialeton-395\/"]}]},{"@type":"ImageObject","inLanguage":"es","@id":"https:\/\/lapistaciclabili.it\/producto\/vialeton-395\/#primaryimage","url":"https:\/\/lapistaciclabili.it\/wp-content\/uploads\/2024\/06\/Producto-Ciclopistas-27.webp","contentUrl":"https:\/\/lapistaciclabili.it\/wp-content\/uploads\/2024\/06\/Producto-Ciclopistas-27.webp","width":1200,"height":1200,"caption":"El Vialet\u00f3n 395 proporciona una mejor visibilidad para el ciclista durante sus recorridos nocturnos en las ciclopistas, indicando la direcci\u00f3n de estas."},{"@type":"BreadcrumbList","@id":"https:\/\/lapistaciclabili.it\/producto\/vialeton-395\/#breadcrumb","itemListElement":[{"@type":"ListItem","position":1,"name":"Inicio","item":"https:\/\/lapistaciclabili.it\/"},{"@type":"ListItem","position":2,"name":"Tienda","item":"https:\/\/lapistaciclabili.it\/tienda\/"},{"@type":"ListItem","position":3,"name":"Vialet\u00f3n 395"}]},{"@type":"WebSite","@id":"https:\/\/lapistaciclabili.it\/#website","url":"https:\/\/lapistaciclabili.it\/","name":"lapistaciclabili.it","description":"","publisher":{"@id":"https:\/\/lapistaciclabili.it\/#organization"},"potentialAction":[{"@type":"SearchAction","target":{"@type":"EntryPoint","urlTemplate":"https:\/\/lapistaciclabili.it\/?s={search_term_string}"},"query-input":"required name=search_term_string"}],"inLanguage":"es"},{"@type":"Organization","@id":"https:\/\/lapistaciclabili.it\/#organization","name":"lapistaciclabili.it","url":"https:\/\/lapistaciclabili.it\/","logo":{"@type":"ImageObject","inLanguage":"es","@id":"https:\/\/lapistaciclabili.it\/#\/schema\/logo\/image\/","url":"https:\/\/lapistaciclabili.it\/wp-content\/uploads\/2024\/06\/lapistaciclabili.it_-1.png","contentUrl":"https:\/\/lapistaciclabili.it\/wp-content\/uploads\/2024\/06\/lapistaciclabili.it_-1.png","width":768,"height":220,"caption":"lapistaciclabili.it"},"image":{"@id":"https:\/\/lapistaciclabili.it\/#\/schema\/logo\/image\/"},"sameAs":["https:\/\/www.facebook.com\/multisenal\/","https:\/\/x.com\/multisenal","https:\/\/www.instagram.com\/multisenalmx\/","https:\/\/www.linkedin.com\/company\/multisenalmexico\/","https:\/\/www.youtube.com\/@multisenaloficial"]}]}},"_links":{"self":[{"href":"https:\/\/lapistaciclabili.it\/es\/wp-json\/wp\/v2\/product\/3756","targetHints":{"allow":["GET"]}}],"collection":[{"href":"https:\/\/lapistaciclabili.it\/es\/wp-json\/wp\/v2\/product"}],"about":[{"href":"https:\/\/lapistaciclabili.it\/es\/wp-json\/wp\/v2\/types\/product"}],"replies":[{"embeddable":true,"href":"https:\/\/lapistaciclabili.it\/es\/wp-json\/wp\/v2\/comments?post=3756"}],"wp:featuredmedia":[{"embeddable":true,"href":"https:\/\/lapistaciclabili.it\/es\/wp-json\/wp\/v2\/media\/3797"}],"wp:attachment":[{"href":"https:\/\/lapistaciclabili.it\/es\/wp-json\/wp\/v2\/media?parent=3756"}],"wp:term":[{"taxonomy":"product_cat","embeddable":true,"href":"https:\/\/lapistaciclabili.it\/es\/wp-json\/wp\/v2\/product_cat?post=3756"},{"taxonomy":"product_tag","embeddable":true,"href":"https:\/\/lapistaciclabili.it\/es\/wp-json\/wp\/v2\/product_tag?post=3756"}],"curies":[{"name":"wp","href":"https:\/\/api.w.org\/{rel}","templated":true}]}}