{"id":3755,"date":"2024-06-17T22:25:20","date_gmt":"2024-06-17T22:25:20","guid":{"rendered":"https:\/\/lapistaciclabili.it\/?post_type=product&#038;p=3755"},"modified":"2024-10-31T15:12:57","modified_gmt":"2024-10-31T21:12:57","slug":"confibici-25","status":"publish","type":"product","link":"https:\/\/lapistaciclabili.it\/es\/producto\/confibici-25\/","title":{"rendered":"Confibici 25"},"content":{"rendered":"<h4><img fetchpriority=\"high\" decoding=\"async\" class=\"aligncenter wp-image-260\" src=\"https:\/\/ciclovias.es\/wp-content\/uploads\/2021\/10\/CONFI-BICI-25-300x225.jpg\" alt=\"\" width=\"742\" height=\"556\" \/><\/h4>\n<p style=\"font-weight: 400;\">Descubre el Confibici 25, tu aliado perfecto para demarcar y proteger ciclov\u00edas con estilo y eficacia. Dise\u00f1ado para garantizar la seguridad tanto de ciclistas como de automovilistas, ofrece una soluci\u00f3n robusta y visualmente atractiva para entornos viales exigentes.<\/p>\n<p>Protege el camino de los ciclistas al demarcar de forma precisa y llamativa las ciclopistas por las que circulan. Este moderno canalizador, adem\u00e1s, es amigable con los neum\u00e1ticos de las bicis y autos en caso de pasar accidentalmente sobre ellos.<\/p>\n<p style=\"font-weight: 400;\"><strong>Caracter\u00edsticas que destacan:<\/strong><\/p>\n<p style=\"font-weight: 400;\">Dise\u00f1o elegante y estrecho: Con tan solo 25 cm de ancho, el Confibici 25 se integra perfectamente en entornos urbanos sin comprometer el espacio de los carriles automovil\u00edsticos.<\/p>\n<p style=\"font-weight: 400;\">Construcci\u00f3n resistente: Fabricado en polietileno con protecci\u00f3n UV, moldeado por intrusi\u00f3n en una sola pieza para m\u00e1xima durabilidad y resistencia a condiciones clim\u00e1ticas adversas.<\/p>\n<p style=\"font-weight: 400;\">Seguridad ante todo: Sus bordes redondeados y superficie antiderrapante garantizan la protecci\u00f3n de ciclistas y autom\u00f3viles, eliminando aristas peligrosas y ofreciendo estabilidad en cualquier situaci\u00f3n.<\/p>\n<p style=\"font-weight: 400;\">Visibilidad \u00f3ptima: Equipado con reflejantes en ambos extremos y reflejantes laterales estrat\u00e9gicamente angulados para el conductor. Esto permite visualizar la ciclov\u00eda en climas adversos como la noche, niebla o lluvia. Asegura una alta visibilidad em todo momento del d\u00eda. Esencial para la seguridad ciclista.<\/p>\n<p style=\"font-weight: 400;\">Detalles funcionales: Incluye rampa con nervaduras antiderrapantes que ayudan a los ciclistas a mantener el control, incluso en maniobras complicadas.<\/p>\n<p style=\"font-weight: 400;\">Instalaci\u00f3n sencilla y segura: Para una fijaci\u00f3n robusta, este canalizador se ancla al piso con clavos y resina ep\u00f3xica (no incluidos), asegurando estabilidad ante cambios de temperatura diurnos y nocturnos. Adem\u00e1s, ofrece la posibilidad de personalizaci\u00f3n con logotipo institucional, ideal para proyectos municipales y corporativos.<\/p>\n<p style=\"font-weight: 400;\">El Canalizador Confibici 25 redefine la seguridad en ciclov\u00edas con su combinaci\u00f3n de dise\u00f1o avanzado y funcionalidad superior.<\/p>\n<p>Revisa el <a href=\"https:\/\/lapistaciclabili.it\/productos-ciclovias\/\">cat\u00e1logo completo<\/a> con los distintos dispositivos para <a href=\"https:\/\/multisenal.com.mx\/blog\/infraestructura-y-equipamiento-ciclista-que-es\/\">infraestructura ciclista<\/a> que tenemos para ti.<\/p>\n<p>Crea caminos ciclistas m\u00e1s seguros con la implementaci\u00f3n de estas herramientas viales.<\/p>\n","protected":false},"excerpt":{"rendered":"<p><strong>Nombre del Producto: Bolardo Confibici 25<\/strong><\/p>\n<p><strong>C\u00f3digo: B-COBI-25<\/strong><\/p>\n<table>\n<tbody>\n<tr>\n<td style=\"text-align: center;\"><strong>ESPA\u00d1OL<\/strong><\/td>\n<td style=\"text-align: center;\"><strong>INGL\u00c9S<\/strong><\/td>\n<td style=\"text-align: center;\"><strong>MODELO 3D<\/strong><\/td>\n<\/tr>\n<tr>\n<td><a href=\"https:\/\/multisenal.com.mx\/FichasTecnicas\/Confi-Bici-B-COBI-25-ES.pdf\"><img decoding=\"async\" class=\"wp-image-5524 aligncenter\" src=\"https:\/\/lapistaciclabili.it\/wp-content\/uploads\/2024\/06\/img-pdf-ciclopistas.webp\" alt=\"\" width=\"49\" height=\"49\" \/><\/a><\/td>\n<td><a href=\"https:\/\/multisenal.com.mx\/FichasTecnicas\/Confi-Bici-B-COBI-25-EN.pdf\"><img decoding=\"async\" class=\"wp-image-5524 aligncenter\" src=\"https:\/\/lapistaciclabili.it\/wp-content\/uploads\/2024\/06\/img-pdf-ciclopistas.webp\" alt=\"\" width=\"49\" height=\"49\" \/><\/a><\/td>\n<td><a href=\"https:\/\/lapistaciclabili.it\/renders\/confibici-25-modelo-360\/\"><img decoding=\"async\" class=\"wp-image-5524 aligncenter\" src=\"https:\/\/lapistaciclabili.it\/wp-content\/uploads\/2024\/06\/img-modelo3D.webp\" alt=\"\" width=\"49\" height=\"49\" \/><\/a><\/td>\n<\/tr>\n<\/tbody>\n<\/table>\n","protected":false},"featured_media":12962,"comment_status":"open","ping_status":"closed","template":"","meta":[],"product_cat":[21],"product_tag":[],"class_list":{"0":"post-3755","1":"product","2":"type-product","3":"status-publish","4":"has-post-thumbnail","6":"product_cat-delimitadores-viales","8":"first","9":"instock","10":"shipping-taxable","11":"product-type-simple"},"yoast_head":"<!-- This site is optimized with the Yoast SEO Premium plugin v22.3 (Yoast SEO v23.0) - https:\/\/yoast.com\/wordpress\/plugins\/seo\/ -->\n<title>Confibici 25 - lapistaciclabili.it<\/title>\n<meta name=\"description\" content=\"El Confibici 25 representa una de las mejores opciones para delimitar ciclov\u00edas de forma segura. Resistente y amigable con los neum\u00e1ticos\" \/>\n<meta name=\"robots\" content=\"index, follow, max-snippet:-1, max-image-preview:large, max-video-preview:-1\" \/>\n<link rel=\"canonical\" href=\"https:\/\/lapistaciclabili.it\/es\/producto\/confibici-25\/\" \/>\n<meta property=\"og:locale\" content=\"es_ES\" \/>\n<meta property=\"og:type\" content=\"article\" \/>\n<meta property=\"og:title\" content=\"Confibici 25\" \/>\n<meta property=\"og:description\" content=\"El Confibici 25 representa una de las mejores opciones para delimitar ciclov\u00edas de forma segura. Resistente y amigable con los neum\u00e1ticos\" \/>\n<meta property=\"og:url\" content=\"https:\/\/lapistaciclabili.it\/producto\/confibici-25\/\" \/>\n<meta property=\"og:site_name\" content=\"lapistaciclabili.it\" \/>\n<meta property=\"article:publisher\" content=\"https:\/\/www.facebook.com\/multisenal\/\" \/>\n<meta property=\"article:modified_time\" content=\"2024-10-31T21:12:57+00:00\" \/>\n<meta property=\"og:image\" content=\"https:\/\/lapistaciclabili.it\/wp-content\/uploads\/2024\/06\/Producto-Ciclopistas-2.webp\" \/>\n\t<meta property=\"og:image:width\" content=\"1200\" \/>\n\t<meta property=\"og:image:height\" content=\"1200\" \/>\n\t<meta property=\"og:image:type\" content=\"image\/webp\" \/>\n<meta name=\"twitter:card\" content=\"summary_large_image\" \/>\n<meta name=\"twitter:site\" content=\"@multisenal\" \/>\n<meta name=\"twitter:label1\" content=\"Tiempo de lectura\" \/>\n\t<meta name=\"twitter:data1\" content=\"2 minutos\" \/>\n<script type=\"application\/ld+json\" class=\"yoast-schema-graph\">{\"@context\":\"https:\/\/schema.org\",\"@graph\":[{\"@type\":\"WebPage\",\"@id\":\"https:\/\/lapistaciclabili.it\/producto\/confibici-25\/\",\"url\":\"https:\/\/lapistaciclabili.it\/producto\/confibici-25\/\",\"name\":\"Confibici 25 - lapistaciclabili.it\",\"isPartOf\":{\"@id\":\"https:\/\/lapistaciclabili.it\/#website\"},\"primaryImageOfPage\":{\"@id\":\"https:\/\/lapistaciclabili.it\/producto\/confibici-25\/#primaryimage\"},\"image\":{\"@id\":\"https:\/\/lapistaciclabili.it\/producto\/confibici-25\/#primaryimage\"},\"thumbnailUrl\":\"https:\/\/lapistaciclabili.it\/wp-content\/uploads\/2024\/08\/canalizador-h725.webp\",\"datePublished\":\"2024-06-17T22:25:20+00:00\",\"dateModified\":\"2024-10-31T21:12:57+00:00\",\"description\":\"El Confibici 25 representa una de las mejores opciones para delimitar ciclov\u00edas de forma segura. Resistente y amigable con los neum\u00e1ticos\",\"breadcrumb\":{\"@id\":\"https:\/\/lapistaciclabili.it\/producto\/confibici-25\/#breadcrumb\"},\"inLanguage\":\"es\",\"potentialAction\":[{\"@type\":\"ReadAction\",\"target\":[\"https:\/\/lapistaciclabili.it\/producto\/confibici-25\/\"]}]},{\"@type\":\"ImageObject\",\"inLanguage\":\"es\",\"@id\":\"https:\/\/lapistaciclabili.it\/producto\/confibici-25\/#primaryimage\",\"url\":\"https:\/\/lapistaciclabili.it\/wp-content\/uploads\/2024\/08\/canalizador-h725.webp\",\"contentUrl\":\"https:\/\/lapistaciclabili.it\/wp-content\/uploads\/2024\/08\/canalizador-h725.webp\",\"width\":1200,\"height\":1200},{\"@type\":\"BreadcrumbList\",\"@id\":\"https:\/\/lapistaciclabili.it\/producto\/confibici-25\/#breadcrumb\",\"itemListElement\":[{\"@type\":\"ListItem\",\"position\":1,\"name\":\"Inicio\",\"item\":\"https:\/\/lapistaciclabili.it\/\"},{\"@type\":\"ListItem\",\"position\":2,\"name\":\"Tienda\",\"item\":\"https:\/\/lapistaciclabili.it\/tienda\/\"},{\"@type\":\"ListItem\",\"position\":3,\"name\":\"Confibici 25\"}]},{\"@type\":\"WebSite\",\"@id\":\"https:\/\/lapistaciclabili.it\/#website\",\"url\":\"https:\/\/lapistaciclabili.it\/\",\"name\":\"lapistaciclabili.it\",\"description\":\"\",\"publisher\":{\"@id\":\"https:\/\/lapistaciclabili.it\/#organization\"},\"potentialAction\":[{\"@type\":\"SearchAction\",\"target\":{\"@type\":\"EntryPoint\",\"urlTemplate\":\"https:\/\/lapistaciclabili.it\/?s={search_term_string}\"},\"query-input\":\"required name=search_term_string\"}],\"inLanguage\":\"es\"},{\"@type\":\"Organization\",\"@id\":\"https:\/\/lapistaciclabili.it\/#organization\",\"name\":\"lapistaciclabili.it\",\"url\":\"https:\/\/lapistaciclabili.it\/\",\"logo\":{\"@type\":\"ImageObject\",\"inLanguage\":\"es\",\"@id\":\"https:\/\/lapistaciclabili.it\/#\/schema\/logo\/image\/\",\"url\":\"https:\/\/lapistaciclabili.it\/wp-content\/uploads\/2024\/06\/lapistaciclabili.it_-1.png\",\"contentUrl\":\"https:\/\/lapistaciclabili.it\/wp-content\/uploads\/2024\/06\/lapistaciclabili.it_-1.png\",\"width\":768,\"height\":220,\"caption\":\"lapistaciclabili.it\"},\"image\":{\"@id\":\"https:\/\/lapistaciclabili.it\/#\/schema\/logo\/image\/\"},\"sameAs\":[\"https:\/\/www.facebook.com\/multisenal\/\",\"https:\/\/x.com\/multisenal\",\"https:\/\/www.instagram.com\/multisenalmx\/\",\"https:\/\/www.linkedin.com\/company\/multisenalmexico\/\",\"https:\/\/www.youtube.com\/@multisenaloficial\"]}]}<\/script>\n<!-- \/ Yoast SEO Premium plugin. -->","yoast_head_json":{"title":"Confibici 25 - lapistaciclabili.it","description":"El Confibici 25 representa una de las mejores opciones para delimitar ciclov\u00edas de forma segura. Resistente y amigable con los neum\u00e1ticos","robots":{"index":"index","follow":"follow","max-snippet":"max-snippet:-1","max-image-preview":"max-image-preview:large","max-video-preview":"max-video-preview:-1"},"canonical":"https:\/\/lapistaciclabili.it\/es\/producto\/confibici-25\/","og_locale":"es_ES","og_type":"article","og_title":"Confibici 25","og_description":"El Confibici 25 representa una de las mejores opciones para delimitar ciclov\u00edas de forma segura. Resistente y amigable con los neum\u00e1ticos","og_url":"https:\/\/lapistaciclabili.it\/producto\/confibici-25\/","og_site_name":"lapistaciclabili.it","article_publisher":"https:\/\/www.facebook.com\/multisenal\/","article_modified_time":"2024-10-31T21:12:57+00:00","og_image":[{"width":1200,"height":1200,"url":"https:\/\/lapistaciclabili.it\/wp-content\/uploads\/2024\/06\/Producto-Ciclopistas-2.webp","type":"image\/webp"}],"twitter_card":"summary_large_image","twitter_site":"@multisenal","twitter_misc":{"Tiempo de lectura":"2 minutos"},"schema":{"@context":"https:\/\/schema.org","@graph":[{"@type":"WebPage","@id":"https:\/\/lapistaciclabili.it\/producto\/confibici-25\/","url":"https:\/\/lapistaciclabili.it\/producto\/confibici-25\/","name":"Confibici 25 - lapistaciclabili.it","isPartOf":{"@id":"https:\/\/lapistaciclabili.it\/#website"},"primaryImageOfPage":{"@id":"https:\/\/lapistaciclabili.it\/producto\/confibici-25\/#primaryimage"},"image":{"@id":"https:\/\/lapistaciclabili.it\/producto\/confibici-25\/#primaryimage"},"thumbnailUrl":"https:\/\/lapistaciclabili.it\/wp-content\/uploads\/2024\/08\/canalizador-h725.webp","datePublished":"2024-06-17T22:25:20+00:00","dateModified":"2024-10-31T21:12:57+00:00","description":"El Confibici 25 representa una de las mejores opciones para delimitar ciclov\u00edas de forma segura. Resistente y amigable con los neum\u00e1ticos","breadcrumb":{"@id":"https:\/\/lapistaciclabili.it\/producto\/confibici-25\/#breadcrumb"},"inLanguage":"es","potentialAction":[{"@type":"ReadAction","target":["https:\/\/lapistaciclabili.it\/producto\/confibici-25\/"]}]},{"@type":"ImageObject","inLanguage":"es","@id":"https:\/\/lapistaciclabili.it\/producto\/confibici-25\/#primaryimage","url":"https:\/\/lapistaciclabili.it\/wp-content\/uploads\/2024\/08\/canalizador-h725.webp","contentUrl":"https:\/\/lapistaciclabili.it\/wp-content\/uploads\/2024\/08\/canalizador-h725.webp","width":1200,"height":1200},{"@type":"BreadcrumbList","@id":"https:\/\/lapistaciclabili.it\/producto\/confibici-25\/#breadcrumb","itemListElement":[{"@type":"ListItem","position":1,"name":"Inicio","item":"https:\/\/lapistaciclabili.it\/"},{"@type":"ListItem","position":2,"name":"Tienda","item":"https:\/\/lapistaciclabili.it\/tienda\/"},{"@type":"ListItem","position":3,"name":"Confibici 25"}]},{"@type":"WebSite","@id":"https:\/\/lapistaciclabili.it\/#website","url":"https:\/\/lapistaciclabili.it\/","name":"lapistaciclabili.it","description":"","publisher":{"@id":"https:\/\/lapistaciclabili.it\/#organization"},"potentialAction":[{"@type":"SearchAction","target":{"@type":"EntryPoint","urlTemplate":"https:\/\/lapistaciclabili.it\/?s={search_term_string}"},"query-input":"required name=search_term_string"}],"inLanguage":"es"},{"@type":"Organization","@id":"https:\/\/lapistaciclabili.it\/#organization","name":"lapistaciclabili.it","url":"https:\/\/lapistaciclabili.it\/","logo":{"@type":"ImageObject","inLanguage":"es","@id":"https:\/\/lapistaciclabili.it\/#\/schema\/logo\/image\/","url":"https:\/\/lapistaciclabili.it\/wp-content\/uploads\/2024\/06\/lapistaciclabili.it_-1.png","contentUrl":"https:\/\/lapistaciclabili.it\/wp-content\/uploads\/2024\/06\/lapistaciclabili.it_-1.png","width":768,"height":220,"caption":"lapistaciclabili.it"},"image":{"@id":"https:\/\/lapistaciclabili.it\/#\/schema\/logo\/image\/"},"sameAs":["https:\/\/www.facebook.com\/multisenal\/","https:\/\/x.com\/multisenal","https:\/\/www.instagram.com\/multisenalmx\/","https:\/\/www.linkedin.com\/company\/multisenalmexico\/","https:\/\/www.youtube.com\/@multisenaloficial"]}]}},"_links":{"self":[{"href":"https:\/\/lapistaciclabili.it\/es\/wp-json\/wp\/v2\/product\/3755","targetHints":{"allow":["GET"]}}],"collection":[{"href":"https:\/\/lapistaciclabili.it\/es\/wp-json\/wp\/v2\/product"}],"about":[{"href":"https:\/\/lapistaciclabili.it\/es\/wp-json\/wp\/v2\/types\/product"}],"replies":[{"embeddable":true,"href":"https:\/\/lapistaciclabili.it\/es\/wp-json\/wp\/v2\/comments?post=3755"}],"wp:featuredmedia":[{"embeddable":true,"href":"https:\/\/lapistaciclabili.it\/es\/wp-json\/wp\/v2\/media\/12962"}],"wp:attachment":[{"href":"https:\/\/lapistaciclabili.it\/es\/wp-json\/wp\/v2\/media?parent=3755"}],"wp:term":[{"taxonomy":"product_cat","embeddable":true,"href":"https:\/\/lapistaciclabili.it\/es\/wp-json\/wp\/v2\/product_cat?post=3755"},{"taxonomy":"product_tag","embeddable":true,"href":"https:\/\/lapistaciclabili.it\/es\/wp-json\/wp\/v2\/product_tag?post=3755"}],"curies":[{"name":"wp","href":"https:\/\/api.w.org\/{rel}","templated":true}]}}