{"id":3754,"date":"2024-06-17T20:45:20","date_gmt":"2024-06-17T20:45:20","guid":{"rendered":"https:\/\/lapistaciclabili.it\/?post_type=product&#038;p=3754"},"modified":"2024-08-16T18:55:34","modified_gmt":"2024-08-16T18:55:34","slug":"vialeton-50","status":"publish","type":"product","link":"https:\/\/lapistaciclabili.it\/es\/producto\/vialeton-50\/","title":{"rendered":"Vialeton 50"},"content":{"rendered":"<p style=\"font-weight: 400;\">\u00a1Delimita tus carriles especiales con el Vialeton 50! Crea carriles exclusivos para ciclov\u00edas con nuestro separador vial, ideal para organizar el tr\u00e1fico ciclista y mejorar la seguridad en la circulaci\u00f3n.<\/p>\n<p style=\"font-weight: 400;\">Fabricado con materiales de \u00faltima generaci\u00f3n, este separador vial ofrece una resistencia y durabilidad excepcionales, soportando las condiciones clim\u00e1ticas m\u00e1s extremas.<\/p>\n<p style=\"font-weight: 400;\"><strong>Caracter\u00edsticas:<\/strong><\/p>\n<ul>\n<li style=\"font-weight: 400;\">Material resistente:\u00a0Elaborado en polietileno de media densidad,\u00a0ofrece un excelente desempe\u00f1o ante la intemperie,\u00a0con resistencia a rayos UV,\u00a0humedad,\u00a0corrosi\u00f3n y cambios clim\u00e1ticos.<\/li>\n<li style=\"font-weight: 400;\">Dise\u00f1o \u00f3ptimo:\u00a0Su forma de tronco piramidal sin bordes peligrosos y su altura ideal, garantizan la seguridad de los neum\u00e1ticos tanto de automovilistas como de <a href=\"https:\/\/multisenal.com.mx\/blog\/derechos-y-obligaciones-de-los-ciclistas-conoces-todas-las-reglas\/\">ciclistas<\/a>.<\/li>\n<li style=\"font-weight: 400;\">Visibilidad superior:\u00a0Cuenta con dos reflejantes en cada extremo para una m\u00e1xima visibilidad nocturna y en condiciones de poca luz.<\/li>\n<li style=\"font-weight: 400;\">F\u00e1cil instalaci\u00f3n: El Vialeton 50 se instala de forma r\u00e1pida y sencilla gracias a sus dos barrenos para sujeci\u00f3n.<\/li>\n<li style=\"font-weight: 400;\">Color llamativo:\u00a0Disponible en color amarillo,\u00a0que proporciona una alta visibilidad y distinci\u00f3n en la v\u00eda.<\/li>\n<li style=\"font-weight: 400;\">Personalizaci\u00f3n opcional: Incluye logotipo en la parte superior (opcional).<\/li>\n<\/ul>\n<p style=\"font-weight: 400;\"><strong>\ud83d\udeb4\u200d\u2640\ufe0f Beneficios \ud83d\udeb4\u200d\u2640\ufe0f<\/strong>:<\/p>\n<ul>\n<li style=\"font-weight: 400;\">Mejora la organizaci\u00f3n del tr\u00e1fico: Delimita ciclopistas y carriles exclusivos de manera clara y efectiva, previniendo confusiones y accidentes.<\/li>\n<li style=\"font-weight: 400;\">Promueve la seguridad vial: Protege a ciclistas, peatones y conductores al separar el tr\u00e1fico vehicular de manera segura para todos.<\/li>\n<li style=\"font-weight: 400;\">Soluci\u00f3n duradera y econ\u00f3mica: Su alta resistencia y bajo mantenimiento lo hacen una inversi\u00f3n rentable a largo plazo.<\/li>\n<li style=\"font-weight: 400;\">F\u00e1cil adaptaci\u00f3n:\u00a0Se adapta a diferentes necesidades y espacios gracias a su dise\u00f1o modular.<\/li>\n<\/ul>\n<p style=\"font-weight: 400;\"><strong>\ud83d\udeb4\u200d\u2640\ufe0fMedidas:\ud83d\udeb4\u200d\u2640\ufe0f<\/strong><\/p>\n<p>Largo: 50.0 cm<br \/>\nAlto: 5.0 cm<br \/>\nAncho: 15.0 cm<\/p>\n<p>Color: Amarillo<\/p>\n<p>Descubre el resto de nuestros productos viales <a href=\"https:\/\/lapistaciclabili.it\/productos-ciclovias\/\">exclusivos para ciclov\u00edas<\/a>. Implem\u00e9ntalos en calles, estacionamientos o donde m\u00e1s los requieras.<\/p>\n<p>Garantiza una mejor seguridad para peatones , ciclistas y los automovilistas.<\/p>\n","protected":false},"excerpt":{"rendered":"<p><strong>Nombre del producto: Canalizador 50<\/strong><\/p>\n<p><strong>C\u00f3digo: VIA-50<\/strong><\/p>\n<table>\n<tbody>\n<tr>\n<td style=\"text-align: center;\"><strong>ESPA\u00d1OL<\/strong><\/td>\n<td style=\"text-align: center;\"><strong>INGL\u00c9S<\/strong><\/td>\n<td style=\"text-align: center;\"><strong>MODELO 3D<\/strong><\/td>\n<\/tr>\n<tr>\n<td><a href=\"https:\/\/multisenal.com.mx\/FichasTecnicas\/Canalizador-VIA-50-ES.pdf\"><img decoding=\"async\" class=\"wp-image-5524 aligncenter\" src=\"https:\/\/lapistaciclabili.it\/wp-content\/uploads\/2024\/06\/img-pdf-ciclopistas.webp\" alt=\"\" width=\"49\" height=\"49\" \/><\/a><\/td>\n<td><a href=\"https:\/\/multisenal.com.mx\/FichasTecnicas\/Canalizador-VIA-50-EN.pdf\"><img decoding=\"async\" class=\"wp-image-5524 aligncenter\" src=\"https:\/\/lapistaciclabili.it\/wp-content\/uploads\/2024\/06\/img-pdf-ciclopistas.webp\" alt=\"\" width=\"49\" height=\"49\" \/><\/a><\/td>\n<td><a href=\"https:\/\/lapistaciclabili.it\/renders\/vialeton-50-modelo-360\/\"><img decoding=\"async\" class=\"wp-image-5524 aligncenter\" src=\"https:\/\/lapistaciclabili.it\/wp-content\/uploads\/2024\/06\/img-modelo3D.webp\" alt=\"\" width=\"49\" height=\"49\" \/><\/a><\/td>\n<\/tr>\n<\/tbody>\n<\/table>\n","protected":false},"featured_media":3795,"comment_status":"open","ping_status":"closed","template":"","meta":[],"product_cat":[21],"product_tag":[],"class_list":{"0":"post-3754","1":"product","2":"type-product","3":"status-publish","4":"has-post-thumbnail","6":"product_cat-delimitadores-viales","8":"first","9":"instock","10":"shipping-taxable","11":"product-type-simple"},"yoast_head":"<!-- This site is optimized with the Yoast SEO Premium plugin v22.3 (Yoast SEO v23.0) - https:\/\/yoast.com\/wordpress\/plugins\/seo\/ -->\n<title>Vialeton 50 - lapistaciclabili.it<\/title>\n<meta name=\"description\" content=\"El Vialeton 50 es la ayuda que necesitas para separar y delimitar carriles especiales, como ciclov\u00edas. Resistente al paso de veh\u00edculos y al clima\" \/>\n<meta name=\"robots\" content=\"index, follow, max-snippet:-1, max-image-preview:large, max-video-preview:-1\" \/>\n<link rel=\"canonical\" href=\"https:\/\/lapistaciclabili.it\/es\/producto\/vialeton-50\/\" \/>\n<meta property=\"og:locale\" content=\"es_ES\" \/>\n<meta property=\"og:type\" content=\"article\" \/>\n<meta property=\"og:title\" content=\"Vialeton 50\" \/>\n<meta property=\"og:description\" content=\"El Vialeton 50 es la ayuda que necesitas para separar y delimitar carriles especiales, como ciclov\u00edas. Resistente al paso de veh\u00edculos y al clima\" \/>\n<meta property=\"og:url\" content=\"https:\/\/lapistaciclabili.it\/producto\/vialeton-50\/\" \/>\n<meta property=\"og:site_name\" content=\"lapistaciclabili.it\" \/>\n<meta property=\"article:publisher\" content=\"https:\/\/www.facebook.com\/multisenal\/\" \/>\n<meta property=\"article:modified_time\" content=\"2024-08-16T18:55:34+00:00\" \/>\n<meta property=\"og:image\" content=\"https:\/\/lapistaciclabili.it\/wp-content\/uploads\/2024\/06\/Producto-Ciclopistas-28.webp\" \/>\n\t<meta property=\"og:image:width\" content=\"1200\" \/>\n\t<meta property=\"og:image:height\" content=\"1200\" \/>\n\t<meta property=\"og:image:type\" content=\"image\/webp\" \/>\n<meta name=\"twitter:card\" content=\"summary_large_image\" \/>\n<meta name=\"twitter:site\" content=\"@multisenal\" \/>\n<meta name=\"twitter:label1\" content=\"Tiempo de lectura\" \/>\n\t<meta name=\"twitter:data1\" content=\"2 minutos\" \/>\n<script type=\"application\/ld+json\" class=\"yoast-schema-graph\">{\"@context\":\"https:\/\/schema.org\",\"@graph\":[{\"@type\":\"WebPage\",\"@id\":\"https:\/\/lapistaciclabili.it\/producto\/vialeton-50\/\",\"url\":\"https:\/\/lapistaciclabili.it\/producto\/vialeton-50\/\",\"name\":\"Vialeton 50 - lapistaciclabili.it\",\"isPartOf\":{\"@id\":\"https:\/\/lapistaciclabili.it\/#website\"},\"primaryImageOfPage\":{\"@id\":\"https:\/\/lapistaciclabili.it\/producto\/vialeton-50\/#primaryimage\"},\"image\":{\"@id\":\"https:\/\/lapistaciclabili.it\/producto\/vialeton-50\/#primaryimage\"},\"thumbnailUrl\":\"https:\/\/lapistaciclabili.it\/wp-content\/uploads\/2024\/06\/Producto-Ciclopistas-28.webp\",\"datePublished\":\"2024-06-17T20:45:20+00:00\",\"dateModified\":\"2024-08-16T18:55:34+00:00\",\"description\":\"El Vialeton 50 es la ayuda que necesitas para separar y delimitar carriles especiales, como ciclov\u00edas. Resistente al paso de veh\u00edculos y al clima\",\"breadcrumb\":{\"@id\":\"https:\/\/lapistaciclabili.it\/producto\/vialeton-50\/#breadcrumb\"},\"inLanguage\":\"es\",\"potentialAction\":[{\"@type\":\"ReadAction\",\"target\":[\"https:\/\/lapistaciclabili.it\/producto\/vialeton-50\/\"]}]},{\"@type\":\"ImageObject\",\"inLanguage\":\"es\",\"@id\":\"https:\/\/lapistaciclabili.it\/producto\/vialeton-50\/#primaryimage\",\"url\":\"https:\/\/lapistaciclabili.it\/wp-content\/uploads\/2024\/06\/Producto-Ciclopistas-28.webp\",\"contentUrl\":\"https:\/\/lapistaciclabili.it\/wp-content\/uploads\/2024\/06\/Producto-Ciclopistas-28.webp\",\"width\":1200,\"height\":1200,\"caption\":\"El Vialeton es la ayuda que necesitas para separar y delimitar carriles especiales, como ciclov\u00edas. Resistente al paso de veh\u00edculos y al clima\"},{\"@type\":\"BreadcrumbList\",\"@id\":\"https:\/\/lapistaciclabili.it\/producto\/vialeton-50\/#breadcrumb\",\"itemListElement\":[{\"@type\":\"ListItem\",\"position\":1,\"name\":\"Inicio\",\"item\":\"https:\/\/lapistaciclabili.it\/\"},{\"@type\":\"ListItem\",\"position\":2,\"name\":\"Tienda\",\"item\":\"https:\/\/lapistaciclabili.it\/tienda\/\"},{\"@type\":\"ListItem\",\"position\":3,\"name\":\"Vialeton 50\"}]},{\"@type\":\"WebSite\",\"@id\":\"https:\/\/lapistaciclabili.it\/#website\",\"url\":\"https:\/\/lapistaciclabili.it\/\",\"name\":\"lapistaciclabili.it\",\"description\":\"\",\"publisher\":{\"@id\":\"https:\/\/lapistaciclabili.it\/#organization\"},\"potentialAction\":[{\"@type\":\"SearchAction\",\"target\":{\"@type\":\"EntryPoint\",\"urlTemplate\":\"https:\/\/lapistaciclabili.it\/?s={search_term_string}\"},\"query-input\":\"required name=search_term_string\"}],\"inLanguage\":\"es\"},{\"@type\":\"Organization\",\"@id\":\"https:\/\/lapistaciclabili.it\/#organization\",\"name\":\"lapistaciclabili.it\",\"url\":\"https:\/\/lapistaciclabili.it\/\",\"logo\":{\"@type\":\"ImageObject\",\"inLanguage\":\"es\",\"@id\":\"https:\/\/lapistaciclabili.it\/#\/schema\/logo\/image\/\",\"url\":\"https:\/\/lapistaciclabili.it\/wp-content\/uploads\/2024\/06\/lapistaciclabili.it_-1.png\",\"contentUrl\":\"https:\/\/lapistaciclabili.it\/wp-content\/uploads\/2024\/06\/lapistaciclabili.it_-1.png\",\"width\":768,\"height\":220,\"caption\":\"lapistaciclabili.it\"},\"image\":{\"@id\":\"https:\/\/lapistaciclabili.it\/#\/schema\/logo\/image\/\"},\"sameAs\":[\"https:\/\/www.facebook.com\/multisenal\/\",\"https:\/\/x.com\/multisenal\",\"https:\/\/www.instagram.com\/multisenalmx\/\",\"https:\/\/www.linkedin.com\/company\/multisenalmexico\/\",\"https:\/\/www.youtube.com\/@multisenaloficial\"]}]}<\/script>\n<!-- \/ Yoast SEO Premium plugin. -->","yoast_head_json":{"title":"Vialeton 50 - lapistaciclabili.it","description":"El Vialeton 50 es la ayuda que necesitas para separar y delimitar carriles especiales, como ciclov\u00edas. Resistente al paso de veh\u00edculos y al clima","robots":{"index":"index","follow":"follow","max-snippet":"max-snippet:-1","max-image-preview":"max-image-preview:large","max-video-preview":"max-video-preview:-1"},"canonical":"https:\/\/lapistaciclabili.it\/es\/producto\/vialeton-50\/","og_locale":"es_ES","og_type":"article","og_title":"Vialeton 50","og_description":"El Vialeton 50 es la ayuda que necesitas para separar y delimitar carriles especiales, como ciclov\u00edas. Resistente al paso de veh\u00edculos y al clima","og_url":"https:\/\/lapistaciclabili.it\/producto\/vialeton-50\/","og_site_name":"lapistaciclabili.it","article_publisher":"https:\/\/www.facebook.com\/multisenal\/","article_modified_time":"2024-08-16T18:55:34+00:00","og_image":[{"width":1200,"height":1200,"url":"https:\/\/lapistaciclabili.it\/wp-content\/uploads\/2024\/06\/Producto-Ciclopistas-28.webp","type":"image\/webp"}],"twitter_card":"summary_large_image","twitter_site":"@multisenal","twitter_misc":{"Tiempo de lectura":"2 minutos"},"schema":{"@context":"https:\/\/schema.org","@graph":[{"@type":"WebPage","@id":"https:\/\/lapistaciclabili.it\/producto\/vialeton-50\/","url":"https:\/\/lapistaciclabili.it\/producto\/vialeton-50\/","name":"Vialeton 50 - lapistaciclabili.it","isPartOf":{"@id":"https:\/\/lapistaciclabili.it\/#website"},"primaryImageOfPage":{"@id":"https:\/\/lapistaciclabili.it\/producto\/vialeton-50\/#primaryimage"},"image":{"@id":"https:\/\/lapistaciclabili.it\/producto\/vialeton-50\/#primaryimage"},"thumbnailUrl":"https:\/\/lapistaciclabili.it\/wp-content\/uploads\/2024\/06\/Producto-Ciclopistas-28.webp","datePublished":"2024-06-17T20:45:20+00:00","dateModified":"2024-08-16T18:55:34+00:00","description":"El Vialeton 50 es la ayuda que necesitas para separar y delimitar carriles especiales, como ciclov\u00edas. Resistente al paso de veh\u00edculos y al clima","breadcrumb":{"@id":"https:\/\/lapistaciclabili.it\/producto\/vialeton-50\/#breadcrumb"},"inLanguage":"es","potentialAction":[{"@type":"ReadAction","target":["https:\/\/lapistaciclabili.it\/producto\/vialeton-50\/"]}]},{"@type":"ImageObject","inLanguage":"es","@id":"https:\/\/lapistaciclabili.it\/producto\/vialeton-50\/#primaryimage","url":"https:\/\/lapistaciclabili.it\/wp-content\/uploads\/2024\/06\/Producto-Ciclopistas-28.webp","contentUrl":"https:\/\/lapistaciclabili.it\/wp-content\/uploads\/2024\/06\/Producto-Ciclopistas-28.webp","width":1200,"height":1200,"caption":"El Vialeton es la ayuda que necesitas para separar y delimitar carriles especiales, como ciclov\u00edas. Resistente al paso de veh\u00edculos y al clima"},{"@type":"BreadcrumbList","@id":"https:\/\/lapistaciclabili.it\/producto\/vialeton-50\/#breadcrumb","itemListElement":[{"@type":"ListItem","position":1,"name":"Inicio","item":"https:\/\/lapistaciclabili.it\/"},{"@type":"ListItem","position":2,"name":"Tienda","item":"https:\/\/lapistaciclabili.it\/tienda\/"},{"@type":"ListItem","position":3,"name":"Vialeton 50"}]},{"@type":"WebSite","@id":"https:\/\/lapistaciclabili.it\/#website","url":"https:\/\/lapistaciclabili.it\/","name":"lapistaciclabili.it","description":"","publisher":{"@id":"https:\/\/lapistaciclabili.it\/#organization"},"potentialAction":[{"@type":"SearchAction","target":{"@type":"EntryPoint","urlTemplate":"https:\/\/lapistaciclabili.it\/?s={search_term_string}"},"query-input":"required name=search_term_string"}],"inLanguage":"es"},{"@type":"Organization","@id":"https:\/\/lapistaciclabili.it\/#organization","name":"lapistaciclabili.it","url":"https:\/\/lapistaciclabili.it\/","logo":{"@type":"ImageObject","inLanguage":"es","@id":"https:\/\/lapistaciclabili.it\/#\/schema\/logo\/image\/","url":"https:\/\/lapistaciclabili.it\/wp-content\/uploads\/2024\/06\/lapistaciclabili.it_-1.png","contentUrl":"https:\/\/lapistaciclabili.it\/wp-content\/uploads\/2024\/06\/lapistaciclabili.it_-1.png","width":768,"height":220,"caption":"lapistaciclabili.it"},"image":{"@id":"https:\/\/lapistaciclabili.it\/#\/schema\/logo\/image\/"},"sameAs":["https:\/\/www.facebook.com\/multisenal\/","https:\/\/x.com\/multisenal","https:\/\/www.instagram.com\/multisenalmx\/","https:\/\/www.linkedin.com\/company\/multisenalmexico\/","https:\/\/www.youtube.com\/@multisenaloficial"]}]}},"_links":{"self":[{"href":"https:\/\/lapistaciclabili.it\/es\/wp-json\/wp\/v2\/product\/3754","targetHints":{"allow":["GET"]}}],"collection":[{"href":"https:\/\/lapistaciclabili.it\/es\/wp-json\/wp\/v2\/product"}],"about":[{"href":"https:\/\/lapistaciclabili.it\/es\/wp-json\/wp\/v2\/types\/product"}],"replies":[{"embeddable":true,"href":"https:\/\/lapistaciclabili.it\/es\/wp-json\/wp\/v2\/comments?post=3754"}],"wp:featuredmedia":[{"embeddable":true,"href":"https:\/\/lapistaciclabili.it\/es\/wp-json\/wp\/v2\/media\/3795"}],"wp:attachment":[{"href":"https:\/\/lapistaciclabili.it\/es\/wp-json\/wp\/v2\/media?parent=3754"}],"wp:term":[{"taxonomy":"product_cat","embeddable":true,"href":"https:\/\/lapistaciclabili.it\/es\/wp-json\/wp\/v2\/product_cat?post=3754"},{"taxonomy":"product_tag","embeddable":true,"href":"https:\/\/lapistaciclabili.it\/es\/wp-json\/wp\/v2\/product_tag?post=3754"}],"curies":[{"name":"wp","href":"https:\/\/api.w.org\/{rel}","templated":true}]}}