{"id":3752,"date":"2024-06-10T19:22:20","date_gmt":"2024-06-10T19:22:20","guid":{"rendered":"https:\/\/lapistaciclabili.it\/?post_type=product&#038;p=3752"},"modified":"2024-08-20T14:11:11","modified_gmt":"2024-08-20T14:11:11","slug":"barrera-canalizadora","status":"publish","type":"product","link":"https:\/\/lapistaciclabili.it\/es\/producto\/barrera-canalizadora\/","title":{"rendered":"Barrera Canalizadora"},"content":{"rendered":"<p style=\"font-weight: 400;\">\u00a1Protege a los ciclistas y crea carriles seguros con la Barrera Canalizadora!<\/p>\n<p style=\"font-weight: 400;\">Este canalizador de tres piezas te permite delimitar carriles exclusivos para <a href=\"https:\/\/multisenal.com.mx\/blog\/derechos-y-obligaciones-de-los-ciclistas-conoces-todas-las-reglas\/\">ciclistas<\/a> de manera r\u00e1pida, f\u00e1cil y segura, brindando la m\u00e1xima protecci\u00f3n a los usuarios de la v\u00eda.<\/p>\n<p style=\"font-weight: 400;\">Fabricada con materiales de alta calidad y dise\u00f1o inteligente, este canalizador ofrece una serie de ventajas que lo convierten en la mejor opci\u00f3n para la seguridad ciclista:<\/p>\n<p style=\"font-weight: 400;\"><strong>Visibilidad superior:<\/strong>\u00a0Las bandas de reflejantes de alta intensidad en los cabezales garantizan una excelente visibilidad nocturna,\u00a0protegiendo tanto a ciclistas como a conductores.<\/p>\n<p style=\"font-weight: 400;\"><strong>Resistencia y durabilidad<\/strong>:\u00a0Elaborado en polietileno de media densidad con protecci\u00f3n UV,\u00a0el canalizador soporta impactos,\u00a0presi\u00f3n de rodadura y las condiciones clim\u00e1ticas m\u00e1s extremas.<\/p>\n<p style=\"font-weight: 400;\"><strong>Seguridad para todos:<\/strong> La Barrera canalizadora tiene una superficie lisa, sin esquinas punzo cortantes y aristas redondeadas, evita da\u00f1os a neum\u00e1ticos y usuarios.<\/p>\n<p style=\"font-weight: 400;\"><strong>F\u00e1cil instalaci\u00f3n<\/strong>:\u00a0El sistema de ensamble macho-hembra permite una colocaci\u00f3n r\u00e1pida y segura,\u00a0con 6 barrenos para una fijaci\u00f3n firme.<\/p>\n<p style=\"font-weight: 400;\"><strong>Versatilidad:\u00a0<\/strong>Se puede instalar en hilera o por bloques,\u00a0adapt\u00e1ndose a diferentes necesidades y espacios.<\/p>\n<p style=\"font-weight: 400;\"><strong>Facilidad de reubicaci\u00f3n:<\/strong> Permite una reubicaci\u00f3n r\u00e1pida y sencilla, ideal para colocar en las ciclov\u00edas.<\/p>\n<p style=\"font-weight: 400;\"><strong>Opci\u00f3n de hitos:<\/strong>\u00a0Puedes agregar un hito 66 de poliflexy\u00ae o un hito abatible para mayor seguridad y visibilidad.<\/p>\n<p style=\"font-weight: 400;\"><strong>Beneficios:<\/strong><\/p>\n<p style=\"font-weight: 400;\">Mejora la seguridad para los conductores de bicicletas: Reduce el riesgo de accidentes al separar el tr\u00e1fico vehicular del ciclista.<\/p>\n<p style=\"font-weight: 400;\">Promueve el uso de la bicicleta:\u00a0Crea un entorno seguro y c\u00f3modo para los ciclistas,\u00a0fomentando el uso de este medio de transporte sostenible.<\/p>\n<p style=\"font-weight: 400;\">Soluci\u00f3n econ\u00f3mica y duradera:\u00a0Su bajo costo de mantenimiento y alta resistencia lo convierten en una inversi\u00f3n rentable a largo plazo.<\/p>\n<p style=\"font-weight: 400;\">F\u00e1cil adaptaci\u00f3n:\u00a0Se adapta a diferentes configuraciones y necesidades gracias a su dise\u00f1o modular.<\/p>\n<p style=\"font-weight: 400;\"><strong>Medidas y Colores<\/strong><\/p>\n<p>Largo: 235.0 cm.<br \/>\nAlto: 12.1 cm.<br \/>\nAncho: 21.5 cm<br \/>\nAlto con Hito 78.5 cm<\/p>\n<p>Colores: Amarillo y Verde<br \/>\nReflejantes: Blanco y \u00c1mbar.<\/p>\n<p>* Otros colores sobre pedido m\u00ednimo de 200 pz.<\/p>\n<p>M\u00e1s producto,<strong> <a href=\"https:\/\/lapistaciclabili.it\/productos-ciclovias\/\">aqu\u00ed<\/a>.<\/strong><\/p>\n","protected":false},"excerpt":{"rendered":"<p><strong>Nombre del producto: Barrera Canalizadora<\/strong><\/p>\n<p><strong>C\u00f3digo: B-150<\/strong><\/p>\n<table>\n<tbody>\n<tr>\n<td style=\"text-align: center;\"><strong>ESPA\u00d1OL<\/strong><\/td>\n<td style=\"text-align: center;\"><strong>INGL\u00c9S<\/strong><\/td>\n<\/tr>\n<tr>\n<td><a href=\"https:\/\/multisenal.com.mx\/FichasTecnicas\/Canalizador-B-150-ES.pdf\"><img decoding=\"async\" class=\"wp-image-5524 aligncenter\" src=\"https:\/\/lapistaciclabili.it\/wp-content\/uploads\/2024\/06\/img-pdf-ciclopistas.webp\" alt=\"\" width=\"49\" height=\"49\" \/><\/a><\/td>\n<td><a href=\"https:\/\/multisenal.com.mx\/FichasTecnicas\/Canalizador-B-150-EN.pdf\"><img decoding=\"async\" class=\"wp-image-5524 aligncenter\" src=\"https:\/\/lapistaciclabili.it\/wp-content\/uploads\/2024\/06\/img-pdf-ciclopistas.webp\" alt=\"\" width=\"49\" height=\"49\" \/><\/a><\/td>\n<\/tr>\n<\/tbody>\n<\/table>\n","protected":false},"featured_media":3793,"comment_status":"open","ping_status":"closed","template":"","meta":[],"product_cat":[25,21],"product_tag":[],"class_list":{"0":"post-3752","1":"product","2":"type-product","3":"status-publish","4":"has-post-thumbnail","6":"product_cat-canalizadores","7":"product_cat-delimitadores-viales","9":"first","10":"instock","11":"shipping-taxable","12":"product-type-simple"},"yoast_head":"<!-- This site is optimized with the Yoast SEO Premium plugin v22.3 (Yoast SEO v23.0) - https:\/\/yoast.com\/wordpress\/plugins\/seo\/ -->\n<title>Barrera Canalizadora - lapistaciclabili.it<\/title>\n<meta name=\"description\" content=\"La Barrera Canalizadora funciona tanto como delimitador de carriles como para crear ciclov\u00edas. Alta resistencia y durabilidad\" \/>\n<meta name=\"robots\" content=\"index, follow, max-snippet:-1, max-image-preview:large, max-video-preview:-1\" \/>\n<link rel=\"canonical\" href=\"https:\/\/lapistaciclabili.it\/es\/producto\/barrera-canalizadora\/\" \/>\n<meta property=\"og:locale\" content=\"es_ES\" \/>\n<meta property=\"og:type\" content=\"article\" \/>\n<meta property=\"og:title\" content=\"Barrera Canalizadora\" \/>\n<meta property=\"og:description\" content=\"La Barrera Canalizadora funciona tanto como delimitador de carriles como para crear ciclov\u00edas. Alta resistencia y durabilidad\" \/>\n<meta property=\"og:url\" content=\"https:\/\/lapistaciclabili.it\/producto\/barrera-canalizadora\/\" \/>\n<meta property=\"og:site_name\" content=\"lapistaciclabili.it\" \/>\n<meta property=\"article:publisher\" content=\"https:\/\/www.facebook.com\/multisenal\/\" \/>\n<meta property=\"article:modified_time\" content=\"2024-08-20T14:11:11+00:00\" \/>\n<meta property=\"og:image\" content=\"https:\/\/lapistaciclabili.it\/wp-content\/uploads\/2024\/06\/Producto-Ciclopistas-1.webp\" \/>\n\t<meta property=\"og:image:width\" content=\"1200\" \/>\n\t<meta property=\"og:image:height\" content=\"1200\" \/>\n\t<meta property=\"og:image:type\" content=\"image\/webp\" \/>\n<meta name=\"twitter:card\" content=\"summary_large_image\" \/>\n<meta name=\"twitter:site\" content=\"@multisenal\" \/>\n<meta name=\"twitter:label1\" content=\"Tiempo de lectura\" \/>\n\t<meta name=\"twitter:data1\" content=\"2 minutos\" \/>\n<script type=\"application\/ld+json\" class=\"yoast-schema-graph\">{\"@context\":\"https:\/\/schema.org\",\"@graph\":[{\"@type\":\"WebPage\",\"@id\":\"https:\/\/lapistaciclabili.it\/producto\/barrera-canalizadora\/\",\"url\":\"https:\/\/lapistaciclabili.it\/producto\/barrera-canalizadora\/\",\"name\":\"Barrera Canalizadora - lapistaciclabili.it\",\"isPartOf\":{\"@id\":\"https:\/\/lapistaciclabili.it\/#website\"},\"primaryImageOfPage\":{\"@id\":\"https:\/\/lapistaciclabili.it\/producto\/barrera-canalizadora\/#primaryimage\"},\"image\":{\"@id\":\"https:\/\/lapistaciclabili.it\/producto\/barrera-canalizadora\/#primaryimage\"},\"thumbnailUrl\":\"https:\/\/lapistaciclabili.it\/wp-content\/uploads\/2024\/06\/Producto-Ciclopistas-1.webp\",\"datePublished\":\"2024-06-10T19:22:20+00:00\",\"dateModified\":\"2024-08-20T14:11:11+00:00\",\"description\":\"La Barrera Canalizadora funciona tanto como delimitador de carriles como para crear ciclov\u00edas. Alta resistencia y durabilidad\",\"breadcrumb\":{\"@id\":\"https:\/\/lapistaciclabili.it\/producto\/barrera-canalizadora\/#breadcrumb\"},\"inLanguage\":\"es\",\"potentialAction\":[{\"@type\":\"ReadAction\",\"target\":[\"https:\/\/lapistaciclabili.it\/producto\/barrera-canalizadora\/\"]}]},{\"@type\":\"ImageObject\",\"inLanguage\":\"es\",\"@id\":\"https:\/\/lapistaciclabili.it\/producto\/barrera-canalizadora\/#primaryimage\",\"url\":\"https:\/\/lapistaciclabili.it\/wp-content\/uploads\/2024\/06\/Producto-Ciclopistas-1.webp\",\"contentUrl\":\"https:\/\/lapistaciclabili.it\/wp-content\/uploads\/2024\/06\/Producto-Ciclopistas-1.webp\",\"width\":1200,\"height\":1200,\"caption\":\"La Barrera Canalizadora funciona tanto como delimitador de carriles como para crear ciclov\u00edas. Alta resistencia y durabilidad\"},{\"@type\":\"BreadcrumbList\",\"@id\":\"https:\/\/lapistaciclabili.it\/producto\/barrera-canalizadora\/#breadcrumb\",\"itemListElement\":[{\"@type\":\"ListItem\",\"position\":1,\"name\":\"Inicio\",\"item\":\"https:\/\/lapistaciclabili.it\/\"},{\"@type\":\"ListItem\",\"position\":2,\"name\":\"Tienda\",\"item\":\"https:\/\/lapistaciclabili.it\/tienda\/\"},{\"@type\":\"ListItem\",\"position\":3,\"name\":\"Barrera Canalizadora\"}]},{\"@type\":\"WebSite\",\"@id\":\"https:\/\/lapistaciclabili.it\/#website\",\"url\":\"https:\/\/lapistaciclabili.it\/\",\"name\":\"lapistaciclabili.it\",\"description\":\"\",\"publisher\":{\"@id\":\"https:\/\/lapistaciclabili.it\/#organization\"},\"potentialAction\":[{\"@type\":\"SearchAction\",\"target\":{\"@type\":\"EntryPoint\",\"urlTemplate\":\"https:\/\/lapistaciclabili.it\/?s={search_term_string}\"},\"query-input\":\"required name=search_term_string\"}],\"inLanguage\":\"es\"},{\"@type\":\"Organization\",\"@id\":\"https:\/\/lapistaciclabili.it\/#organization\",\"name\":\"lapistaciclabili.it\",\"url\":\"https:\/\/lapistaciclabili.it\/\",\"logo\":{\"@type\":\"ImageObject\",\"inLanguage\":\"es\",\"@id\":\"https:\/\/lapistaciclabili.it\/#\/schema\/logo\/image\/\",\"url\":\"https:\/\/lapistaciclabili.it\/wp-content\/uploads\/2024\/06\/lapistaciclabili.it_-1.png\",\"contentUrl\":\"https:\/\/lapistaciclabili.it\/wp-content\/uploads\/2024\/06\/lapistaciclabili.it_-1.png\",\"width\":768,\"height\":220,\"caption\":\"lapistaciclabili.it\"},\"image\":{\"@id\":\"https:\/\/lapistaciclabili.it\/#\/schema\/logo\/image\/\"},\"sameAs\":[\"https:\/\/www.facebook.com\/multisenal\/\",\"https:\/\/x.com\/multisenal\",\"https:\/\/www.instagram.com\/multisenalmx\/\",\"https:\/\/www.linkedin.com\/company\/multisenalmexico\/\",\"https:\/\/www.youtube.com\/@multisenaloficial\"]}]}<\/script>\n<!-- \/ Yoast SEO Premium plugin. -->","yoast_head_json":{"title":"Barrera Canalizadora - lapistaciclabili.it","description":"La Barrera Canalizadora funciona tanto como delimitador de carriles como para crear ciclov\u00edas. Alta resistencia y durabilidad","robots":{"index":"index","follow":"follow","max-snippet":"max-snippet:-1","max-image-preview":"max-image-preview:large","max-video-preview":"max-video-preview:-1"},"canonical":"https:\/\/lapistaciclabili.it\/es\/producto\/barrera-canalizadora\/","og_locale":"es_ES","og_type":"article","og_title":"Barrera Canalizadora","og_description":"La Barrera Canalizadora funciona tanto como delimitador de carriles como para crear ciclov\u00edas. Alta resistencia y durabilidad","og_url":"https:\/\/lapistaciclabili.it\/producto\/barrera-canalizadora\/","og_site_name":"lapistaciclabili.it","article_publisher":"https:\/\/www.facebook.com\/multisenal\/","article_modified_time":"2024-08-20T14:11:11+00:00","og_image":[{"width":1200,"height":1200,"url":"https:\/\/lapistaciclabili.it\/wp-content\/uploads\/2024\/06\/Producto-Ciclopistas-1.webp","type":"image\/webp"}],"twitter_card":"summary_large_image","twitter_site":"@multisenal","twitter_misc":{"Tiempo de lectura":"2 minutos"},"schema":{"@context":"https:\/\/schema.org","@graph":[{"@type":"WebPage","@id":"https:\/\/lapistaciclabili.it\/producto\/barrera-canalizadora\/","url":"https:\/\/lapistaciclabili.it\/producto\/barrera-canalizadora\/","name":"Barrera Canalizadora - lapistaciclabili.it","isPartOf":{"@id":"https:\/\/lapistaciclabili.it\/#website"},"primaryImageOfPage":{"@id":"https:\/\/lapistaciclabili.it\/producto\/barrera-canalizadora\/#primaryimage"},"image":{"@id":"https:\/\/lapistaciclabili.it\/producto\/barrera-canalizadora\/#primaryimage"},"thumbnailUrl":"https:\/\/lapistaciclabili.it\/wp-content\/uploads\/2024\/06\/Producto-Ciclopistas-1.webp","datePublished":"2024-06-10T19:22:20+00:00","dateModified":"2024-08-20T14:11:11+00:00","description":"La Barrera Canalizadora funciona tanto como delimitador de carriles como para crear ciclov\u00edas. Alta resistencia y durabilidad","breadcrumb":{"@id":"https:\/\/lapistaciclabili.it\/producto\/barrera-canalizadora\/#breadcrumb"},"inLanguage":"es","potentialAction":[{"@type":"ReadAction","target":["https:\/\/lapistaciclabili.it\/producto\/barrera-canalizadora\/"]}]},{"@type":"ImageObject","inLanguage":"es","@id":"https:\/\/lapistaciclabili.it\/producto\/barrera-canalizadora\/#primaryimage","url":"https:\/\/lapistaciclabili.it\/wp-content\/uploads\/2024\/06\/Producto-Ciclopistas-1.webp","contentUrl":"https:\/\/lapistaciclabili.it\/wp-content\/uploads\/2024\/06\/Producto-Ciclopistas-1.webp","width":1200,"height":1200,"caption":"La Barrera Canalizadora funciona tanto como delimitador de carriles como para crear ciclov\u00edas. Alta resistencia y durabilidad"},{"@type":"BreadcrumbList","@id":"https:\/\/lapistaciclabili.it\/producto\/barrera-canalizadora\/#breadcrumb","itemListElement":[{"@type":"ListItem","position":1,"name":"Inicio","item":"https:\/\/lapistaciclabili.it\/"},{"@type":"ListItem","position":2,"name":"Tienda","item":"https:\/\/lapistaciclabili.it\/tienda\/"},{"@type":"ListItem","position":3,"name":"Barrera Canalizadora"}]},{"@type":"WebSite","@id":"https:\/\/lapistaciclabili.it\/#website","url":"https:\/\/lapistaciclabili.it\/","name":"lapistaciclabili.it","description":"","publisher":{"@id":"https:\/\/lapistaciclabili.it\/#organization"},"potentialAction":[{"@type":"SearchAction","target":{"@type":"EntryPoint","urlTemplate":"https:\/\/lapistaciclabili.it\/?s={search_term_string}"},"query-input":"required name=search_term_string"}],"inLanguage":"es"},{"@type":"Organization","@id":"https:\/\/lapistaciclabili.it\/#organization","name":"lapistaciclabili.it","url":"https:\/\/lapistaciclabili.it\/","logo":{"@type":"ImageObject","inLanguage":"es","@id":"https:\/\/lapistaciclabili.it\/#\/schema\/logo\/image\/","url":"https:\/\/lapistaciclabili.it\/wp-content\/uploads\/2024\/06\/lapistaciclabili.it_-1.png","contentUrl":"https:\/\/lapistaciclabili.it\/wp-content\/uploads\/2024\/06\/lapistaciclabili.it_-1.png","width":768,"height":220,"caption":"lapistaciclabili.it"},"image":{"@id":"https:\/\/lapistaciclabili.it\/#\/schema\/logo\/image\/"},"sameAs":["https:\/\/www.facebook.com\/multisenal\/","https:\/\/x.com\/multisenal","https:\/\/www.instagram.com\/multisenalmx\/","https:\/\/www.linkedin.com\/company\/multisenalmexico\/","https:\/\/www.youtube.com\/@multisenaloficial"]}]}},"_links":{"self":[{"href":"https:\/\/lapistaciclabili.it\/es\/wp-json\/wp\/v2\/product\/3752","targetHints":{"allow":["GET"]}}],"collection":[{"href":"https:\/\/lapistaciclabili.it\/es\/wp-json\/wp\/v2\/product"}],"about":[{"href":"https:\/\/lapistaciclabili.it\/es\/wp-json\/wp\/v2\/types\/product"}],"replies":[{"embeddable":true,"href":"https:\/\/lapistaciclabili.it\/es\/wp-json\/wp\/v2\/comments?post=3752"}],"wp:featuredmedia":[{"embeddable":true,"href":"https:\/\/lapistaciclabili.it\/es\/wp-json\/wp\/v2\/media\/3793"}],"wp:attachment":[{"href":"https:\/\/lapistaciclabili.it\/es\/wp-json\/wp\/v2\/media?parent=3752"}],"wp:term":[{"taxonomy":"product_cat","embeddable":true,"href":"https:\/\/lapistaciclabili.it\/es\/wp-json\/wp\/v2\/product_cat?post=3752"},{"taxonomy":"product_tag","embeddable":true,"href":"https:\/\/lapistaciclabili.it\/es\/wp-json\/wp\/v2\/product_tag?post=3752"}],"curies":[{"name":"wp","href":"https:\/\/api.w.org\/{rel}","templated":true}]}}