{"id":3751,"date":"2024-06-10T19:22:20","date_gmt":"2024-06-10T19:22:20","guid":{"rendered":"https:\/\/lapistaciclabili.it\/?post_type=product&#038;p=3751"},"modified":"2024-08-16T22:28:39","modified_gmt":"2024-08-16T22:28:39","slug":"canalizador-51c-2-con-hito","status":"publish","type":"product","link":"https:\/\/lapistaciclabili.it\/es\/producto\/canalizador-51c-2-con-hito\/","title":{"rendered":"Canalizador 51C-2 con Hito"},"content":{"rendered":"<p style=\"font-weight: 400;\">Transforma tus <a href=\"https:\/\/multisenal.com\/blog\/las-ciudades-mas-bike-friendly-del-mundo\/\">ciclov\u00edas<\/a> con el Canalizador 51C-2 con Hito, la fusi\u00f3n perfecta de seguridad y elegancia:<\/p>\n<p style=\"font-weight: 400;\"><strong>Seguridad integral:<\/strong> Puntas redondeadas que protegen a ciclistas y veh\u00edculos en caso de impacto, sin aristas punzocortantes que puedan causar da\u00f1o a los neum\u00e1ticos. No contiene partes met\u00e1licas, no se rompe ni se fragmenta, no causan da\u00f1o a los ciclistas, las bicicletas o veh\u00edculos.<\/p>\n<p style=\"font-weight: 400;\"><strong>Estilo moderno:<\/strong> Fabricados en colores s\u00f3lidos, garantizan su color durante gran tiempo. Estos canalizadores requieren de un mantenimiento m\u00ednimo y lucen impecables en cualquier entorno vial.<\/p>\n<p style=\"font-weight: 400;\"><strong>Visibilidad nocturna:<\/strong> Equipados con 2 anillos reflejantes en el hito flexible, aseguran una visibilidad \u00f3ptima durante la noche, promoviendo la seguridad ciclista.<\/p>\n<p style=\"font-weight: 400;\"><strong>Versatilidad y resistencia:<\/strong> Ideales para canalizar ciclov\u00edas y la delimitaci\u00f3n de carriles exclusivos para usuarios de bicicleta. Resisten impactos y el paso de veh\u00edculos con facilidad. Capaz de regresar a su forma original tras un aplastamiento.<\/p>\n<p style=\"font-weight: 400;\"><strong>Modularidad eficiente:<\/strong> Cada m\u00f3dulo central a\u00f1ade 40 cm de longitud, permitiendo configuraciones adaptables a tus necesidades espec\u00edficas.<\/p>\n<p style=\"font-weight: 400;\"><strong>F\u00e1cil instalaci\u00f3n y transporte:<\/strong> Ligeros y dise\u00f1ados para ensamblarse con facilidad mediante el sistema macho\/hembra. Se transportan sin esfuerzo y se instalan r\u00e1pidamente con anclas de acero o taquetes extralargos.<\/p>\n<p style=\"font-weight: 400;\"><strong>Durabilidad garantizada:<\/strong> Con protecci\u00f3n UV y fabricados en polietileno de alta resistencia, estos canalizadores aseguran a\u00f1os de servicio.<\/p>\n<p style=\"font-weight: 400;\">El Canalizador 51C-2 con Hito es la elecci\u00f3n perfecta para mejorar la seguridad y eficiencia de tus infraestructuras ciclistas. \u00a1Eleva tus est\u00e1ndares con estilo y funcionalidad incomparables!<\/p>\n<p style=\"font-weight: 400;\">Una opci\u00f3n perfecta para instalarse en cualquier tipo de ciclopista y dirigir o canalizar el tr\u00e1nsito ciclista o peatonal de una manera segura.<\/p>\n<p style=\"font-weight: 400;\">Canalizador fabricado en polietileno color negro y amarillo o verde, hito de poliflexy \u00ae color naranja, verde o amarillo.<\/p>\n<p style=\"font-weight: 400;\"><strong>MEDIDAS Y COLORES<\/strong><\/p>\n<p>Largo: 82.0 cm<br \/>\nAlto: 5.0 cm<br \/>\nAncho: 15.0 cm<br \/>\nAlto con Hito: 71.5 cm<\/p>\n<p>Colores: Amarillo, Verde y Negro<br \/>\nReflejante: Blanco y \u00c1mbar<\/p>\n<p>M\u00e1s productos <a href=\"https:\/\/lapistaciclabili.it\/productos-ciclovias\/\">aqu\u00ed<\/a>.<\/p>\n","protected":false},"excerpt":{"rendered":"<p><strong>Nombre del producto: Canalizador 51-C-2 con Hito<\/strong><\/p>\n<p><strong>C\u00f3digo: C51C-2<\/strong><\/p>\n<table>\n<tbody>\n<tr>\n<td style=\"text-align: center;\"><strong>ESPA\u00d1OL<\/strong><\/td>\n<td style=\"text-align: center;\"><strong>INGL\u00c9S<\/strong><\/td>\n<td style=\"text-align: center;\"><strong>MODELO 3D<\/strong><\/td>\n<\/tr>\n<tr>\n<td><a href=\"https:\/\/multisenal.com.mx\/FichasTecnicas\/Canalizador-C51C-2-ES.pdf\"><img decoding=\"async\" class=\"wp-image-5524 aligncenter\" src=\"https:\/\/lapistaciclabili.it\/wp-content\/uploads\/2024\/06\/img-pdf-ciclopistas.webp\" alt=\"\" width=\"49\" height=\"49\" \/><\/a><\/td>\n<td><a href=\"https:\/\/multisenal.com.mx\/FichasTecnicas\/Canalizador-C51C-2-EN.pdf\"><img decoding=\"async\" class=\"wp-image-5524 aligncenter\" src=\"https:\/\/lapistaciclabili.it\/wp-content\/uploads\/2024\/06\/img-pdf-ciclopistas.webp\" alt=\"\" width=\"49\" height=\"49\" \/><\/a><\/td>\n<td><a href=\"https:\/\/lapistaciclabili.it\/renders\/canalizador-c51-doble-modelo-360\/\"><img decoding=\"async\" class=\"wp-image-5524 aligncenter\" src=\"https:\/\/lapistaciclabili.it\/wp-content\/uploads\/2024\/06\/img-modelo3D.webp\" alt=\"\" width=\"49\" height=\"49\" \/><\/a><\/td>\n<\/tr>\n<\/tbody>\n<\/table>\n","protected":false},"featured_media":3792,"comment_status":"open","ping_status":"closed","template":"","meta":[],"product_cat":[21],"product_tag":[],"class_list":{"0":"post-3751","1":"product","2":"type-product","3":"status-publish","4":"has-post-thumbnail","6":"product_cat-delimitadores-viales","8":"first","9":"instock","10":"shipping-taxable","11":"product-type-simple"},"yoast_head":"<!-- This site is optimized with the Yoast SEO Premium plugin v22.3 (Yoast SEO v23.0) - https:\/\/yoast.com\/wordpress\/plugins\/seo\/ -->\n<title>Canalizador 51C-2 con Hito - lapistaciclabili.it<\/title>\n<meta name=\"description\" content=\"El Canalizador 51C-2 con Hito es ideal para delimitar ciclov\u00edas y carriles exclusivos. Resistencia al m\u00e1ximo que cuida a la bici y al autom\u00f3vil.\" \/>\n<meta name=\"robots\" content=\"index, follow, max-snippet:-1, max-image-preview:large, max-video-preview:-1\" \/>\n<link rel=\"canonical\" href=\"https:\/\/lapistaciclabili.it\/es\/en\/?post_type=product&p=6586\" \/>\n<meta property=\"og:locale\" content=\"es_ES\" \/>\n<meta property=\"og:type\" content=\"article\" \/>\n<meta property=\"og:title\" content=\"Canalizador 51C-2 con Hito\" \/>\n<meta property=\"og:description\" content=\"El Canalizador 51C-2 con Hito es ideal para delimitar ciclov\u00edas y carriles exclusivos. Resistencia al m\u00e1ximo que cuida a la bici y al autom\u00f3vil.\" \/>\n<meta property=\"og:url\" content=\"https:\/\/lapistaciclabili.it\/en\/?post_type=product&amp;p=6586\" \/>\n<meta property=\"og:site_name\" content=\"lapistaciclabili.it\" \/>\n<meta property=\"article:publisher\" content=\"https:\/\/www.facebook.com\/multisenal\/\" \/>\n<meta property=\"article:modified_time\" content=\"2024-08-16T22:28:39+00:00\" \/>\n<meta property=\"og:image\" content=\"https:\/\/lapistaciclabili.it\/wp-content\/uploads\/2024\/06\/Producto-Ciclopistas-8.webp\" \/>\n\t<meta property=\"og:image:width\" content=\"1200\" \/>\n\t<meta property=\"og:image:height\" content=\"1200\" \/>\n\t<meta property=\"og:image:type\" content=\"image\/webp\" \/>\n<meta name=\"twitter:card\" content=\"summary_large_image\" \/>\n<meta name=\"twitter:site\" content=\"@multisenal\" \/>\n<meta name=\"twitter:label1\" content=\"Tiempo de lectura\" \/>\n\t<meta name=\"twitter:data1\" content=\"2 minutos\" \/>\n<script type=\"application\/ld+json\" class=\"yoast-schema-graph\">{\"@context\":\"https:\/\/schema.org\",\"@graph\":[{\"@type\":\"WebPage\",\"@id\":\"https:\/\/lapistaciclabili.it\/en\/?post_type=product&p=6586\",\"url\":\"https:\/\/lapistaciclabili.it\/en\/?post_type=product&p=6586\",\"name\":\"Canalizador 51C-2 con Hito - lapistaciclabili.it\",\"isPartOf\":{\"@id\":\"https:\/\/lapistaciclabili.it\/#website\"},\"primaryImageOfPage\":{\"@id\":\"https:\/\/lapistaciclabili.it\/en\/?post_type=product&p=6586#primaryimage\"},\"image\":{\"@id\":\"https:\/\/lapistaciclabili.it\/en\/?post_type=product&p=6586#primaryimage\"},\"thumbnailUrl\":\"https:\/\/lapistaciclabili.it\/wp-content\/uploads\/2024\/06\/Producto-Ciclopistas-8.webp\",\"datePublished\":\"2024-06-10T19:22:20+00:00\",\"dateModified\":\"2024-08-16T22:28:39+00:00\",\"description\":\"El Canalizador 51C-2 con Hito es ideal para delimitar ciclov\u00edas y carriles exclusivos. Resistencia al m\u00e1ximo que cuida a la bici y al autom\u00f3vil.\",\"breadcrumb\":{\"@id\":\"https:\/\/lapistaciclabili.it\/en\/?post_type=product&p=6586#breadcrumb\"},\"inLanguage\":\"es\",\"potentialAction\":[{\"@type\":\"ReadAction\",\"target\":[\"https:\/\/lapistaciclabili.it\/en\/?post_type=product&p=6586\"]}]},{\"@type\":\"ImageObject\",\"inLanguage\":\"es\",\"@id\":\"https:\/\/lapistaciclabili.it\/en\/?post_type=product&p=6586#primaryimage\",\"url\":\"https:\/\/lapistaciclabili.it\/wp-content\/uploads\/2024\/06\/Producto-Ciclopistas-8.webp\",\"contentUrl\":\"https:\/\/lapistaciclabili.it\/wp-content\/uploads\/2024\/06\/Producto-Ciclopistas-8.webp\",\"width\":1200,\"height\":1200,\"caption\":\"El Canalizador 51C-2 con Hito es ideal para delimitar ciclov\u00edas y carriles exclusivos. Resistencia al m\u00e1ximo que cuida a la bici y al autom\u00f3vil.\"},{\"@type\":\"BreadcrumbList\",\"@id\":\"https:\/\/lapistaciclabili.it\/en\/?post_type=product&p=6586#breadcrumb\",\"itemListElement\":[{\"@type\":\"ListItem\",\"position\":1,\"name\":\"Inicio\",\"item\":\"https:\/\/lapistaciclabili.it\/\"},{\"@type\":\"ListItem\",\"position\":2,\"name\":\"Tienda\",\"item\":\"https:\/\/lapistaciclabili.it\/tienda\/\"},{\"@type\":\"ListItem\",\"position\":3,\"name\":\"Canalizador 51C-2 con Hito\"}]},{\"@type\":\"WebSite\",\"@id\":\"https:\/\/lapistaciclabili.it\/#website\",\"url\":\"https:\/\/lapistaciclabili.it\/\",\"name\":\"lapistaciclabili.it\",\"description\":\"\",\"publisher\":{\"@id\":\"https:\/\/lapistaciclabili.it\/#organization\"},\"potentialAction\":[{\"@type\":\"SearchAction\",\"target\":{\"@type\":\"EntryPoint\",\"urlTemplate\":\"https:\/\/lapistaciclabili.it\/?s={search_term_string}\"},\"query-input\":\"required name=search_term_string\"}],\"inLanguage\":\"es\"},{\"@type\":\"Organization\",\"@id\":\"https:\/\/lapistaciclabili.it\/#organization\",\"name\":\"lapistaciclabili.it\",\"url\":\"https:\/\/lapistaciclabili.it\/\",\"logo\":{\"@type\":\"ImageObject\",\"inLanguage\":\"es\",\"@id\":\"https:\/\/lapistaciclabili.it\/#\/schema\/logo\/image\/\",\"url\":\"https:\/\/lapistaciclabili.it\/wp-content\/uploads\/2024\/06\/lapistaciclabili.it_-1.png\",\"contentUrl\":\"https:\/\/lapistaciclabili.it\/wp-content\/uploads\/2024\/06\/lapistaciclabili.it_-1.png\",\"width\":768,\"height\":220,\"caption\":\"lapistaciclabili.it\"},\"image\":{\"@id\":\"https:\/\/lapistaciclabili.it\/#\/schema\/logo\/image\/\"},\"sameAs\":[\"https:\/\/www.facebook.com\/multisenal\/\",\"https:\/\/x.com\/multisenal\",\"https:\/\/www.instagram.com\/multisenalmx\/\",\"https:\/\/www.linkedin.com\/company\/multisenalmexico\/\",\"https:\/\/www.youtube.com\/@multisenaloficial\"]}]}<\/script>\n<!-- \/ Yoast SEO Premium plugin. -->","yoast_head_json":{"title":"Canalizador 51C-2 con Hito - lapistaciclabili.it","description":"El Canalizador 51C-2 con Hito es ideal para delimitar ciclov\u00edas y carriles exclusivos. Resistencia al m\u00e1ximo que cuida a la bici y al autom\u00f3vil.","robots":{"index":"index","follow":"follow","max-snippet":"max-snippet:-1","max-image-preview":"max-image-preview:large","max-video-preview":"max-video-preview:-1"},"canonical":"https:\/\/lapistaciclabili.it\/es\/en\/?post_type=product&p=6586","og_locale":"es_ES","og_type":"article","og_title":"Canalizador 51C-2 con Hito","og_description":"El Canalizador 51C-2 con Hito es ideal para delimitar ciclov\u00edas y carriles exclusivos. Resistencia al m\u00e1ximo que cuida a la bici y al autom\u00f3vil.","og_url":"https:\/\/lapistaciclabili.it\/en\/?post_type=product&p=6586","og_site_name":"lapistaciclabili.it","article_publisher":"https:\/\/www.facebook.com\/multisenal\/","article_modified_time":"2024-08-16T22:28:39+00:00","og_image":[{"width":1200,"height":1200,"url":"https:\/\/lapistaciclabili.it\/wp-content\/uploads\/2024\/06\/Producto-Ciclopistas-8.webp","type":"image\/webp"}],"twitter_card":"summary_large_image","twitter_site":"@multisenal","twitter_misc":{"Tiempo de lectura":"2 minutos"},"schema":{"@context":"https:\/\/schema.org","@graph":[{"@type":"WebPage","@id":"https:\/\/lapistaciclabili.it\/en\/?post_type=product&p=6586","url":"https:\/\/lapistaciclabili.it\/en\/?post_type=product&p=6586","name":"Canalizador 51C-2 con Hito - lapistaciclabili.it","isPartOf":{"@id":"https:\/\/lapistaciclabili.it\/#website"},"primaryImageOfPage":{"@id":"https:\/\/lapistaciclabili.it\/en\/?post_type=product&p=6586#primaryimage"},"image":{"@id":"https:\/\/lapistaciclabili.it\/en\/?post_type=product&p=6586#primaryimage"},"thumbnailUrl":"https:\/\/lapistaciclabili.it\/wp-content\/uploads\/2024\/06\/Producto-Ciclopistas-8.webp","datePublished":"2024-06-10T19:22:20+00:00","dateModified":"2024-08-16T22:28:39+00:00","description":"El Canalizador 51C-2 con Hito es ideal para delimitar ciclov\u00edas y carriles exclusivos. Resistencia al m\u00e1ximo que cuida a la bici y al autom\u00f3vil.","breadcrumb":{"@id":"https:\/\/lapistaciclabili.it\/en\/?post_type=product&p=6586#breadcrumb"},"inLanguage":"es","potentialAction":[{"@type":"ReadAction","target":["https:\/\/lapistaciclabili.it\/en\/?post_type=product&p=6586"]}]},{"@type":"ImageObject","inLanguage":"es","@id":"https:\/\/lapistaciclabili.it\/en\/?post_type=product&p=6586#primaryimage","url":"https:\/\/lapistaciclabili.it\/wp-content\/uploads\/2024\/06\/Producto-Ciclopistas-8.webp","contentUrl":"https:\/\/lapistaciclabili.it\/wp-content\/uploads\/2024\/06\/Producto-Ciclopistas-8.webp","width":1200,"height":1200,"caption":"El Canalizador 51C-2 con Hito es ideal para delimitar ciclov\u00edas y carriles exclusivos. Resistencia al m\u00e1ximo que cuida a la bici y al autom\u00f3vil."},{"@type":"BreadcrumbList","@id":"https:\/\/lapistaciclabili.it\/en\/?post_type=product&p=6586#breadcrumb","itemListElement":[{"@type":"ListItem","position":1,"name":"Inicio","item":"https:\/\/lapistaciclabili.it\/"},{"@type":"ListItem","position":2,"name":"Tienda","item":"https:\/\/lapistaciclabili.it\/tienda\/"},{"@type":"ListItem","position":3,"name":"Canalizador 51C-2 con Hito"}]},{"@type":"WebSite","@id":"https:\/\/lapistaciclabili.it\/#website","url":"https:\/\/lapistaciclabili.it\/","name":"lapistaciclabili.it","description":"","publisher":{"@id":"https:\/\/lapistaciclabili.it\/#organization"},"potentialAction":[{"@type":"SearchAction","target":{"@type":"EntryPoint","urlTemplate":"https:\/\/lapistaciclabili.it\/?s={search_term_string}"},"query-input":"required name=search_term_string"}],"inLanguage":"es"},{"@type":"Organization","@id":"https:\/\/lapistaciclabili.it\/#organization","name":"lapistaciclabili.it","url":"https:\/\/lapistaciclabili.it\/","logo":{"@type":"ImageObject","inLanguage":"es","@id":"https:\/\/lapistaciclabili.it\/#\/schema\/logo\/image\/","url":"https:\/\/lapistaciclabili.it\/wp-content\/uploads\/2024\/06\/lapistaciclabili.it_-1.png","contentUrl":"https:\/\/lapistaciclabili.it\/wp-content\/uploads\/2024\/06\/lapistaciclabili.it_-1.png","width":768,"height":220,"caption":"lapistaciclabili.it"},"image":{"@id":"https:\/\/lapistaciclabili.it\/#\/schema\/logo\/image\/"},"sameAs":["https:\/\/www.facebook.com\/multisenal\/","https:\/\/x.com\/multisenal","https:\/\/www.instagram.com\/multisenalmx\/","https:\/\/www.linkedin.com\/company\/multisenalmexico\/","https:\/\/www.youtube.com\/@multisenaloficial"]}]}},"_links":{"self":[{"href":"https:\/\/lapistaciclabili.it\/es\/wp-json\/wp\/v2\/product\/3751","targetHints":{"allow":["GET"]}}],"collection":[{"href":"https:\/\/lapistaciclabili.it\/es\/wp-json\/wp\/v2\/product"}],"about":[{"href":"https:\/\/lapistaciclabili.it\/es\/wp-json\/wp\/v2\/types\/product"}],"replies":[{"embeddable":true,"href":"https:\/\/lapistaciclabili.it\/es\/wp-json\/wp\/v2\/comments?post=3751"}],"wp:featuredmedia":[{"embeddable":true,"href":"https:\/\/lapistaciclabili.it\/es\/wp-json\/wp\/v2\/media\/3792"}],"wp:attachment":[{"href":"https:\/\/lapistaciclabili.it\/es\/wp-json\/wp\/v2\/media?parent=3751"}],"wp:term":[{"taxonomy":"product_cat","embeddable":true,"href":"https:\/\/lapistaciclabili.it\/es\/wp-json\/wp\/v2\/product_cat?post=3751"},{"taxonomy":"product_tag","embeddable":true,"href":"https:\/\/lapistaciclabili.it\/es\/wp-json\/wp\/v2\/product_tag?post=3751"}],"curies":[{"name":"wp","href":"https:\/\/api.w.org\/{rel}","templated":true}]}}