{"id":3749,"date":"2024-06-10T19:22:19","date_gmt":"2024-06-10T19:22:19","guid":{"rendered":"https:\/\/lapistaciclabili.it\/?post_type=product&#038;p=3749"},"modified":"2024-08-16T22:53:38","modified_gmt":"2024-08-16T22:53:38","slug":"canalizador-81-con-hito","status":"publish","type":"product","link":"https:\/\/lapistaciclabili.it\/es\/producto\/canalizador-81-con-hito\/","title":{"rendered":"Canalizador 81 con Hito"},"content":{"rendered":"<p>\u00a1Descubre la soluci\u00f3n perfecta para una mayor seguridad en las ciclopistas con el Canalizador 81 con Hito! Dise\u00f1ado para delimitar con eficiencia y resistir en cualquier condici\u00f3n:<\/p>\n<p>Seguridad Primordial: Confinador ideal para carriles de ciclov\u00edas, asegurando un tr\u00e1nsito ordenado y seguro. Ayuda a una mejor convivencia <a href=\"https:\/\/multisenal.com\/blog\/sabias-que\/chocar-con-la-puerta-abierta-de-un-coche\/\">entre el ciclista y los automovilistas<\/a>.<\/p>\n<p>Resistencia Total: Fabricado en polietileno de media densidad, soporta los rayos UV, humedad, aceite y cambios extremos de temperatura. Mant\u00e9n seguros a los usuarios de la ciclopista en climas secos o lluviosos.<\/p>\n<p>Visibilidad Impecable: Sus bandas reflectantes y altura garantizan visibilidad desde cualquier \u00e1ngulo, previniendo invasiones de carril. Ya sea de d\u00eda o de noche, las propiedades reflejantes del Canalizador 81 con Hito lo hacen visible en cualquier momento de las 24 horas del d\u00eda.<\/p>\n<p>En lugares donde se requiera de mayor seguridad para canalizar ciclov\u00edas, se recomienda el uso del hito 66 de poliflexy\u00ae canalizador. De esta manera, el canalizador es m\u00e1s visible a una distancia mayor, ayudando a que el automovilista no invada la ciclov\u00eda.<\/p>\n<p>En color amarillo, verde o negro. Bordes redondeados prev\u00e9n seguridad sin da\u00f1ar el autom\u00f3vil, mucho menos al ciclista o transe\u00fante.<\/p>\n<p>F\u00e1cil Manejo: Dise\u00f1o apilable que facilita el transporte y reposicionamiento sin complicaciones. Ll\u00e9valo e inst\u00e1lalo donde m\u00e1s lo requieras sin mayores esfuerzos.<\/p>\n<p>El Hito Canalizador es la elecci\u00f3n inteligente para tu infraestructura ciclista. Se usan para encausar el tr\u00e1nsito de una manera correcta y ordenada en carriles especiales. Confinador especialmente para se\u00f1alizar ciclov\u00edas.<\/p>\n<p>\u00a1Asegura la seguridad de ciclistas y peatones de manera efectiva y confiable!<\/p>\n<p>Conoce el <a href=\"https:\/\/lapistaciclabili.it\/productos-ciclovias\/\">cat\u00e1logo completo<\/a> con todos los productos especiales para ciclopistas que tenemos para ti.<\/p>\n<p style=\"font-weight: 400;\"><strong>MEDIDAS Y COLORES<\/strong><\/p>\n<p>Largo: 81.5 cm<br \/>\nAlto: 74.5 cm<br \/>\nAncho: 16.0 cm<\/p>\n<p>Color Tope: Amarillo<br \/>\nColor Hito: Naranja<br \/>\nReflejantes: Blanco y \u00c1mbar<\/p>\n<p>* Otros colores sobre pedido M\u00ednimo de 200 pz.<\/p>\n","protected":false},"excerpt":{"rendered":"<p><strong>Nombre del producto: Canalizador 81H<\/strong><\/p>\n<p><strong>C\u00f3digo: CAN-81<\/strong><\/p>\n<table>\n<tbody>\n<tr>\n<td style=\"text-align: center;\"><strong>ESPA\u00d1OL<\/strong><\/td>\n<td style=\"text-align: center;\"><strong>INGL\u00c9S<\/strong><\/td>\n<td style=\"text-align: center;\"><strong>MODELO 3D<\/strong><\/td>\n<\/tr>\n<tr>\n<td><a href=\"https:\/\/multisenal.com.mx\/FichasTecnicas\/Canalizador-CAN81H-ES.pdf\"><img decoding=\"async\" class=\"wp-image-5524 aligncenter\" src=\"https:\/\/lapistaciclabili.it\/wp-content\/uploads\/2024\/06\/img-pdf-ciclopistas.webp\" alt=\"\" width=\"49\" height=\"49\" \/><\/a><\/td>\n<td><a href=\"https:\/\/multisenal.com.mx\/FichasTecnicas\/Channeler-CAN-81H-EN.pdf\"><img decoding=\"async\" class=\"wp-image-5524 aligncenter\" src=\"https:\/\/lapistaciclabili.it\/wp-content\/uploads\/2024\/06\/img-pdf-ciclopistas.webp\" alt=\"\" width=\"49\" height=\"49\" \/><\/a><\/td>\n<td><a href=\"https:\/\/lapistaciclabili.it\/renders\/canalizador-81-h-modelo-360\/\"><img decoding=\"async\" class=\"wp-image-5524 aligncenter\" src=\"https:\/\/lapistaciclabili.it\/wp-content\/uploads\/2024\/06\/img-modelo3D.webp\" alt=\"\" width=\"49\" height=\"49\" \/><\/a><\/td>\n<\/tr>\n<\/tbody>\n<\/table>\n","protected":false},"featured_media":3790,"comment_status":"open","ping_status":"closed","template":"","meta":[],"product_cat":[21],"product_tag":[],"class_list":{"0":"post-3749","1":"product","2":"type-product","3":"status-publish","4":"has-post-thumbnail","6":"product_cat-delimitadores-viales","8":"first","9":"instock","10":"shipping-taxable","11":"product-type-simple"},"yoast_head":"<!-- This site is optimized with the Yoast SEO Premium plugin v22.3 (Yoast SEO v23.0) - https:\/\/yoast.com\/wordpress\/plugins\/seo\/ -->\n<title>Canalizador 81 con Hito - lapistaciclabili.it<\/title>\n<meta name=\"description\" content=\"El canalizador 81 con Hito est\u00e1 dise\u00f1ado especialmente para confinar cilcov\u00edas te. Ayuda a tener un mejor control del tr\u00e1nsito en carriles especiales.\" \/>\n<meta name=\"robots\" content=\"index, follow, max-snippet:-1, max-image-preview:large, max-video-preview:-1\" \/>\n<link rel=\"canonical\" href=\"https:\/\/lapistaciclabili.it\/es\/producto\/canalizador-81-con-hito\/\" \/>\n<meta property=\"og:locale\" content=\"es_ES\" \/>\n<meta property=\"og:type\" content=\"article\" \/>\n<meta property=\"og:title\" content=\"Canalizador 81 con Hito\" \/>\n<meta property=\"og:description\" content=\"El canalizador 81 con Hito est\u00e1 dise\u00f1ado especialmente para confinar cilcov\u00edas te. Ayuda a tener un mejor control del tr\u00e1nsito en carriles especiales.\" \/>\n<meta property=\"og:url\" content=\"https:\/\/lapistaciclabili.it\/producto\/canalizador-81-con-hito\/\" \/>\n<meta property=\"og:site_name\" content=\"lapistaciclabili.it\" \/>\n<meta property=\"article:publisher\" content=\"https:\/\/www.facebook.com\/multisenal\/\" \/>\n<meta property=\"article:modified_time\" content=\"2024-08-16T22:53:38+00:00\" \/>\n<meta property=\"og:image\" content=\"https:\/\/lapistaciclabili.it\/wp-content\/uploads\/2024\/06\/Producto-Ciclopistas-12.webp\" \/>\n\t<meta property=\"og:image:width\" content=\"1200\" \/>\n\t<meta property=\"og:image:height\" content=\"1200\" \/>\n\t<meta property=\"og:image:type\" content=\"image\/webp\" \/>\n<meta name=\"twitter:card\" content=\"summary_large_image\" \/>\n<meta name=\"twitter:site\" content=\"@multisenal\" \/>\n<meta name=\"twitter:label1\" content=\"Tiempo de lectura\" \/>\n\t<meta name=\"twitter:data1\" content=\"2 minutos\" \/>\n<script type=\"application\/ld+json\" class=\"yoast-schema-graph\">{\"@context\":\"https:\/\/schema.org\",\"@graph\":[{\"@type\":\"WebPage\",\"@id\":\"https:\/\/lapistaciclabili.it\/producto\/canalizador-81-con-hito\/\",\"url\":\"https:\/\/lapistaciclabili.it\/producto\/canalizador-81-con-hito\/\",\"name\":\"Canalizador 81 con Hito - lapistaciclabili.it\",\"isPartOf\":{\"@id\":\"https:\/\/lapistaciclabili.it\/#website\"},\"primaryImageOfPage\":{\"@id\":\"https:\/\/lapistaciclabili.it\/producto\/canalizador-81-con-hito\/#primaryimage\"},\"image\":{\"@id\":\"https:\/\/lapistaciclabili.it\/producto\/canalizador-81-con-hito\/#primaryimage\"},\"thumbnailUrl\":\"https:\/\/lapistaciclabili.it\/wp-content\/uploads\/2024\/06\/Producto-Ciclopistas-12.webp\",\"datePublished\":\"2024-06-10T19:22:19+00:00\",\"dateModified\":\"2024-08-16T22:53:38+00:00\",\"description\":\"El canalizador 81 con Hito est\u00e1 dise\u00f1ado especialmente para confinar cilcov\u00edas te. Ayuda a tener un mejor control del tr\u00e1nsito en carriles especiales.\",\"breadcrumb\":{\"@id\":\"https:\/\/lapistaciclabili.it\/producto\/canalizador-81-con-hito\/#breadcrumb\"},\"inLanguage\":\"es\",\"potentialAction\":[{\"@type\":\"ReadAction\",\"target\":[\"https:\/\/lapistaciclabili.it\/producto\/canalizador-81-con-hito\/\"]}]},{\"@type\":\"ImageObject\",\"inLanguage\":\"es\",\"@id\":\"https:\/\/lapistaciclabili.it\/producto\/canalizador-81-con-hito\/#primaryimage\",\"url\":\"https:\/\/lapistaciclabili.it\/wp-content\/uploads\/2024\/06\/Producto-Ciclopistas-12.webp\",\"contentUrl\":\"https:\/\/lapistaciclabili.it\/wp-content\/uploads\/2024\/06\/Producto-Ciclopistas-12.webp\",\"width\":1200,\"height\":1200,\"caption\":\"El canalizador 81 est\u00e1 dise\u00f1ado especialmente para confinar cilcov\u00edas te. Ayuda a tener un mejor control del tr\u00e1nsito en carriles especiales.\"},{\"@type\":\"BreadcrumbList\",\"@id\":\"https:\/\/lapistaciclabili.it\/producto\/canalizador-81-con-hito\/#breadcrumb\",\"itemListElement\":[{\"@type\":\"ListItem\",\"position\":1,\"name\":\"Inicio\",\"item\":\"https:\/\/lapistaciclabili.it\/\"},{\"@type\":\"ListItem\",\"position\":2,\"name\":\"Tienda\",\"item\":\"https:\/\/lapistaciclabili.it\/tienda\/\"},{\"@type\":\"ListItem\",\"position\":3,\"name\":\"Canalizador 81 con Hito\"}]},{\"@type\":\"WebSite\",\"@id\":\"https:\/\/lapistaciclabili.it\/#website\",\"url\":\"https:\/\/lapistaciclabili.it\/\",\"name\":\"lapistaciclabili.it\",\"description\":\"\",\"publisher\":{\"@id\":\"https:\/\/lapistaciclabili.it\/#organization\"},\"potentialAction\":[{\"@type\":\"SearchAction\",\"target\":{\"@type\":\"EntryPoint\",\"urlTemplate\":\"https:\/\/lapistaciclabili.it\/?s={search_term_string}\"},\"query-input\":\"required name=search_term_string\"}],\"inLanguage\":\"es\"},{\"@type\":\"Organization\",\"@id\":\"https:\/\/lapistaciclabili.it\/#organization\",\"name\":\"lapistaciclabili.it\",\"url\":\"https:\/\/lapistaciclabili.it\/\",\"logo\":{\"@type\":\"ImageObject\",\"inLanguage\":\"es\",\"@id\":\"https:\/\/lapistaciclabili.it\/#\/schema\/logo\/image\/\",\"url\":\"https:\/\/lapistaciclabili.it\/wp-content\/uploads\/2024\/06\/lapistaciclabili.it_-1.png\",\"contentUrl\":\"https:\/\/lapistaciclabili.it\/wp-content\/uploads\/2024\/06\/lapistaciclabili.it_-1.png\",\"width\":768,\"height\":220,\"caption\":\"lapistaciclabili.it\"},\"image\":{\"@id\":\"https:\/\/lapistaciclabili.it\/#\/schema\/logo\/image\/\"},\"sameAs\":[\"https:\/\/www.facebook.com\/multisenal\/\",\"https:\/\/x.com\/multisenal\",\"https:\/\/www.instagram.com\/multisenalmx\/\",\"https:\/\/www.linkedin.com\/company\/multisenalmexico\/\",\"https:\/\/www.youtube.com\/@multisenaloficial\"]}]}<\/script>\n<!-- \/ Yoast SEO Premium plugin. -->","yoast_head_json":{"title":"Canalizador 81 con Hito - lapistaciclabili.it","description":"El canalizador 81 con Hito est\u00e1 dise\u00f1ado especialmente para confinar cilcov\u00edas te. Ayuda a tener un mejor control del tr\u00e1nsito en carriles especiales.","robots":{"index":"index","follow":"follow","max-snippet":"max-snippet:-1","max-image-preview":"max-image-preview:large","max-video-preview":"max-video-preview:-1"},"canonical":"https:\/\/lapistaciclabili.it\/es\/producto\/canalizador-81-con-hito\/","og_locale":"es_ES","og_type":"article","og_title":"Canalizador 81 con Hito","og_description":"El canalizador 81 con Hito est\u00e1 dise\u00f1ado especialmente para confinar cilcov\u00edas te. Ayuda a tener un mejor control del tr\u00e1nsito en carriles especiales.","og_url":"https:\/\/lapistaciclabili.it\/producto\/canalizador-81-con-hito\/","og_site_name":"lapistaciclabili.it","article_publisher":"https:\/\/www.facebook.com\/multisenal\/","article_modified_time":"2024-08-16T22:53:38+00:00","og_image":[{"width":1200,"height":1200,"url":"https:\/\/lapistaciclabili.it\/wp-content\/uploads\/2024\/06\/Producto-Ciclopistas-12.webp","type":"image\/webp"}],"twitter_card":"summary_large_image","twitter_site":"@multisenal","twitter_misc":{"Tiempo de lectura":"2 minutos"},"schema":{"@context":"https:\/\/schema.org","@graph":[{"@type":"WebPage","@id":"https:\/\/lapistaciclabili.it\/producto\/canalizador-81-con-hito\/","url":"https:\/\/lapistaciclabili.it\/producto\/canalizador-81-con-hito\/","name":"Canalizador 81 con Hito - lapistaciclabili.it","isPartOf":{"@id":"https:\/\/lapistaciclabili.it\/#website"},"primaryImageOfPage":{"@id":"https:\/\/lapistaciclabili.it\/producto\/canalizador-81-con-hito\/#primaryimage"},"image":{"@id":"https:\/\/lapistaciclabili.it\/producto\/canalizador-81-con-hito\/#primaryimage"},"thumbnailUrl":"https:\/\/lapistaciclabili.it\/wp-content\/uploads\/2024\/06\/Producto-Ciclopistas-12.webp","datePublished":"2024-06-10T19:22:19+00:00","dateModified":"2024-08-16T22:53:38+00:00","description":"El canalizador 81 con Hito est\u00e1 dise\u00f1ado especialmente para confinar cilcov\u00edas te. Ayuda a tener un mejor control del tr\u00e1nsito en carriles especiales.","breadcrumb":{"@id":"https:\/\/lapistaciclabili.it\/producto\/canalizador-81-con-hito\/#breadcrumb"},"inLanguage":"es","potentialAction":[{"@type":"ReadAction","target":["https:\/\/lapistaciclabili.it\/producto\/canalizador-81-con-hito\/"]}]},{"@type":"ImageObject","inLanguage":"es","@id":"https:\/\/lapistaciclabili.it\/producto\/canalizador-81-con-hito\/#primaryimage","url":"https:\/\/lapistaciclabili.it\/wp-content\/uploads\/2024\/06\/Producto-Ciclopistas-12.webp","contentUrl":"https:\/\/lapistaciclabili.it\/wp-content\/uploads\/2024\/06\/Producto-Ciclopistas-12.webp","width":1200,"height":1200,"caption":"El canalizador 81 est\u00e1 dise\u00f1ado especialmente para confinar cilcov\u00edas te. Ayuda a tener un mejor control del tr\u00e1nsito en carriles especiales."},{"@type":"BreadcrumbList","@id":"https:\/\/lapistaciclabili.it\/producto\/canalizador-81-con-hito\/#breadcrumb","itemListElement":[{"@type":"ListItem","position":1,"name":"Inicio","item":"https:\/\/lapistaciclabili.it\/"},{"@type":"ListItem","position":2,"name":"Tienda","item":"https:\/\/lapistaciclabili.it\/tienda\/"},{"@type":"ListItem","position":3,"name":"Canalizador 81 con Hito"}]},{"@type":"WebSite","@id":"https:\/\/lapistaciclabili.it\/#website","url":"https:\/\/lapistaciclabili.it\/","name":"lapistaciclabili.it","description":"","publisher":{"@id":"https:\/\/lapistaciclabili.it\/#organization"},"potentialAction":[{"@type":"SearchAction","target":{"@type":"EntryPoint","urlTemplate":"https:\/\/lapistaciclabili.it\/?s={search_term_string}"},"query-input":"required name=search_term_string"}],"inLanguage":"es"},{"@type":"Organization","@id":"https:\/\/lapistaciclabili.it\/#organization","name":"lapistaciclabili.it","url":"https:\/\/lapistaciclabili.it\/","logo":{"@type":"ImageObject","inLanguage":"es","@id":"https:\/\/lapistaciclabili.it\/#\/schema\/logo\/image\/","url":"https:\/\/lapistaciclabili.it\/wp-content\/uploads\/2024\/06\/lapistaciclabili.it_-1.png","contentUrl":"https:\/\/lapistaciclabili.it\/wp-content\/uploads\/2024\/06\/lapistaciclabili.it_-1.png","width":768,"height":220,"caption":"lapistaciclabili.it"},"image":{"@id":"https:\/\/lapistaciclabili.it\/#\/schema\/logo\/image\/"},"sameAs":["https:\/\/www.facebook.com\/multisenal\/","https:\/\/x.com\/multisenal","https:\/\/www.instagram.com\/multisenalmx\/","https:\/\/www.linkedin.com\/company\/multisenalmexico\/","https:\/\/www.youtube.com\/@multisenaloficial"]}]}},"_links":{"self":[{"href":"https:\/\/lapistaciclabili.it\/es\/wp-json\/wp\/v2\/product\/3749","targetHints":{"allow":["GET"]}}],"collection":[{"href":"https:\/\/lapistaciclabili.it\/es\/wp-json\/wp\/v2\/product"}],"about":[{"href":"https:\/\/lapistaciclabili.it\/es\/wp-json\/wp\/v2\/types\/product"}],"replies":[{"embeddable":true,"href":"https:\/\/lapistaciclabili.it\/es\/wp-json\/wp\/v2\/comments?post=3749"}],"wp:featuredmedia":[{"embeddable":true,"href":"https:\/\/lapistaciclabili.it\/es\/wp-json\/wp\/v2\/media\/3790"}],"wp:attachment":[{"href":"https:\/\/lapistaciclabili.it\/es\/wp-json\/wp\/v2\/media?parent=3749"}],"wp:term":[{"taxonomy":"product_cat","embeddable":true,"href":"https:\/\/lapistaciclabili.it\/es\/wp-json\/wp\/v2\/product_cat?post=3749"},{"taxonomy":"product_tag","embeddable":true,"href":"https:\/\/lapistaciclabili.it\/es\/wp-json\/wp\/v2\/product_tag?post=3749"}],"curies":[{"name":"wp","href":"https:\/\/api.w.org\/{rel}","templated":true}]}}