{"id":3748,"date":"2024-06-10T19:22:19","date_gmt":"2024-06-10T19:22:19","guid":{"rendered":"https:\/\/lapistaciclabili.it\/?post_type=product&#038;p=3748"},"modified":"2024-08-20T14:10:47","modified_gmt":"2024-08-20T14:10:47","slug":"mini-top-445-minitop-h-65","status":"publish","type":"product","link":"https:\/\/lapistaciclabili.it\/es\/producto\/mini-top-445-minitop-h-65\/","title":{"rendered":"Mini Top 445 \/ Minitop H-65"},"content":{"rendered":"<p style=\"font-weight: 400;\">Presentamos el Mini Top 445 \/ Minitop H-65 con Hito, la combinaci\u00f3n perfecta de dise\u00f1o elegante y funcionalidad robusta para confinar ciclov\u00edas:<\/p>\n<p style=\"font-weight: 400;\"><strong>Versatilidad Superior:<\/strong> Ideal para ciclopistas, v\u00edas en contraflujo y divisiones en plazas o centros comerciales.<\/p>\n<p style=\"font-weight: 400;\"><strong>Est\u00e9tica y Seguridad:<\/strong> Dise\u00f1o moderno que no solo embellece, sino que tambi\u00e9n asegura una demarcaci\u00f3n clara y visible para ciclistas y peatones.<\/p>\n<p style=\"font-weight: 400;\"><strong>Resistencia Insuperable:<\/strong> Construido con polietileno de alta densidad y el innovador Hito 66 de poliflexy\u00ae. El Mini Top 445 \/ Minitop H-65 asegura resistencia ante impactos.<\/p>\n<p style=\"font-weight: 400;\"><strong>Durabilidad Extrema<\/strong>: Protecci\u00f3n UV, resistencia a la <a href=\"https:\/\/lapistaciclabili.it\/blog\/consejos-para-salir-en-bici-cuando-llueve\/\">humedad<\/a>, aceites y temperaturas extremas, sin necesidad de mantenimiento. Protecci\u00f3n contra rayos UV y resistente a humedad, aceite y temperaturas extremas. Resistente a pr\u00e1cticamente cualquier tipo de clima.<\/p>\n<p style=\"font-weight: 400;\"><strong>Seguridad Reforzada:<\/strong> Funciona como reductor de velocidad, limitando a 3-8 km\/h, y refuerza se\u00f1alamientos de ALTO de manera efectiva. Resistente ante cualquier impacto frontal o lateral. Requiere mantenimiento m\u00ednimo.<\/p>\n<p style=\"font-weight: 400;\"><strong>Instalaci\u00f3n Simple:<\/strong> Puede colocarse en cualquier superficie plana de forma r\u00e1pida y sin complicaciones. Con opci\u00f3n a llevar o no bandas reflectivas.<\/p>\n<p style=\"font-weight: 400;\">El Mini Top 445 \/ Minitop H-65 con Hito es la soluci\u00f3n perfecta para una <a href=\"https:\/\/multisenal.com.mx\/blog\/que-hacer-si-un-auto-o-moto-invadiendo-ciclovia\/\">circulaci\u00f3n ciclista ordenada<\/a> y segura. Cada espacio contar\u00e1 con la protecci\u00f3n necesaria para ciclistas. De esta manera, los usuarios de bicicletas pueden conducir m\u00e1s seguros.<\/p>\n<p style=\"font-weight: 400;\"><strong>Seguridad y estilo en un mismo producto<\/strong><\/p>\n<p style=\"font-weight: 400;\">\u00a1Eleva la seguridad con estilo y eficacia! Canalizador ensamblado en dos piezas, dise\u00f1o elegante, creando una sensaci\u00f3n agradable a la vista.<\/p>\n<p style=\"font-weight: 400;\">Se usa para ciclopistas o v\u00edas en contraflujo. Con opci\u00f3n de llevar un hito 66 de poliflexy\u00ae, d\u00e1ndole mayor vista a la distancia.<\/p>\n<p style=\"font-weight: 400;\">Protecci\u00f3n contra rayos UV y resistente a humedad, aceite y temperaturas extremas. Resistente a pr\u00e1cticamente cualquier tipo de clima.<\/p>\n<p>M\u00e1s productos especiales para ciclov\u00edas <a href=\"https:\/\/lapistaciclabili.it\/productos-ciclovias\/\">aqu\u00ed<\/a>.<\/p>\n","protected":false},"excerpt":{"rendered":"<p><strong>Nombre del producto: Minitop<\/strong><\/p>\n<p><strong>C\u00f3digo: MINITOP-445<\/strong><\/p>\n<table>\n<tbody>\n<tr>\n<td style=\"text-align: center;\"><strong>ESPA\u00d1OL<\/strong><\/td>\n<td style=\"text-align: center;\"><strong>INGL\u00c9S<\/strong><\/td>\n<td style=\"text-align: center;\"><strong>MODELO 3D<\/strong><\/td>\n<\/tr>\n<tr>\n<td><a href=\"https:\/\/multisenal.com.mx\/FichasTecnicas\/Canalizador-MINITOP-445-ES.pdf\"><img decoding=\"async\" class=\"wp-image-5524 aligncenter\" src=\"https:\/\/lapistaciclabili.it\/wp-content\/uploads\/2024\/06\/img-pdf-ciclopistas.webp\" alt=\"\" width=\"49\" height=\"49\" \/><\/a><\/td>\n<td><a href=\"https:\/\/multisenal.com.mx\/FichasTecnicas\/Canalizador-MINITOP-445-EN.pdf\"><img decoding=\"async\" class=\"wp-image-5524 aligncenter\" src=\"https:\/\/lapistaciclabili.it\/wp-content\/uploads\/2024\/06\/img-pdf-ciclopistas.webp\" alt=\"\" width=\"49\" height=\"49\" \/><\/a><\/td>\n<td><a href=\"https:\/\/lapistaciclabili.it\/renders\/minitop-445-modelo-360\/\"><img decoding=\"async\" class=\"wp-image-5524 aligncenter\" src=\"https:\/\/lapistaciclabili.it\/wp-content\/uploads\/2024\/06\/img-modelo3D.webp\" alt=\"\" width=\"49\" height=\"49\" \/><\/a><\/td>\n<\/tr>\n<\/tbody>\n<\/table>\n","protected":false},"featured_media":3786,"comment_status":"open","ping_status":"closed","template":"","meta":[],"product_cat":[21],"product_tag":[],"class_list":{"0":"post-3748","1":"product","2":"type-product","3":"status-publish","4":"has-post-thumbnail","6":"product_cat-delimitadores-viales","8":"first","9":"instock","10":"shipping-taxable","11":"product-type-simple"},"yoast_head":"<!-- This site is optimized with the Yoast SEO Premium plugin v22.3 (Yoast SEO v23.0) - https:\/\/yoast.com\/wordpress\/plugins\/seo\/ -->\n<title>Mini Top 445 \/ Minitop H-65 - lapistaciclabili.it<\/title>\n<meta name=\"description\" content=\"Mini Top 445 \/ Minitop H-65 es la opci\u00f3n ideal para confinar ciclov\u00edas o delimitar carriles especiales. Vista elegante y m\u00e1xima resistencia.\" \/>\n<meta name=\"robots\" content=\"index, follow, max-snippet:-1, max-image-preview:large, max-video-preview:-1\" \/>\n<link rel=\"canonical\" href=\"https:\/\/lapistaciclabili.it\/es\/producto\/mini-top-445-minitop-h-65\/\" \/>\n<meta property=\"og:locale\" content=\"es_ES\" \/>\n<meta property=\"og:type\" content=\"article\" \/>\n<meta property=\"og:title\" content=\"Mini Top 445 \/ Minitop H-65\" \/>\n<meta property=\"og:description\" content=\"Mini Top 445 \/ Minitop H-65 es la opci\u00f3n ideal para confinar ciclov\u00edas o delimitar carriles especiales. Vista elegante y m\u00e1xima resistencia.\" \/>\n<meta property=\"og:url\" content=\"https:\/\/lapistaciclabili.it\/producto\/mini-top-445-minitop-h-65\/\" \/>\n<meta property=\"og:site_name\" content=\"lapistaciclabili.it\" \/>\n<meta property=\"article:publisher\" content=\"https:\/\/www.facebook.com\/multisenal\/\" \/>\n<meta property=\"article:modified_time\" content=\"2024-08-20T14:10:47+00:00\" \/>\n<meta property=\"og:image\" content=\"https:\/\/lapistaciclabili.it\/wp-content\/uploads\/2024\/06\/Producto-Ciclopistas-20.webp\" \/>\n\t<meta property=\"og:image:width\" content=\"1200\" \/>\n\t<meta property=\"og:image:height\" content=\"1200\" \/>\n\t<meta property=\"og:image:type\" content=\"image\/webp\" \/>\n<meta name=\"twitter:card\" content=\"summary_large_image\" \/>\n<meta name=\"twitter:site\" content=\"@multisenal\" \/>\n<meta name=\"twitter:label1\" content=\"Tiempo de lectura\" \/>\n\t<meta name=\"twitter:data1\" content=\"2 minutos\" \/>\n<script type=\"application\/ld+json\" class=\"yoast-schema-graph\">{\"@context\":\"https:\/\/schema.org\",\"@graph\":[{\"@type\":\"WebPage\",\"@id\":\"https:\/\/lapistaciclabili.it\/producto\/mini-top-445-minitop-h-65\/\",\"url\":\"https:\/\/lapistaciclabili.it\/producto\/mini-top-445-minitop-h-65\/\",\"name\":\"Mini Top 445 \/ Minitop H-65 - lapistaciclabili.it\",\"isPartOf\":{\"@id\":\"https:\/\/lapistaciclabili.it\/#website\"},\"primaryImageOfPage\":{\"@id\":\"https:\/\/lapistaciclabili.it\/producto\/mini-top-445-minitop-h-65\/#primaryimage\"},\"image\":{\"@id\":\"https:\/\/lapistaciclabili.it\/producto\/mini-top-445-minitop-h-65\/#primaryimage\"},\"thumbnailUrl\":\"https:\/\/lapistaciclabili.it\/wp-content\/uploads\/2024\/06\/Producto-Ciclopistas-20.webp\",\"datePublished\":\"2024-06-10T19:22:19+00:00\",\"dateModified\":\"2024-08-20T14:10:47+00:00\",\"description\":\"Mini Top 445 \/ Minitop H-65 es la opci\u00f3n ideal para confinar ciclov\u00edas o delimitar carriles especiales. Vista elegante y m\u00e1xima resistencia.\",\"breadcrumb\":{\"@id\":\"https:\/\/lapistaciclabili.it\/producto\/mini-top-445-minitop-h-65\/#breadcrumb\"},\"inLanguage\":\"es\",\"potentialAction\":[{\"@type\":\"ReadAction\",\"target\":[\"https:\/\/lapistaciclabili.it\/producto\/mini-top-445-minitop-h-65\/\"]}]},{\"@type\":\"ImageObject\",\"inLanguage\":\"es\",\"@id\":\"https:\/\/lapistaciclabili.it\/producto\/mini-top-445-minitop-h-65\/#primaryimage\",\"url\":\"https:\/\/lapistaciclabili.it\/wp-content\/uploads\/2024\/06\/Producto-Ciclopistas-20.webp\",\"contentUrl\":\"https:\/\/lapistaciclabili.it\/wp-content\/uploads\/2024\/06\/Producto-Ciclopistas-20.webp\",\"width\":1200,\"height\":1200,\"caption\":\"Mini Top 445 \/ Minitop H-65 es la opci\u00f3n ideal para confinar ciclov\u00edas o delimitar carriles especiales. Vista elegante y m\u00e1xima resistencia.\"},{\"@type\":\"BreadcrumbList\",\"@id\":\"https:\/\/lapistaciclabili.it\/producto\/mini-top-445-minitop-h-65\/#breadcrumb\",\"itemListElement\":[{\"@type\":\"ListItem\",\"position\":1,\"name\":\"Inicio\",\"item\":\"https:\/\/lapistaciclabili.it\/\"},{\"@type\":\"ListItem\",\"position\":2,\"name\":\"Tienda\",\"item\":\"https:\/\/lapistaciclabili.it\/tienda\/\"},{\"@type\":\"ListItem\",\"position\":3,\"name\":\"Mini Top 445 \/ Minitop H-65\"}]},{\"@type\":\"WebSite\",\"@id\":\"https:\/\/lapistaciclabili.it\/#website\",\"url\":\"https:\/\/lapistaciclabili.it\/\",\"name\":\"lapistaciclabili.it\",\"description\":\"\",\"publisher\":{\"@id\":\"https:\/\/lapistaciclabili.it\/#organization\"},\"potentialAction\":[{\"@type\":\"SearchAction\",\"target\":{\"@type\":\"EntryPoint\",\"urlTemplate\":\"https:\/\/lapistaciclabili.it\/?s={search_term_string}\"},\"query-input\":\"required name=search_term_string\"}],\"inLanguage\":\"es\"},{\"@type\":\"Organization\",\"@id\":\"https:\/\/lapistaciclabili.it\/#organization\",\"name\":\"lapistaciclabili.it\",\"url\":\"https:\/\/lapistaciclabili.it\/\",\"logo\":{\"@type\":\"ImageObject\",\"inLanguage\":\"es\",\"@id\":\"https:\/\/lapistaciclabili.it\/#\/schema\/logo\/image\/\",\"url\":\"https:\/\/lapistaciclabili.it\/wp-content\/uploads\/2024\/06\/lapistaciclabili.it_-1.png\",\"contentUrl\":\"https:\/\/lapistaciclabili.it\/wp-content\/uploads\/2024\/06\/lapistaciclabili.it_-1.png\",\"width\":768,\"height\":220,\"caption\":\"lapistaciclabili.it\"},\"image\":{\"@id\":\"https:\/\/lapistaciclabili.it\/#\/schema\/logo\/image\/\"},\"sameAs\":[\"https:\/\/www.facebook.com\/multisenal\/\",\"https:\/\/x.com\/multisenal\",\"https:\/\/www.instagram.com\/multisenalmx\/\",\"https:\/\/www.linkedin.com\/company\/multisenalmexico\/\",\"https:\/\/www.youtube.com\/@multisenaloficial\"]}]}<\/script>\n<!-- \/ Yoast SEO Premium plugin. -->","yoast_head_json":{"title":"Mini Top 445 \/ Minitop H-65 - lapistaciclabili.it","description":"Mini Top 445 \/ Minitop H-65 es la opci\u00f3n ideal para confinar ciclov\u00edas o delimitar carriles especiales. Vista elegante y m\u00e1xima resistencia.","robots":{"index":"index","follow":"follow","max-snippet":"max-snippet:-1","max-image-preview":"max-image-preview:large","max-video-preview":"max-video-preview:-1"},"canonical":"https:\/\/lapistaciclabili.it\/es\/producto\/mini-top-445-minitop-h-65\/","og_locale":"es_ES","og_type":"article","og_title":"Mini Top 445 \/ Minitop H-65","og_description":"Mini Top 445 \/ Minitop H-65 es la opci\u00f3n ideal para confinar ciclov\u00edas o delimitar carriles especiales. Vista elegante y m\u00e1xima resistencia.","og_url":"https:\/\/lapistaciclabili.it\/producto\/mini-top-445-minitop-h-65\/","og_site_name":"lapistaciclabili.it","article_publisher":"https:\/\/www.facebook.com\/multisenal\/","article_modified_time":"2024-08-20T14:10:47+00:00","og_image":[{"width":1200,"height":1200,"url":"https:\/\/lapistaciclabili.it\/wp-content\/uploads\/2024\/06\/Producto-Ciclopistas-20.webp","type":"image\/webp"}],"twitter_card":"summary_large_image","twitter_site":"@multisenal","twitter_misc":{"Tiempo de lectura":"2 minutos"},"schema":{"@context":"https:\/\/schema.org","@graph":[{"@type":"WebPage","@id":"https:\/\/lapistaciclabili.it\/producto\/mini-top-445-minitop-h-65\/","url":"https:\/\/lapistaciclabili.it\/producto\/mini-top-445-minitop-h-65\/","name":"Mini Top 445 \/ Minitop H-65 - lapistaciclabili.it","isPartOf":{"@id":"https:\/\/lapistaciclabili.it\/#website"},"primaryImageOfPage":{"@id":"https:\/\/lapistaciclabili.it\/producto\/mini-top-445-minitop-h-65\/#primaryimage"},"image":{"@id":"https:\/\/lapistaciclabili.it\/producto\/mini-top-445-minitop-h-65\/#primaryimage"},"thumbnailUrl":"https:\/\/lapistaciclabili.it\/wp-content\/uploads\/2024\/06\/Producto-Ciclopistas-20.webp","datePublished":"2024-06-10T19:22:19+00:00","dateModified":"2024-08-20T14:10:47+00:00","description":"Mini Top 445 \/ Minitop H-65 es la opci\u00f3n ideal para confinar ciclov\u00edas o delimitar carriles especiales. Vista elegante y m\u00e1xima resistencia.","breadcrumb":{"@id":"https:\/\/lapistaciclabili.it\/producto\/mini-top-445-minitop-h-65\/#breadcrumb"},"inLanguage":"es","potentialAction":[{"@type":"ReadAction","target":["https:\/\/lapistaciclabili.it\/producto\/mini-top-445-minitop-h-65\/"]}]},{"@type":"ImageObject","inLanguage":"es","@id":"https:\/\/lapistaciclabili.it\/producto\/mini-top-445-minitop-h-65\/#primaryimage","url":"https:\/\/lapistaciclabili.it\/wp-content\/uploads\/2024\/06\/Producto-Ciclopistas-20.webp","contentUrl":"https:\/\/lapistaciclabili.it\/wp-content\/uploads\/2024\/06\/Producto-Ciclopistas-20.webp","width":1200,"height":1200,"caption":"Mini Top 445 \/ Minitop H-65 es la opci\u00f3n ideal para confinar ciclov\u00edas o delimitar carriles especiales. Vista elegante y m\u00e1xima resistencia."},{"@type":"BreadcrumbList","@id":"https:\/\/lapistaciclabili.it\/producto\/mini-top-445-minitop-h-65\/#breadcrumb","itemListElement":[{"@type":"ListItem","position":1,"name":"Inicio","item":"https:\/\/lapistaciclabili.it\/"},{"@type":"ListItem","position":2,"name":"Tienda","item":"https:\/\/lapistaciclabili.it\/tienda\/"},{"@type":"ListItem","position":3,"name":"Mini Top 445 \/ Minitop H-65"}]},{"@type":"WebSite","@id":"https:\/\/lapistaciclabili.it\/#website","url":"https:\/\/lapistaciclabili.it\/","name":"lapistaciclabili.it","description":"","publisher":{"@id":"https:\/\/lapistaciclabili.it\/#organization"},"potentialAction":[{"@type":"SearchAction","target":{"@type":"EntryPoint","urlTemplate":"https:\/\/lapistaciclabili.it\/?s={search_term_string}"},"query-input":"required name=search_term_string"}],"inLanguage":"es"},{"@type":"Organization","@id":"https:\/\/lapistaciclabili.it\/#organization","name":"lapistaciclabili.it","url":"https:\/\/lapistaciclabili.it\/","logo":{"@type":"ImageObject","inLanguage":"es","@id":"https:\/\/lapistaciclabili.it\/#\/schema\/logo\/image\/","url":"https:\/\/lapistaciclabili.it\/wp-content\/uploads\/2024\/06\/lapistaciclabili.it_-1.png","contentUrl":"https:\/\/lapistaciclabili.it\/wp-content\/uploads\/2024\/06\/lapistaciclabili.it_-1.png","width":768,"height":220,"caption":"lapistaciclabili.it"},"image":{"@id":"https:\/\/lapistaciclabili.it\/#\/schema\/logo\/image\/"},"sameAs":["https:\/\/www.facebook.com\/multisenal\/","https:\/\/x.com\/multisenal","https:\/\/www.instagram.com\/multisenalmx\/","https:\/\/www.linkedin.com\/company\/multisenalmexico\/","https:\/\/www.youtube.com\/@multisenaloficial"]}]}},"_links":{"self":[{"href":"https:\/\/lapistaciclabili.it\/es\/wp-json\/wp\/v2\/product\/3748","targetHints":{"allow":["GET"]}}],"collection":[{"href":"https:\/\/lapistaciclabili.it\/es\/wp-json\/wp\/v2\/product"}],"about":[{"href":"https:\/\/lapistaciclabili.it\/es\/wp-json\/wp\/v2\/types\/product"}],"replies":[{"embeddable":true,"href":"https:\/\/lapistaciclabili.it\/es\/wp-json\/wp\/v2\/comments?post=3748"}],"wp:featuredmedia":[{"embeddable":true,"href":"https:\/\/lapistaciclabili.it\/es\/wp-json\/wp\/v2\/media\/3786"}],"wp:attachment":[{"href":"https:\/\/lapistaciclabili.it\/es\/wp-json\/wp\/v2\/media?parent=3748"}],"wp:term":[{"taxonomy":"product_cat","embeddable":true,"href":"https:\/\/lapistaciclabili.it\/es\/wp-json\/wp\/v2\/product_cat?post=3748"},{"taxonomy":"product_tag","embeddable":true,"href":"https:\/\/lapistaciclabili.it\/es\/wp-json\/wp\/v2\/product_tag?post=3748"}],"curies":[{"name":"wp","href":"https:\/\/api.w.org\/{rel}","templated":true}]}}