{"id":3746,"date":"2024-06-17T20:54:19","date_gmt":"2024-06-17T20:54:19","guid":{"rendered":"https:\/\/lapistaciclabili.it\/?post_type=product&#038;p=3746"},"modified":"2024-08-08T14:51:48","modified_gmt":"2024-08-08T14:51:48","slug":"reductor-de-velocidad-para-ciclovias","status":"publish","type":"product","link":"https:\/\/lapistaciclabili.it\/es\/producto\/reductor-de-velocidad-para-ciclovias\/","title":{"rendered":"Reductor de velocidad para ciclov\u00edas"},"content":{"rendered":"<p style=\"font-weight: 400;\">Introduce seguridad y eficiencia con nuestro Reductor de velocidad para ciclov\u00edas. Dise\u00f1ado para proteger tanto a <a href=\"https:\/\/multisenal.com.mx\/blog\/que-hacer-si-un-auto-o-moto-invadiendo-ciclovia\/\">ciclistas<\/a> como a peatones en \u00e1reas de alta circulaci\u00f3n.<\/p>\n<p style=\"font-weight: 400;\">Este innovador dispositivo modular se adapta perfectamente a cualquier espacio, ideal para instalarse en ciclov\u00edas, carriles tipo Bus-bici, asegurando una reducci\u00f3n segura de velocidad.<\/p>\n<p style=\"font-weight: 400;\">Fabricado en resistente polietileno de media densidad, nuestro reductor es pr\u00e1cticamente irrompible y est\u00e1 dise\u00f1ado para soportar el peso de grandes veh\u00edculos. Resistente a impactos frontales y laterales sin da\u00f1ar los neum\u00e1ticos o la carrocer\u00eda de los autos y bicicletas.<\/p>\n<p style=\"font-weight: 400;\">Su dise\u00f1o con l\u00edneas de vibrador en alto relieve y opci\u00f3n de reflejantes blancos y \u00e1mbar garantiza una visibilidad excepcional, tanto de d\u00eda como de noche.<\/p>\n<p style=\"font-weight: 400;\">Con medidas est\u00e1ndar de 120 cm de largo y m\u00f3dulos centrales de 60 cm de ancho, cada reductor se ensambla f\u00e1cilmente mediante sistema macho-hembra. Puede personalizarse en colores verde o amarillo, seg\u00fan las necesidades espec\u00edficas. Reflejantes en color blanco y \u00e1mbar (disponibles a m\u00e1s opciones de colores a partir de 200 piezas).<\/p>\n<p style=\"font-weight: 400;\">Adem\u00e1s, es completamente apilable, lo que reduce costos de transporte y almacenamiento.<\/p>\n<p style=\"font-weight: 400;\">Para una m\u00e1xima visibilidad nocturna, ofrecemos la opci\u00f3n de integrar vialetas solares que se cargan durante el d\u00eda y se encienden autom\u00e1ticamente por la noche, mejorando a\u00fan m\u00e1s la seguridad vial en todo momento (la vialeta no es apta para uso individual, requiere su colocaci\u00f3n en el tope).<\/p>\n<p style=\"font-weight: 400;\">Conf\u00eda en nuestro Reductor de velocidad para ciclov\u00edas para optimizar la gesti\u00f3n del tr\u00e1fico y proteger al peat\u00f3n y al ciclista. Asegura una circulaci\u00f3n segura y eficiente en \u00e1reas urbanas.<\/p>\n<p style=\"font-weight: 400;\">Eleva los est\u00e1ndares de seguridad con esta soluci\u00f3n innovadora y durable, dise\u00f1ada para resistir las condiciones m\u00e1s exigentes sin necesidad de mantenimiento.<\/p>\n<p>Visita nuestro <a href=\"https:\/\/lapistaciclabili.it\/productos-ciclovias\/\">cat\u00e1logo completo<\/a> y descubre todos los dispositivos para ciclopistas que tenemos disponibes para ti. Crea caminos mucho m\u00e1s seguros.<\/p>\n","protected":false},"excerpt":{"rendered":"<p><strong>Nombre del producto: Reductor Disuasorio Ciclov\u00eda<\/strong><\/p>\n<p><strong>C\u00f3digo: MOD-120<\/strong><\/p>\n<table>\n<tbody>\n<tr>\n<td style=\"text-align: center;\"><strong>ESPA\u00d1OL<\/strong><\/td>\n<td style=\"text-align: center;\"><strong>INGL\u00c9S<\/strong><\/td>\n<td style=\"text-align: center;\"><strong>MODELO 3D<\/strong><\/td>\n<\/tr>\n<tr>\n<td><a href=\"https:\/\/multisenal.com.mx\/FichasTecnicas\/Reductor-Velocidad-TRD-120C-ES.pdf\"><img decoding=\"async\" class=\"wp-image-5524 aligncenter\" src=\"https:\/\/lapistaciclabili.it\/wp-content\/uploads\/2024\/06\/img-pdf-ciclopistas.webp\" alt=\"\" width=\"49\" height=\"49\" \/><\/a><\/td>\n<td><a href=\"https:\/\/multisenal.com.mx\/FichasTecnicas\/Reductor-Velocidad-TRD-120C-EN.pdf\"><img decoding=\"async\" class=\"wp-image-5524 aligncenter\" src=\"https:\/\/lapistaciclabili.it\/wp-content\/uploads\/2024\/06\/img-pdf-ciclopistas.webp\" alt=\"\" width=\"49\" height=\"49\" \/><\/a><\/td>\n<td><a href=\"https:\/\/lapistaciclabili.it\/renders\/reductor-120-modelo-360\/\"><img decoding=\"async\" class=\"wp-image-5524 aligncenter\" src=\"https:\/\/lapistaciclabili.it\/wp-content\/uploads\/2024\/06\/img-modelo3D.webp\" alt=\"\" width=\"49\" height=\"49\" \/><\/a><\/td>\n<\/tr>\n<\/tbody>\n<\/table>\n","protected":false},"featured_media":3784,"comment_status":"open","ping_status":"closed","template":"","meta":[],"product_cat":[22],"product_tag":[],"class_list":{"0":"post-3746","1":"product","2":"type-product","3":"status-publish","4":"has-post-thumbnail","6":"product_cat-reductor-vial","8":"first","9":"instock","10":"shipping-taxable","11":"product-type-simple"},"yoast_head":"<!-- This site is optimized with the Yoast SEO Premium plugin v22.3 (Yoast SEO v23.0) - https:\/\/yoast.com\/wordpress\/plugins\/seo\/ -->\n<title>Reductor de velocidad para ciclov\u00edas - lapistaciclabili.it<\/title>\n<meta name=\"description\" content=\"Reductor de velocidad para ciclov\u00edas, especial para ciclov\u00edas, carriles de metrobus o contraflujo. Dise\u00f1ado para proteger al peat\u00f3n y al ciclista.\" \/>\n<meta name=\"robots\" content=\"index, follow, max-snippet:-1, max-image-preview:large, max-video-preview:-1\" \/>\n<link rel=\"canonical\" href=\"https:\/\/lapistaciclabili.it\/es\/producto\/reductor-de-velocidad-para-ciclovias\/\" \/>\n<meta property=\"og:locale\" content=\"es_ES\" \/>\n<meta property=\"og:type\" content=\"article\" \/>\n<meta property=\"og:title\" content=\"Reductor de velocidad para ciclov\u00edas\" \/>\n<meta property=\"og:description\" content=\"Reductor de velocidad para ciclov\u00edas, especial para ciclov\u00edas, carriles de metrobus o contraflujo. Dise\u00f1ado para proteger al peat\u00f3n y al ciclista.\" \/>\n<meta property=\"og:url\" content=\"https:\/\/lapistaciclabili.it\/producto\/reductor-de-velocidad-para-ciclovias\/\" \/>\n<meta property=\"og:site_name\" content=\"lapistaciclabili.it\" \/>\n<meta property=\"article:publisher\" content=\"https:\/\/www.facebook.com\/multisenal\/\" \/>\n<meta property=\"article:modified_time\" content=\"2024-08-08T14:51:48+00:00\" \/>\n<meta property=\"og:image\" content=\"https:\/\/lapistaciclabili.it\/wp-content\/uploads\/2024\/06\/Producto-Ciclopistas-21.webp\" \/>\n\t<meta property=\"og:image:width\" content=\"1200\" \/>\n\t<meta property=\"og:image:height\" content=\"1200\" \/>\n\t<meta property=\"og:image:type\" content=\"image\/webp\" \/>\n<meta name=\"twitter:card\" content=\"summary_large_image\" \/>\n<meta name=\"twitter:site\" content=\"@multisenal\" \/>\n<meta name=\"twitter:label1\" content=\"Tiempo de lectura\" \/>\n\t<meta name=\"twitter:data1\" content=\"2 minutos\" \/>\n<script type=\"application\/ld+json\" class=\"yoast-schema-graph\">{\"@context\":\"https:\/\/schema.org\",\"@graph\":[{\"@type\":\"WebPage\",\"@id\":\"https:\/\/lapistaciclabili.it\/producto\/reductor-de-velocidad-para-ciclovias\/\",\"url\":\"https:\/\/lapistaciclabili.it\/producto\/reductor-de-velocidad-para-ciclovias\/\",\"name\":\"Reductor de velocidad para ciclov\u00edas - lapistaciclabili.it\",\"isPartOf\":{\"@id\":\"https:\/\/lapistaciclabili.it\/#website\"},\"primaryImageOfPage\":{\"@id\":\"https:\/\/lapistaciclabili.it\/producto\/reductor-de-velocidad-para-ciclovias\/#primaryimage\"},\"image\":{\"@id\":\"https:\/\/lapistaciclabili.it\/producto\/reductor-de-velocidad-para-ciclovias\/#primaryimage\"},\"thumbnailUrl\":\"https:\/\/lapistaciclabili.it\/wp-content\/uploads\/2024\/06\/Producto-Ciclopistas-21.webp\",\"datePublished\":\"2024-06-17T20:54:19+00:00\",\"dateModified\":\"2024-08-08T14:51:48+00:00\",\"description\":\"Reductor de velocidad para ciclov\u00edas, especial para ciclov\u00edas, carriles de metrobus o contraflujo. Dise\u00f1ado para proteger al peat\u00f3n y al ciclista.\",\"breadcrumb\":{\"@id\":\"https:\/\/lapistaciclabili.it\/producto\/reductor-de-velocidad-para-ciclovias\/#breadcrumb\"},\"inLanguage\":\"es\",\"potentialAction\":[{\"@type\":\"ReadAction\",\"target\":[\"https:\/\/lapistaciclabili.it\/producto\/reductor-de-velocidad-para-ciclovias\/\"]}]},{\"@type\":\"ImageObject\",\"inLanguage\":\"es\",\"@id\":\"https:\/\/lapistaciclabili.it\/producto\/reductor-de-velocidad-para-ciclovias\/#primaryimage\",\"url\":\"https:\/\/lapistaciclabili.it\/wp-content\/uploads\/2024\/06\/Producto-Ciclopistas-21.webp\",\"contentUrl\":\"https:\/\/lapistaciclabili.it\/wp-content\/uploads\/2024\/06\/Producto-Ciclopistas-21.webp\",\"width\":1200,\"height\":1200,\"caption\":\"Tope Reductor Disuasorio especial para ciclov\u00edas, carriles de metrobus o contraflujo. Dise\u00f1ado para proteger al peat\u00f3n y al ciclista.\"},{\"@type\":\"BreadcrumbList\",\"@id\":\"https:\/\/lapistaciclabili.it\/producto\/reductor-de-velocidad-para-ciclovias\/#breadcrumb\",\"itemListElement\":[{\"@type\":\"ListItem\",\"position\":1,\"name\":\"Inicio\",\"item\":\"https:\/\/lapistaciclabili.it\/\"},{\"@type\":\"ListItem\",\"position\":2,\"name\":\"Tienda\",\"item\":\"https:\/\/lapistaciclabili.it\/tienda\/\"},{\"@type\":\"ListItem\",\"position\":3,\"name\":\"Reductor de velocidad para ciclov\u00edas\"}]},{\"@type\":\"WebSite\",\"@id\":\"https:\/\/lapistaciclabili.it\/#website\",\"url\":\"https:\/\/lapistaciclabili.it\/\",\"name\":\"lapistaciclabili.it\",\"description\":\"\",\"publisher\":{\"@id\":\"https:\/\/lapistaciclabili.it\/#organization\"},\"potentialAction\":[{\"@type\":\"SearchAction\",\"target\":{\"@type\":\"EntryPoint\",\"urlTemplate\":\"https:\/\/lapistaciclabili.it\/?s={search_term_string}\"},\"query-input\":\"required name=search_term_string\"}],\"inLanguage\":\"es\"},{\"@type\":\"Organization\",\"@id\":\"https:\/\/lapistaciclabili.it\/#organization\",\"name\":\"lapistaciclabili.it\",\"url\":\"https:\/\/lapistaciclabili.it\/\",\"logo\":{\"@type\":\"ImageObject\",\"inLanguage\":\"es\",\"@id\":\"https:\/\/lapistaciclabili.it\/#\/schema\/logo\/image\/\",\"url\":\"https:\/\/lapistaciclabili.it\/wp-content\/uploads\/2024\/06\/lapistaciclabili.it_-1.png\",\"contentUrl\":\"https:\/\/lapistaciclabili.it\/wp-content\/uploads\/2024\/06\/lapistaciclabili.it_-1.png\",\"width\":768,\"height\":220,\"caption\":\"lapistaciclabili.it\"},\"image\":{\"@id\":\"https:\/\/lapistaciclabili.it\/#\/schema\/logo\/image\/\"},\"sameAs\":[\"https:\/\/www.facebook.com\/multisenal\/\",\"https:\/\/x.com\/multisenal\",\"https:\/\/www.instagram.com\/multisenalmx\/\",\"https:\/\/www.linkedin.com\/company\/multisenalmexico\/\",\"https:\/\/www.youtube.com\/@multisenaloficial\"]}]}<\/script>\n<!-- \/ Yoast SEO Premium plugin. -->","yoast_head_json":{"title":"Reductor de velocidad para ciclov\u00edas - lapistaciclabili.it","description":"Reductor de velocidad para ciclov\u00edas, especial para ciclov\u00edas, carriles de metrobus o contraflujo. Dise\u00f1ado para proteger al peat\u00f3n y al ciclista.","robots":{"index":"index","follow":"follow","max-snippet":"max-snippet:-1","max-image-preview":"max-image-preview:large","max-video-preview":"max-video-preview:-1"},"canonical":"https:\/\/lapistaciclabili.it\/es\/producto\/reductor-de-velocidad-para-ciclovias\/","og_locale":"es_ES","og_type":"article","og_title":"Reductor de velocidad para ciclov\u00edas","og_description":"Reductor de velocidad para ciclov\u00edas, especial para ciclov\u00edas, carriles de metrobus o contraflujo. Dise\u00f1ado para proteger al peat\u00f3n y al ciclista.","og_url":"https:\/\/lapistaciclabili.it\/producto\/reductor-de-velocidad-para-ciclovias\/","og_site_name":"lapistaciclabili.it","article_publisher":"https:\/\/www.facebook.com\/multisenal\/","article_modified_time":"2024-08-08T14:51:48+00:00","og_image":[{"width":1200,"height":1200,"url":"https:\/\/lapistaciclabili.it\/wp-content\/uploads\/2024\/06\/Producto-Ciclopistas-21.webp","type":"image\/webp"}],"twitter_card":"summary_large_image","twitter_site":"@multisenal","twitter_misc":{"Tiempo de lectura":"2 minutos"},"schema":{"@context":"https:\/\/schema.org","@graph":[{"@type":"WebPage","@id":"https:\/\/lapistaciclabili.it\/producto\/reductor-de-velocidad-para-ciclovias\/","url":"https:\/\/lapistaciclabili.it\/producto\/reductor-de-velocidad-para-ciclovias\/","name":"Reductor de velocidad para ciclov\u00edas - lapistaciclabili.it","isPartOf":{"@id":"https:\/\/lapistaciclabili.it\/#website"},"primaryImageOfPage":{"@id":"https:\/\/lapistaciclabili.it\/producto\/reductor-de-velocidad-para-ciclovias\/#primaryimage"},"image":{"@id":"https:\/\/lapistaciclabili.it\/producto\/reductor-de-velocidad-para-ciclovias\/#primaryimage"},"thumbnailUrl":"https:\/\/lapistaciclabili.it\/wp-content\/uploads\/2024\/06\/Producto-Ciclopistas-21.webp","datePublished":"2024-06-17T20:54:19+00:00","dateModified":"2024-08-08T14:51:48+00:00","description":"Reductor de velocidad para ciclov\u00edas, especial para ciclov\u00edas, carriles de metrobus o contraflujo. Dise\u00f1ado para proteger al peat\u00f3n y al ciclista.","breadcrumb":{"@id":"https:\/\/lapistaciclabili.it\/producto\/reductor-de-velocidad-para-ciclovias\/#breadcrumb"},"inLanguage":"es","potentialAction":[{"@type":"ReadAction","target":["https:\/\/lapistaciclabili.it\/producto\/reductor-de-velocidad-para-ciclovias\/"]}]},{"@type":"ImageObject","inLanguage":"es","@id":"https:\/\/lapistaciclabili.it\/producto\/reductor-de-velocidad-para-ciclovias\/#primaryimage","url":"https:\/\/lapistaciclabili.it\/wp-content\/uploads\/2024\/06\/Producto-Ciclopistas-21.webp","contentUrl":"https:\/\/lapistaciclabili.it\/wp-content\/uploads\/2024\/06\/Producto-Ciclopistas-21.webp","width":1200,"height":1200,"caption":"Tope Reductor Disuasorio especial para ciclov\u00edas, carriles de metrobus o contraflujo. Dise\u00f1ado para proteger al peat\u00f3n y al ciclista."},{"@type":"BreadcrumbList","@id":"https:\/\/lapistaciclabili.it\/producto\/reductor-de-velocidad-para-ciclovias\/#breadcrumb","itemListElement":[{"@type":"ListItem","position":1,"name":"Inicio","item":"https:\/\/lapistaciclabili.it\/"},{"@type":"ListItem","position":2,"name":"Tienda","item":"https:\/\/lapistaciclabili.it\/tienda\/"},{"@type":"ListItem","position":3,"name":"Reductor de velocidad para ciclov\u00edas"}]},{"@type":"WebSite","@id":"https:\/\/lapistaciclabili.it\/#website","url":"https:\/\/lapistaciclabili.it\/","name":"lapistaciclabili.it","description":"","publisher":{"@id":"https:\/\/lapistaciclabili.it\/#organization"},"potentialAction":[{"@type":"SearchAction","target":{"@type":"EntryPoint","urlTemplate":"https:\/\/lapistaciclabili.it\/?s={search_term_string}"},"query-input":"required name=search_term_string"}],"inLanguage":"es"},{"@type":"Organization","@id":"https:\/\/lapistaciclabili.it\/#organization","name":"lapistaciclabili.it","url":"https:\/\/lapistaciclabili.it\/","logo":{"@type":"ImageObject","inLanguage":"es","@id":"https:\/\/lapistaciclabili.it\/#\/schema\/logo\/image\/","url":"https:\/\/lapistaciclabili.it\/wp-content\/uploads\/2024\/06\/lapistaciclabili.it_-1.png","contentUrl":"https:\/\/lapistaciclabili.it\/wp-content\/uploads\/2024\/06\/lapistaciclabili.it_-1.png","width":768,"height":220,"caption":"lapistaciclabili.it"},"image":{"@id":"https:\/\/lapistaciclabili.it\/#\/schema\/logo\/image\/"},"sameAs":["https:\/\/www.facebook.com\/multisenal\/","https:\/\/x.com\/multisenal","https:\/\/www.instagram.com\/multisenalmx\/","https:\/\/www.linkedin.com\/company\/multisenalmexico\/","https:\/\/www.youtube.com\/@multisenaloficial"]}]}},"_links":{"self":[{"href":"https:\/\/lapistaciclabili.it\/es\/wp-json\/wp\/v2\/product\/3746","targetHints":{"allow":["GET"]}}],"collection":[{"href":"https:\/\/lapistaciclabili.it\/es\/wp-json\/wp\/v2\/product"}],"about":[{"href":"https:\/\/lapistaciclabili.it\/es\/wp-json\/wp\/v2\/types\/product"}],"replies":[{"embeddable":true,"href":"https:\/\/lapistaciclabili.it\/es\/wp-json\/wp\/v2\/comments?post=3746"}],"wp:featuredmedia":[{"embeddable":true,"href":"https:\/\/lapistaciclabili.it\/es\/wp-json\/wp\/v2\/media\/3784"}],"wp:attachment":[{"href":"https:\/\/lapistaciclabili.it\/es\/wp-json\/wp\/v2\/media?parent=3746"}],"wp:term":[{"taxonomy":"product_cat","embeddable":true,"href":"https:\/\/lapistaciclabili.it\/es\/wp-json\/wp\/v2\/product_cat?post=3746"},{"taxonomy":"product_tag","embeddable":true,"href":"https:\/\/lapistaciclabili.it\/es\/wp-json\/wp\/v2\/product_tag?post=3746"}],"curies":[{"name":"wp","href":"https:\/\/api.w.org\/{rel}","templated":true}]}}