{"id":3745,"date":"2024-06-10T19:22:19","date_gmt":"2024-06-10T19:22:19","guid":{"rendered":"https:\/\/lapistaciclabili.it\/?post_type=product&#038;p=3745"},"modified":"2024-08-16T16:04:16","modified_gmt":"2024-08-16T16:04:16","slug":"paleta-canalizadora-poliflexy-70","status":"publish","type":"product","link":"https:\/\/lapistaciclabili.it\/es\/producto\/paleta-canalizadora-poliflexy-70\/","title":{"rendered":"Paleta Canalizadora Poliflexy 70"},"content":{"rendered":"<p style=\"font-weight: 400;\">Atr\u00e9vete a descubrir la Paleta Canalizadora Poliflexy 70, la soluci\u00f3n vers\u00e1til y segura para dirigir el tr\u00e1nsito y mantener seguras las ciclov\u00edas.<\/p>\n<p style=\"font-weight: 400;\"><strong>Funcionalidad esencial:<\/strong> Ideal para delimitar ciclopistas, dise\u00f1ado para asegurar carriles exclusivos ciclistas y reducir la velocidad de manera efectiva.<\/p>\n<p style=\"font-weight: 400;\"><strong>Construcci\u00f3n robusta<\/strong>: Fabricado en polietileno de alto peso molecular con paleta de Poliflexy\u00ae, suave al tacto y seguro para ciclistas y peatones.<\/p>\n<p style=\"font-weight: 400;\"><strong>Visibilidad y seguridad:<\/strong> Equipado con 3 c\u00edrculos reflectantes a cada lado, garantiza alta visibilidad tanto de d\u00eda como de noche, con protecci\u00f3n UV para durabilidad extensa.<\/p>\n<p style=\"font-weight: 400;\"><strong>Dise\u00f1o amigable:<\/strong> Sin aristas que puedan da\u00f1ar las bicicletas o sus neum\u00e1ticos, dise\u00f1ado para resistir impactos y ofrecer amortiguaci\u00f3n ante colisiones.<\/p>\n<p style=\"font-weight: 400;\"><strong>Opciones adaptables:<\/strong> Disponible en dos tama\u00f1os: 70 cm y 80 cm de largo, asegurando cobertura adecuada seg\u00fan tus necesidades espec\u00edficas.<\/p>\n<p style=\"font-weight: 400;\"><strong>F\u00e1cil de transportar:<\/strong> Ligero y f\u00e1cil de transportar gracias a su dise\u00f1o compacto, perfecto para proyectos ciclistas que requieran ser canalizados.<\/p>\n<p style=\"font-weight: 400;\">La Paleta Canalizadora Poliflexy 70 es m\u00e1s que un dispositivo de tr\u00e1nsito; es tu aliado para mantener la seguridad y el orden en las ciclopistas en cualquier zona.<\/p>\n<p style=\"font-weight: 400;\">Asegura la protecci\u00f3n de ciclistas y ciclopistas con estilo y eficiencia. Este dispositivo vial cuenta con la altura necesaria para ser vista desde cualquier \u00e1ngulo, pero sin interferir con la circulaci\u00f3n de autos o bicis. Fabricada en un resplandeciente color amarillo y naranja para garantizar su visibilidad donde sea.<\/p>\n<p style=\"font-weight: 400;\">Otorga una mayor seguridad a los ciclistas con todos los productos que tenemos para ti. Dispositivos fabricados especialmente para mantener la mayor protecci\u00f3n en las <a href=\"https:\/\/multisenal.com\/blog\/ciclopistas-2\/las-mejores-ciclovias-del-mundo\/\">ciclov\u00edas<\/a>.<\/p>\n<p style=\"font-weight: 400;\">Conoce el cat\u00e1logo completo <a href=\"https:\/\/lapistaciclabili.it\/productos-ciclovias\/\">aqu\u00ed<\/a> y elige las herramientas viales que m\u00e1s necesites para un mejor flujo de automovilistas y ciclistas.<\/p>\n<p style=\"font-weight: 400;\"><strong>\ud83d\udeb4\u200d\u2640\ufe0fMEDIDAS Y COLORES\ud83d\udeb4\u200d\u2640\ufe0f<\/strong><\/p>\n<p>Largo: 68.5 cm<br \/>\nAlto: 40.0 cm<br \/>\nAncho: 16.0 cm<\/p>\n<p>Color Canalizador: Amarillo<br \/>\nColor Paleta: Naranja<br \/>\nReflejantes: Blanco y \u00c1mbar.<\/p>\n<p>*Otros colores sobre pedido m\u00ednimo de 200 pz.<\/p>\n","protected":false},"excerpt":{"rendered":"<p><strong>Nombre del producto: Paleta Canalizadora Poliflexy<\/strong><\/p>\n<p><strong>C\u00f3digo: PCP-70<\/strong><\/p>\n<table>\n<tbody>\n<tr>\n<td style=\"text-align: center;\"><strong>ESPA\u00d1OL<\/strong><\/td>\n<td style=\"text-align: center;\"><strong>INGL\u00c9S<\/strong><\/td>\n<td style=\"text-align: center;\"><strong>MODELO 3D<\/strong><\/td>\n<\/tr>\n<tr>\n<td><a href=\"https:\/\/multisenal.com.mx\/FichasTecnicas\/Paleta-Canalizadora-PCP-70-80-ES.pdf\"><img decoding=\"async\" class=\"wp-image-5524 aligncenter\" src=\"https:\/\/lapistaciclabili.it\/wp-content\/uploads\/2024\/06\/img-pdf-ciclopistas.webp\" alt=\"\" width=\"49\" height=\"49\" \/><\/a><\/td>\n<td><a href=\"https:\/\/multisenal.com.mx\/FichasTecnicas\/Paleta-Canalizadora-PCP-70-80-EN.pdf\"><img decoding=\"async\" class=\"wp-image-5524 aligncenter\" src=\"https:\/\/lapistaciclabili.it\/wp-content\/uploads\/2024\/06\/img-pdf-ciclopistas.webp\" alt=\"\" width=\"49\" height=\"49\" \/><\/a><\/td>\n<td><a href=\"https:\/\/lapistaciclabili.it\/renders\/canalizador-pcp-70-modelo-360\/\"><img decoding=\"async\" class=\"wp-image-5524 aligncenter\" src=\"https:\/\/lapistaciclabili.it\/wp-content\/uploads\/2024\/06\/img-modelo3D.webp\" alt=\"\" width=\"49\" height=\"49\" \/><\/a><\/td>\n<\/tr>\n<\/tbody>\n<\/table>\n","protected":false},"featured_media":3783,"comment_status":"open","ping_status":"closed","template":"","meta":[],"product_cat":[21],"product_tag":[],"class_list":{"0":"post-3745","1":"product","2":"type-product","3":"status-publish","4":"has-post-thumbnail","6":"product_cat-delimitadores-viales","8":"first","9":"instock","10":"shipping-taxable","11":"product-type-simple"},"yoast_head":"<!-- This site is optimized with the Yoast SEO Premium plugin v22.3 (Yoast SEO v23.0) - https:\/\/yoast.com\/wordpress\/plugins\/seo\/ -->\n<title>Paleta Canalizadora Poliflexy 70 - lapistaciclabili.it<\/title>\n<meta name=\"description\" content=\"La Paleta Canalizadora Poliflexy 70 es una excelente opci\u00f3n para canalizar carriles de contraflujo, desviaciones o, mejor a\u00fan, ciclov\u00edas.\" \/>\n<meta name=\"robots\" content=\"index, follow, max-snippet:-1, max-image-preview:large, max-video-preview:-1\" \/>\n<link rel=\"canonical\" href=\"https:\/\/lapistaciclabili.it\/es\/en\/?post_type=product&p=6591\" \/>\n<meta property=\"og:locale\" content=\"es_ES\" \/>\n<meta property=\"og:type\" content=\"article\" \/>\n<meta property=\"og:title\" content=\"Paleta Canalizadora Poliflexy 70\" \/>\n<meta property=\"og:description\" content=\"La Paleta Canalizadora Poliflexy 70 es una excelente opci\u00f3n para canalizar carriles de contraflujo, desviaciones o, mejor a\u00fan, ciclov\u00edas.\" \/>\n<meta property=\"og:url\" content=\"https:\/\/lapistaciclabili.it\/en\/?post_type=product&amp;p=6591\" \/>\n<meta property=\"og:site_name\" content=\"lapistaciclabili.it\" \/>\n<meta property=\"article:publisher\" content=\"https:\/\/www.facebook.com\/multisenal\/\" \/>\n<meta property=\"article:modified_time\" content=\"2024-08-16T16:04:16+00:00\" \/>\n<meta property=\"og:image\" content=\"https:\/\/lapistaciclabili.it\/wp-content\/uploads\/2024\/06\/Producto-Ciclopistas-23.webp\" \/>\n\t<meta property=\"og:image:width\" content=\"1200\" \/>\n\t<meta property=\"og:image:height\" content=\"1200\" \/>\n\t<meta property=\"og:image:type\" content=\"image\/webp\" \/>\n<meta name=\"twitter:card\" content=\"summary_large_image\" \/>\n<meta name=\"twitter:site\" content=\"@multisenal\" \/>\n<meta name=\"twitter:label1\" content=\"Tiempo de lectura\" \/>\n\t<meta name=\"twitter:data1\" content=\"2 minutos\" \/>\n<script type=\"application\/ld+json\" class=\"yoast-schema-graph\">{\"@context\":\"https:\/\/schema.org\",\"@graph\":[{\"@type\":\"WebPage\",\"@id\":\"https:\/\/lapistaciclabili.it\/en\/?post_type=product&p=6591\",\"url\":\"https:\/\/lapistaciclabili.it\/en\/?post_type=product&p=6591\",\"name\":\"Paleta Canalizadora Poliflexy 70 - lapistaciclabili.it\",\"isPartOf\":{\"@id\":\"https:\/\/lapistaciclabili.it\/#website\"},\"primaryImageOfPage\":{\"@id\":\"https:\/\/lapistaciclabili.it\/en\/?post_type=product&p=6591#primaryimage\"},\"image\":{\"@id\":\"https:\/\/lapistaciclabili.it\/en\/?post_type=product&p=6591#primaryimage\"},\"thumbnailUrl\":\"https:\/\/lapistaciclabili.it\/wp-content\/uploads\/2024\/06\/Producto-Ciclopistas-23.webp\",\"datePublished\":\"2024-06-10T19:22:19+00:00\",\"dateModified\":\"2024-08-16T16:04:16+00:00\",\"description\":\"La Paleta Canalizadora Poliflexy 70 es una excelente opci\u00f3n para canalizar carriles de contraflujo, desviaciones o, mejor a\u00fan, ciclov\u00edas.\",\"breadcrumb\":{\"@id\":\"https:\/\/lapistaciclabili.it\/en\/?post_type=product&p=6591#breadcrumb\"},\"inLanguage\":\"es\",\"potentialAction\":[{\"@type\":\"ReadAction\",\"target\":[\"https:\/\/lapistaciclabili.it\/en\/?post_type=product&p=6591\"]}]},{\"@type\":\"ImageObject\",\"inLanguage\":\"es\",\"@id\":\"https:\/\/lapistaciclabili.it\/en\/?post_type=product&p=6591#primaryimage\",\"url\":\"https:\/\/lapistaciclabili.it\/wp-content\/uploads\/2024\/06\/Producto-Ciclopistas-23.webp\",\"contentUrl\":\"https:\/\/lapistaciclabili.it\/wp-content\/uploads\/2024\/06\/Producto-Ciclopistas-23.webp\",\"width\":1200,\"height\":1200,\"caption\":\"La Paleta Canalizadora Poliflexy 70 es una excelente opci\u00f3n para canalizar carriles de contraflujo, desviaciones o, mejor a\u00fan, ciclov\u00edas.\"},{\"@type\":\"BreadcrumbList\",\"@id\":\"https:\/\/lapistaciclabili.it\/en\/?post_type=product&p=6591#breadcrumb\",\"itemListElement\":[{\"@type\":\"ListItem\",\"position\":1,\"name\":\"Inicio\",\"item\":\"https:\/\/lapistaciclabili.it\/\"},{\"@type\":\"ListItem\",\"position\":2,\"name\":\"Tienda\",\"item\":\"https:\/\/lapistaciclabili.it\/tienda\/\"},{\"@type\":\"ListItem\",\"position\":3,\"name\":\"Paleta Canalizadora Poliflexy 70\"}]},{\"@type\":\"WebSite\",\"@id\":\"https:\/\/lapistaciclabili.it\/#website\",\"url\":\"https:\/\/lapistaciclabili.it\/\",\"name\":\"lapistaciclabili.it\",\"description\":\"\",\"publisher\":{\"@id\":\"https:\/\/lapistaciclabili.it\/#organization\"},\"potentialAction\":[{\"@type\":\"SearchAction\",\"target\":{\"@type\":\"EntryPoint\",\"urlTemplate\":\"https:\/\/lapistaciclabili.it\/?s={search_term_string}\"},\"query-input\":\"required name=search_term_string\"}],\"inLanguage\":\"es\"},{\"@type\":\"Organization\",\"@id\":\"https:\/\/lapistaciclabili.it\/#organization\",\"name\":\"lapistaciclabili.it\",\"url\":\"https:\/\/lapistaciclabili.it\/\",\"logo\":{\"@type\":\"ImageObject\",\"inLanguage\":\"es\",\"@id\":\"https:\/\/lapistaciclabili.it\/#\/schema\/logo\/image\/\",\"url\":\"https:\/\/lapistaciclabili.it\/wp-content\/uploads\/2024\/06\/lapistaciclabili.it_-1.png\",\"contentUrl\":\"https:\/\/lapistaciclabili.it\/wp-content\/uploads\/2024\/06\/lapistaciclabili.it_-1.png\",\"width\":768,\"height\":220,\"caption\":\"lapistaciclabili.it\"},\"image\":{\"@id\":\"https:\/\/lapistaciclabili.it\/#\/schema\/logo\/image\/\"},\"sameAs\":[\"https:\/\/www.facebook.com\/multisenal\/\",\"https:\/\/x.com\/multisenal\",\"https:\/\/www.instagram.com\/multisenalmx\/\",\"https:\/\/www.linkedin.com\/company\/multisenalmexico\/\",\"https:\/\/www.youtube.com\/@multisenaloficial\"]}]}<\/script>\n<!-- \/ Yoast SEO Premium plugin. -->","yoast_head_json":{"title":"Paleta Canalizadora Poliflexy 70 - lapistaciclabili.it","description":"La Paleta Canalizadora Poliflexy 70 es una excelente opci\u00f3n para canalizar carriles de contraflujo, desviaciones o, mejor a\u00fan, ciclov\u00edas.","robots":{"index":"index","follow":"follow","max-snippet":"max-snippet:-1","max-image-preview":"max-image-preview:large","max-video-preview":"max-video-preview:-1"},"canonical":"https:\/\/lapistaciclabili.it\/es\/en\/?post_type=product&p=6591","og_locale":"es_ES","og_type":"article","og_title":"Paleta Canalizadora Poliflexy 70","og_description":"La Paleta Canalizadora Poliflexy 70 es una excelente opci\u00f3n para canalizar carriles de contraflujo, desviaciones o, mejor a\u00fan, ciclov\u00edas.","og_url":"https:\/\/lapistaciclabili.it\/en\/?post_type=product&p=6591","og_site_name":"lapistaciclabili.it","article_publisher":"https:\/\/www.facebook.com\/multisenal\/","article_modified_time":"2024-08-16T16:04:16+00:00","og_image":[{"width":1200,"height":1200,"url":"https:\/\/lapistaciclabili.it\/wp-content\/uploads\/2024\/06\/Producto-Ciclopistas-23.webp","type":"image\/webp"}],"twitter_card":"summary_large_image","twitter_site":"@multisenal","twitter_misc":{"Tiempo de lectura":"2 minutos"},"schema":{"@context":"https:\/\/schema.org","@graph":[{"@type":"WebPage","@id":"https:\/\/lapistaciclabili.it\/en\/?post_type=product&p=6591","url":"https:\/\/lapistaciclabili.it\/en\/?post_type=product&p=6591","name":"Paleta Canalizadora Poliflexy 70 - lapistaciclabili.it","isPartOf":{"@id":"https:\/\/lapistaciclabili.it\/#website"},"primaryImageOfPage":{"@id":"https:\/\/lapistaciclabili.it\/en\/?post_type=product&p=6591#primaryimage"},"image":{"@id":"https:\/\/lapistaciclabili.it\/en\/?post_type=product&p=6591#primaryimage"},"thumbnailUrl":"https:\/\/lapistaciclabili.it\/wp-content\/uploads\/2024\/06\/Producto-Ciclopistas-23.webp","datePublished":"2024-06-10T19:22:19+00:00","dateModified":"2024-08-16T16:04:16+00:00","description":"La Paleta Canalizadora Poliflexy 70 es una excelente opci\u00f3n para canalizar carriles de contraflujo, desviaciones o, mejor a\u00fan, ciclov\u00edas.","breadcrumb":{"@id":"https:\/\/lapistaciclabili.it\/en\/?post_type=product&p=6591#breadcrumb"},"inLanguage":"es","potentialAction":[{"@type":"ReadAction","target":["https:\/\/lapistaciclabili.it\/en\/?post_type=product&p=6591"]}]},{"@type":"ImageObject","inLanguage":"es","@id":"https:\/\/lapistaciclabili.it\/en\/?post_type=product&p=6591#primaryimage","url":"https:\/\/lapistaciclabili.it\/wp-content\/uploads\/2024\/06\/Producto-Ciclopistas-23.webp","contentUrl":"https:\/\/lapistaciclabili.it\/wp-content\/uploads\/2024\/06\/Producto-Ciclopistas-23.webp","width":1200,"height":1200,"caption":"La Paleta Canalizadora Poliflexy 70 es una excelente opci\u00f3n para canalizar carriles de contraflujo, desviaciones o, mejor a\u00fan, ciclov\u00edas."},{"@type":"BreadcrumbList","@id":"https:\/\/lapistaciclabili.it\/en\/?post_type=product&p=6591#breadcrumb","itemListElement":[{"@type":"ListItem","position":1,"name":"Inicio","item":"https:\/\/lapistaciclabili.it\/"},{"@type":"ListItem","position":2,"name":"Tienda","item":"https:\/\/lapistaciclabili.it\/tienda\/"},{"@type":"ListItem","position":3,"name":"Paleta Canalizadora Poliflexy 70"}]},{"@type":"WebSite","@id":"https:\/\/lapistaciclabili.it\/#website","url":"https:\/\/lapistaciclabili.it\/","name":"lapistaciclabili.it","description":"","publisher":{"@id":"https:\/\/lapistaciclabili.it\/#organization"},"potentialAction":[{"@type":"SearchAction","target":{"@type":"EntryPoint","urlTemplate":"https:\/\/lapistaciclabili.it\/?s={search_term_string}"},"query-input":"required name=search_term_string"}],"inLanguage":"es"},{"@type":"Organization","@id":"https:\/\/lapistaciclabili.it\/#organization","name":"lapistaciclabili.it","url":"https:\/\/lapistaciclabili.it\/","logo":{"@type":"ImageObject","inLanguage":"es","@id":"https:\/\/lapistaciclabili.it\/#\/schema\/logo\/image\/","url":"https:\/\/lapistaciclabili.it\/wp-content\/uploads\/2024\/06\/lapistaciclabili.it_-1.png","contentUrl":"https:\/\/lapistaciclabili.it\/wp-content\/uploads\/2024\/06\/lapistaciclabili.it_-1.png","width":768,"height":220,"caption":"lapistaciclabili.it"},"image":{"@id":"https:\/\/lapistaciclabili.it\/#\/schema\/logo\/image\/"},"sameAs":["https:\/\/www.facebook.com\/multisenal\/","https:\/\/x.com\/multisenal","https:\/\/www.instagram.com\/multisenalmx\/","https:\/\/www.linkedin.com\/company\/multisenalmexico\/","https:\/\/www.youtube.com\/@multisenaloficial"]}]}},"_links":{"self":[{"href":"https:\/\/lapistaciclabili.it\/es\/wp-json\/wp\/v2\/product\/3745","targetHints":{"allow":["GET"]}}],"collection":[{"href":"https:\/\/lapistaciclabili.it\/es\/wp-json\/wp\/v2\/product"}],"about":[{"href":"https:\/\/lapistaciclabili.it\/es\/wp-json\/wp\/v2\/types\/product"}],"replies":[{"embeddable":true,"href":"https:\/\/lapistaciclabili.it\/es\/wp-json\/wp\/v2\/comments?post=3745"}],"wp:featuredmedia":[{"embeddable":true,"href":"https:\/\/lapistaciclabili.it\/es\/wp-json\/wp\/v2\/media\/3783"}],"wp:attachment":[{"href":"https:\/\/lapistaciclabili.it\/es\/wp-json\/wp\/v2\/media?parent=3745"}],"wp:term":[{"taxonomy":"product_cat","embeddable":true,"href":"https:\/\/lapistaciclabili.it\/es\/wp-json\/wp\/v2\/product_cat?post=3745"},{"taxonomy":"product_tag","embeddable":true,"href":"https:\/\/lapistaciclabili.it\/es\/wp-json\/wp\/v2\/product_tag?post=3745"}],"curies":[{"name":"wp","href":"https:\/\/api.w.org\/{rel}","templated":true}]}}