{"id":3744,"date":"2024-06-10T19:22:19","date_gmt":"2024-06-10T19:22:19","guid":{"rendered":"https:\/\/lapistaciclabili.it\/?post_type=product&#038;p=3744"},"modified":"2024-08-16T15:34:05","modified_gmt":"2024-08-16T15:34:05","slug":"paleta-canalizadora-poliflexy-80","status":"publish","type":"product","link":"https:\/\/lapistaciclabili.it\/es\/producto\/paleta-canalizadora-poliflexy-80\/","title":{"rendered":"Paleta Canalizadora Poliflexy 80"},"content":{"rendered":"<p style=\"font-weight: 400;\">En las ciclopistas de nuestras ciudades, la seguridad es fundamental, por ello, no puede faltar la implementaci\u00f3n de la Paleta Canalizadora Poliflexy 80, dise\u00f1ada espec\u00edficamente para asegurar y definir carriles exclusivos para los usuarios de bicicletas, as\u00ed como dirigir el tr\u00e1fico ciclista de manera efectiva.<\/p>\n<p style=\"font-weight: 400;\"><strong>Caracter\u00edsticas destacadas:<\/strong><\/p>\n<ul>\n<li style=\"font-weight: 400;\">Alta visibilidad y seguridad: Equipada con leng\u00fcetas flexibles de Poliflexy y reflectantes estrat\u00e9gicamente colocados, esta Paleta Canalizadora Poliflexy 80 garantiza una visibilidad \u00f3ptima tanto de d\u00eda como de noche, reduciendo el riesgo de invasiones no deseadas en carriles exclusivos para ciclistas.<\/li>\n<li style=\"font-weight: 400;\">Dise\u00f1o\u00a0robusto y\u00a0vers\u00e1til: Su leng\u00fceta retr\u00e1ctil y sistema de autorrecuperaci\u00f3n por impactos la\u00a0hacen ideal para dirigir desv\u00edos temporales y contraflujos, asegurando que los conductores respeten las \u00e1reas designadas.<\/li>\n<li style=\"font-weight: 400;\">Materiales\u00a0premium: Fabricado en polietileno de alta densidad,\u00a0la Paleta\u00a0Canalizadora\u00a0Poliflexy\u00a080\u00a0es resistente a los impactos y cuenta con una superficie antideslizante que amortigua golpes, protegiendo tanto a los veh\u00edculos como a los ciclistas.<\/li>\n<li style=\"font-weight: 400;\">Pr\u00e1ctica y funcional: Con su dise\u00f1o ligero y sin aristas, es f\u00e1cil de transportar y no causa da\u00f1os durante su instalaci\u00f3n o manipulaci\u00f3n.<\/li>\n<li style=\"font-weight: 400;\">Adaptable a\u00a0diferentes\u00a0necesidades: Disponible en dos tama\u00f1os (70 cm y 80 cm de largo), y puede ser instalado de manera segura con anclas que se pueden asegurar con resina ep\u00f3xica para una sujeci\u00f3n a\u00fan m\u00e1s robusta.<\/li>\n<\/ul>\n<p style=\"font-weight: 400;\"><strong>Ideal para:<\/strong><\/p>\n<ul>\n<li style=\"font-weight: 400;\">Ciclov\u00edas en avenidas con tr\u00e1fico intenso.<\/li>\n<li style=\"font-weight: 400;\">Sectores viales que necesiten protecci\u00f3n adicional para ciclistas.<\/li>\n<\/ul>\n<p style=\"font-weight: 400;\">Asegura la eficiencia y seguridad en tus proyectos ciclistas con el Canalizador Poliflexy. \u00a1No comprometas la seguridad de los conductores de bicis, elige calidad y confianza en cada trayecto!<\/p>\n<p style=\"font-weight: 400;\"><strong>\ud83d\udeb4\u200d\u2640\ufe0f MEDIDAS Y COLORES \ud83d\udeb4\u200d\u2640\ufe0f<\/strong><\/p>\n<p>Largo: 81.5 cm.<br \/>\nAlto: 40.0 cm.<br \/>\nAncho: 16.3 cm.<\/p>\n<p>Color Canalizador: Amarillo<br \/>\nColor Paleta: Naranja<br \/>\nReflejantes: Blanco y \u00c1mbar<\/p>\n<p>* Otros colores sobre pedido m\u00ednimo de 200 pz<br \/>\nRevisa nuestro <a href=\"https:\/\/lapistaciclabili.it\/productos-ciclovias\/\">cat\u00e1logo completo<\/a> para conocer todos los productos para <a href=\"https:\/\/multisenal.com.mx\/blog\/infraestructura-y-equipamiento-ciclista-que-es\/\">infraestructura ciclista<\/a> que tenemos para ti.<\/p>\n","protected":false},"excerpt":{"rendered":"<p><strong>Nombre del producto: Paleta Canalizadora Poliflexy \u2013 80<\/strong><\/p>\n<p><strong>C\u00f3digo: PCP-80<\/strong><\/p>\n<table>\n<tbody>\n<tr>\n<td style=\"text-align: center;\"><strong>ESPA\u00d1OL<\/strong><\/td>\n<td style=\"text-align: center;\"><strong>INGL\u00c9S<\/strong><\/td>\n<td style=\"text-align: center;\"><strong>MODELO 3D<\/strong><\/td>\n<\/tr>\n<tr>\n<td><a href=\"https:\/\/multisenal.com.mx\/FichasTecnicas\/Paleta-Canalizadora-PCP-70-80-ES.pdf\"><img decoding=\"async\" class=\"wp-image-5524 aligncenter\" src=\"https:\/\/lapistaciclabili.it\/wp-content\/uploads\/2024\/06\/img-pdf-ciclopistas.webp\" alt=\"\" width=\"49\" height=\"49\" \/><\/a><\/td>\n<td><a href=\"https:\/\/multisenal.com.mx\/FichasTecnicas\/Paleta-Canalizadora-PCP-70-80-EN.pdf\"><img decoding=\"async\" class=\"wp-image-5524 aligncenter\" src=\"https:\/\/lapistaciclabili.it\/wp-content\/uploads\/2024\/06\/img-pdf-ciclopistas.webp\" alt=\"\" width=\"49\" height=\"49\" \/><\/a><\/td>\n<td><a href=\"https:\/\/lapistaciclabili.it\/renders\/canalizador-pcp-80-modelo-360\/\"><img decoding=\"async\" class=\"wp-image-5524 aligncenter\" src=\"https:\/\/lapistaciclabili.it\/wp-content\/uploads\/2024\/06\/img-modelo3D.webp\" alt=\"\" width=\"49\" height=\"49\" \/><\/a><\/td>\n<\/tr>\n<\/tbody>\n<\/table>\n","protected":false},"featured_media":3777,"comment_status":"open","ping_status":"closed","template":"","meta":[],"product_cat":[21],"product_tag":[],"class_list":{"0":"post-3744","1":"product","2":"type-product","3":"status-publish","4":"has-post-thumbnail","6":"product_cat-delimitadores-viales","8":"first","9":"instock","10":"shipping-taxable","11":"product-type-simple"},"yoast_head":"<!-- This site is optimized with the Yoast SEO Premium plugin v22.3 (Yoast SEO v23.0) - https:\/\/yoast.com\/wordpress\/plugins\/seo\/ -->\n<title>Paleta Canalizadora Poliflexy 80 - lapistaciclabili.it<\/title>\n<meta name=\"description\" content=\"Paleta\u00a0Canalizadora\u00a0Poliflexy\u00a080, el dispositivo id\u00f3neo para delimitar carriles exclusivos, amigable con autos y bicicletas al no causarles da\u00f1o.\" \/>\n<meta name=\"robots\" content=\"index, follow, max-snippet:-1, max-image-preview:large, max-video-preview:-1\" \/>\n<link rel=\"canonical\" href=\"https:\/\/lapistaciclabili.it\/es\/en\/?post_type=product&p=6592\" \/>\n<meta property=\"og:locale\" content=\"es_ES\" \/>\n<meta property=\"og:type\" content=\"article\" \/>\n<meta property=\"og:title\" content=\"Paleta Canalizadora Poliflexy 80\" \/>\n<meta property=\"og:description\" content=\"Paleta\u00a0Canalizadora\u00a0Poliflexy\u00a080, el dispositivo id\u00f3neo para delimitar carriles exclusivos, amigable con autos y bicicletas al no causarles da\u00f1o.\" \/>\n<meta property=\"og:url\" content=\"https:\/\/lapistaciclabili.it\/en\/?post_type=product&amp;p=6592\" \/>\n<meta property=\"og:site_name\" content=\"lapistaciclabili.it\" \/>\n<meta property=\"article:publisher\" content=\"https:\/\/www.facebook.com\/multisenal\/\" \/>\n<meta property=\"article:modified_time\" content=\"2024-08-16T15:34:05+00:00\" \/>\n<meta property=\"og:image\" content=\"https:\/\/lapistaciclabili.it\/wp-content\/uploads\/2024\/06\/Producto-Ciclopistas-24.webp\" \/>\n\t<meta property=\"og:image:width\" content=\"1200\" \/>\n\t<meta property=\"og:image:height\" content=\"1200\" \/>\n\t<meta property=\"og:image:type\" content=\"image\/webp\" \/>\n<meta name=\"twitter:card\" content=\"summary_large_image\" \/>\n<meta name=\"twitter:site\" content=\"@multisenal\" \/>\n<meta name=\"twitter:label1\" content=\"Tiempo de lectura\" \/>\n\t<meta name=\"twitter:data1\" content=\"2 minutos\" \/>\n<script type=\"application\/ld+json\" class=\"yoast-schema-graph\">{\"@context\":\"https:\/\/schema.org\",\"@graph\":[{\"@type\":\"WebPage\",\"@id\":\"https:\/\/lapistaciclabili.it\/en\/?post_type=product&p=6592\",\"url\":\"https:\/\/lapistaciclabili.it\/en\/?post_type=product&p=6592\",\"name\":\"Paleta Canalizadora Poliflexy 80 - lapistaciclabili.it\",\"isPartOf\":{\"@id\":\"https:\/\/lapistaciclabili.it\/#website\"},\"primaryImageOfPage\":{\"@id\":\"https:\/\/lapistaciclabili.it\/en\/?post_type=product&p=6592#primaryimage\"},\"image\":{\"@id\":\"https:\/\/lapistaciclabili.it\/en\/?post_type=product&p=6592#primaryimage\"},\"thumbnailUrl\":\"https:\/\/lapistaciclabili.it\/wp-content\/uploads\/2024\/06\/Producto-Ciclopistas-24.webp\",\"datePublished\":\"2024-06-10T19:22:19+00:00\",\"dateModified\":\"2024-08-16T15:34:05+00:00\",\"description\":\"Paleta\u00a0Canalizadora\u00a0Poliflexy\u00a080, el dispositivo id\u00f3neo para delimitar carriles exclusivos, amigable con autos y bicicletas al no causarles da\u00f1o.\",\"breadcrumb\":{\"@id\":\"https:\/\/lapistaciclabili.it\/en\/?post_type=product&p=6592#breadcrumb\"},\"inLanguage\":\"es\",\"potentialAction\":[{\"@type\":\"ReadAction\",\"target\":[\"https:\/\/lapistaciclabili.it\/en\/?post_type=product&p=6592\"]}]},{\"@type\":\"ImageObject\",\"inLanguage\":\"es\",\"@id\":\"https:\/\/lapistaciclabili.it\/en\/?post_type=product&p=6592#primaryimage\",\"url\":\"https:\/\/lapistaciclabili.it\/wp-content\/uploads\/2024\/06\/Producto-Ciclopistas-24.webp\",\"contentUrl\":\"https:\/\/lapistaciclabili.it\/wp-content\/uploads\/2024\/06\/Producto-Ciclopistas-24.webp\",\"width\":1200,\"height\":1200,\"caption\":\"Paleta\u00a0Canalizadora\u00a0Poliflexy\u00a080, el dispositivo id\u00f3neo para delimitar carriles exclusivos, amigable con autos y bicicletas al no causarles da\u00f1o.\"},{\"@type\":\"BreadcrumbList\",\"@id\":\"https:\/\/lapistaciclabili.it\/en\/?post_type=product&p=6592#breadcrumb\",\"itemListElement\":[{\"@type\":\"ListItem\",\"position\":1,\"name\":\"Inicio\",\"item\":\"https:\/\/lapistaciclabili.it\/\"},{\"@type\":\"ListItem\",\"position\":2,\"name\":\"Tienda\",\"item\":\"https:\/\/lapistaciclabili.it\/tienda\/\"},{\"@type\":\"ListItem\",\"position\":3,\"name\":\"Paleta Canalizadora Poliflexy 80\"}]},{\"@type\":\"WebSite\",\"@id\":\"https:\/\/lapistaciclabili.it\/#website\",\"url\":\"https:\/\/lapistaciclabili.it\/\",\"name\":\"lapistaciclabili.it\",\"description\":\"\",\"publisher\":{\"@id\":\"https:\/\/lapistaciclabili.it\/#organization\"},\"potentialAction\":[{\"@type\":\"SearchAction\",\"target\":{\"@type\":\"EntryPoint\",\"urlTemplate\":\"https:\/\/lapistaciclabili.it\/?s={search_term_string}\"},\"query-input\":\"required name=search_term_string\"}],\"inLanguage\":\"es\"},{\"@type\":\"Organization\",\"@id\":\"https:\/\/lapistaciclabili.it\/#organization\",\"name\":\"lapistaciclabili.it\",\"url\":\"https:\/\/lapistaciclabili.it\/\",\"logo\":{\"@type\":\"ImageObject\",\"inLanguage\":\"es\",\"@id\":\"https:\/\/lapistaciclabili.it\/#\/schema\/logo\/image\/\",\"url\":\"https:\/\/lapistaciclabili.it\/wp-content\/uploads\/2024\/06\/lapistaciclabili.it_-1.png\",\"contentUrl\":\"https:\/\/lapistaciclabili.it\/wp-content\/uploads\/2024\/06\/lapistaciclabili.it_-1.png\",\"width\":768,\"height\":220,\"caption\":\"lapistaciclabili.it\"},\"image\":{\"@id\":\"https:\/\/lapistaciclabili.it\/#\/schema\/logo\/image\/\"},\"sameAs\":[\"https:\/\/www.facebook.com\/multisenal\/\",\"https:\/\/x.com\/multisenal\",\"https:\/\/www.instagram.com\/multisenalmx\/\",\"https:\/\/www.linkedin.com\/company\/multisenalmexico\/\",\"https:\/\/www.youtube.com\/@multisenaloficial\"]}]}<\/script>\n<!-- \/ Yoast SEO Premium plugin. -->","yoast_head_json":{"title":"Paleta Canalizadora Poliflexy 80 - lapistaciclabili.it","description":"Paleta\u00a0Canalizadora\u00a0Poliflexy\u00a080, el dispositivo id\u00f3neo para delimitar carriles exclusivos, amigable con autos y bicicletas al no causarles da\u00f1o.","robots":{"index":"index","follow":"follow","max-snippet":"max-snippet:-1","max-image-preview":"max-image-preview:large","max-video-preview":"max-video-preview:-1"},"canonical":"https:\/\/lapistaciclabili.it\/es\/en\/?post_type=product&p=6592","og_locale":"es_ES","og_type":"article","og_title":"Paleta Canalizadora Poliflexy 80","og_description":"Paleta\u00a0Canalizadora\u00a0Poliflexy\u00a080, el dispositivo id\u00f3neo para delimitar carriles exclusivos, amigable con autos y bicicletas al no causarles da\u00f1o.","og_url":"https:\/\/lapistaciclabili.it\/en\/?post_type=product&p=6592","og_site_name":"lapistaciclabili.it","article_publisher":"https:\/\/www.facebook.com\/multisenal\/","article_modified_time":"2024-08-16T15:34:05+00:00","og_image":[{"width":1200,"height":1200,"url":"https:\/\/lapistaciclabili.it\/wp-content\/uploads\/2024\/06\/Producto-Ciclopistas-24.webp","type":"image\/webp"}],"twitter_card":"summary_large_image","twitter_site":"@multisenal","twitter_misc":{"Tiempo de lectura":"2 minutos"},"schema":{"@context":"https:\/\/schema.org","@graph":[{"@type":"WebPage","@id":"https:\/\/lapistaciclabili.it\/en\/?post_type=product&p=6592","url":"https:\/\/lapistaciclabili.it\/en\/?post_type=product&p=6592","name":"Paleta Canalizadora Poliflexy 80 - lapistaciclabili.it","isPartOf":{"@id":"https:\/\/lapistaciclabili.it\/#website"},"primaryImageOfPage":{"@id":"https:\/\/lapistaciclabili.it\/en\/?post_type=product&p=6592#primaryimage"},"image":{"@id":"https:\/\/lapistaciclabili.it\/en\/?post_type=product&p=6592#primaryimage"},"thumbnailUrl":"https:\/\/lapistaciclabili.it\/wp-content\/uploads\/2024\/06\/Producto-Ciclopistas-24.webp","datePublished":"2024-06-10T19:22:19+00:00","dateModified":"2024-08-16T15:34:05+00:00","description":"Paleta\u00a0Canalizadora\u00a0Poliflexy\u00a080, el dispositivo id\u00f3neo para delimitar carriles exclusivos, amigable con autos y bicicletas al no causarles da\u00f1o.","breadcrumb":{"@id":"https:\/\/lapistaciclabili.it\/en\/?post_type=product&p=6592#breadcrumb"},"inLanguage":"es","potentialAction":[{"@type":"ReadAction","target":["https:\/\/lapistaciclabili.it\/en\/?post_type=product&p=6592"]}]},{"@type":"ImageObject","inLanguage":"es","@id":"https:\/\/lapistaciclabili.it\/en\/?post_type=product&p=6592#primaryimage","url":"https:\/\/lapistaciclabili.it\/wp-content\/uploads\/2024\/06\/Producto-Ciclopistas-24.webp","contentUrl":"https:\/\/lapistaciclabili.it\/wp-content\/uploads\/2024\/06\/Producto-Ciclopistas-24.webp","width":1200,"height":1200,"caption":"Paleta\u00a0Canalizadora\u00a0Poliflexy\u00a080, el dispositivo id\u00f3neo para delimitar carriles exclusivos, amigable con autos y bicicletas al no causarles da\u00f1o."},{"@type":"BreadcrumbList","@id":"https:\/\/lapistaciclabili.it\/en\/?post_type=product&p=6592#breadcrumb","itemListElement":[{"@type":"ListItem","position":1,"name":"Inicio","item":"https:\/\/lapistaciclabili.it\/"},{"@type":"ListItem","position":2,"name":"Tienda","item":"https:\/\/lapistaciclabili.it\/tienda\/"},{"@type":"ListItem","position":3,"name":"Paleta Canalizadora Poliflexy 80"}]},{"@type":"WebSite","@id":"https:\/\/lapistaciclabili.it\/#website","url":"https:\/\/lapistaciclabili.it\/","name":"lapistaciclabili.it","description":"","publisher":{"@id":"https:\/\/lapistaciclabili.it\/#organization"},"potentialAction":[{"@type":"SearchAction","target":{"@type":"EntryPoint","urlTemplate":"https:\/\/lapistaciclabili.it\/?s={search_term_string}"},"query-input":"required name=search_term_string"}],"inLanguage":"es"},{"@type":"Organization","@id":"https:\/\/lapistaciclabili.it\/#organization","name":"lapistaciclabili.it","url":"https:\/\/lapistaciclabili.it\/","logo":{"@type":"ImageObject","inLanguage":"es","@id":"https:\/\/lapistaciclabili.it\/#\/schema\/logo\/image\/","url":"https:\/\/lapistaciclabili.it\/wp-content\/uploads\/2024\/06\/lapistaciclabili.it_-1.png","contentUrl":"https:\/\/lapistaciclabili.it\/wp-content\/uploads\/2024\/06\/lapistaciclabili.it_-1.png","width":768,"height":220,"caption":"lapistaciclabili.it"},"image":{"@id":"https:\/\/lapistaciclabili.it\/#\/schema\/logo\/image\/"},"sameAs":["https:\/\/www.facebook.com\/multisenal\/","https:\/\/x.com\/multisenal","https:\/\/www.instagram.com\/multisenalmx\/","https:\/\/www.linkedin.com\/company\/multisenalmexico\/","https:\/\/www.youtube.com\/@multisenaloficial"]}]}},"_links":{"self":[{"href":"https:\/\/lapistaciclabili.it\/es\/wp-json\/wp\/v2\/product\/3744","targetHints":{"allow":["GET"]}}],"collection":[{"href":"https:\/\/lapistaciclabili.it\/es\/wp-json\/wp\/v2\/product"}],"about":[{"href":"https:\/\/lapistaciclabili.it\/es\/wp-json\/wp\/v2\/types\/product"}],"replies":[{"embeddable":true,"href":"https:\/\/lapistaciclabili.it\/es\/wp-json\/wp\/v2\/comments?post=3744"}],"wp:featuredmedia":[{"embeddable":true,"href":"https:\/\/lapistaciclabili.it\/es\/wp-json\/wp\/v2\/media\/3777"}],"wp:attachment":[{"href":"https:\/\/lapistaciclabili.it\/es\/wp-json\/wp\/v2\/media?parent=3744"}],"wp:term":[{"taxonomy":"product_cat","embeddable":true,"href":"https:\/\/lapistaciclabili.it\/es\/wp-json\/wp\/v2\/product_cat?post=3744"},{"taxonomy":"product_tag","embeddable":true,"href":"https:\/\/lapistaciclabili.it\/es\/wp-json\/wp\/v2\/product_tag?post=3744"}],"curies":[{"name":"wp","href":"https:\/\/api.w.org\/{rel}","templated":true}]}}