{"id":3742,"date":"2024-06-10T19:22:19","date_gmt":"2024-06-10T19:22:19","guid":{"rendered":"https:\/\/lapistaciclabili.it\/?post_type=product&#038;p=3742"},"modified":"2024-08-16T14:53:24","modified_gmt":"2024-08-16T14:53:24","slug":"canalizador-tripare","status":"publish","type":"product","link":"https:\/\/lapistaciclabili.it\/es\/producto\/canalizador-tripare\/","title":{"rendered":"Canalizador Tripare"},"content":{"rendered":"<p style=\"font-weight: 400;\">El Canalizador Tripare es la soluci\u00f3n perfecta para ordenar y agilizar el tr\u00e1fico ciclista en calles y rodadas especiales. Funciona como un perfecto delimitador de <a href=\"https:\/\/multisenal.com.mx\/blog\/ciclovia-emergente-que-es\/\">ciclov\u00edas<\/a>.<\/p>\n<p style=\"font-weight: 400;\"><strong>Un dise\u00f1o innovador y resistente:<\/strong><\/p>\n<ul>\n<li style=\"font-weight: 400;\">Base modular:\u00a0Ensamblable y adaptable a tus necesidades.<\/li>\n<li style=\"font-weight: 400;\">Paleta flexible:\u00a0Fabricada en Poliflexy\u00ae,\u00a0resistente a m\u00e1s de 100 atropellamientos accidentales.<\/li>\n<li style=\"font-weight: 400;\">Reflejantes: Alta visibilidad nocturna para mayor seguridad ciclista gracias a sus \u00e1reas reflejantes.<\/li>\n<li style=\"font-weight: 400;\">Borde redondeado:\u00a0Sin partes met\u00e1licas,\u00a0no se rompe ni fragmenta,\u00a0protegiendo a personas y veh\u00edculos.<\/li>\n<li style=\"font-weight: 400;\">Ligero y port\u00e1til:\u00a0F\u00e1cil de transportar e instalar.<\/li>\n<\/ul>\n<p style=\"font-weight: 400;\"><strong>Beneficios del Canalizador Tripare:<\/strong><\/p>\n<ul>\n<li style=\"font-weight: 400;\">Mejora la seguridad ciclista: Ordena el tr\u00e1fico y reduce el riesgo de accidentes.<\/li>\n<li style=\"font-weight: 400;\">Ideal para:\u00a0Contraflujos,\u00a0ciclov\u00edas,\u00a0carriles especiales,\u00a0pasos peatonales y zonas de seguridad.<\/li>\n<li style=\"font-weight: 400;\">Vers\u00e1til:\u00a0M\u00faltiples configuraciones para <a href=\"https:\/\/lapistaciclabili.it\/productos-ciclovias\/\">diferentes necesidades<\/a>.<\/li>\n<li style=\"font-weight: 400;\">Resistente:\u00a0Soporta impactos,\u00a0presi\u00f3n de rodadura y rayos UV.<\/li>\n<li style=\"font-weight: 400;\">No requiere cuidados especiales.<\/li>\n<\/ul>\n<p style=\"font-weight: 400;\">Este canalizador es la inversi\u00f3n perfecta para una circulaci\u00f3n ciclista m\u00e1s segura y eficiente. Col\u00f3calo en todo tipo de vialidades. Ll\u00e9valo a donde mas lo necesites sin complicaciones en su transporte. Es de poco peso y consta de tres piezas ensamblables.<\/p>\n<p style=\"font-weight: 400;\">El Canalizador Tripare es un dispositivo para dirigir o encausar el tr\u00e1nsito ciclista de forma segura. Optimiza el tr\u00e1nsito de las ciclov\u00edas, con lo que se promueve la seguridad de los usuarios de bicicletas.<\/p>\n<p style=\"font-weight: 400;\">Cada m\u00f3dulo central da una extensi\u00f3n de 45 cm. de esta forma se logran diferentes longitudes.<\/p>\n<p style=\"font-weight: 400;\">Base fabricada en polietileno color negro y amarillo, paleta hecha de poliflexy \u00ae color naranja o amarilla. Gracias a sus componentes, \u00fanicamente requieren de un mantenimiento m\u00ednimo.<\/p>\n<p style=\"font-weight: 400;\"><strong>\ud83d\udeb4\u200d\u2640\ufe0fMEDIDAS Y COLORES\ud83d\udeb4\u200d\u2640\ufe0f<\/strong><\/p>\n<p>Base del Canalizador<\/p>\n<p>Largo: 90.0 CM<br \/>\nAncho: 30.0 CM<br \/>\nAlto: 5.5 CM<\/p>\n<p>Paleta<\/p>\n<p>Largo: 22.5 CM<br \/>\nAlto: 65.5 CM<br \/>\nAncho: 6.7 CM<\/p>\n<p>Colores: Negro y Amarillo<br \/>\nPaleta:Naranja, Verde y Amarillo<br \/>\nReflejante:Blanco Y \u00c1mbar<\/p>\n<p>* Otros colores sobre pedido m\u00ednimo de 500 pz.<\/p>\n<p>&nbsp;<\/p>\n","protected":false},"excerpt":{"rendered":"<p><strong>Nombre del producto: Canalizador Tripare<\/strong><\/p>\n<p><strong>C\u00f3digo: CAN-TRI-894<\/strong><\/p>\n<table>\n<tbody>\n<tr>\n<td style=\"text-align: center;\"><strong>ESPA\u00d1OL<\/strong><\/td>\n<td style=\"text-align: center;\"><strong>INGL\u00c9S<\/strong><\/td>\n<td style=\"text-align: center;\"><strong>MODELO 3D<\/strong><\/td>\n<\/tr>\n<tr>\n<td><a href=\"https:\/\/multisenal.com.mx\/FichasTecnicas\/Canalizador-CAN-TRI-894-ES.pdf\"><img decoding=\"async\" class=\"wp-image-5524 aligncenter\" src=\"https:\/\/lapistaciclabili.it\/wp-content\/uploads\/2024\/06\/img-pdf-ciclopistas.webp\" alt=\"\" width=\"49\" height=\"49\" \/><\/a><\/td>\n<td><a href=\"https:\/\/multisenal.com.mx\/FichasTecnicas\/Canalizador-CAN-TRI-894-EN.pdf\"><img decoding=\"async\" class=\"wp-image-5524 aligncenter\" src=\"https:\/\/lapistaciclabili.it\/wp-content\/uploads\/2024\/06\/img-pdf-ciclopistas.webp\" alt=\"\" width=\"49\" height=\"49\" \/><\/a><\/td>\n<td><a href=\"https:\/\/lapistaciclabili.it\/renders\/tripare-modelo-360\/\"><img decoding=\"async\" class=\"wp-image-5524 aligncenter\" src=\"https:\/\/lapistaciclabili.it\/wp-content\/uploads\/2024\/06\/img-modelo3D.webp\" alt=\"\" width=\"49\" height=\"49\" \/><\/a><\/td>\n<\/tr>\n<\/tbody>\n<\/table>\n","protected":false},"featured_media":3775,"comment_status":"open","ping_status":"closed","template":"","meta":[],"product_cat":[21],"product_tag":[],"class_list":{"0":"post-3742","1":"product","2":"type-product","3":"status-publish","4":"has-post-thumbnail","6":"product_cat-delimitadores-viales","8":"first","9":"instock","10":"shipping-taxable","11":"product-type-simple"},"yoast_head":"<!-- This site is optimized with the Yoast SEO Premium plugin v22.3 (Yoast SEO v23.0) - https:\/\/yoast.com\/wordpress\/plugins\/seo\/ -->\n<title>Canalizador Tripare - lapistaciclabili.it<\/title>\n<meta name=\"description\" content=\"El Canalizador Tripare es la soluci\u00f3n perfecta para dirigir o encausar el tr\u00e1nsito vehicular. Funcional tambi\u00e9n para el control ciclista.\" \/>\n<meta name=\"robots\" content=\"index, follow, max-snippet:-1, max-image-preview:large, max-video-preview:-1\" \/>\n<link rel=\"canonical\" href=\"https:\/\/lapistaciclabili.it\/es\/en\/producto\/tripare-channelizer\/\" \/>\n<meta property=\"og:locale\" content=\"es_ES\" \/>\n<meta property=\"og:type\" content=\"article\" \/>\n<meta property=\"og:title\" content=\"Canalizador Tripare\" \/>\n<meta property=\"og:description\" content=\"El Canalizador Tripare es la soluci\u00f3n perfecta para dirigir o encausar el tr\u00e1nsito vehicular. Funcional tambi\u00e9n para el control ciclista.\" \/>\n<meta property=\"og:url\" content=\"https:\/\/lapistaciclabili.it\/en\/producto\/tripare-channelizer\/\" \/>\n<meta property=\"og:site_name\" content=\"lapistaciclabili.it\" \/>\n<meta property=\"article:publisher\" content=\"https:\/\/www.facebook.com\/multisenal\/\" \/>\n<meta property=\"article:modified_time\" content=\"2024-08-16T14:53:24+00:00\" \/>\n<meta property=\"og:image\" content=\"https:\/\/lapistaciclabili.it\/wp-content\/uploads\/2024\/06\/Producto-Ciclopistas-26.webp\" \/>\n\t<meta property=\"og:image:width\" content=\"1200\" \/>\n\t<meta property=\"og:image:height\" content=\"1200\" \/>\n\t<meta property=\"og:image:type\" content=\"image\/webp\" \/>\n<meta name=\"twitter:card\" content=\"summary_large_image\" \/>\n<meta name=\"twitter:site\" content=\"@multisenal\" \/>\n<meta name=\"twitter:label1\" content=\"Tiempo de lectura\" \/>\n\t<meta name=\"twitter:data1\" content=\"2 minutos\" \/>\n<script type=\"application\/ld+json\" class=\"yoast-schema-graph\">{\"@context\":\"https:\/\/schema.org\",\"@graph\":[{\"@type\":\"WebPage\",\"@id\":\"https:\/\/lapistaciclabili.it\/en\/producto\/tripare-channelizer\/\",\"url\":\"https:\/\/lapistaciclabili.it\/en\/producto\/tripare-channelizer\/\",\"name\":\"Canalizador Tripare - lapistaciclabili.it\",\"isPartOf\":{\"@id\":\"https:\/\/lapistaciclabili.it\/#website\"},\"primaryImageOfPage\":{\"@id\":\"https:\/\/lapistaciclabili.it\/en\/producto\/tripare-channelizer\/#primaryimage\"},\"image\":{\"@id\":\"https:\/\/lapistaciclabili.it\/en\/producto\/tripare-channelizer\/#primaryimage\"},\"thumbnailUrl\":\"https:\/\/lapistaciclabili.it\/wp-content\/uploads\/2024\/06\/Producto-Ciclopistas-26.webp\",\"datePublished\":\"2024-06-10T19:22:19+00:00\",\"dateModified\":\"2024-08-16T14:53:24+00:00\",\"description\":\"El Canalizador Tripare es la soluci\u00f3n perfecta para dirigir o encausar el tr\u00e1nsito vehicular. Funcional tambi\u00e9n para el control ciclista.\",\"breadcrumb\":{\"@id\":\"https:\/\/lapistaciclabili.it\/en\/producto\/tripare-channelizer\/#breadcrumb\"},\"inLanguage\":\"es\",\"potentialAction\":[{\"@type\":\"ReadAction\",\"target\":[\"https:\/\/lapistaciclabili.it\/en\/producto\/tripare-channelizer\/\"]}]},{\"@type\":\"ImageObject\",\"inLanguage\":\"es\",\"@id\":\"https:\/\/lapistaciclabili.it\/en\/producto\/tripare-channelizer\/#primaryimage\",\"url\":\"https:\/\/lapistaciclabili.it\/wp-content\/uploads\/2024\/06\/Producto-Ciclopistas-26.webp\",\"contentUrl\":\"https:\/\/lapistaciclabili.it\/wp-content\/uploads\/2024\/06\/Producto-Ciclopistas-26.webp\",\"width\":1200,\"height\":1200,\"caption\":\"El Canalizador Tripare es la soluci\u00f3n perfecta para dirigir o encausar el tr\u00e1nsito vehicular. Funcional tambi\u00e9n para el control ciclista.\"},{\"@type\":\"BreadcrumbList\",\"@id\":\"https:\/\/lapistaciclabili.it\/en\/producto\/tripare-channelizer\/#breadcrumb\",\"itemListElement\":[{\"@type\":\"ListItem\",\"position\":1,\"name\":\"Inicio\",\"item\":\"https:\/\/lapistaciclabili.it\/\"},{\"@type\":\"ListItem\",\"position\":2,\"name\":\"Tienda\",\"item\":\"https:\/\/lapistaciclabili.it\/tienda\/\"},{\"@type\":\"ListItem\",\"position\":3,\"name\":\"Canalizador Tripare\"}]},{\"@type\":\"WebSite\",\"@id\":\"https:\/\/lapistaciclabili.it\/#website\",\"url\":\"https:\/\/lapistaciclabili.it\/\",\"name\":\"lapistaciclabili.it\",\"description\":\"\",\"publisher\":{\"@id\":\"https:\/\/lapistaciclabili.it\/#organization\"},\"potentialAction\":[{\"@type\":\"SearchAction\",\"target\":{\"@type\":\"EntryPoint\",\"urlTemplate\":\"https:\/\/lapistaciclabili.it\/?s={search_term_string}\"},\"query-input\":\"required name=search_term_string\"}],\"inLanguage\":\"es\"},{\"@type\":\"Organization\",\"@id\":\"https:\/\/lapistaciclabili.it\/#organization\",\"name\":\"lapistaciclabili.it\",\"url\":\"https:\/\/lapistaciclabili.it\/\",\"logo\":{\"@type\":\"ImageObject\",\"inLanguage\":\"es\",\"@id\":\"https:\/\/lapistaciclabili.it\/#\/schema\/logo\/image\/\",\"url\":\"https:\/\/lapistaciclabili.it\/wp-content\/uploads\/2024\/06\/lapistaciclabili.it_-1.png\",\"contentUrl\":\"https:\/\/lapistaciclabili.it\/wp-content\/uploads\/2024\/06\/lapistaciclabili.it_-1.png\",\"width\":768,\"height\":220,\"caption\":\"lapistaciclabili.it\"},\"image\":{\"@id\":\"https:\/\/lapistaciclabili.it\/#\/schema\/logo\/image\/\"},\"sameAs\":[\"https:\/\/www.facebook.com\/multisenal\/\",\"https:\/\/x.com\/multisenal\",\"https:\/\/www.instagram.com\/multisenalmx\/\",\"https:\/\/www.linkedin.com\/company\/multisenalmexico\/\",\"https:\/\/www.youtube.com\/@multisenaloficial\"]}]}<\/script>\n<!-- \/ Yoast SEO Premium plugin. -->","yoast_head_json":{"title":"Canalizador Tripare - lapistaciclabili.it","description":"El Canalizador Tripare es la soluci\u00f3n perfecta para dirigir o encausar el tr\u00e1nsito vehicular. Funcional tambi\u00e9n para el control ciclista.","robots":{"index":"index","follow":"follow","max-snippet":"max-snippet:-1","max-image-preview":"max-image-preview:large","max-video-preview":"max-video-preview:-1"},"canonical":"https:\/\/lapistaciclabili.it\/es\/en\/producto\/tripare-channelizer\/","og_locale":"es_ES","og_type":"article","og_title":"Canalizador Tripare","og_description":"El Canalizador Tripare es la soluci\u00f3n perfecta para dirigir o encausar el tr\u00e1nsito vehicular. Funcional tambi\u00e9n para el control ciclista.","og_url":"https:\/\/lapistaciclabili.it\/en\/producto\/tripare-channelizer\/","og_site_name":"lapistaciclabili.it","article_publisher":"https:\/\/www.facebook.com\/multisenal\/","article_modified_time":"2024-08-16T14:53:24+00:00","og_image":[{"width":1200,"height":1200,"url":"https:\/\/lapistaciclabili.it\/wp-content\/uploads\/2024\/06\/Producto-Ciclopistas-26.webp","type":"image\/webp"}],"twitter_card":"summary_large_image","twitter_site":"@multisenal","twitter_misc":{"Tiempo de lectura":"2 minutos"},"schema":{"@context":"https:\/\/schema.org","@graph":[{"@type":"WebPage","@id":"https:\/\/lapistaciclabili.it\/en\/producto\/tripare-channelizer\/","url":"https:\/\/lapistaciclabili.it\/en\/producto\/tripare-channelizer\/","name":"Canalizador Tripare - lapistaciclabili.it","isPartOf":{"@id":"https:\/\/lapistaciclabili.it\/#website"},"primaryImageOfPage":{"@id":"https:\/\/lapistaciclabili.it\/en\/producto\/tripare-channelizer\/#primaryimage"},"image":{"@id":"https:\/\/lapistaciclabili.it\/en\/producto\/tripare-channelizer\/#primaryimage"},"thumbnailUrl":"https:\/\/lapistaciclabili.it\/wp-content\/uploads\/2024\/06\/Producto-Ciclopistas-26.webp","datePublished":"2024-06-10T19:22:19+00:00","dateModified":"2024-08-16T14:53:24+00:00","description":"El Canalizador Tripare es la soluci\u00f3n perfecta para dirigir o encausar el tr\u00e1nsito vehicular. Funcional tambi\u00e9n para el control ciclista.","breadcrumb":{"@id":"https:\/\/lapistaciclabili.it\/en\/producto\/tripare-channelizer\/#breadcrumb"},"inLanguage":"es","potentialAction":[{"@type":"ReadAction","target":["https:\/\/lapistaciclabili.it\/en\/producto\/tripare-channelizer\/"]}]},{"@type":"ImageObject","inLanguage":"es","@id":"https:\/\/lapistaciclabili.it\/en\/producto\/tripare-channelizer\/#primaryimage","url":"https:\/\/lapistaciclabili.it\/wp-content\/uploads\/2024\/06\/Producto-Ciclopistas-26.webp","contentUrl":"https:\/\/lapistaciclabili.it\/wp-content\/uploads\/2024\/06\/Producto-Ciclopistas-26.webp","width":1200,"height":1200,"caption":"El Canalizador Tripare es la soluci\u00f3n perfecta para dirigir o encausar el tr\u00e1nsito vehicular. Funcional tambi\u00e9n para el control ciclista."},{"@type":"BreadcrumbList","@id":"https:\/\/lapistaciclabili.it\/en\/producto\/tripare-channelizer\/#breadcrumb","itemListElement":[{"@type":"ListItem","position":1,"name":"Inicio","item":"https:\/\/lapistaciclabili.it\/"},{"@type":"ListItem","position":2,"name":"Tienda","item":"https:\/\/lapistaciclabili.it\/tienda\/"},{"@type":"ListItem","position":3,"name":"Canalizador Tripare"}]},{"@type":"WebSite","@id":"https:\/\/lapistaciclabili.it\/#website","url":"https:\/\/lapistaciclabili.it\/","name":"lapistaciclabili.it","description":"","publisher":{"@id":"https:\/\/lapistaciclabili.it\/#organization"},"potentialAction":[{"@type":"SearchAction","target":{"@type":"EntryPoint","urlTemplate":"https:\/\/lapistaciclabili.it\/?s={search_term_string}"},"query-input":"required name=search_term_string"}],"inLanguage":"es"},{"@type":"Organization","@id":"https:\/\/lapistaciclabili.it\/#organization","name":"lapistaciclabili.it","url":"https:\/\/lapistaciclabili.it\/","logo":{"@type":"ImageObject","inLanguage":"es","@id":"https:\/\/lapistaciclabili.it\/#\/schema\/logo\/image\/","url":"https:\/\/lapistaciclabili.it\/wp-content\/uploads\/2024\/06\/lapistaciclabili.it_-1.png","contentUrl":"https:\/\/lapistaciclabili.it\/wp-content\/uploads\/2024\/06\/lapistaciclabili.it_-1.png","width":768,"height":220,"caption":"lapistaciclabili.it"},"image":{"@id":"https:\/\/lapistaciclabili.it\/#\/schema\/logo\/image\/"},"sameAs":["https:\/\/www.facebook.com\/multisenal\/","https:\/\/x.com\/multisenal","https:\/\/www.instagram.com\/multisenalmx\/","https:\/\/www.linkedin.com\/company\/multisenalmexico\/","https:\/\/www.youtube.com\/@multisenaloficial"]}]}},"_links":{"self":[{"href":"https:\/\/lapistaciclabili.it\/es\/wp-json\/wp\/v2\/product\/3742","targetHints":{"allow":["GET"]}}],"collection":[{"href":"https:\/\/lapistaciclabili.it\/es\/wp-json\/wp\/v2\/product"}],"about":[{"href":"https:\/\/lapistaciclabili.it\/es\/wp-json\/wp\/v2\/types\/product"}],"replies":[{"embeddable":true,"href":"https:\/\/lapistaciclabili.it\/es\/wp-json\/wp\/v2\/comments?post=3742"}],"wp:featuredmedia":[{"embeddable":true,"href":"https:\/\/lapistaciclabili.it\/es\/wp-json\/wp\/v2\/media\/3775"}],"wp:attachment":[{"href":"https:\/\/lapistaciclabili.it\/es\/wp-json\/wp\/v2\/media?parent=3742"}],"wp:term":[{"taxonomy":"product_cat","embeddable":true,"href":"https:\/\/lapistaciclabili.it\/es\/wp-json\/wp\/v2\/product_cat?post=3742"},{"taxonomy":"product_tag","embeddable":true,"href":"https:\/\/lapistaciclabili.it\/es\/wp-json\/wp\/v2\/product_tag?post=3742"}],"curies":[{"name":"wp","href":"https:\/\/api.w.org\/{rel}","templated":true}]}}