{"id":3741,"date":"2024-06-17T20:53:19","date_gmt":"2024-06-17T20:53:19","guid":{"rendered":"https:\/\/lapistaciclabili.it\/?post_type=product&#038;p=3741"},"modified":"2024-08-16T16:13:54","modified_gmt":"2024-08-16T16:13:54","slug":"vialeton-19","status":"publish","type":"product","link":"https:\/\/lapistaciclabili.it\/es\/producto\/vialeton-19\/","title":{"rendered":"Vialet\u00f3n 19"},"content":{"rendered":"<p style=\"font-weight: 400;\">Proteja a los <a href=\"https:\/\/multisenal.com\/blog\/las-ciudades-mas-bike-friendly-del-mundo\/\">ciclistas<\/a> y optimice el tr\u00e1fico con los separadores tipo vialet\u00f3n 19. Fabricado en ABS de alta resistencia con protecci\u00f3n UV para una durabilidad excepcional. \u00datil y elegante para demarcar ciclopistas.<\/p>\n<p style=\"font-weight: 400;\">El vialet\u00f3n 19 est\u00e1 dise\u00f1ado para soportar el uso intensivo y las condiciones clim\u00e1ticas extremas. Su robusta construcci\u00f3n en ABS con protecci\u00f3n UV garantiza una larga vida \u00fatil y un rendimiento confiable en cualquier entorno.<\/p>\n<p style=\"font-weight: 400;\">La forma ovalada \u00fanica de este dispositivo, junto con su altura ideal, delimita el camino de los usuarios y mejora la visibilidad, creando un entorno m\u00e1s seguro para ciclistas y peatones.<\/p>\n<p style=\"font-weight: 400;\">Su superficie antiderrapante garantiza un agarre firme en todas las condiciones clim\u00e1ticas. Por ello, es extremadamente \u00fatil como confinador de ciclopistas.<\/p>\n<p style=\"font-weight: 400;\">Equipado con dos reflejantes por cara, el vialet\u00f3n 19 garantiza una excelente visibilidad incluso en condiciones de poca luz. Las opciones de reflectores blancos y rojos, as\u00ed como la posibilidad de personalizarlos con otros colores bajo pedido, permiten una mayor flexibilidad para adaptarse a sus necesidades espec\u00edficas.<\/p>\n<p style=\"font-weight: 400;\">Gracias a su dise\u00f1o inteligente y ligero, se instala f\u00e1cilmente. Cuenta con dos opciones de instalaci\u00f3n mediante tornillos de expansi\u00f3n o con 2 pernos ABS y resina ep\u00f3xica. Asegura la m\u00e1xima fijaci\u00f3n.<\/p>\n<p style=\"font-weight: 400;\"><strong>Beneficios:<\/strong><\/p>\n<p style=\"font-weight: 400;\">\ud83d\udeb4\u200d\u2640\ufe0fOptimiza el tr\u00e1nsito de las v\u00edas,\u00a0promoviendo la seguridad vial<\/p>\n<p style=\"font-weight: 400;\">\ud83d\udeb4\u200d\u2640\ufe0fProtege a los ciclistas y peatones de los veh\u00edculos<\/p>\n<p style=\"font-weight: 400;\">\ud83d\udeb4\u200d\u2640\ufe0fReduce la velocidad de los automovilistas en zonas sensibles<\/p>\n<p style=\"font-weight: 400;\">\ud83d\udeb4\u200d\u2640\ufe0fMejora la visibilidad en condiciones de poca luz<\/p>\n<p style=\"font-weight: 400;\">\ud83d\udeb4\u200d\u2640\ufe0fF\u00e1cil instalaci\u00f3n y mantenimiento<\/p>\n<p style=\"font-weight: 400;\">\ud83d\udeb4\u200d\u2640\ufe0fConstrucci\u00f3n duradera y resistente a la intemperie<\/p>\n<p style=\"font-weight: 400;\"><strong>Ideal para:<\/strong><\/p>\n<p style=\"font-weight: 400;\">\ud83d\udeb4\u200d\u2640\ufe0fCiclov\u00edas<\/p>\n<p style=\"font-weight: 400;\">\ud83d\udeb4\u200d\u2640\ufe0fCarriles exclusivos para peatones<\/p>\n<p style=\"font-weight: 400;\">\ud83d\udeb4\u200d\u2640\ufe0fEntradas y salidas de estacionamientos<\/p>\n<p style=\"font-weight: 400;\">\ud83d\udeb4\u200d\u2640\ufe0fDelimitaci\u00f3n de zonas peligrosas como puentes,\u00a0t\u00faneles,\u00a0pendientes o curvas<\/p>\n<p style=\"font-weight: 400;\">\ud83d\udeb4\u200d\u2640\ufe0fConfinamiento de carriles<\/p>\n<p style=\"font-weight: 400;\">\ud83d\udeb4\u200d\u2640\ufe0fDisponible en color amarillo con reflectores blancos y rojos. Otros colores disponibles bajo un pedido m\u00ednimo de 200 unidades.<\/p>\n<p>Revisa nuestro <a href=\"https:\/\/lapistaciclabili.it\/productos-ciclovias\/\">cat\u00e1logo completo<\/a> con los diversos dispositivos ciclistas.<\/p>\n<p><img fetchpriority=\"high\" decoding=\"async\" class=\" wp-image-5516 aligncenter\" src=\"https:\/\/lapistaciclabili.it\/wp-content\/uploads\/2024\/06\/img-via-19-300x225.webp\" alt=\"\" width=\"364\" height=\"273\" srcset=\"https:\/\/lapistaciclabili.it\/wp-content\/uploads\/2024\/06\/img-via-19-300x225.webp 300w, https:\/\/lapistaciclabili.it\/wp-content\/uploads\/2024\/06\/img-via-19-1024x767.webp 1024w, https:\/\/lapistaciclabili.it\/wp-content\/uploads\/2024\/06\/img-via-19-768x575.webp 768w, https:\/\/lapistaciclabili.it\/wp-content\/uploads\/2024\/06\/img-via-19-600x450.webp 600w, https:\/\/lapistaciclabili.it\/wp-content\/uploads\/2024\/06\/img-via-19.webp 1276w\" sizes=\"(max-width: 364px) 100vw, 364px\" \/><\/p>\n","protected":false},"excerpt":{"rendered":"<p><strong>Nombre del producto: Vialet\u00f3n 19 <\/strong><\/p>\n<p><strong>C\u00f3digo: VIA-19<\/strong><\/p>\n<table>\n<tbody>\n<tr>\n<td style=\"text-align: center;\"><strong>ESPA\u00d1OL<\/strong><\/td>\n<td style=\"text-align: center;\"><strong>INGL\u00c9S<\/strong><\/td>\n<td style=\"text-align: center;\"><strong>MODELO 3D<\/strong><\/td>\n<\/tr>\n<tr>\n<td><a href=\"https:\/\/multisenal.com.mx\/FichasTecnicas\/Vialeton-VIA-19-ES.pdf\"><img decoding=\"async\" class=\"wp-image-5524 aligncenter\" src=\"https:\/\/lapistaciclabili.it\/wp-content\/uploads\/2024\/06\/img-pdf-ciclopistas.webp\" alt=\"\" width=\"49\" height=\"49\" \/><\/a><\/td>\n<td><a href=\"https:\/\/multisenal.com.mx\/FichasTecnicas\/Vialeton-VIA-19-EN.pdf\"><img decoding=\"async\" class=\"wp-image-5524 aligncenter\" src=\"https:\/\/lapistaciclabili.it\/wp-content\/uploads\/2024\/06\/img-pdf-ciclopistas.webp\" alt=\"\" width=\"49\" height=\"49\" \/><\/a><\/td>\n<td><a href=\"https:\/\/lapistaciclabili.it\/renders\/boya-oval-modelo-360\/\"><img decoding=\"async\" class=\"wp-image-5524 aligncenter\" src=\"https:\/\/lapistaciclabili.it\/wp-content\/uploads\/2024\/06\/img-modelo3D.webp\" alt=\"\" width=\"49\" height=\"49\" \/><\/a><\/td>\n<\/tr>\n<\/tbody>\n<\/table>\n","protected":false},"featured_media":3774,"comment_status":"open","ping_status":"closed","template":"","meta":[],"product_cat":[20,21,22],"product_tag":[],"class_list":{"0":"post-3741","1":"product","2":"type-product","3":"status-publish","4":"has-post-thumbnail","6":"product_cat-balizamiento","7":"product_cat-delimitadores-viales","8":"product_cat-reductor-vial","10":"first","11":"instock","12":"shipping-taxable","13":"product-type-simple"},"yoast_head":"<!-- This site is optimized with the Yoast SEO Premium plugin v22.3 (Yoast SEO v23.0) - https:\/\/yoast.com\/wordpress\/plugins\/seo\/ -->\n<title>Vialet\u00f3n 19 - lapistaciclabili.it<\/title>\n<meta name=\"description\" content=\"Por su dise\u00f1o, altura y resistencia, el vialet\u00f3n 19 es la opci\u00f3n ideal para confinar carriles exclusivos. Perfecto para delimitar ciclov\u00edas.\" \/>\n<meta name=\"robots\" content=\"index, follow, max-snippet:-1, max-image-preview:large, max-video-preview:-1\" \/>\n<link rel=\"canonical\" href=\"https:\/\/lapistaciclabili.it\/es\/en\/?post_type=product&p=6319\" \/>\n<meta property=\"og:locale\" content=\"es_ES\" \/>\n<meta property=\"og:type\" content=\"article\" \/>\n<meta property=\"og:title\" content=\"Vialet\u00f3n 19\" \/>\n<meta property=\"og:description\" content=\"Por su dise\u00f1o, altura y resistencia, el vialet\u00f3n 19 es la opci\u00f3n ideal para confinar carriles exclusivos. Perfecto para delimitar ciclov\u00edas.\" \/>\n<meta property=\"og:url\" content=\"https:\/\/lapistaciclabili.it\/en\/?post_type=product&amp;p=6319\" \/>\n<meta property=\"og:site_name\" content=\"lapistaciclabili.it\" \/>\n<meta property=\"article:publisher\" content=\"https:\/\/www.facebook.com\/multisenal\/\" \/>\n<meta property=\"article:modified_time\" content=\"2024-08-16T16:13:54+00:00\" \/>\n<meta property=\"og:image\" content=\"https:\/\/lapistaciclabili.it\/wp-content\/uploads\/2024\/06\/Producto-Ciclopistas-35.webp\" \/>\n\t<meta property=\"og:image:width\" content=\"1200\" \/>\n\t<meta property=\"og:image:height\" content=\"1200\" \/>\n\t<meta property=\"og:image:type\" content=\"image\/webp\" \/>\n<meta name=\"twitter:card\" content=\"summary_large_image\" \/>\n<meta name=\"twitter:site\" content=\"@multisenal\" \/>\n<meta name=\"twitter:label1\" content=\"Tiempo de lectura\" \/>\n\t<meta name=\"twitter:data1\" content=\"2 minutos\" \/>\n<script type=\"application\/ld+json\" class=\"yoast-schema-graph\">{\"@context\":\"https:\/\/schema.org\",\"@graph\":[{\"@type\":\"WebPage\",\"@id\":\"https:\/\/lapistaciclabili.it\/en\/?post_type=product&p=6319\",\"url\":\"https:\/\/lapistaciclabili.it\/en\/?post_type=product&p=6319\",\"name\":\"Vialet\u00f3n 19 - lapistaciclabili.it\",\"isPartOf\":{\"@id\":\"https:\/\/lapistaciclabili.it\/#website\"},\"primaryImageOfPage\":{\"@id\":\"https:\/\/lapistaciclabili.it\/en\/?post_type=product&p=6319#primaryimage\"},\"image\":{\"@id\":\"https:\/\/lapistaciclabili.it\/en\/?post_type=product&p=6319#primaryimage\"},\"thumbnailUrl\":\"https:\/\/lapistaciclabili.it\/wp-content\/uploads\/2024\/06\/Producto-Ciclopistas-35.webp\",\"datePublished\":\"2024-06-17T20:53:19+00:00\",\"dateModified\":\"2024-08-16T16:13:54+00:00\",\"description\":\"Por su dise\u00f1o, altura y resistencia, el vialet\u00f3n 19 es la opci\u00f3n ideal para confinar carriles exclusivos. Perfecto para delimitar ciclov\u00edas.\",\"breadcrumb\":{\"@id\":\"https:\/\/lapistaciclabili.it\/en\/?post_type=product&p=6319#breadcrumb\"},\"inLanguage\":\"es\",\"potentialAction\":[{\"@type\":\"ReadAction\",\"target\":[\"https:\/\/lapistaciclabili.it\/en\/?post_type=product&p=6319\"]}]},{\"@type\":\"ImageObject\",\"inLanguage\":\"es\",\"@id\":\"https:\/\/lapistaciclabili.it\/en\/?post_type=product&p=6319#primaryimage\",\"url\":\"https:\/\/lapistaciclabili.it\/wp-content\/uploads\/2024\/06\/Producto-Ciclopistas-35.webp\",\"contentUrl\":\"https:\/\/lapistaciclabili.it\/wp-content\/uploads\/2024\/06\/Producto-Ciclopistas-35.webp\",\"width\":1200,\"height\":1200,\"caption\":\"Por su dise\u00f1o, altura y resistencia, el vialeton 19 es la opci\u00f3n ideal para confinar carriles exclusivos. Perfecto para delimitar ciclov\u00edas.\"},{\"@type\":\"BreadcrumbList\",\"@id\":\"https:\/\/lapistaciclabili.it\/en\/?post_type=product&p=6319#breadcrumb\",\"itemListElement\":[{\"@type\":\"ListItem\",\"position\":1,\"name\":\"Inicio\",\"item\":\"https:\/\/lapistaciclabili.it\/\"},{\"@type\":\"ListItem\",\"position\":2,\"name\":\"Tienda\",\"item\":\"https:\/\/lapistaciclabili.it\/tienda\/\"},{\"@type\":\"ListItem\",\"position\":3,\"name\":\"Vialet\u00f3n 19\"}]},{\"@type\":\"WebSite\",\"@id\":\"https:\/\/lapistaciclabili.it\/#website\",\"url\":\"https:\/\/lapistaciclabili.it\/\",\"name\":\"lapistaciclabili.it\",\"description\":\"\",\"publisher\":{\"@id\":\"https:\/\/lapistaciclabili.it\/#organization\"},\"potentialAction\":[{\"@type\":\"SearchAction\",\"target\":{\"@type\":\"EntryPoint\",\"urlTemplate\":\"https:\/\/lapistaciclabili.it\/?s={search_term_string}\"},\"query-input\":\"required name=search_term_string\"}],\"inLanguage\":\"es\"},{\"@type\":\"Organization\",\"@id\":\"https:\/\/lapistaciclabili.it\/#organization\",\"name\":\"lapistaciclabili.it\",\"url\":\"https:\/\/lapistaciclabili.it\/\",\"logo\":{\"@type\":\"ImageObject\",\"inLanguage\":\"es\",\"@id\":\"https:\/\/lapistaciclabili.it\/#\/schema\/logo\/image\/\",\"url\":\"https:\/\/lapistaciclabili.it\/wp-content\/uploads\/2024\/06\/lapistaciclabili.it_-1.png\",\"contentUrl\":\"https:\/\/lapistaciclabili.it\/wp-content\/uploads\/2024\/06\/lapistaciclabili.it_-1.png\",\"width\":768,\"height\":220,\"caption\":\"lapistaciclabili.it\"},\"image\":{\"@id\":\"https:\/\/lapistaciclabili.it\/#\/schema\/logo\/image\/\"},\"sameAs\":[\"https:\/\/www.facebook.com\/multisenal\/\",\"https:\/\/x.com\/multisenal\",\"https:\/\/www.instagram.com\/multisenalmx\/\",\"https:\/\/www.linkedin.com\/company\/multisenalmexico\/\",\"https:\/\/www.youtube.com\/@multisenaloficial\"]}]}<\/script>\n<!-- \/ Yoast SEO Premium plugin. -->","yoast_head_json":{"title":"Vialet\u00f3n 19 - lapistaciclabili.it","description":"Por su dise\u00f1o, altura y resistencia, el vialet\u00f3n 19 es la opci\u00f3n ideal para confinar carriles exclusivos. Perfecto para delimitar ciclov\u00edas.","robots":{"index":"index","follow":"follow","max-snippet":"max-snippet:-1","max-image-preview":"max-image-preview:large","max-video-preview":"max-video-preview:-1"},"canonical":"https:\/\/lapistaciclabili.it\/es\/en\/?post_type=product&p=6319","og_locale":"es_ES","og_type":"article","og_title":"Vialet\u00f3n 19","og_description":"Por su dise\u00f1o, altura y resistencia, el vialet\u00f3n 19 es la opci\u00f3n ideal para confinar carriles exclusivos. Perfecto para delimitar ciclov\u00edas.","og_url":"https:\/\/lapistaciclabili.it\/en\/?post_type=product&p=6319","og_site_name":"lapistaciclabili.it","article_publisher":"https:\/\/www.facebook.com\/multisenal\/","article_modified_time":"2024-08-16T16:13:54+00:00","og_image":[{"width":1200,"height":1200,"url":"https:\/\/lapistaciclabili.it\/wp-content\/uploads\/2024\/06\/Producto-Ciclopistas-35.webp","type":"image\/webp"}],"twitter_card":"summary_large_image","twitter_site":"@multisenal","twitter_misc":{"Tiempo de lectura":"2 minutos"},"schema":{"@context":"https:\/\/schema.org","@graph":[{"@type":"WebPage","@id":"https:\/\/lapistaciclabili.it\/en\/?post_type=product&p=6319","url":"https:\/\/lapistaciclabili.it\/en\/?post_type=product&p=6319","name":"Vialet\u00f3n 19 - lapistaciclabili.it","isPartOf":{"@id":"https:\/\/lapistaciclabili.it\/#website"},"primaryImageOfPage":{"@id":"https:\/\/lapistaciclabili.it\/en\/?post_type=product&p=6319#primaryimage"},"image":{"@id":"https:\/\/lapistaciclabili.it\/en\/?post_type=product&p=6319#primaryimage"},"thumbnailUrl":"https:\/\/lapistaciclabili.it\/wp-content\/uploads\/2024\/06\/Producto-Ciclopistas-35.webp","datePublished":"2024-06-17T20:53:19+00:00","dateModified":"2024-08-16T16:13:54+00:00","description":"Por su dise\u00f1o, altura y resistencia, el vialet\u00f3n 19 es la opci\u00f3n ideal para confinar carriles exclusivos. Perfecto para delimitar ciclov\u00edas.","breadcrumb":{"@id":"https:\/\/lapistaciclabili.it\/en\/?post_type=product&p=6319#breadcrumb"},"inLanguage":"es","potentialAction":[{"@type":"ReadAction","target":["https:\/\/lapistaciclabili.it\/en\/?post_type=product&p=6319"]}]},{"@type":"ImageObject","inLanguage":"es","@id":"https:\/\/lapistaciclabili.it\/en\/?post_type=product&p=6319#primaryimage","url":"https:\/\/lapistaciclabili.it\/wp-content\/uploads\/2024\/06\/Producto-Ciclopistas-35.webp","contentUrl":"https:\/\/lapistaciclabili.it\/wp-content\/uploads\/2024\/06\/Producto-Ciclopistas-35.webp","width":1200,"height":1200,"caption":"Por su dise\u00f1o, altura y resistencia, el vialeton 19 es la opci\u00f3n ideal para confinar carriles exclusivos. Perfecto para delimitar ciclov\u00edas."},{"@type":"BreadcrumbList","@id":"https:\/\/lapistaciclabili.it\/en\/?post_type=product&p=6319#breadcrumb","itemListElement":[{"@type":"ListItem","position":1,"name":"Inicio","item":"https:\/\/lapistaciclabili.it\/"},{"@type":"ListItem","position":2,"name":"Tienda","item":"https:\/\/lapistaciclabili.it\/tienda\/"},{"@type":"ListItem","position":3,"name":"Vialet\u00f3n 19"}]},{"@type":"WebSite","@id":"https:\/\/lapistaciclabili.it\/#website","url":"https:\/\/lapistaciclabili.it\/","name":"lapistaciclabili.it","description":"","publisher":{"@id":"https:\/\/lapistaciclabili.it\/#organization"},"potentialAction":[{"@type":"SearchAction","target":{"@type":"EntryPoint","urlTemplate":"https:\/\/lapistaciclabili.it\/?s={search_term_string}"},"query-input":"required name=search_term_string"}],"inLanguage":"es"},{"@type":"Organization","@id":"https:\/\/lapistaciclabili.it\/#organization","name":"lapistaciclabili.it","url":"https:\/\/lapistaciclabili.it\/","logo":{"@type":"ImageObject","inLanguage":"es","@id":"https:\/\/lapistaciclabili.it\/#\/schema\/logo\/image\/","url":"https:\/\/lapistaciclabili.it\/wp-content\/uploads\/2024\/06\/lapistaciclabili.it_-1.png","contentUrl":"https:\/\/lapistaciclabili.it\/wp-content\/uploads\/2024\/06\/lapistaciclabili.it_-1.png","width":768,"height":220,"caption":"lapistaciclabili.it"},"image":{"@id":"https:\/\/lapistaciclabili.it\/#\/schema\/logo\/image\/"},"sameAs":["https:\/\/www.facebook.com\/multisenal\/","https:\/\/x.com\/multisenal","https:\/\/www.instagram.com\/multisenalmx\/","https:\/\/www.linkedin.com\/company\/multisenalmexico\/","https:\/\/www.youtube.com\/@multisenaloficial"]}]}},"_links":{"self":[{"href":"https:\/\/lapistaciclabili.it\/es\/wp-json\/wp\/v2\/product\/3741","targetHints":{"allow":["GET"]}}],"collection":[{"href":"https:\/\/lapistaciclabili.it\/es\/wp-json\/wp\/v2\/product"}],"about":[{"href":"https:\/\/lapistaciclabili.it\/es\/wp-json\/wp\/v2\/types\/product"}],"replies":[{"embeddable":true,"href":"https:\/\/lapistaciclabili.it\/es\/wp-json\/wp\/v2\/comments?post=3741"}],"wp:featuredmedia":[{"embeddable":true,"href":"https:\/\/lapistaciclabili.it\/es\/wp-json\/wp\/v2\/media\/3774"}],"wp:attachment":[{"href":"https:\/\/lapistaciclabili.it\/es\/wp-json\/wp\/v2\/media?parent=3741"}],"wp:term":[{"taxonomy":"product_cat","embeddable":true,"href":"https:\/\/lapistaciclabili.it\/es\/wp-json\/wp\/v2\/product_cat?post=3741"},{"taxonomy":"product_tag","embeddable":true,"href":"https:\/\/lapistaciclabili.it\/es\/wp-json\/wp\/v2\/product_tag?post=3741"}],"curies":[{"name":"wp","href":"https:\/\/api.w.org\/{rel}","templated":true}]}}