{"id":3739,"date":"2024-06-17T20:46:19","date_gmt":"2024-06-17T20:46:19","guid":{"rendered":"https:\/\/lapistaciclabili.it\/?post_type=product&#038;p=3739"},"modified":"2024-08-16T18:31:33","modified_gmt":"2024-08-16T18:31:33","slug":"bolardo-fijo-para-bicicleta","status":"publish","type":"product","link":"https:\/\/lapistaciclabili.it\/es\/producto\/bolardo-fijo-para-bicicleta\/","title":{"rendered":"Bolardo Fijo para Bicicleta"},"content":{"rendered":"<p style=\"font-weight: 400;\">Transforma tus espacios urbanos con el Bolardo fijo para bicicleta, especialmente dise\u00f1ado para mejorar la seguridad y la organizaci\u00f3n en \u00e1reas de alto tr\u00e1nsito peatonal y ciclista.<\/p>\n<p style=\"font-weight: 400;\">Desde ciclov\u00edas hasta estaciones de transporte p\u00fablico y parques, esta soluci\u00f3n multifuncional sirve como estacionamiento seguro para bicicletas. Por su tama\u00f1o, es ideal para colocarse en cualquier entorno urbano sin sentirse invasivo. Ideal para \u00e1reas peque\u00f1as como negocios, plazas, o parques p\u00fablicos.<\/p>\n<p style=\"font-weight: 400;\"><strong>Beneficios excepcionales del Bolardo fijo:<\/strong><\/p>\n<p style=\"font-weight: 400;\">Incremento de uso: En lugares con ciclov\u00edas implementadas, el n\u00famero de ciclistas ha aumentado significativamente, hasta un impresionante 171% en el primer a\u00f1o. El Bolardo fijo para bicicleta fomenta el uso activo de la bicicleta al proporcionar un lugar seguro para estacionar.<\/p>\n<p style=\"font-weight: 400;\">Seguridad Garantizada: Actuando como delimitante vial, la PICOBA impide que los veh\u00edculos invadan \u00e1reas prohibidas, mejorando la seguridad tanto para peatones como para ciclistas. Su dise\u00f1o robusto en polietileno de media densidad con protecci\u00f3n UV asegura durabilidad y resistencia a la intemperie.<\/p>\n<p style=\"font-weight: 400;\">Funcionalidad \u00d3ptima: Equipado con un dise\u00f1o que facilita el paso de cadenas para asegurar la bici. Su instalaci\u00f3n sencilla mediante anclaje por ahogamiento y opci\u00f3n a llevar alma de acero garantiza una fijaci\u00f3n robusta y duradera.<\/p>\n<p style=\"font-weight: 400;\">Visibilidad Nocturna: Opcionalmente disponible con reflejante para una mayor visibilidad durante la noche, asegurando la seguridad continua incluso en condiciones de poca luz.<\/p>\n<p style=\"font-weight: 400;\">Descubre c\u00f3mo el Bolardo fijo para bicicleta puede transformar tu entorno urbano, promoviendo un estilo de vida activo y sostenible mientras mejora la seguridad y la organizaci\u00f3n.<\/p>\n<p style=\"font-weight: 400;\"><strong>MEDIDAS Y COLORES<\/strong><\/p>\n<p>Altura \u00datil: 54.5 cm<br \/>\nAltura TotalL: 74.5 cm<br \/>\nAncho: 20.0 cm<br \/>\nLargo: 50.0 cm<\/p>\n<p>Colores: Granito, Negro. Gris y Verde.<br \/>\nReflejantes: Opcional<\/p>\n<p>* Otros colores sobre pedido m\u00ednimo de 200 pz.<\/p>\n<p>Descubre todos los <a href=\"https:\/\/lapistaciclabili.it\/productos-ciclovias\/\">productos<\/a> que tenemos disponibles enfocados a la seguridad vial y <a href=\"https:\/\/multisenal.com.mx\/blog\/derechos-y-obligaciones-de-los-ciclistas-conoces-todas-las-reglas\/\">ciclista<\/a>. Crea espacios seguros para el parqueo de bicis.<\/p>\n","protected":false},"excerpt":{"rendered":"<p><strong>Nombre del producto: Bolardo Bicicleta<\/strong><\/p>\n<p><strong>C\u00f3digo: PIC-BI-R<\/strong><\/p>\n<table>\n<tbody>\n<tr>\n<td style=\"text-align: center;\"><strong>ESPA\u00d1OL<\/strong><\/td>\n<td style=\"text-align: center;\"><strong>INGL\u00c9S<\/strong><\/td>\n<td style=\"text-align: center;\"><strong>MODELO 3D<\/strong><\/td>\n<\/tr>\n<tr>\n<td><a href=\"https:\/\/multisenal.com.mx\/FichasTecnicas\/Bolardo-PIC-BI-R-ES.pdf\"><img decoding=\"async\" class=\"wp-image-5524 aligncenter\" src=\"https:\/\/lapistaciclabili.it\/wp-content\/uploads\/2024\/06\/img-pdf-ciclopistas.webp\" alt=\"\" width=\"49\" height=\"49\" \/><\/a><\/td>\n<td><a href=\"https:\/\/multisenal.com.mx\/FichasTecnicas\/Bolardo-PIC-BI-R-EN.pdf\"><img decoding=\"async\" class=\"wp-image-5524 aligncenter\" src=\"https:\/\/lapistaciclabili.it\/wp-content\/uploads\/2024\/06\/img-pdf-ciclopistas.webp\" alt=\"\" width=\"49\" height=\"49\" \/><\/a><\/td>\n<td><a href=\"https:\/\/lapistaciclabili.it\/renders\/bolardo-bicicleta-modelo-360\/\"><img decoding=\"async\" class=\"wp-image-5524 aligncenter\" src=\"https:\/\/lapistaciclabili.it\/wp-content\/uploads\/2024\/06\/img-modelo3D.webp\" alt=\"\" width=\"49\" height=\"49\" \/><\/a><\/td>\n<\/tr>\n<\/tbody>\n<\/table>\n","protected":false},"featured_media":3769,"comment_status":"open","ping_status":"closed","template":"","meta":[],"product_cat":[19],"product_tag":[],"class_list":{"0":"post-3739","1":"product","2":"type-product","3":"status-publish","4":"has-post-thumbnail","6":"product_cat-bici-estacionamiento","8":"first","9":"instock","10":"shipping-taxable","11":"product-type-simple"},"yoast_head":"<!-- This site is optimized with the Yoast SEO Premium plugin v22.3 (Yoast SEO v23.0) - https:\/\/yoast.com\/wordpress\/plugins\/seo\/ -->\n<title>Bolardo Fijo para Bicicleta - lapistaciclabili.it<\/title>\n<meta name=\"description\" content=\"El Bolardo fijo para bicicleta puede funcionar como un alineador de aceras para delimitar el paso, pero tambi\u00e9n como estacionamiento de bicis\" \/>\n<meta name=\"robots\" content=\"index, follow, max-snippet:-1, max-image-preview:large, max-video-preview:-1\" \/>\n<link rel=\"canonical\" href=\"https:\/\/lapistaciclabili.it\/es\/producto\/bolardo-fijo-para-bicicleta\/\" \/>\n<meta property=\"og:locale\" content=\"es_ES\" \/>\n<meta property=\"og:type\" content=\"article\" \/>\n<meta property=\"og:title\" content=\"Bolardo Fijo para Bicicleta\" \/>\n<meta property=\"og:description\" content=\"El Bolardo fijo para bicicleta puede funcionar como un alineador de aceras para delimitar el paso, pero tambi\u00e9n como estacionamiento de bicis\" \/>\n<meta property=\"og:url\" content=\"https:\/\/lapistaciclabili.it\/producto\/bolardo-fijo-para-bicicleta\/\" \/>\n<meta property=\"og:site_name\" content=\"lapistaciclabili.it\" \/>\n<meta property=\"article:publisher\" content=\"https:\/\/www.facebook.com\/multisenal\/\" \/>\n<meta property=\"article:modified_time\" content=\"2024-08-16T18:31:33+00:00\" \/>\n<meta property=\"og:image\" content=\"https:\/\/lapistaciclabili.it\/wp-content\/uploads\/2024\/06\/Producto-Ciclopistas-25.webp\" \/>\n\t<meta property=\"og:image:width\" content=\"1200\" \/>\n\t<meta property=\"og:image:height\" content=\"1200\" \/>\n\t<meta property=\"og:image:type\" content=\"image\/webp\" \/>\n<meta name=\"twitter:card\" content=\"summary_large_image\" \/>\n<meta name=\"twitter:site\" content=\"@multisenal\" \/>\n<meta name=\"twitter:label1\" content=\"Tiempo de lectura\" \/>\n\t<meta name=\"twitter:data1\" content=\"2 minutos\" \/>\n<script type=\"application\/ld+json\" class=\"yoast-schema-graph\">{\"@context\":\"https:\/\/schema.org\",\"@graph\":[{\"@type\":\"WebPage\",\"@id\":\"https:\/\/lapistaciclabili.it\/producto\/bolardo-fijo-para-bicicleta\/\",\"url\":\"https:\/\/lapistaciclabili.it\/producto\/bolardo-fijo-para-bicicleta\/\",\"name\":\"Bolardo Fijo para Bicicleta - lapistaciclabili.it\",\"isPartOf\":{\"@id\":\"https:\/\/lapistaciclabili.it\/#website\"},\"primaryImageOfPage\":{\"@id\":\"https:\/\/lapistaciclabili.it\/producto\/bolardo-fijo-para-bicicleta\/#primaryimage\"},\"image\":{\"@id\":\"https:\/\/lapistaciclabili.it\/producto\/bolardo-fijo-para-bicicleta\/#primaryimage\"},\"thumbnailUrl\":\"https:\/\/lapistaciclabili.it\/wp-content\/uploads\/2024\/06\/Producto-Ciclopistas-25.webp\",\"datePublished\":\"2024-06-17T20:46:19+00:00\",\"dateModified\":\"2024-08-16T18:31:33+00:00\",\"description\":\"El Bolardo fijo para bicicleta puede funcionar como un alineador de aceras para delimitar el paso, pero tambi\u00e9n como estacionamiento de bicis\",\"breadcrumb\":{\"@id\":\"https:\/\/lapistaciclabili.it\/producto\/bolardo-fijo-para-bicicleta\/#breadcrumb\"},\"inLanguage\":\"es\",\"potentialAction\":[{\"@type\":\"ReadAction\",\"target\":[\"https:\/\/lapistaciclabili.it\/producto\/bolardo-fijo-para-bicicleta\/\"]}]},{\"@type\":\"ImageObject\",\"inLanguage\":\"es\",\"@id\":\"https:\/\/lapistaciclabili.it\/producto\/bolardo-fijo-para-bicicleta\/#primaryimage\",\"url\":\"https:\/\/lapistaciclabili.it\/wp-content\/uploads\/2024\/06\/Producto-Ciclopistas-25.webp\",\"contentUrl\":\"https:\/\/lapistaciclabili.it\/wp-content\/uploads\/2024\/06\/Producto-Ciclopistas-25.webp\",\"width\":1200,\"height\":1200,\"caption\":\"El Bolardo fijo para bicicleta puede funcionar como un alineador de aceras para delimitar el paso, pero tambi\u00e9n como estacionamiento de bicis\"},{\"@type\":\"BreadcrumbList\",\"@id\":\"https:\/\/lapistaciclabili.it\/producto\/bolardo-fijo-para-bicicleta\/#breadcrumb\",\"itemListElement\":[{\"@type\":\"ListItem\",\"position\":1,\"name\":\"Inicio\",\"item\":\"https:\/\/lapistaciclabili.it\/\"},{\"@type\":\"ListItem\",\"position\":2,\"name\":\"Tienda\",\"item\":\"https:\/\/lapistaciclabili.it\/tienda\/\"},{\"@type\":\"ListItem\",\"position\":3,\"name\":\"Bolardo Fijo para Bicicleta\"}]},{\"@type\":\"WebSite\",\"@id\":\"https:\/\/lapistaciclabili.it\/#website\",\"url\":\"https:\/\/lapistaciclabili.it\/\",\"name\":\"lapistaciclabili.it\",\"description\":\"\",\"publisher\":{\"@id\":\"https:\/\/lapistaciclabili.it\/#organization\"},\"potentialAction\":[{\"@type\":\"SearchAction\",\"target\":{\"@type\":\"EntryPoint\",\"urlTemplate\":\"https:\/\/lapistaciclabili.it\/?s={search_term_string}\"},\"query-input\":\"required name=search_term_string\"}],\"inLanguage\":\"es\"},{\"@type\":\"Organization\",\"@id\":\"https:\/\/lapistaciclabili.it\/#organization\",\"name\":\"lapistaciclabili.it\",\"url\":\"https:\/\/lapistaciclabili.it\/\",\"logo\":{\"@type\":\"ImageObject\",\"inLanguage\":\"es\",\"@id\":\"https:\/\/lapistaciclabili.it\/#\/schema\/logo\/image\/\",\"url\":\"https:\/\/lapistaciclabili.it\/wp-content\/uploads\/2024\/06\/lapistaciclabili.it_-1.png\",\"contentUrl\":\"https:\/\/lapistaciclabili.it\/wp-content\/uploads\/2024\/06\/lapistaciclabili.it_-1.png\",\"width\":768,\"height\":220,\"caption\":\"lapistaciclabili.it\"},\"image\":{\"@id\":\"https:\/\/lapistaciclabili.it\/#\/schema\/logo\/image\/\"},\"sameAs\":[\"https:\/\/www.facebook.com\/multisenal\/\",\"https:\/\/x.com\/multisenal\",\"https:\/\/www.instagram.com\/multisenalmx\/\",\"https:\/\/www.linkedin.com\/company\/multisenalmexico\/\",\"https:\/\/www.youtube.com\/@multisenaloficial\"]}]}<\/script>\n<!-- \/ Yoast SEO Premium plugin. -->","yoast_head_json":{"title":"Bolardo Fijo para Bicicleta - lapistaciclabili.it","description":"El Bolardo fijo para bicicleta puede funcionar como un alineador de aceras para delimitar el paso, pero tambi\u00e9n como estacionamiento de bicis","robots":{"index":"index","follow":"follow","max-snippet":"max-snippet:-1","max-image-preview":"max-image-preview:large","max-video-preview":"max-video-preview:-1"},"canonical":"https:\/\/lapistaciclabili.it\/es\/producto\/bolardo-fijo-para-bicicleta\/","og_locale":"es_ES","og_type":"article","og_title":"Bolardo Fijo para Bicicleta","og_description":"El Bolardo fijo para bicicleta puede funcionar como un alineador de aceras para delimitar el paso, pero tambi\u00e9n como estacionamiento de bicis","og_url":"https:\/\/lapistaciclabili.it\/producto\/bolardo-fijo-para-bicicleta\/","og_site_name":"lapistaciclabili.it","article_publisher":"https:\/\/www.facebook.com\/multisenal\/","article_modified_time":"2024-08-16T18:31:33+00:00","og_image":[{"width":1200,"height":1200,"url":"https:\/\/lapistaciclabili.it\/wp-content\/uploads\/2024\/06\/Producto-Ciclopistas-25.webp","type":"image\/webp"}],"twitter_card":"summary_large_image","twitter_site":"@multisenal","twitter_misc":{"Tiempo de lectura":"2 minutos"},"schema":{"@context":"https:\/\/schema.org","@graph":[{"@type":"WebPage","@id":"https:\/\/lapistaciclabili.it\/producto\/bolardo-fijo-para-bicicleta\/","url":"https:\/\/lapistaciclabili.it\/producto\/bolardo-fijo-para-bicicleta\/","name":"Bolardo Fijo para Bicicleta - lapistaciclabili.it","isPartOf":{"@id":"https:\/\/lapistaciclabili.it\/#website"},"primaryImageOfPage":{"@id":"https:\/\/lapistaciclabili.it\/producto\/bolardo-fijo-para-bicicleta\/#primaryimage"},"image":{"@id":"https:\/\/lapistaciclabili.it\/producto\/bolardo-fijo-para-bicicleta\/#primaryimage"},"thumbnailUrl":"https:\/\/lapistaciclabili.it\/wp-content\/uploads\/2024\/06\/Producto-Ciclopistas-25.webp","datePublished":"2024-06-17T20:46:19+00:00","dateModified":"2024-08-16T18:31:33+00:00","description":"El Bolardo fijo para bicicleta puede funcionar como un alineador de aceras para delimitar el paso, pero tambi\u00e9n como estacionamiento de bicis","breadcrumb":{"@id":"https:\/\/lapistaciclabili.it\/producto\/bolardo-fijo-para-bicicleta\/#breadcrumb"},"inLanguage":"es","potentialAction":[{"@type":"ReadAction","target":["https:\/\/lapistaciclabili.it\/producto\/bolardo-fijo-para-bicicleta\/"]}]},{"@type":"ImageObject","inLanguage":"es","@id":"https:\/\/lapistaciclabili.it\/producto\/bolardo-fijo-para-bicicleta\/#primaryimage","url":"https:\/\/lapistaciclabili.it\/wp-content\/uploads\/2024\/06\/Producto-Ciclopistas-25.webp","contentUrl":"https:\/\/lapistaciclabili.it\/wp-content\/uploads\/2024\/06\/Producto-Ciclopistas-25.webp","width":1200,"height":1200,"caption":"El Bolardo fijo para bicicleta puede funcionar como un alineador de aceras para delimitar el paso, pero tambi\u00e9n como estacionamiento de bicis"},{"@type":"BreadcrumbList","@id":"https:\/\/lapistaciclabili.it\/producto\/bolardo-fijo-para-bicicleta\/#breadcrumb","itemListElement":[{"@type":"ListItem","position":1,"name":"Inicio","item":"https:\/\/lapistaciclabili.it\/"},{"@type":"ListItem","position":2,"name":"Tienda","item":"https:\/\/lapistaciclabili.it\/tienda\/"},{"@type":"ListItem","position":3,"name":"Bolardo Fijo para Bicicleta"}]},{"@type":"WebSite","@id":"https:\/\/lapistaciclabili.it\/#website","url":"https:\/\/lapistaciclabili.it\/","name":"lapistaciclabili.it","description":"","publisher":{"@id":"https:\/\/lapistaciclabili.it\/#organization"},"potentialAction":[{"@type":"SearchAction","target":{"@type":"EntryPoint","urlTemplate":"https:\/\/lapistaciclabili.it\/?s={search_term_string}"},"query-input":"required name=search_term_string"}],"inLanguage":"es"},{"@type":"Organization","@id":"https:\/\/lapistaciclabili.it\/#organization","name":"lapistaciclabili.it","url":"https:\/\/lapistaciclabili.it\/","logo":{"@type":"ImageObject","inLanguage":"es","@id":"https:\/\/lapistaciclabili.it\/#\/schema\/logo\/image\/","url":"https:\/\/lapistaciclabili.it\/wp-content\/uploads\/2024\/06\/lapistaciclabili.it_-1.png","contentUrl":"https:\/\/lapistaciclabili.it\/wp-content\/uploads\/2024\/06\/lapistaciclabili.it_-1.png","width":768,"height":220,"caption":"lapistaciclabili.it"},"image":{"@id":"https:\/\/lapistaciclabili.it\/#\/schema\/logo\/image\/"},"sameAs":["https:\/\/www.facebook.com\/multisenal\/","https:\/\/x.com\/multisenal","https:\/\/www.instagram.com\/multisenalmx\/","https:\/\/www.linkedin.com\/company\/multisenalmexico\/","https:\/\/www.youtube.com\/@multisenaloficial"]}]}},"_links":{"self":[{"href":"https:\/\/lapistaciclabili.it\/es\/wp-json\/wp\/v2\/product\/3739","targetHints":{"allow":["GET"]}}],"collection":[{"href":"https:\/\/lapistaciclabili.it\/es\/wp-json\/wp\/v2\/product"}],"about":[{"href":"https:\/\/lapistaciclabili.it\/es\/wp-json\/wp\/v2\/types\/product"}],"replies":[{"embeddable":true,"href":"https:\/\/lapistaciclabili.it\/es\/wp-json\/wp\/v2\/comments?post=3739"}],"wp:featuredmedia":[{"embeddable":true,"href":"https:\/\/lapistaciclabili.it\/es\/wp-json\/wp\/v2\/media\/3769"}],"wp:attachment":[{"href":"https:\/\/lapistaciclabili.it\/es\/wp-json\/wp\/v2\/media?parent=3739"}],"wp:term":[{"taxonomy":"product_cat","embeddable":true,"href":"https:\/\/lapistaciclabili.it\/es\/wp-json\/wp\/v2\/product_cat?post=3739"},{"taxonomy":"product_tag","embeddable":true,"href":"https:\/\/lapistaciclabili.it\/es\/wp-json\/wp\/v2\/product_tag?post=3739"}],"curies":[{"name":"wp","href":"https:\/\/api.w.org\/{rel}","templated":true}]}}