{"id":3738,"date":"2024-06-17T20:58:19","date_gmt":"2024-06-17T20:58:19","guid":{"rendered":"https:\/\/lapistaciclabili.it\/?post_type=product&#038;p=3738"},"modified":"2024-08-20T14:11:36","modified_gmt":"2024-08-20T14:11:36","slug":"hito-80-defender","status":"publish","type":"product","link":"https:\/\/lapistaciclabili.it\/es\/producto\/hito-80-defender\/","title":{"rendered":"Hito 80 Defender"},"content":{"rendered":"<p style=\"font-weight: 400;\">Proteja a ciclistas y peatones con el Hito 80 Defender, un se\u00f1alamiento vial preventivo de alta visibilidad y rendimiento.<\/p>\n<p style=\"font-weight: 400;\">Es la soluci\u00f3n ideal para delimitar carriles, <a href=\"https:\/\/multisenal.com.mx\/blog\/que-hacer-si-un-auto-o-moto-invadiendo-ciclovia\/\">ciclov\u00edas<\/a>,\u00a0zonas peatonales y otras \u00e1reas donde se requiere una se\u00f1alizaci\u00f3n clara y efectiva.\u00a0Fabricado en Poliflexy\u00ae,\u00a0un material maleable y resistente a los impactos,\u00a0soporta las condiciones m\u00e1s exigentes sin comprometer la seguridad.<\/p>\n<p style=\"font-weight: 400;\"><strong>Caracter\u00edsticas destacadas:<\/strong><\/p>\n<p style=\"font-weight: 400;\">Visibilidad superior:\u00a0Su altura a nivel de la vista del conductor garantiza una excelente visibilidad,\u00a0incluso en condiciones de poca luz o niebla.<\/p>\n<p style=\"font-weight: 400;\">Dise\u00f1o flexible:\u00a0El Hito 80 Defender se flexiona ante el impacto de un veh\u00edculo,\u00a0minimizando da\u00f1os y evitando lesiones.<\/p>\n<p style=\"font-weight: 400;\">Reflejantes prism\u00e1ticos: Tres anillos de reflejante prism\u00e1tico con filete negro que aumentan la visibilidad del hito durante la noche. Visible en todo momento del d\u00eda.<\/p>\n<p style=\"font-weight: 400;\">Opciones de color: Disponible en naranja, azul, verde, amarillo o blanco (<a href=\"https:\/\/lapistaciclabili.it\/producto\/hito-solar-hito-defender-80\/\">para su modelo solar<\/a>), el Hito se adapta a cualquier entorno.<\/p>\n<p style=\"font-weight: 400;\"><strong>Aplicaciones:<\/strong><\/p>\n<ul>\n<li style=\"font-weight: 400;\">Ciclov\u00edas<\/li>\n<li style=\"font-weight: 400;\">Carriles exclusivos para peatones<\/li>\n<li style=\"font-weight: 400;\">Entradas y salidas de estacionamientos<\/li>\n<li style=\"font-weight: 400;\">Delimitaci\u00f3n de zonas peligrosas como puentes,\u00a0t\u00faneles,\u00a0pendientes o curvas<\/li>\n<li style=\"font-weight: 400;\">Confinamiento de carriles<\/li>\n<\/ul>\n<p style=\"font-weight: 400;\"><strong>Beneficios:<\/strong><\/p>\n<p style=\"font-weight: 400;\">Mejora la seguridad vial: El Hito 80 Defender ayuda a prevenir accidentes al alertar a los conductores y peatones de \u00e1reas restringidas o exclusivas, como lo son las ciclopistas.<\/p>\n<p style=\"font-weight: 400;\">Reduce costos de mantenimiento: Su construcci\u00f3n duradera y resistente a los impactos minimiza la necesidad de reparaciones o reemplazos.<\/p>\n<p style=\"font-weight: 400;\">F\u00e1cil instalaci\u00f3n: El Hito 80 Defender se instala r\u00e1pida y f\u00e1cilmente sin necesidad de herramientas especiales. Col\u00f3calo en las ciclov\u00edas o carriles ciclistas exclusivos de forma f\u00e1cil y r\u00e1pida.<\/p>\n<p style=\"font-weight: 400;\"><strong>\ud83d\udeb4\u200d\u2640\ufe0fMEDIDAS Y COLORES\ud83d\udeb4\u200d\u2640\ufe0f<\/strong><\/p>\n<p>Base: 20.0 cm<br \/>\nAlto: 80.0 cm<\/p>\n<p>Color: Amarillo, Naranja, Verde y Azul.<br \/>\nReflejante: Blanco y \u00c1mbar<\/p>\n<p>Revisa nuestro <a href=\"https:\/\/lapistaciclabili.it\/productos-ciclovias\/\">cat\u00e1logo completo<\/a> y descubre todos los dispositivos viales que tenemos disponibles para ti. Crea caminos ciclistas m\u00e1s seguros con la implementaci\u00f3n de estas herramientas.<\/p>\n","protected":false},"excerpt":{"rendered":"<p><strong>Nombre del producto: Hito Defender 80<\/strong><\/p>\n<p><strong>C\u00f3digo: IT-80<\/strong><\/p>\n<table>\n<tbody>\n<tr>\n<td style=\"text-align: center;\"><strong>ESPA\u00d1OL<\/strong><\/td>\n<td style=\"text-align: center;\"><strong>INGL\u00c9S<\/strong><\/td>\n<td style=\"text-align: center;\"><strong>MODELO 3D<\/strong><\/td>\n<\/tr>\n<tr>\n<td><a href=\"https:\/\/multisenal.com.mx\/FichasTecnicas\/Hito-80-ES.pdf\"><img decoding=\"async\" class=\"wp-image-5524 aligncenter\" src=\"https:\/\/lapistaciclabili.it\/wp-content\/uploads\/2024\/06\/img-pdf-ciclopistas.webp\" alt=\"\" width=\"49\" height=\"49\" \/><\/a><\/td>\n<td><a href=\"https:\/\/multisenal.com.mx\/FichasTecnicas\/Bollard-HIT-80-EN.pdf\"><img decoding=\"async\" class=\"wp-image-5524 aligncenter\" src=\"https:\/\/lapistaciclabili.it\/wp-content\/uploads\/2024\/06\/img-pdf-ciclopistas.webp\" alt=\"\" width=\"49\" height=\"49\" \/><\/a><\/td>\n<td><a href=\"https:\/\/lapistaciclabili.it\/renders\/hito-defender-80-modelo-360\/\"><img decoding=\"async\" class=\"wp-image-5524 aligncenter\" src=\"https:\/\/lapistaciclabili.it\/wp-content\/uploads\/2024\/06\/img-modelo3D.webp\" alt=\"\" width=\"49\" height=\"49\" \/><\/a><\/td>\n<\/tr>\n<\/tbody>\n<\/table>\n","protected":false},"featured_media":3768,"comment_status":"open","ping_status":"closed","template":"","meta":[],"product_cat":[20,40],"product_tag":[],"class_list":{"0":"post-3738","1":"product","2":"type-product","3":"status-publish","4":"has-post-thumbnail","6":"product_cat-balizamiento","7":"product_cat-hitos-viales","9":"first","10":"instock","11":"shipping-taxable","12":"product-type-simple"},"yoast_head":"<!-- This site is optimized with the Yoast SEO Premium plugin v22.3 (Yoast SEO v23.0) - https:\/\/yoast.com\/wordpress\/plugins\/seo\/ -->\n<title>Hito 80 Defender - lapistaciclabili.it<\/title>\n<meta name=\"description\" content=\"El Hito 80 Defender es ideal para proteger y delimitar zonas exclusivas, tales como ciclov\u00edas. Cuenta con propiedades flexibles y lum\u00ednicas\" \/>\n<meta name=\"robots\" content=\"index, follow, max-snippet:-1, max-image-preview:large, max-video-preview:-1\" \/>\n<link rel=\"canonical\" href=\"https:\/\/lapistaciclabili.it\/es\/producto\/hito-80-defender\/\" \/>\n<meta property=\"og:locale\" content=\"es_ES\" \/>\n<meta property=\"og:type\" content=\"article\" \/>\n<meta property=\"og:title\" content=\"Hito 80 Defender\" \/>\n<meta property=\"og:description\" content=\"El Hito 80 Defender es ideal para proteger y delimitar zonas exclusivas, tales como ciclov\u00edas. Cuenta con propiedades flexibles y lum\u00ednicas\" \/>\n<meta property=\"og:url\" content=\"https:\/\/lapistaciclabili.it\/producto\/hito-80-defender\/\" \/>\n<meta property=\"og:site_name\" content=\"lapistaciclabili.it\" \/>\n<meta property=\"article:publisher\" content=\"https:\/\/www.facebook.com\/multisenal\/\" \/>\n<meta property=\"article:modified_time\" content=\"2024-08-20T14:11:36+00:00\" \/>\n<meta property=\"og:image\" content=\"https:\/\/lapistaciclabili.it\/wp-content\/uploads\/2024\/06\/Producto-Ciclopistas-18.webp\" \/>\n\t<meta property=\"og:image:width\" content=\"1200\" \/>\n\t<meta property=\"og:image:height\" content=\"1200\" \/>\n\t<meta property=\"og:image:type\" content=\"image\/webp\" \/>\n<meta name=\"twitter:card\" content=\"summary_large_image\" \/>\n<meta name=\"twitter:site\" content=\"@multisenal\" \/>\n<meta name=\"twitter:label1\" content=\"Tiempo de lectura\" \/>\n\t<meta name=\"twitter:data1\" content=\"2 minutos\" \/>\n<script type=\"application\/ld+json\" class=\"yoast-schema-graph\">{\"@context\":\"https:\/\/schema.org\",\"@graph\":[{\"@type\":\"WebPage\",\"@id\":\"https:\/\/lapistaciclabili.it\/producto\/hito-80-defender\/\",\"url\":\"https:\/\/lapistaciclabili.it\/producto\/hito-80-defender\/\",\"name\":\"Hito 80 Defender - lapistaciclabili.it\",\"isPartOf\":{\"@id\":\"https:\/\/lapistaciclabili.it\/#website\"},\"primaryImageOfPage\":{\"@id\":\"https:\/\/lapistaciclabili.it\/producto\/hito-80-defender\/#primaryimage\"},\"image\":{\"@id\":\"https:\/\/lapistaciclabili.it\/producto\/hito-80-defender\/#primaryimage\"},\"thumbnailUrl\":\"https:\/\/lapistaciclabili.it\/wp-content\/uploads\/2024\/06\/Producto-Ciclopistas-18.webp\",\"datePublished\":\"2024-06-17T20:58:19+00:00\",\"dateModified\":\"2024-08-20T14:11:36+00:00\",\"description\":\"El Hito 80 Defender es ideal para proteger y delimitar zonas exclusivas, tales como ciclov\u00edas. Cuenta con propiedades flexibles y lum\u00ednicas\",\"breadcrumb\":{\"@id\":\"https:\/\/lapistaciclabili.it\/producto\/hito-80-defender\/#breadcrumb\"},\"inLanguage\":\"es\",\"potentialAction\":[{\"@type\":\"ReadAction\",\"target\":[\"https:\/\/lapistaciclabili.it\/producto\/hito-80-defender\/\"]}]},{\"@type\":\"ImageObject\",\"inLanguage\":\"es\",\"@id\":\"https:\/\/lapistaciclabili.it\/producto\/hito-80-defender\/#primaryimage\",\"url\":\"https:\/\/lapistaciclabili.it\/wp-content\/uploads\/2024\/06\/Producto-Ciclopistas-18.webp\",\"contentUrl\":\"https:\/\/lapistaciclabili.it\/wp-content\/uploads\/2024\/06\/Producto-Ciclopistas-18.webp\",\"width\":1200,\"height\":1200,\"caption\":\"El Hito 80 Defender es ideal para proteger y delimitar zonas exclusivas, tales como ciclov\u00edas. Cuenta con propiedades flexibles y lum\u00ednicas\"},{\"@type\":\"BreadcrumbList\",\"@id\":\"https:\/\/lapistaciclabili.it\/producto\/hito-80-defender\/#breadcrumb\",\"itemListElement\":[{\"@type\":\"ListItem\",\"position\":1,\"name\":\"Inicio\",\"item\":\"https:\/\/lapistaciclabili.it\/\"},{\"@type\":\"ListItem\",\"position\":2,\"name\":\"Tienda\",\"item\":\"https:\/\/lapistaciclabili.it\/tienda\/\"},{\"@type\":\"ListItem\",\"position\":3,\"name\":\"Hito 80 Defender\"}]},{\"@type\":\"WebSite\",\"@id\":\"https:\/\/lapistaciclabili.it\/#website\",\"url\":\"https:\/\/lapistaciclabili.it\/\",\"name\":\"lapistaciclabili.it\",\"description\":\"\",\"publisher\":{\"@id\":\"https:\/\/lapistaciclabili.it\/#organization\"},\"potentialAction\":[{\"@type\":\"SearchAction\",\"target\":{\"@type\":\"EntryPoint\",\"urlTemplate\":\"https:\/\/lapistaciclabili.it\/?s={search_term_string}\"},\"query-input\":\"required name=search_term_string\"}],\"inLanguage\":\"es\"},{\"@type\":\"Organization\",\"@id\":\"https:\/\/lapistaciclabili.it\/#organization\",\"name\":\"lapistaciclabili.it\",\"url\":\"https:\/\/lapistaciclabili.it\/\",\"logo\":{\"@type\":\"ImageObject\",\"inLanguage\":\"es\",\"@id\":\"https:\/\/lapistaciclabili.it\/#\/schema\/logo\/image\/\",\"url\":\"https:\/\/lapistaciclabili.it\/wp-content\/uploads\/2024\/06\/lapistaciclabili.it_-1.png\",\"contentUrl\":\"https:\/\/lapistaciclabili.it\/wp-content\/uploads\/2024\/06\/lapistaciclabili.it_-1.png\",\"width\":768,\"height\":220,\"caption\":\"lapistaciclabili.it\"},\"image\":{\"@id\":\"https:\/\/lapistaciclabili.it\/#\/schema\/logo\/image\/\"},\"sameAs\":[\"https:\/\/www.facebook.com\/multisenal\/\",\"https:\/\/x.com\/multisenal\",\"https:\/\/www.instagram.com\/multisenalmx\/\",\"https:\/\/www.linkedin.com\/company\/multisenalmexico\/\",\"https:\/\/www.youtube.com\/@multisenaloficial\"]}]}<\/script>\n<!-- \/ Yoast SEO Premium plugin. -->","yoast_head_json":{"title":"Hito 80 Defender - lapistaciclabili.it","description":"El Hito 80 Defender es ideal para proteger y delimitar zonas exclusivas, tales como ciclov\u00edas. Cuenta con propiedades flexibles y lum\u00ednicas","robots":{"index":"index","follow":"follow","max-snippet":"max-snippet:-1","max-image-preview":"max-image-preview:large","max-video-preview":"max-video-preview:-1"},"canonical":"https:\/\/lapistaciclabili.it\/es\/producto\/hito-80-defender\/","og_locale":"es_ES","og_type":"article","og_title":"Hito 80 Defender","og_description":"El Hito 80 Defender es ideal para proteger y delimitar zonas exclusivas, tales como ciclov\u00edas. Cuenta con propiedades flexibles y lum\u00ednicas","og_url":"https:\/\/lapistaciclabili.it\/producto\/hito-80-defender\/","og_site_name":"lapistaciclabili.it","article_publisher":"https:\/\/www.facebook.com\/multisenal\/","article_modified_time":"2024-08-20T14:11:36+00:00","og_image":[{"width":1200,"height":1200,"url":"https:\/\/lapistaciclabili.it\/wp-content\/uploads\/2024\/06\/Producto-Ciclopistas-18.webp","type":"image\/webp"}],"twitter_card":"summary_large_image","twitter_site":"@multisenal","twitter_misc":{"Tiempo de lectura":"2 minutos"},"schema":{"@context":"https:\/\/schema.org","@graph":[{"@type":"WebPage","@id":"https:\/\/lapistaciclabili.it\/producto\/hito-80-defender\/","url":"https:\/\/lapistaciclabili.it\/producto\/hito-80-defender\/","name":"Hito 80 Defender - lapistaciclabili.it","isPartOf":{"@id":"https:\/\/lapistaciclabili.it\/#website"},"primaryImageOfPage":{"@id":"https:\/\/lapistaciclabili.it\/producto\/hito-80-defender\/#primaryimage"},"image":{"@id":"https:\/\/lapistaciclabili.it\/producto\/hito-80-defender\/#primaryimage"},"thumbnailUrl":"https:\/\/lapistaciclabili.it\/wp-content\/uploads\/2024\/06\/Producto-Ciclopistas-18.webp","datePublished":"2024-06-17T20:58:19+00:00","dateModified":"2024-08-20T14:11:36+00:00","description":"El Hito 80 Defender es ideal para proteger y delimitar zonas exclusivas, tales como ciclov\u00edas. Cuenta con propiedades flexibles y lum\u00ednicas","breadcrumb":{"@id":"https:\/\/lapistaciclabili.it\/producto\/hito-80-defender\/#breadcrumb"},"inLanguage":"es","potentialAction":[{"@type":"ReadAction","target":["https:\/\/lapistaciclabili.it\/producto\/hito-80-defender\/"]}]},{"@type":"ImageObject","inLanguage":"es","@id":"https:\/\/lapistaciclabili.it\/producto\/hito-80-defender\/#primaryimage","url":"https:\/\/lapistaciclabili.it\/wp-content\/uploads\/2024\/06\/Producto-Ciclopistas-18.webp","contentUrl":"https:\/\/lapistaciclabili.it\/wp-content\/uploads\/2024\/06\/Producto-Ciclopistas-18.webp","width":1200,"height":1200,"caption":"El Hito 80 Defender es ideal para proteger y delimitar zonas exclusivas, tales como ciclov\u00edas. Cuenta con propiedades flexibles y lum\u00ednicas"},{"@type":"BreadcrumbList","@id":"https:\/\/lapistaciclabili.it\/producto\/hito-80-defender\/#breadcrumb","itemListElement":[{"@type":"ListItem","position":1,"name":"Inicio","item":"https:\/\/lapistaciclabili.it\/"},{"@type":"ListItem","position":2,"name":"Tienda","item":"https:\/\/lapistaciclabili.it\/tienda\/"},{"@type":"ListItem","position":3,"name":"Hito 80 Defender"}]},{"@type":"WebSite","@id":"https:\/\/lapistaciclabili.it\/#website","url":"https:\/\/lapistaciclabili.it\/","name":"lapistaciclabili.it","description":"","publisher":{"@id":"https:\/\/lapistaciclabili.it\/#organization"},"potentialAction":[{"@type":"SearchAction","target":{"@type":"EntryPoint","urlTemplate":"https:\/\/lapistaciclabili.it\/?s={search_term_string}"},"query-input":"required name=search_term_string"}],"inLanguage":"es"},{"@type":"Organization","@id":"https:\/\/lapistaciclabili.it\/#organization","name":"lapistaciclabili.it","url":"https:\/\/lapistaciclabili.it\/","logo":{"@type":"ImageObject","inLanguage":"es","@id":"https:\/\/lapistaciclabili.it\/#\/schema\/logo\/image\/","url":"https:\/\/lapistaciclabili.it\/wp-content\/uploads\/2024\/06\/lapistaciclabili.it_-1.png","contentUrl":"https:\/\/lapistaciclabili.it\/wp-content\/uploads\/2024\/06\/lapistaciclabili.it_-1.png","width":768,"height":220,"caption":"lapistaciclabili.it"},"image":{"@id":"https:\/\/lapistaciclabili.it\/#\/schema\/logo\/image\/"},"sameAs":["https:\/\/www.facebook.com\/multisenal\/","https:\/\/x.com\/multisenal","https:\/\/www.instagram.com\/multisenalmx\/","https:\/\/www.linkedin.com\/company\/multisenalmexico\/","https:\/\/www.youtube.com\/@multisenaloficial"]}]}},"_links":{"self":[{"href":"https:\/\/lapistaciclabili.it\/es\/wp-json\/wp\/v2\/product\/3738","targetHints":{"allow":["GET"]}}],"collection":[{"href":"https:\/\/lapistaciclabili.it\/es\/wp-json\/wp\/v2\/product"}],"about":[{"href":"https:\/\/lapistaciclabili.it\/es\/wp-json\/wp\/v2\/types\/product"}],"replies":[{"embeddable":true,"href":"https:\/\/lapistaciclabili.it\/es\/wp-json\/wp\/v2\/comments?post=3738"}],"wp:featuredmedia":[{"embeddable":true,"href":"https:\/\/lapistaciclabili.it\/es\/wp-json\/wp\/v2\/media\/3768"}],"wp:attachment":[{"href":"https:\/\/lapistaciclabili.it\/es\/wp-json\/wp\/v2\/media?parent=3738"}],"wp:term":[{"taxonomy":"product_cat","embeddable":true,"href":"https:\/\/lapistaciclabili.it\/es\/wp-json\/wp\/v2\/product_cat?post=3738"},{"taxonomy":"product_tag","embeddable":true,"href":"https:\/\/lapistaciclabili.it\/es\/wp-json\/wp\/v2\/product_tag?post=3738"}],"curies":[{"name":"wp","href":"https:\/\/api.w.org\/{rel}","templated":true}]}}