{"id":3687,"date":"2024-06-10T19:08:30","date_gmt":"2024-06-10T19:08:30","guid":{"rendered":"https:\/\/lapistaciclabili.it\/index.php\/carrito\/"},"modified":"2024-06-10T19:08:30","modified_gmt":"2024-06-10T19:08:30","slug":"carrito","status":"publish","type":"page","link":"https:\/\/lapistaciclabili.it\/es\/carrito\/","title":{"rendered":"Carrito"},"content":{"rendered":"<div data-block-name=\"woocommerce\/cart\" class=\"wp-block-woocommerce-cart alignwide is-loading\"><div data-block-name=\"woocommerce\/filled-cart-block\" class=\"wp-block-woocommerce-filled-cart-block\"><div data-block-name=\"woocommerce\/cart-items-block\" class=\"wp-block-woocommerce-cart-items-block\"><div data-block-name=\"woocommerce\/cart-line-items-block\" class=\"wp-block-woocommerce-cart-line-items-block\"><\/div>\n\n<div data-block-name=\"woocommerce\/cart-cross-sells-block\" class=\"wp-block-woocommerce-cart-cross-sells-block\">\n<h2 class=\"wp-block-heading has-large-font-size\">Puede que te interese\u2026<\/h2>\n\n\n<div data-block-name=\"woocommerce\/cart-cross-sells-products-block\" class=\"wp-block-woocommerce-cart-cross-sells-products-block\"><\/div><\/div><\/div>\n\n<div data-block-name=\"woocommerce\/cart-totals-block\" class=\"wp-block-woocommerce-cart-totals-block\"><div data-block-name=\"woocommerce\/cart-order-summary-block\" class=\"wp-block-woocommerce-cart-order-summary-block\"><div data-block-name=\"woocommerce\/cart-order-summary-heading-block\" class=\"wp-block-woocommerce-cart-order-summary-heading-block\"><\/div><div data-block-name=\"woocommerce\/cart-order-summary-coupon-form-block\" class=\"wp-block-woocommerce-cart-order-summary-coupon-form-block\"><\/div><div data-block-name=\"woocommerce\/cart-order-summary-totals-block\" class=\"wp-block-woocommerce-cart-order-summary-totals-block\">\n<div data-block-name=\"woocommerce\/cart-order-summary-subtotal-block\" class=\"wp-block-woocommerce-cart-order-summary-subtotal-block\"><\/div>\n<div data-block-name=\"woocommerce\/cart-order-summary-discount-block\" class=\"wp-block-woocommerce-cart-order-summary-discount-block\"><\/div>\n<div data-block-name=\"woocommerce\/cart-order-summary-fee-block\" class=\"wp-block-woocommerce-cart-order-summary-fee-block\"><\/div>\n<div data-block-name=\"woocommerce\/cart-order-summary-shipping-block\" class=\"wp-block-woocommerce-cart-order-summary-shipping-block\"><\/div>\n<div data-block-name=\"woocommerce\/cart-order-summary-taxes-block\" class=\"wp-block-woocommerce-cart-order-summary-taxes-block\"><\/div><\/div><\/div>\n\n<div data-block-name=\"woocommerce\/cart-express-payment-block\" class=\"wp-block-woocommerce-cart-express-payment-block\"><\/div>\n\n<div data-block-name=\"woocommerce\/proceed-to-checkout-block\" class=\"wp-block-woocommerce-proceed-to-checkout-block\"><\/div>\n\n<div data-block-name=\"woocommerce\/cart-accepted-payment-methods-block\" class=\"wp-block-woocommerce-cart-accepted-payment-methods-block\"><\/div><\/div><\/div>\n\n<div data-block-name=\"woocommerce\/empty-cart-block\" class=\"wp-block-woocommerce-empty-cart-block\">\n<h2 class=\"wp-block-heading has-text-align-center with-empty-cart-icon wc-block-cart__empty-cart__title\">\u00a1Tu carrito actualmente est\u00e1 vac\u00edo!<\/h2>\n\n\n\n<hr class=\"wp-block-separator has-alpha-channel-opacity is-style-dots\"\/>\n\n\n\n<h2 class=\"wp-block-heading has-text-align-center\">Nuevo en la tienda<\/h2>\n\n\n<div data-block-name=\"woocommerce\/product-new\" data-columns=\"4\" data-rows=\"1\" class=\"wc-block-grid wp-block-product-new wc-block-product-new has-4-columns\"><ul class=\"wc-block-grid__products\"><li class=\"wc-block-grid__product\">\n\t\t\t\t<a href=\"https:\/\/lapistaciclabili.it\/es\/producto\/canalizador-kayak-reflejante\/\" class=\"wc-block-grid__product-link\">\n\t\t\t\t\t\n\t\t\t\t\t<div class=\"wc-block-grid__product-image\"><img fetchpriority=\"high\" decoding=\"async\" width=\"300\" height=\"300\" src=\"https:\/\/lapistaciclabili.it\/wp-content\/uploads\/2024\/07\/Kayak-Reflejante-p-300x300.webp\" class=\"attachment-woocommerce_thumbnail size-woocommerce_thumbnail\" alt=\"Canalizador Kayak Reflejante\" srcset=\"https:\/\/lapistaciclabili.it\/wp-content\/uploads\/2024\/07\/Kayak-Reflejante-p-300x300.webp 300w, https:\/\/lapistaciclabili.it\/wp-content\/uploads\/2024\/07\/Kayak-Reflejante-p-1024x1024.webp 1024w, https:\/\/lapistaciclabili.it\/wp-content\/uploads\/2024\/07\/Kayak-Reflejante-p-150x150.webp 150w, https:\/\/lapistaciclabili.it\/wp-content\/uploads\/2024\/07\/Kayak-Reflejante-p-768x768.webp 768w, https:\/\/lapistaciclabili.it\/wp-content\/uploads\/2024\/07\/Kayak-Reflejante-p-600x600.webp 600w, https:\/\/lapistaciclabili.it\/wp-content\/uploads\/2024\/07\/Kayak-Reflejante-p-100x100.webp 100w, https:\/\/lapistaciclabili.it\/wp-content\/uploads\/2024\/07\/Kayak-Reflejante-p.webp 1200w\" sizes=\"(max-width: 300px) 100vw, 300px\" \/><\/div>\n\t\t\t\t\t<div class=\"wc-block-grid__product-title\">Canalizador Kayak Reflejante<\/div>\n\t\t\t\t<\/a>\n\t\t\t\t<div class=\"wc-block-grid__product-price price\"><\/div>\n\t\t\t\t\n\t\t\t\t<div class=\"wp-block-button wc-block-grid__product-add-to-cart\"><a href=\"https:\/\/lapistaciclabili.it\/es\/producto\/canalizador-kayak-reflejante\/\" aria-label=\"Read more about &ldquo;Canalizador Kayak Reflejante&rdquo;\" data-quantity=\"1\" data-product_id=\"7075\" data-product_sku=\"CA-YAK-700R-1\" data-price=\"0\" rel=\"nofollow\" class=\"wp-block-button__link  add_to_cart_button\">Read more<\/a><\/div>\n\t\t\t<\/li><li class=\"wc-block-grid__product\">\n\t\t\t\t<a href=\"https:\/\/lapistaciclabili.it\/es\/producto\/paleta-informativa-con-gancho-para-ciclistas\/\" class=\"wc-block-grid__product-link\">\n\t\t\t\t\t\n\t\t\t\t\t<div class=\"wc-block-grid__product-image\"><img decoding=\"async\" width=\"300\" height=\"300\" src=\"https:\/\/lapistaciclabili.it\/wp-content\/uploads\/2024\/06\/Paleta-Inf-G-300x300.webp\" class=\"attachment-woocommerce_thumbnail size-woocommerce_thumbnail\" alt=\"Paleta informativa con gancho. Ideal para dirigir el camino de ciclistas\" srcset=\"https:\/\/lapistaciclabili.it\/wp-content\/uploads\/2024\/06\/Paleta-Inf-G-300x300.webp 300w, https:\/\/lapistaciclabili.it\/wp-content\/uploads\/2024\/06\/Paleta-Inf-G-1024x1024.webp 1024w, https:\/\/lapistaciclabili.it\/wp-content\/uploads\/2024\/06\/Paleta-Inf-G-150x150.webp 150w, https:\/\/lapistaciclabili.it\/wp-content\/uploads\/2024\/06\/Paleta-Inf-G-768x768.webp 768w, https:\/\/lapistaciclabili.it\/wp-content\/uploads\/2024\/06\/Paleta-Inf-G-600x600.webp 600w, https:\/\/lapistaciclabili.it\/wp-content\/uploads\/2024\/06\/Paleta-Inf-G-100x100.webp 100w, https:\/\/lapistaciclabili.it\/wp-content\/uploads\/2024\/06\/Paleta-Inf-G.webp 1200w\" sizes=\"(max-width: 300px) 100vw, 300px\" \/><\/div>\n\t\t\t\t\t<div class=\"wc-block-grid__product-title\">Paleta Informativa con Gancho<\/div>\n\t\t\t\t<\/a>\n\t\t\t\t<div class=\"wc-block-grid__product-price price\"><\/div>\n\t\t\t\t\n\t\t\t\t<div class=\"wp-block-button wc-block-grid__product-add-to-cart\"><a href=\"https:\/\/lapistaciclabili.it\/es\/producto\/paleta-informativa-con-gancho-para-ciclistas\/\" aria-label=\"Read more about &ldquo;Paleta Informativa con Gancho&rdquo;\" data-quantity=\"1\" data-product_id=\"4557\" data-product_sku=\"PPS-30 G\" data-price=\"0\" rel=\"nofollow\" class=\"wp-block-button__link  add_to_cart_button\">Read more<\/a><\/div>\n\t\t\t<\/li><li class=\"wc-block-grid__product\">\n\t\t\t\t<a href=\"https:\/\/lapistaciclabili.it\/es\/producto\/paleta-informativa-para-ciclistas\/\" class=\"wc-block-grid__product-link\">\n\t\t\t\t\t\n\t\t\t\t\t<div class=\"wc-block-grid__product-image\"><img decoding=\"async\" width=\"300\" height=\"300\" src=\"https:\/\/lapistaciclabili.it\/wp-content\/uploads\/2024\/06\/Paleta-Inf-300x300.webp\" class=\"attachment-woocommerce_thumbnail size-woocommerce_thumbnail\" alt=\"Paleta informativa para cilcistas es ideal para dirigir el flujo vehicular, peatonal y ciclista de forma manual y precisa en cualquier entorno.\" srcset=\"https:\/\/lapistaciclabili.it\/wp-content\/uploads\/2024\/06\/Paleta-Inf-300x300.webp 300w, https:\/\/lapistaciclabili.it\/wp-content\/uploads\/2024\/06\/Paleta-Inf-1024x1024.webp 1024w, https:\/\/lapistaciclabili.it\/wp-content\/uploads\/2024\/06\/Paleta-Inf-150x150.webp 150w, https:\/\/lapistaciclabili.it\/wp-content\/uploads\/2024\/06\/Paleta-Inf-768x768.webp 768w, https:\/\/lapistaciclabili.it\/wp-content\/uploads\/2024\/06\/Paleta-Inf-600x600.webp 600w, https:\/\/lapistaciclabili.it\/wp-content\/uploads\/2024\/06\/Paleta-Inf-100x100.webp 100w, https:\/\/lapistaciclabili.it\/wp-content\/uploads\/2024\/06\/Paleta-Inf.webp 1200w\" sizes=\"(max-width: 300px) 100vw, 300px\" \/><\/div>\n\t\t\t\t\t<div class=\"wc-block-grid__product-title\">Paleta informativa para ciclistas<\/div>\n\t\t\t\t<\/a>\n\t\t\t\t<div class=\"wc-block-grid__product-price price\"><\/div>\n\t\t\t\t\n\t\t\t\t<div class=\"wp-block-button wc-block-grid__product-add-to-cart\"><a href=\"https:\/\/lapistaciclabili.it\/es\/producto\/paleta-informativa-para-ciclistas\/\" aria-label=\"Read more about &ldquo;Paleta informativa para ciclistas&rdquo;\" data-quantity=\"1\" data-product_id=\"4553\" data-product_sku=\"PPS-30-1\" data-price=\"0\" rel=\"nofollow\" class=\"wp-block-button__link  add_to_cart_button\">Read more<\/a><\/div>\n\t\t\t<\/li><li class=\"wc-block-grid__product\">\n\t\t\t\t<a href=\"https:\/\/lapistaciclabili.it\/es\/producto\/poste-abatible-con-base\/\" class=\"wc-block-grid__product-link\">\n\t\t\t\t\t\n\t\t\t\t\t<div class=\"wc-block-grid__product-image\"><img loading=\"lazy\" decoding=\"async\" width=\"300\" height=\"300\" src=\"https:\/\/lapistaciclabili.it\/wp-content\/uploads\/2024\/06\/Poste-125-Base-300x300.webp\" class=\"attachment-woocommerce_thumbnail size-woocommerce_thumbnail\" alt=\"El poste abatible con base ayuda en la se\u00f1alizaci\u00f3n vial para demarcar, delimitar o canalizar de una forma m\u00e1s visible las ciclov\u00edas y bifurcaciones.\" srcset=\"https:\/\/lapistaciclabili.it\/wp-content\/uploads\/2024\/06\/Poste-125-Base-300x300.webp 300w, https:\/\/lapistaciclabili.it\/wp-content\/uploads\/2024\/06\/Poste-125-Base-1024x1024.webp 1024w, https:\/\/lapistaciclabili.it\/wp-content\/uploads\/2024\/06\/Poste-125-Base-150x150.webp 150w, https:\/\/lapistaciclabili.it\/wp-content\/uploads\/2024\/06\/Poste-125-Base-768x768.webp 768w, https:\/\/lapistaciclabili.it\/wp-content\/uploads\/2024\/06\/Poste-125-Base-600x600.webp 600w, https:\/\/lapistaciclabili.it\/wp-content\/uploads\/2024\/06\/Poste-125-Base-100x100.webp 100w, https:\/\/lapistaciclabili.it\/wp-content\/uploads\/2024\/06\/Poste-125-Base.webp 1200w\" sizes=\"(max-width: 300px) 100vw, 300px\" \/><\/div>\n\t\t\t\t\t<div class=\"wc-block-grid__product-title\">Poste Abatible con Base<\/div>\n\t\t\t\t<\/a>\n\t\t\t\t<div class=\"wc-block-grid__product-price price\"><\/div>\n\t\t\t\t\n\t\t\t\t<div class=\"wp-block-button wc-block-grid__product-add-to-cart\"><a href=\"https:\/\/lapistaciclabili.it\/es\/producto\/poste-abatible-con-base\/\" aria-label=\"Read more about &ldquo;Poste Abatible con Base&rdquo;\" data-quantity=\"1\" data-product_id=\"4615\" data-product_sku=\"ECOFLEX-125-B-1\" data-price=\"0\" rel=\"nofollow\" class=\"wp-block-button__link  add_to_cart_button\">Read more<\/a><\/div>\n\t\t\t<\/li><\/ul><\/div><\/div><\/div>","protected":false},"excerpt":{"rendered":"","protected":false},"author":1,"featured_media":0,"parent":0,"menu_order":0,"comment_status":"closed","ping_status":"closed","template":"","meta":{"footnotes":""},"class_list":["post-3687","page","type-page","status-publish","hentry"],"yoast_head":"<!-- This site is optimized with the Yoast SEO Premium plugin v22.3 (Yoast SEO v23.0) - https:\/\/yoast.com\/wordpress\/plugins\/seo\/ -->\n<title>Carrito - lapistaciclabili.it<\/title>\n<meta name=\"robots\" content=\"index, follow, max-snippet:-1, max-image-preview:large, max-video-preview:-1\" \/>\n<link rel=\"canonical\" href=\"https:\/\/lapistaciclabili.it\/es\/carrito\/\" \/>\n<meta property=\"og:locale\" content=\"es_ES\" \/>\n<meta property=\"og:type\" content=\"article\" \/>\n<meta property=\"og:title\" content=\"Carrito\" \/>\n<meta property=\"og:url\" content=\"https:\/\/lapistaciclabili.it\/carrito\/\" \/>\n<meta property=\"og:site_name\" content=\"lapistaciclabili.it\" \/>\n<meta property=\"article:publisher\" content=\"https:\/\/www.facebook.com\/multisenal\/\" \/>\n<meta name=\"twitter:card\" content=\"summary_large_image\" \/>\n<meta name=\"twitter:site\" content=\"@multisenal\" \/>\n<script type=\"application\/ld+json\" class=\"yoast-schema-graph\">{\"@context\":\"https:\/\/schema.org\",\"@graph\":[{\"@type\":\"WebPage\",\"@id\":\"https:\/\/lapistaciclabili.it\/carrito\/\",\"url\":\"https:\/\/lapistaciclabili.it\/carrito\/\",\"name\":\"Carrito - lapistaciclabili.it\",\"isPartOf\":{\"@id\":\"https:\/\/lapistaciclabili.it\/#website\"},\"datePublished\":\"2024-06-10T19:08:30+00:00\",\"dateModified\":\"2024-06-10T19:08:30+00:00\",\"breadcrumb\":{\"@id\":\"https:\/\/lapistaciclabili.it\/carrito\/#breadcrumb\"},\"inLanguage\":\"es\",\"potentialAction\":[{\"@type\":\"ReadAction\",\"target\":[\"https:\/\/lapistaciclabili.it\/carrito\/\"]}]},{\"@type\":\"BreadcrumbList\",\"@id\":\"https:\/\/lapistaciclabili.it\/carrito\/#breadcrumb\",\"itemListElement\":[{\"@type\":\"ListItem\",\"position\":1,\"name\":\"Inicio\",\"item\":\"https:\/\/lapistaciclabili.it\/\"},{\"@type\":\"ListItem\",\"position\":2,\"name\":\"Carrito\"}]},{\"@type\":\"WebSite\",\"@id\":\"https:\/\/lapistaciclabili.it\/#website\",\"url\":\"https:\/\/lapistaciclabili.it\/\",\"name\":\"lapistaciclabili.it\",\"description\":\"\",\"publisher\":{\"@id\":\"https:\/\/lapistaciclabili.it\/#organization\"},\"potentialAction\":[{\"@type\":\"SearchAction\",\"target\":{\"@type\":\"EntryPoint\",\"urlTemplate\":\"https:\/\/lapistaciclabili.it\/?s={search_term_string}\"},\"query-input\":\"required name=search_term_string\"}],\"inLanguage\":\"es\"},{\"@type\":\"Organization\",\"@id\":\"https:\/\/lapistaciclabili.it\/#organization\",\"name\":\"lapistaciclabili.it\",\"url\":\"https:\/\/lapistaciclabili.it\/\",\"logo\":{\"@type\":\"ImageObject\",\"inLanguage\":\"es\",\"@id\":\"https:\/\/lapistaciclabili.it\/#\/schema\/logo\/image\/\",\"url\":\"https:\/\/lapistaciclabili.it\/wp-content\/uploads\/2024\/06\/lapistaciclabili.it_-1.png\",\"contentUrl\":\"https:\/\/lapistaciclabili.it\/wp-content\/uploads\/2024\/06\/lapistaciclabili.it_-1.png\",\"width\":768,\"height\":220,\"caption\":\"lapistaciclabili.it\"},\"image\":{\"@id\":\"https:\/\/lapistaciclabili.it\/#\/schema\/logo\/image\/\"},\"sameAs\":[\"https:\/\/www.facebook.com\/multisenal\/\",\"https:\/\/x.com\/multisenal\",\"https:\/\/www.instagram.com\/multisenalmx\/\",\"https:\/\/www.linkedin.com\/company\/multisenalmexico\/\",\"https:\/\/www.youtube.com\/@multisenaloficial\"]}]}<\/script>\n<!-- \/ Yoast SEO Premium plugin. -->","yoast_head_json":{"title":"Carrito - lapistaciclabili.it","robots":{"index":"index","follow":"follow","max-snippet":"max-snippet:-1","max-image-preview":"max-image-preview:large","max-video-preview":"max-video-preview:-1"},"canonical":"https:\/\/lapistaciclabili.it\/es\/carrito\/","og_locale":"es_ES","og_type":"article","og_title":"Carrito","og_url":"https:\/\/lapistaciclabili.it\/carrito\/","og_site_name":"lapistaciclabili.it","article_publisher":"https:\/\/www.facebook.com\/multisenal\/","twitter_card":"summary_large_image","twitter_site":"@multisenal","schema":{"@context":"https:\/\/schema.org","@graph":[{"@type":"WebPage","@id":"https:\/\/lapistaciclabili.it\/carrito\/","url":"https:\/\/lapistaciclabili.it\/carrito\/","name":"Carrito - lapistaciclabili.it","isPartOf":{"@id":"https:\/\/lapistaciclabili.it\/#website"},"datePublished":"2024-06-10T19:08:30+00:00","dateModified":"2024-06-10T19:08:30+00:00","breadcrumb":{"@id":"https:\/\/lapistaciclabili.it\/carrito\/#breadcrumb"},"inLanguage":"es","potentialAction":[{"@type":"ReadAction","target":["https:\/\/lapistaciclabili.it\/carrito\/"]}]},{"@type":"BreadcrumbList","@id":"https:\/\/lapistaciclabili.it\/carrito\/#breadcrumb","itemListElement":[{"@type":"ListItem","position":1,"name":"Inicio","item":"https:\/\/lapistaciclabili.it\/"},{"@type":"ListItem","position":2,"name":"Carrito"}]},{"@type":"WebSite","@id":"https:\/\/lapistaciclabili.it\/#website","url":"https:\/\/lapistaciclabili.it\/","name":"lapistaciclabili.it","description":"","publisher":{"@id":"https:\/\/lapistaciclabili.it\/#organization"},"potentialAction":[{"@type":"SearchAction","target":{"@type":"EntryPoint","urlTemplate":"https:\/\/lapistaciclabili.it\/?s={search_term_string}"},"query-input":"required name=search_term_string"}],"inLanguage":"es"},{"@type":"Organization","@id":"https:\/\/lapistaciclabili.it\/#organization","name":"lapistaciclabili.it","url":"https:\/\/lapistaciclabili.it\/","logo":{"@type":"ImageObject","inLanguage":"es","@id":"https:\/\/lapistaciclabili.it\/#\/schema\/logo\/image\/","url":"https:\/\/lapistaciclabili.it\/wp-content\/uploads\/2024\/06\/lapistaciclabili.it_-1.png","contentUrl":"https:\/\/lapistaciclabili.it\/wp-content\/uploads\/2024\/06\/lapistaciclabili.it_-1.png","width":768,"height":220,"caption":"lapistaciclabili.it"},"image":{"@id":"https:\/\/lapistaciclabili.it\/#\/schema\/logo\/image\/"},"sameAs":["https:\/\/www.facebook.com\/multisenal\/","https:\/\/x.com\/multisenal","https:\/\/www.instagram.com\/multisenalmx\/","https:\/\/www.linkedin.com\/company\/multisenalmexico\/","https:\/\/www.youtube.com\/@multisenaloficial"]}]}},"_links":{"self":[{"href":"https:\/\/lapistaciclabili.it\/es\/wp-json\/wp\/v2\/pages\/3687","targetHints":{"allow":["GET"]}}],"collection":[{"href":"https:\/\/lapistaciclabili.it\/es\/wp-json\/wp\/v2\/pages"}],"about":[{"href":"https:\/\/lapistaciclabili.it\/es\/wp-json\/wp\/v2\/types\/page"}],"author":[{"embeddable":true,"href":"https:\/\/lapistaciclabili.it\/es\/wp-json\/wp\/v2\/users\/1"}],"replies":[{"embeddable":true,"href":"https:\/\/lapistaciclabili.it\/es\/wp-json\/wp\/v2\/comments?post=3687"}],"version-history":[{"count":0,"href":"https:\/\/lapistaciclabili.it\/es\/wp-json\/wp\/v2\/pages\/3687\/revisions"}],"wp:attachment":[{"href":"https:\/\/lapistaciclabili.it\/es\/wp-json\/wp\/v2\/media?parent=3687"}],"curies":[{"name":"wp","href":"https:\/\/api.w.org\/{rel}","templated":true}]}}